{"id":103355,"date":"2023-02-28T07:11:26","date_gmt":"2023-02-28T06:11:26","guid":{"rendered":"http:\/\/shop.bantam.ch\/produit\/module-solaire-light-flat-sm-lfs-120-w\/"},"modified":"2026-05-01T21:34:56","modified_gmt":"2026-05-01T19:34:56","slug":"module-solaire-light-flat-sm-lfs-120-w","status":"publish","type":"product","link":"https:\/\/shop.bantam.ch\/fr\/produit\/module-solaire-light-flat-sm-lfs-120-w\/","title":{"rendered":"Module solaire B\u00fcttner Light &amp; Flat, SM- LFS, 120 W"},"content":{"rendered":"<p>Le module est extr\u00eamement plat, l\u00e9ger, compact et peut \u00eatre coll\u00e9 directement sur le toit du v\u00e9hicule. Les cellules haute performance sont prot\u00e9g\u00e9es par un film plastique r\u00e9sistant aux intemp\u00e9ries. Le c\u00e2ble de raccordement (5 m) est scell\u00e9 sur le panneau afin d&#8217;emp\u00eacher toute infiltration d&rsquo;humidit\u00e9. Comprend une sortie de toit plate, \u00e9tanche \u00e0 l&rsquo;eau sous pression et qui peut \u00eatre coll\u00e9e, <\/p>\n<ul>\n<li>(L \u00d7 l \u00d7 h mm), avec profil du d\u00e9flecteur : 1.090 x 670 x 19<\/li>\n<li>Mod\u00e8le : SM-LFS 120<\/li>\n<li>Puissance quotidienne : 480 Wh<\/li>\n<li>Puissance nominale : 120 Wp<\/li>\n<\/ul>\n","protected":false},"excerpt":{"rendered":"<p>Le module est extr\u00eamement plat, l\u00e9ger, compact et peut \u00eatre coll\u00e9 directement sur le toit du v\u00e9hicule. Les cellules haute performance sont prot\u00e9g\u00e9es par un film plastique r\u00e9sistant aux intemp\u00e9ries. Le c\u00e2ble de raccordement (5 m) est scell\u00e9 sur le panneau afin d&#8217;emp\u00eacher toute infiltration d&rsquo;humidit\u00e9. Comprend une sortie de toit plate, \u00e9tanche \u00e0 l&rsquo;eau [&hellip;]<\/p>\n","protected":false},"featured_media":103351,"template":"","meta":{"_acf_changed":false},"product_featured_cat":[],"product_brand":[3068],"product_cat":[4883],"product_tag":[],"class_list":{"0":"post-103355","1":"product","2":"type-product","3":"status-publish","4":"has-post-thumbnail","6":"product_brand-buttner-elektronik","7":"product_cat-modules-solaires","9":"first","10":"instock","11":"taxable","12":"shipping-taxable","13":"purchasable","14":"product-type-simple"},"acf":[],"yoast_head":"<!-- This site is optimized with the Yoast SEO plugin v27.5 - https:\/\/yoast.com\/product\/yoast-seo-wordpress\/ -->\n<title>Module solaire B\u00fcttner Light &amp; Flat, SM- LFS, 120 W - Bantam<\/title>\n<meta name=\"robots\" content=\"index, follow, max-snippet:-1, max-image-preview:large, max-video-preview:-1\" \/>\n<link rel=\"canonical\" href=\"https:\/\/shop.bantam.ch\/fr\/produit\/module-solaire-light-flat-sm-lfs-120-w\/\" \/>\n<meta property=\"og:locale\" content=\"fr_FR\" \/>\n<meta property=\"og:type\" content=\"article\" \/>\n<meta property=\"og:title\" content=\"Module solaire B\u00fcttner Light &amp; Flat, SM- LFS, 120 W - Bantam\" \/>\n<meta property=\"og:description\" content=\"Le module est extr\u00eamement plat, l\u00e9ger, compact et peut \u00eatre coll\u00e9 directement sur le toit du v\u00e9hicule. Les cellules haute performance sont prot\u00e9g\u00e9es par un film plastique r\u00e9sistant aux intemp\u00e9ries. Le c\u00e2ble de raccordement (5 m) est scell\u00e9 sur le panneau afin d&#8217;emp\u00eacher toute infiltration d&rsquo;humidit\u00e9. Comprend une sortie de toit plate, \u00e9tanche \u00e0 l&rsquo;eau [&hellip;]\" \/>\n<meta property=\"og:url\" content=\"https:\/\/shop.bantam.ch\/fr\/produit\/module-solaire-light-flat-sm-lfs-120-w\/\" \/>\n<meta property=\"og:site_name\" content=\"Bantam\" \/>\n<meta property=\"article:modified_time\" content=\"2026-05-01T19:34:56+00:00\" \/>\n<meta property=\"og:image\" content=\"https:\/\/shop.bantam.ch\/wp-content\/uploads\/2023\/02\/996063111.jpg\" \/>\n\t<meta property=\"og:image:width\" content=\"1000\" \/>\n\t<meta property=\"og:image:height\" content=\"347\" \/>\n\t<meta property=\"og:image:type\" content=\"image\/jpeg\" \/>\n<meta name=\"twitter:card\" content=\"summary_large_image\" \/>\n<script type=\"application\/ld+json\" class=\"yoast-schema-graph\">{\"@context\":\"https:\\\/\\\/schema.org\",\"@graph\":[{\"@type\":\"WebPage\",\"@id\":\"https:\\\/\\\/shop.bantam.ch\\\/fr\\\/produit\\\/module-solaire-light-flat-sm-lfs-120-w\\\/\",\"url\":\"https:\\\/\\\/shop.bantam.ch\\\/fr\\\/produit\\\/module-solaire-light-flat-sm-lfs-120-w\\\/\",\"name\":\"Module solaire B\u00fcttner Light &amp; Flat, SM- LFS, 120 W - Bantam\",\"isPartOf\":{\"@id\":\"https:\\\/\\\/shop.bantam.ch\\\/fr\\\/#website\"},\"primaryImageOfPage\":{\"@id\":\"https:\\\/\\\/shop.bantam.ch\\\/fr\\\/produit\\\/module-solaire-light-flat-sm-lfs-120-w\\\/#primaryimage\"},\"image\":{\"@id\":\"https:\\\/\\\/shop.bantam.ch\\\/fr\\\/produit\\\/module-solaire-light-flat-sm-lfs-120-w\\\/#primaryimage\"},\"thumbnailUrl\":\"https:\\\/\\\/shop.bantam.ch\\\/wp-content\\\/uploads\\\/2023\\\/02\\\/996063111.jpg\",\"datePublished\":\"2023-02-28T06:11:26+00:00\",\"dateModified\":\"2026-05-01T19:34:56+00:00\",\"breadcrumb\":{\"@id\":\"https:\\\/\\\/shop.bantam.ch\\\/fr\\\/produit\\\/module-solaire-light-flat-sm-lfs-120-w\\\/#breadcrumb\"},\"inLanguage\":\"fr-FR\",\"potentialAction\":[{\"@type\":\"ReadAction\",\"target\":[\"https:\\\/\\\/shop.bantam.ch\\\/fr\\\/produit\\\/module-solaire-light-flat-sm-lfs-120-w\\\/\"]}]},{\"@type\":\"ImageObject\",\"inLanguage\":\"fr-FR\",\"@id\":\"https:\\\/\\\/shop.bantam.ch\\\/fr\\\/produit\\\/module-solaire-light-flat-sm-lfs-120-w\\\/#primaryimage\",\"url\":\"https:\\\/\\\/shop.bantam.ch\\\/wp-content\\\/uploads\\\/2023\\\/02\\\/996063111.jpg\",\"contentUrl\":\"https:\\\/\\\/shop.bantam.ch\\\/wp-content\\\/uploads\\\/2023\\\/02\\\/996063111.jpg\",\"width\":1000,\"height\":347},{\"@type\":\"BreadcrumbList\",\"@id\":\"https:\\\/\\\/shop.bantam.ch\\\/fr\\\/produit\\\/module-solaire-light-flat-sm-lfs-120-w\\\/#breadcrumb\",\"itemListElement\":[{\"@type\":\"ListItem\",\"position\":1,\"name\":\"Accueil\",\"item\":\"https:\\\/\\\/shop.bantam.ch\\\/fr\\\/\"},{\"@type\":\"ListItem\",\"position\":2,\"name\":\"Boutique\",\"item\":\"https:\\\/\\\/shop.bantam.ch\\\/fr\\\/boutique\\\/\"},{\"@type\":\"ListItem\",\"position\":3,\"name\":\"Module solaire B\u00fcttner Light &amp; Flat, SM- LFS, 120 W\"}]},{\"@type\":\"WebSite\",\"@id\":\"https:\\\/\\\/shop.bantam.ch\\\/fr\\\/#website\",\"url\":\"https:\\\/\\\/shop.bantam.ch\\\/fr\\\/\",\"name\":\"Bantam\",\"description\":\"\",\"publisher\":{\"@id\":\"https:\\\/\\\/shop.bantam.ch\\\/fr\\\/#organization\"},\"inLanguage\":\"fr-FR\"},{\"@type\":\"Organization\",\"@id\":\"https:\\\/\\\/shop.bantam.ch\\\/fr\\\/#organization\",\"name\":\"Bantam\",\"url\":\"https:\\\/\\\/shop.bantam.ch\\\/fr\\\/\",\"logo\":{\"@type\":\"ImageObject\",\"inLanguage\":\"fr-FR\",\"@id\":\"https:\\\/\\\/shop.bantam.ch\\\/fr\\\/#\\\/schema\\\/logo\\\/image\\\/\",\"url\":\"https:\\\/\\\/shop.bantam.ch\\\/wp-content\\\/uploads\\\/2022\\\/12\\\/bantam-logo.png\",\"contentUrl\":\"https:\\\/\\\/shop.bantam.ch\\\/wp-content\\\/uploads\\\/2022\\\/12\\\/bantam-logo.png\",\"width\":320,\"height\":71,\"caption\":\"Bantam\"},\"image\":{\"@id\":\"https:\\\/\\\/shop.bantam.ch\\\/fr\\\/#\\\/schema\\\/logo\\\/image\\\/\"}}]}<\/script>\n<!-- \/ Yoast SEO plugin. -->","yoast_head_json":{"title":"Module solaire B\u00fcttner Light &amp; Flat, SM- LFS, 120 W - Bantam","robots":{"index":"index","follow":"follow","max-snippet":"max-snippet:-1","max-image-preview":"max-image-preview:large","max-video-preview":"max-video-preview:-1"},"canonical":"https:\/\/shop.bantam.ch\/fr\/produit\/module-solaire-light-flat-sm-lfs-120-w\/","og_locale":"fr_FR","og_type":"article","og_title":"Module solaire B\u00fcttner Light &amp; Flat, SM- LFS, 120 W - Bantam","og_description":"Le module est extr\u00eamement plat, l\u00e9ger, compact et peut \u00eatre coll\u00e9 directement sur le toit du v\u00e9hicule. Les cellules haute performance sont prot\u00e9g\u00e9es par un film plastique r\u00e9sistant aux intemp\u00e9ries. Le c\u00e2ble de raccordement (5 m) est scell\u00e9 sur le panneau afin d&#8217;emp\u00eacher toute infiltration d&rsquo;humidit\u00e9. Comprend une sortie de toit plate, \u00e9tanche \u00e0 l&rsquo;eau [&hellip;]","og_url":"https:\/\/shop.bantam.ch\/fr\/produit\/module-solaire-light-flat-sm-lfs-120-w\/","og_site_name":"Bantam","article_modified_time":"2026-05-01T19:34:56+00:00","og_image":[{"width":1000,"height":347,"url":"https:\/\/shop.bantam.ch\/wp-content\/uploads\/2023\/02\/996063111.jpg","type":"image\/jpeg"}],"twitter_card":"summary_large_image","schema":{"@context":"https:\/\/schema.org","@graph":[{"@type":"WebPage","@id":"https:\/\/shop.bantam.ch\/fr\/produit\/module-solaire-light-flat-sm-lfs-120-w\/","url":"https:\/\/shop.bantam.ch\/fr\/produit\/module-solaire-light-flat-sm-lfs-120-w\/","name":"Module solaire B\u00fcttner Light &amp; Flat, SM- LFS, 120 W - Bantam","isPartOf":{"@id":"https:\/\/shop.bantam.ch\/fr\/#website"},"primaryImageOfPage":{"@id":"https:\/\/shop.bantam.ch\/fr\/produit\/module-solaire-light-flat-sm-lfs-120-w\/#primaryimage"},"image":{"@id":"https:\/\/shop.bantam.ch\/fr\/produit\/module-solaire-light-flat-sm-lfs-120-w\/#primaryimage"},"thumbnailUrl":"https:\/\/shop.bantam.ch\/wp-content\/uploads\/2023\/02\/996063111.jpg","datePublished":"2023-02-28T06:11:26+00:00","dateModified":"2026-05-01T19:34:56+00:00","breadcrumb":{"@id":"https:\/\/shop.bantam.ch\/fr\/produit\/module-solaire-light-flat-sm-lfs-120-w\/#breadcrumb"},"inLanguage":"fr-FR","potentialAction":[{"@type":"ReadAction","target":["https:\/\/shop.bantam.ch\/fr\/produit\/module-solaire-light-flat-sm-lfs-120-w\/"]}]},{"@type":"ImageObject","inLanguage":"fr-FR","@id":"https:\/\/shop.bantam.ch\/fr\/produit\/module-solaire-light-flat-sm-lfs-120-w\/#primaryimage","url":"https:\/\/shop.bantam.ch\/wp-content\/uploads\/2023\/02\/996063111.jpg","contentUrl":"https:\/\/shop.bantam.ch\/wp-content\/uploads\/2023\/02\/996063111.jpg","width":1000,"height":347},{"@type":"BreadcrumbList","@id":"https:\/\/shop.bantam.ch\/fr\/produit\/module-solaire-light-flat-sm-lfs-120-w\/#breadcrumb","itemListElement":[{"@type":"ListItem","position":1,"name":"Accueil","item":"https:\/\/shop.bantam.ch\/fr\/"},{"@type":"ListItem","position":2,"name":"Boutique","item":"https:\/\/shop.bantam.ch\/fr\/boutique\/"},{"@type":"ListItem","position":3,"name":"Module solaire B\u00fcttner Light &amp; Flat, SM- LFS, 120 W"}]},{"@type":"WebSite","@id":"https:\/\/shop.bantam.ch\/fr\/#website","url":"https:\/\/shop.bantam.ch\/fr\/","name":"Bantam","description":"","publisher":{"@id":"https:\/\/shop.bantam.ch\/fr\/#organization"},"inLanguage":"fr-FR"},{"@type":"Organization","@id":"https:\/\/shop.bantam.ch\/fr\/#organization","name":"Bantam","url":"https:\/\/shop.bantam.ch\/fr\/","logo":{"@type":"ImageObject","inLanguage":"fr-FR","@id":"https:\/\/shop.bantam.ch\/fr\/#\/schema\/logo\/image\/","url":"https:\/\/shop.bantam.ch\/wp-content\/uploads\/2022\/12\/bantam-logo.png","contentUrl":"https:\/\/shop.bantam.ch\/wp-content\/uploads\/2022\/12\/bantam-logo.png","width":320,"height":71,"caption":"Bantam"},"image":{"@id":"https:\/\/shop.bantam.ch\/fr\/#\/schema\/logo\/image\/"}}]}},"_links":{"self":[{"href":"https:\/\/shop.bantam.ch\/fr\/wp-json\/wp\/v2\/product\/103355","targetHints":{"allow":["GET"]}}],"collection":[{"href":"https:\/\/shop.bantam.ch\/fr\/wp-json\/wp\/v2\/product"}],"about":[{"href":"https:\/\/shop.bantam.ch\/fr\/wp-json\/wp\/v2\/types\/product"}],"wp:featuredmedia":[{"embeddable":true,"href":"https:\/\/shop.bantam.ch\/fr\/wp-json\/wp\/v2\/media\/103351"}],"wp:attachment":[{"href":"https:\/\/shop.bantam.ch\/fr\/wp-json\/wp\/v2\/media?parent=103355"}],"wp:term":[{"taxonomy":"product_featured_cat","embeddable":true,"href":"https:\/\/shop.bantam.ch\/fr\/wp-json\/wp\/v2\/product_featured_cat?post=103355"},{"taxonomy":"product_brand","embeddable":true,"href":"https:\/\/shop.bantam.ch\/fr\/wp-json\/wp\/v2\/product_brand?post=103355"},{"taxonomy":"product_cat","embeddable":true,"href":"https:\/\/shop.bantam.ch\/fr\/wp-json\/wp\/v2\/product_cat?post=103355"},{"taxonomy":"product_tag","embeddable":true,"href":"https:\/\/shop.bantam.ch\/fr\/wp-json\/wp\/v2\/product_tag?post=103355"}],"curies":[{"name":"wp","href":"https:\/\/api.w.org\/{rel}","templated":true}]}}