{"id":103247,"date":"2024-01-28T07:09:16","date_gmt":"2024-01-28T06:09:16","guid":{"rendered":"http:\/\/shop.bantam.ch\/produit\/livre-de-cuisine-leckereien-kuchen-torten-delices-gateaux-et-tartes\/"},"modified":"2026-05-10T21:35:52","modified_gmt":"2026-05-10T19:35:52","slug":"livre-de-cuisine-leckereien-kuchen-torten-delices-gateaux-et-tartes","status":"publish","type":"product","link":"https:\/\/shop.bantam.ch\/fr\/produit\/livre-de-cuisine-leckereien-kuchen-torten-delices-gateaux-et-tartes\/","title":{"rendered":"Livre de cuisine Omnia Leckereien Kuchen &amp; Torten _D\u00e9lices &#8211; G\u00e2teaux et tartes_"},"content":{"rendered":"<p>Les g\u00e2teaux font toujours plaisir\u00a0! Que ce soit lorsqu\u2019on les cuisine ou lorsqu\u2019on les d\u00e9guste. 64 pages, avec 25 illustrations en couleur. Recettes adapt\u00e9es au four de camping OMNIA. Enfin, il existe un livre complet sur la p\u00e2tisserie avec plus de 40 d\u00e9licieuses id\u00e9es pour le four de camping OMNIA. Si vous avez envie de g\u00e2teaux et de tartes sur le pouce, vous \u00eates assur\u00e9 de trouver d\u2019excellentes suggestions dans ce livre de p\u00e2tisserie.<\/p>\n","protected":false},"excerpt":{"rendered":"<p>Les g\u00e2teaux font toujours plaisir\u00a0! Que ce soit lorsqu\u2019on les cuisine ou lorsqu\u2019on les d\u00e9guste. 64 pages, avec 25 illustrations en couleur. Recettes adapt\u00e9es au four de camping OMNIA. Enfin, il existe un livre complet sur la p\u00e2tisserie avec plus de 40 d\u00e9licieuses id\u00e9es pour le four de camping OMNIA. Si vous avez envie de [&hellip;]<\/p>\n","protected":false},"featured_media":103245,"template":"","meta":{"_acf_changed":false},"product_featured_cat":[],"product_brand":[3292],"product_cat":[4347],"product_tag":[],"class_list":{"0":"post-103247","1":"product","2":"type-product","3":"status-publish","4":"has-post-thumbnail","6":"product_brand-omnia","7":"product_cat-livres-de-cuisine","9":"first","10":"instock","11":"taxable","12":"shipping-taxable","13":"purchasable","14":"product-type-simple"},"acf":[],"yoast_head":"<!-- This site is optimized with the Yoast SEO plugin v27.5 - https:\/\/yoast.com\/product\/yoast-seo-wordpress\/ -->\n<title>Livre de cuisine Omnia Leckereien Kuchen &amp; Torten _D\u00e9lices - G\u00e2teaux et tartes_ - Bantam<\/title>\n<meta name=\"robots\" content=\"index, follow, max-snippet:-1, max-image-preview:large, max-video-preview:-1\" \/>\n<link rel=\"canonical\" href=\"https:\/\/shop.bantam.ch\/fr\/produit\/livre-de-cuisine-leckereien-kuchen-torten-delices-gateaux-et-tartes\/\" \/>\n<meta property=\"og:locale\" content=\"fr_FR\" \/>\n<meta property=\"og:type\" content=\"article\" \/>\n<meta property=\"og:title\" content=\"Livre de cuisine Omnia Leckereien Kuchen &amp; Torten _D\u00e9lices - G\u00e2teaux et tartes_ - Bantam\" \/>\n<meta property=\"og:description\" content=\"Les g\u00e2teaux font toujours plaisir\u00a0! Que ce soit lorsqu\u2019on les cuisine ou lorsqu\u2019on les d\u00e9guste. 64 pages, avec 25 illustrations en couleur. Recettes adapt\u00e9es au four de camping OMNIA. Enfin, il existe un livre complet sur la p\u00e2tisserie avec plus de 40 d\u00e9licieuses id\u00e9es pour le four de camping OMNIA. Si vous avez envie de [&hellip;]\" \/>\n<meta property=\"og:url\" content=\"https:\/\/shop.bantam.ch\/fr\/produit\/livre-de-cuisine-leckereien-kuchen-torten-delices-gateaux-et-tartes\/\" \/>\n<meta property=\"og:site_name\" content=\"Bantam\" \/>\n<meta property=\"article:modified_time\" content=\"2026-05-10T19:35:52+00:00\" \/>\n<meta property=\"og:image\" content=\"https:\/\/shop.bantam.ch\/wp-content\/uploads\/2023\/02\/995689811-scaled.jpg\" \/>\n\t<meta property=\"og:image:width\" content=\"2505\" \/>\n\t<meta property=\"og:image:height\" content=\"2505\" \/>\n\t<meta property=\"og:image:type\" content=\"image\/jpeg\" \/>\n<meta name=\"twitter:card\" content=\"summary_large_image\" \/>\n<script type=\"application\/ld+json\" class=\"yoast-schema-graph\">{\"@context\":\"https:\\\/\\\/schema.org\",\"@graph\":[{\"@type\":\"WebPage\",\"@id\":\"https:\\\/\\\/shop.bantam.ch\\\/fr\\\/produit\\\/livre-de-cuisine-leckereien-kuchen-torten-delices-gateaux-et-tartes\\\/\",\"url\":\"https:\\\/\\\/shop.bantam.ch\\\/fr\\\/produit\\\/livre-de-cuisine-leckereien-kuchen-torten-delices-gateaux-et-tartes\\\/\",\"name\":\"Livre de cuisine Omnia Leckereien Kuchen &amp; Torten _D\u00e9lices - G\u00e2teaux et tartes_ - Bantam\",\"isPartOf\":{\"@id\":\"https:\\\/\\\/shop.bantam.ch\\\/fr\\\/#website\"},\"primaryImageOfPage\":{\"@id\":\"https:\\\/\\\/shop.bantam.ch\\\/fr\\\/produit\\\/livre-de-cuisine-leckereien-kuchen-torten-delices-gateaux-et-tartes\\\/#primaryimage\"},\"image\":{\"@id\":\"https:\\\/\\\/shop.bantam.ch\\\/fr\\\/produit\\\/livre-de-cuisine-leckereien-kuchen-torten-delices-gateaux-et-tartes\\\/#primaryimage\"},\"thumbnailUrl\":\"https:\\\/\\\/shop.bantam.ch\\\/wp-content\\\/uploads\\\/2023\\\/02\\\/995689811-scaled.jpg\",\"datePublished\":\"2024-01-28T06:09:16+00:00\",\"dateModified\":\"2026-05-10T19:35:52+00:00\",\"breadcrumb\":{\"@id\":\"https:\\\/\\\/shop.bantam.ch\\\/fr\\\/produit\\\/livre-de-cuisine-leckereien-kuchen-torten-delices-gateaux-et-tartes\\\/#breadcrumb\"},\"inLanguage\":\"fr-FR\",\"potentialAction\":[{\"@type\":\"ReadAction\",\"target\":[\"https:\\\/\\\/shop.bantam.ch\\\/fr\\\/produit\\\/livre-de-cuisine-leckereien-kuchen-torten-delices-gateaux-et-tartes\\\/\"]}]},{\"@type\":\"ImageObject\",\"inLanguage\":\"fr-FR\",\"@id\":\"https:\\\/\\\/shop.bantam.ch\\\/fr\\\/produit\\\/livre-de-cuisine-leckereien-kuchen-torten-delices-gateaux-et-tartes\\\/#primaryimage\",\"url\":\"https:\\\/\\\/shop.bantam.ch\\\/wp-content\\\/uploads\\\/2023\\\/02\\\/995689811-scaled.jpg\",\"contentUrl\":\"https:\\\/\\\/shop.bantam.ch\\\/wp-content\\\/uploads\\\/2023\\\/02\\\/995689811-scaled.jpg\",\"width\":2048,\"height\":2048},{\"@type\":\"BreadcrumbList\",\"@id\":\"https:\\\/\\\/shop.bantam.ch\\\/fr\\\/produit\\\/livre-de-cuisine-leckereien-kuchen-torten-delices-gateaux-et-tartes\\\/#breadcrumb\",\"itemListElement\":[{\"@type\":\"ListItem\",\"position\":1,\"name\":\"Accueil\",\"item\":\"https:\\\/\\\/shop.bantam.ch\\\/fr\\\/\"},{\"@type\":\"ListItem\",\"position\":2,\"name\":\"Boutique\",\"item\":\"https:\\\/\\\/shop.bantam.ch\\\/fr\\\/boutique\\\/\"},{\"@type\":\"ListItem\",\"position\":3,\"name\":\"Livre de cuisine Omnia Leckereien Kuchen &amp; Torten _D\u00e9lices &#8211; G\u00e2teaux et tartes_\"}]},{\"@type\":\"WebSite\",\"@id\":\"https:\\\/\\\/shop.bantam.ch\\\/fr\\\/#website\",\"url\":\"https:\\\/\\\/shop.bantam.ch\\\/fr\\\/\",\"name\":\"Bantam\",\"description\":\"\",\"publisher\":{\"@id\":\"https:\\\/\\\/shop.bantam.ch\\\/fr\\\/#organization\"},\"inLanguage\":\"fr-FR\"},{\"@type\":\"Organization\",\"@id\":\"https:\\\/\\\/shop.bantam.ch\\\/fr\\\/#organization\",\"name\":\"Bantam\",\"url\":\"https:\\\/\\\/shop.bantam.ch\\\/fr\\\/\",\"logo\":{\"@type\":\"ImageObject\",\"inLanguage\":\"fr-FR\",\"@id\":\"https:\\\/\\\/shop.bantam.ch\\\/fr\\\/#\\\/schema\\\/logo\\\/image\\\/\",\"url\":\"https:\\\/\\\/shop.bantam.ch\\\/wp-content\\\/uploads\\\/2022\\\/12\\\/bantam-logo.png\",\"contentUrl\":\"https:\\\/\\\/shop.bantam.ch\\\/wp-content\\\/uploads\\\/2022\\\/12\\\/bantam-logo.png\",\"width\":320,\"height\":71,\"caption\":\"Bantam\"},\"image\":{\"@id\":\"https:\\\/\\\/shop.bantam.ch\\\/fr\\\/#\\\/schema\\\/logo\\\/image\\\/\"}}]}<\/script>\n<!-- \/ Yoast SEO plugin. -->","yoast_head_json":{"title":"Livre de cuisine Omnia Leckereien Kuchen &amp; Torten _D\u00e9lices - G\u00e2teaux et tartes_ - Bantam","robots":{"index":"index","follow":"follow","max-snippet":"max-snippet:-1","max-image-preview":"max-image-preview:large","max-video-preview":"max-video-preview:-1"},"canonical":"https:\/\/shop.bantam.ch\/fr\/produit\/livre-de-cuisine-leckereien-kuchen-torten-delices-gateaux-et-tartes\/","og_locale":"fr_FR","og_type":"article","og_title":"Livre de cuisine Omnia Leckereien Kuchen &amp; Torten _D\u00e9lices - G\u00e2teaux et tartes_ - Bantam","og_description":"Les g\u00e2teaux font toujours plaisir\u00a0! Que ce soit lorsqu\u2019on les cuisine ou lorsqu\u2019on les d\u00e9guste. 64 pages, avec 25 illustrations en couleur. Recettes adapt\u00e9es au four de camping OMNIA. Enfin, il existe un livre complet sur la p\u00e2tisserie avec plus de 40 d\u00e9licieuses id\u00e9es pour le four de camping OMNIA. Si vous avez envie de [&hellip;]","og_url":"https:\/\/shop.bantam.ch\/fr\/produit\/livre-de-cuisine-leckereien-kuchen-torten-delices-gateaux-et-tartes\/","og_site_name":"Bantam","article_modified_time":"2026-05-10T19:35:52+00:00","og_image":[{"width":2505,"height":2505,"url":"https:\/\/shop.bantam.ch\/wp-content\/uploads\/2023\/02\/995689811-scaled.jpg","type":"image\/jpeg"}],"twitter_card":"summary_large_image","schema":{"@context":"https:\/\/schema.org","@graph":[{"@type":"WebPage","@id":"https:\/\/shop.bantam.ch\/fr\/produit\/livre-de-cuisine-leckereien-kuchen-torten-delices-gateaux-et-tartes\/","url":"https:\/\/shop.bantam.ch\/fr\/produit\/livre-de-cuisine-leckereien-kuchen-torten-delices-gateaux-et-tartes\/","name":"Livre de cuisine Omnia Leckereien Kuchen &amp; Torten _D\u00e9lices - G\u00e2teaux et tartes_ - Bantam","isPartOf":{"@id":"https:\/\/shop.bantam.ch\/fr\/#website"},"primaryImageOfPage":{"@id":"https:\/\/shop.bantam.ch\/fr\/produit\/livre-de-cuisine-leckereien-kuchen-torten-delices-gateaux-et-tartes\/#primaryimage"},"image":{"@id":"https:\/\/shop.bantam.ch\/fr\/produit\/livre-de-cuisine-leckereien-kuchen-torten-delices-gateaux-et-tartes\/#primaryimage"},"thumbnailUrl":"https:\/\/shop.bantam.ch\/wp-content\/uploads\/2023\/02\/995689811-scaled.jpg","datePublished":"2024-01-28T06:09:16+00:00","dateModified":"2026-05-10T19:35:52+00:00","breadcrumb":{"@id":"https:\/\/shop.bantam.ch\/fr\/produit\/livre-de-cuisine-leckereien-kuchen-torten-delices-gateaux-et-tartes\/#breadcrumb"},"inLanguage":"fr-FR","potentialAction":[{"@type":"ReadAction","target":["https:\/\/shop.bantam.ch\/fr\/produit\/livre-de-cuisine-leckereien-kuchen-torten-delices-gateaux-et-tartes\/"]}]},{"@type":"ImageObject","inLanguage":"fr-FR","@id":"https:\/\/shop.bantam.ch\/fr\/produit\/livre-de-cuisine-leckereien-kuchen-torten-delices-gateaux-et-tartes\/#primaryimage","url":"https:\/\/shop.bantam.ch\/wp-content\/uploads\/2023\/02\/995689811-scaled.jpg","contentUrl":"https:\/\/shop.bantam.ch\/wp-content\/uploads\/2023\/02\/995689811-scaled.jpg","width":2048,"height":2048},{"@type":"BreadcrumbList","@id":"https:\/\/shop.bantam.ch\/fr\/produit\/livre-de-cuisine-leckereien-kuchen-torten-delices-gateaux-et-tartes\/#breadcrumb","itemListElement":[{"@type":"ListItem","position":1,"name":"Accueil","item":"https:\/\/shop.bantam.ch\/fr\/"},{"@type":"ListItem","position":2,"name":"Boutique","item":"https:\/\/shop.bantam.ch\/fr\/boutique\/"},{"@type":"ListItem","position":3,"name":"Livre de cuisine Omnia Leckereien Kuchen &amp; Torten _D\u00e9lices &#8211; G\u00e2teaux et tartes_"}]},{"@type":"WebSite","@id":"https:\/\/shop.bantam.ch\/fr\/#website","url":"https:\/\/shop.bantam.ch\/fr\/","name":"Bantam","description":"","publisher":{"@id":"https:\/\/shop.bantam.ch\/fr\/#organization"},"inLanguage":"fr-FR"},{"@type":"Organization","@id":"https:\/\/shop.bantam.ch\/fr\/#organization","name":"Bantam","url":"https:\/\/shop.bantam.ch\/fr\/","logo":{"@type":"ImageObject","inLanguage":"fr-FR","@id":"https:\/\/shop.bantam.ch\/fr\/#\/schema\/logo\/image\/","url":"https:\/\/shop.bantam.ch\/wp-content\/uploads\/2022\/12\/bantam-logo.png","contentUrl":"https:\/\/shop.bantam.ch\/wp-content\/uploads\/2022\/12\/bantam-logo.png","width":320,"height":71,"caption":"Bantam"},"image":{"@id":"https:\/\/shop.bantam.ch\/fr\/#\/schema\/logo\/image\/"}}]}},"_links":{"self":[{"href":"https:\/\/shop.bantam.ch\/fr\/wp-json\/wp\/v2\/product\/103247","targetHints":{"allow":["GET"]}}],"collection":[{"href":"https:\/\/shop.bantam.ch\/fr\/wp-json\/wp\/v2\/product"}],"about":[{"href":"https:\/\/shop.bantam.ch\/fr\/wp-json\/wp\/v2\/types\/product"}],"wp:featuredmedia":[{"embeddable":true,"href":"https:\/\/shop.bantam.ch\/fr\/wp-json\/wp\/v2\/media\/103245"}],"wp:attachment":[{"href":"https:\/\/shop.bantam.ch\/fr\/wp-json\/wp\/v2\/media?parent=103247"}],"wp:term":[{"taxonomy":"product_featured_cat","embeddable":true,"href":"https:\/\/shop.bantam.ch\/fr\/wp-json\/wp\/v2\/product_featured_cat?post=103247"},{"taxonomy":"product_brand","embeddable":true,"href":"https:\/\/shop.bantam.ch\/fr\/wp-json\/wp\/v2\/product_brand?post=103247"},{"taxonomy":"product_cat","embeddable":true,"href":"https:\/\/shop.bantam.ch\/fr\/wp-json\/wp\/v2\/product_cat?post=103247"},{"taxonomy":"product_tag","embeddable":true,"href":"https:\/\/shop.bantam.ch\/fr\/wp-json\/wp\/v2\/product_tag?post=103247"}],"curies":[{"name":"wp","href":"https:\/\/api.w.org\/{rel}","templated":true}]}}