{"id":103239,"date":"2023-02-28T07:09:04","date_gmt":"2023-02-28T06:09:04","guid":{"rendered":"http:\/\/shop.bantam.ch\/produit\/distributeur-de-courant-mt-pro-6\/"},"modified":"2026-04-18T21:36:15","modified_gmt":"2026-04-18T19:36:15","slug":"distributeur-de-courant-mt-pro-6","status":"publish","type":"product","link":"https:\/\/shop.bantam.ch\/fr\/produit\/distributeur-de-courant-mt-pro-6\/","title":{"rendered":"Distributeur de courant BUETTNER ELEKTRONIK MT Pro &#8211; 6"},"content":{"rendered":"<p>Distributeur de courant compact Plus avec 6 sorties Plus (M4). L\u2019alimentation en courant se fait par une entr\u00e9e centrale (M5). Les fusibles d\u00e9fectueux sont indiqu\u00e9s par des LED. Les sorties supportent jusqu\u2019\u00e0 30\u00a0A. La charge totale maximale est de 100\u00a0A. Fourni sans fusibles (type\u00a0: FS). Tension de service\u00a0: 12 V \/ 24 V.<\/p>\n","protected":false},"excerpt":{"rendered":"<p>Distributeur de courant compact Plus avec 6 sorties Plus (M4). L\u2019alimentation en courant se fait par une entr\u00e9e centrale (M5). Les fusibles d\u00e9fectueux sont indiqu\u00e9s par des LED. Les sorties supportent jusqu\u2019\u00e0 30\u00a0A. La charge totale maximale est de 100\u00a0A. Fourni sans fusibles (type\u00a0: FS). Tension de service\u00a0: 12 V \/ 24 V.<\/p>\n","protected":false},"featured_media":103237,"template":"","meta":{"_acf_changed":false},"product_featured_cat":[],"product_brand":[3068],"product_cat":[4843],"product_tag":[],"class_list":{"0":"post-103239","1":"product","2":"type-product","3":"status-publish","4":"has-post-thumbnail","6":"product_brand-buttner-elektronik","7":"product_cat-distributeurs","9":"first","10":"instock","11":"taxable","12":"shipping-taxable","13":"purchasable","14":"product-type-simple"},"acf":[],"yoast_head":"<!-- This site is optimized with the Yoast SEO plugin v27.4 - https:\/\/yoast.com\/product\/yoast-seo-wordpress\/ -->\n<title>Distributeur de courant BUETTNER ELEKTRONIK MT Pro - 6 - Bantam Wankm\u00fcller SA<\/title>\n<meta name=\"robots\" content=\"index, follow, max-snippet:-1, max-image-preview:large, max-video-preview:-1\" \/>\n<link rel=\"canonical\" href=\"https:\/\/shop.bantam.ch\/fr\/produit\/distributeur-de-courant-mt-pro-6\/\" \/>\n<meta property=\"og:locale\" content=\"fr_FR\" \/>\n<meta property=\"og:type\" content=\"article\" \/>\n<meta property=\"og:title\" content=\"Distributeur de courant BUETTNER ELEKTRONIK MT Pro - 6 - Bantam Wankm\u00fcller SA\" \/>\n<meta property=\"og:description\" content=\"Distributeur de courant compact Plus avec 6 sorties Plus (M4). L\u2019alimentation en courant se fait par une entr\u00e9e centrale (M5). Les fusibles d\u00e9fectueux sont indiqu\u00e9s par des LED. Les sorties supportent jusqu\u2019\u00e0 30\u00a0A. La charge totale maximale est de 100\u00a0A. Fourni sans fusibles (type\u00a0: FS). Tension de service\u00a0: 12 V \/ 24 V.\" \/>\n<meta property=\"og:url\" content=\"https:\/\/shop.bantam.ch\/fr\/produit\/distributeur-de-courant-mt-pro-6\/\" \/>\n<meta property=\"og:site_name\" content=\"Bantam Wankm\u00fcller SA\" \/>\n<meta property=\"article:modified_time\" content=\"2026-04-18T19:36:15+00:00\" \/>\n<meta property=\"og:image\" content=\"https:\/\/shop.bantam.ch\/wp-content\/uploads\/2023\/02\/993271811.jpg\" \/>\n\t<meta property=\"og:image:width\" content=\"1000\" \/>\n\t<meta property=\"og:image:height\" content=\"955\" \/>\n\t<meta property=\"og:image:type\" content=\"image\/jpeg\" \/>\n<meta name=\"twitter:card\" content=\"summary_large_image\" \/>\n<script type=\"application\/ld+json\" class=\"yoast-schema-graph\">{\"@context\":\"https:\\\/\\\/schema.org\",\"@graph\":[{\"@type\":\"WebPage\",\"@id\":\"https:\\\/\\\/shop.bantam.ch\\\/fr\\\/produit\\\/distributeur-de-courant-mt-pro-6\\\/\",\"url\":\"https:\\\/\\\/shop.bantam.ch\\\/fr\\\/produit\\\/distributeur-de-courant-mt-pro-6\\\/\",\"name\":\"Distributeur de courant BUETTNER ELEKTRONIK MT Pro - 6 - Bantam Wankm\u00fcller SA\",\"isPartOf\":{\"@id\":\"https:\\\/\\\/shop.bantam.ch\\\/fr\\\/#website\"},\"primaryImageOfPage\":{\"@id\":\"https:\\\/\\\/shop.bantam.ch\\\/fr\\\/produit\\\/distributeur-de-courant-mt-pro-6\\\/#primaryimage\"},\"image\":{\"@id\":\"https:\\\/\\\/shop.bantam.ch\\\/fr\\\/produit\\\/distributeur-de-courant-mt-pro-6\\\/#primaryimage\"},\"thumbnailUrl\":\"https:\\\/\\\/shop.bantam.ch\\\/wp-content\\\/uploads\\\/2023\\\/02\\\/993271811.jpg\",\"datePublished\":\"2023-02-28T06:09:04+00:00\",\"dateModified\":\"2026-04-18T19:36:15+00:00\",\"breadcrumb\":{\"@id\":\"https:\\\/\\\/shop.bantam.ch\\\/fr\\\/produit\\\/distributeur-de-courant-mt-pro-6\\\/#breadcrumb\"},\"inLanguage\":\"fr-FR\",\"potentialAction\":[{\"@type\":\"ReadAction\",\"target\":[\"https:\\\/\\\/shop.bantam.ch\\\/fr\\\/produit\\\/distributeur-de-courant-mt-pro-6\\\/\"]}]},{\"@type\":\"ImageObject\",\"inLanguage\":\"fr-FR\",\"@id\":\"https:\\\/\\\/shop.bantam.ch\\\/fr\\\/produit\\\/distributeur-de-courant-mt-pro-6\\\/#primaryimage\",\"url\":\"https:\\\/\\\/shop.bantam.ch\\\/wp-content\\\/uploads\\\/2023\\\/02\\\/993271811.jpg\",\"contentUrl\":\"https:\\\/\\\/shop.bantam.ch\\\/wp-content\\\/uploads\\\/2023\\\/02\\\/993271811.jpg\",\"width\":1000,\"height\":955},{\"@type\":\"BreadcrumbList\",\"@id\":\"https:\\\/\\\/shop.bantam.ch\\\/fr\\\/produit\\\/distributeur-de-courant-mt-pro-6\\\/#breadcrumb\",\"itemListElement\":[{\"@type\":\"ListItem\",\"position\":1,\"name\":\"Accueil\",\"item\":\"https:\\\/\\\/shop.bantam.ch\\\/fr\\\/\"},{\"@type\":\"ListItem\",\"position\":2,\"name\":\"Boutique\",\"item\":\"https:\\\/\\\/shop.bantam.ch\\\/fr\\\/boutique\\\/\"},{\"@type\":\"ListItem\",\"position\":3,\"name\":\"Distributeur de courant BUETTNER ELEKTRONIK MT Pro &#8211; 6\"}]},{\"@type\":\"WebSite\",\"@id\":\"https:\\\/\\\/shop.bantam.ch\\\/fr\\\/#website\",\"url\":\"https:\\\/\\\/shop.bantam.ch\\\/fr\\\/\",\"name\":\"Bantam Wankm\u00fcller SA\",\"description\":\"\",\"publisher\":{\"@id\":\"https:\\\/\\\/shop.bantam.ch\\\/fr\\\/#organization\"},\"inLanguage\":\"fr-FR\"},{\"@type\":\"Organization\",\"@id\":\"https:\\\/\\\/shop.bantam.ch\\\/fr\\\/#organization\",\"name\":\"Bantam Wankm\u00fcller SA\",\"url\":\"https:\\\/\\\/shop.bantam.ch\\\/fr\\\/\",\"logo\":{\"@type\":\"ImageObject\",\"inLanguage\":\"fr-FR\",\"@id\":\"https:\\\/\\\/shop.bantam.ch\\\/fr\\\/#\\\/schema\\\/logo\\\/image\\\/\",\"url\":\"https:\\\/\\\/shop.bantam.ch\\\/wp-content\\\/uploads\\\/2022\\\/12\\\/bantam-logo.png\",\"contentUrl\":\"https:\\\/\\\/shop.bantam.ch\\\/wp-content\\\/uploads\\\/2022\\\/12\\\/bantam-logo.png\",\"width\":320,\"height\":71,\"caption\":\"Bantam Wankm\u00fcller SA\"},\"image\":{\"@id\":\"https:\\\/\\\/shop.bantam.ch\\\/fr\\\/#\\\/schema\\\/logo\\\/image\\\/\"}}]}<\/script>\n<!-- \/ Yoast SEO plugin. -->","yoast_head_json":{"title":"Distributeur de courant BUETTNER ELEKTRONIK MT Pro - 6 - Bantam Wankm\u00fcller SA","robots":{"index":"index","follow":"follow","max-snippet":"max-snippet:-1","max-image-preview":"max-image-preview:large","max-video-preview":"max-video-preview:-1"},"canonical":"https:\/\/shop.bantam.ch\/fr\/produit\/distributeur-de-courant-mt-pro-6\/","og_locale":"fr_FR","og_type":"article","og_title":"Distributeur de courant BUETTNER ELEKTRONIK MT Pro - 6 - Bantam Wankm\u00fcller SA","og_description":"Distributeur de courant compact Plus avec 6 sorties Plus (M4). L\u2019alimentation en courant se fait par une entr\u00e9e centrale (M5). Les fusibles d\u00e9fectueux sont indiqu\u00e9s par des LED. Les sorties supportent jusqu\u2019\u00e0 30\u00a0A. La charge totale maximale est de 100\u00a0A. Fourni sans fusibles (type\u00a0: FS). Tension de service\u00a0: 12 V \/ 24 V.","og_url":"https:\/\/shop.bantam.ch\/fr\/produit\/distributeur-de-courant-mt-pro-6\/","og_site_name":"Bantam Wankm\u00fcller SA","article_modified_time":"2026-04-18T19:36:15+00:00","og_image":[{"width":1000,"height":955,"url":"https:\/\/shop.bantam.ch\/wp-content\/uploads\/2023\/02\/993271811.jpg","type":"image\/jpeg"}],"twitter_card":"summary_large_image","schema":{"@context":"https:\/\/schema.org","@graph":[{"@type":"WebPage","@id":"https:\/\/shop.bantam.ch\/fr\/produit\/distributeur-de-courant-mt-pro-6\/","url":"https:\/\/shop.bantam.ch\/fr\/produit\/distributeur-de-courant-mt-pro-6\/","name":"Distributeur de courant BUETTNER ELEKTRONIK MT Pro - 6 - Bantam Wankm\u00fcller SA","isPartOf":{"@id":"https:\/\/shop.bantam.ch\/fr\/#website"},"primaryImageOfPage":{"@id":"https:\/\/shop.bantam.ch\/fr\/produit\/distributeur-de-courant-mt-pro-6\/#primaryimage"},"image":{"@id":"https:\/\/shop.bantam.ch\/fr\/produit\/distributeur-de-courant-mt-pro-6\/#primaryimage"},"thumbnailUrl":"https:\/\/shop.bantam.ch\/wp-content\/uploads\/2023\/02\/993271811.jpg","datePublished":"2023-02-28T06:09:04+00:00","dateModified":"2026-04-18T19:36:15+00:00","breadcrumb":{"@id":"https:\/\/shop.bantam.ch\/fr\/produit\/distributeur-de-courant-mt-pro-6\/#breadcrumb"},"inLanguage":"fr-FR","potentialAction":[{"@type":"ReadAction","target":["https:\/\/shop.bantam.ch\/fr\/produit\/distributeur-de-courant-mt-pro-6\/"]}]},{"@type":"ImageObject","inLanguage":"fr-FR","@id":"https:\/\/shop.bantam.ch\/fr\/produit\/distributeur-de-courant-mt-pro-6\/#primaryimage","url":"https:\/\/shop.bantam.ch\/wp-content\/uploads\/2023\/02\/993271811.jpg","contentUrl":"https:\/\/shop.bantam.ch\/wp-content\/uploads\/2023\/02\/993271811.jpg","width":1000,"height":955},{"@type":"BreadcrumbList","@id":"https:\/\/shop.bantam.ch\/fr\/produit\/distributeur-de-courant-mt-pro-6\/#breadcrumb","itemListElement":[{"@type":"ListItem","position":1,"name":"Accueil","item":"https:\/\/shop.bantam.ch\/fr\/"},{"@type":"ListItem","position":2,"name":"Boutique","item":"https:\/\/shop.bantam.ch\/fr\/boutique\/"},{"@type":"ListItem","position":3,"name":"Distributeur de courant BUETTNER ELEKTRONIK MT Pro &#8211; 6"}]},{"@type":"WebSite","@id":"https:\/\/shop.bantam.ch\/fr\/#website","url":"https:\/\/shop.bantam.ch\/fr\/","name":"Bantam Wankm\u00fcller SA","description":"","publisher":{"@id":"https:\/\/shop.bantam.ch\/fr\/#organization"},"inLanguage":"fr-FR"},{"@type":"Organization","@id":"https:\/\/shop.bantam.ch\/fr\/#organization","name":"Bantam Wankm\u00fcller SA","url":"https:\/\/shop.bantam.ch\/fr\/","logo":{"@type":"ImageObject","inLanguage":"fr-FR","@id":"https:\/\/shop.bantam.ch\/fr\/#\/schema\/logo\/image\/","url":"https:\/\/shop.bantam.ch\/wp-content\/uploads\/2022\/12\/bantam-logo.png","contentUrl":"https:\/\/shop.bantam.ch\/wp-content\/uploads\/2022\/12\/bantam-logo.png","width":320,"height":71,"caption":"Bantam Wankm\u00fcller SA"},"image":{"@id":"https:\/\/shop.bantam.ch\/fr\/#\/schema\/logo\/image\/"}}]}},"_links":{"self":[{"href":"https:\/\/shop.bantam.ch\/fr\/wp-json\/wp\/v2\/product\/103239","targetHints":{"allow":["GET"]}}],"collection":[{"href":"https:\/\/shop.bantam.ch\/fr\/wp-json\/wp\/v2\/product"}],"about":[{"href":"https:\/\/shop.bantam.ch\/fr\/wp-json\/wp\/v2\/types\/product"}],"wp:featuredmedia":[{"embeddable":true,"href":"https:\/\/shop.bantam.ch\/fr\/wp-json\/wp\/v2\/media\/103237"}],"wp:attachment":[{"href":"https:\/\/shop.bantam.ch\/fr\/wp-json\/wp\/v2\/media?parent=103239"}],"wp:term":[{"taxonomy":"product_featured_cat","embeddable":true,"href":"https:\/\/shop.bantam.ch\/fr\/wp-json\/wp\/v2\/product_featured_cat?post=103239"},{"taxonomy":"product_brand","embeddable":true,"href":"https:\/\/shop.bantam.ch\/fr\/wp-json\/wp\/v2\/product_brand?post=103239"},{"taxonomy":"product_cat","embeddable":true,"href":"https:\/\/shop.bantam.ch\/fr\/wp-json\/wp\/v2\/product_cat?post=103239"},{"taxonomy":"product_tag","embeddable":true,"href":"https:\/\/shop.bantam.ch\/fr\/wp-json\/wp\/v2\/product_tag?post=103239"}],"curies":[{"name":"wp","href":"https:\/\/api.w.org\/{rel}","templated":true}]}}