{"id":103123,"date":"2023-02-28T07:06:53","date_gmt":"2023-02-28T06:06:53","guid":{"rendered":"http:\/\/shop.bantam.ch\/produit\/chargeur-de-secours-12-v-pro\/"},"modified":"2026-04-17T21:35:11","modified_gmt":"2026-04-17T19:35:11","slug":"chargeur-de-secours-12-v-pro","status":"publish","type":"product","link":"https:\/\/shop.bantam.ch\/fr\/produit\/chargeur-de-secours-12-v-pro\/","title":{"rendered":"StandBy &#8211; chargeur 12 V Pro"},"content":{"rendered":"<p>Dans un v\u00e9hicule de tourisme, la batterie de bord est principalement charg\u00e9e lorsque le v\u00e9hicule est \u00e0 l&rsquo;arr\u00eat (chargeur, solaire, pile \u00e0 combustible, etc.). Si le v\u00e9hicule reste inutilis\u00e9 pendant une longue p\u00e9riode, la batterie de d\u00e9marrage continuera \u00e0 se d\u00e9charger en raison de la d\u00e9connexion de la batterie. Cependant, de nombreux v\u00e9hicules chargent \u00e9galement la batterie de d\u00e9marrage pendant la saison, car certains consommateurs (radio, multim\u00e9dia, feux de stationnement, syst\u00e8me d&rsquo;alarme, etc.) y sont toujours raccord\u00e9s. Les chargeurs de veille garantissent la charge de la batterie de d\u00e9marrage en fonction du niveau de charge de la batterie de bord. Pour le maintien en charge des batteries seulement, la variante 0 &#8211; 2\u00a0A est g\u00e9n\u00e9ralement suffisante. Cependant, nous recommandons la variante 0 &#8211; 5\u00a0A PRO, comme les batteries modernes LiFePO4 (lithium) y sont \u00e9galement raccordables comme batterie de bord. <\/p>\n<p>Caract\u00e9ristiques : <br \/>Dimensions int\u00e9rieures : 90 x 38 x 60 mm (l x h x p) , courant de commutation 0-2 A<\/p>\n","protected":false},"excerpt":{"rendered":"<p>Dans un v\u00e9hicule de tourisme, la batterie de bord est principalement charg\u00e9e lorsque le v\u00e9hicule est \u00e0 l&rsquo;arr\u00eat (chargeur, solaire, pile \u00e0 combustible, etc.). Si le v\u00e9hicule reste inutilis\u00e9 pendant une longue p\u00e9riode, la batterie de d\u00e9marrage continuera \u00e0 se d\u00e9charger en raison de la d\u00e9connexion de la batterie. Cependant, de nombreux v\u00e9hicules chargent \u00e9galement [&hellip;]<\/p>\n","protected":false},"featured_media":103121,"template":"","meta":{"_acf_changed":false},"product_featured_cat":[],"product_brand":[3068],"product_cat":[4911],"product_tag":[],"class_list":{"0":"post-103123","1":"product","2":"type-product","3":"status-publish","4":"has-post-thumbnail","6":"product_brand-buttner-elektronik","7":"product_cat-chargeurs","9":"first","10":"instock","11":"taxable","12":"shipping-taxable","13":"purchasable","14":"product-type-simple"},"acf":[],"yoast_head":"<!-- This site is optimized with the Yoast SEO plugin v27.4 - https:\/\/yoast.com\/product\/yoast-seo-wordpress\/ -->\n<title>StandBy - chargeur 12 V Pro - Bantam Wankm\u00fcller SA<\/title>\n<meta name=\"robots\" content=\"index, follow, max-snippet:-1, max-image-preview:large, max-video-preview:-1\" \/>\n<link rel=\"canonical\" href=\"https:\/\/shop.bantam.ch\/fr\/produit\/chargeur-de-secours-12-v-pro\/\" \/>\n<meta property=\"og:locale\" content=\"fr_FR\" \/>\n<meta property=\"og:type\" content=\"article\" \/>\n<meta property=\"og:title\" content=\"StandBy - chargeur 12 V Pro - Bantam Wankm\u00fcller SA\" \/>\n<meta property=\"og:description\" content=\"Dans un v\u00e9hicule de tourisme, la batterie de bord est principalement charg\u00e9e lorsque le v\u00e9hicule est \u00e0 l&rsquo;arr\u00eat (chargeur, solaire, pile \u00e0 combustible, etc.). Si le v\u00e9hicule reste inutilis\u00e9 pendant une longue p\u00e9riode, la batterie de d\u00e9marrage continuera \u00e0 se d\u00e9charger en raison de la d\u00e9connexion de la batterie. Cependant, de nombreux v\u00e9hicules chargent \u00e9galement [&hellip;]\" \/>\n<meta property=\"og:url\" content=\"https:\/\/shop.bantam.ch\/fr\/produit\/chargeur-de-secours-12-v-pro\/\" \/>\n<meta property=\"og:site_name\" content=\"Bantam Wankm\u00fcller SA\" \/>\n<meta property=\"article:modified_time\" content=\"2026-04-17T19:35:11+00:00\" \/>\n<meta property=\"og:image\" content=\"https:\/\/shop.bantam.ch\/wp-content\/uploads\/2023\/02\/996060411.jpg\" \/>\n\t<meta property=\"og:image:width\" content=\"1000\" \/>\n\t<meta property=\"og:image:height\" content=\"659\" \/>\n\t<meta property=\"og:image:type\" content=\"image\/jpeg\" \/>\n<meta name=\"twitter:card\" content=\"summary_large_image\" \/>\n<meta name=\"twitter:label1\" content=\"Dur\u00e9e de lecture estim\u00e9e\" \/>\n\t<meta name=\"twitter:data1\" content=\"1 minute\" \/>\n<script type=\"application\/ld+json\" class=\"yoast-schema-graph\">{\"@context\":\"https:\\\/\\\/schema.org\",\"@graph\":[{\"@type\":\"WebPage\",\"@id\":\"https:\\\/\\\/shop.bantam.ch\\\/fr\\\/produit\\\/chargeur-de-secours-12-v-pro\\\/\",\"url\":\"https:\\\/\\\/shop.bantam.ch\\\/fr\\\/produit\\\/chargeur-de-secours-12-v-pro\\\/\",\"name\":\"StandBy - chargeur 12 V Pro - Bantam Wankm\u00fcller SA\",\"isPartOf\":{\"@id\":\"https:\\\/\\\/shop.bantam.ch\\\/fr\\\/#website\"},\"primaryImageOfPage\":{\"@id\":\"https:\\\/\\\/shop.bantam.ch\\\/fr\\\/produit\\\/chargeur-de-secours-12-v-pro\\\/#primaryimage\"},\"image\":{\"@id\":\"https:\\\/\\\/shop.bantam.ch\\\/fr\\\/produit\\\/chargeur-de-secours-12-v-pro\\\/#primaryimage\"},\"thumbnailUrl\":\"https:\\\/\\\/shop.bantam.ch\\\/wp-content\\\/uploads\\\/2023\\\/02\\\/996060411.jpg\",\"datePublished\":\"2023-02-28T06:06:53+00:00\",\"dateModified\":\"2026-04-17T19:35:11+00:00\",\"breadcrumb\":{\"@id\":\"https:\\\/\\\/shop.bantam.ch\\\/fr\\\/produit\\\/chargeur-de-secours-12-v-pro\\\/#breadcrumb\"},\"inLanguage\":\"fr-FR\",\"potentialAction\":[{\"@type\":\"ReadAction\",\"target\":[\"https:\\\/\\\/shop.bantam.ch\\\/fr\\\/produit\\\/chargeur-de-secours-12-v-pro\\\/\"]}]},{\"@type\":\"ImageObject\",\"inLanguage\":\"fr-FR\",\"@id\":\"https:\\\/\\\/shop.bantam.ch\\\/fr\\\/produit\\\/chargeur-de-secours-12-v-pro\\\/#primaryimage\",\"url\":\"https:\\\/\\\/shop.bantam.ch\\\/wp-content\\\/uploads\\\/2023\\\/02\\\/996060411.jpg\",\"contentUrl\":\"https:\\\/\\\/shop.bantam.ch\\\/wp-content\\\/uploads\\\/2023\\\/02\\\/996060411.jpg\",\"width\":1000,\"height\":659},{\"@type\":\"BreadcrumbList\",\"@id\":\"https:\\\/\\\/shop.bantam.ch\\\/fr\\\/produit\\\/chargeur-de-secours-12-v-pro\\\/#breadcrumb\",\"itemListElement\":[{\"@type\":\"ListItem\",\"position\":1,\"name\":\"Accueil\",\"item\":\"https:\\\/\\\/shop.bantam.ch\\\/fr\\\/\"},{\"@type\":\"ListItem\",\"position\":2,\"name\":\"Boutique\",\"item\":\"https:\\\/\\\/shop.bantam.ch\\\/fr\\\/boutique\\\/\"},{\"@type\":\"ListItem\",\"position\":3,\"name\":\"StandBy &#8211; chargeur 12 V Pro\"}]},{\"@type\":\"WebSite\",\"@id\":\"https:\\\/\\\/shop.bantam.ch\\\/fr\\\/#website\",\"url\":\"https:\\\/\\\/shop.bantam.ch\\\/fr\\\/\",\"name\":\"Bantam Wankm\u00fcller SA\",\"description\":\"\",\"publisher\":{\"@id\":\"https:\\\/\\\/shop.bantam.ch\\\/fr\\\/#organization\"},\"inLanguage\":\"fr-FR\"},{\"@type\":\"Organization\",\"@id\":\"https:\\\/\\\/shop.bantam.ch\\\/fr\\\/#organization\",\"name\":\"Bantam Wankm\u00fcller SA\",\"url\":\"https:\\\/\\\/shop.bantam.ch\\\/fr\\\/\",\"logo\":{\"@type\":\"ImageObject\",\"inLanguage\":\"fr-FR\",\"@id\":\"https:\\\/\\\/shop.bantam.ch\\\/fr\\\/#\\\/schema\\\/logo\\\/image\\\/\",\"url\":\"https:\\\/\\\/shop.bantam.ch\\\/wp-content\\\/uploads\\\/2022\\\/12\\\/bantam-logo.png\",\"contentUrl\":\"https:\\\/\\\/shop.bantam.ch\\\/wp-content\\\/uploads\\\/2022\\\/12\\\/bantam-logo.png\",\"width\":320,\"height\":71,\"caption\":\"Bantam Wankm\u00fcller SA\"},\"image\":{\"@id\":\"https:\\\/\\\/shop.bantam.ch\\\/fr\\\/#\\\/schema\\\/logo\\\/image\\\/\"}}]}<\/script>\n<!-- \/ Yoast SEO plugin. -->","yoast_head_json":{"title":"StandBy - chargeur 12 V Pro - Bantam Wankm\u00fcller SA","robots":{"index":"index","follow":"follow","max-snippet":"max-snippet:-1","max-image-preview":"max-image-preview:large","max-video-preview":"max-video-preview:-1"},"canonical":"https:\/\/shop.bantam.ch\/fr\/produit\/chargeur-de-secours-12-v-pro\/","og_locale":"fr_FR","og_type":"article","og_title":"StandBy - chargeur 12 V Pro - Bantam Wankm\u00fcller SA","og_description":"Dans un v\u00e9hicule de tourisme, la batterie de bord est principalement charg\u00e9e lorsque le v\u00e9hicule est \u00e0 l&rsquo;arr\u00eat (chargeur, solaire, pile \u00e0 combustible, etc.). Si le v\u00e9hicule reste inutilis\u00e9 pendant une longue p\u00e9riode, la batterie de d\u00e9marrage continuera \u00e0 se d\u00e9charger en raison de la d\u00e9connexion de la batterie. Cependant, de nombreux v\u00e9hicules chargent \u00e9galement [&hellip;]","og_url":"https:\/\/shop.bantam.ch\/fr\/produit\/chargeur-de-secours-12-v-pro\/","og_site_name":"Bantam Wankm\u00fcller SA","article_modified_time":"2026-04-17T19:35:11+00:00","og_image":[{"width":1000,"height":659,"url":"https:\/\/shop.bantam.ch\/wp-content\/uploads\/2023\/02\/996060411.jpg","type":"image\/jpeg"}],"twitter_card":"summary_large_image","twitter_misc":{"Dur\u00e9e de lecture estim\u00e9e":"1 minute"},"schema":{"@context":"https:\/\/schema.org","@graph":[{"@type":"WebPage","@id":"https:\/\/shop.bantam.ch\/fr\/produit\/chargeur-de-secours-12-v-pro\/","url":"https:\/\/shop.bantam.ch\/fr\/produit\/chargeur-de-secours-12-v-pro\/","name":"StandBy - chargeur 12 V Pro - Bantam Wankm\u00fcller SA","isPartOf":{"@id":"https:\/\/shop.bantam.ch\/fr\/#website"},"primaryImageOfPage":{"@id":"https:\/\/shop.bantam.ch\/fr\/produit\/chargeur-de-secours-12-v-pro\/#primaryimage"},"image":{"@id":"https:\/\/shop.bantam.ch\/fr\/produit\/chargeur-de-secours-12-v-pro\/#primaryimage"},"thumbnailUrl":"https:\/\/shop.bantam.ch\/wp-content\/uploads\/2023\/02\/996060411.jpg","datePublished":"2023-02-28T06:06:53+00:00","dateModified":"2026-04-17T19:35:11+00:00","breadcrumb":{"@id":"https:\/\/shop.bantam.ch\/fr\/produit\/chargeur-de-secours-12-v-pro\/#breadcrumb"},"inLanguage":"fr-FR","potentialAction":[{"@type":"ReadAction","target":["https:\/\/shop.bantam.ch\/fr\/produit\/chargeur-de-secours-12-v-pro\/"]}]},{"@type":"ImageObject","inLanguage":"fr-FR","@id":"https:\/\/shop.bantam.ch\/fr\/produit\/chargeur-de-secours-12-v-pro\/#primaryimage","url":"https:\/\/shop.bantam.ch\/wp-content\/uploads\/2023\/02\/996060411.jpg","contentUrl":"https:\/\/shop.bantam.ch\/wp-content\/uploads\/2023\/02\/996060411.jpg","width":1000,"height":659},{"@type":"BreadcrumbList","@id":"https:\/\/shop.bantam.ch\/fr\/produit\/chargeur-de-secours-12-v-pro\/#breadcrumb","itemListElement":[{"@type":"ListItem","position":1,"name":"Accueil","item":"https:\/\/shop.bantam.ch\/fr\/"},{"@type":"ListItem","position":2,"name":"Boutique","item":"https:\/\/shop.bantam.ch\/fr\/boutique\/"},{"@type":"ListItem","position":3,"name":"StandBy &#8211; chargeur 12 V Pro"}]},{"@type":"WebSite","@id":"https:\/\/shop.bantam.ch\/fr\/#website","url":"https:\/\/shop.bantam.ch\/fr\/","name":"Bantam Wankm\u00fcller SA","description":"","publisher":{"@id":"https:\/\/shop.bantam.ch\/fr\/#organization"},"inLanguage":"fr-FR"},{"@type":"Organization","@id":"https:\/\/shop.bantam.ch\/fr\/#organization","name":"Bantam Wankm\u00fcller SA","url":"https:\/\/shop.bantam.ch\/fr\/","logo":{"@type":"ImageObject","inLanguage":"fr-FR","@id":"https:\/\/shop.bantam.ch\/fr\/#\/schema\/logo\/image\/","url":"https:\/\/shop.bantam.ch\/wp-content\/uploads\/2022\/12\/bantam-logo.png","contentUrl":"https:\/\/shop.bantam.ch\/wp-content\/uploads\/2022\/12\/bantam-logo.png","width":320,"height":71,"caption":"Bantam Wankm\u00fcller SA"},"image":{"@id":"https:\/\/shop.bantam.ch\/fr\/#\/schema\/logo\/image\/"}}]}},"_links":{"self":[{"href":"https:\/\/shop.bantam.ch\/fr\/wp-json\/wp\/v2\/product\/103123","targetHints":{"allow":["GET"]}}],"collection":[{"href":"https:\/\/shop.bantam.ch\/fr\/wp-json\/wp\/v2\/product"}],"about":[{"href":"https:\/\/shop.bantam.ch\/fr\/wp-json\/wp\/v2\/types\/product"}],"wp:featuredmedia":[{"embeddable":true,"href":"https:\/\/shop.bantam.ch\/fr\/wp-json\/wp\/v2\/media\/103121"}],"wp:attachment":[{"href":"https:\/\/shop.bantam.ch\/fr\/wp-json\/wp\/v2\/media?parent=103123"}],"wp:term":[{"taxonomy":"product_featured_cat","embeddable":true,"href":"https:\/\/shop.bantam.ch\/fr\/wp-json\/wp\/v2\/product_featured_cat?post=103123"},{"taxonomy":"product_brand","embeddable":true,"href":"https:\/\/shop.bantam.ch\/fr\/wp-json\/wp\/v2\/product_brand?post=103123"},{"taxonomy":"product_cat","embeddable":true,"href":"https:\/\/shop.bantam.ch\/fr\/wp-json\/wp\/v2\/product_cat?post=103123"},{"taxonomy":"product_tag","embeddable":true,"href":"https:\/\/shop.bantam.ch\/fr\/wp-json\/wp\/v2\/product_tag?post=103123"}],"curies":[{"name":"wp","href":"https:\/\/api.w.org\/{rel}","templated":true}]}}