{"id":103099,"date":"2023-02-28T07:06:28","date_gmt":"2023-02-28T06:06:28","guid":{"rendered":"http:\/\/shop.bantam.ch\/produit\/coussin-de-calage-basic-etroit-3d-noir\/"},"modified":"2026-04-19T21:37:35","modified_gmt":"2026-04-19T19:37:35","slug":"coussin-de-calage-basic-etroit-3d-noir","status":"publish","type":"product","link":"https:\/\/shop.bantam.ch\/fr\/produit\/coussin-de-calage-basic-etroit-3d-noir\/","title":{"rendered":"Coussin calage SITBACK Basic \u00e9troit 3 D, noir"},"content":{"rendered":"<p>O\u00f9 que vous vous asseyiez, en voiture, sur votre canap\u00e9 ou \u00e0 votre bureau, le coussin SITBACK BASIC est id\u00e9al pour une assise ergonomique. Gr\u00e2ce \u00e0 sa forme, notre coussin soulage votre colonne vert\u00e9brale et assure un bon maintien m\u00eame en conduisant. Le coussin SITBACK BASIC est robuste et facile d\u2019entretien. Il est compos\u00e9 de mat\u00e9riaux de grande qualit\u00e9 sur plusieurs couches.<\/p>\n<p>Mat\u00e9riau\u00a0:<\/p>\n<p>83\u00a0% polyester<\/p>\n<p>17\u00a0% coton<\/p>\n","protected":false},"excerpt":{"rendered":"<p>O\u00f9 que vous vous asseyiez, en voiture, sur votre canap\u00e9 ou \u00e0 votre bureau, le coussin SITBACK BASIC est id\u00e9al pour une assise ergonomique. Gr\u00e2ce \u00e0 sa forme, notre coussin soulage votre colonne vert\u00e9brale et assure un bon maintien m\u00eame en conduisant. Le coussin SITBACK BASIC est robuste et facile d\u2019entretien. Il est compos\u00e9 de [&hellip;]<\/p>\n","protected":false},"featured_media":103093,"template":"","meta":{"_acf_changed":false},"product_featured_cat":[],"product_brand":[3458],"product_cat":[4949],"product_tag":[],"class_list":{"0":"post-103099","1":"product","2":"type-product","3":"status-publish","4":"has-post-thumbnail","6":"product_brand-sitback","7":"product_cat-couvertures-et-oreillers","9":"first","10":"instock","11":"taxable","12":"shipping-taxable","13":"purchasable","14":"product-type-simple"},"acf":[],"yoast_head":"<!-- This site is optimized with the Yoast SEO plugin v27.4 - https:\/\/yoast.com\/product\/yoast-seo-wordpress\/ -->\n<title>Coussin calage SITBACK Basic \u00e9troit 3 D, noir - Bantam Wankm\u00fcller SA<\/title>\n<meta name=\"robots\" content=\"index, follow, max-snippet:-1, max-image-preview:large, max-video-preview:-1\" \/>\n<link rel=\"canonical\" href=\"https:\/\/shop.bantam.ch\/fr\/produit\/coussin-de-calage-basic-etroit-3d-noir\/\" \/>\n<meta property=\"og:locale\" content=\"fr_FR\" \/>\n<meta property=\"og:type\" content=\"article\" \/>\n<meta property=\"og:title\" content=\"Coussin calage SITBACK Basic \u00e9troit 3 D, noir - Bantam Wankm\u00fcller SA\" \/>\n<meta property=\"og:description\" content=\"O\u00f9 que vous vous asseyiez, en voiture, sur votre canap\u00e9 ou \u00e0 votre bureau, le coussin SITBACK BASIC est id\u00e9al pour une assise ergonomique. Gr\u00e2ce \u00e0 sa forme, notre coussin soulage votre colonne vert\u00e9brale et assure un bon maintien m\u00eame en conduisant. Le coussin SITBACK BASIC est robuste et facile d\u2019entretien. Il est compos\u00e9 de [&hellip;]\" \/>\n<meta property=\"og:url\" content=\"https:\/\/shop.bantam.ch\/fr\/produit\/coussin-de-calage-basic-etroit-3d-noir\/\" \/>\n<meta property=\"og:site_name\" content=\"Bantam Wankm\u00fcller SA\" \/>\n<meta property=\"article:modified_time\" content=\"2026-04-19T19:37:35+00:00\" \/>\n<meta property=\"og:image\" content=\"https:\/\/shop.bantam.ch\/wp-content\/uploads\/2023\/02\/994340711.jpg\" \/>\n\t<meta property=\"og:image:width\" content=\"927\" \/>\n\t<meta property=\"og:image:height\" content=\"1000\" \/>\n\t<meta property=\"og:image:type\" content=\"image\/jpeg\" \/>\n<meta name=\"twitter:card\" content=\"summary_large_image\" \/>\n<script type=\"application\/ld+json\" class=\"yoast-schema-graph\">{\"@context\":\"https:\\\/\\\/schema.org\",\"@graph\":[{\"@type\":\"WebPage\",\"@id\":\"https:\\\/\\\/shop.bantam.ch\\\/fr\\\/produit\\\/coussin-de-calage-basic-etroit-3d-noir\\\/\",\"url\":\"https:\\\/\\\/shop.bantam.ch\\\/fr\\\/produit\\\/coussin-de-calage-basic-etroit-3d-noir\\\/\",\"name\":\"Coussin calage SITBACK Basic \u00e9troit 3 D, noir - Bantam Wankm\u00fcller SA\",\"isPartOf\":{\"@id\":\"https:\\\/\\\/shop.bantam.ch\\\/fr\\\/#website\"},\"primaryImageOfPage\":{\"@id\":\"https:\\\/\\\/shop.bantam.ch\\\/fr\\\/produit\\\/coussin-de-calage-basic-etroit-3d-noir\\\/#primaryimage\"},\"image\":{\"@id\":\"https:\\\/\\\/shop.bantam.ch\\\/fr\\\/produit\\\/coussin-de-calage-basic-etroit-3d-noir\\\/#primaryimage\"},\"thumbnailUrl\":\"https:\\\/\\\/shop.bantam.ch\\\/wp-content\\\/uploads\\\/2023\\\/02\\\/994340711.jpg\",\"datePublished\":\"2023-02-28T06:06:28+00:00\",\"dateModified\":\"2026-04-19T19:37:35+00:00\",\"breadcrumb\":{\"@id\":\"https:\\\/\\\/shop.bantam.ch\\\/fr\\\/produit\\\/coussin-de-calage-basic-etroit-3d-noir\\\/#breadcrumb\"},\"inLanguage\":\"fr-FR\",\"potentialAction\":[{\"@type\":\"ReadAction\",\"target\":[\"https:\\\/\\\/shop.bantam.ch\\\/fr\\\/produit\\\/coussin-de-calage-basic-etroit-3d-noir\\\/\"]}]},{\"@type\":\"ImageObject\",\"inLanguage\":\"fr-FR\",\"@id\":\"https:\\\/\\\/shop.bantam.ch\\\/fr\\\/produit\\\/coussin-de-calage-basic-etroit-3d-noir\\\/#primaryimage\",\"url\":\"https:\\\/\\\/shop.bantam.ch\\\/wp-content\\\/uploads\\\/2023\\\/02\\\/994340711.jpg\",\"contentUrl\":\"https:\\\/\\\/shop.bantam.ch\\\/wp-content\\\/uploads\\\/2023\\\/02\\\/994340711.jpg\",\"width\":927,\"height\":1000},{\"@type\":\"BreadcrumbList\",\"@id\":\"https:\\\/\\\/shop.bantam.ch\\\/fr\\\/produit\\\/coussin-de-calage-basic-etroit-3d-noir\\\/#breadcrumb\",\"itemListElement\":[{\"@type\":\"ListItem\",\"position\":1,\"name\":\"Accueil\",\"item\":\"https:\\\/\\\/shop.bantam.ch\\\/fr\\\/\"},{\"@type\":\"ListItem\",\"position\":2,\"name\":\"Boutique\",\"item\":\"https:\\\/\\\/shop.bantam.ch\\\/fr\\\/boutique\\\/\"},{\"@type\":\"ListItem\",\"position\":3,\"name\":\"Coussin calage SITBACK Basic \u00e9troit 3 D, noir\"}]},{\"@type\":\"WebSite\",\"@id\":\"https:\\\/\\\/shop.bantam.ch\\\/fr\\\/#website\",\"url\":\"https:\\\/\\\/shop.bantam.ch\\\/fr\\\/\",\"name\":\"Bantam Wankm\u00fcller SA\",\"description\":\"\",\"publisher\":{\"@id\":\"https:\\\/\\\/shop.bantam.ch\\\/fr\\\/#organization\"},\"inLanguage\":\"fr-FR\"},{\"@type\":\"Organization\",\"@id\":\"https:\\\/\\\/shop.bantam.ch\\\/fr\\\/#organization\",\"name\":\"Bantam Wankm\u00fcller SA\",\"url\":\"https:\\\/\\\/shop.bantam.ch\\\/fr\\\/\",\"logo\":{\"@type\":\"ImageObject\",\"inLanguage\":\"fr-FR\",\"@id\":\"https:\\\/\\\/shop.bantam.ch\\\/fr\\\/#\\\/schema\\\/logo\\\/image\\\/\",\"url\":\"https:\\\/\\\/shop.bantam.ch\\\/wp-content\\\/uploads\\\/2022\\\/12\\\/bantam-logo.png\",\"contentUrl\":\"https:\\\/\\\/shop.bantam.ch\\\/wp-content\\\/uploads\\\/2022\\\/12\\\/bantam-logo.png\",\"width\":320,\"height\":71,\"caption\":\"Bantam Wankm\u00fcller SA\"},\"image\":{\"@id\":\"https:\\\/\\\/shop.bantam.ch\\\/fr\\\/#\\\/schema\\\/logo\\\/image\\\/\"}}]}<\/script>\n<!-- \/ Yoast SEO plugin. -->","yoast_head_json":{"title":"Coussin calage SITBACK Basic \u00e9troit 3 D, noir - Bantam Wankm\u00fcller SA","robots":{"index":"index","follow":"follow","max-snippet":"max-snippet:-1","max-image-preview":"max-image-preview:large","max-video-preview":"max-video-preview:-1"},"canonical":"https:\/\/shop.bantam.ch\/fr\/produit\/coussin-de-calage-basic-etroit-3d-noir\/","og_locale":"fr_FR","og_type":"article","og_title":"Coussin calage SITBACK Basic \u00e9troit 3 D, noir - Bantam Wankm\u00fcller SA","og_description":"O\u00f9 que vous vous asseyiez, en voiture, sur votre canap\u00e9 ou \u00e0 votre bureau, le coussin SITBACK BASIC est id\u00e9al pour une assise ergonomique. Gr\u00e2ce \u00e0 sa forme, notre coussin soulage votre colonne vert\u00e9brale et assure un bon maintien m\u00eame en conduisant. Le coussin SITBACK BASIC est robuste et facile d\u2019entretien. Il est compos\u00e9 de [&hellip;]","og_url":"https:\/\/shop.bantam.ch\/fr\/produit\/coussin-de-calage-basic-etroit-3d-noir\/","og_site_name":"Bantam Wankm\u00fcller SA","article_modified_time":"2026-04-19T19:37:35+00:00","og_image":[{"width":927,"height":1000,"url":"https:\/\/shop.bantam.ch\/wp-content\/uploads\/2023\/02\/994340711.jpg","type":"image\/jpeg"}],"twitter_card":"summary_large_image","schema":{"@context":"https:\/\/schema.org","@graph":[{"@type":"WebPage","@id":"https:\/\/shop.bantam.ch\/fr\/produit\/coussin-de-calage-basic-etroit-3d-noir\/","url":"https:\/\/shop.bantam.ch\/fr\/produit\/coussin-de-calage-basic-etroit-3d-noir\/","name":"Coussin calage SITBACK Basic \u00e9troit 3 D, noir - Bantam Wankm\u00fcller SA","isPartOf":{"@id":"https:\/\/shop.bantam.ch\/fr\/#website"},"primaryImageOfPage":{"@id":"https:\/\/shop.bantam.ch\/fr\/produit\/coussin-de-calage-basic-etroit-3d-noir\/#primaryimage"},"image":{"@id":"https:\/\/shop.bantam.ch\/fr\/produit\/coussin-de-calage-basic-etroit-3d-noir\/#primaryimage"},"thumbnailUrl":"https:\/\/shop.bantam.ch\/wp-content\/uploads\/2023\/02\/994340711.jpg","datePublished":"2023-02-28T06:06:28+00:00","dateModified":"2026-04-19T19:37:35+00:00","breadcrumb":{"@id":"https:\/\/shop.bantam.ch\/fr\/produit\/coussin-de-calage-basic-etroit-3d-noir\/#breadcrumb"},"inLanguage":"fr-FR","potentialAction":[{"@type":"ReadAction","target":["https:\/\/shop.bantam.ch\/fr\/produit\/coussin-de-calage-basic-etroit-3d-noir\/"]}]},{"@type":"ImageObject","inLanguage":"fr-FR","@id":"https:\/\/shop.bantam.ch\/fr\/produit\/coussin-de-calage-basic-etroit-3d-noir\/#primaryimage","url":"https:\/\/shop.bantam.ch\/wp-content\/uploads\/2023\/02\/994340711.jpg","contentUrl":"https:\/\/shop.bantam.ch\/wp-content\/uploads\/2023\/02\/994340711.jpg","width":927,"height":1000},{"@type":"BreadcrumbList","@id":"https:\/\/shop.bantam.ch\/fr\/produit\/coussin-de-calage-basic-etroit-3d-noir\/#breadcrumb","itemListElement":[{"@type":"ListItem","position":1,"name":"Accueil","item":"https:\/\/shop.bantam.ch\/fr\/"},{"@type":"ListItem","position":2,"name":"Boutique","item":"https:\/\/shop.bantam.ch\/fr\/boutique\/"},{"@type":"ListItem","position":3,"name":"Coussin calage SITBACK Basic \u00e9troit 3 D, noir"}]},{"@type":"WebSite","@id":"https:\/\/shop.bantam.ch\/fr\/#website","url":"https:\/\/shop.bantam.ch\/fr\/","name":"Bantam Wankm\u00fcller SA","description":"","publisher":{"@id":"https:\/\/shop.bantam.ch\/fr\/#organization"},"inLanguage":"fr-FR"},{"@type":"Organization","@id":"https:\/\/shop.bantam.ch\/fr\/#organization","name":"Bantam Wankm\u00fcller SA","url":"https:\/\/shop.bantam.ch\/fr\/","logo":{"@type":"ImageObject","inLanguage":"fr-FR","@id":"https:\/\/shop.bantam.ch\/fr\/#\/schema\/logo\/image\/","url":"https:\/\/shop.bantam.ch\/wp-content\/uploads\/2022\/12\/bantam-logo.png","contentUrl":"https:\/\/shop.bantam.ch\/wp-content\/uploads\/2022\/12\/bantam-logo.png","width":320,"height":71,"caption":"Bantam Wankm\u00fcller SA"},"image":{"@id":"https:\/\/shop.bantam.ch\/fr\/#\/schema\/logo\/image\/"}}]}},"_links":{"self":[{"href":"https:\/\/shop.bantam.ch\/fr\/wp-json\/wp\/v2\/product\/103099","targetHints":{"allow":["GET"]}}],"collection":[{"href":"https:\/\/shop.bantam.ch\/fr\/wp-json\/wp\/v2\/product"}],"about":[{"href":"https:\/\/shop.bantam.ch\/fr\/wp-json\/wp\/v2\/types\/product"}],"wp:featuredmedia":[{"embeddable":true,"href":"https:\/\/shop.bantam.ch\/fr\/wp-json\/wp\/v2\/media\/103093"}],"wp:attachment":[{"href":"https:\/\/shop.bantam.ch\/fr\/wp-json\/wp\/v2\/media?parent=103099"}],"wp:term":[{"taxonomy":"product_featured_cat","embeddable":true,"href":"https:\/\/shop.bantam.ch\/fr\/wp-json\/wp\/v2\/product_featured_cat?post=103099"},{"taxonomy":"product_brand","embeddable":true,"href":"https:\/\/shop.bantam.ch\/fr\/wp-json\/wp\/v2\/product_brand?post=103099"},{"taxonomy":"product_cat","embeddable":true,"href":"https:\/\/shop.bantam.ch\/fr\/wp-json\/wp\/v2\/product_cat?post=103099"},{"taxonomy":"product_tag","embeddable":true,"href":"https:\/\/shop.bantam.ch\/fr\/wp-json\/wp\/v2\/product_tag?post=103099"}],"curies":[{"name":"wp","href":"https:\/\/api.w.org\/{rel}","templated":true}]}}