{"id":103055,"date":"2023-02-28T07:05:48","date_gmt":"2023-02-28T06:05:48","guid":{"rendered":"http:\/\/shop.bantam.ch\/produit\/deshumidificateur-en-tablettes-3-x-450-g\/"},"modified":"2026-04-18T21:36:05","modified_gmt":"2026-04-18T19:36:05","slug":"deshumidificateur-en-tablettes-3-x-450-g","status":"publish","type":"product","link":"https:\/\/shop.bantam.ch\/fr\/produit\/deshumidificateur-en-tablettes-3-x-450-g\/","title":{"rendered":"D\u00e9shumidificateur en tablettes Contenu 3 x 450 g"},"content":{"rendered":"<p>D\u00e9shumidificateur, recharge avec 3\u00a0tablettes de 450\u00a0g. Avec ions d\u2019argent\u00a0: derni\u00e8re technologie pour \u00e9liminer les odeurs.<\/p>\n<ul>\n<li>Solution INNOVANTE gr\u00e2ce \u00e0 l\u2019alliance de tablettes exclusives et d\u2019une gaine de protection \/ toile qui acc\u00e9l\u00e8re l\u2019absorption et emp\u00eache le contact direct avec la peau.<\/li>\n<li>EFFICACE ET RAPIDE La r\u00e9action de la tablette commence tr\u00e8s rapidement apr\u00e8s la d\u00e9tection d\u2019humidit\u00e9 exc\u00e9dentaire.<\/li>\n<li>PROPRE ET S\u00c9CURIS\u00c9 La gaine de protection\/le tissu r\u00e9cup\u00e8re tous les r\u00e9sidus de la tablette usag\u00e9e et emp\u00eache tout contact direct avec la peau.<\/li>\n<li>UNIVERSEL Les tablettes peuvent \u00eatre utilis\u00e9es dans de nombreux d\u00e9shumidificateurs si leur taille est adapt\u00e9e.<\/li>\n<li>UTILISATIONS La tablette du d\u00e9shumidificateur \u00e9vite la formation de moisissure, la condensation, les acariens et les odeurs de moisi, partout l\u00e0 o\u00f9 se forme de l\u2019humidit\u00e9, comme dans le salon, la salle de bains, le garage, la cave, les v\u00e9hicules (anciens), les motos (sous b\u00e2che), le cellier, les sanitaires, les armoires, les placards, les tentes, la cuisine, les bateaux, les caravanes, les camping-cars, les auvents, les grandes pi\u00e8ces, les abris de jardin, les maisons de vacances, toutes les pi\u00e8ces sans circulation d\u2019air et toutes les pi\u00e8ces chauff\u00e9es au propane (la combustion de 1\u00a0kg de gaz propane lib\u00e8re environ 1,6\u00a0L de vapeur), etc. Il prot\u00e8ge contre les taches de moisissure, r\u00e9gule l\u2019humidit\u00e9 et \u00e9limine les odeurs dans les pi\u00e8ces ferm\u00e9es jusqu\u2019\u00e0 une humidit\u00e9 optimale de 45%. En fonction de l\u2019humidit\u00e9, de la temp\u00e9rature et de la taille de la pi\u00e8ce, une tablette dure entre 1 et 3\u00a0mois.<\/li>\n<\/ul>\n","protected":false},"excerpt":{"rendered":"<p>D\u00e9shumidificateur, recharge avec 3\u00a0tablettes de 450\u00a0g. Avec ions d\u2019argent\u00a0: derni\u00e8re technologie pour \u00e9liminer les odeurs. Solution INNOVANTE gr\u00e2ce \u00e0 l\u2019alliance de tablettes exclusives et d\u2019une gaine de protection \/ toile qui acc\u00e9l\u00e8re l\u2019absorption et emp\u00eache le contact direct avec la peau. EFFICACE ET RAPIDE La r\u00e9action de la tablette commence tr\u00e8s rapidement apr\u00e8s la d\u00e9tection [&hellip;]<\/p>\n","protected":false},"featured_media":103051,"template":"","meta":{"_acf_changed":false},"product_featured_cat":[],"product_brand":[3544],"product_cat":[4007],"product_tag":[],"class_list":{"0":"post-103055","1":"product","2":"type-product","3":"status-publish","4":"has-post-thumbnail","6":"product_brand-bolaseca","7":"product_cat-deshumidificateurs","9":"first","10":"instock","11":"taxable","12":"shipping-taxable","13":"purchasable","14":"product-type-simple"},"acf":[],"yoast_head":"<!-- This site is optimized with the Yoast SEO plugin v27.4 - https:\/\/yoast.com\/product\/yoast-seo-wordpress\/ -->\n<title>D\u00e9shumidificateur en tablettes Contenu 3 x 450 g - Bantam Wankm\u00fcller SA<\/title>\n<meta name=\"robots\" content=\"index, follow, max-snippet:-1, max-image-preview:large, max-video-preview:-1\" \/>\n<link rel=\"canonical\" href=\"https:\/\/shop.bantam.ch\/fr\/produit\/deshumidificateur-en-tablettes-3-x-450-g\/\" \/>\n<meta property=\"og:locale\" content=\"fr_FR\" \/>\n<meta property=\"og:type\" content=\"article\" \/>\n<meta property=\"og:title\" content=\"D\u00e9shumidificateur en tablettes Contenu 3 x 450 g - Bantam Wankm\u00fcller SA\" \/>\n<meta property=\"og:description\" content=\"D\u00e9shumidificateur, recharge avec 3\u00a0tablettes de 450\u00a0g. Avec ions d\u2019argent\u00a0: derni\u00e8re technologie pour \u00e9liminer les odeurs. Solution INNOVANTE gr\u00e2ce \u00e0 l\u2019alliance de tablettes exclusives et d\u2019une gaine de protection \/ toile qui acc\u00e9l\u00e8re l\u2019absorption et emp\u00eache le contact direct avec la peau. EFFICACE ET RAPIDE La r\u00e9action de la tablette commence tr\u00e8s rapidement apr\u00e8s la d\u00e9tection [&hellip;]\" \/>\n<meta property=\"og:url\" content=\"https:\/\/shop.bantam.ch\/fr\/produit\/deshumidificateur-en-tablettes-3-x-450-g\/\" \/>\n<meta property=\"og:site_name\" content=\"Bantam Wankm\u00fcller SA\" \/>\n<meta property=\"article:modified_time\" content=\"2026-04-18T19:36:05+00:00\" \/>\n<meta property=\"og:image\" content=\"https:\/\/shop.bantam.ch\/wp-content\/uploads\/2023\/02\/994334412.jpg\" \/>\n\t<meta property=\"og:image:width\" content=\"1000\" \/>\n\t<meta property=\"og:image:height\" content=\"875\" \/>\n\t<meta property=\"og:image:type\" content=\"image\/jpeg\" \/>\n<meta name=\"twitter:card\" content=\"summary_large_image\" \/>\n<meta name=\"twitter:label1\" content=\"Dur\u00e9e de lecture estim\u00e9e\" \/>\n\t<meta name=\"twitter:data1\" content=\"1 minute\" \/>\n<script type=\"application\/ld+json\" class=\"yoast-schema-graph\">{\"@context\":\"https:\\\/\\\/schema.org\",\"@graph\":[{\"@type\":\"WebPage\",\"@id\":\"https:\\\/\\\/shop.bantam.ch\\\/fr\\\/produit\\\/deshumidificateur-en-tablettes-3-x-450-g\\\/\",\"url\":\"https:\\\/\\\/shop.bantam.ch\\\/fr\\\/produit\\\/deshumidificateur-en-tablettes-3-x-450-g\\\/\",\"name\":\"D\u00e9shumidificateur en tablettes Contenu 3 x 450 g - Bantam Wankm\u00fcller SA\",\"isPartOf\":{\"@id\":\"https:\\\/\\\/shop.bantam.ch\\\/fr\\\/#website\"},\"primaryImageOfPage\":{\"@id\":\"https:\\\/\\\/shop.bantam.ch\\\/fr\\\/produit\\\/deshumidificateur-en-tablettes-3-x-450-g\\\/#primaryimage\"},\"image\":{\"@id\":\"https:\\\/\\\/shop.bantam.ch\\\/fr\\\/produit\\\/deshumidificateur-en-tablettes-3-x-450-g\\\/#primaryimage\"},\"thumbnailUrl\":\"https:\\\/\\\/shop.bantam.ch\\\/wp-content\\\/uploads\\\/2023\\\/02\\\/994334412.jpg\",\"datePublished\":\"2023-02-28T06:05:48+00:00\",\"dateModified\":\"2026-04-18T19:36:05+00:00\",\"breadcrumb\":{\"@id\":\"https:\\\/\\\/shop.bantam.ch\\\/fr\\\/produit\\\/deshumidificateur-en-tablettes-3-x-450-g\\\/#breadcrumb\"},\"inLanguage\":\"fr-FR\",\"potentialAction\":[{\"@type\":\"ReadAction\",\"target\":[\"https:\\\/\\\/shop.bantam.ch\\\/fr\\\/produit\\\/deshumidificateur-en-tablettes-3-x-450-g\\\/\"]}]},{\"@type\":\"ImageObject\",\"inLanguage\":\"fr-FR\",\"@id\":\"https:\\\/\\\/shop.bantam.ch\\\/fr\\\/produit\\\/deshumidificateur-en-tablettes-3-x-450-g\\\/#primaryimage\",\"url\":\"https:\\\/\\\/shop.bantam.ch\\\/wp-content\\\/uploads\\\/2023\\\/02\\\/994334412.jpg\",\"contentUrl\":\"https:\\\/\\\/shop.bantam.ch\\\/wp-content\\\/uploads\\\/2023\\\/02\\\/994334412.jpg\",\"width\":1000,\"height\":875},{\"@type\":\"BreadcrumbList\",\"@id\":\"https:\\\/\\\/shop.bantam.ch\\\/fr\\\/produit\\\/deshumidificateur-en-tablettes-3-x-450-g\\\/#breadcrumb\",\"itemListElement\":[{\"@type\":\"ListItem\",\"position\":1,\"name\":\"Accueil\",\"item\":\"https:\\\/\\\/shop.bantam.ch\\\/fr\\\/\"},{\"@type\":\"ListItem\",\"position\":2,\"name\":\"Boutique\",\"item\":\"https:\\\/\\\/shop.bantam.ch\\\/fr\\\/boutique\\\/\"},{\"@type\":\"ListItem\",\"position\":3,\"name\":\"D\u00e9shumidificateur en tablettes Contenu 3 x 450 g\"}]},{\"@type\":\"WebSite\",\"@id\":\"https:\\\/\\\/shop.bantam.ch\\\/fr\\\/#website\",\"url\":\"https:\\\/\\\/shop.bantam.ch\\\/fr\\\/\",\"name\":\"Bantam Wankm\u00fcller SA\",\"description\":\"\",\"publisher\":{\"@id\":\"https:\\\/\\\/shop.bantam.ch\\\/fr\\\/#organization\"},\"inLanguage\":\"fr-FR\"},{\"@type\":\"Organization\",\"@id\":\"https:\\\/\\\/shop.bantam.ch\\\/fr\\\/#organization\",\"name\":\"Bantam Wankm\u00fcller SA\",\"url\":\"https:\\\/\\\/shop.bantam.ch\\\/fr\\\/\",\"logo\":{\"@type\":\"ImageObject\",\"inLanguage\":\"fr-FR\",\"@id\":\"https:\\\/\\\/shop.bantam.ch\\\/fr\\\/#\\\/schema\\\/logo\\\/image\\\/\",\"url\":\"https:\\\/\\\/shop.bantam.ch\\\/wp-content\\\/uploads\\\/2022\\\/12\\\/bantam-logo.png\",\"contentUrl\":\"https:\\\/\\\/shop.bantam.ch\\\/wp-content\\\/uploads\\\/2022\\\/12\\\/bantam-logo.png\",\"width\":320,\"height\":71,\"caption\":\"Bantam Wankm\u00fcller SA\"},\"image\":{\"@id\":\"https:\\\/\\\/shop.bantam.ch\\\/fr\\\/#\\\/schema\\\/logo\\\/image\\\/\"}}]}<\/script>\n<!-- \/ Yoast SEO plugin. -->","yoast_head_json":{"title":"D\u00e9shumidificateur en tablettes Contenu 3 x 450 g - Bantam Wankm\u00fcller SA","robots":{"index":"index","follow":"follow","max-snippet":"max-snippet:-1","max-image-preview":"max-image-preview:large","max-video-preview":"max-video-preview:-1"},"canonical":"https:\/\/shop.bantam.ch\/fr\/produit\/deshumidificateur-en-tablettes-3-x-450-g\/","og_locale":"fr_FR","og_type":"article","og_title":"D\u00e9shumidificateur en tablettes Contenu 3 x 450 g - Bantam Wankm\u00fcller SA","og_description":"D\u00e9shumidificateur, recharge avec 3\u00a0tablettes de 450\u00a0g. Avec ions d\u2019argent\u00a0: derni\u00e8re technologie pour \u00e9liminer les odeurs. Solution INNOVANTE gr\u00e2ce \u00e0 l\u2019alliance de tablettes exclusives et d\u2019une gaine de protection \/ toile qui acc\u00e9l\u00e8re l\u2019absorption et emp\u00eache le contact direct avec la peau. EFFICACE ET RAPIDE La r\u00e9action de la tablette commence tr\u00e8s rapidement apr\u00e8s la d\u00e9tection [&hellip;]","og_url":"https:\/\/shop.bantam.ch\/fr\/produit\/deshumidificateur-en-tablettes-3-x-450-g\/","og_site_name":"Bantam Wankm\u00fcller SA","article_modified_time":"2026-04-18T19:36:05+00:00","og_image":[{"width":1000,"height":875,"url":"https:\/\/shop.bantam.ch\/wp-content\/uploads\/2023\/02\/994334412.jpg","type":"image\/jpeg"}],"twitter_card":"summary_large_image","twitter_misc":{"Dur\u00e9e de lecture estim\u00e9e":"1 minute"},"schema":{"@context":"https:\/\/schema.org","@graph":[{"@type":"WebPage","@id":"https:\/\/shop.bantam.ch\/fr\/produit\/deshumidificateur-en-tablettes-3-x-450-g\/","url":"https:\/\/shop.bantam.ch\/fr\/produit\/deshumidificateur-en-tablettes-3-x-450-g\/","name":"D\u00e9shumidificateur en tablettes Contenu 3 x 450 g - Bantam Wankm\u00fcller SA","isPartOf":{"@id":"https:\/\/shop.bantam.ch\/fr\/#website"},"primaryImageOfPage":{"@id":"https:\/\/shop.bantam.ch\/fr\/produit\/deshumidificateur-en-tablettes-3-x-450-g\/#primaryimage"},"image":{"@id":"https:\/\/shop.bantam.ch\/fr\/produit\/deshumidificateur-en-tablettes-3-x-450-g\/#primaryimage"},"thumbnailUrl":"https:\/\/shop.bantam.ch\/wp-content\/uploads\/2023\/02\/994334412.jpg","datePublished":"2023-02-28T06:05:48+00:00","dateModified":"2026-04-18T19:36:05+00:00","breadcrumb":{"@id":"https:\/\/shop.bantam.ch\/fr\/produit\/deshumidificateur-en-tablettes-3-x-450-g\/#breadcrumb"},"inLanguage":"fr-FR","potentialAction":[{"@type":"ReadAction","target":["https:\/\/shop.bantam.ch\/fr\/produit\/deshumidificateur-en-tablettes-3-x-450-g\/"]}]},{"@type":"ImageObject","inLanguage":"fr-FR","@id":"https:\/\/shop.bantam.ch\/fr\/produit\/deshumidificateur-en-tablettes-3-x-450-g\/#primaryimage","url":"https:\/\/shop.bantam.ch\/wp-content\/uploads\/2023\/02\/994334412.jpg","contentUrl":"https:\/\/shop.bantam.ch\/wp-content\/uploads\/2023\/02\/994334412.jpg","width":1000,"height":875},{"@type":"BreadcrumbList","@id":"https:\/\/shop.bantam.ch\/fr\/produit\/deshumidificateur-en-tablettes-3-x-450-g\/#breadcrumb","itemListElement":[{"@type":"ListItem","position":1,"name":"Accueil","item":"https:\/\/shop.bantam.ch\/fr\/"},{"@type":"ListItem","position":2,"name":"Boutique","item":"https:\/\/shop.bantam.ch\/fr\/boutique\/"},{"@type":"ListItem","position":3,"name":"D\u00e9shumidificateur en tablettes Contenu 3 x 450 g"}]},{"@type":"WebSite","@id":"https:\/\/shop.bantam.ch\/fr\/#website","url":"https:\/\/shop.bantam.ch\/fr\/","name":"Bantam Wankm\u00fcller SA","description":"","publisher":{"@id":"https:\/\/shop.bantam.ch\/fr\/#organization"},"inLanguage":"fr-FR"},{"@type":"Organization","@id":"https:\/\/shop.bantam.ch\/fr\/#organization","name":"Bantam Wankm\u00fcller SA","url":"https:\/\/shop.bantam.ch\/fr\/","logo":{"@type":"ImageObject","inLanguage":"fr-FR","@id":"https:\/\/shop.bantam.ch\/fr\/#\/schema\/logo\/image\/","url":"https:\/\/shop.bantam.ch\/wp-content\/uploads\/2022\/12\/bantam-logo.png","contentUrl":"https:\/\/shop.bantam.ch\/wp-content\/uploads\/2022\/12\/bantam-logo.png","width":320,"height":71,"caption":"Bantam Wankm\u00fcller SA"},"image":{"@id":"https:\/\/shop.bantam.ch\/fr\/#\/schema\/logo\/image\/"}}]}},"_links":{"self":[{"href":"https:\/\/shop.bantam.ch\/fr\/wp-json\/wp\/v2\/product\/103055","targetHints":{"allow":["GET"]}}],"collection":[{"href":"https:\/\/shop.bantam.ch\/fr\/wp-json\/wp\/v2\/product"}],"about":[{"href":"https:\/\/shop.bantam.ch\/fr\/wp-json\/wp\/v2\/types\/product"}],"wp:featuredmedia":[{"embeddable":true,"href":"https:\/\/shop.bantam.ch\/fr\/wp-json\/wp\/v2\/media\/103051"}],"wp:attachment":[{"href":"https:\/\/shop.bantam.ch\/fr\/wp-json\/wp\/v2\/media?parent=103055"}],"wp:term":[{"taxonomy":"product_featured_cat","embeddable":true,"href":"https:\/\/shop.bantam.ch\/fr\/wp-json\/wp\/v2\/product_featured_cat?post=103055"},{"taxonomy":"product_brand","embeddable":true,"href":"https:\/\/shop.bantam.ch\/fr\/wp-json\/wp\/v2\/product_brand?post=103055"},{"taxonomy":"product_cat","embeddable":true,"href":"https:\/\/shop.bantam.ch\/fr\/wp-json\/wp\/v2\/product_cat?post=103055"},{"taxonomy":"product_tag","embeddable":true,"href":"https:\/\/shop.bantam.ch\/fr\/wp-json\/wp\/v2\/product_tag?post=103055"}],"curies":[{"name":"wp","href":"https:\/\/api.w.org\/{rel}","templated":true}]}}