{"id":102875,"date":"2023-02-28T07:03:00","date_gmt":"2023-02-28T06:03:00","guid":{"rendered":"http:\/\/shop.bantam.ch\/produit\/bande-detancheite-dekaplast-7303-20-x-2-mm\/"},"modified":"2026-05-11T21:34:19","modified_gmt":"2026-05-11T19:34:19","slug":"bande-detancheite-dekaplast-7303-20-x-2-mm","status":"publish","type":"product","link":"https:\/\/shop.bantam.ch\/fr\/produit\/bande-detancheite-dekaplast-7303-20-x-2-mm\/","title":{"rendered":"Bande d\u2019\u00e9tanch\u00e9it\u00e9 DEKALIN Dekaplast 7303, 20 x 2 mm 26 m\/rouleau"},"content":{"rendered":"<p>Bande d\u2019\u00e9tanch\u00e9it\u00e9 en plastique durablement r\u00e9sistante au vieillissement, sans solvant. Pour l\u2019\u00e9tanch\u00e9it\u00e9 des chevauchements et des espacements entre les parties en m\u00e9tal, en bois et en plastique.<\/p>\n<ul>\n<li>R\u00e9siste \u00e0 une temp\u00e9rature de &#8211;\u00a030\u00a0\u00b0C \u00e0 +\u00a0100\u00a0\u00b0C<\/li>\n<li>Temp\u00e9rature de service de &#8211;\u00a05\u00a0\u00b0C \u00e0 +\u00a040\u00a0\u00b0C<\/li>\n<li>R\u00e9sistance\u00a0: Eau, sel de d\u00e9neigement, intemp\u00e9ries, acides dilu\u00e9s et lessives<\/li>\n<\/ul>\n<p>Informations sur les dangers et consignes de s\u00e9curit\u00e9\u00a0: EUH210<\/p>\n","protected":false},"excerpt":{"rendered":"<p>Bande d\u2019\u00e9tanch\u00e9it\u00e9 en plastique durablement r\u00e9sistante au vieillissement, sans solvant. Pour l\u2019\u00e9tanch\u00e9it\u00e9 des chevauchements et des espacements entre les parties en m\u00e9tal, en bois et en plastique. R\u00e9siste \u00e0 une temp\u00e9rature de &#8211;\u00a030\u00a0\u00b0C \u00e0 +\u00a0100\u00a0\u00b0C Temp\u00e9rature de service de &#8211;\u00a05\u00a0\u00b0C \u00e0 +\u00a040\u00a0\u00b0C R\u00e9sistance\u00a0: Eau, sel de d\u00e9neigement, intemp\u00e9ries, acides dilu\u00e9s et lessives Informations sur les [&hellip;]<\/p>\n","protected":false},"featured_media":102873,"template":"","meta":{"_acf_changed":false},"product_featured_cat":[],"product_brand":[3174],"product_cat":[5083],"product_tag":[],"class_list":{"0":"post-102875","1":"product","2":"type-product","3":"status-publish","4":"has-post-thumbnail","6":"product_brand-dekalin","7":"product_cat-rubans-detancheite","9":"first","10":"instock","11":"taxable","12":"shipping-taxable","13":"purchasable","14":"product-type-simple"},"acf":[],"yoast_head":"<!-- This site is optimized with the Yoast SEO plugin v27.5 - https:\/\/yoast.com\/product\/yoast-seo-wordpress\/ -->\n<title>Bande d\u2019\u00e9tanch\u00e9it\u00e9 DEKALIN Dekaplast 7303, 20 x 2 mm 26 m\/rouleau - Bantam<\/title>\n<meta name=\"robots\" content=\"index, follow, max-snippet:-1, max-image-preview:large, max-video-preview:-1\" \/>\n<link rel=\"canonical\" href=\"https:\/\/shop.bantam.ch\/fr\/produit\/bande-detancheite-dekaplast-7303-20-x-2-mm\/\" \/>\n<meta property=\"og:locale\" content=\"fr_FR\" \/>\n<meta property=\"og:type\" content=\"article\" \/>\n<meta property=\"og:title\" content=\"Bande d\u2019\u00e9tanch\u00e9it\u00e9 DEKALIN Dekaplast 7303, 20 x 2 mm 26 m\/rouleau - Bantam\" \/>\n<meta property=\"og:description\" content=\"Bande d\u2019\u00e9tanch\u00e9it\u00e9 en plastique durablement r\u00e9sistante au vieillissement, sans solvant. Pour l\u2019\u00e9tanch\u00e9it\u00e9 des chevauchements et des espacements entre les parties en m\u00e9tal, en bois et en plastique. R\u00e9siste \u00e0 une temp\u00e9rature de &#8211;\u00a030\u00a0\u00b0C \u00e0 +\u00a0100\u00a0\u00b0C Temp\u00e9rature de service de &#8211;\u00a05\u00a0\u00b0C \u00e0 +\u00a040\u00a0\u00b0C R\u00e9sistance\u00a0: Eau, sel de d\u00e9neigement, intemp\u00e9ries, acides dilu\u00e9s et lessives Informations sur les [&hellip;]\" \/>\n<meta property=\"og:url\" content=\"https:\/\/shop.bantam.ch\/fr\/produit\/bande-detancheite-dekaplast-7303-20-x-2-mm\/\" \/>\n<meta property=\"og:site_name\" content=\"Bantam\" \/>\n<meta property=\"article:modified_time\" content=\"2026-05-11T19:34:19+00:00\" \/>\n<meta property=\"og:image\" content=\"https:\/\/shop.bantam.ch\/wp-content\/uploads\/2023\/02\/994326911.jpg\" \/>\n\t<meta property=\"og:image:width\" content=\"966\" \/>\n\t<meta property=\"og:image:height\" content=\"1000\" \/>\n\t<meta property=\"og:image:type\" content=\"image\/jpeg\" \/>\n<meta name=\"twitter:card\" content=\"summary_large_image\" \/>\n<script type=\"application\/ld+json\" class=\"yoast-schema-graph\">{\"@context\":\"https:\\\/\\\/schema.org\",\"@graph\":[{\"@type\":\"WebPage\",\"@id\":\"https:\\\/\\\/shop.bantam.ch\\\/fr\\\/produit\\\/bande-detancheite-dekaplast-7303-20-x-2-mm\\\/\",\"url\":\"https:\\\/\\\/shop.bantam.ch\\\/fr\\\/produit\\\/bande-detancheite-dekaplast-7303-20-x-2-mm\\\/\",\"name\":\"Bande d\u2019\u00e9tanch\u00e9it\u00e9 DEKALIN Dekaplast 7303, 20 x 2 mm 26 m\\\/rouleau - Bantam\",\"isPartOf\":{\"@id\":\"https:\\\/\\\/shop.bantam.ch\\\/fr\\\/#website\"},\"primaryImageOfPage\":{\"@id\":\"https:\\\/\\\/shop.bantam.ch\\\/fr\\\/produit\\\/bande-detancheite-dekaplast-7303-20-x-2-mm\\\/#primaryimage\"},\"image\":{\"@id\":\"https:\\\/\\\/shop.bantam.ch\\\/fr\\\/produit\\\/bande-detancheite-dekaplast-7303-20-x-2-mm\\\/#primaryimage\"},\"thumbnailUrl\":\"https:\\\/\\\/shop.bantam.ch\\\/wp-content\\\/uploads\\\/2023\\\/02\\\/994326911.jpg\",\"datePublished\":\"2023-02-28T06:03:00+00:00\",\"dateModified\":\"2026-05-11T19:34:19+00:00\",\"breadcrumb\":{\"@id\":\"https:\\\/\\\/shop.bantam.ch\\\/fr\\\/produit\\\/bande-detancheite-dekaplast-7303-20-x-2-mm\\\/#breadcrumb\"},\"inLanguage\":\"fr-FR\",\"potentialAction\":[{\"@type\":\"ReadAction\",\"target\":[\"https:\\\/\\\/shop.bantam.ch\\\/fr\\\/produit\\\/bande-detancheite-dekaplast-7303-20-x-2-mm\\\/\"]}]},{\"@type\":\"ImageObject\",\"inLanguage\":\"fr-FR\",\"@id\":\"https:\\\/\\\/shop.bantam.ch\\\/fr\\\/produit\\\/bande-detancheite-dekaplast-7303-20-x-2-mm\\\/#primaryimage\",\"url\":\"https:\\\/\\\/shop.bantam.ch\\\/wp-content\\\/uploads\\\/2023\\\/02\\\/994326911.jpg\",\"contentUrl\":\"https:\\\/\\\/shop.bantam.ch\\\/wp-content\\\/uploads\\\/2023\\\/02\\\/994326911.jpg\",\"width\":966,\"height\":1000},{\"@type\":\"BreadcrumbList\",\"@id\":\"https:\\\/\\\/shop.bantam.ch\\\/fr\\\/produit\\\/bande-detancheite-dekaplast-7303-20-x-2-mm\\\/#breadcrumb\",\"itemListElement\":[{\"@type\":\"ListItem\",\"position\":1,\"name\":\"Accueil\",\"item\":\"https:\\\/\\\/shop.bantam.ch\\\/fr\\\/\"},{\"@type\":\"ListItem\",\"position\":2,\"name\":\"Boutique\",\"item\":\"https:\\\/\\\/shop.bantam.ch\\\/fr\\\/boutique\\\/\"},{\"@type\":\"ListItem\",\"position\":3,\"name\":\"Bande d\u2019\u00e9tanch\u00e9it\u00e9 DEKALIN Dekaplast 7303, 20 x 2 mm 26 m\\\/rouleau\"}]},{\"@type\":\"WebSite\",\"@id\":\"https:\\\/\\\/shop.bantam.ch\\\/fr\\\/#website\",\"url\":\"https:\\\/\\\/shop.bantam.ch\\\/fr\\\/\",\"name\":\"Bantam\",\"description\":\"\",\"publisher\":{\"@id\":\"https:\\\/\\\/shop.bantam.ch\\\/fr\\\/#organization\"},\"inLanguage\":\"fr-FR\"},{\"@type\":\"Organization\",\"@id\":\"https:\\\/\\\/shop.bantam.ch\\\/fr\\\/#organization\",\"name\":\"Bantam\",\"url\":\"https:\\\/\\\/shop.bantam.ch\\\/fr\\\/\",\"logo\":{\"@type\":\"ImageObject\",\"inLanguage\":\"fr-FR\",\"@id\":\"https:\\\/\\\/shop.bantam.ch\\\/fr\\\/#\\\/schema\\\/logo\\\/image\\\/\",\"url\":\"https:\\\/\\\/shop.bantam.ch\\\/wp-content\\\/uploads\\\/2022\\\/12\\\/bantam-logo.png\",\"contentUrl\":\"https:\\\/\\\/shop.bantam.ch\\\/wp-content\\\/uploads\\\/2022\\\/12\\\/bantam-logo.png\",\"width\":320,\"height\":71,\"caption\":\"Bantam\"},\"image\":{\"@id\":\"https:\\\/\\\/shop.bantam.ch\\\/fr\\\/#\\\/schema\\\/logo\\\/image\\\/\"}}]}<\/script>\n<!-- \/ Yoast SEO plugin. -->","yoast_head_json":{"title":"Bande d\u2019\u00e9tanch\u00e9it\u00e9 DEKALIN Dekaplast 7303, 20 x 2 mm 26 m\/rouleau - Bantam","robots":{"index":"index","follow":"follow","max-snippet":"max-snippet:-1","max-image-preview":"max-image-preview:large","max-video-preview":"max-video-preview:-1"},"canonical":"https:\/\/shop.bantam.ch\/fr\/produit\/bande-detancheite-dekaplast-7303-20-x-2-mm\/","og_locale":"fr_FR","og_type":"article","og_title":"Bande d\u2019\u00e9tanch\u00e9it\u00e9 DEKALIN Dekaplast 7303, 20 x 2 mm 26 m\/rouleau - Bantam","og_description":"Bande d\u2019\u00e9tanch\u00e9it\u00e9 en plastique durablement r\u00e9sistante au vieillissement, sans solvant. Pour l\u2019\u00e9tanch\u00e9it\u00e9 des chevauchements et des espacements entre les parties en m\u00e9tal, en bois et en plastique. R\u00e9siste \u00e0 une temp\u00e9rature de &#8211;\u00a030\u00a0\u00b0C \u00e0 +\u00a0100\u00a0\u00b0C Temp\u00e9rature de service de &#8211;\u00a05\u00a0\u00b0C \u00e0 +\u00a040\u00a0\u00b0C R\u00e9sistance\u00a0: Eau, sel de d\u00e9neigement, intemp\u00e9ries, acides dilu\u00e9s et lessives Informations sur les [&hellip;]","og_url":"https:\/\/shop.bantam.ch\/fr\/produit\/bande-detancheite-dekaplast-7303-20-x-2-mm\/","og_site_name":"Bantam","article_modified_time":"2026-05-11T19:34:19+00:00","og_image":[{"width":966,"height":1000,"url":"https:\/\/shop.bantam.ch\/wp-content\/uploads\/2023\/02\/994326911.jpg","type":"image\/jpeg"}],"twitter_card":"summary_large_image","schema":{"@context":"https:\/\/schema.org","@graph":[{"@type":"WebPage","@id":"https:\/\/shop.bantam.ch\/fr\/produit\/bande-detancheite-dekaplast-7303-20-x-2-mm\/","url":"https:\/\/shop.bantam.ch\/fr\/produit\/bande-detancheite-dekaplast-7303-20-x-2-mm\/","name":"Bande d\u2019\u00e9tanch\u00e9it\u00e9 DEKALIN Dekaplast 7303, 20 x 2 mm 26 m\/rouleau - Bantam","isPartOf":{"@id":"https:\/\/shop.bantam.ch\/fr\/#website"},"primaryImageOfPage":{"@id":"https:\/\/shop.bantam.ch\/fr\/produit\/bande-detancheite-dekaplast-7303-20-x-2-mm\/#primaryimage"},"image":{"@id":"https:\/\/shop.bantam.ch\/fr\/produit\/bande-detancheite-dekaplast-7303-20-x-2-mm\/#primaryimage"},"thumbnailUrl":"https:\/\/shop.bantam.ch\/wp-content\/uploads\/2023\/02\/994326911.jpg","datePublished":"2023-02-28T06:03:00+00:00","dateModified":"2026-05-11T19:34:19+00:00","breadcrumb":{"@id":"https:\/\/shop.bantam.ch\/fr\/produit\/bande-detancheite-dekaplast-7303-20-x-2-mm\/#breadcrumb"},"inLanguage":"fr-FR","potentialAction":[{"@type":"ReadAction","target":["https:\/\/shop.bantam.ch\/fr\/produit\/bande-detancheite-dekaplast-7303-20-x-2-mm\/"]}]},{"@type":"ImageObject","inLanguage":"fr-FR","@id":"https:\/\/shop.bantam.ch\/fr\/produit\/bande-detancheite-dekaplast-7303-20-x-2-mm\/#primaryimage","url":"https:\/\/shop.bantam.ch\/wp-content\/uploads\/2023\/02\/994326911.jpg","contentUrl":"https:\/\/shop.bantam.ch\/wp-content\/uploads\/2023\/02\/994326911.jpg","width":966,"height":1000},{"@type":"BreadcrumbList","@id":"https:\/\/shop.bantam.ch\/fr\/produit\/bande-detancheite-dekaplast-7303-20-x-2-mm\/#breadcrumb","itemListElement":[{"@type":"ListItem","position":1,"name":"Accueil","item":"https:\/\/shop.bantam.ch\/fr\/"},{"@type":"ListItem","position":2,"name":"Boutique","item":"https:\/\/shop.bantam.ch\/fr\/boutique\/"},{"@type":"ListItem","position":3,"name":"Bande d\u2019\u00e9tanch\u00e9it\u00e9 DEKALIN Dekaplast 7303, 20 x 2 mm 26 m\/rouleau"}]},{"@type":"WebSite","@id":"https:\/\/shop.bantam.ch\/fr\/#website","url":"https:\/\/shop.bantam.ch\/fr\/","name":"Bantam","description":"","publisher":{"@id":"https:\/\/shop.bantam.ch\/fr\/#organization"},"inLanguage":"fr-FR"},{"@type":"Organization","@id":"https:\/\/shop.bantam.ch\/fr\/#organization","name":"Bantam","url":"https:\/\/shop.bantam.ch\/fr\/","logo":{"@type":"ImageObject","inLanguage":"fr-FR","@id":"https:\/\/shop.bantam.ch\/fr\/#\/schema\/logo\/image\/","url":"https:\/\/shop.bantam.ch\/wp-content\/uploads\/2022\/12\/bantam-logo.png","contentUrl":"https:\/\/shop.bantam.ch\/wp-content\/uploads\/2022\/12\/bantam-logo.png","width":320,"height":71,"caption":"Bantam"},"image":{"@id":"https:\/\/shop.bantam.ch\/fr\/#\/schema\/logo\/image\/"}}]}},"_links":{"self":[{"href":"https:\/\/shop.bantam.ch\/fr\/wp-json\/wp\/v2\/product\/102875","targetHints":{"allow":["GET"]}}],"collection":[{"href":"https:\/\/shop.bantam.ch\/fr\/wp-json\/wp\/v2\/product"}],"about":[{"href":"https:\/\/shop.bantam.ch\/fr\/wp-json\/wp\/v2\/types\/product"}],"wp:featuredmedia":[{"embeddable":true,"href":"https:\/\/shop.bantam.ch\/fr\/wp-json\/wp\/v2\/media\/102873"}],"wp:attachment":[{"href":"https:\/\/shop.bantam.ch\/fr\/wp-json\/wp\/v2\/media?parent=102875"}],"wp:term":[{"taxonomy":"product_featured_cat","embeddable":true,"href":"https:\/\/shop.bantam.ch\/fr\/wp-json\/wp\/v2\/product_featured_cat?post=102875"},{"taxonomy":"product_brand","embeddable":true,"href":"https:\/\/shop.bantam.ch\/fr\/wp-json\/wp\/v2\/product_brand?post=102875"},{"taxonomy":"product_cat","embeddable":true,"href":"https:\/\/shop.bantam.ch\/fr\/wp-json\/wp\/v2\/product_cat?post=102875"},{"taxonomy":"product_tag","embeddable":true,"href":"https:\/\/shop.bantam.ch\/fr\/wp-json\/wp\/v2\/product_tag?post=102875"}],"curies":[{"name":"wp","href":"https:\/\/api.w.org\/{rel}","templated":true}]}}