{"id":102867,"date":"2023-02-28T07:02:48","date_gmt":"2023-02-28T06:02:48","guid":{"rendered":"http:\/\/shop.bantam.ch\/produit\/nettoyant-vitres-dekaclean-glass-foam-en-spray\/"},"modified":"2026-04-20T21:36:02","modified_gmt":"2026-04-20T19:36:02","slug":"nettoyant-vitres-dekaclean-glass-foam-en-spray","status":"publish","type":"product","link":"https:\/\/shop.bantam.ch\/fr\/produit\/nettoyant-vitres-dekaclean-glass-foam-en-spray\/","title":{"rendered":"Nettoyant vitres DEKALIN Dekaclean Glass Foam spray 0,4 l"},"content":{"rendered":"<p>Mousse nettoyante active stable pour les vitres et les surfaces lisses. Ne coule pas sur les surfaces verticales. Mousse nettoyante active et biod\u00e9gradable. \u00c9limine les restes d\u2019insectes, les fientes, la poussi\u00e8re de la route, les d\u00e9p\u00f4ts de nicotine, les t\u00e2ches de graisse, les r\u00e9sidus de silicone et les restes de caoutchouc des vitres, des vitres de voiture, des miroirs et des surfaces laqu\u00e9es.<\/p>\n<ul>\n<li>Lors de l\u2019\u00e9clatement des bulles de mousse, les agents actifs nettoyants ultraconcentr\u00e9s sont directement appliqu\u00e9s sur la salet\u00e9.<\/li>\n<li>Ne laisse pas de traces<\/li>\n<li>\u00c9conomique gr\u00e2ce \u00e0 son rendement important<\/li>\n<li>Respecte les mat\u00e9riaux, ne les endommage pas, par exemple la laque, le caoutchouc et le plastique<\/li>\n<li>Sans silicone<\/li>\n<\/ul>\n","protected":false},"excerpt":{"rendered":"<p>Mousse nettoyante active stable pour les vitres et les surfaces lisses. Ne coule pas sur les surfaces verticales. Mousse nettoyante active et biod\u00e9gradable. \u00c9limine les restes d\u2019insectes, les fientes, la poussi\u00e8re de la route, les d\u00e9p\u00f4ts de nicotine, les t\u00e2ches de graisse, les r\u00e9sidus de silicone et les restes de caoutchouc des vitres, des vitres [&hellip;]<\/p>\n","protected":false},"featured_media":102865,"template":"","meta":{"_acf_changed":false},"product_featured_cat":[],"product_brand":[3174],"product_cat":[5091],"product_tag":[],"class_list":{"0":"post-102867","1":"product","2":"type-product","3":"status-publish","4":"has-post-thumbnail","6":"product_brand-dekalin","7":"product_cat-detergent-special","9":"first","10":"instock","11":"taxable","12":"shipping-taxable","13":"purchasable","14":"product-type-simple"},"acf":[],"yoast_head":"<!-- This site is optimized with the Yoast SEO plugin v27.4 - https:\/\/yoast.com\/product\/yoast-seo-wordpress\/ -->\n<title>Nettoyant vitres DEKALIN Dekaclean Glass Foam spray 0,4 l - Bantam Wankm\u00fcller SA<\/title>\n<meta name=\"robots\" content=\"index, follow, max-snippet:-1, max-image-preview:large, max-video-preview:-1\" \/>\n<link rel=\"canonical\" href=\"https:\/\/shop.bantam.ch\/fr\/produit\/nettoyant-vitres-dekaclean-glass-foam-en-spray\/\" \/>\n<meta property=\"og:locale\" content=\"fr_FR\" \/>\n<meta property=\"og:type\" content=\"article\" \/>\n<meta property=\"og:title\" content=\"Nettoyant vitres DEKALIN Dekaclean Glass Foam spray 0,4 l - Bantam Wankm\u00fcller SA\" \/>\n<meta property=\"og:description\" content=\"Mousse nettoyante active stable pour les vitres et les surfaces lisses. Ne coule pas sur les surfaces verticales. Mousse nettoyante active et biod\u00e9gradable. \u00c9limine les restes d\u2019insectes, les fientes, la poussi\u00e8re de la route, les d\u00e9p\u00f4ts de nicotine, les t\u00e2ches de graisse, les r\u00e9sidus de silicone et les restes de caoutchouc des vitres, des vitres [&hellip;]\" \/>\n<meta property=\"og:url\" content=\"https:\/\/shop.bantam.ch\/fr\/produit\/nettoyant-vitres-dekaclean-glass-foam-en-spray\/\" \/>\n<meta property=\"og:site_name\" content=\"Bantam Wankm\u00fcller SA\" \/>\n<meta property=\"article:modified_time\" content=\"2026-04-20T19:36:02+00:00\" \/>\n<meta property=\"og:image\" content=\"https:\/\/shop.bantam.ch\/wp-content\/uploads\/2023\/02\/994321911.jpg\" \/>\n\t<meta property=\"og:image:width\" content=\"470\" \/>\n\t<meta property=\"og:image:height\" content=\"1000\" \/>\n\t<meta property=\"og:image:type\" content=\"image\/jpeg\" \/>\n<meta name=\"twitter:card\" content=\"summary_large_image\" \/>\n<meta name=\"twitter:label1\" content=\"Dur\u00e9e de lecture estim\u00e9e\" \/>\n\t<meta name=\"twitter:data1\" content=\"1 minute\" \/>\n<script type=\"application\/ld+json\" class=\"yoast-schema-graph\">{\"@context\":\"https:\\\/\\\/schema.org\",\"@graph\":[{\"@type\":\"WebPage\",\"@id\":\"https:\\\/\\\/shop.bantam.ch\\\/fr\\\/produit\\\/nettoyant-vitres-dekaclean-glass-foam-en-spray\\\/\",\"url\":\"https:\\\/\\\/shop.bantam.ch\\\/fr\\\/produit\\\/nettoyant-vitres-dekaclean-glass-foam-en-spray\\\/\",\"name\":\"Nettoyant vitres DEKALIN Dekaclean Glass Foam spray 0,4 l - Bantam Wankm\u00fcller SA\",\"isPartOf\":{\"@id\":\"https:\\\/\\\/shop.bantam.ch\\\/fr\\\/#website\"},\"primaryImageOfPage\":{\"@id\":\"https:\\\/\\\/shop.bantam.ch\\\/fr\\\/produit\\\/nettoyant-vitres-dekaclean-glass-foam-en-spray\\\/#primaryimage\"},\"image\":{\"@id\":\"https:\\\/\\\/shop.bantam.ch\\\/fr\\\/produit\\\/nettoyant-vitres-dekaclean-glass-foam-en-spray\\\/#primaryimage\"},\"thumbnailUrl\":\"https:\\\/\\\/shop.bantam.ch\\\/wp-content\\\/uploads\\\/2023\\\/02\\\/994321911.jpg\",\"datePublished\":\"2023-02-28T06:02:48+00:00\",\"dateModified\":\"2026-04-20T19:36:02+00:00\",\"breadcrumb\":{\"@id\":\"https:\\\/\\\/shop.bantam.ch\\\/fr\\\/produit\\\/nettoyant-vitres-dekaclean-glass-foam-en-spray\\\/#breadcrumb\"},\"inLanguage\":\"fr-FR\",\"potentialAction\":[{\"@type\":\"ReadAction\",\"target\":[\"https:\\\/\\\/shop.bantam.ch\\\/fr\\\/produit\\\/nettoyant-vitres-dekaclean-glass-foam-en-spray\\\/\"]}]},{\"@type\":\"ImageObject\",\"inLanguage\":\"fr-FR\",\"@id\":\"https:\\\/\\\/shop.bantam.ch\\\/fr\\\/produit\\\/nettoyant-vitres-dekaclean-glass-foam-en-spray\\\/#primaryimage\",\"url\":\"https:\\\/\\\/shop.bantam.ch\\\/wp-content\\\/uploads\\\/2023\\\/02\\\/994321911.jpg\",\"contentUrl\":\"https:\\\/\\\/shop.bantam.ch\\\/wp-content\\\/uploads\\\/2023\\\/02\\\/994321911.jpg\",\"width\":470,\"height\":1000},{\"@type\":\"BreadcrumbList\",\"@id\":\"https:\\\/\\\/shop.bantam.ch\\\/fr\\\/produit\\\/nettoyant-vitres-dekaclean-glass-foam-en-spray\\\/#breadcrumb\",\"itemListElement\":[{\"@type\":\"ListItem\",\"position\":1,\"name\":\"Accueil\",\"item\":\"https:\\\/\\\/shop.bantam.ch\\\/fr\\\/\"},{\"@type\":\"ListItem\",\"position\":2,\"name\":\"Boutique\",\"item\":\"https:\\\/\\\/shop.bantam.ch\\\/fr\\\/boutique\\\/\"},{\"@type\":\"ListItem\",\"position\":3,\"name\":\"Nettoyant vitres DEKALIN Dekaclean Glass Foam spray 0,4 l\"}]},{\"@type\":\"WebSite\",\"@id\":\"https:\\\/\\\/shop.bantam.ch\\\/fr\\\/#website\",\"url\":\"https:\\\/\\\/shop.bantam.ch\\\/fr\\\/\",\"name\":\"Bantam Wankm\u00fcller SA\",\"description\":\"\",\"publisher\":{\"@id\":\"https:\\\/\\\/shop.bantam.ch\\\/fr\\\/#organization\"},\"inLanguage\":\"fr-FR\"},{\"@type\":\"Organization\",\"@id\":\"https:\\\/\\\/shop.bantam.ch\\\/fr\\\/#organization\",\"name\":\"Bantam Wankm\u00fcller SA\",\"url\":\"https:\\\/\\\/shop.bantam.ch\\\/fr\\\/\",\"logo\":{\"@type\":\"ImageObject\",\"inLanguage\":\"fr-FR\",\"@id\":\"https:\\\/\\\/shop.bantam.ch\\\/fr\\\/#\\\/schema\\\/logo\\\/image\\\/\",\"url\":\"https:\\\/\\\/shop.bantam.ch\\\/wp-content\\\/uploads\\\/2022\\\/12\\\/bantam-logo.png\",\"contentUrl\":\"https:\\\/\\\/shop.bantam.ch\\\/wp-content\\\/uploads\\\/2022\\\/12\\\/bantam-logo.png\",\"width\":320,\"height\":71,\"caption\":\"Bantam Wankm\u00fcller SA\"},\"image\":{\"@id\":\"https:\\\/\\\/shop.bantam.ch\\\/fr\\\/#\\\/schema\\\/logo\\\/image\\\/\"}}]}<\/script>\n<!-- \/ Yoast SEO plugin. -->","yoast_head_json":{"title":"Nettoyant vitres DEKALIN Dekaclean Glass Foam spray 0,4 l - Bantam Wankm\u00fcller SA","robots":{"index":"index","follow":"follow","max-snippet":"max-snippet:-1","max-image-preview":"max-image-preview:large","max-video-preview":"max-video-preview:-1"},"canonical":"https:\/\/shop.bantam.ch\/fr\/produit\/nettoyant-vitres-dekaclean-glass-foam-en-spray\/","og_locale":"fr_FR","og_type":"article","og_title":"Nettoyant vitres DEKALIN Dekaclean Glass Foam spray 0,4 l - Bantam Wankm\u00fcller SA","og_description":"Mousse nettoyante active stable pour les vitres et les surfaces lisses. Ne coule pas sur les surfaces verticales. Mousse nettoyante active et biod\u00e9gradable. \u00c9limine les restes d\u2019insectes, les fientes, la poussi\u00e8re de la route, les d\u00e9p\u00f4ts de nicotine, les t\u00e2ches de graisse, les r\u00e9sidus de silicone et les restes de caoutchouc des vitres, des vitres [&hellip;]","og_url":"https:\/\/shop.bantam.ch\/fr\/produit\/nettoyant-vitres-dekaclean-glass-foam-en-spray\/","og_site_name":"Bantam Wankm\u00fcller SA","article_modified_time":"2026-04-20T19:36:02+00:00","og_image":[{"width":470,"height":1000,"url":"https:\/\/shop.bantam.ch\/wp-content\/uploads\/2023\/02\/994321911.jpg","type":"image\/jpeg"}],"twitter_card":"summary_large_image","twitter_misc":{"Dur\u00e9e de lecture estim\u00e9e":"1 minute"},"schema":{"@context":"https:\/\/schema.org","@graph":[{"@type":"WebPage","@id":"https:\/\/shop.bantam.ch\/fr\/produit\/nettoyant-vitres-dekaclean-glass-foam-en-spray\/","url":"https:\/\/shop.bantam.ch\/fr\/produit\/nettoyant-vitres-dekaclean-glass-foam-en-spray\/","name":"Nettoyant vitres DEKALIN Dekaclean Glass Foam spray 0,4 l - Bantam Wankm\u00fcller SA","isPartOf":{"@id":"https:\/\/shop.bantam.ch\/fr\/#website"},"primaryImageOfPage":{"@id":"https:\/\/shop.bantam.ch\/fr\/produit\/nettoyant-vitres-dekaclean-glass-foam-en-spray\/#primaryimage"},"image":{"@id":"https:\/\/shop.bantam.ch\/fr\/produit\/nettoyant-vitres-dekaclean-glass-foam-en-spray\/#primaryimage"},"thumbnailUrl":"https:\/\/shop.bantam.ch\/wp-content\/uploads\/2023\/02\/994321911.jpg","datePublished":"2023-02-28T06:02:48+00:00","dateModified":"2026-04-20T19:36:02+00:00","breadcrumb":{"@id":"https:\/\/shop.bantam.ch\/fr\/produit\/nettoyant-vitres-dekaclean-glass-foam-en-spray\/#breadcrumb"},"inLanguage":"fr-FR","potentialAction":[{"@type":"ReadAction","target":["https:\/\/shop.bantam.ch\/fr\/produit\/nettoyant-vitres-dekaclean-glass-foam-en-spray\/"]}]},{"@type":"ImageObject","inLanguage":"fr-FR","@id":"https:\/\/shop.bantam.ch\/fr\/produit\/nettoyant-vitres-dekaclean-glass-foam-en-spray\/#primaryimage","url":"https:\/\/shop.bantam.ch\/wp-content\/uploads\/2023\/02\/994321911.jpg","contentUrl":"https:\/\/shop.bantam.ch\/wp-content\/uploads\/2023\/02\/994321911.jpg","width":470,"height":1000},{"@type":"BreadcrumbList","@id":"https:\/\/shop.bantam.ch\/fr\/produit\/nettoyant-vitres-dekaclean-glass-foam-en-spray\/#breadcrumb","itemListElement":[{"@type":"ListItem","position":1,"name":"Accueil","item":"https:\/\/shop.bantam.ch\/fr\/"},{"@type":"ListItem","position":2,"name":"Boutique","item":"https:\/\/shop.bantam.ch\/fr\/boutique\/"},{"@type":"ListItem","position":3,"name":"Nettoyant vitres DEKALIN Dekaclean Glass Foam spray 0,4 l"}]},{"@type":"WebSite","@id":"https:\/\/shop.bantam.ch\/fr\/#website","url":"https:\/\/shop.bantam.ch\/fr\/","name":"Bantam Wankm\u00fcller SA","description":"","publisher":{"@id":"https:\/\/shop.bantam.ch\/fr\/#organization"},"inLanguage":"fr-FR"},{"@type":"Organization","@id":"https:\/\/shop.bantam.ch\/fr\/#organization","name":"Bantam Wankm\u00fcller SA","url":"https:\/\/shop.bantam.ch\/fr\/","logo":{"@type":"ImageObject","inLanguage":"fr-FR","@id":"https:\/\/shop.bantam.ch\/fr\/#\/schema\/logo\/image\/","url":"https:\/\/shop.bantam.ch\/wp-content\/uploads\/2022\/12\/bantam-logo.png","contentUrl":"https:\/\/shop.bantam.ch\/wp-content\/uploads\/2022\/12\/bantam-logo.png","width":320,"height":71,"caption":"Bantam Wankm\u00fcller SA"},"image":{"@id":"https:\/\/shop.bantam.ch\/fr\/#\/schema\/logo\/image\/"}}]}},"_links":{"self":[{"href":"https:\/\/shop.bantam.ch\/fr\/wp-json\/wp\/v2\/product\/102867","targetHints":{"allow":["GET"]}}],"collection":[{"href":"https:\/\/shop.bantam.ch\/fr\/wp-json\/wp\/v2\/product"}],"about":[{"href":"https:\/\/shop.bantam.ch\/fr\/wp-json\/wp\/v2\/types\/product"}],"wp:featuredmedia":[{"embeddable":true,"href":"https:\/\/shop.bantam.ch\/fr\/wp-json\/wp\/v2\/media\/102865"}],"wp:attachment":[{"href":"https:\/\/shop.bantam.ch\/fr\/wp-json\/wp\/v2\/media?parent=102867"}],"wp:term":[{"taxonomy":"product_featured_cat","embeddable":true,"href":"https:\/\/shop.bantam.ch\/fr\/wp-json\/wp\/v2\/product_featured_cat?post=102867"},{"taxonomy":"product_brand","embeddable":true,"href":"https:\/\/shop.bantam.ch\/fr\/wp-json\/wp\/v2\/product_brand?post=102867"},{"taxonomy":"product_cat","embeddable":true,"href":"https:\/\/shop.bantam.ch\/fr\/wp-json\/wp\/v2\/product_cat?post=102867"},{"taxonomy":"product_tag","embeddable":true,"href":"https:\/\/shop.bantam.ch\/fr\/wp-json\/wp\/v2\/product_tag?post=102867"}],"curies":[{"name":"wp","href":"https:\/\/api.w.org\/{rel}","templated":true}]}}