{"id":102753,"date":"2023-02-28T07:00:33","date_gmt":"2023-02-28T06:00:33","guid":{"rendered":"http:\/\/shop.bantam.ch\/produit\/pile-a-combustible-80-bt\/"},"modified":"2026-05-08T21:35:23","modified_gmt":"2026-05-08T19:35:23","slug":"pile-a-combustible-80-bt","status":"publish","type":"product","link":"https:\/\/shop.bantam.ch\/fr\/produit\/pile-a-combustible-80-bt\/","title":{"rendered":"Pile \u00e0 combustible EFOY 80 BT"},"content":{"rendered":"<p>La pile \u00e0 combustible EFOY est le g\u00e9n\u00e9rateur \u00e9lectrique pour vos d\u00e9placements. Elle produit de l&rsquo;\u00e9lectricit\u00e9 par une r\u00e9action chimique et charge ainsi la batterie de bord. Cela se fait de mani\u00e8re enti\u00e8rement automatique et silencieuse afin que vous puissiez profiter de votre temps libre. Les appareils \u00e0 230 V peuvent \u00e9galement \u00eatre utilis\u00e9s via un onduleur. La pile \u00e0 combustible EFOY est compatible avec tous les mod\u00e8les de batterie actuels. SFC recommande la pile au lithium EFOY pour une longue dur\u00e9e de vie.<\/p>\n<ul>\n<li>Capacit\u00e9 de charge\/jour : 80\u00a0Ah<\/li>\n<li>Dimensions\u00a0: 44,8\u2009x\u200927,5\u2009x\u200919,8 cm (l x h x p)<\/li>\n<li>EFOY COMFORT: 80 BT<\/li>\n<li>Batteries amovibles : Toutes les batteries 12 et 24 V (plomb-acide, plomb-acide gel, AGM, LiFePO4 (12,8 V \/ 25,6 V)<\/li>\n<li>Poids : 6,3 kg<\/li>\n<li>Temp\u00e9rature de service de -20 \u00b0C \u00e0 +40 \u00b0C<\/li>\n<li>Consommation kWh\u00a0: 0,9 l<\/li>\n<li>Courant de charge : 3,8 A pour 10,5 V <\/li>\n<li>Puissance : 40 W<\/li>\n<li>Tension nominale : 12 V \/ 24 V<\/li>\n<li>Tension d\u2019alimentation : 12 V \/ 24 V<\/li>\n<\/ul>\n","protected":false},"excerpt":{"rendered":"<p>La pile \u00e0 combustible EFOY est le g\u00e9n\u00e9rateur \u00e9lectrique pour vos d\u00e9placements. Elle produit de l&rsquo;\u00e9lectricit\u00e9 par une r\u00e9action chimique et charge ainsi la batterie de bord. Cela se fait de mani\u00e8re enti\u00e8rement automatique et silencieuse afin que vous puissiez profiter de votre temps libre. Les appareils \u00e0 230 V peuvent \u00e9galement \u00eatre utilis\u00e9s via [&hellip;]<\/p>\n","protected":false},"featured_media":102751,"template":"","meta":{"_acf_changed":false},"product_featured_cat":[3943],"product_brand":[3288],"product_cat":[4861],"product_tag":[],"class_list":{"0":"post-102753","1":"product","2":"type-product","3":"status-publish","4":"has-post-thumbnail","6":"product_featured_cat-en-fonction-de-vos-preferences","7":"product_brand-efoy","8":"product_cat-piles-a-combustible","10":"first","11":"instock","12":"featured","13":"taxable","14":"shipping-taxable","15":"purchasable","16":"product-type-simple"},"acf":[],"yoast_head":"<!-- This site is optimized with the Yoast SEO plugin v27.5 - https:\/\/yoast.com\/product\/yoast-seo-wordpress\/ -->\n<title>Pile \u00e0 combustible EFOY 80 BT - Bantam<\/title>\n<meta name=\"robots\" content=\"index, follow, max-snippet:-1, max-image-preview:large, max-video-preview:-1\" \/>\n<link rel=\"canonical\" href=\"https:\/\/shop.bantam.ch\/fr\/produit\/pile-a-combustible-80-bt\/\" \/>\n<meta property=\"og:locale\" content=\"fr_FR\" \/>\n<meta property=\"og:type\" content=\"article\" \/>\n<meta property=\"og:title\" content=\"Pile \u00e0 combustible EFOY 80 BT - Bantam\" \/>\n<meta property=\"og:description\" content=\"La pile \u00e0 combustible EFOY est le g\u00e9n\u00e9rateur \u00e9lectrique pour vos d\u00e9placements. Elle produit de l&rsquo;\u00e9lectricit\u00e9 par une r\u00e9action chimique et charge ainsi la batterie de bord. Cela se fait de mani\u00e8re enti\u00e8rement automatique et silencieuse afin que vous puissiez profiter de votre temps libre. Les appareils \u00e0 230 V peuvent \u00e9galement \u00eatre utilis\u00e9s via [&hellip;]\" \/>\n<meta property=\"og:url\" content=\"https:\/\/shop.bantam.ch\/fr\/produit\/pile-a-combustible-80-bt\/\" \/>\n<meta property=\"og:site_name\" content=\"Bantam\" \/>\n<meta property=\"article:modified_time\" content=\"2026-05-08T19:35:23+00:00\" \/>\n<meta property=\"og:image\" content=\"https:\/\/shop.bantam.ch\/wp-content\/uploads\/2023\/02\/996059111.jpg\" \/>\n\t<meta property=\"og:image:width\" content=\"454\" \/>\n\t<meta property=\"og:image:height\" content=\"500\" \/>\n\t<meta property=\"og:image:type\" content=\"image\/jpeg\" \/>\n<meta name=\"twitter:card\" content=\"summary_large_image\" \/>\n<meta name=\"twitter:label1\" content=\"Dur\u00e9e de lecture estim\u00e9e\" \/>\n\t<meta name=\"twitter:data1\" content=\"2 minutes\" \/>\n<script type=\"application\/ld+json\" class=\"yoast-schema-graph\">{\"@context\":\"https:\\\/\\\/schema.org\",\"@graph\":[{\"@type\":\"WebPage\",\"@id\":\"https:\\\/\\\/shop.bantam.ch\\\/fr\\\/produit\\\/pile-a-combustible-80-bt\\\/\",\"url\":\"https:\\\/\\\/shop.bantam.ch\\\/fr\\\/produit\\\/pile-a-combustible-80-bt\\\/\",\"name\":\"Pile \u00e0 combustible EFOY 80 BT - Bantam\",\"isPartOf\":{\"@id\":\"https:\\\/\\\/shop.bantam.ch\\\/fr\\\/#website\"},\"primaryImageOfPage\":{\"@id\":\"https:\\\/\\\/shop.bantam.ch\\\/fr\\\/produit\\\/pile-a-combustible-80-bt\\\/#primaryimage\"},\"image\":{\"@id\":\"https:\\\/\\\/shop.bantam.ch\\\/fr\\\/produit\\\/pile-a-combustible-80-bt\\\/#primaryimage\"},\"thumbnailUrl\":\"https:\\\/\\\/shop.bantam.ch\\\/wp-content\\\/uploads\\\/2023\\\/02\\\/996059111.jpg\",\"datePublished\":\"2023-02-28T06:00:33+00:00\",\"dateModified\":\"2026-05-08T19:35:23+00:00\",\"breadcrumb\":{\"@id\":\"https:\\\/\\\/shop.bantam.ch\\\/fr\\\/produit\\\/pile-a-combustible-80-bt\\\/#breadcrumb\"},\"inLanguage\":\"fr-FR\",\"potentialAction\":[{\"@type\":\"ReadAction\",\"target\":[\"https:\\\/\\\/shop.bantam.ch\\\/fr\\\/produit\\\/pile-a-combustible-80-bt\\\/\"]}]},{\"@type\":\"ImageObject\",\"inLanguage\":\"fr-FR\",\"@id\":\"https:\\\/\\\/shop.bantam.ch\\\/fr\\\/produit\\\/pile-a-combustible-80-bt\\\/#primaryimage\",\"url\":\"https:\\\/\\\/shop.bantam.ch\\\/wp-content\\\/uploads\\\/2023\\\/02\\\/996059111.jpg\",\"contentUrl\":\"https:\\\/\\\/shop.bantam.ch\\\/wp-content\\\/uploads\\\/2023\\\/02\\\/996059111.jpg\",\"width\":454,\"height\":500},{\"@type\":\"BreadcrumbList\",\"@id\":\"https:\\\/\\\/shop.bantam.ch\\\/fr\\\/produit\\\/pile-a-combustible-80-bt\\\/#breadcrumb\",\"itemListElement\":[{\"@type\":\"ListItem\",\"position\":1,\"name\":\"Accueil\",\"item\":\"https:\\\/\\\/shop.bantam.ch\\\/fr\\\/\"},{\"@type\":\"ListItem\",\"position\":2,\"name\":\"Boutique\",\"item\":\"https:\\\/\\\/shop.bantam.ch\\\/fr\\\/boutique\\\/\"},{\"@type\":\"ListItem\",\"position\":3,\"name\":\"Pile \u00e0 combustible EFOY 80 BT\"}]},{\"@type\":\"WebSite\",\"@id\":\"https:\\\/\\\/shop.bantam.ch\\\/fr\\\/#website\",\"url\":\"https:\\\/\\\/shop.bantam.ch\\\/fr\\\/\",\"name\":\"Bantam\",\"description\":\"\",\"publisher\":{\"@id\":\"https:\\\/\\\/shop.bantam.ch\\\/fr\\\/#organization\"},\"inLanguage\":\"fr-FR\"},{\"@type\":\"Organization\",\"@id\":\"https:\\\/\\\/shop.bantam.ch\\\/fr\\\/#organization\",\"name\":\"Bantam\",\"url\":\"https:\\\/\\\/shop.bantam.ch\\\/fr\\\/\",\"logo\":{\"@type\":\"ImageObject\",\"inLanguage\":\"fr-FR\",\"@id\":\"https:\\\/\\\/shop.bantam.ch\\\/fr\\\/#\\\/schema\\\/logo\\\/image\\\/\",\"url\":\"https:\\\/\\\/shop.bantam.ch\\\/wp-content\\\/uploads\\\/2022\\\/12\\\/bantam-logo.png\",\"contentUrl\":\"https:\\\/\\\/shop.bantam.ch\\\/wp-content\\\/uploads\\\/2022\\\/12\\\/bantam-logo.png\",\"width\":320,\"height\":71,\"caption\":\"Bantam\"},\"image\":{\"@id\":\"https:\\\/\\\/shop.bantam.ch\\\/fr\\\/#\\\/schema\\\/logo\\\/image\\\/\"}}]}<\/script>\n<!-- \/ Yoast SEO plugin. -->","yoast_head_json":{"title":"Pile \u00e0 combustible EFOY 80 BT - Bantam","robots":{"index":"index","follow":"follow","max-snippet":"max-snippet:-1","max-image-preview":"max-image-preview:large","max-video-preview":"max-video-preview:-1"},"canonical":"https:\/\/shop.bantam.ch\/fr\/produit\/pile-a-combustible-80-bt\/","og_locale":"fr_FR","og_type":"article","og_title":"Pile \u00e0 combustible EFOY 80 BT - Bantam","og_description":"La pile \u00e0 combustible EFOY est le g\u00e9n\u00e9rateur \u00e9lectrique pour vos d\u00e9placements. Elle produit de l&rsquo;\u00e9lectricit\u00e9 par une r\u00e9action chimique et charge ainsi la batterie de bord. Cela se fait de mani\u00e8re enti\u00e8rement automatique et silencieuse afin que vous puissiez profiter de votre temps libre. Les appareils \u00e0 230 V peuvent \u00e9galement \u00eatre utilis\u00e9s via [&hellip;]","og_url":"https:\/\/shop.bantam.ch\/fr\/produit\/pile-a-combustible-80-bt\/","og_site_name":"Bantam","article_modified_time":"2026-05-08T19:35:23+00:00","og_image":[{"width":454,"height":500,"url":"https:\/\/shop.bantam.ch\/wp-content\/uploads\/2023\/02\/996059111.jpg","type":"image\/jpeg"}],"twitter_card":"summary_large_image","twitter_misc":{"Dur\u00e9e de lecture estim\u00e9e":"2 minutes"},"schema":{"@context":"https:\/\/schema.org","@graph":[{"@type":"WebPage","@id":"https:\/\/shop.bantam.ch\/fr\/produit\/pile-a-combustible-80-bt\/","url":"https:\/\/shop.bantam.ch\/fr\/produit\/pile-a-combustible-80-bt\/","name":"Pile \u00e0 combustible EFOY 80 BT - Bantam","isPartOf":{"@id":"https:\/\/shop.bantam.ch\/fr\/#website"},"primaryImageOfPage":{"@id":"https:\/\/shop.bantam.ch\/fr\/produit\/pile-a-combustible-80-bt\/#primaryimage"},"image":{"@id":"https:\/\/shop.bantam.ch\/fr\/produit\/pile-a-combustible-80-bt\/#primaryimage"},"thumbnailUrl":"https:\/\/shop.bantam.ch\/wp-content\/uploads\/2023\/02\/996059111.jpg","datePublished":"2023-02-28T06:00:33+00:00","dateModified":"2026-05-08T19:35:23+00:00","breadcrumb":{"@id":"https:\/\/shop.bantam.ch\/fr\/produit\/pile-a-combustible-80-bt\/#breadcrumb"},"inLanguage":"fr-FR","potentialAction":[{"@type":"ReadAction","target":["https:\/\/shop.bantam.ch\/fr\/produit\/pile-a-combustible-80-bt\/"]}]},{"@type":"ImageObject","inLanguage":"fr-FR","@id":"https:\/\/shop.bantam.ch\/fr\/produit\/pile-a-combustible-80-bt\/#primaryimage","url":"https:\/\/shop.bantam.ch\/wp-content\/uploads\/2023\/02\/996059111.jpg","contentUrl":"https:\/\/shop.bantam.ch\/wp-content\/uploads\/2023\/02\/996059111.jpg","width":454,"height":500},{"@type":"BreadcrumbList","@id":"https:\/\/shop.bantam.ch\/fr\/produit\/pile-a-combustible-80-bt\/#breadcrumb","itemListElement":[{"@type":"ListItem","position":1,"name":"Accueil","item":"https:\/\/shop.bantam.ch\/fr\/"},{"@type":"ListItem","position":2,"name":"Boutique","item":"https:\/\/shop.bantam.ch\/fr\/boutique\/"},{"@type":"ListItem","position":3,"name":"Pile \u00e0 combustible EFOY 80 BT"}]},{"@type":"WebSite","@id":"https:\/\/shop.bantam.ch\/fr\/#website","url":"https:\/\/shop.bantam.ch\/fr\/","name":"Bantam","description":"","publisher":{"@id":"https:\/\/shop.bantam.ch\/fr\/#organization"},"inLanguage":"fr-FR"},{"@type":"Organization","@id":"https:\/\/shop.bantam.ch\/fr\/#organization","name":"Bantam","url":"https:\/\/shop.bantam.ch\/fr\/","logo":{"@type":"ImageObject","inLanguage":"fr-FR","@id":"https:\/\/shop.bantam.ch\/fr\/#\/schema\/logo\/image\/","url":"https:\/\/shop.bantam.ch\/wp-content\/uploads\/2022\/12\/bantam-logo.png","contentUrl":"https:\/\/shop.bantam.ch\/wp-content\/uploads\/2022\/12\/bantam-logo.png","width":320,"height":71,"caption":"Bantam"},"image":{"@id":"https:\/\/shop.bantam.ch\/fr\/#\/schema\/logo\/image\/"}}]}},"_links":{"self":[{"href":"https:\/\/shop.bantam.ch\/fr\/wp-json\/wp\/v2\/product\/102753","targetHints":{"allow":["GET"]}}],"collection":[{"href":"https:\/\/shop.bantam.ch\/fr\/wp-json\/wp\/v2\/product"}],"about":[{"href":"https:\/\/shop.bantam.ch\/fr\/wp-json\/wp\/v2\/types\/product"}],"wp:featuredmedia":[{"embeddable":true,"href":"https:\/\/shop.bantam.ch\/fr\/wp-json\/wp\/v2\/media\/102751"}],"wp:attachment":[{"href":"https:\/\/shop.bantam.ch\/fr\/wp-json\/wp\/v2\/media?parent=102753"}],"wp:term":[{"taxonomy":"product_featured_cat","embeddable":true,"href":"https:\/\/shop.bantam.ch\/fr\/wp-json\/wp\/v2\/product_featured_cat?post=102753"},{"taxonomy":"product_brand","embeddable":true,"href":"https:\/\/shop.bantam.ch\/fr\/wp-json\/wp\/v2\/product_brand?post=102753"},{"taxonomy":"product_cat","embeddable":true,"href":"https:\/\/shop.bantam.ch\/fr\/wp-json\/wp\/v2\/product_cat?post=102753"},{"taxonomy":"product_tag","embeddable":true,"href":"https:\/\/shop.bantam.ch\/fr\/wp-json\/wp\/v2\/product_tag?post=102753"}],"curies":[{"name":"wp","href":"https:\/\/api.w.org\/{rel}","templated":true}]}}