{"id":102409,"date":"2023-02-28T06:54:50","date_gmt":"2023-02-28T05:54:50","guid":{"rendered":"http:\/\/shop.bantam.ch\/produit\/gril-de-table-attitude-2100-lx\/"},"modified":"2026-04-18T21:35:18","modified_gmt":"2026-04-18T19:35:18","slug":"gril-de-table-attitude-2100-lx","status":"publish","type":"product","link":"https:\/\/shop.bantam.ch\/fr\/produit\/gril-de-table-attitude-2100-lx\/","title":{"rendered":"Barbecue de table CAMPINGGAZ Attitude 2100 LX Argent\u00e9\/noir"},"content":{"rendered":"<p>Le Campingaz\u00ae Attitude est un gril de table qui allie le style urbain \u00e0 la grillade professionnelle dans des dimensions compactes et transportables.<\/p>\n<ul>\n<li>Surface de gril : 2100 cm\u00b2<\/li>\n<li>Dimensions de gril : 58 x 36\u00a0cm<\/li>\n<li>Br\u00fbleur\u00a0: br\u00fbleur Blue Flame (acier aluminis\u00e9)<\/li>\n<li>nombre de br\u00fbleurs\u00a0: 2<\/li>\n<li>grand bac de collecte de graisse<\/li>\n<li>Puissance : 5 kW<\/li>\n<li>Syst\u00e8me Campingaz InstaClean\u00ae : oui<\/li>\n<li>Mat\u00e9riau de la surface du gril\u00a0: fonte \u00e9maill\u00e9e<\/li>\n<li>Composition de la surface du gril\u00a0: 100% grille foy\u00e8re avec insert de base module culinaire<\/li>\n<li>Allumage : Allumage \u00e9lectronique<\/li>\n<li>Mat\u00e9riau du couvercle\u00a0: aluminium moul\u00e9 par injection, noir mat<\/li>\n<li>Couvercle de protection en option\u00a0: Couvercle de protection Attitude 2100 Premium<\/li>\n<\/ul>\n<p>\u00a0<\/p>\n<p>Contenu de la livraison :<br \/>tuyau et d\u00e9tendeur de 50 mbar fournis<\/p>\n<ul>\n<li>Dimensions ferm\u00e9e : 65 x 52 x 36 cm (l\u2009x\u2009h\u2009x\u2009p)<\/li>\n<li>Dimensions ouverte : 65 x 69 x 73 cm (l\u2009x\u2009h\u2009x\u2009p)<\/li>\n<\/ul>\n","protected":false},"excerpt":{"rendered":"<p>Le Campingaz\u00ae Attitude est un gril de table qui allie le style urbain \u00e0 la grillade professionnelle dans des dimensions compactes et transportables. Surface de gril : 2100 cm\u00b2 Dimensions de gril : 58 x 36\u00a0cm Br\u00fbleur\u00a0: br\u00fbleur Blue Flame (acier aluminis\u00e9) nombre de br\u00fbleurs\u00a0: 2 grand bac de collecte de graisse Puissance : 5 [&hellip;]<\/p>\n","protected":false},"featured_media":102397,"template":"","meta":{"_acf_changed":false},"product_featured_cat":[],"product_brand":[3196],"product_cat":[4279],"product_tag":[],"class_list":{"0":"post-102409","1":"product","2":"type-product","3":"status-publish","4":"has-post-thumbnail","6":"product_brand-campingaz","7":"product_cat-barbecues-a-gaz","9":"first","10":"instock","11":"taxable","12":"shipping-taxable","13":"purchasable","14":"product-type-simple"},"acf":[],"yoast_head":"<!-- This site is optimized with the Yoast SEO plugin v27.4 - https:\/\/yoast.com\/product\/yoast-seo-wordpress\/ -->\n<title>Barbecue de table CAMPINGGAZ Attitude 2100 LX Argent\u00e9\/noir - Bantam Wankm\u00fcller SA<\/title>\n<meta name=\"robots\" content=\"index, follow, max-snippet:-1, max-image-preview:large, max-video-preview:-1\" \/>\n<link rel=\"canonical\" href=\"https:\/\/shop.bantam.ch\/fr\/produit\/gril-de-table-attitude-2100-lx\/\" \/>\n<meta property=\"og:locale\" content=\"fr_FR\" \/>\n<meta property=\"og:type\" content=\"article\" \/>\n<meta property=\"og:title\" content=\"Barbecue de table CAMPINGGAZ Attitude 2100 LX Argent\u00e9\/noir - Bantam Wankm\u00fcller SA\" \/>\n<meta property=\"og:description\" content=\"Le Campingaz\u00ae Attitude est un gril de table qui allie le style urbain \u00e0 la grillade professionnelle dans des dimensions compactes et transportables. Surface de gril : 2100 cm\u00b2 Dimensions de gril : 58 x 36\u00a0cm Br\u00fbleur\u00a0: br\u00fbleur Blue Flame (acier aluminis\u00e9) nombre de br\u00fbleurs\u00a0: 2 grand bac de collecte de graisse Puissance : 5 [&hellip;]\" \/>\n<meta property=\"og:url\" content=\"https:\/\/shop.bantam.ch\/fr\/produit\/gril-de-table-attitude-2100-lx\/\" \/>\n<meta property=\"og:site_name\" content=\"Bantam Wankm\u00fcller SA\" \/>\n<meta property=\"article:modified_time\" content=\"2026-04-18T19:35:18+00:00\" \/>\n<meta property=\"og:image\" content=\"https:\/\/shop.bantam.ch\/wp-content\/uploads\/2023\/02\/996058311.jpg\" \/>\n\t<meta property=\"og:image:width\" content=\"1000\" \/>\n\t<meta property=\"og:image:height\" content=\"1000\" \/>\n\t<meta property=\"og:image:type\" content=\"image\/jpeg\" \/>\n<meta name=\"twitter:card\" content=\"summary_large_image\" \/>\n<meta name=\"twitter:label1\" content=\"Dur\u00e9e de lecture estim\u00e9e\" \/>\n\t<meta name=\"twitter:data1\" content=\"1 minute\" \/>\n<script type=\"application\/ld+json\" class=\"yoast-schema-graph\">{\"@context\":\"https:\\\/\\\/schema.org\",\"@graph\":[{\"@type\":\"WebPage\",\"@id\":\"https:\\\/\\\/shop.bantam.ch\\\/fr\\\/produit\\\/gril-de-table-attitude-2100-lx\\\/\",\"url\":\"https:\\\/\\\/shop.bantam.ch\\\/fr\\\/produit\\\/gril-de-table-attitude-2100-lx\\\/\",\"name\":\"Barbecue de table CAMPINGGAZ Attitude 2100 LX Argent\u00e9\\\/noir - Bantam Wankm\u00fcller SA\",\"isPartOf\":{\"@id\":\"https:\\\/\\\/shop.bantam.ch\\\/fr\\\/#website\"},\"primaryImageOfPage\":{\"@id\":\"https:\\\/\\\/shop.bantam.ch\\\/fr\\\/produit\\\/gril-de-table-attitude-2100-lx\\\/#primaryimage\"},\"image\":{\"@id\":\"https:\\\/\\\/shop.bantam.ch\\\/fr\\\/produit\\\/gril-de-table-attitude-2100-lx\\\/#primaryimage\"},\"thumbnailUrl\":\"https:\\\/\\\/shop.bantam.ch\\\/wp-content\\\/uploads\\\/2023\\\/02\\\/996058311.jpg\",\"datePublished\":\"2023-02-28T05:54:50+00:00\",\"dateModified\":\"2026-04-18T19:35:18+00:00\",\"breadcrumb\":{\"@id\":\"https:\\\/\\\/shop.bantam.ch\\\/fr\\\/produit\\\/gril-de-table-attitude-2100-lx\\\/#breadcrumb\"},\"inLanguage\":\"fr-FR\",\"potentialAction\":[{\"@type\":\"ReadAction\",\"target\":[\"https:\\\/\\\/shop.bantam.ch\\\/fr\\\/produit\\\/gril-de-table-attitude-2100-lx\\\/\"]}]},{\"@type\":\"ImageObject\",\"inLanguage\":\"fr-FR\",\"@id\":\"https:\\\/\\\/shop.bantam.ch\\\/fr\\\/produit\\\/gril-de-table-attitude-2100-lx\\\/#primaryimage\",\"url\":\"https:\\\/\\\/shop.bantam.ch\\\/wp-content\\\/uploads\\\/2023\\\/02\\\/996058311.jpg\",\"contentUrl\":\"https:\\\/\\\/shop.bantam.ch\\\/wp-content\\\/uploads\\\/2023\\\/02\\\/996058311.jpg\",\"width\":1000,\"height\":1000},{\"@type\":\"BreadcrumbList\",\"@id\":\"https:\\\/\\\/shop.bantam.ch\\\/fr\\\/produit\\\/gril-de-table-attitude-2100-lx\\\/#breadcrumb\",\"itemListElement\":[{\"@type\":\"ListItem\",\"position\":1,\"name\":\"Accueil\",\"item\":\"https:\\\/\\\/shop.bantam.ch\\\/fr\\\/\"},{\"@type\":\"ListItem\",\"position\":2,\"name\":\"Boutique\",\"item\":\"https:\\\/\\\/shop.bantam.ch\\\/fr\\\/boutique\\\/\"},{\"@type\":\"ListItem\",\"position\":3,\"name\":\"Barbecue de table CAMPINGGAZ Attitude 2100 LX Argent\u00e9\\\/noir\"}]},{\"@type\":\"WebSite\",\"@id\":\"https:\\\/\\\/shop.bantam.ch\\\/fr\\\/#website\",\"url\":\"https:\\\/\\\/shop.bantam.ch\\\/fr\\\/\",\"name\":\"Bantam Wankm\u00fcller SA\",\"description\":\"\",\"publisher\":{\"@id\":\"https:\\\/\\\/shop.bantam.ch\\\/fr\\\/#organization\"},\"inLanguage\":\"fr-FR\"},{\"@type\":\"Organization\",\"@id\":\"https:\\\/\\\/shop.bantam.ch\\\/fr\\\/#organization\",\"name\":\"Bantam Wankm\u00fcller SA\",\"url\":\"https:\\\/\\\/shop.bantam.ch\\\/fr\\\/\",\"logo\":{\"@type\":\"ImageObject\",\"inLanguage\":\"fr-FR\",\"@id\":\"https:\\\/\\\/shop.bantam.ch\\\/fr\\\/#\\\/schema\\\/logo\\\/image\\\/\",\"url\":\"https:\\\/\\\/shop.bantam.ch\\\/wp-content\\\/uploads\\\/2022\\\/12\\\/bantam-logo.png\",\"contentUrl\":\"https:\\\/\\\/shop.bantam.ch\\\/wp-content\\\/uploads\\\/2022\\\/12\\\/bantam-logo.png\",\"width\":320,\"height\":71,\"caption\":\"Bantam Wankm\u00fcller SA\"},\"image\":{\"@id\":\"https:\\\/\\\/shop.bantam.ch\\\/fr\\\/#\\\/schema\\\/logo\\\/image\\\/\"}}]}<\/script>\n<!-- \/ Yoast SEO plugin. -->","yoast_head_json":{"title":"Barbecue de table CAMPINGGAZ Attitude 2100 LX Argent\u00e9\/noir - Bantam Wankm\u00fcller SA","robots":{"index":"index","follow":"follow","max-snippet":"max-snippet:-1","max-image-preview":"max-image-preview:large","max-video-preview":"max-video-preview:-1"},"canonical":"https:\/\/shop.bantam.ch\/fr\/produit\/gril-de-table-attitude-2100-lx\/","og_locale":"fr_FR","og_type":"article","og_title":"Barbecue de table CAMPINGGAZ Attitude 2100 LX Argent\u00e9\/noir - Bantam Wankm\u00fcller SA","og_description":"Le Campingaz\u00ae Attitude est un gril de table qui allie le style urbain \u00e0 la grillade professionnelle dans des dimensions compactes et transportables. Surface de gril : 2100 cm\u00b2 Dimensions de gril : 58 x 36\u00a0cm Br\u00fbleur\u00a0: br\u00fbleur Blue Flame (acier aluminis\u00e9) nombre de br\u00fbleurs\u00a0: 2 grand bac de collecte de graisse Puissance : 5 [&hellip;]","og_url":"https:\/\/shop.bantam.ch\/fr\/produit\/gril-de-table-attitude-2100-lx\/","og_site_name":"Bantam Wankm\u00fcller SA","article_modified_time":"2026-04-18T19:35:18+00:00","og_image":[{"width":1000,"height":1000,"url":"https:\/\/shop.bantam.ch\/wp-content\/uploads\/2023\/02\/996058311.jpg","type":"image\/jpeg"}],"twitter_card":"summary_large_image","twitter_misc":{"Dur\u00e9e de lecture estim\u00e9e":"1 minute"},"schema":{"@context":"https:\/\/schema.org","@graph":[{"@type":"WebPage","@id":"https:\/\/shop.bantam.ch\/fr\/produit\/gril-de-table-attitude-2100-lx\/","url":"https:\/\/shop.bantam.ch\/fr\/produit\/gril-de-table-attitude-2100-lx\/","name":"Barbecue de table CAMPINGGAZ Attitude 2100 LX Argent\u00e9\/noir - Bantam Wankm\u00fcller SA","isPartOf":{"@id":"https:\/\/shop.bantam.ch\/fr\/#website"},"primaryImageOfPage":{"@id":"https:\/\/shop.bantam.ch\/fr\/produit\/gril-de-table-attitude-2100-lx\/#primaryimage"},"image":{"@id":"https:\/\/shop.bantam.ch\/fr\/produit\/gril-de-table-attitude-2100-lx\/#primaryimage"},"thumbnailUrl":"https:\/\/shop.bantam.ch\/wp-content\/uploads\/2023\/02\/996058311.jpg","datePublished":"2023-02-28T05:54:50+00:00","dateModified":"2026-04-18T19:35:18+00:00","breadcrumb":{"@id":"https:\/\/shop.bantam.ch\/fr\/produit\/gril-de-table-attitude-2100-lx\/#breadcrumb"},"inLanguage":"fr-FR","potentialAction":[{"@type":"ReadAction","target":["https:\/\/shop.bantam.ch\/fr\/produit\/gril-de-table-attitude-2100-lx\/"]}]},{"@type":"ImageObject","inLanguage":"fr-FR","@id":"https:\/\/shop.bantam.ch\/fr\/produit\/gril-de-table-attitude-2100-lx\/#primaryimage","url":"https:\/\/shop.bantam.ch\/wp-content\/uploads\/2023\/02\/996058311.jpg","contentUrl":"https:\/\/shop.bantam.ch\/wp-content\/uploads\/2023\/02\/996058311.jpg","width":1000,"height":1000},{"@type":"BreadcrumbList","@id":"https:\/\/shop.bantam.ch\/fr\/produit\/gril-de-table-attitude-2100-lx\/#breadcrumb","itemListElement":[{"@type":"ListItem","position":1,"name":"Accueil","item":"https:\/\/shop.bantam.ch\/fr\/"},{"@type":"ListItem","position":2,"name":"Boutique","item":"https:\/\/shop.bantam.ch\/fr\/boutique\/"},{"@type":"ListItem","position":3,"name":"Barbecue de table CAMPINGGAZ Attitude 2100 LX Argent\u00e9\/noir"}]},{"@type":"WebSite","@id":"https:\/\/shop.bantam.ch\/fr\/#website","url":"https:\/\/shop.bantam.ch\/fr\/","name":"Bantam Wankm\u00fcller SA","description":"","publisher":{"@id":"https:\/\/shop.bantam.ch\/fr\/#organization"},"inLanguage":"fr-FR"},{"@type":"Organization","@id":"https:\/\/shop.bantam.ch\/fr\/#organization","name":"Bantam Wankm\u00fcller SA","url":"https:\/\/shop.bantam.ch\/fr\/","logo":{"@type":"ImageObject","inLanguage":"fr-FR","@id":"https:\/\/shop.bantam.ch\/fr\/#\/schema\/logo\/image\/","url":"https:\/\/shop.bantam.ch\/wp-content\/uploads\/2022\/12\/bantam-logo.png","contentUrl":"https:\/\/shop.bantam.ch\/wp-content\/uploads\/2022\/12\/bantam-logo.png","width":320,"height":71,"caption":"Bantam Wankm\u00fcller SA"},"image":{"@id":"https:\/\/shop.bantam.ch\/fr\/#\/schema\/logo\/image\/"}}]}},"_links":{"self":[{"href":"https:\/\/shop.bantam.ch\/fr\/wp-json\/wp\/v2\/product\/102409","targetHints":{"allow":["GET"]}}],"collection":[{"href":"https:\/\/shop.bantam.ch\/fr\/wp-json\/wp\/v2\/product"}],"about":[{"href":"https:\/\/shop.bantam.ch\/fr\/wp-json\/wp\/v2\/types\/product"}],"wp:featuredmedia":[{"embeddable":true,"href":"https:\/\/shop.bantam.ch\/fr\/wp-json\/wp\/v2\/media\/102397"}],"wp:attachment":[{"href":"https:\/\/shop.bantam.ch\/fr\/wp-json\/wp\/v2\/media?parent=102409"}],"wp:term":[{"taxonomy":"product_featured_cat","embeddable":true,"href":"https:\/\/shop.bantam.ch\/fr\/wp-json\/wp\/v2\/product_featured_cat?post=102409"},{"taxonomy":"product_brand","embeddable":true,"href":"https:\/\/shop.bantam.ch\/fr\/wp-json\/wp\/v2\/product_brand?post=102409"},{"taxonomy":"product_cat","embeddable":true,"href":"https:\/\/shop.bantam.ch\/fr\/wp-json\/wp\/v2\/product_cat?post=102409"},{"taxonomy":"product_tag","embeddable":true,"href":"https:\/\/shop.bantam.ch\/fr\/wp-json\/wp\/v2\/product_tag?post=102409"}],"curies":[{"name":"wp","href":"https:\/\/api.w.org\/{rel}","templated":true}]}}