{"id":102281,"date":"2023-02-28T06:52:54","date_gmt":"2023-02-28T05:52:54","guid":{"rendered":"http:\/\/shop.bantam.ch\/produit\/kit-barista-pour-nanopresso\/"},"modified":"2026-04-18T21:35:11","modified_gmt":"2026-04-18T19:35:11","slug":"kit-barista-pour-nanopresso","status":"publish","type":"product","link":"https:\/\/shop.bantam.ch\/fr\/produit\/kit-barista-pour-nanopresso\/","title":{"rendered":"Ensemble d\u2019accessoires Wacaco Kit Barista pour Nanopresso"},"content":{"rendered":"<p>Le kit Barista est un ensemble complet d&rsquo;accessoires emball\u00e9s dans un petit coffret. Il \u00e9tend les capacit\u00e9s de la Nanopresso en vous donnant la possibilit\u00e9 de pr\u00e9parer un double espresso (16 grammes de caf\u00e9 moulu) jusqu&rsquo;\u00e0 120 ml. Gr\u00e2ce \u00e0 l&rsquo;extraction \u00e0 haute pression de 18 bars, la Nanopresso exploite pleinement le grand panier filtrant et exc\u00e8de la qualit\u00e9 d&rsquo;extraction de la plupart des machines \u00e0 espresso domestiques. Les amateurs de caf\u00e9 seront ravis de d\u00e9guster un espresso incroyablement riche. Le double panier \u00e0 espresso est une caract\u00e9ristique unique que l&rsquo;on ne trouve dans aucune autre machine \u00e0 espresso portable.<\/p>\n","protected":false},"excerpt":{"rendered":"<p>Le kit Barista est un ensemble complet d&rsquo;accessoires emball\u00e9s dans un petit coffret. Il \u00e9tend les capacit\u00e9s de la Nanopresso en vous donnant la possibilit\u00e9 de pr\u00e9parer un double espresso (16 grammes de caf\u00e9 moulu) jusqu&rsquo;\u00e0 120 ml. Gr\u00e2ce \u00e0 l&rsquo;extraction \u00e0 haute pression de 18 bars, la Nanopresso exploite pleinement le grand panier filtrant [&hellip;]<\/p>\n","protected":false},"featured_media":102279,"template":"","meta":{"_acf_changed":false},"product_featured_cat":[],"product_brand":[3540],"product_cat":[4297],"product_tag":[],"class_list":{"0":"post-102281","1":"product","2":"type-product","3":"status-publish","4":"has-post-thumbnail","6":"product_brand-wacaco","7":"product_cat-cafetieres-et-bouilloires","9":"first","10":"instock","11":"taxable","12":"shipping-taxable","13":"purchasable","14":"product-type-simple"},"acf":[],"yoast_head":"<!-- This site is optimized with the Yoast SEO plugin v27.4 - https:\/\/yoast.com\/product\/yoast-seo-wordpress\/ -->\n<title>Ensemble d\u2019accessoires Wacaco Kit Barista pour Nanopresso - Bantam Wankm\u00fcller SA<\/title>\n<meta name=\"robots\" content=\"index, follow, max-snippet:-1, max-image-preview:large, max-video-preview:-1\" \/>\n<link rel=\"canonical\" href=\"https:\/\/shop.bantam.ch\/fr\/produit\/kit-barista-pour-nanopresso\/\" \/>\n<meta property=\"og:locale\" content=\"fr_FR\" \/>\n<meta property=\"og:type\" content=\"article\" \/>\n<meta property=\"og:title\" content=\"Ensemble d\u2019accessoires Wacaco Kit Barista pour Nanopresso - Bantam Wankm\u00fcller SA\" \/>\n<meta property=\"og:description\" content=\"Le kit Barista est un ensemble complet d&rsquo;accessoires emball\u00e9s dans un petit coffret. Il \u00e9tend les capacit\u00e9s de la Nanopresso en vous donnant la possibilit\u00e9 de pr\u00e9parer un double espresso (16 grammes de caf\u00e9 moulu) jusqu&rsquo;\u00e0 120 ml. Gr\u00e2ce \u00e0 l&rsquo;extraction \u00e0 haute pression de 18 bars, la Nanopresso exploite pleinement le grand panier filtrant [&hellip;]\" \/>\n<meta property=\"og:url\" content=\"https:\/\/shop.bantam.ch\/fr\/produit\/kit-barista-pour-nanopresso\/\" \/>\n<meta property=\"og:site_name\" content=\"Bantam Wankm\u00fcller SA\" \/>\n<meta property=\"article:modified_time\" content=\"2026-04-18T19:35:11+00:00\" \/>\n<meta property=\"og:image\" content=\"https:\/\/shop.bantam.ch\/wp-content\/uploads\/2023\/02\/996049811.jpg\" \/>\n\t<meta property=\"og:image:width\" content=\"1000\" \/>\n\t<meta property=\"og:image:height\" content=\"1000\" \/>\n\t<meta property=\"og:image:type\" content=\"image\/jpeg\" \/>\n<meta name=\"twitter:card\" content=\"summary_large_image\" \/>\n<script type=\"application\/ld+json\" class=\"yoast-schema-graph\">{\"@context\":\"https:\\\/\\\/schema.org\",\"@graph\":[{\"@type\":\"WebPage\",\"@id\":\"https:\\\/\\\/shop.bantam.ch\\\/fr\\\/produit\\\/kit-barista-pour-nanopresso\\\/\",\"url\":\"https:\\\/\\\/shop.bantam.ch\\\/fr\\\/produit\\\/kit-barista-pour-nanopresso\\\/\",\"name\":\"Ensemble d\u2019accessoires Wacaco Kit Barista pour Nanopresso - Bantam Wankm\u00fcller SA\",\"isPartOf\":{\"@id\":\"https:\\\/\\\/shop.bantam.ch\\\/fr\\\/#website\"},\"primaryImageOfPage\":{\"@id\":\"https:\\\/\\\/shop.bantam.ch\\\/fr\\\/produit\\\/kit-barista-pour-nanopresso\\\/#primaryimage\"},\"image\":{\"@id\":\"https:\\\/\\\/shop.bantam.ch\\\/fr\\\/produit\\\/kit-barista-pour-nanopresso\\\/#primaryimage\"},\"thumbnailUrl\":\"https:\\\/\\\/shop.bantam.ch\\\/wp-content\\\/uploads\\\/2023\\\/02\\\/996049811.jpg\",\"datePublished\":\"2023-02-28T05:52:54+00:00\",\"dateModified\":\"2026-04-18T19:35:11+00:00\",\"breadcrumb\":{\"@id\":\"https:\\\/\\\/shop.bantam.ch\\\/fr\\\/produit\\\/kit-barista-pour-nanopresso\\\/#breadcrumb\"},\"inLanguage\":\"fr-FR\",\"potentialAction\":[{\"@type\":\"ReadAction\",\"target\":[\"https:\\\/\\\/shop.bantam.ch\\\/fr\\\/produit\\\/kit-barista-pour-nanopresso\\\/\"]}]},{\"@type\":\"ImageObject\",\"inLanguage\":\"fr-FR\",\"@id\":\"https:\\\/\\\/shop.bantam.ch\\\/fr\\\/produit\\\/kit-barista-pour-nanopresso\\\/#primaryimage\",\"url\":\"https:\\\/\\\/shop.bantam.ch\\\/wp-content\\\/uploads\\\/2023\\\/02\\\/996049811.jpg\",\"contentUrl\":\"https:\\\/\\\/shop.bantam.ch\\\/wp-content\\\/uploads\\\/2023\\\/02\\\/996049811.jpg\",\"width\":1000,\"height\":1000},{\"@type\":\"BreadcrumbList\",\"@id\":\"https:\\\/\\\/shop.bantam.ch\\\/fr\\\/produit\\\/kit-barista-pour-nanopresso\\\/#breadcrumb\",\"itemListElement\":[{\"@type\":\"ListItem\",\"position\":1,\"name\":\"Accueil\",\"item\":\"https:\\\/\\\/shop.bantam.ch\\\/fr\\\/\"},{\"@type\":\"ListItem\",\"position\":2,\"name\":\"Boutique\",\"item\":\"https:\\\/\\\/shop.bantam.ch\\\/fr\\\/boutique\\\/\"},{\"@type\":\"ListItem\",\"position\":3,\"name\":\"Ensemble d\u2019accessoires Wacaco Kit Barista pour Nanopresso\"}]},{\"@type\":\"WebSite\",\"@id\":\"https:\\\/\\\/shop.bantam.ch\\\/fr\\\/#website\",\"url\":\"https:\\\/\\\/shop.bantam.ch\\\/fr\\\/\",\"name\":\"Bantam Wankm\u00fcller SA\",\"description\":\"\",\"publisher\":{\"@id\":\"https:\\\/\\\/shop.bantam.ch\\\/fr\\\/#organization\"},\"inLanguage\":\"fr-FR\"},{\"@type\":\"Organization\",\"@id\":\"https:\\\/\\\/shop.bantam.ch\\\/fr\\\/#organization\",\"name\":\"Bantam Wankm\u00fcller SA\",\"url\":\"https:\\\/\\\/shop.bantam.ch\\\/fr\\\/\",\"logo\":{\"@type\":\"ImageObject\",\"inLanguage\":\"fr-FR\",\"@id\":\"https:\\\/\\\/shop.bantam.ch\\\/fr\\\/#\\\/schema\\\/logo\\\/image\\\/\",\"url\":\"https:\\\/\\\/shop.bantam.ch\\\/wp-content\\\/uploads\\\/2022\\\/12\\\/bantam-logo.png\",\"contentUrl\":\"https:\\\/\\\/shop.bantam.ch\\\/wp-content\\\/uploads\\\/2022\\\/12\\\/bantam-logo.png\",\"width\":320,\"height\":71,\"caption\":\"Bantam Wankm\u00fcller SA\"},\"image\":{\"@id\":\"https:\\\/\\\/shop.bantam.ch\\\/fr\\\/#\\\/schema\\\/logo\\\/image\\\/\"}}]}<\/script>\n<!-- \/ Yoast SEO plugin. -->","yoast_head_json":{"title":"Ensemble d\u2019accessoires Wacaco Kit Barista pour Nanopresso - Bantam Wankm\u00fcller SA","robots":{"index":"index","follow":"follow","max-snippet":"max-snippet:-1","max-image-preview":"max-image-preview:large","max-video-preview":"max-video-preview:-1"},"canonical":"https:\/\/shop.bantam.ch\/fr\/produit\/kit-barista-pour-nanopresso\/","og_locale":"fr_FR","og_type":"article","og_title":"Ensemble d\u2019accessoires Wacaco Kit Barista pour Nanopresso - Bantam Wankm\u00fcller SA","og_description":"Le kit Barista est un ensemble complet d&rsquo;accessoires emball\u00e9s dans un petit coffret. Il \u00e9tend les capacit\u00e9s de la Nanopresso en vous donnant la possibilit\u00e9 de pr\u00e9parer un double espresso (16 grammes de caf\u00e9 moulu) jusqu&rsquo;\u00e0 120 ml. Gr\u00e2ce \u00e0 l&rsquo;extraction \u00e0 haute pression de 18 bars, la Nanopresso exploite pleinement le grand panier filtrant [&hellip;]","og_url":"https:\/\/shop.bantam.ch\/fr\/produit\/kit-barista-pour-nanopresso\/","og_site_name":"Bantam Wankm\u00fcller SA","article_modified_time":"2026-04-18T19:35:11+00:00","og_image":[{"width":1000,"height":1000,"url":"https:\/\/shop.bantam.ch\/wp-content\/uploads\/2023\/02\/996049811.jpg","type":"image\/jpeg"}],"twitter_card":"summary_large_image","schema":{"@context":"https:\/\/schema.org","@graph":[{"@type":"WebPage","@id":"https:\/\/shop.bantam.ch\/fr\/produit\/kit-barista-pour-nanopresso\/","url":"https:\/\/shop.bantam.ch\/fr\/produit\/kit-barista-pour-nanopresso\/","name":"Ensemble d\u2019accessoires Wacaco Kit Barista pour Nanopresso - Bantam Wankm\u00fcller SA","isPartOf":{"@id":"https:\/\/shop.bantam.ch\/fr\/#website"},"primaryImageOfPage":{"@id":"https:\/\/shop.bantam.ch\/fr\/produit\/kit-barista-pour-nanopresso\/#primaryimage"},"image":{"@id":"https:\/\/shop.bantam.ch\/fr\/produit\/kit-barista-pour-nanopresso\/#primaryimage"},"thumbnailUrl":"https:\/\/shop.bantam.ch\/wp-content\/uploads\/2023\/02\/996049811.jpg","datePublished":"2023-02-28T05:52:54+00:00","dateModified":"2026-04-18T19:35:11+00:00","breadcrumb":{"@id":"https:\/\/shop.bantam.ch\/fr\/produit\/kit-barista-pour-nanopresso\/#breadcrumb"},"inLanguage":"fr-FR","potentialAction":[{"@type":"ReadAction","target":["https:\/\/shop.bantam.ch\/fr\/produit\/kit-barista-pour-nanopresso\/"]}]},{"@type":"ImageObject","inLanguage":"fr-FR","@id":"https:\/\/shop.bantam.ch\/fr\/produit\/kit-barista-pour-nanopresso\/#primaryimage","url":"https:\/\/shop.bantam.ch\/wp-content\/uploads\/2023\/02\/996049811.jpg","contentUrl":"https:\/\/shop.bantam.ch\/wp-content\/uploads\/2023\/02\/996049811.jpg","width":1000,"height":1000},{"@type":"BreadcrumbList","@id":"https:\/\/shop.bantam.ch\/fr\/produit\/kit-barista-pour-nanopresso\/#breadcrumb","itemListElement":[{"@type":"ListItem","position":1,"name":"Accueil","item":"https:\/\/shop.bantam.ch\/fr\/"},{"@type":"ListItem","position":2,"name":"Boutique","item":"https:\/\/shop.bantam.ch\/fr\/boutique\/"},{"@type":"ListItem","position":3,"name":"Ensemble d\u2019accessoires Wacaco Kit Barista pour Nanopresso"}]},{"@type":"WebSite","@id":"https:\/\/shop.bantam.ch\/fr\/#website","url":"https:\/\/shop.bantam.ch\/fr\/","name":"Bantam Wankm\u00fcller SA","description":"","publisher":{"@id":"https:\/\/shop.bantam.ch\/fr\/#organization"},"inLanguage":"fr-FR"},{"@type":"Organization","@id":"https:\/\/shop.bantam.ch\/fr\/#organization","name":"Bantam Wankm\u00fcller SA","url":"https:\/\/shop.bantam.ch\/fr\/","logo":{"@type":"ImageObject","inLanguage":"fr-FR","@id":"https:\/\/shop.bantam.ch\/fr\/#\/schema\/logo\/image\/","url":"https:\/\/shop.bantam.ch\/wp-content\/uploads\/2022\/12\/bantam-logo.png","contentUrl":"https:\/\/shop.bantam.ch\/wp-content\/uploads\/2022\/12\/bantam-logo.png","width":320,"height":71,"caption":"Bantam Wankm\u00fcller SA"},"image":{"@id":"https:\/\/shop.bantam.ch\/fr\/#\/schema\/logo\/image\/"}}]}},"_links":{"self":[{"href":"https:\/\/shop.bantam.ch\/fr\/wp-json\/wp\/v2\/product\/102281","targetHints":{"allow":["GET"]}}],"collection":[{"href":"https:\/\/shop.bantam.ch\/fr\/wp-json\/wp\/v2\/product"}],"about":[{"href":"https:\/\/shop.bantam.ch\/fr\/wp-json\/wp\/v2\/types\/product"}],"wp:featuredmedia":[{"embeddable":true,"href":"https:\/\/shop.bantam.ch\/fr\/wp-json\/wp\/v2\/media\/102279"}],"wp:attachment":[{"href":"https:\/\/shop.bantam.ch\/fr\/wp-json\/wp\/v2\/media?parent=102281"}],"wp:term":[{"taxonomy":"product_featured_cat","embeddable":true,"href":"https:\/\/shop.bantam.ch\/fr\/wp-json\/wp\/v2\/product_featured_cat?post=102281"},{"taxonomy":"product_brand","embeddable":true,"href":"https:\/\/shop.bantam.ch\/fr\/wp-json\/wp\/v2\/product_brand?post=102281"},{"taxonomy":"product_cat","embeddable":true,"href":"https:\/\/shop.bantam.ch\/fr\/wp-json\/wp\/v2\/product_cat?post=102281"},{"taxonomy":"product_tag","embeddable":true,"href":"https:\/\/shop.bantam.ch\/fr\/wp-json\/wp\/v2\/product_tag?post=102281"}],"curies":[{"name":"wp","href":"https:\/\/api.w.org\/{rel}","templated":true}]}}