{"id":102237,"date":"2023-02-28T06:52:07","date_gmt":"2023-02-28T05:52:07","guid":{"rendered":"http:\/\/shop.bantam.ch\/produit\/rechaud-tupike-stove-2-feux\/"},"modified":"2026-04-17T21:34:12","modified_gmt":"2026-04-17T19:34:12","slug":"rechaud-tupike-stove-2-feux","status":"publish","type":"product","link":"https:\/\/shop.bantam.ch\/fr\/produit\/rechaud-tupike-stove-2-feux\/","title":{"rendered":"R\u00e9chaud Primus Tupike Stove 2 feux"},"content":{"rendered":"<p>Le Tupike Stove est le r\u00eave de tous les cuisiniers de camping. Id\u00e9al pour la grande cuisine gastronomique, ce r\u00e9chaud est suffisamment l\u00e9ger et compact pour le camping et assez puissant pour nourrir m\u00eame de grands groupes. Deux br\u00fbleurs avec possibilit\u00e9 de r\u00e9glage pr\u00e9cise de chaque flamme &#8211; le r\u00e9chaud \u00e0 double flamme id\u00e9al pour la pr\u00e9paration de repas d\u00e9licieux. Le pare-vent int\u00e9gr\u00e9 garantit une flamme r\u00e9guli\u00e8re. Le design en acier inoxydable, ch\u00eane et aluminium moul\u00e9 sous pression est \u00e9pur\u00e9, classique et \u00e9l\u00e9gant. Le support de casserole et l\u2019\u00e9gouttoir sont en acier inoxydable et peuvent \u00eatre facilement retir\u00e9s pour le nettoyage. Une plaque de grill pratique en aluminium moul\u00e9 sous pression avec rev\u00eatement anti-adh\u00e9rent en c\u00e9ramique est comprise dans le contenu de livraison du Tupike Stove. Alimentation Cartouche \u00e0 visser, bouteille de gaz.<\/p>\n","protected":false},"excerpt":{"rendered":"<p>Le Tupike Stove est le r\u00eave de tous les cuisiniers de camping. Id\u00e9al pour la grande cuisine gastronomique, ce r\u00e9chaud est suffisamment l\u00e9ger et compact pour le camping et assez puissant pour nourrir m\u00eame de grands groupes. Deux br\u00fbleurs avec possibilit\u00e9 de r\u00e9glage pr\u00e9cise de chaque flamme &#8211; le r\u00e9chaud \u00e0 double flamme id\u00e9al pour [&hellip;]<\/p>\n","protected":false},"featured_media":102235,"template":"","meta":{"_acf_changed":false},"product_featured_cat":[],"product_brand":[3414],"product_cat":[4305],"product_tag":[],"class_list":{"0":"post-102237","1":"product","2":"type-product","3":"status-publish","4":"has-post-thumbnail","6":"product_brand-primus","7":"product_cat-rechauds","9":"first","10":"instock","11":"taxable","12":"shipping-taxable","13":"purchasable","14":"product-type-simple"},"acf":[],"yoast_head":"<!-- This site is optimized with the Yoast SEO plugin v27.4 - https:\/\/yoast.com\/product\/yoast-seo-wordpress\/ -->\n<title>R\u00e9chaud Primus Tupike Stove 2 feux - Bantam Wankm\u00fcller SA<\/title>\n<meta name=\"robots\" content=\"index, follow, max-snippet:-1, max-image-preview:large, max-video-preview:-1\" \/>\n<link rel=\"canonical\" href=\"https:\/\/shop.bantam.ch\/fr\/produit\/rechaud-tupike-stove-2-feux\/\" \/>\n<meta property=\"og:locale\" content=\"fr_FR\" \/>\n<meta property=\"og:type\" content=\"article\" \/>\n<meta property=\"og:title\" content=\"R\u00e9chaud Primus Tupike Stove 2 feux - Bantam Wankm\u00fcller SA\" \/>\n<meta property=\"og:description\" content=\"Le Tupike Stove est le r\u00eave de tous les cuisiniers de camping. Id\u00e9al pour la grande cuisine gastronomique, ce r\u00e9chaud est suffisamment l\u00e9ger et compact pour le camping et assez puissant pour nourrir m\u00eame de grands groupes. Deux br\u00fbleurs avec possibilit\u00e9 de r\u00e9glage pr\u00e9cise de chaque flamme &#8211; le r\u00e9chaud \u00e0 double flamme id\u00e9al pour [&hellip;]\" \/>\n<meta property=\"og:url\" content=\"https:\/\/shop.bantam.ch\/fr\/produit\/rechaud-tupike-stove-2-feux\/\" \/>\n<meta property=\"og:site_name\" content=\"Bantam Wankm\u00fcller SA\" \/>\n<meta property=\"article:modified_time\" content=\"2026-04-17T19:34:12+00:00\" \/>\n<meta property=\"og:image\" content=\"https:\/\/shop.bantam.ch\/wp-content\/uploads\/2023\/02\/995674611.jpg\" \/>\n\t<meta property=\"og:image:width\" content=\"1000\" \/>\n\t<meta property=\"og:image:height\" content=\"850\" \/>\n\t<meta property=\"og:image:type\" content=\"image\/jpeg\" \/>\n<meta name=\"twitter:card\" content=\"summary_large_image\" \/>\n<meta name=\"twitter:label1\" content=\"Dur\u00e9e de lecture estim\u00e9e\" \/>\n\t<meta name=\"twitter:data1\" content=\"1 minute\" \/>\n<script type=\"application\/ld+json\" class=\"yoast-schema-graph\">{\"@context\":\"https:\\\/\\\/schema.org\",\"@graph\":[{\"@type\":\"WebPage\",\"@id\":\"https:\\\/\\\/shop.bantam.ch\\\/fr\\\/produit\\\/rechaud-tupike-stove-2-feux\\\/\",\"url\":\"https:\\\/\\\/shop.bantam.ch\\\/fr\\\/produit\\\/rechaud-tupike-stove-2-feux\\\/\",\"name\":\"R\u00e9chaud Primus Tupike Stove 2 feux - Bantam Wankm\u00fcller SA\",\"isPartOf\":{\"@id\":\"https:\\\/\\\/shop.bantam.ch\\\/fr\\\/#website\"},\"primaryImageOfPage\":{\"@id\":\"https:\\\/\\\/shop.bantam.ch\\\/fr\\\/produit\\\/rechaud-tupike-stove-2-feux\\\/#primaryimage\"},\"image\":{\"@id\":\"https:\\\/\\\/shop.bantam.ch\\\/fr\\\/produit\\\/rechaud-tupike-stove-2-feux\\\/#primaryimage\"},\"thumbnailUrl\":\"https:\\\/\\\/shop.bantam.ch\\\/wp-content\\\/uploads\\\/2023\\\/02\\\/995674611.jpg\",\"datePublished\":\"2023-02-28T05:52:07+00:00\",\"dateModified\":\"2026-04-17T19:34:12+00:00\",\"breadcrumb\":{\"@id\":\"https:\\\/\\\/shop.bantam.ch\\\/fr\\\/produit\\\/rechaud-tupike-stove-2-feux\\\/#breadcrumb\"},\"inLanguage\":\"fr-FR\",\"potentialAction\":[{\"@type\":\"ReadAction\",\"target\":[\"https:\\\/\\\/shop.bantam.ch\\\/fr\\\/produit\\\/rechaud-tupike-stove-2-feux\\\/\"]}]},{\"@type\":\"ImageObject\",\"inLanguage\":\"fr-FR\",\"@id\":\"https:\\\/\\\/shop.bantam.ch\\\/fr\\\/produit\\\/rechaud-tupike-stove-2-feux\\\/#primaryimage\",\"url\":\"https:\\\/\\\/shop.bantam.ch\\\/wp-content\\\/uploads\\\/2023\\\/02\\\/995674611.jpg\",\"contentUrl\":\"https:\\\/\\\/shop.bantam.ch\\\/wp-content\\\/uploads\\\/2023\\\/02\\\/995674611.jpg\",\"width\":1000,\"height\":850},{\"@type\":\"BreadcrumbList\",\"@id\":\"https:\\\/\\\/shop.bantam.ch\\\/fr\\\/produit\\\/rechaud-tupike-stove-2-feux\\\/#breadcrumb\",\"itemListElement\":[{\"@type\":\"ListItem\",\"position\":1,\"name\":\"Accueil\",\"item\":\"https:\\\/\\\/shop.bantam.ch\\\/fr\\\/\"},{\"@type\":\"ListItem\",\"position\":2,\"name\":\"Boutique\",\"item\":\"https:\\\/\\\/shop.bantam.ch\\\/fr\\\/boutique\\\/\"},{\"@type\":\"ListItem\",\"position\":3,\"name\":\"R\u00e9chaud Primus Tupike Stove 2 feux\"}]},{\"@type\":\"WebSite\",\"@id\":\"https:\\\/\\\/shop.bantam.ch\\\/fr\\\/#website\",\"url\":\"https:\\\/\\\/shop.bantam.ch\\\/fr\\\/\",\"name\":\"Bantam Wankm\u00fcller SA\",\"description\":\"\",\"publisher\":{\"@id\":\"https:\\\/\\\/shop.bantam.ch\\\/fr\\\/#organization\"},\"inLanguage\":\"fr-FR\"},{\"@type\":\"Organization\",\"@id\":\"https:\\\/\\\/shop.bantam.ch\\\/fr\\\/#organization\",\"name\":\"Bantam Wankm\u00fcller SA\",\"url\":\"https:\\\/\\\/shop.bantam.ch\\\/fr\\\/\",\"logo\":{\"@type\":\"ImageObject\",\"inLanguage\":\"fr-FR\",\"@id\":\"https:\\\/\\\/shop.bantam.ch\\\/fr\\\/#\\\/schema\\\/logo\\\/image\\\/\",\"url\":\"https:\\\/\\\/shop.bantam.ch\\\/wp-content\\\/uploads\\\/2022\\\/12\\\/bantam-logo.png\",\"contentUrl\":\"https:\\\/\\\/shop.bantam.ch\\\/wp-content\\\/uploads\\\/2022\\\/12\\\/bantam-logo.png\",\"width\":320,\"height\":71,\"caption\":\"Bantam Wankm\u00fcller SA\"},\"image\":{\"@id\":\"https:\\\/\\\/shop.bantam.ch\\\/fr\\\/#\\\/schema\\\/logo\\\/image\\\/\"}}]}<\/script>\n<!-- \/ Yoast SEO plugin. -->","yoast_head_json":{"title":"R\u00e9chaud Primus Tupike Stove 2 feux - Bantam Wankm\u00fcller SA","robots":{"index":"index","follow":"follow","max-snippet":"max-snippet:-1","max-image-preview":"max-image-preview:large","max-video-preview":"max-video-preview:-1"},"canonical":"https:\/\/shop.bantam.ch\/fr\/produit\/rechaud-tupike-stove-2-feux\/","og_locale":"fr_FR","og_type":"article","og_title":"R\u00e9chaud Primus Tupike Stove 2 feux - Bantam Wankm\u00fcller SA","og_description":"Le Tupike Stove est le r\u00eave de tous les cuisiniers de camping. Id\u00e9al pour la grande cuisine gastronomique, ce r\u00e9chaud est suffisamment l\u00e9ger et compact pour le camping et assez puissant pour nourrir m\u00eame de grands groupes. Deux br\u00fbleurs avec possibilit\u00e9 de r\u00e9glage pr\u00e9cise de chaque flamme &#8211; le r\u00e9chaud \u00e0 double flamme id\u00e9al pour [&hellip;]","og_url":"https:\/\/shop.bantam.ch\/fr\/produit\/rechaud-tupike-stove-2-feux\/","og_site_name":"Bantam Wankm\u00fcller SA","article_modified_time":"2026-04-17T19:34:12+00:00","og_image":[{"width":1000,"height":850,"url":"https:\/\/shop.bantam.ch\/wp-content\/uploads\/2023\/02\/995674611.jpg","type":"image\/jpeg"}],"twitter_card":"summary_large_image","twitter_misc":{"Dur\u00e9e de lecture estim\u00e9e":"1 minute"},"schema":{"@context":"https:\/\/schema.org","@graph":[{"@type":"WebPage","@id":"https:\/\/shop.bantam.ch\/fr\/produit\/rechaud-tupike-stove-2-feux\/","url":"https:\/\/shop.bantam.ch\/fr\/produit\/rechaud-tupike-stove-2-feux\/","name":"R\u00e9chaud Primus Tupike Stove 2 feux - Bantam Wankm\u00fcller SA","isPartOf":{"@id":"https:\/\/shop.bantam.ch\/fr\/#website"},"primaryImageOfPage":{"@id":"https:\/\/shop.bantam.ch\/fr\/produit\/rechaud-tupike-stove-2-feux\/#primaryimage"},"image":{"@id":"https:\/\/shop.bantam.ch\/fr\/produit\/rechaud-tupike-stove-2-feux\/#primaryimage"},"thumbnailUrl":"https:\/\/shop.bantam.ch\/wp-content\/uploads\/2023\/02\/995674611.jpg","datePublished":"2023-02-28T05:52:07+00:00","dateModified":"2026-04-17T19:34:12+00:00","breadcrumb":{"@id":"https:\/\/shop.bantam.ch\/fr\/produit\/rechaud-tupike-stove-2-feux\/#breadcrumb"},"inLanguage":"fr-FR","potentialAction":[{"@type":"ReadAction","target":["https:\/\/shop.bantam.ch\/fr\/produit\/rechaud-tupike-stove-2-feux\/"]}]},{"@type":"ImageObject","inLanguage":"fr-FR","@id":"https:\/\/shop.bantam.ch\/fr\/produit\/rechaud-tupike-stove-2-feux\/#primaryimage","url":"https:\/\/shop.bantam.ch\/wp-content\/uploads\/2023\/02\/995674611.jpg","contentUrl":"https:\/\/shop.bantam.ch\/wp-content\/uploads\/2023\/02\/995674611.jpg","width":1000,"height":850},{"@type":"BreadcrumbList","@id":"https:\/\/shop.bantam.ch\/fr\/produit\/rechaud-tupike-stove-2-feux\/#breadcrumb","itemListElement":[{"@type":"ListItem","position":1,"name":"Accueil","item":"https:\/\/shop.bantam.ch\/fr\/"},{"@type":"ListItem","position":2,"name":"Boutique","item":"https:\/\/shop.bantam.ch\/fr\/boutique\/"},{"@type":"ListItem","position":3,"name":"R\u00e9chaud Primus Tupike Stove 2 feux"}]},{"@type":"WebSite","@id":"https:\/\/shop.bantam.ch\/fr\/#website","url":"https:\/\/shop.bantam.ch\/fr\/","name":"Bantam Wankm\u00fcller SA","description":"","publisher":{"@id":"https:\/\/shop.bantam.ch\/fr\/#organization"},"inLanguage":"fr-FR"},{"@type":"Organization","@id":"https:\/\/shop.bantam.ch\/fr\/#organization","name":"Bantam Wankm\u00fcller SA","url":"https:\/\/shop.bantam.ch\/fr\/","logo":{"@type":"ImageObject","inLanguage":"fr-FR","@id":"https:\/\/shop.bantam.ch\/fr\/#\/schema\/logo\/image\/","url":"https:\/\/shop.bantam.ch\/wp-content\/uploads\/2022\/12\/bantam-logo.png","contentUrl":"https:\/\/shop.bantam.ch\/wp-content\/uploads\/2022\/12\/bantam-logo.png","width":320,"height":71,"caption":"Bantam Wankm\u00fcller SA"},"image":{"@id":"https:\/\/shop.bantam.ch\/fr\/#\/schema\/logo\/image\/"}}]}},"_links":{"self":[{"href":"https:\/\/shop.bantam.ch\/fr\/wp-json\/wp\/v2\/product\/102237","targetHints":{"allow":["GET"]}}],"collection":[{"href":"https:\/\/shop.bantam.ch\/fr\/wp-json\/wp\/v2\/product"}],"about":[{"href":"https:\/\/shop.bantam.ch\/fr\/wp-json\/wp\/v2\/types\/product"}],"wp:featuredmedia":[{"embeddable":true,"href":"https:\/\/shop.bantam.ch\/fr\/wp-json\/wp\/v2\/media\/102235"}],"wp:attachment":[{"href":"https:\/\/shop.bantam.ch\/fr\/wp-json\/wp\/v2\/media?parent=102237"}],"wp:term":[{"taxonomy":"product_featured_cat","embeddable":true,"href":"https:\/\/shop.bantam.ch\/fr\/wp-json\/wp\/v2\/product_featured_cat?post=102237"},{"taxonomy":"product_brand","embeddable":true,"href":"https:\/\/shop.bantam.ch\/fr\/wp-json\/wp\/v2\/product_brand?post=102237"},{"taxonomy":"product_cat","embeddable":true,"href":"https:\/\/shop.bantam.ch\/fr\/wp-json\/wp\/v2\/product_cat?post=102237"},{"taxonomy":"product_tag","embeddable":true,"href":"https:\/\/shop.bantam.ch\/fr\/wp-json\/wp\/v2\/product_tag?post=102237"}],"curies":[{"name":"wp","href":"https:\/\/api.w.org\/{rel}","templated":true}]}}