{"id":101981,"date":"2023-02-28T06:48:11","date_gmt":"2023-02-28T05:48:11","guid":{"rendered":"http:\/\/shop.bantam.ch\/produit\/installation-satellite-a-recherche-automatique-traveller-man-3\/"},"modified":"2026-04-18T21:34:41","modified_gmt":"2026-04-18T19:34:41","slug":"installation-satellite-a-recherche-automatique-traveller-man-3","status":"publish","type":"product","link":"https:\/\/shop.bantam.ch\/fr\/produit\/installation-satellite-a-recherche-automatique-traveller-man-3\/","title":{"rendered":"Antenne satellite automatique Megasat Traveller-Man 3"},"content":{"rendered":"<p>L&rsquo;antenne satellite extr\u00eamement plate s&rsquo;aligne enti\u00e8rement automatiquement sur le satellite souhait\u00e9. Gr\u00e2ce \u00e0 sa conception plate de seulement 14,5 cm, l\u2019antenne peut \u00eatre positionn\u00e9e id\u00e9alement sur une caravane ou un camping-car et n\u2019influence aucunement la hauteur totale du v\u00e9hicule. Malgr\u00e9 sa petite taille, l\u2019antenne capte des images de qualit\u00e9 sup\u00e9rieure. Gr\u00e2ce \u00e0 la double connexion int\u00e9gr\u00e9e, vous pouvez faire fonctionner deux t\u00e9l\u00e9viseurs ou r\u00e9cepteurs ind\u00e9pendamment l&rsquo;un de l&rsquo;autre. Le syst\u00e8me Auto Skew permet aussi un r\u00e9glage correct de la polarisation de la t\u00eate LNB et garantit ainsi une r\u00e9ception de haute qualit\u00e9 partout en Europe. La Traveller-Man 3 peut \u00eatre mont\u00e9e de fa\u00e7on permanente sur les v\u00e9hicules \u00e0 l&rsquo;aide de la plaque de montage fournie. Un kit mobile est disponible s\u00e9par\u00e9ment pour une utilisation mobile. En externe avec module Bluetooth\u00ae<\/p>\n<ul>\n<li>Polarisation\u00a0: horizontale \/ verticale<\/li>\n<li>Satellites pr\u00e9-programm\u00e9s : 10<\/li>\n<li>Performances de r\u00e9ception\u00a0: 49 dBW<\/li>\n<li>Dimensions 525 x 145 x 480 mm (l x h x p)<\/li>\n<li>Amplification LNB\u00a0: 3 dBi<\/li>\n<li>Bande de fr\u00e9quence\u00a0: Bande courte<\/li>\n<li>Type d\u2019antenne : Antenne plate<\/li>\n<li>Plage de temp\u00e9rature\u00a0:\u00a0&#8211; 25 \u00b0C \u00e0 70 \u00b0C<\/li>\n<\/ul>\n<p>Contenu de la livraison :<\/p>\n<ul>\n<li>Traveller-Man 3<\/li>\n<li>Module de commande <\/li>\n<li>C\u00e2ble coaxial de 1 m<\/li>\n<li>C\u00e2ble coaxial de 10 m<\/li>\n<li>Sortie de toit<\/li>\n<li>Notice d\u2019utilisation<\/li>\n<\/ul>\n","protected":false},"excerpt":{"rendered":"<p>L&rsquo;antenne satellite extr\u00eamement plate s&rsquo;aligne enti\u00e8rement automatiquement sur le satellite souhait\u00e9. Gr\u00e2ce \u00e0 sa conception plate de seulement 14,5 cm, l\u2019antenne peut \u00eatre positionn\u00e9e id\u00e9alement sur une caravane ou un camping-car et n\u2019influence aucunement la hauteur totale du v\u00e9hicule. Malgr\u00e9 sa petite taille, l\u2019antenne capte des images de qualit\u00e9 sup\u00e9rieure. Gr\u00e2ce \u00e0 la double connexion [&hellip;]<\/p>\n","protected":false},"featured_media":101967,"template":"","meta":{"_acf_changed":false},"product_featured_cat":[],"product_brand":[3200],"product_cat":[4523],"product_tag":[],"class_list":{"0":"post-101981","1":"product","2":"type-product","3":"status-publish","4":"has-post-thumbnail","6":"product_brand-megasat","7":"product_cat-systemes-satellitaires","9":"first","10":"instock","11":"taxable","12":"shipping-taxable","13":"purchasable","14":"product-type-simple"},"acf":[],"yoast_head":"<!-- This site is optimized with the Yoast SEO plugin v27.4 - https:\/\/yoast.com\/product\/yoast-seo-wordpress\/ -->\n<title>Antenne satellite automatique Megasat Traveller-Man 3 - Bantam Wankm\u00fcller SA<\/title>\n<meta name=\"robots\" content=\"index, follow, max-snippet:-1, max-image-preview:large, max-video-preview:-1\" \/>\n<link rel=\"canonical\" href=\"https:\/\/shop.bantam.ch\/fr\/produit\/installation-satellite-a-recherche-automatique-traveller-man-3\/\" \/>\n<meta property=\"og:locale\" content=\"fr_FR\" \/>\n<meta property=\"og:type\" content=\"article\" \/>\n<meta property=\"og:title\" content=\"Antenne satellite automatique Megasat Traveller-Man 3 - Bantam Wankm\u00fcller SA\" \/>\n<meta property=\"og:description\" content=\"L&rsquo;antenne satellite extr\u00eamement plate s&rsquo;aligne enti\u00e8rement automatiquement sur le satellite souhait\u00e9. Gr\u00e2ce \u00e0 sa conception plate de seulement 14,5 cm, l\u2019antenne peut \u00eatre positionn\u00e9e id\u00e9alement sur une caravane ou un camping-car et n\u2019influence aucunement la hauteur totale du v\u00e9hicule. Malgr\u00e9 sa petite taille, l\u2019antenne capte des images de qualit\u00e9 sup\u00e9rieure. Gr\u00e2ce \u00e0 la double connexion [&hellip;]\" \/>\n<meta property=\"og:url\" content=\"https:\/\/shop.bantam.ch\/fr\/produit\/installation-satellite-a-recherche-automatique-traveller-man-3\/\" \/>\n<meta property=\"og:site_name\" content=\"Bantam Wankm\u00fcller SA\" \/>\n<meta property=\"article:modified_time\" content=\"2026-04-18T19:34:41+00:00\" \/>\n<meta property=\"og:image\" content=\"https:\/\/shop.bantam.ch\/wp-content\/uploads\/2023\/02\/995678811.jpg\" \/>\n\t<meta property=\"og:image:width\" content=\"1000\" \/>\n\t<meta property=\"og:image:height\" content=\"893\" \/>\n\t<meta property=\"og:image:type\" content=\"image\/jpeg\" \/>\n<meta name=\"twitter:card\" content=\"summary_large_image\" \/>\n<meta name=\"twitter:label1\" content=\"Dur\u00e9e de lecture estim\u00e9e\" \/>\n\t<meta name=\"twitter:data1\" content=\"1 minute\" \/>\n<script type=\"application\/ld+json\" class=\"yoast-schema-graph\">{\"@context\":\"https:\\\/\\\/schema.org\",\"@graph\":[{\"@type\":\"WebPage\",\"@id\":\"https:\\\/\\\/shop.bantam.ch\\\/fr\\\/produit\\\/installation-satellite-a-recherche-automatique-traveller-man-3\\\/\",\"url\":\"https:\\\/\\\/shop.bantam.ch\\\/fr\\\/produit\\\/installation-satellite-a-recherche-automatique-traveller-man-3\\\/\",\"name\":\"Antenne satellite automatique Megasat Traveller-Man 3 - Bantam Wankm\u00fcller SA\",\"isPartOf\":{\"@id\":\"https:\\\/\\\/shop.bantam.ch\\\/fr\\\/#website\"},\"primaryImageOfPage\":{\"@id\":\"https:\\\/\\\/shop.bantam.ch\\\/fr\\\/produit\\\/installation-satellite-a-recherche-automatique-traveller-man-3\\\/#primaryimage\"},\"image\":{\"@id\":\"https:\\\/\\\/shop.bantam.ch\\\/fr\\\/produit\\\/installation-satellite-a-recherche-automatique-traveller-man-3\\\/#primaryimage\"},\"thumbnailUrl\":\"https:\\\/\\\/shop.bantam.ch\\\/wp-content\\\/uploads\\\/2023\\\/02\\\/995678811.jpg\",\"datePublished\":\"2023-02-28T05:48:11+00:00\",\"dateModified\":\"2026-04-18T19:34:41+00:00\",\"breadcrumb\":{\"@id\":\"https:\\\/\\\/shop.bantam.ch\\\/fr\\\/produit\\\/installation-satellite-a-recherche-automatique-traveller-man-3\\\/#breadcrumb\"},\"inLanguage\":\"fr-FR\",\"potentialAction\":[{\"@type\":\"ReadAction\",\"target\":[\"https:\\\/\\\/shop.bantam.ch\\\/fr\\\/produit\\\/installation-satellite-a-recherche-automatique-traveller-man-3\\\/\"]}]},{\"@type\":\"ImageObject\",\"inLanguage\":\"fr-FR\",\"@id\":\"https:\\\/\\\/shop.bantam.ch\\\/fr\\\/produit\\\/installation-satellite-a-recherche-automatique-traveller-man-3\\\/#primaryimage\",\"url\":\"https:\\\/\\\/shop.bantam.ch\\\/wp-content\\\/uploads\\\/2023\\\/02\\\/995678811.jpg\",\"contentUrl\":\"https:\\\/\\\/shop.bantam.ch\\\/wp-content\\\/uploads\\\/2023\\\/02\\\/995678811.jpg\",\"width\":1000,\"height\":893},{\"@type\":\"BreadcrumbList\",\"@id\":\"https:\\\/\\\/shop.bantam.ch\\\/fr\\\/produit\\\/installation-satellite-a-recherche-automatique-traveller-man-3\\\/#breadcrumb\",\"itemListElement\":[{\"@type\":\"ListItem\",\"position\":1,\"name\":\"Accueil\",\"item\":\"https:\\\/\\\/shop.bantam.ch\\\/fr\\\/\"},{\"@type\":\"ListItem\",\"position\":2,\"name\":\"Boutique\",\"item\":\"https:\\\/\\\/shop.bantam.ch\\\/fr\\\/boutique\\\/\"},{\"@type\":\"ListItem\",\"position\":3,\"name\":\"Antenne satellite automatique Megasat Traveller-Man 3\"}]},{\"@type\":\"WebSite\",\"@id\":\"https:\\\/\\\/shop.bantam.ch\\\/fr\\\/#website\",\"url\":\"https:\\\/\\\/shop.bantam.ch\\\/fr\\\/\",\"name\":\"Bantam Wankm\u00fcller SA\",\"description\":\"\",\"publisher\":{\"@id\":\"https:\\\/\\\/shop.bantam.ch\\\/fr\\\/#organization\"},\"inLanguage\":\"fr-FR\"},{\"@type\":\"Organization\",\"@id\":\"https:\\\/\\\/shop.bantam.ch\\\/fr\\\/#organization\",\"name\":\"Bantam Wankm\u00fcller SA\",\"url\":\"https:\\\/\\\/shop.bantam.ch\\\/fr\\\/\",\"logo\":{\"@type\":\"ImageObject\",\"inLanguage\":\"fr-FR\",\"@id\":\"https:\\\/\\\/shop.bantam.ch\\\/fr\\\/#\\\/schema\\\/logo\\\/image\\\/\",\"url\":\"https:\\\/\\\/shop.bantam.ch\\\/wp-content\\\/uploads\\\/2022\\\/12\\\/bantam-logo.png\",\"contentUrl\":\"https:\\\/\\\/shop.bantam.ch\\\/wp-content\\\/uploads\\\/2022\\\/12\\\/bantam-logo.png\",\"width\":320,\"height\":71,\"caption\":\"Bantam Wankm\u00fcller SA\"},\"image\":{\"@id\":\"https:\\\/\\\/shop.bantam.ch\\\/fr\\\/#\\\/schema\\\/logo\\\/image\\\/\"}}]}<\/script>\n<!-- \/ Yoast SEO plugin. -->","yoast_head_json":{"title":"Antenne satellite automatique Megasat Traveller-Man 3 - Bantam Wankm\u00fcller SA","robots":{"index":"index","follow":"follow","max-snippet":"max-snippet:-1","max-image-preview":"max-image-preview:large","max-video-preview":"max-video-preview:-1"},"canonical":"https:\/\/shop.bantam.ch\/fr\/produit\/installation-satellite-a-recherche-automatique-traveller-man-3\/","og_locale":"fr_FR","og_type":"article","og_title":"Antenne satellite automatique Megasat Traveller-Man 3 - Bantam Wankm\u00fcller SA","og_description":"L&rsquo;antenne satellite extr\u00eamement plate s&rsquo;aligne enti\u00e8rement automatiquement sur le satellite souhait\u00e9. Gr\u00e2ce \u00e0 sa conception plate de seulement 14,5 cm, l\u2019antenne peut \u00eatre positionn\u00e9e id\u00e9alement sur une caravane ou un camping-car et n\u2019influence aucunement la hauteur totale du v\u00e9hicule. Malgr\u00e9 sa petite taille, l\u2019antenne capte des images de qualit\u00e9 sup\u00e9rieure. Gr\u00e2ce \u00e0 la double connexion [&hellip;]","og_url":"https:\/\/shop.bantam.ch\/fr\/produit\/installation-satellite-a-recherche-automatique-traveller-man-3\/","og_site_name":"Bantam Wankm\u00fcller SA","article_modified_time":"2026-04-18T19:34:41+00:00","og_image":[{"width":1000,"height":893,"url":"https:\/\/shop.bantam.ch\/wp-content\/uploads\/2023\/02\/995678811.jpg","type":"image\/jpeg"}],"twitter_card":"summary_large_image","twitter_misc":{"Dur\u00e9e de lecture estim\u00e9e":"1 minute"},"schema":{"@context":"https:\/\/schema.org","@graph":[{"@type":"WebPage","@id":"https:\/\/shop.bantam.ch\/fr\/produit\/installation-satellite-a-recherche-automatique-traveller-man-3\/","url":"https:\/\/shop.bantam.ch\/fr\/produit\/installation-satellite-a-recherche-automatique-traveller-man-3\/","name":"Antenne satellite automatique Megasat Traveller-Man 3 - Bantam Wankm\u00fcller SA","isPartOf":{"@id":"https:\/\/shop.bantam.ch\/fr\/#website"},"primaryImageOfPage":{"@id":"https:\/\/shop.bantam.ch\/fr\/produit\/installation-satellite-a-recherche-automatique-traveller-man-3\/#primaryimage"},"image":{"@id":"https:\/\/shop.bantam.ch\/fr\/produit\/installation-satellite-a-recherche-automatique-traveller-man-3\/#primaryimage"},"thumbnailUrl":"https:\/\/shop.bantam.ch\/wp-content\/uploads\/2023\/02\/995678811.jpg","datePublished":"2023-02-28T05:48:11+00:00","dateModified":"2026-04-18T19:34:41+00:00","breadcrumb":{"@id":"https:\/\/shop.bantam.ch\/fr\/produit\/installation-satellite-a-recherche-automatique-traveller-man-3\/#breadcrumb"},"inLanguage":"fr-FR","potentialAction":[{"@type":"ReadAction","target":["https:\/\/shop.bantam.ch\/fr\/produit\/installation-satellite-a-recherche-automatique-traveller-man-3\/"]}]},{"@type":"ImageObject","inLanguage":"fr-FR","@id":"https:\/\/shop.bantam.ch\/fr\/produit\/installation-satellite-a-recherche-automatique-traveller-man-3\/#primaryimage","url":"https:\/\/shop.bantam.ch\/wp-content\/uploads\/2023\/02\/995678811.jpg","contentUrl":"https:\/\/shop.bantam.ch\/wp-content\/uploads\/2023\/02\/995678811.jpg","width":1000,"height":893},{"@type":"BreadcrumbList","@id":"https:\/\/shop.bantam.ch\/fr\/produit\/installation-satellite-a-recherche-automatique-traveller-man-3\/#breadcrumb","itemListElement":[{"@type":"ListItem","position":1,"name":"Accueil","item":"https:\/\/shop.bantam.ch\/fr\/"},{"@type":"ListItem","position":2,"name":"Boutique","item":"https:\/\/shop.bantam.ch\/fr\/boutique\/"},{"@type":"ListItem","position":3,"name":"Antenne satellite automatique Megasat Traveller-Man 3"}]},{"@type":"WebSite","@id":"https:\/\/shop.bantam.ch\/fr\/#website","url":"https:\/\/shop.bantam.ch\/fr\/","name":"Bantam Wankm\u00fcller SA","description":"","publisher":{"@id":"https:\/\/shop.bantam.ch\/fr\/#organization"},"inLanguage":"fr-FR"},{"@type":"Organization","@id":"https:\/\/shop.bantam.ch\/fr\/#organization","name":"Bantam Wankm\u00fcller SA","url":"https:\/\/shop.bantam.ch\/fr\/","logo":{"@type":"ImageObject","inLanguage":"fr-FR","@id":"https:\/\/shop.bantam.ch\/fr\/#\/schema\/logo\/image\/","url":"https:\/\/shop.bantam.ch\/wp-content\/uploads\/2022\/12\/bantam-logo.png","contentUrl":"https:\/\/shop.bantam.ch\/wp-content\/uploads\/2022\/12\/bantam-logo.png","width":320,"height":71,"caption":"Bantam Wankm\u00fcller SA"},"image":{"@id":"https:\/\/shop.bantam.ch\/fr\/#\/schema\/logo\/image\/"}}]}},"_links":{"self":[{"href":"https:\/\/shop.bantam.ch\/fr\/wp-json\/wp\/v2\/product\/101981","targetHints":{"allow":["GET"]}}],"collection":[{"href":"https:\/\/shop.bantam.ch\/fr\/wp-json\/wp\/v2\/product"}],"about":[{"href":"https:\/\/shop.bantam.ch\/fr\/wp-json\/wp\/v2\/types\/product"}],"wp:featuredmedia":[{"embeddable":true,"href":"https:\/\/shop.bantam.ch\/fr\/wp-json\/wp\/v2\/media\/101967"}],"wp:attachment":[{"href":"https:\/\/shop.bantam.ch\/fr\/wp-json\/wp\/v2\/media?parent=101981"}],"wp:term":[{"taxonomy":"product_featured_cat","embeddable":true,"href":"https:\/\/shop.bantam.ch\/fr\/wp-json\/wp\/v2\/product_featured_cat?post=101981"},{"taxonomy":"product_brand","embeddable":true,"href":"https:\/\/shop.bantam.ch\/fr\/wp-json\/wp\/v2\/product_brand?post=101981"},{"taxonomy":"product_cat","embeddable":true,"href":"https:\/\/shop.bantam.ch\/fr\/wp-json\/wp\/v2\/product_cat?post=101981"},{"taxonomy":"product_tag","embeddable":true,"href":"https:\/\/shop.bantam.ch\/fr\/wp-json\/wp\/v2\/product_tag?post=101981"}],"curies":[{"name":"wp","href":"https:\/\/api.w.org\/{rel}","templated":true}]}}