{"id":101901,"date":"2023-02-28T06:46:55","date_gmt":"2023-02-28T05:46:55","guid":{"rendered":"http:\/\/shop.bantam.ch\/produit\/tapis-pour-auvent-kinetic-600-gris-clair\/"},"modified":"2026-04-18T23:03:21","modified_gmt":"2026-04-18T21:03:21","slug":"tapis-pour-auvent-kinetic-600-gris-clair","status":"publish","type":"product","link":"https:\/\/shop.bantam.ch\/fr\/produit\/tapis-pour-auvent-kinetic-600-gris-clair\/","title":{"rendered":"Tapis pour auvent Kinetic\u00a0600, gris clair"},"content":{"rendered":"<p>Tapis de haute qualit\u00e9 id\u00e9al pour le camping \u00e0 l\u2019ann\u00e9e ou pour de courts s\u00e9jours.<\/p>\n<ul>\n<li>Tissu sp\u00e9cial extr\u00eamement durable<\/li>\n<li>Utilisable sur les deux c\u00f4t\u00e9s.<\/li>\n<li>Cela permet de les couper sans qu\u2019ils ne s\u2019effilochent.<\/li>\n<li>Extr\u00eamement r\u00e9sistant \u00e0 l\u2019usure<\/li>\n<li>Hydrofuge<\/li>\n<li>Lavable<\/li>\n<li>Sans phtalates<\/li>\n<\/ul>\n<p>Mat\u00e9riau\u00a0:<\/p>\n<p>70\u00a0% PVC &#8211; polychlorure de vinyle<\/p>\n<p>30\u00a0% PET &#8211; t\u00e9r\u00e9phtalate de poly\u00e9thyl\u00e8ne<\/p>\n","protected":false},"excerpt":{"rendered":"<p>Tapis de haute qualit\u00e9 id\u00e9al pour le camping \u00e0 l\u2019ann\u00e9e ou pour de courts s\u00e9jours. Tissu sp\u00e9cial extr\u00eamement durable Utilisable sur les deux c\u00f4t\u00e9s. Cela permet de les couper sans qu\u2019ils ne s\u2019effilochent. Extr\u00eamement r\u00e9sistant \u00e0 l\u2019usure Hydrofuge Lavable Sans phtalates Mat\u00e9riau\u00a0: 70\u00a0% PVC &#8211; polychlorure de vinyle 30\u00a0% PET &#8211; t\u00e9r\u00e9phtalate de poly\u00e9thyl\u00e8ne<\/p>\n","protected":false},"featured_media":101891,"template":"","meta":{"_acf_changed":false},"product_featured_cat":[],"product_brand":[3080],"product_cat":[4261],"product_tag":[],"class_list":{"0":"post-101901","1":"product","2":"type-product","3":"status-publish","4":"has-post-thumbnail","6":"product_brand-brunner","7":"product_cat-tapis-de-tente-et-planchers","9":"first","10":"instock","11":"taxable","12":"shipping-taxable","13":"purchasable","14":"product-type-variable"},"acf":[],"yoast_head":"<!-- This site is optimized with the Yoast SEO plugin v27.4 - https:\/\/yoast.com\/product\/yoast-seo-wordpress\/ -->\n<title>Tapis pour auvent Kinetic\u00a0600, gris clair - Bantam Wankm\u00fcller SA<\/title>\n<meta name=\"robots\" content=\"index, follow, max-snippet:-1, max-image-preview:large, max-video-preview:-1\" \/>\n<link rel=\"canonical\" href=\"https:\/\/shop.bantam.ch\/fr\/produit\/tapis-pour-auvent-kinetic-600-gris-clair\/\" \/>\n<meta property=\"og:locale\" content=\"fr_FR\" \/>\n<meta property=\"og:type\" content=\"article\" \/>\n<meta property=\"og:title\" content=\"Tapis pour auvent Kinetic\u00a0600, gris clair - Bantam Wankm\u00fcller SA\" \/>\n<meta property=\"og:description\" content=\"Tapis de haute qualit\u00e9 id\u00e9al pour le camping \u00e0 l\u2019ann\u00e9e ou pour de courts s\u00e9jours. Tissu sp\u00e9cial extr\u00eamement durable Utilisable sur les deux c\u00f4t\u00e9s. Cela permet de les couper sans qu\u2019ils ne s\u2019effilochent. Extr\u00eamement r\u00e9sistant \u00e0 l\u2019usure Hydrofuge Lavable Sans phtalates Mat\u00e9riau\u00a0: 70\u00a0% PVC &#8211; polychlorure de vinyle 30\u00a0% PET &#8211; t\u00e9r\u00e9phtalate de poly\u00e9thyl\u00e8ne\" \/>\n<meta property=\"og:url\" content=\"https:\/\/shop.bantam.ch\/fr\/produit\/tapis-pour-auvent-kinetic-600-gris-clair\/\" \/>\n<meta property=\"og:site_name\" content=\"Bantam Wankm\u00fcller SA\" \/>\n<meta property=\"article:modified_time\" content=\"2026-04-18T21:03:21+00:00\" \/>\n<meta property=\"og:image\" content=\"https:\/\/shop.bantam.ch\/wp-content\/uploads\/2023\/02\/994368011-1.jpg\" \/>\n\t<meta property=\"og:image:width\" content=\"1000\" \/>\n\t<meta property=\"og:image:height\" content=\"618\" \/>\n\t<meta property=\"og:image:type\" content=\"image\/jpeg\" \/>\n<meta name=\"twitter:card\" content=\"summary_large_image\" \/>\n<script type=\"application\/ld+json\" class=\"yoast-schema-graph\">{\"@context\":\"https:\\\/\\\/schema.org\",\"@graph\":[{\"@type\":\"WebPage\",\"@id\":\"https:\\\/\\\/shop.bantam.ch\\\/fr\\\/produit\\\/tapis-pour-auvent-kinetic-600-gris-clair\\\/\",\"url\":\"https:\\\/\\\/shop.bantam.ch\\\/fr\\\/produit\\\/tapis-pour-auvent-kinetic-600-gris-clair\\\/\",\"name\":\"Tapis pour auvent Kinetic\u00a0600, gris clair - Bantam Wankm\u00fcller SA\",\"isPartOf\":{\"@id\":\"https:\\\/\\\/shop.bantam.ch\\\/fr\\\/#website\"},\"primaryImageOfPage\":{\"@id\":\"https:\\\/\\\/shop.bantam.ch\\\/fr\\\/produit\\\/tapis-pour-auvent-kinetic-600-gris-clair\\\/#primaryimage\"},\"image\":{\"@id\":\"https:\\\/\\\/shop.bantam.ch\\\/fr\\\/produit\\\/tapis-pour-auvent-kinetic-600-gris-clair\\\/#primaryimage\"},\"thumbnailUrl\":\"https:\\\/\\\/shop.bantam.ch\\\/wp-content\\\/uploads\\\/2023\\\/02\\\/994368011-1.jpg\",\"datePublished\":\"2023-02-28T05:46:55+00:00\",\"dateModified\":\"2026-04-18T21:03:21+00:00\",\"breadcrumb\":{\"@id\":\"https:\\\/\\\/shop.bantam.ch\\\/fr\\\/produit\\\/tapis-pour-auvent-kinetic-600-gris-clair\\\/#breadcrumb\"},\"inLanguage\":\"fr-FR\",\"potentialAction\":[{\"@type\":\"ReadAction\",\"target\":[\"https:\\\/\\\/shop.bantam.ch\\\/fr\\\/produit\\\/tapis-pour-auvent-kinetic-600-gris-clair\\\/\"]}]},{\"@type\":\"ImageObject\",\"inLanguage\":\"fr-FR\",\"@id\":\"https:\\\/\\\/shop.bantam.ch\\\/fr\\\/produit\\\/tapis-pour-auvent-kinetic-600-gris-clair\\\/#primaryimage\",\"url\":\"https:\\\/\\\/shop.bantam.ch\\\/wp-content\\\/uploads\\\/2023\\\/02\\\/994368011-1.jpg\",\"contentUrl\":\"https:\\\/\\\/shop.bantam.ch\\\/wp-content\\\/uploads\\\/2023\\\/02\\\/994368011-1.jpg\",\"width\":1000,\"height\":618},{\"@type\":\"BreadcrumbList\",\"@id\":\"https:\\\/\\\/shop.bantam.ch\\\/fr\\\/produit\\\/tapis-pour-auvent-kinetic-600-gris-clair\\\/#breadcrumb\",\"itemListElement\":[{\"@type\":\"ListItem\",\"position\":1,\"name\":\"Accueil\",\"item\":\"https:\\\/\\\/shop.bantam.ch\\\/fr\\\/\"},{\"@type\":\"ListItem\",\"position\":2,\"name\":\"Boutique\",\"item\":\"https:\\\/\\\/shop.bantam.ch\\\/fr\\\/boutique\\\/\"},{\"@type\":\"ListItem\",\"position\":3,\"name\":\"Tapis pour auvent Kinetic\u00a0600, gris clair\"}]},{\"@type\":\"WebSite\",\"@id\":\"https:\\\/\\\/shop.bantam.ch\\\/fr\\\/#website\",\"url\":\"https:\\\/\\\/shop.bantam.ch\\\/fr\\\/\",\"name\":\"Bantam Wankm\u00fcller SA\",\"description\":\"\",\"publisher\":{\"@id\":\"https:\\\/\\\/shop.bantam.ch\\\/fr\\\/#organization\"},\"inLanguage\":\"fr-FR\"},{\"@type\":\"Organization\",\"@id\":\"https:\\\/\\\/shop.bantam.ch\\\/fr\\\/#organization\",\"name\":\"Bantam Wankm\u00fcller SA\",\"url\":\"https:\\\/\\\/shop.bantam.ch\\\/fr\\\/\",\"logo\":{\"@type\":\"ImageObject\",\"inLanguage\":\"fr-FR\",\"@id\":\"https:\\\/\\\/shop.bantam.ch\\\/fr\\\/#\\\/schema\\\/logo\\\/image\\\/\",\"url\":\"https:\\\/\\\/shop.bantam.ch\\\/wp-content\\\/uploads\\\/2022\\\/12\\\/bantam-logo.png\",\"contentUrl\":\"https:\\\/\\\/shop.bantam.ch\\\/wp-content\\\/uploads\\\/2022\\\/12\\\/bantam-logo.png\",\"width\":320,\"height\":71,\"caption\":\"Bantam Wankm\u00fcller SA\"},\"image\":{\"@id\":\"https:\\\/\\\/shop.bantam.ch\\\/fr\\\/#\\\/schema\\\/logo\\\/image\\\/\"}}]}<\/script>\n<!-- \/ Yoast SEO plugin. -->","yoast_head_json":{"title":"Tapis pour auvent Kinetic\u00a0600, gris clair - Bantam Wankm\u00fcller SA","robots":{"index":"index","follow":"follow","max-snippet":"max-snippet:-1","max-image-preview":"max-image-preview:large","max-video-preview":"max-video-preview:-1"},"canonical":"https:\/\/shop.bantam.ch\/fr\/produit\/tapis-pour-auvent-kinetic-600-gris-clair\/","og_locale":"fr_FR","og_type":"article","og_title":"Tapis pour auvent Kinetic\u00a0600, gris clair - Bantam Wankm\u00fcller SA","og_description":"Tapis de haute qualit\u00e9 id\u00e9al pour le camping \u00e0 l\u2019ann\u00e9e ou pour de courts s\u00e9jours. Tissu sp\u00e9cial extr\u00eamement durable Utilisable sur les deux c\u00f4t\u00e9s. Cela permet de les couper sans qu\u2019ils ne s\u2019effilochent. Extr\u00eamement r\u00e9sistant \u00e0 l\u2019usure Hydrofuge Lavable Sans phtalates Mat\u00e9riau\u00a0: 70\u00a0% PVC &#8211; polychlorure de vinyle 30\u00a0% PET &#8211; t\u00e9r\u00e9phtalate de poly\u00e9thyl\u00e8ne","og_url":"https:\/\/shop.bantam.ch\/fr\/produit\/tapis-pour-auvent-kinetic-600-gris-clair\/","og_site_name":"Bantam Wankm\u00fcller SA","article_modified_time":"2026-04-18T21:03:21+00:00","og_image":[{"width":1000,"height":618,"url":"https:\/\/shop.bantam.ch\/wp-content\/uploads\/2023\/02\/994368011-1.jpg","type":"image\/jpeg"}],"twitter_card":"summary_large_image","schema":{"@context":"https:\/\/schema.org","@graph":[{"@type":"WebPage","@id":"https:\/\/shop.bantam.ch\/fr\/produit\/tapis-pour-auvent-kinetic-600-gris-clair\/","url":"https:\/\/shop.bantam.ch\/fr\/produit\/tapis-pour-auvent-kinetic-600-gris-clair\/","name":"Tapis pour auvent Kinetic\u00a0600, gris clair - Bantam Wankm\u00fcller SA","isPartOf":{"@id":"https:\/\/shop.bantam.ch\/fr\/#website"},"primaryImageOfPage":{"@id":"https:\/\/shop.bantam.ch\/fr\/produit\/tapis-pour-auvent-kinetic-600-gris-clair\/#primaryimage"},"image":{"@id":"https:\/\/shop.bantam.ch\/fr\/produit\/tapis-pour-auvent-kinetic-600-gris-clair\/#primaryimage"},"thumbnailUrl":"https:\/\/shop.bantam.ch\/wp-content\/uploads\/2023\/02\/994368011-1.jpg","datePublished":"2023-02-28T05:46:55+00:00","dateModified":"2026-04-18T21:03:21+00:00","breadcrumb":{"@id":"https:\/\/shop.bantam.ch\/fr\/produit\/tapis-pour-auvent-kinetic-600-gris-clair\/#breadcrumb"},"inLanguage":"fr-FR","potentialAction":[{"@type":"ReadAction","target":["https:\/\/shop.bantam.ch\/fr\/produit\/tapis-pour-auvent-kinetic-600-gris-clair\/"]}]},{"@type":"ImageObject","inLanguage":"fr-FR","@id":"https:\/\/shop.bantam.ch\/fr\/produit\/tapis-pour-auvent-kinetic-600-gris-clair\/#primaryimage","url":"https:\/\/shop.bantam.ch\/wp-content\/uploads\/2023\/02\/994368011-1.jpg","contentUrl":"https:\/\/shop.bantam.ch\/wp-content\/uploads\/2023\/02\/994368011-1.jpg","width":1000,"height":618},{"@type":"BreadcrumbList","@id":"https:\/\/shop.bantam.ch\/fr\/produit\/tapis-pour-auvent-kinetic-600-gris-clair\/#breadcrumb","itemListElement":[{"@type":"ListItem","position":1,"name":"Accueil","item":"https:\/\/shop.bantam.ch\/fr\/"},{"@type":"ListItem","position":2,"name":"Boutique","item":"https:\/\/shop.bantam.ch\/fr\/boutique\/"},{"@type":"ListItem","position":3,"name":"Tapis pour auvent Kinetic\u00a0600, gris clair"}]},{"@type":"WebSite","@id":"https:\/\/shop.bantam.ch\/fr\/#website","url":"https:\/\/shop.bantam.ch\/fr\/","name":"Bantam Wankm\u00fcller SA","description":"","publisher":{"@id":"https:\/\/shop.bantam.ch\/fr\/#organization"},"inLanguage":"fr-FR"},{"@type":"Organization","@id":"https:\/\/shop.bantam.ch\/fr\/#organization","name":"Bantam Wankm\u00fcller SA","url":"https:\/\/shop.bantam.ch\/fr\/","logo":{"@type":"ImageObject","inLanguage":"fr-FR","@id":"https:\/\/shop.bantam.ch\/fr\/#\/schema\/logo\/image\/","url":"https:\/\/shop.bantam.ch\/wp-content\/uploads\/2022\/12\/bantam-logo.png","contentUrl":"https:\/\/shop.bantam.ch\/wp-content\/uploads\/2022\/12\/bantam-logo.png","width":320,"height":71,"caption":"Bantam Wankm\u00fcller SA"},"image":{"@id":"https:\/\/shop.bantam.ch\/fr\/#\/schema\/logo\/image\/"}}]}},"_links":{"self":[{"href":"https:\/\/shop.bantam.ch\/fr\/wp-json\/wp\/v2\/product\/101901","targetHints":{"allow":["GET"]}}],"collection":[{"href":"https:\/\/shop.bantam.ch\/fr\/wp-json\/wp\/v2\/product"}],"about":[{"href":"https:\/\/shop.bantam.ch\/fr\/wp-json\/wp\/v2\/types\/product"}],"wp:featuredmedia":[{"embeddable":true,"href":"https:\/\/shop.bantam.ch\/fr\/wp-json\/wp\/v2\/media\/101891"}],"wp:attachment":[{"href":"https:\/\/shop.bantam.ch\/fr\/wp-json\/wp\/v2\/media?parent=101901"}],"wp:term":[{"taxonomy":"product_featured_cat","embeddable":true,"href":"https:\/\/shop.bantam.ch\/fr\/wp-json\/wp\/v2\/product_featured_cat?post=101901"},{"taxonomy":"product_brand","embeddable":true,"href":"https:\/\/shop.bantam.ch\/fr\/wp-json\/wp\/v2\/product_brand?post=101901"},{"taxonomy":"product_cat","embeddable":true,"href":"https:\/\/shop.bantam.ch\/fr\/wp-json\/wp\/v2\/product_cat?post=101901"},{"taxonomy":"product_tag","embeddable":true,"href":"https:\/\/shop.bantam.ch\/fr\/wp-json\/wp\/v2\/product_tag?post=101901"}],"curies":[{"name":"wp","href":"https:\/\/api.w.org\/{rel}","templated":true}]}}