{"id":101859,"date":"2023-02-28T06:46:17","date_gmt":"2023-02-28T05:46:17","guid":{"rendered":"http:\/\/shop.bantam.ch\/produit\/installation-satellite-automatique-caravanman-compact-3\/"},"modified":"2026-04-18T23:03:13","modified_gmt":"2026-04-18T21:03:13","slug":"installation-satellite-automatique-caravanman-compact-3","status":"publish","type":"product","link":"https:\/\/shop.bantam.ch\/fr\/produit\/installation-satellite-automatique-caravanman-compact-3\/","title":{"rendered":"Installation satellite automatique Caravanman Compact 3"},"content":{"rendered":"<p>La Caravanman Compact 3 est l\u2019antenne id\u00e9ale pour les caravanes, les fourgonnettes ou les camping-cars avec une surface de montage limit\u00e9e. Sa plage de pivotement r\u00e9duite de seulement 77 cm lui permettra de trouver sa place sur tous les v\u00e9hicules.  Avec une hauteur peu \u00e9lev\u00e9e de seulement 17 cm, cette antenne satellite est un des composants les plus bas sur le toit. Malgr\u00e9 la petite parabole, l\u2018antenne capte \u00e9galement le signal satellite dans les r\u00e9gions p\u00e9riph\u00e9rique de l\u2018Europe. Un kit mobile est disponible s\u00e9par\u00e9ment pour une utilisation mobile. En externe avec module Bluetooth\u00ae<\/p>\n<p>Contenu de la livraison :<\/p>\n<ul>\n<li>Caravanman Compact 3<\/li>\n<li>Module de commande <\/li>\n<li>C\u00e2ble coaxial de 1 m<\/li>\n<li>C\u00e2ble coaxial de 10 m<\/li>\n<li>Sortie de toit<\/li>\n<li>Notice d\u2019utilisation<\/li>\n<\/ul>\n","protected":false},"excerpt":{"rendered":"<p>La Caravanman Compact 3 est l\u2019antenne id\u00e9ale pour les caravanes, les fourgonnettes ou les camping-cars avec une surface de montage limit\u00e9e. Sa plage de pivotement r\u00e9duite de seulement 77 cm lui permettra de trouver sa place sur tous les v\u00e9hicules. Avec une hauteur peu \u00e9lev\u00e9e de seulement 17 cm, cette antenne satellite est un des [&hellip;]<\/p>\n","protected":false},"featured_media":101825,"template":"","meta":{"_acf_changed":false},"product_featured_cat":[],"product_brand":[3200],"product_cat":[4523],"product_tag":[],"class_list":{"0":"post-101859","1":"product","2":"type-product","3":"status-publish","4":"has-post-thumbnail","6":"product_brand-megasat","7":"product_cat-systemes-satellitaires","9":"first","10":"instock","11":"taxable","12":"shipping-taxable","13":"purchasable","14":"product-type-variable"},"acf":[],"yoast_head":"<!-- This site is optimized with the Yoast SEO plugin v27.4 - https:\/\/yoast.com\/product\/yoast-seo-wordpress\/ -->\n<title>Installation satellite automatique Caravanman Compact 3 - Bantam Wankm\u00fcller SA<\/title>\n<meta name=\"robots\" content=\"index, follow, max-snippet:-1, max-image-preview:large, max-video-preview:-1\" \/>\n<link rel=\"canonical\" href=\"https:\/\/shop.bantam.ch\/fr\/produit\/installation-satellite-automatique-caravanman-compact-3\/\" \/>\n<meta property=\"og:locale\" content=\"fr_FR\" \/>\n<meta property=\"og:type\" content=\"article\" \/>\n<meta property=\"og:title\" content=\"Installation satellite automatique Caravanman Compact 3 - Bantam Wankm\u00fcller SA\" \/>\n<meta property=\"og:description\" content=\"La Caravanman Compact 3 est l\u2019antenne id\u00e9ale pour les caravanes, les fourgonnettes ou les camping-cars avec une surface de montage limit\u00e9e. Sa plage de pivotement r\u00e9duite de seulement 77 cm lui permettra de trouver sa place sur tous les v\u00e9hicules. Avec une hauteur peu \u00e9lev\u00e9e de seulement 17 cm, cette antenne satellite est un des [&hellip;]\" \/>\n<meta property=\"og:url\" content=\"https:\/\/shop.bantam.ch\/fr\/produit\/installation-satellite-automatique-caravanman-compact-3\/\" \/>\n<meta property=\"og:site_name\" content=\"Bantam Wankm\u00fcller SA\" \/>\n<meta property=\"article:modified_time\" content=\"2026-04-18T21:03:13+00:00\" \/>\n<meta property=\"og:image\" content=\"https:\/\/shop.bantam.ch\/wp-content\/uploads\/2023\/02\/995678411.jpg\" \/>\n\t<meta property=\"og:image:width\" content=\"1000\" \/>\n\t<meta property=\"og:image:height\" content=\"982\" \/>\n\t<meta property=\"og:image:type\" content=\"image\/jpeg\" \/>\n<meta name=\"twitter:card\" content=\"summary_large_image\" \/>\n<meta name=\"twitter:label1\" content=\"Dur\u00e9e de lecture estim\u00e9e\" \/>\n\t<meta name=\"twitter:data1\" content=\"1 minute\" \/>\n<script type=\"application\/ld+json\" class=\"yoast-schema-graph\">{\"@context\":\"https:\\\/\\\/schema.org\",\"@graph\":[{\"@type\":\"WebPage\",\"@id\":\"https:\\\/\\\/shop.bantam.ch\\\/fr\\\/produit\\\/installation-satellite-automatique-caravanman-compact-3\\\/\",\"url\":\"https:\\\/\\\/shop.bantam.ch\\\/fr\\\/produit\\\/installation-satellite-automatique-caravanman-compact-3\\\/\",\"name\":\"Installation satellite automatique Caravanman Compact 3 - Bantam Wankm\u00fcller SA\",\"isPartOf\":{\"@id\":\"https:\\\/\\\/shop.bantam.ch\\\/fr\\\/#website\"},\"primaryImageOfPage\":{\"@id\":\"https:\\\/\\\/shop.bantam.ch\\\/fr\\\/produit\\\/installation-satellite-automatique-caravanman-compact-3\\\/#primaryimage\"},\"image\":{\"@id\":\"https:\\\/\\\/shop.bantam.ch\\\/fr\\\/produit\\\/installation-satellite-automatique-caravanman-compact-3\\\/#primaryimage\"},\"thumbnailUrl\":\"https:\\\/\\\/shop.bantam.ch\\\/wp-content\\\/uploads\\\/2023\\\/02\\\/995678411.jpg\",\"datePublished\":\"2023-02-28T05:46:17+00:00\",\"dateModified\":\"2026-04-18T21:03:13+00:00\",\"breadcrumb\":{\"@id\":\"https:\\\/\\\/shop.bantam.ch\\\/fr\\\/produit\\\/installation-satellite-automatique-caravanman-compact-3\\\/#breadcrumb\"},\"inLanguage\":\"fr-FR\",\"potentialAction\":[{\"@type\":\"ReadAction\",\"target\":[\"https:\\\/\\\/shop.bantam.ch\\\/fr\\\/produit\\\/installation-satellite-automatique-caravanman-compact-3\\\/\"]}]},{\"@type\":\"ImageObject\",\"inLanguage\":\"fr-FR\",\"@id\":\"https:\\\/\\\/shop.bantam.ch\\\/fr\\\/produit\\\/installation-satellite-automatique-caravanman-compact-3\\\/#primaryimage\",\"url\":\"https:\\\/\\\/shop.bantam.ch\\\/wp-content\\\/uploads\\\/2023\\\/02\\\/995678411.jpg\",\"contentUrl\":\"https:\\\/\\\/shop.bantam.ch\\\/wp-content\\\/uploads\\\/2023\\\/02\\\/995678411.jpg\",\"width\":1000,\"height\":982},{\"@type\":\"BreadcrumbList\",\"@id\":\"https:\\\/\\\/shop.bantam.ch\\\/fr\\\/produit\\\/installation-satellite-automatique-caravanman-compact-3\\\/#breadcrumb\",\"itemListElement\":[{\"@type\":\"ListItem\",\"position\":1,\"name\":\"Accueil\",\"item\":\"https:\\\/\\\/shop.bantam.ch\\\/fr\\\/\"},{\"@type\":\"ListItem\",\"position\":2,\"name\":\"Boutique\",\"item\":\"https:\\\/\\\/shop.bantam.ch\\\/fr\\\/boutique\\\/\"},{\"@type\":\"ListItem\",\"position\":3,\"name\":\"Installation satellite automatique Caravanman Compact 3\"}]},{\"@type\":\"WebSite\",\"@id\":\"https:\\\/\\\/shop.bantam.ch\\\/fr\\\/#website\",\"url\":\"https:\\\/\\\/shop.bantam.ch\\\/fr\\\/\",\"name\":\"Bantam Wankm\u00fcller SA\",\"description\":\"\",\"publisher\":{\"@id\":\"https:\\\/\\\/shop.bantam.ch\\\/fr\\\/#organization\"},\"inLanguage\":\"fr-FR\"},{\"@type\":\"Organization\",\"@id\":\"https:\\\/\\\/shop.bantam.ch\\\/fr\\\/#organization\",\"name\":\"Bantam Wankm\u00fcller SA\",\"url\":\"https:\\\/\\\/shop.bantam.ch\\\/fr\\\/\",\"logo\":{\"@type\":\"ImageObject\",\"inLanguage\":\"fr-FR\",\"@id\":\"https:\\\/\\\/shop.bantam.ch\\\/fr\\\/#\\\/schema\\\/logo\\\/image\\\/\",\"url\":\"https:\\\/\\\/shop.bantam.ch\\\/wp-content\\\/uploads\\\/2022\\\/12\\\/bantam-logo.png\",\"contentUrl\":\"https:\\\/\\\/shop.bantam.ch\\\/wp-content\\\/uploads\\\/2022\\\/12\\\/bantam-logo.png\",\"width\":320,\"height\":71,\"caption\":\"Bantam Wankm\u00fcller SA\"},\"image\":{\"@id\":\"https:\\\/\\\/shop.bantam.ch\\\/fr\\\/#\\\/schema\\\/logo\\\/image\\\/\"}}]}<\/script>\n<!-- \/ Yoast SEO plugin. -->","yoast_head_json":{"title":"Installation satellite automatique Caravanman Compact 3 - Bantam Wankm\u00fcller SA","robots":{"index":"index","follow":"follow","max-snippet":"max-snippet:-1","max-image-preview":"max-image-preview:large","max-video-preview":"max-video-preview:-1"},"canonical":"https:\/\/shop.bantam.ch\/fr\/produit\/installation-satellite-automatique-caravanman-compact-3\/","og_locale":"fr_FR","og_type":"article","og_title":"Installation satellite automatique Caravanman Compact 3 - Bantam Wankm\u00fcller SA","og_description":"La Caravanman Compact 3 est l\u2019antenne id\u00e9ale pour les caravanes, les fourgonnettes ou les camping-cars avec une surface de montage limit\u00e9e. Sa plage de pivotement r\u00e9duite de seulement 77 cm lui permettra de trouver sa place sur tous les v\u00e9hicules. Avec une hauteur peu \u00e9lev\u00e9e de seulement 17 cm, cette antenne satellite est un des [&hellip;]","og_url":"https:\/\/shop.bantam.ch\/fr\/produit\/installation-satellite-automatique-caravanman-compact-3\/","og_site_name":"Bantam Wankm\u00fcller SA","article_modified_time":"2026-04-18T21:03:13+00:00","og_image":[{"width":1000,"height":982,"url":"https:\/\/shop.bantam.ch\/wp-content\/uploads\/2023\/02\/995678411.jpg","type":"image\/jpeg"}],"twitter_card":"summary_large_image","twitter_misc":{"Dur\u00e9e de lecture estim\u00e9e":"1 minute"},"schema":{"@context":"https:\/\/schema.org","@graph":[{"@type":"WebPage","@id":"https:\/\/shop.bantam.ch\/fr\/produit\/installation-satellite-automatique-caravanman-compact-3\/","url":"https:\/\/shop.bantam.ch\/fr\/produit\/installation-satellite-automatique-caravanman-compact-3\/","name":"Installation satellite automatique Caravanman Compact 3 - Bantam Wankm\u00fcller SA","isPartOf":{"@id":"https:\/\/shop.bantam.ch\/fr\/#website"},"primaryImageOfPage":{"@id":"https:\/\/shop.bantam.ch\/fr\/produit\/installation-satellite-automatique-caravanman-compact-3\/#primaryimage"},"image":{"@id":"https:\/\/shop.bantam.ch\/fr\/produit\/installation-satellite-automatique-caravanman-compact-3\/#primaryimage"},"thumbnailUrl":"https:\/\/shop.bantam.ch\/wp-content\/uploads\/2023\/02\/995678411.jpg","datePublished":"2023-02-28T05:46:17+00:00","dateModified":"2026-04-18T21:03:13+00:00","breadcrumb":{"@id":"https:\/\/shop.bantam.ch\/fr\/produit\/installation-satellite-automatique-caravanman-compact-3\/#breadcrumb"},"inLanguage":"fr-FR","potentialAction":[{"@type":"ReadAction","target":["https:\/\/shop.bantam.ch\/fr\/produit\/installation-satellite-automatique-caravanman-compact-3\/"]}]},{"@type":"ImageObject","inLanguage":"fr-FR","@id":"https:\/\/shop.bantam.ch\/fr\/produit\/installation-satellite-automatique-caravanman-compact-3\/#primaryimage","url":"https:\/\/shop.bantam.ch\/wp-content\/uploads\/2023\/02\/995678411.jpg","contentUrl":"https:\/\/shop.bantam.ch\/wp-content\/uploads\/2023\/02\/995678411.jpg","width":1000,"height":982},{"@type":"BreadcrumbList","@id":"https:\/\/shop.bantam.ch\/fr\/produit\/installation-satellite-automatique-caravanman-compact-3\/#breadcrumb","itemListElement":[{"@type":"ListItem","position":1,"name":"Accueil","item":"https:\/\/shop.bantam.ch\/fr\/"},{"@type":"ListItem","position":2,"name":"Boutique","item":"https:\/\/shop.bantam.ch\/fr\/boutique\/"},{"@type":"ListItem","position":3,"name":"Installation satellite automatique Caravanman Compact 3"}]},{"@type":"WebSite","@id":"https:\/\/shop.bantam.ch\/fr\/#website","url":"https:\/\/shop.bantam.ch\/fr\/","name":"Bantam Wankm\u00fcller SA","description":"","publisher":{"@id":"https:\/\/shop.bantam.ch\/fr\/#organization"},"inLanguage":"fr-FR"},{"@type":"Organization","@id":"https:\/\/shop.bantam.ch\/fr\/#organization","name":"Bantam Wankm\u00fcller SA","url":"https:\/\/shop.bantam.ch\/fr\/","logo":{"@type":"ImageObject","inLanguage":"fr-FR","@id":"https:\/\/shop.bantam.ch\/fr\/#\/schema\/logo\/image\/","url":"https:\/\/shop.bantam.ch\/wp-content\/uploads\/2022\/12\/bantam-logo.png","contentUrl":"https:\/\/shop.bantam.ch\/wp-content\/uploads\/2022\/12\/bantam-logo.png","width":320,"height":71,"caption":"Bantam Wankm\u00fcller SA"},"image":{"@id":"https:\/\/shop.bantam.ch\/fr\/#\/schema\/logo\/image\/"}}]}},"_links":{"self":[{"href":"https:\/\/shop.bantam.ch\/fr\/wp-json\/wp\/v2\/product\/101859","targetHints":{"allow":["GET"]}}],"collection":[{"href":"https:\/\/shop.bantam.ch\/fr\/wp-json\/wp\/v2\/product"}],"about":[{"href":"https:\/\/shop.bantam.ch\/fr\/wp-json\/wp\/v2\/types\/product"}],"wp:featuredmedia":[{"embeddable":true,"href":"https:\/\/shop.bantam.ch\/fr\/wp-json\/wp\/v2\/media\/101825"}],"wp:attachment":[{"href":"https:\/\/shop.bantam.ch\/fr\/wp-json\/wp\/v2\/media?parent=101859"}],"wp:term":[{"taxonomy":"product_featured_cat","embeddable":true,"href":"https:\/\/shop.bantam.ch\/fr\/wp-json\/wp\/v2\/product_featured_cat?post=101859"},{"taxonomy":"product_brand","embeddable":true,"href":"https:\/\/shop.bantam.ch\/fr\/wp-json\/wp\/v2\/product_brand?post=101859"},{"taxonomy":"product_cat","embeddable":true,"href":"https:\/\/shop.bantam.ch\/fr\/wp-json\/wp\/v2\/product_cat?post=101859"},{"taxonomy":"product_tag","embeddable":true,"href":"https:\/\/shop.bantam.ch\/fr\/wp-json\/wp\/v2\/product_tag?post=101859"}],"curies":[{"name":"wp","href":"https:\/\/api.w.org\/{rel}","templated":true}]}}