{"id":101653,"date":"2023-02-28T06:42:52","date_gmt":"2023-02-28T05:42:52","guid":{"rendered":"http:\/\/shop.bantam.ch\/produit\/set-de-2-verres-a-vin-blanc-250-ml\/"},"modified":"2026-04-17T21:33:36","modified_gmt":"2026-04-17T19:33:36","slug":"set-de-2-verres-a-vin-blanc-250-ml","status":"publish","type":"product","link":"https:\/\/shop.bantam.ch\/fr\/produit\/set-de-2-verres-a-vin-blanc-250-ml\/","title":{"rendered":"Verre \u00e0 vin Gimex Eleganza 2 pcs blanc"},"content":{"rendered":"<p>Verre \u00e0 vin<\/p>\n<ul>\n<li>Plus aucun tesson<\/li>\n<li>Inodore et sans go\u00fbt<\/li>\n<li>Convient \u00e0 un usage alimentaire.<\/li>\n<li>R\u00e9sistant \u00e0 l\u2019alcool<\/li>\n<\/ul>\n<p>Capacit\u00e9\u00a0:<\/p>\n<p>2\u00a0pi\u00e8ces<\/p>\n","protected":false},"excerpt":{"rendered":"<p>Verre \u00e0 vin Plus aucun tesson Inodore et sans go\u00fbt Convient \u00e0 un usage alimentaire. R\u00e9sistant \u00e0 l\u2019alcool Capacit\u00e9\u00a0: 2\u00a0pi\u00e8ces<\/p>\n","protected":false},"featured_media":101651,"template":"","meta":{"_acf_changed":false},"product_featured_cat":[],"product_brand":[3276],"product_cat":[4269],"product_tag":[],"class_list":{"0":"post-101653","1":"product","2":"type-product","3":"status-publish","4":"has-post-thumbnail","6":"product_brand-gimex","7":"product_cat-gobelets-tasses-et-verres","9":"first","10":"instock","11":"taxable","12":"shipping-taxable","13":"purchasable","14":"product-type-simple"},"acf":[],"yoast_head":"<!-- This site is optimized with the Yoast SEO plugin v27.4 - https:\/\/yoast.com\/product\/yoast-seo-wordpress\/ -->\n<title>Verre \u00e0 vin Gimex Eleganza 2 pcs blanc - Bantam Wankm\u00fcller SA<\/title>\n<meta name=\"robots\" content=\"index, follow, max-snippet:-1, max-image-preview:large, max-video-preview:-1\" \/>\n<link rel=\"canonical\" href=\"https:\/\/shop.bantam.ch\/fr\/produit\/set-de-2-verres-a-vin-blanc-250-ml\/\" \/>\n<meta property=\"og:locale\" content=\"fr_FR\" \/>\n<meta property=\"og:type\" content=\"article\" \/>\n<meta property=\"og:title\" content=\"Verre \u00e0 vin Gimex Eleganza 2 pcs blanc - Bantam Wankm\u00fcller SA\" \/>\n<meta property=\"og:description\" content=\"Verre \u00e0 vin Plus aucun tesson Inodore et sans go\u00fbt Convient \u00e0 un usage alimentaire. R\u00e9sistant \u00e0 l\u2019alcool Capacit\u00e9\u00a0: 2\u00a0pi\u00e8ces\" \/>\n<meta property=\"og:url\" content=\"https:\/\/shop.bantam.ch\/fr\/produit\/set-de-2-verres-a-vin-blanc-250-ml\/\" \/>\n<meta property=\"og:site_name\" content=\"Bantam Wankm\u00fcller SA\" \/>\n<meta property=\"article:modified_time\" content=\"2026-04-17T19:33:36+00:00\" \/>\n<meta property=\"og:image\" content=\"https:\/\/shop.bantam.ch\/wp-content\/uploads\/2023\/02\/994367211.jpg\" \/>\n\t<meta property=\"og:image:width\" content=\"495\" \/>\n\t<meta property=\"og:image:height\" content=\"1000\" \/>\n\t<meta property=\"og:image:type\" content=\"image\/jpeg\" \/>\n<meta name=\"twitter:card\" content=\"summary_large_image\" \/>\n<script type=\"application\/ld+json\" class=\"yoast-schema-graph\">{\"@context\":\"https:\\\/\\\/schema.org\",\"@graph\":[{\"@type\":\"WebPage\",\"@id\":\"https:\\\/\\\/shop.bantam.ch\\\/fr\\\/produit\\\/set-de-2-verres-a-vin-blanc-250-ml\\\/\",\"url\":\"https:\\\/\\\/shop.bantam.ch\\\/fr\\\/produit\\\/set-de-2-verres-a-vin-blanc-250-ml\\\/\",\"name\":\"Verre \u00e0 vin Gimex Eleganza 2 pcs blanc - Bantam Wankm\u00fcller SA\",\"isPartOf\":{\"@id\":\"https:\\\/\\\/shop.bantam.ch\\\/fr\\\/#website\"},\"primaryImageOfPage\":{\"@id\":\"https:\\\/\\\/shop.bantam.ch\\\/fr\\\/produit\\\/set-de-2-verres-a-vin-blanc-250-ml\\\/#primaryimage\"},\"image\":{\"@id\":\"https:\\\/\\\/shop.bantam.ch\\\/fr\\\/produit\\\/set-de-2-verres-a-vin-blanc-250-ml\\\/#primaryimage\"},\"thumbnailUrl\":\"https:\\\/\\\/shop.bantam.ch\\\/wp-content\\\/uploads\\\/2023\\\/02\\\/994367211.jpg\",\"datePublished\":\"2023-02-28T05:42:52+00:00\",\"dateModified\":\"2026-04-17T19:33:36+00:00\",\"breadcrumb\":{\"@id\":\"https:\\\/\\\/shop.bantam.ch\\\/fr\\\/produit\\\/set-de-2-verres-a-vin-blanc-250-ml\\\/#breadcrumb\"},\"inLanguage\":\"fr-FR\",\"potentialAction\":[{\"@type\":\"ReadAction\",\"target\":[\"https:\\\/\\\/shop.bantam.ch\\\/fr\\\/produit\\\/set-de-2-verres-a-vin-blanc-250-ml\\\/\"]}]},{\"@type\":\"ImageObject\",\"inLanguage\":\"fr-FR\",\"@id\":\"https:\\\/\\\/shop.bantam.ch\\\/fr\\\/produit\\\/set-de-2-verres-a-vin-blanc-250-ml\\\/#primaryimage\",\"url\":\"https:\\\/\\\/shop.bantam.ch\\\/wp-content\\\/uploads\\\/2023\\\/02\\\/994367211.jpg\",\"contentUrl\":\"https:\\\/\\\/shop.bantam.ch\\\/wp-content\\\/uploads\\\/2023\\\/02\\\/994367211.jpg\",\"width\":495,\"height\":1000},{\"@type\":\"BreadcrumbList\",\"@id\":\"https:\\\/\\\/shop.bantam.ch\\\/fr\\\/produit\\\/set-de-2-verres-a-vin-blanc-250-ml\\\/#breadcrumb\",\"itemListElement\":[{\"@type\":\"ListItem\",\"position\":1,\"name\":\"Accueil\",\"item\":\"https:\\\/\\\/shop.bantam.ch\\\/fr\\\/\"},{\"@type\":\"ListItem\",\"position\":2,\"name\":\"Boutique\",\"item\":\"https:\\\/\\\/shop.bantam.ch\\\/fr\\\/boutique\\\/\"},{\"@type\":\"ListItem\",\"position\":3,\"name\":\"Verre \u00e0 vin Gimex Eleganza 2 pcs blanc\"}]},{\"@type\":\"WebSite\",\"@id\":\"https:\\\/\\\/shop.bantam.ch\\\/fr\\\/#website\",\"url\":\"https:\\\/\\\/shop.bantam.ch\\\/fr\\\/\",\"name\":\"Bantam Wankm\u00fcller SA\",\"description\":\"\",\"publisher\":{\"@id\":\"https:\\\/\\\/shop.bantam.ch\\\/fr\\\/#organization\"},\"inLanguage\":\"fr-FR\"},{\"@type\":\"Organization\",\"@id\":\"https:\\\/\\\/shop.bantam.ch\\\/fr\\\/#organization\",\"name\":\"Bantam Wankm\u00fcller SA\",\"url\":\"https:\\\/\\\/shop.bantam.ch\\\/fr\\\/\",\"logo\":{\"@type\":\"ImageObject\",\"inLanguage\":\"fr-FR\",\"@id\":\"https:\\\/\\\/shop.bantam.ch\\\/fr\\\/#\\\/schema\\\/logo\\\/image\\\/\",\"url\":\"https:\\\/\\\/shop.bantam.ch\\\/wp-content\\\/uploads\\\/2022\\\/12\\\/bantam-logo.png\",\"contentUrl\":\"https:\\\/\\\/shop.bantam.ch\\\/wp-content\\\/uploads\\\/2022\\\/12\\\/bantam-logo.png\",\"width\":320,\"height\":71,\"caption\":\"Bantam Wankm\u00fcller SA\"},\"image\":{\"@id\":\"https:\\\/\\\/shop.bantam.ch\\\/fr\\\/#\\\/schema\\\/logo\\\/image\\\/\"}}]}<\/script>\n<!-- \/ Yoast SEO plugin. -->","yoast_head_json":{"title":"Verre \u00e0 vin Gimex Eleganza 2 pcs blanc - Bantam Wankm\u00fcller SA","robots":{"index":"index","follow":"follow","max-snippet":"max-snippet:-1","max-image-preview":"max-image-preview:large","max-video-preview":"max-video-preview:-1"},"canonical":"https:\/\/shop.bantam.ch\/fr\/produit\/set-de-2-verres-a-vin-blanc-250-ml\/","og_locale":"fr_FR","og_type":"article","og_title":"Verre \u00e0 vin Gimex Eleganza 2 pcs blanc - Bantam Wankm\u00fcller SA","og_description":"Verre \u00e0 vin Plus aucun tesson Inodore et sans go\u00fbt Convient \u00e0 un usage alimentaire. R\u00e9sistant \u00e0 l\u2019alcool Capacit\u00e9\u00a0: 2\u00a0pi\u00e8ces","og_url":"https:\/\/shop.bantam.ch\/fr\/produit\/set-de-2-verres-a-vin-blanc-250-ml\/","og_site_name":"Bantam Wankm\u00fcller SA","article_modified_time":"2026-04-17T19:33:36+00:00","og_image":[{"width":495,"height":1000,"url":"https:\/\/shop.bantam.ch\/wp-content\/uploads\/2023\/02\/994367211.jpg","type":"image\/jpeg"}],"twitter_card":"summary_large_image","schema":{"@context":"https:\/\/schema.org","@graph":[{"@type":"WebPage","@id":"https:\/\/shop.bantam.ch\/fr\/produit\/set-de-2-verres-a-vin-blanc-250-ml\/","url":"https:\/\/shop.bantam.ch\/fr\/produit\/set-de-2-verres-a-vin-blanc-250-ml\/","name":"Verre \u00e0 vin Gimex Eleganza 2 pcs blanc - Bantam Wankm\u00fcller SA","isPartOf":{"@id":"https:\/\/shop.bantam.ch\/fr\/#website"},"primaryImageOfPage":{"@id":"https:\/\/shop.bantam.ch\/fr\/produit\/set-de-2-verres-a-vin-blanc-250-ml\/#primaryimage"},"image":{"@id":"https:\/\/shop.bantam.ch\/fr\/produit\/set-de-2-verres-a-vin-blanc-250-ml\/#primaryimage"},"thumbnailUrl":"https:\/\/shop.bantam.ch\/wp-content\/uploads\/2023\/02\/994367211.jpg","datePublished":"2023-02-28T05:42:52+00:00","dateModified":"2026-04-17T19:33:36+00:00","breadcrumb":{"@id":"https:\/\/shop.bantam.ch\/fr\/produit\/set-de-2-verres-a-vin-blanc-250-ml\/#breadcrumb"},"inLanguage":"fr-FR","potentialAction":[{"@type":"ReadAction","target":["https:\/\/shop.bantam.ch\/fr\/produit\/set-de-2-verres-a-vin-blanc-250-ml\/"]}]},{"@type":"ImageObject","inLanguage":"fr-FR","@id":"https:\/\/shop.bantam.ch\/fr\/produit\/set-de-2-verres-a-vin-blanc-250-ml\/#primaryimage","url":"https:\/\/shop.bantam.ch\/wp-content\/uploads\/2023\/02\/994367211.jpg","contentUrl":"https:\/\/shop.bantam.ch\/wp-content\/uploads\/2023\/02\/994367211.jpg","width":495,"height":1000},{"@type":"BreadcrumbList","@id":"https:\/\/shop.bantam.ch\/fr\/produit\/set-de-2-verres-a-vin-blanc-250-ml\/#breadcrumb","itemListElement":[{"@type":"ListItem","position":1,"name":"Accueil","item":"https:\/\/shop.bantam.ch\/fr\/"},{"@type":"ListItem","position":2,"name":"Boutique","item":"https:\/\/shop.bantam.ch\/fr\/boutique\/"},{"@type":"ListItem","position":3,"name":"Verre \u00e0 vin Gimex Eleganza 2 pcs blanc"}]},{"@type":"WebSite","@id":"https:\/\/shop.bantam.ch\/fr\/#website","url":"https:\/\/shop.bantam.ch\/fr\/","name":"Bantam Wankm\u00fcller SA","description":"","publisher":{"@id":"https:\/\/shop.bantam.ch\/fr\/#organization"},"inLanguage":"fr-FR"},{"@type":"Organization","@id":"https:\/\/shop.bantam.ch\/fr\/#organization","name":"Bantam Wankm\u00fcller SA","url":"https:\/\/shop.bantam.ch\/fr\/","logo":{"@type":"ImageObject","inLanguage":"fr-FR","@id":"https:\/\/shop.bantam.ch\/fr\/#\/schema\/logo\/image\/","url":"https:\/\/shop.bantam.ch\/wp-content\/uploads\/2022\/12\/bantam-logo.png","contentUrl":"https:\/\/shop.bantam.ch\/wp-content\/uploads\/2022\/12\/bantam-logo.png","width":320,"height":71,"caption":"Bantam Wankm\u00fcller SA"},"image":{"@id":"https:\/\/shop.bantam.ch\/fr\/#\/schema\/logo\/image\/"}}]}},"_links":{"self":[{"href":"https:\/\/shop.bantam.ch\/fr\/wp-json\/wp\/v2\/product\/101653","targetHints":{"allow":["GET"]}}],"collection":[{"href":"https:\/\/shop.bantam.ch\/fr\/wp-json\/wp\/v2\/product"}],"about":[{"href":"https:\/\/shop.bantam.ch\/fr\/wp-json\/wp\/v2\/types\/product"}],"wp:featuredmedia":[{"embeddable":true,"href":"https:\/\/shop.bantam.ch\/fr\/wp-json\/wp\/v2\/media\/101651"}],"wp:attachment":[{"href":"https:\/\/shop.bantam.ch\/fr\/wp-json\/wp\/v2\/media?parent=101653"}],"wp:term":[{"taxonomy":"product_featured_cat","embeddable":true,"href":"https:\/\/shop.bantam.ch\/fr\/wp-json\/wp\/v2\/product_featured_cat?post=101653"},{"taxonomy":"product_brand","embeddable":true,"href":"https:\/\/shop.bantam.ch\/fr\/wp-json\/wp\/v2\/product_brand?post=101653"},{"taxonomy":"product_cat","embeddable":true,"href":"https:\/\/shop.bantam.ch\/fr\/wp-json\/wp\/v2\/product_cat?post=101653"},{"taxonomy":"product_tag","embeddable":true,"href":"https:\/\/shop.bantam.ch\/fr\/wp-json\/wp\/v2\/product_tag?post=101653"}],"curies":[{"name":"wp","href":"https:\/\/api.w.org\/{rel}","templated":true}]}}