{"id":101579,"date":"2023-02-28T06:41:11","date_gmt":"2023-02-28T05:41:11","guid":{"rendered":"http:\/\/shop.bantam.ch\/produit\/set-de-couverts-leaf-anthracite\/"},"modified":"2026-05-01T21:33:00","modified_gmt":"2026-05-01T19:33:00","slug":"set-de-couverts-leaf-anthracite","status":"publish","type":"product","link":"https:\/\/shop.bantam.ch\/fr\/produit\/set-de-couverts-leaf-anthracite\/","title":{"rendered":"Service vaisselle ROBENS Leaf anthracite"},"content":{"rendered":"<p>Le couvercle multifonction s\u2019utilise comme passoire et comme d\u00e9couper. Se glisse facilement dans un sac \u00e0 dos gr\u00e2ce \u00e0 sa jolie forme hexagonale. La cuill\u00e8re et la fourchette peuvent \u00eatre mises ensemble et utilis\u00e9es dans trois longueurs diff\u00e9rentes. Le set de repas hexagonal (voire deux sets ensemble) peut \u00eatre rang\u00e9 de mani\u00e8re optimale avec le Leaf Pan pour gagner de la place.<\/p>\n<p>Set compos\u00e9 de :<\/p>\n<p>1 saladier<\/p>\n<p>1 couvercle\/planche \u00e0 d\u00e9couper<\/p>\n<p>1 cuill\u00e8re<\/p>\n<p>1 fourchette<\/p>\n<p>1 gobelet<\/p>\n<p>1 raccord<\/p>\n<p>1 filet<\/p>\n<p>1 bande en caoutchouc<\/p>\n","protected":false},"excerpt":{"rendered":"<p>Le couvercle multifonction s\u2019utilise comme passoire et comme d\u00e9couper. Se glisse facilement dans un sac \u00e0 dos gr\u00e2ce \u00e0 sa jolie forme hexagonale. La cuill\u00e8re et la fourchette peuvent \u00eatre mises ensemble et utilis\u00e9es dans trois longueurs diff\u00e9rentes. Le set de repas hexagonal (voire deux sets ensemble) peut \u00eatre rang\u00e9 de mani\u00e8re optimale avec le [&hellip;]<\/p>\n","protected":false},"featured_media":101565,"template":"","meta":{"_acf_changed":false},"product_featured_cat":[],"product_brand":[3310],"product_cat":[4273],"product_tag":[],"class_list":{"0":"post-101579","1":"product","2":"type-product","3":"status-publish","4":"has-post-thumbnail","6":"product_brand-robens","7":"product_cat-services-de-table","9":"first","10":"instock","11":"taxable","12":"shipping-taxable","13":"purchasable","14":"product-type-simple"},"acf":[],"yoast_head":"<!-- This site is optimized with the Yoast SEO plugin v27.5 - https:\/\/yoast.com\/product\/yoast-seo-wordpress\/ -->\n<title>Service vaisselle ROBENS Leaf anthracite - Bantam<\/title>\n<meta name=\"robots\" content=\"index, follow, max-snippet:-1, max-image-preview:large, max-video-preview:-1\" \/>\n<link rel=\"canonical\" href=\"https:\/\/shop.bantam.ch\/fr\/produit\/set-de-couverts-leaf-anthracite\/\" \/>\n<meta property=\"og:locale\" content=\"fr_FR\" \/>\n<meta property=\"og:type\" content=\"article\" \/>\n<meta property=\"og:title\" content=\"Service vaisselle ROBENS Leaf anthracite - Bantam\" \/>\n<meta property=\"og:description\" content=\"Le couvercle multifonction s\u2019utilise comme passoire et comme d\u00e9couper. Se glisse facilement dans un sac \u00e0 dos gr\u00e2ce \u00e0 sa jolie forme hexagonale. La cuill\u00e8re et la fourchette peuvent \u00eatre mises ensemble et utilis\u00e9es dans trois longueurs diff\u00e9rentes. Le set de repas hexagonal (voire deux sets ensemble) peut \u00eatre rang\u00e9 de mani\u00e8re optimale avec le [&hellip;]\" \/>\n<meta property=\"og:url\" content=\"https:\/\/shop.bantam.ch\/fr\/produit\/set-de-couverts-leaf-anthracite\/\" \/>\n<meta property=\"og:site_name\" content=\"Bantam\" \/>\n<meta property=\"article:modified_time\" content=\"2026-05-01T19:33:00+00:00\" \/>\n<meta property=\"og:image\" content=\"https:\/\/shop.bantam.ch\/wp-content\/uploads\/2023\/02\/995573012.jpg\" \/>\n\t<meta property=\"og:image:width\" content=\"1000\" \/>\n\t<meta property=\"og:image:height\" content=\"563\" \/>\n\t<meta property=\"og:image:type\" content=\"image\/jpeg\" \/>\n<meta name=\"twitter:card\" content=\"summary_large_image\" \/>\n<script type=\"application\/ld+json\" class=\"yoast-schema-graph\">{\"@context\":\"https:\\\/\\\/schema.org\",\"@graph\":[{\"@type\":\"WebPage\",\"@id\":\"https:\\\/\\\/shop.bantam.ch\\\/fr\\\/produit\\\/set-de-couverts-leaf-anthracite\\\/\",\"url\":\"https:\\\/\\\/shop.bantam.ch\\\/fr\\\/produit\\\/set-de-couverts-leaf-anthracite\\\/\",\"name\":\"Service vaisselle ROBENS Leaf anthracite - Bantam\",\"isPartOf\":{\"@id\":\"https:\\\/\\\/shop.bantam.ch\\\/fr\\\/#website\"},\"primaryImageOfPage\":{\"@id\":\"https:\\\/\\\/shop.bantam.ch\\\/fr\\\/produit\\\/set-de-couverts-leaf-anthracite\\\/#primaryimage\"},\"image\":{\"@id\":\"https:\\\/\\\/shop.bantam.ch\\\/fr\\\/produit\\\/set-de-couverts-leaf-anthracite\\\/#primaryimage\"},\"thumbnailUrl\":\"https:\\\/\\\/shop.bantam.ch\\\/wp-content\\\/uploads\\\/2023\\\/02\\\/995573012.jpg\",\"datePublished\":\"2023-02-28T05:41:11+00:00\",\"dateModified\":\"2026-05-01T19:33:00+00:00\",\"breadcrumb\":{\"@id\":\"https:\\\/\\\/shop.bantam.ch\\\/fr\\\/produit\\\/set-de-couverts-leaf-anthracite\\\/#breadcrumb\"},\"inLanguage\":\"fr-FR\",\"potentialAction\":[{\"@type\":\"ReadAction\",\"target\":[\"https:\\\/\\\/shop.bantam.ch\\\/fr\\\/produit\\\/set-de-couverts-leaf-anthracite\\\/\"]}]},{\"@type\":\"ImageObject\",\"inLanguage\":\"fr-FR\",\"@id\":\"https:\\\/\\\/shop.bantam.ch\\\/fr\\\/produit\\\/set-de-couverts-leaf-anthracite\\\/#primaryimage\",\"url\":\"https:\\\/\\\/shop.bantam.ch\\\/wp-content\\\/uploads\\\/2023\\\/02\\\/995573012.jpg\",\"contentUrl\":\"https:\\\/\\\/shop.bantam.ch\\\/wp-content\\\/uploads\\\/2023\\\/02\\\/995573012.jpg\",\"width\":1000,\"height\":563},{\"@type\":\"BreadcrumbList\",\"@id\":\"https:\\\/\\\/shop.bantam.ch\\\/fr\\\/produit\\\/set-de-couverts-leaf-anthracite\\\/#breadcrumb\",\"itemListElement\":[{\"@type\":\"ListItem\",\"position\":1,\"name\":\"Accueil\",\"item\":\"https:\\\/\\\/shop.bantam.ch\\\/fr\\\/\"},{\"@type\":\"ListItem\",\"position\":2,\"name\":\"Boutique\",\"item\":\"https:\\\/\\\/shop.bantam.ch\\\/fr\\\/boutique\\\/\"},{\"@type\":\"ListItem\",\"position\":3,\"name\":\"Service vaisselle ROBENS Leaf anthracite\"}]},{\"@type\":\"WebSite\",\"@id\":\"https:\\\/\\\/shop.bantam.ch\\\/fr\\\/#website\",\"url\":\"https:\\\/\\\/shop.bantam.ch\\\/fr\\\/\",\"name\":\"Bantam\",\"description\":\"\",\"publisher\":{\"@id\":\"https:\\\/\\\/shop.bantam.ch\\\/fr\\\/#organization\"},\"inLanguage\":\"fr-FR\"},{\"@type\":\"Organization\",\"@id\":\"https:\\\/\\\/shop.bantam.ch\\\/fr\\\/#organization\",\"name\":\"Bantam\",\"url\":\"https:\\\/\\\/shop.bantam.ch\\\/fr\\\/\",\"logo\":{\"@type\":\"ImageObject\",\"inLanguage\":\"fr-FR\",\"@id\":\"https:\\\/\\\/shop.bantam.ch\\\/fr\\\/#\\\/schema\\\/logo\\\/image\\\/\",\"url\":\"https:\\\/\\\/shop.bantam.ch\\\/wp-content\\\/uploads\\\/2022\\\/12\\\/bantam-logo.png\",\"contentUrl\":\"https:\\\/\\\/shop.bantam.ch\\\/wp-content\\\/uploads\\\/2022\\\/12\\\/bantam-logo.png\",\"width\":320,\"height\":71,\"caption\":\"Bantam\"},\"image\":{\"@id\":\"https:\\\/\\\/shop.bantam.ch\\\/fr\\\/#\\\/schema\\\/logo\\\/image\\\/\"}}]}<\/script>\n<!-- \/ Yoast SEO plugin. -->","yoast_head_json":{"title":"Service vaisselle ROBENS Leaf anthracite - Bantam","robots":{"index":"index","follow":"follow","max-snippet":"max-snippet:-1","max-image-preview":"max-image-preview:large","max-video-preview":"max-video-preview:-1"},"canonical":"https:\/\/shop.bantam.ch\/fr\/produit\/set-de-couverts-leaf-anthracite\/","og_locale":"fr_FR","og_type":"article","og_title":"Service vaisselle ROBENS Leaf anthracite - Bantam","og_description":"Le couvercle multifonction s\u2019utilise comme passoire et comme d\u00e9couper. Se glisse facilement dans un sac \u00e0 dos gr\u00e2ce \u00e0 sa jolie forme hexagonale. La cuill\u00e8re et la fourchette peuvent \u00eatre mises ensemble et utilis\u00e9es dans trois longueurs diff\u00e9rentes. Le set de repas hexagonal (voire deux sets ensemble) peut \u00eatre rang\u00e9 de mani\u00e8re optimale avec le [&hellip;]","og_url":"https:\/\/shop.bantam.ch\/fr\/produit\/set-de-couverts-leaf-anthracite\/","og_site_name":"Bantam","article_modified_time":"2026-05-01T19:33:00+00:00","og_image":[{"width":1000,"height":563,"url":"https:\/\/shop.bantam.ch\/wp-content\/uploads\/2023\/02\/995573012.jpg","type":"image\/jpeg"}],"twitter_card":"summary_large_image","schema":{"@context":"https:\/\/schema.org","@graph":[{"@type":"WebPage","@id":"https:\/\/shop.bantam.ch\/fr\/produit\/set-de-couverts-leaf-anthracite\/","url":"https:\/\/shop.bantam.ch\/fr\/produit\/set-de-couverts-leaf-anthracite\/","name":"Service vaisselle ROBENS Leaf anthracite - Bantam","isPartOf":{"@id":"https:\/\/shop.bantam.ch\/fr\/#website"},"primaryImageOfPage":{"@id":"https:\/\/shop.bantam.ch\/fr\/produit\/set-de-couverts-leaf-anthracite\/#primaryimage"},"image":{"@id":"https:\/\/shop.bantam.ch\/fr\/produit\/set-de-couverts-leaf-anthracite\/#primaryimage"},"thumbnailUrl":"https:\/\/shop.bantam.ch\/wp-content\/uploads\/2023\/02\/995573012.jpg","datePublished":"2023-02-28T05:41:11+00:00","dateModified":"2026-05-01T19:33:00+00:00","breadcrumb":{"@id":"https:\/\/shop.bantam.ch\/fr\/produit\/set-de-couverts-leaf-anthracite\/#breadcrumb"},"inLanguage":"fr-FR","potentialAction":[{"@type":"ReadAction","target":["https:\/\/shop.bantam.ch\/fr\/produit\/set-de-couverts-leaf-anthracite\/"]}]},{"@type":"ImageObject","inLanguage":"fr-FR","@id":"https:\/\/shop.bantam.ch\/fr\/produit\/set-de-couverts-leaf-anthracite\/#primaryimage","url":"https:\/\/shop.bantam.ch\/wp-content\/uploads\/2023\/02\/995573012.jpg","contentUrl":"https:\/\/shop.bantam.ch\/wp-content\/uploads\/2023\/02\/995573012.jpg","width":1000,"height":563},{"@type":"BreadcrumbList","@id":"https:\/\/shop.bantam.ch\/fr\/produit\/set-de-couverts-leaf-anthracite\/#breadcrumb","itemListElement":[{"@type":"ListItem","position":1,"name":"Accueil","item":"https:\/\/shop.bantam.ch\/fr\/"},{"@type":"ListItem","position":2,"name":"Boutique","item":"https:\/\/shop.bantam.ch\/fr\/boutique\/"},{"@type":"ListItem","position":3,"name":"Service vaisselle ROBENS Leaf anthracite"}]},{"@type":"WebSite","@id":"https:\/\/shop.bantam.ch\/fr\/#website","url":"https:\/\/shop.bantam.ch\/fr\/","name":"Bantam","description":"","publisher":{"@id":"https:\/\/shop.bantam.ch\/fr\/#organization"},"inLanguage":"fr-FR"},{"@type":"Organization","@id":"https:\/\/shop.bantam.ch\/fr\/#organization","name":"Bantam","url":"https:\/\/shop.bantam.ch\/fr\/","logo":{"@type":"ImageObject","inLanguage":"fr-FR","@id":"https:\/\/shop.bantam.ch\/fr\/#\/schema\/logo\/image\/","url":"https:\/\/shop.bantam.ch\/wp-content\/uploads\/2022\/12\/bantam-logo.png","contentUrl":"https:\/\/shop.bantam.ch\/wp-content\/uploads\/2022\/12\/bantam-logo.png","width":320,"height":71,"caption":"Bantam"},"image":{"@id":"https:\/\/shop.bantam.ch\/fr\/#\/schema\/logo\/image\/"}}]}},"_links":{"self":[{"href":"https:\/\/shop.bantam.ch\/fr\/wp-json\/wp\/v2\/product\/101579","targetHints":{"allow":["GET"]}}],"collection":[{"href":"https:\/\/shop.bantam.ch\/fr\/wp-json\/wp\/v2\/product"}],"about":[{"href":"https:\/\/shop.bantam.ch\/fr\/wp-json\/wp\/v2\/types\/product"}],"wp:featuredmedia":[{"embeddable":true,"href":"https:\/\/shop.bantam.ch\/fr\/wp-json\/wp\/v2\/media\/101565"}],"wp:attachment":[{"href":"https:\/\/shop.bantam.ch\/fr\/wp-json\/wp\/v2\/media?parent=101579"}],"wp:term":[{"taxonomy":"product_featured_cat","embeddable":true,"href":"https:\/\/shop.bantam.ch\/fr\/wp-json\/wp\/v2\/product_featured_cat?post=101579"},{"taxonomy":"product_brand","embeddable":true,"href":"https:\/\/shop.bantam.ch\/fr\/wp-json\/wp\/v2\/product_brand?post=101579"},{"taxonomy":"product_cat","embeddable":true,"href":"https:\/\/shop.bantam.ch\/fr\/wp-json\/wp\/v2\/product_cat?post=101579"},{"taxonomy":"product_tag","embeddable":true,"href":"https:\/\/shop.bantam.ch\/fr\/wp-json\/wp\/v2\/product_tag?post=101579"}],"curies":[{"name":"wp","href":"https:\/\/api.w.org\/{rel}","templated":true}]}}