{"id":101537,"date":"2023-02-28T06:40:28","date_gmt":"2023-02-28T05:40:28","guid":{"rendered":"http:\/\/shop.bantam.ch\/produit\/boite-dustensiles-de-cuisine-margate-coloris-grey-melange\/"},"modified":"2026-04-21T21:34:18","modified_gmt":"2026-04-21T19:34:18","slug":"boite-dustensiles-de-cuisine-margate-coloris-grey-melange","status":"publish","type":"product","link":"https:\/\/shop.bantam.ch\/fr\/produit\/boite-dustensiles-de-cuisine-margate-coloris-grey-melange\/","title":{"rendered":"Bo\u00eete d\u2019ustensiles de cuisine Outwell, Margate, gris chin\u00e9"},"content":{"rendered":"<p>La bo\u00eete de conservation pour g\u00e2teaux se replie facilement et est munie de plusieurs poches pratiques, d\u2019un couvercle avec fermeture \u00e0 glissi\u00e8re et de deux compartiments avec fermeture velcro.<\/p>\n<ul>\n<li>Quatre poches ext\u00e9rieures en tissu<\/li>\n<li>Trois poches filet ext\u00e9rieures<\/li>\n<li>Grande poche ext\u00e9rieure avec fermeture \u00e0 glissi\u00e8re.<\/li>\n<li>Poign\u00e9es pratiques pour un transport facile<\/li>\n<li>Doublure PEVA facile \u00e0 nettoyer<\/li>\n<li>Capacit\u00e9 de charge\u00a0: 15 kg <\/li>\n<\/ul>\n<p>Mat\u00e9riau\u00a0:<\/p>\n<p>100 % polyester<\/p>\n","protected":false},"excerpt":{"rendered":"<p>La bo\u00eete de conservation pour g\u00e2teaux se replie facilement et est munie de plusieurs poches pratiques, d\u2019un couvercle avec fermeture \u00e0 glissi\u00e8re et de deux compartiments avec fermeture velcro. Quatre poches ext\u00e9rieures en tissu Trois poches filet ext\u00e9rieures Grande poche ext\u00e9rieure avec fermeture \u00e0 glissi\u00e8re. Poign\u00e9es pratiques pour un transport facile Doublure PEVA facile \u00e0 [&hellip;]<\/p>\n","protected":false},"featured_media":101523,"template":"","meta":{"_acf_changed":false},"product_featured_cat":[],"product_brand":[3296],"product_cat":[4319],"product_tag":[],"class_list":{"0":"post-101537","1":"product","2":"type-product","3":"status-publish","4":"has-post-thumbnail","6":"product_brand-outwell","7":"product_cat-boites-et-paniers","9":"first","10":"instock","11":"taxable","12":"shipping-taxable","13":"purchasable","14":"product-type-simple"},"acf":[],"yoast_head":"<!-- This site is optimized with the Yoast SEO plugin v27.4 - https:\/\/yoast.com\/product\/yoast-seo-wordpress\/ -->\n<title>Bo\u00eete d\u2019ustensiles de cuisine Outwell, Margate, gris chin\u00e9 - Bantam Wankm\u00fcller SA<\/title>\n<meta name=\"robots\" content=\"index, follow, max-snippet:-1, max-image-preview:large, max-video-preview:-1\" \/>\n<link rel=\"canonical\" href=\"https:\/\/shop.bantam.ch\/fr\/produit\/boite-dustensiles-de-cuisine-margate-coloris-grey-melange\/\" \/>\n<meta property=\"og:locale\" content=\"fr_FR\" \/>\n<meta property=\"og:type\" content=\"article\" \/>\n<meta property=\"og:title\" content=\"Bo\u00eete d\u2019ustensiles de cuisine Outwell, Margate, gris chin\u00e9 - Bantam Wankm\u00fcller SA\" \/>\n<meta property=\"og:description\" content=\"La bo\u00eete de conservation pour g\u00e2teaux se replie facilement et est munie de plusieurs poches pratiques, d\u2019un couvercle avec fermeture \u00e0 glissi\u00e8re et de deux compartiments avec fermeture velcro. Quatre poches ext\u00e9rieures en tissu Trois poches filet ext\u00e9rieures Grande poche ext\u00e9rieure avec fermeture \u00e0 glissi\u00e8re. Poign\u00e9es pratiques pour un transport facile Doublure PEVA facile \u00e0 [&hellip;]\" \/>\n<meta property=\"og:url\" content=\"https:\/\/shop.bantam.ch\/fr\/produit\/boite-dustensiles-de-cuisine-margate-coloris-grey-melange\/\" \/>\n<meta property=\"og:site_name\" content=\"Bantam Wankm\u00fcller SA\" \/>\n<meta property=\"article:modified_time\" content=\"2026-04-21T19:34:18+00:00\" \/>\n<meta property=\"og:image\" content=\"https:\/\/shop.bantam.ch\/wp-content\/uploads\/2023\/02\/995676911.jpg\" \/>\n\t<meta property=\"og:image:width\" content=\"1000\" \/>\n\t<meta property=\"og:image:height\" content=\"678\" \/>\n\t<meta property=\"og:image:type\" content=\"image\/jpeg\" \/>\n<meta name=\"twitter:card\" content=\"summary_large_image\" \/>\n<script type=\"application\/ld+json\" class=\"yoast-schema-graph\">{\"@context\":\"https:\\\/\\\/schema.org\",\"@graph\":[{\"@type\":\"WebPage\",\"@id\":\"https:\\\/\\\/shop.bantam.ch\\\/fr\\\/produit\\\/boite-dustensiles-de-cuisine-margate-coloris-grey-melange\\\/\",\"url\":\"https:\\\/\\\/shop.bantam.ch\\\/fr\\\/produit\\\/boite-dustensiles-de-cuisine-margate-coloris-grey-melange\\\/\",\"name\":\"Bo\u00eete d\u2019ustensiles de cuisine Outwell, Margate, gris chin\u00e9 - Bantam Wankm\u00fcller SA\",\"isPartOf\":{\"@id\":\"https:\\\/\\\/shop.bantam.ch\\\/fr\\\/#website\"},\"primaryImageOfPage\":{\"@id\":\"https:\\\/\\\/shop.bantam.ch\\\/fr\\\/produit\\\/boite-dustensiles-de-cuisine-margate-coloris-grey-melange\\\/#primaryimage\"},\"image\":{\"@id\":\"https:\\\/\\\/shop.bantam.ch\\\/fr\\\/produit\\\/boite-dustensiles-de-cuisine-margate-coloris-grey-melange\\\/#primaryimage\"},\"thumbnailUrl\":\"https:\\\/\\\/shop.bantam.ch\\\/wp-content\\\/uploads\\\/2023\\\/02\\\/995676911.jpg\",\"datePublished\":\"2023-02-28T05:40:28+00:00\",\"dateModified\":\"2026-04-21T19:34:18+00:00\",\"breadcrumb\":{\"@id\":\"https:\\\/\\\/shop.bantam.ch\\\/fr\\\/produit\\\/boite-dustensiles-de-cuisine-margate-coloris-grey-melange\\\/#breadcrumb\"},\"inLanguage\":\"fr-FR\",\"potentialAction\":[{\"@type\":\"ReadAction\",\"target\":[\"https:\\\/\\\/shop.bantam.ch\\\/fr\\\/produit\\\/boite-dustensiles-de-cuisine-margate-coloris-grey-melange\\\/\"]}]},{\"@type\":\"ImageObject\",\"inLanguage\":\"fr-FR\",\"@id\":\"https:\\\/\\\/shop.bantam.ch\\\/fr\\\/produit\\\/boite-dustensiles-de-cuisine-margate-coloris-grey-melange\\\/#primaryimage\",\"url\":\"https:\\\/\\\/shop.bantam.ch\\\/wp-content\\\/uploads\\\/2023\\\/02\\\/995676911.jpg\",\"contentUrl\":\"https:\\\/\\\/shop.bantam.ch\\\/wp-content\\\/uploads\\\/2023\\\/02\\\/995676911.jpg\",\"width\":1000,\"height\":678},{\"@type\":\"BreadcrumbList\",\"@id\":\"https:\\\/\\\/shop.bantam.ch\\\/fr\\\/produit\\\/boite-dustensiles-de-cuisine-margate-coloris-grey-melange\\\/#breadcrumb\",\"itemListElement\":[{\"@type\":\"ListItem\",\"position\":1,\"name\":\"Accueil\",\"item\":\"https:\\\/\\\/shop.bantam.ch\\\/fr\\\/\"},{\"@type\":\"ListItem\",\"position\":2,\"name\":\"Boutique\",\"item\":\"https:\\\/\\\/shop.bantam.ch\\\/fr\\\/boutique\\\/\"},{\"@type\":\"ListItem\",\"position\":3,\"name\":\"Bo\u00eete d\u2019ustensiles de cuisine Outwell, Margate, gris chin\u00e9\"}]},{\"@type\":\"WebSite\",\"@id\":\"https:\\\/\\\/shop.bantam.ch\\\/fr\\\/#website\",\"url\":\"https:\\\/\\\/shop.bantam.ch\\\/fr\\\/\",\"name\":\"Bantam Wankm\u00fcller SA\",\"description\":\"\",\"publisher\":{\"@id\":\"https:\\\/\\\/shop.bantam.ch\\\/fr\\\/#organization\"},\"inLanguage\":\"fr-FR\"},{\"@type\":\"Organization\",\"@id\":\"https:\\\/\\\/shop.bantam.ch\\\/fr\\\/#organization\",\"name\":\"Bantam Wankm\u00fcller SA\",\"url\":\"https:\\\/\\\/shop.bantam.ch\\\/fr\\\/\",\"logo\":{\"@type\":\"ImageObject\",\"inLanguage\":\"fr-FR\",\"@id\":\"https:\\\/\\\/shop.bantam.ch\\\/fr\\\/#\\\/schema\\\/logo\\\/image\\\/\",\"url\":\"https:\\\/\\\/shop.bantam.ch\\\/wp-content\\\/uploads\\\/2022\\\/12\\\/bantam-logo.png\",\"contentUrl\":\"https:\\\/\\\/shop.bantam.ch\\\/wp-content\\\/uploads\\\/2022\\\/12\\\/bantam-logo.png\",\"width\":320,\"height\":71,\"caption\":\"Bantam Wankm\u00fcller SA\"},\"image\":{\"@id\":\"https:\\\/\\\/shop.bantam.ch\\\/fr\\\/#\\\/schema\\\/logo\\\/image\\\/\"}}]}<\/script>\n<!-- \/ Yoast SEO plugin. -->","yoast_head_json":{"title":"Bo\u00eete d\u2019ustensiles de cuisine Outwell, Margate, gris chin\u00e9 - Bantam Wankm\u00fcller SA","robots":{"index":"index","follow":"follow","max-snippet":"max-snippet:-1","max-image-preview":"max-image-preview:large","max-video-preview":"max-video-preview:-1"},"canonical":"https:\/\/shop.bantam.ch\/fr\/produit\/boite-dustensiles-de-cuisine-margate-coloris-grey-melange\/","og_locale":"fr_FR","og_type":"article","og_title":"Bo\u00eete d\u2019ustensiles de cuisine Outwell, Margate, gris chin\u00e9 - Bantam Wankm\u00fcller SA","og_description":"La bo\u00eete de conservation pour g\u00e2teaux se replie facilement et est munie de plusieurs poches pratiques, d\u2019un couvercle avec fermeture \u00e0 glissi\u00e8re et de deux compartiments avec fermeture velcro. Quatre poches ext\u00e9rieures en tissu Trois poches filet ext\u00e9rieures Grande poche ext\u00e9rieure avec fermeture \u00e0 glissi\u00e8re. Poign\u00e9es pratiques pour un transport facile Doublure PEVA facile \u00e0 [&hellip;]","og_url":"https:\/\/shop.bantam.ch\/fr\/produit\/boite-dustensiles-de-cuisine-margate-coloris-grey-melange\/","og_site_name":"Bantam Wankm\u00fcller SA","article_modified_time":"2026-04-21T19:34:18+00:00","og_image":[{"width":1000,"height":678,"url":"https:\/\/shop.bantam.ch\/wp-content\/uploads\/2023\/02\/995676911.jpg","type":"image\/jpeg"}],"twitter_card":"summary_large_image","schema":{"@context":"https:\/\/schema.org","@graph":[{"@type":"WebPage","@id":"https:\/\/shop.bantam.ch\/fr\/produit\/boite-dustensiles-de-cuisine-margate-coloris-grey-melange\/","url":"https:\/\/shop.bantam.ch\/fr\/produit\/boite-dustensiles-de-cuisine-margate-coloris-grey-melange\/","name":"Bo\u00eete d\u2019ustensiles de cuisine Outwell, Margate, gris chin\u00e9 - Bantam Wankm\u00fcller SA","isPartOf":{"@id":"https:\/\/shop.bantam.ch\/fr\/#website"},"primaryImageOfPage":{"@id":"https:\/\/shop.bantam.ch\/fr\/produit\/boite-dustensiles-de-cuisine-margate-coloris-grey-melange\/#primaryimage"},"image":{"@id":"https:\/\/shop.bantam.ch\/fr\/produit\/boite-dustensiles-de-cuisine-margate-coloris-grey-melange\/#primaryimage"},"thumbnailUrl":"https:\/\/shop.bantam.ch\/wp-content\/uploads\/2023\/02\/995676911.jpg","datePublished":"2023-02-28T05:40:28+00:00","dateModified":"2026-04-21T19:34:18+00:00","breadcrumb":{"@id":"https:\/\/shop.bantam.ch\/fr\/produit\/boite-dustensiles-de-cuisine-margate-coloris-grey-melange\/#breadcrumb"},"inLanguage":"fr-FR","potentialAction":[{"@type":"ReadAction","target":["https:\/\/shop.bantam.ch\/fr\/produit\/boite-dustensiles-de-cuisine-margate-coloris-grey-melange\/"]}]},{"@type":"ImageObject","inLanguage":"fr-FR","@id":"https:\/\/shop.bantam.ch\/fr\/produit\/boite-dustensiles-de-cuisine-margate-coloris-grey-melange\/#primaryimage","url":"https:\/\/shop.bantam.ch\/wp-content\/uploads\/2023\/02\/995676911.jpg","contentUrl":"https:\/\/shop.bantam.ch\/wp-content\/uploads\/2023\/02\/995676911.jpg","width":1000,"height":678},{"@type":"BreadcrumbList","@id":"https:\/\/shop.bantam.ch\/fr\/produit\/boite-dustensiles-de-cuisine-margate-coloris-grey-melange\/#breadcrumb","itemListElement":[{"@type":"ListItem","position":1,"name":"Accueil","item":"https:\/\/shop.bantam.ch\/fr\/"},{"@type":"ListItem","position":2,"name":"Boutique","item":"https:\/\/shop.bantam.ch\/fr\/boutique\/"},{"@type":"ListItem","position":3,"name":"Bo\u00eete d\u2019ustensiles de cuisine Outwell, Margate, gris chin\u00e9"}]},{"@type":"WebSite","@id":"https:\/\/shop.bantam.ch\/fr\/#website","url":"https:\/\/shop.bantam.ch\/fr\/","name":"Bantam Wankm\u00fcller SA","description":"","publisher":{"@id":"https:\/\/shop.bantam.ch\/fr\/#organization"},"inLanguage":"fr-FR"},{"@type":"Organization","@id":"https:\/\/shop.bantam.ch\/fr\/#organization","name":"Bantam Wankm\u00fcller SA","url":"https:\/\/shop.bantam.ch\/fr\/","logo":{"@type":"ImageObject","inLanguage":"fr-FR","@id":"https:\/\/shop.bantam.ch\/fr\/#\/schema\/logo\/image\/","url":"https:\/\/shop.bantam.ch\/wp-content\/uploads\/2022\/12\/bantam-logo.png","contentUrl":"https:\/\/shop.bantam.ch\/wp-content\/uploads\/2022\/12\/bantam-logo.png","width":320,"height":71,"caption":"Bantam Wankm\u00fcller SA"},"image":{"@id":"https:\/\/shop.bantam.ch\/fr\/#\/schema\/logo\/image\/"}}]}},"_links":{"self":[{"href":"https:\/\/shop.bantam.ch\/fr\/wp-json\/wp\/v2\/product\/101537","targetHints":{"allow":["GET"]}}],"collection":[{"href":"https:\/\/shop.bantam.ch\/fr\/wp-json\/wp\/v2\/product"}],"about":[{"href":"https:\/\/shop.bantam.ch\/fr\/wp-json\/wp\/v2\/types\/product"}],"wp:featuredmedia":[{"embeddable":true,"href":"https:\/\/shop.bantam.ch\/fr\/wp-json\/wp\/v2\/media\/101523"}],"wp:attachment":[{"href":"https:\/\/shop.bantam.ch\/fr\/wp-json\/wp\/v2\/media?parent=101537"}],"wp:term":[{"taxonomy":"product_featured_cat","embeddable":true,"href":"https:\/\/shop.bantam.ch\/fr\/wp-json\/wp\/v2\/product_featured_cat?post=101537"},{"taxonomy":"product_brand","embeddable":true,"href":"https:\/\/shop.bantam.ch\/fr\/wp-json\/wp\/v2\/product_brand?post=101537"},{"taxonomy":"product_cat","embeddable":true,"href":"https:\/\/shop.bantam.ch\/fr\/wp-json\/wp\/v2\/product_cat?post=101537"},{"taxonomy":"product_tag","embeddable":true,"href":"https:\/\/shop.bantam.ch\/fr\/wp-json\/wp\/v2\/product_tag?post=101537"}],"curies":[{"name":"wp","href":"https:\/\/api.w.org\/{rel}","templated":true}]}}