{"id":101521,"date":"2023-02-28T06:40:17","date_gmt":"2023-02-28T05:40:17","guid":{"rendered":"http:\/\/shop.bantam.ch\/produit\/batterie-de-cuisine-feast-m\/"},"modified":"2026-04-18T21:34:11","modified_gmt":"2026-04-18T19:34:11","slug":"batterie-de-cuisine-feast-m","status":"publish","type":"product","link":"https:\/\/shop.bantam.ch\/fr\/produit\/batterie-de-cuisine-feast-m\/","title":{"rendered":"Batterie cuisine Outwell Feast M _2 casseroles, 1 po\u00eale_"},"content":{"rendered":"<p>La batterie de cuisine Feast en aluminium de qualit\u00e9 avec rev\u00eatement anti-adh\u00e9sif robuste et insert en fer pour une utilisation sur plaque \u00e0 induction est particuli\u00e8rement styl\u00e9e.<\/p>\n<ul>\n<li>Couvercle en inox<\/li>\n<li>Poign\u00e9es amovibles \u00ab\u00a0Soft Touch\u00a0\u00bb<\/li>\n<li>Adapt\u00e9e pour toutes les sources de chaleur<\/li>\n<li>sac de transport<\/li>\n<\/ul>\n<p>Set de 4 pi\u00e8ces comprenant :<\/p>\n<ul>\n<li>1 casserole (1,5 l)<\/li>\n<li>1 cocotte (1,5 l)<\/li>\n<li>1 po\u00eale (\u00d8 20 cm)<\/li>\n<li>1 couvercle adapt\u00e9 \u00e0 la po\u00eale et \u00e0 la casserole<\/li>\n<\/ul>\n","protected":false},"excerpt":{"rendered":"<p>La batterie de cuisine Feast en aluminium de qualit\u00e9 avec rev\u00eatement anti-adh\u00e9sif robuste et insert en fer pour une utilisation sur plaque \u00e0 induction est particuli\u00e8rement styl\u00e9e. Couvercle en inox Poign\u00e9es amovibles \u00ab\u00a0Soft Touch\u00a0\u00bb Adapt\u00e9e pour toutes les sources de chaleur sac de transport Set de 4 pi\u00e8ces comprenant : 1 casserole (1,5 l) 1 [&hellip;]<\/p>\n","protected":false},"featured_media":101517,"template":"","meta":{"_acf_changed":false},"product_featured_cat":[],"product_brand":[3296],"product_cat":[4265],"product_tag":[],"class_list":{"0":"post-101521","1":"product","2":"type-product","3":"status-publish","4":"has-post-thumbnail","6":"product_brand-outwell","7":"product_cat-casseroles-poeles-et-sets","9":"first","10":"instock","11":"taxable","12":"shipping-taxable","13":"purchasable","14":"product-type-simple"},"acf":[],"yoast_head":"<!-- This site is optimized with the Yoast SEO plugin v27.4 - https:\/\/yoast.com\/product\/yoast-seo-wordpress\/ -->\n<title>Batterie cuisine Outwell Feast M _2 casseroles, 1 po\u00eale_ - Bantam Wankm\u00fcller SA<\/title>\n<meta name=\"robots\" content=\"index, follow, max-snippet:-1, max-image-preview:large, max-video-preview:-1\" \/>\n<link rel=\"canonical\" href=\"https:\/\/shop.bantam.ch\/fr\/produit\/batterie-de-cuisine-feast-m\/\" \/>\n<meta property=\"og:locale\" content=\"fr_FR\" \/>\n<meta property=\"og:type\" content=\"article\" \/>\n<meta property=\"og:title\" content=\"Batterie cuisine Outwell Feast M _2 casseroles, 1 po\u00eale_ - Bantam Wankm\u00fcller SA\" \/>\n<meta property=\"og:description\" content=\"La batterie de cuisine Feast en aluminium de qualit\u00e9 avec rev\u00eatement anti-adh\u00e9sif robuste et insert en fer pour une utilisation sur plaque \u00e0 induction est particuli\u00e8rement styl\u00e9e. Couvercle en inox Poign\u00e9es amovibles \u00ab\u00a0Soft Touch\u00a0\u00bb Adapt\u00e9e pour toutes les sources de chaleur sac de transport Set de 4 pi\u00e8ces comprenant : 1 casserole (1,5 l) 1 [&hellip;]\" \/>\n<meta property=\"og:url\" content=\"https:\/\/shop.bantam.ch\/fr\/produit\/batterie-de-cuisine-feast-m\/\" \/>\n<meta property=\"og:site_name\" content=\"Bantam Wankm\u00fcller SA\" \/>\n<meta property=\"article:modified_time\" content=\"2026-04-18T19:34:11+00:00\" \/>\n<meta property=\"og:image\" content=\"https:\/\/shop.bantam.ch\/wp-content\/uploads\/2023\/02\/991179211.jpg\" \/>\n\t<meta property=\"og:image:width\" content=\"1000\" \/>\n\t<meta property=\"og:image:height\" content=\"465\" \/>\n\t<meta property=\"og:image:type\" content=\"image\/jpeg\" \/>\n<meta name=\"twitter:card\" content=\"summary_large_image\" \/>\n<script type=\"application\/ld+json\" class=\"yoast-schema-graph\">{\"@context\":\"https:\\\/\\\/schema.org\",\"@graph\":[{\"@type\":\"WebPage\",\"@id\":\"https:\\\/\\\/shop.bantam.ch\\\/fr\\\/produit\\\/batterie-de-cuisine-feast-m\\\/\",\"url\":\"https:\\\/\\\/shop.bantam.ch\\\/fr\\\/produit\\\/batterie-de-cuisine-feast-m\\\/\",\"name\":\"Batterie cuisine Outwell Feast M _2 casseroles, 1 po\u00eale_ - Bantam Wankm\u00fcller SA\",\"isPartOf\":{\"@id\":\"https:\\\/\\\/shop.bantam.ch\\\/fr\\\/#website\"},\"primaryImageOfPage\":{\"@id\":\"https:\\\/\\\/shop.bantam.ch\\\/fr\\\/produit\\\/batterie-de-cuisine-feast-m\\\/#primaryimage\"},\"image\":{\"@id\":\"https:\\\/\\\/shop.bantam.ch\\\/fr\\\/produit\\\/batterie-de-cuisine-feast-m\\\/#primaryimage\"},\"thumbnailUrl\":\"https:\\\/\\\/shop.bantam.ch\\\/wp-content\\\/uploads\\\/2023\\\/02\\\/991179211.jpg\",\"datePublished\":\"2023-02-28T05:40:17+00:00\",\"dateModified\":\"2026-04-18T19:34:11+00:00\",\"breadcrumb\":{\"@id\":\"https:\\\/\\\/shop.bantam.ch\\\/fr\\\/produit\\\/batterie-de-cuisine-feast-m\\\/#breadcrumb\"},\"inLanguage\":\"fr-FR\",\"potentialAction\":[{\"@type\":\"ReadAction\",\"target\":[\"https:\\\/\\\/shop.bantam.ch\\\/fr\\\/produit\\\/batterie-de-cuisine-feast-m\\\/\"]}]},{\"@type\":\"ImageObject\",\"inLanguage\":\"fr-FR\",\"@id\":\"https:\\\/\\\/shop.bantam.ch\\\/fr\\\/produit\\\/batterie-de-cuisine-feast-m\\\/#primaryimage\",\"url\":\"https:\\\/\\\/shop.bantam.ch\\\/wp-content\\\/uploads\\\/2023\\\/02\\\/991179211.jpg\",\"contentUrl\":\"https:\\\/\\\/shop.bantam.ch\\\/wp-content\\\/uploads\\\/2023\\\/02\\\/991179211.jpg\",\"width\":1000,\"height\":465},{\"@type\":\"BreadcrumbList\",\"@id\":\"https:\\\/\\\/shop.bantam.ch\\\/fr\\\/produit\\\/batterie-de-cuisine-feast-m\\\/#breadcrumb\",\"itemListElement\":[{\"@type\":\"ListItem\",\"position\":1,\"name\":\"Accueil\",\"item\":\"https:\\\/\\\/shop.bantam.ch\\\/fr\\\/\"},{\"@type\":\"ListItem\",\"position\":2,\"name\":\"Boutique\",\"item\":\"https:\\\/\\\/shop.bantam.ch\\\/fr\\\/boutique\\\/\"},{\"@type\":\"ListItem\",\"position\":3,\"name\":\"Batterie cuisine Outwell Feast M _2 casseroles, 1 po\u00eale_\"}]},{\"@type\":\"WebSite\",\"@id\":\"https:\\\/\\\/shop.bantam.ch\\\/fr\\\/#website\",\"url\":\"https:\\\/\\\/shop.bantam.ch\\\/fr\\\/\",\"name\":\"Bantam Wankm\u00fcller SA\",\"description\":\"\",\"publisher\":{\"@id\":\"https:\\\/\\\/shop.bantam.ch\\\/fr\\\/#organization\"},\"inLanguage\":\"fr-FR\"},{\"@type\":\"Organization\",\"@id\":\"https:\\\/\\\/shop.bantam.ch\\\/fr\\\/#organization\",\"name\":\"Bantam Wankm\u00fcller SA\",\"url\":\"https:\\\/\\\/shop.bantam.ch\\\/fr\\\/\",\"logo\":{\"@type\":\"ImageObject\",\"inLanguage\":\"fr-FR\",\"@id\":\"https:\\\/\\\/shop.bantam.ch\\\/fr\\\/#\\\/schema\\\/logo\\\/image\\\/\",\"url\":\"https:\\\/\\\/shop.bantam.ch\\\/wp-content\\\/uploads\\\/2022\\\/12\\\/bantam-logo.png\",\"contentUrl\":\"https:\\\/\\\/shop.bantam.ch\\\/wp-content\\\/uploads\\\/2022\\\/12\\\/bantam-logo.png\",\"width\":320,\"height\":71,\"caption\":\"Bantam Wankm\u00fcller SA\"},\"image\":{\"@id\":\"https:\\\/\\\/shop.bantam.ch\\\/fr\\\/#\\\/schema\\\/logo\\\/image\\\/\"}}]}<\/script>\n<!-- \/ Yoast SEO plugin. -->","yoast_head_json":{"title":"Batterie cuisine Outwell Feast M _2 casseroles, 1 po\u00eale_ - Bantam Wankm\u00fcller SA","robots":{"index":"index","follow":"follow","max-snippet":"max-snippet:-1","max-image-preview":"max-image-preview:large","max-video-preview":"max-video-preview:-1"},"canonical":"https:\/\/shop.bantam.ch\/fr\/produit\/batterie-de-cuisine-feast-m\/","og_locale":"fr_FR","og_type":"article","og_title":"Batterie cuisine Outwell Feast M _2 casseroles, 1 po\u00eale_ - Bantam Wankm\u00fcller SA","og_description":"La batterie de cuisine Feast en aluminium de qualit\u00e9 avec rev\u00eatement anti-adh\u00e9sif robuste et insert en fer pour une utilisation sur plaque \u00e0 induction est particuli\u00e8rement styl\u00e9e. Couvercle en inox Poign\u00e9es amovibles \u00ab\u00a0Soft Touch\u00a0\u00bb Adapt\u00e9e pour toutes les sources de chaleur sac de transport Set de 4 pi\u00e8ces comprenant : 1 casserole (1,5 l) 1 [&hellip;]","og_url":"https:\/\/shop.bantam.ch\/fr\/produit\/batterie-de-cuisine-feast-m\/","og_site_name":"Bantam Wankm\u00fcller SA","article_modified_time":"2026-04-18T19:34:11+00:00","og_image":[{"width":1000,"height":465,"url":"https:\/\/shop.bantam.ch\/wp-content\/uploads\/2023\/02\/991179211.jpg","type":"image\/jpeg"}],"twitter_card":"summary_large_image","schema":{"@context":"https:\/\/schema.org","@graph":[{"@type":"WebPage","@id":"https:\/\/shop.bantam.ch\/fr\/produit\/batterie-de-cuisine-feast-m\/","url":"https:\/\/shop.bantam.ch\/fr\/produit\/batterie-de-cuisine-feast-m\/","name":"Batterie cuisine Outwell Feast M _2 casseroles, 1 po\u00eale_ - Bantam Wankm\u00fcller SA","isPartOf":{"@id":"https:\/\/shop.bantam.ch\/fr\/#website"},"primaryImageOfPage":{"@id":"https:\/\/shop.bantam.ch\/fr\/produit\/batterie-de-cuisine-feast-m\/#primaryimage"},"image":{"@id":"https:\/\/shop.bantam.ch\/fr\/produit\/batterie-de-cuisine-feast-m\/#primaryimage"},"thumbnailUrl":"https:\/\/shop.bantam.ch\/wp-content\/uploads\/2023\/02\/991179211.jpg","datePublished":"2023-02-28T05:40:17+00:00","dateModified":"2026-04-18T19:34:11+00:00","breadcrumb":{"@id":"https:\/\/shop.bantam.ch\/fr\/produit\/batterie-de-cuisine-feast-m\/#breadcrumb"},"inLanguage":"fr-FR","potentialAction":[{"@type":"ReadAction","target":["https:\/\/shop.bantam.ch\/fr\/produit\/batterie-de-cuisine-feast-m\/"]}]},{"@type":"ImageObject","inLanguage":"fr-FR","@id":"https:\/\/shop.bantam.ch\/fr\/produit\/batterie-de-cuisine-feast-m\/#primaryimage","url":"https:\/\/shop.bantam.ch\/wp-content\/uploads\/2023\/02\/991179211.jpg","contentUrl":"https:\/\/shop.bantam.ch\/wp-content\/uploads\/2023\/02\/991179211.jpg","width":1000,"height":465},{"@type":"BreadcrumbList","@id":"https:\/\/shop.bantam.ch\/fr\/produit\/batterie-de-cuisine-feast-m\/#breadcrumb","itemListElement":[{"@type":"ListItem","position":1,"name":"Accueil","item":"https:\/\/shop.bantam.ch\/fr\/"},{"@type":"ListItem","position":2,"name":"Boutique","item":"https:\/\/shop.bantam.ch\/fr\/boutique\/"},{"@type":"ListItem","position":3,"name":"Batterie cuisine Outwell Feast M _2 casseroles, 1 po\u00eale_"}]},{"@type":"WebSite","@id":"https:\/\/shop.bantam.ch\/fr\/#website","url":"https:\/\/shop.bantam.ch\/fr\/","name":"Bantam Wankm\u00fcller SA","description":"","publisher":{"@id":"https:\/\/shop.bantam.ch\/fr\/#organization"},"inLanguage":"fr-FR"},{"@type":"Organization","@id":"https:\/\/shop.bantam.ch\/fr\/#organization","name":"Bantam Wankm\u00fcller SA","url":"https:\/\/shop.bantam.ch\/fr\/","logo":{"@type":"ImageObject","inLanguage":"fr-FR","@id":"https:\/\/shop.bantam.ch\/fr\/#\/schema\/logo\/image\/","url":"https:\/\/shop.bantam.ch\/wp-content\/uploads\/2022\/12\/bantam-logo.png","contentUrl":"https:\/\/shop.bantam.ch\/wp-content\/uploads\/2022\/12\/bantam-logo.png","width":320,"height":71,"caption":"Bantam Wankm\u00fcller SA"},"image":{"@id":"https:\/\/shop.bantam.ch\/fr\/#\/schema\/logo\/image\/"}}]}},"_links":{"self":[{"href":"https:\/\/shop.bantam.ch\/fr\/wp-json\/wp\/v2\/product\/101521","targetHints":{"allow":["GET"]}}],"collection":[{"href":"https:\/\/shop.bantam.ch\/fr\/wp-json\/wp\/v2\/product"}],"about":[{"href":"https:\/\/shop.bantam.ch\/fr\/wp-json\/wp\/v2\/types\/product"}],"wp:featuredmedia":[{"embeddable":true,"href":"https:\/\/shop.bantam.ch\/fr\/wp-json\/wp\/v2\/media\/101517"}],"wp:attachment":[{"href":"https:\/\/shop.bantam.ch\/fr\/wp-json\/wp\/v2\/media?parent=101521"}],"wp:term":[{"taxonomy":"product_featured_cat","embeddable":true,"href":"https:\/\/shop.bantam.ch\/fr\/wp-json\/wp\/v2\/product_featured_cat?post=101521"},{"taxonomy":"product_brand","embeddable":true,"href":"https:\/\/shop.bantam.ch\/fr\/wp-json\/wp\/v2\/product_brand?post=101521"},{"taxonomy":"product_cat","embeddable":true,"href":"https:\/\/shop.bantam.ch\/fr\/wp-json\/wp\/v2\/product_cat?post=101521"},{"taxonomy":"product_tag","embeddable":true,"href":"https:\/\/shop.bantam.ch\/fr\/wp-json\/wp\/v2\/product_tag?post=101521"}],"curies":[{"name":"wp","href":"https:\/\/api.w.org\/{rel}","templated":true}]}}