{"id":101413,"date":"2023-02-28T06:37:57","date_gmt":"2023-02-28T05:37:57","guid":{"rendered":"http:\/\/shop.bantam.ch\/produit\/glaciere-outwell-ecocool-slate-gris\/"},"modified":"2026-04-19T23:05:04","modified_gmt":"2026-04-19T21:05:04","slug":"glaciere-outwell-ecocool-slate-gris","status":"publish","type":"product","link":"https:\/\/shop.bantam.ch\/fr\/produit\/glaciere-outwell-ecocool-slate-gris\/","title":{"rendered":"Glaci\u00e8re Outwell Ecocool Slate, gris"},"content":{"rendered":"<p>Technologie d\u2019\u00e9conomie d\u2019\u00e9nergie \u00e0 la pointe de la modernit\u00e9<\/p>\n<p>Isolation en PU pour une performance optimale<\/p>\n<p>Entr\u00e9e de c\u00e2ble dissimul\u00e9e et prot\u00e9g\u00e9e<\/p>\n<p>Poign\u00e9e rabattable<\/p>\n<p>Fonction de maintien au froid et au chaud<\/p>\n<p>Couvercle divis\u00e9 (35\u00a0l)<\/p>\n<p>Peut accueillir des bouteilles de 2\u00a0l<\/p>\n<p>Cloison utilisable comme bloc de refroidissement<\/p>\n<p>Puissance de ventilation optimale<\/p>\n<p>Refroidit \u00e0 18-25\u00a0\u00b0C en dessous de la temp\u00e9rature ambiante<\/p>\n<p>Utilisable sur 12\u00a0V et 230\u00a0V<\/p>\n<p>C\u00e2ble 2\u00a0volts, longueur 200\u00a0cm, et c\u00e2ble 230\u00a0volts, longueur 180\u00a0cm<\/p>\n<p>Deux fonctions ECOcool\/max.<\/p>\n<p>Le compartiment de conservation se compose d\u2019un mat\u00e9riau \u00e0 effet antimicrobien<\/p>\n<p>Adaptateur 230\u00a0V et c\u00e2ble pour fiche UE et R.-U. compris dans la fourniture<\/p>\n","protected":false},"excerpt":{"rendered":"<p>Technologie d\u2019\u00e9conomie d\u2019\u00e9nergie \u00e0 la pointe de la modernit\u00e9 Isolation en PU pour une performance optimale Entr\u00e9e de c\u00e2ble dissimul\u00e9e et prot\u00e9g\u00e9e Poign\u00e9e rabattable Fonction de maintien au froid et au chaud Couvercle divis\u00e9 (35\u00a0l) Peut accueillir des bouteilles de 2\u00a0l Cloison utilisable comme bloc de refroidissement Puissance de ventilation optimale Refroidit \u00e0 18-25\u00a0\u00b0C en [&hellip;]<\/p>\n","protected":false},"featured_media":101397,"template":"","meta":{"_acf_changed":false},"product_featured_cat":[],"product_brand":[3296],"product_cat":[4543],"product_tag":[],"class_list":{"0":"post-101413","1":"product","2":"type-product","3":"status-publish","4":"has-post-thumbnail","6":"product_brand-outwell","7":"product_cat-glacieres-thermoelectriques","9":"first","10":"instock","11":"taxable","12":"shipping-taxable","13":"purchasable","14":"product-type-variable"},"acf":[],"yoast_head":"<!-- This site is optimized with the Yoast SEO plugin v27.4 - https:\/\/yoast.com\/product\/yoast-seo-wordpress\/ -->\n<title>Glaci\u00e8re Outwell Ecocool Slate, gris - Bantam Wankm\u00fcller SA<\/title>\n<meta name=\"robots\" content=\"index, follow, max-snippet:-1, max-image-preview:large, max-video-preview:-1\" \/>\n<link rel=\"canonical\" href=\"https:\/\/shop.bantam.ch\/fr\/produit\/glaciere-outwell-ecocool-slate-gris\/\" \/>\n<meta property=\"og:locale\" content=\"fr_FR\" \/>\n<meta property=\"og:type\" content=\"article\" \/>\n<meta property=\"og:title\" content=\"Glaci\u00e8re Outwell Ecocool Slate, gris - Bantam Wankm\u00fcller SA\" \/>\n<meta property=\"og:description\" content=\"Technologie d\u2019\u00e9conomie d\u2019\u00e9nergie \u00e0 la pointe de la modernit\u00e9 Isolation en PU pour une performance optimale Entr\u00e9e de c\u00e2ble dissimul\u00e9e et prot\u00e9g\u00e9e Poign\u00e9e rabattable Fonction de maintien au froid et au chaud Couvercle divis\u00e9 (35\u00a0l) Peut accueillir des bouteilles de 2\u00a0l Cloison utilisable comme bloc de refroidissement Puissance de ventilation optimale Refroidit \u00e0 18-25\u00a0\u00b0C en [&hellip;]\" \/>\n<meta property=\"og:url\" content=\"https:\/\/shop.bantam.ch\/fr\/produit\/glaciere-outwell-ecocool-slate-gris\/\" \/>\n<meta property=\"og:site_name\" content=\"Bantam Wankm\u00fcller SA\" \/>\n<meta property=\"article:modified_time\" content=\"2026-04-19T21:05:04+00:00\" \/>\n<meta property=\"og:image\" content=\"https:\/\/shop.bantam.ch\/wp-content\/uploads\/2023\/02\/995677611.jpg\" \/>\n\t<meta property=\"og:image:width\" content=\"1000\" \/>\n\t<meta property=\"og:image:height\" content=\"563\" \/>\n\t<meta property=\"og:image:type\" content=\"image\/jpeg\" \/>\n<meta name=\"twitter:card\" content=\"summary_large_image\" \/>\n<meta name=\"twitter:label1\" content=\"Dur\u00e9e de lecture estim\u00e9e\" \/>\n\t<meta name=\"twitter:data1\" content=\"1 minute\" \/>\n<script type=\"application\/ld+json\" class=\"yoast-schema-graph\">{\"@context\":\"https:\\\/\\\/schema.org\",\"@graph\":[{\"@type\":\"WebPage\",\"@id\":\"https:\\\/\\\/shop.bantam.ch\\\/fr\\\/produit\\\/glaciere-outwell-ecocool-slate-gris\\\/\",\"url\":\"https:\\\/\\\/shop.bantam.ch\\\/fr\\\/produit\\\/glaciere-outwell-ecocool-slate-gris\\\/\",\"name\":\"Glaci\u00e8re Outwell Ecocool Slate, gris - Bantam Wankm\u00fcller SA\",\"isPartOf\":{\"@id\":\"https:\\\/\\\/shop.bantam.ch\\\/fr\\\/#website\"},\"primaryImageOfPage\":{\"@id\":\"https:\\\/\\\/shop.bantam.ch\\\/fr\\\/produit\\\/glaciere-outwell-ecocool-slate-gris\\\/#primaryimage\"},\"image\":{\"@id\":\"https:\\\/\\\/shop.bantam.ch\\\/fr\\\/produit\\\/glaciere-outwell-ecocool-slate-gris\\\/#primaryimage\"},\"thumbnailUrl\":\"https:\\\/\\\/shop.bantam.ch\\\/wp-content\\\/uploads\\\/2023\\\/02\\\/995677611.jpg\",\"datePublished\":\"2023-02-28T05:37:57+00:00\",\"dateModified\":\"2026-04-19T21:05:04+00:00\",\"breadcrumb\":{\"@id\":\"https:\\\/\\\/shop.bantam.ch\\\/fr\\\/produit\\\/glaciere-outwell-ecocool-slate-gris\\\/#breadcrumb\"},\"inLanguage\":\"fr-FR\",\"potentialAction\":[{\"@type\":\"ReadAction\",\"target\":[\"https:\\\/\\\/shop.bantam.ch\\\/fr\\\/produit\\\/glaciere-outwell-ecocool-slate-gris\\\/\"]}]},{\"@type\":\"ImageObject\",\"inLanguage\":\"fr-FR\",\"@id\":\"https:\\\/\\\/shop.bantam.ch\\\/fr\\\/produit\\\/glaciere-outwell-ecocool-slate-gris\\\/#primaryimage\",\"url\":\"https:\\\/\\\/shop.bantam.ch\\\/wp-content\\\/uploads\\\/2023\\\/02\\\/995677611.jpg\",\"contentUrl\":\"https:\\\/\\\/shop.bantam.ch\\\/wp-content\\\/uploads\\\/2023\\\/02\\\/995677611.jpg\",\"width\":1000,\"height\":563},{\"@type\":\"BreadcrumbList\",\"@id\":\"https:\\\/\\\/shop.bantam.ch\\\/fr\\\/produit\\\/glaciere-outwell-ecocool-slate-gris\\\/#breadcrumb\",\"itemListElement\":[{\"@type\":\"ListItem\",\"position\":1,\"name\":\"Accueil\",\"item\":\"https:\\\/\\\/shop.bantam.ch\\\/fr\\\/\"},{\"@type\":\"ListItem\",\"position\":2,\"name\":\"Boutique\",\"item\":\"https:\\\/\\\/shop.bantam.ch\\\/fr\\\/boutique\\\/\"},{\"@type\":\"ListItem\",\"position\":3,\"name\":\"Glaci\u00e8re Outwell Ecocool Slate, gris\"}]},{\"@type\":\"WebSite\",\"@id\":\"https:\\\/\\\/shop.bantam.ch\\\/fr\\\/#website\",\"url\":\"https:\\\/\\\/shop.bantam.ch\\\/fr\\\/\",\"name\":\"Bantam Wankm\u00fcller SA\",\"description\":\"\",\"publisher\":{\"@id\":\"https:\\\/\\\/shop.bantam.ch\\\/fr\\\/#organization\"},\"inLanguage\":\"fr-FR\"},{\"@type\":\"Organization\",\"@id\":\"https:\\\/\\\/shop.bantam.ch\\\/fr\\\/#organization\",\"name\":\"Bantam Wankm\u00fcller SA\",\"url\":\"https:\\\/\\\/shop.bantam.ch\\\/fr\\\/\",\"logo\":{\"@type\":\"ImageObject\",\"inLanguage\":\"fr-FR\",\"@id\":\"https:\\\/\\\/shop.bantam.ch\\\/fr\\\/#\\\/schema\\\/logo\\\/image\\\/\",\"url\":\"https:\\\/\\\/shop.bantam.ch\\\/wp-content\\\/uploads\\\/2022\\\/12\\\/bantam-logo.png\",\"contentUrl\":\"https:\\\/\\\/shop.bantam.ch\\\/wp-content\\\/uploads\\\/2022\\\/12\\\/bantam-logo.png\",\"width\":320,\"height\":71,\"caption\":\"Bantam Wankm\u00fcller SA\"},\"image\":{\"@id\":\"https:\\\/\\\/shop.bantam.ch\\\/fr\\\/#\\\/schema\\\/logo\\\/image\\\/\"}}]}<\/script>\n<!-- \/ Yoast SEO plugin. -->","yoast_head_json":{"title":"Glaci\u00e8re Outwell Ecocool Slate, gris - Bantam Wankm\u00fcller SA","robots":{"index":"index","follow":"follow","max-snippet":"max-snippet:-1","max-image-preview":"max-image-preview:large","max-video-preview":"max-video-preview:-1"},"canonical":"https:\/\/shop.bantam.ch\/fr\/produit\/glaciere-outwell-ecocool-slate-gris\/","og_locale":"fr_FR","og_type":"article","og_title":"Glaci\u00e8re Outwell Ecocool Slate, gris - Bantam Wankm\u00fcller SA","og_description":"Technologie d\u2019\u00e9conomie d\u2019\u00e9nergie \u00e0 la pointe de la modernit\u00e9 Isolation en PU pour une performance optimale Entr\u00e9e de c\u00e2ble dissimul\u00e9e et prot\u00e9g\u00e9e Poign\u00e9e rabattable Fonction de maintien au froid et au chaud Couvercle divis\u00e9 (35\u00a0l) Peut accueillir des bouteilles de 2\u00a0l Cloison utilisable comme bloc de refroidissement Puissance de ventilation optimale Refroidit \u00e0 18-25\u00a0\u00b0C en [&hellip;]","og_url":"https:\/\/shop.bantam.ch\/fr\/produit\/glaciere-outwell-ecocool-slate-gris\/","og_site_name":"Bantam Wankm\u00fcller SA","article_modified_time":"2026-04-19T21:05:04+00:00","og_image":[{"width":1000,"height":563,"url":"https:\/\/shop.bantam.ch\/wp-content\/uploads\/2023\/02\/995677611.jpg","type":"image\/jpeg"}],"twitter_card":"summary_large_image","twitter_misc":{"Dur\u00e9e de lecture estim\u00e9e":"1 minute"},"schema":{"@context":"https:\/\/schema.org","@graph":[{"@type":"WebPage","@id":"https:\/\/shop.bantam.ch\/fr\/produit\/glaciere-outwell-ecocool-slate-gris\/","url":"https:\/\/shop.bantam.ch\/fr\/produit\/glaciere-outwell-ecocool-slate-gris\/","name":"Glaci\u00e8re Outwell Ecocool Slate, gris - Bantam Wankm\u00fcller SA","isPartOf":{"@id":"https:\/\/shop.bantam.ch\/fr\/#website"},"primaryImageOfPage":{"@id":"https:\/\/shop.bantam.ch\/fr\/produit\/glaciere-outwell-ecocool-slate-gris\/#primaryimage"},"image":{"@id":"https:\/\/shop.bantam.ch\/fr\/produit\/glaciere-outwell-ecocool-slate-gris\/#primaryimage"},"thumbnailUrl":"https:\/\/shop.bantam.ch\/wp-content\/uploads\/2023\/02\/995677611.jpg","datePublished":"2023-02-28T05:37:57+00:00","dateModified":"2026-04-19T21:05:04+00:00","breadcrumb":{"@id":"https:\/\/shop.bantam.ch\/fr\/produit\/glaciere-outwell-ecocool-slate-gris\/#breadcrumb"},"inLanguage":"fr-FR","potentialAction":[{"@type":"ReadAction","target":["https:\/\/shop.bantam.ch\/fr\/produit\/glaciere-outwell-ecocool-slate-gris\/"]}]},{"@type":"ImageObject","inLanguage":"fr-FR","@id":"https:\/\/shop.bantam.ch\/fr\/produit\/glaciere-outwell-ecocool-slate-gris\/#primaryimage","url":"https:\/\/shop.bantam.ch\/wp-content\/uploads\/2023\/02\/995677611.jpg","contentUrl":"https:\/\/shop.bantam.ch\/wp-content\/uploads\/2023\/02\/995677611.jpg","width":1000,"height":563},{"@type":"BreadcrumbList","@id":"https:\/\/shop.bantam.ch\/fr\/produit\/glaciere-outwell-ecocool-slate-gris\/#breadcrumb","itemListElement":[{"@type":"ListItem","position":1,"name":"Accueil","item":"https:\/\/shop.bantam.ch\/fr\/"},{"@type":"ListItem","position":2,"name":"Boutique","item":"https:\/\/shop.bantam.ch\/fr\/boutique\/"},{"@type":"ListItem","position":3,"name":"Glaci\u00e8re Outwell Ecocool Slate, gris"}]},{"@type":"WebSite","@id":"https:\/\/shop.bantam.ch\/fr\/#website","url":"https:\/\/shop.bantam.ch\/fr\/","name":"Bantam Wankm\u00fcller SA","description":"","publisher":{"@id":"https:\/\/shop.bantam.ch\/fr\/#organization"},"inLanguage":"fr-FR"},{"@type":"Organization","@id":"https:\/\/shop.bantam.ch\/fr\/#organization","name":"Bantam Wankm\u00fcller SA","url":"https:\/\/shop.bantam.ch\/fr\/","logo":{"@type":"ImageObject","inLanguage":"fr-FR","@id":"https:\/\/shop.bantam.ch\/fr\/#\/schema\/logo\/image\/","url":"https:\/\/shop.bantam.ch\/wp-content\/uploads\/2022\/12\/bantam-logo.png","contentUrl":"https:\/\/shop.bantam.ch\/wp-content\/uploads\/2022\/12\/bantam-logo.png","width":320,"height":71,"caption":"Bantam Wankm\u00fcller SA"},"image":{"@id":"https:\/\/shop.bantam.ch\/fr\/#\/schema\/logo\/image\/"}}]}},"_links":{"self":[{"href":"https:\/\/shop.bantam.ch\/fr\/wp-json\/wp\/v2\/product\/101413","targetHints":{"allow":["GET"]}}],"collection":[{"href":"https:\/\/shop.bantam.ch\/fr\/wp-json\/wp\/v2\/product"}],"about":[{"href":"https:\/\/shop.bantam.ch\/fr\/wp-json\/wp\/v2\/types\/product"}],"wp:featuredmedia":[{"embeddable":true,"href":"https:\/\/shop.bantam.ch\/fr\/wp-json\/wp\/v2\/media\/101397"}],"wp:attachment":[{"href":"https:\/\/shop.bantam.ch\/fr\/wp-json\/wp\/v2\/media?parent=101413"}],"wp:term":[{"taxonomy":"product_featured_cat","embeddable":true,"href":"https:\/\/shop.bantam.ch\/fr\/wp-json\/wp\/v2\/product_featured_cat?post=101413"},{"taxonomy":"product_brand","embeddable":true,"href":"https:\/\/shop.bantam.ch\/fr\/wp-json\/wp\/v2\/product_brand?post=101413"},{"taxonomy":"product_cat","embeddable":true,"href":"https:\/\/shop.bantam.ch\/fr\/wp-json\/wp\/v2\/product_cat?post=101413"},{"taxonomy":"product_tag","embeddable":true,"href":"https:\/\/shop.bantam.ch\/fr\/wp-json\/wp\/v2\/product_tag?post=101413"}],"curies":[{"name":"wp","href":"https:\/\/api.w.org\/{rel}","templated":true}]}}