{"id":101231,"date":"2023-02-28T06:34:57","date_gmt":"2023-02-28T05:34:57","guid":{"rendered":"http:\/\/shop.bantam.ch\/produit\/support-de-glaciere-charlotte-town-avec-sac-de-rangement\/"},"modified":"2026-05-01T21:32:44","modified_gmt":"2026-05-01T19:32:44","slug":"support-de-glaciere-charlotte-town-avec-sac-de-rangement","status":"publish","type":"product","link":"https:\/\/shop.bantam.ch\/fr\/produit\/support-de-glaciere-charlotte-town-avec-sac-de-rangement\/","title":{"rendered":"Support de glaci\u00e8re Charlotte Town avec sac de rangement"},"content":{"rendered":"<p>Sur la surface d\u2019appui pratique et antid\u00e9rapante du Charlotte Town avec sac de rangement, il est possible de poser des glaci\u00e8res \u00e0 une hauteur de travail pratique pour \u00e9viter qu\u2019elles restent sur le sol humide. Le sac de rangement est amovible.<\/p>\n<ul>\n<li>Surface antid\u00e9rapante sur le support<\/li>\n<li>Id\u00e9al pour les glaci\u00e8res et les unit\u00e9s de r\u00e9frig\u00e9ration et de cong\u00e9lation<\/li>\n<li>Dimensions r\u00e9duites une fois pli\u00e9<\/li>\n<li>L\u00e9ger et facile \u00e0 transporter<\/li>\n<li>Sac de rangement suppl\u00e9mentaire<\/li>\n<\/ul>\n<p>Contenu de la livraison :<br \/> Sac de transport inclus pour faciliter le stockage et le transport<\/p>\n","protected":false},"excerpt":{"rendered":"<p>Sur la surface d\u2019appui pratique et antid\u00e9rapante du Charlotte Town avec sac de rangement, il est possible de poser des glaci\u00e8res \u00e0 une hauteur de travail pratique pour \u00e9viter qu\u2019elles restent sur le sol humide. Le sac de rangement est amovible. Surface antid\u00e9rapante sur le support Id\u00e9al pour les glaci\u00e8res et les unit\u00e9s de r\u00e9frig\u00e9ration [&hellip;]<\/p>\n","protected":false},"featured_media":101225,"template":"","meta":{"_acf_changed":false},"product_featured_cat":[],"product_brand":[3296],"product_cat":[4553],"product_tag":[],"class_list":{"0":"post-101231","1":"product","2":"type-product","3":"status-publish","4":"has-post-thumbnail","6":"product_brand-outwell","7":"product_cat-accessoires-pour-glacieres","9":"first","10":"instock","11":"taxable","12":"shipping-taxable","13":"purchasable","14":"product-type-simple"},"acf":[],"yoast_head":"<!-- This site is optimized with the Yoast SEO plugin v27.5 - https:\/\/yoast.com\/product\/yoast-seo-wordpress\/ -->\n<title>Support de glaci\u00e8re Charlotte Town avec sac de rangement - Bantam<\/title>\n<meta name=\"robots\" content=\"index, follow, max-snippet:-1, max-image-preview:large, max-video-preview:-1\" \/>\n<link rel=\"canonical\" href=\"https:\/\/shop.bantam.ch\/fr\/produit\/support-de-glaciere-charlotte-town-avec-sac-de-rangement\/\" \/>\n<meta property=\"og:locale\" content=\"fr_FR\" \/>\n<meta property=\"og:type\" content=\"article\" \/>\n<meta property=\"og:title\" content=\"Support de glaci\u00e8re Charlotte Town avec sac de rangement - Bantam\" \/>\n<meta property=\"og:description\" content=\"Sur la surface d\u2019appui pratique et antid\u00e9rapante du Charlotte Town avec sac de rangement, il est possible de poser des glaci\u00e8res \u00e0 une hauteur de travail pratique pour \u00e9viter qu\u2019elles restent sur le sol humide. Le sac de rangement est amovible. Surface antid\u00e9rapante sur le support Id\u00e9al pour les glaci\u00e8res et les unit\u00e9s de r\u00e9frig\u00e9ration [&hellip;]\" \/>\n<meta property=\"og:url\" content=\"https:\/\/shop.bantam.ch\/fr\/produit\/support-de-glaciere-charlotte-town-avec-sac-de-rangement\/\" \/>\n<meta property=\"og:site_name\" content=\"Bantam\" \/>\n<meta property=\"article:modified_time\" content=\"2026-05-01T19:32:44+00:00\" \/>\n<meta property=\"og:image\" content=\"https:\/\/shop.bantam.ch\/wp-content\/uploads\/2023\/02\/995678111.jpg\" \/>\n\t<meta property=\"og:image:width\" content=\"1000\" \/>\n\t<meta property=\"og:image:height\" content=\"563\" \/>\n\t<meta property=\"og:image:type\" content=\"image\/jpeg\" \/>\n<meta name=\"twitter:card\" content=\"summary_large_image\" \/>\n<script type=\"application\/ld+json\" class=\"yoast-schema-graph\">{\"@context\":\"https:\\\/\\\/schema.org\",\"@graph\":[{\"@type\":\"WebPage\",\"@id\":\"https:\\\/\\\/shop.bantam.ch\\\/fr\\\/produit\\\/support-de-glaciere-charlotte-town-avec-sac-de-rangement\\\/\",\"url\":\"https:\\\/\\\/shop.bantam.ch\\\/fr\\\/produit\\\/support-de-glaciere-charlotte-town-avec-sac-de-rangement\\\/\",\"name\":\"Support de glaci\u00e8re Charlotte Town avec sac de rangement - Bantam\",\"isPartOf\":{\"@id\":\"https:\\\/\\\/shop.bantam.ch\\\/fr\\\/#website\"},\"primaryImageOfPage\":{\"@id\":\"https:\\\/\\\/shop.bantam.ch\\\/fr\\\/produit\\\/support-de-glaciere-charlotte-town-avec-sac-de-rangement\\\/#primaryimage\"},\"image\":{\"@id\":\"https:\\\/\\\/shop.bantam.ch\\\/fr\\\/produit\\\/support-de-glaciere-charlotte-town-avec-sac-de-rangement\\\/#primaryimage\"},\"thumbnailUrl\":\"https:\\\/\\\/shop.bantam.ch\\\/wp-content\\\/uploads\\\/2023\\\/02\\\/995678111.jpg\",\"datePublished\":\"2023-02-28T05:34:57+00:00\",\"dateModified\":\"2026-05-01T19:32:44+00:00\",\"breadcrumb\":{\"@id\":\"https:\\\/\\\/shop.bantam.ch\\\/fr\\\/produit\\\/support-de-glaciere-charlotte-town-avec-sac-de-rangement\\\/#breadcrumb\"},\"inLanguage\":\"fr-FR\",\"potentialAction\":[{\"@type\":\"ReadAction\",\"target\":[\"https:\\\/\\\/shop.bantam.ch\\\/fr\\\/produit\\\/support-de-glaciere-charlotte-town-avec-sac-de-rangement\\\/\"]}]},{\"@type\":\"ImageObject\",\"inLanguage\":\"fr-FR\",\"@id\":\"https:\\\/\\\/shop.bantam.ch\\\/fr\\\/produit\\\/support-de-glaciere-charlotte-town-avec-sac-de-rangement\\\/#primaryimage\",\"url\":\"https:\\\/\\\/shop.bantam.ch\\\/wp-content\\\/uploads\\\/2023\\\/02\\\/995678111.jpg\",\"contentUrl\":\"https:\\\/\\\/shop.bantam.ch\\\/wp-content\\\/uploads\\\/2023\\\/02\\\/995678111.jpg\",\"width\":1000,\"height\":563},{\"@type\":\"BreadcrumbList\",\"@id\":\"https:\\\/\\\/shop.bantam.ch\\\/fr\\\/produit\\\/support-de-glaciere-charlotte-town-avec-sac-de-rangement\\\/#breadcrumb\",\"itemListElement\":[{\"@type\":\"ListItem\",\"position\":1,\"name\":\"Accueil\",\"item\":\"https:\\\/\\\/shop.bantam.ch\\\/fr\\\/\"},{\"@type\":\"ListItem\",\"position\":2,\"name\":\"Boutique\",\"item\":\"https:\\\/\\\/shop.bantam.ch\\\/fr\\\/boutique\\\/\"},{\"@type\":\"ListItem\",\"position\":3,\"name\":\"Support de glaci\u00e8re Charlotte Town avec sac de rangement\"}]},{\"@type\":\"WebSite\",\"@id\":\"https:\\\/\\\/shop.bantam.ch\\\/fr\\\/#website\",\"url\":\"https:\\\/\\\/shop.bantam.ch\\\/fr\\\/\",\"name\":\"Bantam\",\"description\":\"\",\"publisher\":{\"@id\":\"https:\\\/\\\/shop.bantam.ch\\\/fr\\\/#organization\"},\"inLanguage\":\"fr-FR\"},{\"@type\":\"Organization\",\"@id\":\"https:\\\/\\\/shop.bantam.ch\\\/fr\\\/#organization\",\"name\":\"Bantam\",\"url\":\"https:\\\/\\\/shop.bantam.ch\\\/fr\\\/\",\"logo\":{\"@type\":\"ImageObject\",\"inLanguage\":\"fr-FR\",\"@id\":\"https:\\\/\\\/shop.bantam.ch\\\/fr\\\/#\\\/schema\\\/logo\\\/image\\\/\",\"url\":\"https:\\\/\\\/shop.bantam.ch\\\/wp-content\\\/uploads\\\/2022\\\/12\\\/bantam-logo.png\",\"contentUrl\":\"https:\\\/\\\/shop.bantam.ch\\\/wp-content\\\/uploads\\\/2022\\\/12\\\/bantam-logo.png\",\"width\":320,\"height\":71,\"caption\":\"Bantam\"},\"image\":{\"@id\":\"https:\\\/\\\/shop.bantam.ch\\\/fr\\\/#\\\/schema\\\/logo\\\/image\\\/\"}}]}<\/script>\n<!-- \/ Yoast SEO plugin. -->","yoast_head_json":{"title":"Support de glaci\u00e8re Charlotte Town avec sac de rangement - Bantam","robots":{"index":"index","follow":"follow","max-snippet":"max-snippet:-1","max-image-preview":"max-image-preview:large","max-video-preview":"max-video-preview:-1"},"canonical":"https:\/\/shop.bantam.ch\/fr\/produit\/support-de-glaciere-charlotte-town-avec-sac-de-rangement\/","og_locale":"fr_FR","og_type":"article","og_title":"Support de glaci\u00e8re Charlotte Town avec sac de rangement - Bantam","og_description":"Sur la surface d\u2019appui pratique et antid\u00e9rapante du Charlotte Town avec sac de rangement, il est possible de poser des glaci\u00e8res \u00e0 une hauteur de travail pratique pour \u00e9viter qu\u2019elles restent sur le sol humide. Le sac de rangement est amovible. Surface antid\u00e9rapante sur le support Id\u00e9al pour les glaci\u00e8res et les unit\u00e9s de r\u00e9frig\u00e9ration [&hellip;]","og_url":"https:\/\/shop.bantam.ch\/fr\/produit\/support-de-glaciere-charlotte-town-avec-sac-de-rangement\/","og_site_name":"Bantam","article_modified_time":"2026-05-01T19:32:44+00:00","og_image":[{"width":1000,"height":563,"url":"https:\/\/shop.bantam.ch\/wp-content\/uploads\/2023\/02\/995678111.jpg","type":"image\/jpeg"}],"twitter_card":"summary_large_image","schema":{"@context":"https:\/\/schema.org","@graph":[{"@type":"WebPage","@id":"https:\/\/shop.bantam.ch\/fr\/produit\/support-de-glaciere-charlotte-town-avec-sac-de-rangement\/","url":"https:\/\/shop.bantam.ch\/fr\/produit\/support-de-glaciere-charlotte-town-avec-sac-de-rangement\/","name":"Support de glaci\u00e8re Charlotte Town avec sac de rangement - Bantam","isPartOf":{"@id":"https:\/\/shop.bantam.ch\/fr\/#website"},"primaryImageOfPage":{"@id":"https:\/\/shop.bantam.ch\/fr\/produit\/support-de-glaciere-charlotte-town-avec-sac-de-rangement\/#primaryimage"},"image":{"@id":"https:\/\/shop.bantam.ch\/fr\/produit\/support-de-glaciere-charlotte-town-avec-sac-de-rangement\/#primaryimage"},"thumbnailUrl":"https:\/\/shop.bantam.ch\/wp-content\/uploads\/2023\/02\/995678111.jpg","datePublished":"2023-02-28T05:34:57+00:00","dateModified":"2026-05-01T19:32:44+00:00","breadcrumb":{"@id":"https:\/\/shop.bantam.ch\/fr\/produit\/support-de-glaciere-charlotte-town-avec-sac-de-rangement\/#breadcrumb"},"inLanguage":"fr-FR","potentialAction":[{"@type":"ReadAction","target":["https:\/\/shop.bantam.ch\/fr\/produit\/support-de-glaciere-charlotte-town-avec-sac-de-rangement\/"]}]},{"@type":"ImageObject","inLanguage":"fr-FR","@id":"https:\/\/shop.bantam.ch\/fr\/produit\/support-de-glaciere-charlotte-town-avec-sac-de-rangement\/#primaryimage","url":"https:\/\/shop.bantam.ch\/wp-content\/uploads\/2023\/02\/995678111.jpg","contentUrl":"https:\/\/shop.bantam.ch\/wp-content\/uploads\/2023\/02\/995678111.jpg","width":1000,"height":563},{"@type":"BreadcrumbList","@id":"https:\/\/shop.bantam.ch\/fr\/produit\/support-de-glaciere-charlotte-town-avec-sac-de-rangement\/#breadcrumb","itemListElement":[{"@type":"ListItem","position":1,"name":"Accueil","item":"https:\/\/shop.bantam.ch\/fr\/"},{"@type":"ListItem","position":2,"name":"Boutique","item":"https:\/\/shop.bantam.ch\/fr\/boutique\/"},{"@type":"ListItem","position":3,"name":"Support de glaci\u00e8re Charlotte Town avec sac de rangement"}]},{"@type":"WebSite","@id":"https:\/\/shop.bantam.ch\/fr\/#website","url":"https:\/\/shop.bantam.ch\/fr\/","name":"Bantam","description":"","publisher":{"@id":"https:\/\/shop.bantam.ch\/fr\/#organization"},"inLanguage":"fr-FR"},{"@type":"Organization","@id":"https:\/\/shop.bantam.ch\/fr\/#organization","name":"Bantam","url":"https:\/\/shop.bantam.ch\/fr\/","logo":{"@type":"ImageObject","inLanguage":"fr-FR","@id":"https:\/\/shop.bantam.ch\/fr\/#\/schema\/logo\/image\/","url":"https:\/\/shop.bantam.ch\/wp-content\/uploads\/2022\/12\/bantam-logo.png","contentUrl":"https:\/\/shop.bantam.ch\/wp-content\/uploads\/2022\/12\/bantam-logo.png","width":320,"height":71,"caption":"Bantam"},"image":{"@id":"https:\/\/shop.bantam.ch\/fr\/#\/schema\/logo\/image\/"}}]}},"_links":{"self":[{"href":"https:\/\/shop.bantam.ch\/fr\/wp-json\/wp\/v2\/product\/101231","targetHints":{"allow":["GET"]}}],"collection":[{"href":"https:\/\/shop.bantam.ch\/fr\/wp-json\/wp\/v2\/product"}],"about":[{"href":"https:\/\/shop.bantam.ch\/fr\/wp-json\/wp\/v2\/types\/product"}],"wp:featuredmedia":[{"embeddable":true,"href":"https:\/\/shop.bantam.ch\/fr\/wp-json\/wp\/v2\/media\/101225"}],"wp:attachment":[{"href":"https:\/\/shop.bantam.ch\/fr\/wp-json\/wp\/v2\/media?parent=101231"}],"wp:term":[{"taxonomy":"product_featured_cat","embeddable":true,"href":"https:\/\/shop.bantam.ch\/fr\/wp-json\/wp\/v2\/product_featured_cat?post=101231"},{"taxonomy":"product_brand","embeddable":true,"href":"https:\/\/shop.bantam.ch\/fr\/wp-json\/wp\/v2\/product_brand?post=101231"},{"taxonomy":"product_cat","embeddable":true,"href":"https:\/\/shop.bantam.ch\/fr\/wp-json\/wp\/v2\/product_cat?post=101231"},{"taxonomy":"product_tag","embeddable":true,"href":"https:\/\/shop.bantam.ch\/fr\/wp-json\/wp\/v2\/product_tag?post=101231"}],"curies":[{"name":"wp","href":"https:\/\/api.w.org\/{rel}","templated":true}]}}