{"id":101019,"date":"2023-02-28T06:31:27","date_gmt":"2023-02-28T05:31:27","guid":{"rendered":"http:\/\/shop.bantam.ch\/produit\/filet-a-fruits-et-legumes-aware-3-pieces\/"},"modified":"2026-04-19T21:35:16","modified_gmt":"2026-04-19T19:35:16","slug":"filet-a-fruits-et-legumes-aware-3-pieces","status":"publish","type":"product","link":"https:\/\/shop.bantam.ch\/fr\/produit\/filet-a-fruits-et-legumes-aware-3-pieces\/","title":{"rendered":"Filet \u00e0 fruits et l\u00e9gumes, coton GEFU AWARE, 3 pcs."},"content":{"rendered":"<p>\u00c9cologique et durable\u00a0: c\u2019est ainsi qu\u2019on fait les courses aujourd\u2019hui. Les filets en coton r\u00e9utilisables sont le compagnon id\u00e9al pour faire le plein de fruits et de l\u00e9gumes frais.<\/p>\n<ul>\n<li>Id\u00e9al pour l\u2019achat d\u2019aliments frais, non emball\u00e9s<\/li>\n<li>Fermeture \u00e0 cordon de serrage<\/li>\n<li>Avec Indication de poids (TARE)<\/li>\n<li>Charge max. environ 3 kg<\/li>\n<li>Lavable en machine \u00e0 30\u00a0\u00b0C<\/li>\n<\/ul>\n<p>Mat\u00e9riau\u00a0:<\/p>\n<p>100 % coton<\/p>\n","protected":false},"excerpt":{"rendered":"<p>\u00c9cologique et durable\u00a0: c\u2019est ainsi qu\u2019on fait les courses aujourd\u2019hui. Les filets en coton r\u00e9utilisables sont le compagnon id\u00e9al pour faire le plein de fruits et de l\u00e9gumes frais. Id\u00e9al pour l\u2019achat d\u2019aliments frais, non emball\u00e9s Fermeture \u00e0 cordon de serrage Avec Indication de poids (TARE) Charge max. environ 3 kg Lavable en machine \u00e0 [&hellip;]<\/p>\n","protected":false},"featured_media":101011,"template":"","meta":{"_acf_changed":false},"product_featured_cat":[],"product_brand":[3342],"product_cat":[4285],"product_tag":[],"class_list":{"0":"post-101019","1":"product","2":"type-product","3":"status-publish","4":"has-post-thumbnail","6":"product_brand-gefu","7":"product_cat-ustensiles-de-cuisine","9":"first","10":"instock","11":"taxable","12":"shipping-taxable","13":"purchasable","14":"product-type-simple"},"acf":[],"yoast_head":"<!-- This site is optimized with the Yoast SEO plugin v27.4 - https:\/\/yoast.com\/product\/yoast-seo-wordpress\/ -->\n<title>Filet \u00e0 fruits et l\u00e9gumes, coton GEFU AWARE, 3 pcs. - Bantam Wankm\u00fcller SA<\/title>\n<meta name=\"robots\" content=\"index, follow, max-snippet:-1, max-image-preview:large, max-video-preview:-1\" \/>\n<link rel=\"canonical\" href=\"https:\/\/shop.bantam.ch\/fr\/produit\/filet-a-fruits-et-legumes-aware-3-pieces\/\" \/>\n<meta property=\"og:locale\" content=\"fr_FR\" \/>\n<meta property=\"og:type\" content=\"article\" \/>\n<meta property=\"og:title\" content=\"Filet \u00e0 fruits et l\u00e9gumes, coton GEFU AWARE, 3 pcs. - Bantam Wankm\u00fcller SA\" \/>\n<meta property=\"og:description\" content=\"\u00c9cologique et durable\u00a0: c\u2019est ainsi qu\u2019on fait les courses aujourd\u2019hui. Les filets en coton r\u00e9utilisables sont le compagnon id\u00e9al pour faire le plein de fruits et de l\u00e9gumes frais. Id\u00e9al pour l\u2019achat d\u2019aliments frais, non emball\u00e9s Fermeture \u00e0 cordon de serrage Avec Indication de poids (TARE) Charge max. environ 3 kg Lavable en machine \u00e0 [&hellip;]\" \/>\n<meta property=\"og:url\" content=\"https:\/\/shop.bantam.ch\/fr\/produit\/filet-a-fruits-et-legumes-aware-3-pieces\/\" \/>\n<meta property=\"og:site_name\" content=\"Bantam Wankm\u00fcller SA\" \/>\n<meta property=\"article:modified_time\" content=\"2026-04-19T19:35:16+00:00\" \/>\n<meta property=\"og:image\" content=\"https:\/\/shop.bantam.ch\/wp-content\/uploads\/2023\/02\/995674311.jpg\" \/>\n\t<meta property=\"og:image:width\" content=\"976\" \/>\n\t<meta property=\"og:image:height\" content=\"1000\" \/>\n\t<meta property=\"og:image:type\" content=\"image\/jpeg\" \/>\n<meta name=\"twitter:card\" content=\"summary_large_image\" \/>\n<script type=\"application\/ld+json\" class=\"yoast-schema-graph\">{\"@context\":\"https:\\\/\\\/schema.org\",\"@graph\":[{\"@type\":\"WebPage\",\"@id\":\"https:\\\/\\\/shop.bantam.ch\\\/fr\\\/produit\\\/filet-a-fruits-et-legumes-aware-3-pieces\\\/\",\"url\":\"https:\\\/\\\/shop.bantam.ch\\\/fr\\\/produit\\\/filet-a-fruits-et-legumes-aware-3-pieces\\\/\",\"name\":\"Filet \u00e0 fruits et l\u00e9gumes, coton GEFU AWARE, 3 pcs. - Bantam Wankm\u00fcller SA\",\"isPartOf\":{\"@id\":\"https:\\\/\\\/shop.bantam.ch\\\/fr\\\/#website\"},\"primaryImageOfPage\":{\"@id\":\"https:\\\/\\\/shop.bantam.ch\\\/fr\\\/produit\\\/filet-a-fruits-et-legumes-aware-3-pieces\\\/#primaryimage\"},\"image\":{\"@id\":\"https:\\\/\\\/shop.bantam.ch\\\/fr\\\/produit\\\/filet-a-fruits-et-legumes-aware-3-pieces\\\/#primaryimage\"},\"thumbnailUrl\":\"https:\\\/\\\/shop.bantam.ch\\\/wp-content\\\/uploads\\\/2023\\\/02\\\/995674311.jpg\",\"datePublished\":\"2023-02-28T05:31:27+00:00\",\"dateModified\":\"2026-04-19T19:35:16+00:00\",\"breadcrumb\":{\"@id\":\"https:\\\/\\\/shop.bantam.ch\\\/fr\\\/produit\\\/filet-a-fruits-et-legumes-aware-3-pieces\\\/#breadcrumb\"},\"inLanguage\":\"fr-FR\",\"potentialAction\":[{\"@type\":\"ReadAction\",\"target\":[\"https:\\\/\\\/shop.bantam.ch\\\/fr\\\/produit\\\/filet-a-fruits-et-legumes-aware-3-pieces\\\/\"]}]},{\"@type\":\"ImageObject\",\"inLanguage\":\"fr-FR\",\"@id\":\"https:\\\/\\\/shop.bantam.ch\\\/fr\\\/produit\\\/filet-a-fruits-et-legumes-aware-3-pieces\\\/#primaryimage\",\"url\":\"https:\\\/\\\/shop.bantam.ch\\\/wp-content\\\/uploads\\\/2023\\\/02\\\/995674311.jpg\",\"contentUrl\":\"https:\\\/\\\/shop.bantam.ch\\\/wp-content\\\/uploads\\\/2023\\\/02\\\/995674311.jpg\",\"width\":976,\"height\":1000},{\"@type\":\"BreadcrumbList\",\"@id\":\"https:\\\/\\\/shop.bantam.ch\\\/fr\\\/produit\\\/filet-a-fruits-et-legumes-aware-3-pieces\\\/#breadcrumb\",\"itemListElement\":[{\"@type\":\"ListItem\",\"position\":1,\"name\":\"Accueil\",\"item\":\"https:\\\/\\\/shop.bantam.ch\\\/fr\\\/\"},{\"@type\":\"ListItem\",\"position\":2,\"name\":\"Boutique\",\"item\":\"https:\\\/\\\/shop.bantam.ch\\\/fr\\\/boutique\\\/\"},{\"@type\":\"ListItem\",\"position\":3,\"name\":\"Filet \u00e0 fruits et l\u00e9gumes, coton GEFU AWARE, 3 pcs.\"}]},{\"@type\":\"WebSite\",\"@id\":\"https:\\\/\\\/shop.bantam.ch\\\/fr\\\/#website\",\"url\":\"https:\\\/\\\/shop.bantam.ch\\\/fr\\\/\",\"name\":\"Bantam Wankm\u00fcller SA\",\"description\":\"\",\"publisher\":{\"@id\":\"https:\\\/\\\/shop.bantam.ch\\\/fr\\\/#organization\"},\"inLanguage\":\"fr-FR\"},{\"@type\":\"Organization\",\"@id\":\"https:\\\/\\\/shop.bantam.ch\\\/fr\\\/#organization\",\"name\":\"Bantam Wankm\u00fcller SA\",\"url\":\"https:\\\/\\\/shop.bantam.ch\\\/fr\\\/\",\"logo\":{\"@type\":\"ImageObject\",\"inLanguage\":\"fr-FR\",\"@id\":\"https:\\\/\\\/shop.bantam.ch\\\/fr\\\/#\\\/schema\\\/logo\\\/image\\\/\",\"url\":\"https:\\\/\\\/shop.bantam.ch\\\/wp-content\\\/uploads\\\/2022\\\/12\\\/bantam-logo.png\",\"contentUrl\":\"https:\\\/\\\/shop.bantam.ch\\\/wp-content\\\/uploads\\\/2022\\\/12\\\/bantam-logo.png\",\"width\":320,\"height\":71,\"caption\":\"Bantam Wankm\u00fcller SA\"},\"image\":{\"@id\":\"https:\\\/\\\/shop.bantam.ch\\\/fr\\\/#\\\/schema\\\/logo\\\/image\\\/\"}}]}<\/script>\n<!-- \/ Yoast SEO plugin. -->","yoast_head_json":{"title":"Filet \u00e0 fruits et l\u00e9gumes, coton GEFU AWARE, 3 pcs. - Bantam Wankm\u00fcller SA","robots":{"index":"index","follow":"follow","max-snippet":"max-snippet:-1","max-image-preview":"max-image-preview:large","max-video-preview":"max-video-preview:-1"},"canonical":"https:\/\/shop.bantam.ch\/fr\/produit\/filet-a-fruits-et-legumes-aware-3-pieces\/","og_locale":"fr_FR","og_type":"article","og_title":"Filet \u00e0 fruits et l\u00e9gumes, coton GEFU AWARE, 3 pcs. - Bantam Wankm\u00fcller SA","og_description":"\u00c9cologique et durable\u00a0: c\u2019est ainsi qu\u2019on fait les courses aujourd\u2019hui. Les filets en coton r\u00e9utilisables sont le compagnon id\u00e9al pour faire le plein de fruits et de l\u00e9gumes frais. Id\u00e9al pour l\u2019achat d\u2019aliments frais, non emball\u00e9s Fermeture \u00e0 cordon de serrage Avec Indication de poids (TARE) Charge max. environ 3 kg Lavable en machine \u00e0 [&hellip;]","og_url":"https:\/\/shop.bantam.ch\/fr\/produit\/filet-a-fruits-et-legumes-aware-3-pieces\/","og_site_name":"Bantam Wankm\u00fcller SA","article_modified_time":"2026-04-19T19:35:16+00:00","og_image":[{"width":976,"height":1000,"url":"https:\/\/shop.bantam.ch\/wp-content\/uploads\/2023\/02\/995674311.jpg","type":"image\/jpeg"}],"twitter_card":"summary_large_image","schema":{"@context":"https:\/\/schema.org","@graph":[{"@type":"WebPage","@id":"https:\/\/shop.bantam.ch\/fr\/produit\/filet-a-fruits-et-legumes-aware-3-pieces\/","url":"https:\/\/shop.bantam.ch\/fr\/produit\/filet-a-fruits-et-legumes-aware-3-pieces\/","name":"Filet \u00e0 fruits et l\u00e9gumes, coton GEFU AWARE, 3 pcs. - Bantam Wankm\u00fcller SA","isPartOf":{"@id":"https:\/\/shop.bantam.ch\/fr\/#website"},"primaryImageOfPage":{"@id":"https:\/\/shop.bantam.ch\/fr\/produit\/filet-a-fruits-et-legumes-aware-3-pieces\/#primaryimage"},"image":{"@id":"https:\/\/shop.bantam.ch\/fr\/produit\/filet-a-fruits-et-legumes-aware-3-pieces\/#primaryimage"},"thumbnailUrl":"https:\/\/shop.bantam.ch\/wp-content\/uploads\/2023\/02\/995674311.jpg","datePublished":"2023-02-28T05:31:27+00:00","dateModified":"2026-04-19T19:35:16+00:00","breadcrumb":{"@id":"https:\/\/shop.bantam.ch\/fr\/produit\/filet-a-fruits-et-legumes-aware-3-pieces\/#breadcrumb"},"inLanguage":"fr-FR","potentialAction":[{"@type":"ReadAction","target":["https:\/\/shop.bantam.ch\/fr\/produit\/filet-a-fruits-et-legumes-aware-3-pieces\/"]}]},{"@type":"ImageObject","inLanguage":"fr-FR","@id":"https:\/\/shop.bantam.ch\/fr\/produit\/filet-a-fruits-et-legumes-aware-3-pieces\/#primaryimage","url":"https:\/\/shop.bantam.ch\/wp-content\/uploads\/2023\/02\/995674311.jpg","contentUrl":"https:\/\/shop.bantam.ch\/wp-content\/uploads\/2023\/02\/995674311.jpg","width":976,"height":1000},{"@type":"BreadcrumbList","@id":"https:\/\/shop.bantam.ch\/fr\/produit\/filet-a-fruits-et-legumes-aware-3-pieces\/#breadcrumb","itemListElement":[{"@type":"ListItem","position":1,"name":"Accueil","item":"https:\/\/shop.bantam.ch\/fr\/"},{"@type":"ListItem","position":2,"name":"Boutique","item":"https:\/\/shop.bantam.ch\/fr\/boutique\/"},{"@type":"ListItem","position":3,"name":"Filet \u00e0 fruits et l\u00e9gumes, coton GEFU AWARE, 3 pcs."}]},{"@type":"WebSite","@id":"https:\/\/shop.bantam.ch\/fr\/#website","url":"https:\/\/shop.bantam.ch\/fr\/","name":"Bantam Wankm\u00fcller SA","description":"","publisher":{"@id":"https:\/\/shop.bantam.ch\/fr\/#organization"},"inLanguage":"fr-FR"},{"@type":"Organization","@id":"https:\/\/shop.bantam.ch\/fr\/#organization","name":"Bantam Wankm\u00fcller SA","url":"https:\/\/shop.bantam.ch\/fr\/","logo":{"@type":"ImageObject","inLanguage":"fr-FR","@id":"https:\/\/shop.bantam.ch\/fr\/#\/schema\/logo\/image\/","url":"https:\/\/shop.bantam.ch\/wp-content\/uploads\/2022\/12\/bantam-logo.png","contentUrl":"https:\/\/shop.bantam.ch\/wp-content\/uploads\/2022\/12\/bantam-logo.png","width":320,"height":71,"caption":"Bantam Wankm\u00fcller SA"},"image":{"@id":"https:\/\/shop.bantam.ch\/fr\/#\/schema\/logo\/image\/"}}]}},"_links":{"self":[{"href":"https:\/\/shop.bantam.ch\/fr\/wp-json\/wp\/v2\/product\/101019","targetHints":{"allow":["GET"]}}],"collection":[{"href":"https:\/\/shop.bantam.ch\/fr\/wp-json\/wp\/v2\/product"}],"about":[{"href":"https:\/\/shop.bantam.ch\/fr\/wp-json\/wp\/v2\/types\/product"}],"wp:featuredmedia":[{"embeddable":true,"href":"https:\/\/shop.bantam.ch\/fr\/wp-json\/wp\/v2\/media\/101011"}],"wp:attachment":[{"href":"https:\/\/shop.bantam.ch\/fr\/wp-json\/wp\/v2\/media?parent=101019"}],"wp:term":[{"taxonomy":"product_featured_cat","embeddable":true,"href":"https:\/\/shop.bantam.ch\/fr\/wp-json\/wp\/v2\/product_featured_cat?post=101019"},{"taxonomy":"product_brand","embeddable":true,"href":"https:\/\/shop.bantam.ch\/fr\/wp-json\/wp\/v2\/product_brand?post=101019"},{"taxonomy":"product_cat","embeddable":true,"href":"https:\/\/shop.bantam.ch\/fr\/wp-json\/wp\/v2\/product_cat?post=101019"},{"taxonomy":"product_tag","embeddable":true,"href":"https:\/\/shop.bantam.ch\/fr\/wp-json\/wp\/v2\/product_tag?post=101019"}],"curies":[{"name":"wp","href":"https:\/\/api.w.org\/{rel}","templated":true}]}}