{"id":100661,"date":"2023-02-28T06:26:23","date_gmt":"2023-02-28T05:26:23","guid":{"rendered":"http:\/\/shop.bantam.ch\/produit\/table-majestic-elegant\/"},"modified":"2026-04-17T22:59:24","modified_gmt":"2026-04-17T20:59:24","slug":"table-majestic-elegant","status":"publish","type":"product","link":"https:\/\/shop.bantam.ch\/fr\/produit\/table-majestic-elegant\/","title":{"rendered":"Table Majestic Elegant"},"content":{"rendered":"<p>Table ultra-l\u00e9g\u00e8re, stable et pliable avec un plateau r\u00e9sistant aux intemp\u00e9ries et une armature en aluminium anodis\u00e9. Chaque pied est r\u00e9glable s\u00e9par\u00e9ment pour que la table soit tr\u00e8s stable sur toutes les surfaces. R\u00e9glable en hauteur entre 57 &#8211; 74 cm.<\/p>\n<ul>\n<li>R\u00e9sistante aux rayures<\/li>\n<li>R\u00e9sistance \u00e0 la chaleur jusqu&rsquo;\u00e0 180\u00a0\u00b0C<\/li>\n<li>R\u00e9siste aux UV<\/li>\n<li>R\u00e9sistante aux intemp\u00e9ries<\/li>\n<li>Facile \u00e0 nettoyer<\/li>\n<\/ul>\n<p>Mat\u00e9riau\u00a0:<\/p>\n<p>Plateau de table : Bois de peuplier<\/p>\n<p>Cadre\u00a0: aluminium<\/p>\n","protected":false},"excerpt":{"rendered":"<p>Table ultra-l\u00e9g\u00e8re, stable et pliable avec un plateau r\u00e9sistant aux intemp\u00e9ries et une armature en aluminium anodis\u00e9. Chaque pied est r\u00e9glable s\u00e9par\u00e9ment pour que la table soit tr\u00e8s stable sur toutes les surfaces. R\u00e9glable en hauteur entre 57 &#8211; 74 cm. R\u00e9sistante aux rayures R\u00e9sistance \u00e0 la chaleur jusqu&rsquo;\u00e0 180\u00a0\u00b0C R\u00e9siste aux UV R\u00e9sistante aux [&hellip;]<\/p>\n","protected":false},"featured_media":100653,"template":"","meta":{"_acf_changed":false},"product_featured_cat":[],"product_brand":[3304],"product_cat":[4053],"product_tag":[],"class_list":{"0":"post-100661","1":"product","2":"type-product","3":"status-publish","4":"has-post-thumbnail","6":"product_brand-dukdalf","7":"product_cat-tables-de-camping","9":"first","10":"instock","11":"taxable","12":"shipping-taxable","13":"purchasable","14":"product-type-variable"},"acf":[],"yoast_head":"<!-- This site is optimized with the Yoast SEO plugin v27.4 - https:\/\/yoast.com\/product\/yoast-seo-wordpress\/ -->\n<title>Table Majestic Elegant - Bantam Wankm\u00fcller SA<\/title>\n<meta name=\"robots\" content=\"index, follow, max-snippet:-1, max-image-preview:large, max-video-preview:-1\" \/>\n<link rel=\"canonical\" href=\"https:\/\/shop.bantam.ch\/fr\/produit\/table-majestic-elegant\/\" \/>\n<meta property=\"og:locale\" content=\"fr_FR\" \/>\n<meta property=\"og:type\" content=\"article\" \/>\n<meta property=\"og:title\" content=\"Table Majestic Elegant - Bantam Wankm\u00fcller SA\" \/>\n<meta property=\"og:description\" content=\"Table ultra-l\u00e9g\u00e8re, stable et pliable avec un plateau r\u00e9sistant aux intemp\u00e9ries et une armature en aluminium anodis\u00e9. Chaque pied est r\u00e9glable s\u00e9par\u00e9ment pour que la table soit tr\u00e8s stable sur toutes les surfaces. R\u00e9glable en hauteur entre 57 &#8211; 74 cm. R\u00e9sistante aux rayures R\u00e9sistance \u00e0 la chaleur jusqu&rsquo;\u00e0 180\u00a0\u00b0C R\u00e9siste aux UV R\u00e9sistante aux [&hellip;]\" \/>\n<meta property=\"og:url\" content=\"https:\/\/shop.bantam.ch\/fr\/produit\/table-majestic-elegant\/\" \/>\n<meta property=\"og:site_name\" content=\"Bantam Wankm\u00fcller SA\" \/>\n<meta property=\"article:modified_time\" content=\"2026-04-17T20:59:24+00:00\" \/>\n<meta property=\"og:image\" content=\"https:\/\/shop.bantam.ch\/wp-content\/uploads\/2023\/02\/994360511.jpg\" \/>\n\t<meta property=\"og:image:width\" content=\"1000\" \/>\n\t<meta property=\"og:image:height\" content=\"729\" \/>\n\t<meta property=\"og:image:type\" content=\"image\/jpeg\" \/>\n<meta name=\"twitter:card\" content=\"summary_large_image\" \/>\n<script type=\"application\/ld+json\" class=\"yoast-schema-graph\">{\"@context\":\"https:\\\/\\\/schema.org\",\"@graph\":[{\"@type\":\"WebPage\",\"@id\":\"https:\\\/\\\/shop.bantam.ch\\\/fr\\\/produit\\\/table-majestic-elegant\\\/\",\"url\":\"https:\\\/\\\/shop.bantam.ch\\\/fr\\\/produit\\\/table-majestic-elegant\\\/\",\"name\":\"Table Majestic Elegant - Bantam Wankm\u00fcller SA\",\"isPartOf\":{\"@id\":\"https:\\\/\\\/shop.bantam.ch\\\/fr\\\/#website\"},\"primaryImageOfPage\":{\"@id\":\"https:\\\/\\\/shop.bantam.ch\\\/fr\\\/produit\\\/table-majestic-elegant\\\/#primaryimage\"},\"image\":{\"@id\":\"https:\\\/\\\/shop.bantam.ch\\\/fr\\\/produit\\\/table-majestic-elegant\\\/#primaryimage\"},\"thumbnailUrl\":\"https:\\\/\\\/shop.bantam.ch\\\/wp-content\\\/uploads\\\/2023\\\/02\\\/994360511.jpg\",\"datePublished\":\"2023-02-28T05:26:23+00:00\",\"dateModified\":\"2026-04-17T20:59:24+00:00\",\"breadcrumb\":{\"@id\":\"https:\\\/\\\/shop.bantam.ch\\\/fr\\\/produit\\\/table-majestic-elegant\\\/#breadcrumb\"},\"inLanguage\":\"fr-FR\",\"potentialAction\":[{\"@type\":\"ReadAction\",\"target\":[\"https:\\\/\\\/shop.bantam.ch\\\/fr\\\/produit\\\/table-majestic-elegant\\\/\"]}]},{\"@type\":\"ImageObject\",\"inLanguage\":\"fr-FR\",\"@id\":\"https:\\\/\\\/shop.bantam.ch\\\/fr\\\/produit\\\/table-majestic-elegant\\\/#primaryimage\",\"url\":\"https:\\\/\\\/shop.bantam.ch\\\/wp-content\\\/uploads\\\/2023\\\/02\\\/994360511.jpg\",\"contentUrl\":\"https:\\\/\\\/shop.bantam.ch\\\/wp-content\\\/uploads\\\/2023\\\/02\\\/994360511.jpg\",\"width\":1000,\"height\":729},{\"@type\":\"BreadcrumbList\",\"@id\":\"https:\\\/\\\/shop.bantam.ch\\\/fr\\\/produit\\\/table-majestic-elegant\\\/#breadcrumb\",\"itemListElement\":[{\"@type\":\"ListItem\",\"position\":1,\"name\":\"Accueil\",\"item\":\"https:\\\/\\\/shop.bantam.ch\\\/fr\\\/\"},{\"@type\":\"ListItem\",\"position\":2,\"name\":\"Boutique\",\"item\":\"https:\\\/\\\/shop.bantam.ch\\\/fr\\\/boutique\\\/\"},{\"@type\":\"ListItem\",\"position\":3,\"name\":\"Table Majestic Elegant\"}]},{\"@type\":\"WebSite\",\"@id\":\"https:\\\/\\\/shop.bantam.ch\\\/fr\\\/#website\",\"url\":\"https:\\\/\\\/shop.bantam.ch\\\/fr\\\/\",\"name\":\"Bantam Wankm\u00fcller SA\",\"description\":\"\",\"publisher\":{\"@id\":\"https:\\\/\\\/shop.bantam.ch\\\/fr\\\/#organization\"},\"inLanguage\":\"fr-FR\"},{\"@type\":\"Organization\",\"@id\":\"https:\\\/\\\/shop.bantam.ch\\\/fr\\\/#organization\",\"name\":\"Bantam Wankm\u00fcller SA\",\"url\":\"https:\\\/\\\/shop.bantam.ch\\\/fr\\\/\",\"logo\":{\"@type\":\"ImageObject\",\"inLanguage\":\"fr-FR\",\"@id\":\"https:\\\/\\\/shop.bantam.ch\\\/fr\\\/#\\\/schema\\\/logo\\\/image\\\/\",\"url\":\"https:\\\/\\\/shop.bantam.ch\\\/wp-content\\\/uploads\\\/2022\\\/12\\\/bantam-logo.png\",\"contentUrl\":\"https:\\\/\\\/shop.bantam.ch\\\/wp-content\\\/uploads\\\/2022\\\/12\\\/bantam-logo.png\",\"width\":320,\"height\":71,\"caption\":\"Bantam Wankm\u00fcller SA\"},\"image\":{\"@id\":\"https:\\\/\\\/shop.bantam.ch\\\/fr\\\/#\\\/schema\\\/logo\\\/image\\\/\"}}]}<\/script>\n<!-- \/ Yoast SEO plugin. -->","yoast_head_json":{"title":"Table Majestic Elegant - Bantam Wankm\u00fcller SA","robots":{"index":"index","follow":"follow","max-snippet":"max-snippet:-1","max-image-preview":"max-image-preview:large","max-video-preview":"max-video-preview:-1"},"canonical":"https:\/\/shop.bantam.ch\/fr\/produit\/table-majestic-elegant\/","og_locale":"fr_FR","og_type":"article","og_title":"Table Majestic Elegant - Bantam Wankm\u00fcller SA","og_description":"Table ultra-l\u00e9g\u00e8re, stable et pliable avec un plateau r\u00e9sistant aux intemp\u00e9ries et une armature en aluminium anodis\u00e9. Chaque pied est r\u00e9glable s\u00e9par\u00e9ment pour que la table soit tr\u00e8s stable sur toutes les surfaces. R\u00e9glable en hauteur entre 57 &#8211; 74 cm. R\u00e9sistante aux rayures R\u00e9sistance \u00e0 la chaleur jusqu&rsquo;\u00e0 180\u00a0\u00b0C R\u00e9siste aux UV R\u00e9sistante aux [&hellip;]","og_url":"https:\/\/shop.bantam.ch\/fr\/produit\/table-majestic-elegant\/","og_site_name":"Bantam Wankm\u00fcller SA","article_modified_time":"2026-04-17T20:59:24+00:00","og_image":[{"width":1000,"height":729,"url":"https:\/\/shop.bantam.ch\/wp-content\/uploads\/2023\/02\/994360511.jpg","type":"image\/jpeg"}],"twitter_card":"summary_large_image","schema":{"@context":"https:\/\/schema.org","@graph":[{"@type":"WebPage","@id":"https:\/\/shop.bantam.ch\/fr\/produit\/table-majestic-elegant\/","url":"https:\/\/shop.bantam.ch\/fr\/produit\/table-majestic-elegant\/","name":"Table Majestic Elegant - Bantam Wankm\u00fcller SA","isPartOf":{"@id":"https:\/\/shop.bantam.ch\/fr\/#website"},"primaryImageOfPage":{"@id":"https:\/\/shop.bantam.ch\/fr\/produit\/table-majestic-elegant\/#primaryimage"},"image":{"@id":"https:\/\/shop.bantam.ch\/fr\/produit\/table-majestic-elegant\/#primaryimage"},"thumbnailUrl":"https:\/\/shop.bantam.ch\/wp-content\/uploads\/2023\/02\/994360511.jpg","datePublished":"2023-02-28T05:26:23+00:00","dateModified":"2026-04-17T20:59:24+00:00","breadcrumb":{"@id":"https:\/\/shop.bantam.ch\/fr\/produit\/table-majestic-elegant\/#breadcrumb"},"inLanguage":"fr-FR","potentialAction":[{"@type":"ReadAction","target":["https:\/\/shop.bantam.ch\/fr\/produit\/table-majestic-elegant\/"]}]},{"@type":"ImageObject","inLanguage":"fr-FR","@id":"https:\/\/shop.bantam.ch\/fr\/produit\/table-majestic-elegant\/#primaryimage","url":"https:\/\/shop.bantam.ch\/wp-content\/uploads\/2023\/02\/994360511.jpg","contentUrl":"https:\/\/shop.bantam.ch\/wp-content\/uploads\/2023\/02\/994360511.jpg","width":1000,"height":729},{"@type":"BreadcrumbList","@id":"https:\/\/shop.bantam.ch\/fr\/produit\/table-majestic-elegant\/#breadcrumb","itemListElement":[{"@type":"ListItem","position":1,"name":"Accueil","item":"https:\/\/shop.bantam.ch\/fr\/"},{"@type":"ListItem","position":2,"name":"Boutique","item":"https:\/\/shop.bantam.ch\/fr\/boutique\/"},{"@type":"ListItem","position":3,"name":"Table Majestic Elegant"}]},{"@type":"WebSite","@id":"https:\/\/shop.bantam.ch\/fr\/#website","url":"https:\/\/shop.bantam.ch\/fr\/","name":"Bantam Wankm\u00fcller SA","description":"","publisher":{"@id":"https:\/\/shop.bantam.ch\/fr\/#organization"},"inLanguage":"fr-FR"},{"@type":"Organization","@id":"https:\/\/shop.bantam.ch\/fr\/#organization","name":"Bantam Wankm\u00fcller SA","url":"https:\/\/shop.bantam.ch\/fr\/","logo":{"@type":"ImageObject","inLanguage":"fr-FR","@id":"https:\/\/shop.bantam.ch\/fr\/#\/schema\/logo\/image\/","url":"https:\/\/shop.bantam.ch\/wp-content\/uploads\/2022\/12\/bantam-logo.png","contentUrl":"https:\/\/shop.bantam.ch\/wp-content\/uploads\/2022\/12\/bantam-logo.png","width":320,"height":71,"caption":"Bantam Wankm\u00fcller SA"},"image":{"@id":"https:\/\/shop.bantam.ch\/fr\/#\/schema\/logo\/image\/"}}]}},"_links":{"self":[{"href":"https:\/\/shop.bantam.ch\/fr\/wp-json\/wp\/v2\/product\/100661","targetHints":{"allow":["GET"]}}],"collection":[{"href":"https:\/\/shop.bantam.ch\/fr\/wp-json\/wp\/v2\/product"}],"about":[{"href":"https:\/\/shop.bantam.ch\/fr\/wp-json\/wp\/v2\/types\/product"}],"wp:featuredmedia":[{"embeddable":true,"href":"https:\/\/shop.bantam.ch\/fr\/wp-json\/wp\/v2\/media\/100653"}],"wp:attachment":[{"href":"https:\/\/shop.bantam.ch\/fr\/wp-json\/wp\/v2\/media?parent=100661"}],"wp:term":[{"taxonomy":"product_featured_cat","embeddable":true,"href":"https:\/\/shop.bantam.ch\/fr\/wp-json\/wp\/v2\/product_featured_cat?post=100661"},{"taxonomy":"product_brand","embeddable":true,"href":"https:\/\/shop.bantam.ch\/fr\/wp-json\/wp\/v2\/product_brand?post=100661"},{"taxonomy":"product_cat","embeddable":true,"href":"https:\/\/shop.bantam.ch\/fr\/wp-json\/wp\/v2\/product_cat?post=100661"},{"taxonomy":"product_tag","embeddable":true,"href":"https:\/\/shop.bantam.ch\/fr\/wp-json\/wp\/v2\/product_tag?post=100661"}],"curies":[{"name":"wp","href":"https:\/\/api.w.org\/{rel}","templated":true}]}}