{"id":100025,"date":"2023-02-28T06:16:58","date_gmt":"2023-02-28T05:16:58","guid":{"rendered":"http:\/\/shop.bantam.ch\/produit\/tapis-egouttoir-extensible\/"},"modified":"2026-05-01T21:32:09","modified_gmt":"2026-05-01T19:32:09","slug":"tapis-egouttoir-extensible","status":"publish","type":"product","link":"https:\/\/shop.bantam.ch\/fr\/produit\/tapis-egouttoir-extensible\/","title":{"rendered":"Tapis \u00e9gouttoir extensible Joseph Joseph"},"content":{"rendered":"<p>Conception de plateau coulissant en 3 pi\u00e8ces avec un espace g\u00e9n\u00e9reux<\/p>\n<ul>\n<li>L\u2019eau est collect\u00e9e et peut \u00eatre \u00e9vacu\u00e9e ult\u00e9rieurement<\/li>\n<li>Bec de vidange int\u00e9gr\u00e9<\/li>\n<li>La surface nervur\u00e9e \u00e9vacue l\u2019eau de la vaisselle<\/li>\n<li>Les plateaux peuvent \u00eatre superpos\u00e9s pour \u00e9conomiser de l\u2019espace<\/li>\n<li>Lavage et s\u00e9chage \u00e0 la main<\/li>\n<li>Attention\u00a0: Avant de tirer, poser sur une surface plane<\/li>\n<\/ul>\n","protected":false},"excerpt":{"rendered":"<p>Conception de plateau coulissant en 3 pi\u00e8ces avec un espace g\u00e9n\u00e9reux L\u2019eau est collect\u00e9e et peut \u00eatre \u00e9vacu\u00e9e ult\u00e9rieurement Bec de vidange int\u00e9gr\u00e9 La surface nervur\u00e9e \u00e9vacue l\u2019eau de la vaisselle Les plateaux peuvent \u00eatre superpos\u00e9s pour \u00e9conomiser de l\u2019espace Lavage et s\u00e9chage \u00e0 la main Attention\u00a0: Avant de tirer, poser sur une surface plane<\/p>\n","protected":false},"featured_media":100013,"template":"","meta":{"_acf_changed":false},"product_featured_cat":[],"product_brand":[3412],"product_cat":[4289],"product_tag":[],"class_list":{"0":"post-100025","1":"product","2":"type-product","3":"status-publish","4":"has-post-thumbnail","6":"product_brand-joseph-joseph","7":"product_cat-rincage-et-nettoyage","9":"first","10":"instock","11":"taxable","12":"shipping-taxable","13":"purchasable","14":"product-type-simple"},"acf":[],"yoast_head":"<!-- This site is optimized with the Yoast SEO plugin v27.5 - https:\/\/yoast.com\/product\/yoast-seo-wordpress\/ -->\n<title>Tapis \u00e9gouttoir extensible Joseph Joseph - Bantam<\/title>\n<meta name=\"robots\" content=\"index, follow, max-snippet:-1, max-image-preview:large, max-video-preview:-1\" \/>\n<link rel=\"canonical\" href=\"https:\/\/shop.bantam.ch\/fr\/produit\/tapis-egouttoir-extensible\/\" \/>\n<meta property=\"og:locale\" content=\"fr_FR\" \/>\n<meta property=\"og:type\" content=\"article\" \/>\n<meta property=\"og:title\" content=\"Tapis \u00e9gouttoir extensible Joseph Joseph - Bantam\" \/>\n<meta property=\"og:description\" content=\"Conception de plateau coulissant en 3 pi\u00e8ces avec un espace g\u00e9n\u00e9reux L\u2019eau est collect\u00e9e et peut \u00eatre \u00e9vacu\u00e9e ult\u00e9rieurement Bec de vidange int\u00e9gr\u00e9 La surface nervur\u00e9e \u00e9vacue l\u2019eau de la vaisselle Les plateaux peuvent \u00eatre superpos\u00e9s pour \u00e9conomiser de l\u2019espace Lavage et s\u00e9chage \u00e0 la main Attention\u00a0: Avant de tirer, poser sur une surface plane\" \/>\n<meta property=\"og:url\" content=\"https:\/\/shop.bantam.ch\/fr\/produit\/tapis-egouttoir-extensible\/\" \/>\n<meta property=\"og:site_name\" content=\"Bantam\" \/>\n<meta property=\"article:modified_time\" content=\"2026-05-01T19:32:09+00:00\" \/>\n<meta property=\"og:image\" content=\"https:\/\/shop.bantam.ch\/wp-content\/uploads\/2023\/02\/995670011.jpg\" \/>\n\t<meta property=\"og:image:width\" content=\"1000\" \/>\n\t<meta property=\"og:image:height\" content=\"714\" \/>\n\t<meta property=\"og:image:type\" content=\"image\/jpeg\" \/>\n<meta name=\"twitter:card\" content=\"summary_large_image\" \/>\n<script type=\"application\/ld+json\" class=\"yoast-schema-graph\">{\"@context\":\"https:\\\/\\\/schema.org\",\"@graph\":[{\"@type\":\"WebPage\",\"@id\":\"https:\\\/\\\/shop.bantam.ch\\\/fr\\\/produit\\\/tapis-egouttoir-extensible\\\/\",\"url\":\"https:\\\/\\\/shop.bantam.ch\\\/fr\\\/produit\\\/tapis-egouttoir-extensible\\\/\",\"name\":\"Tapis \u00e9gouttoir extensible Joseph Joseph - Bantam\",\"isPartOf\":{\"@id\":\"https:\\\/\\\/shop.bantam.ch\\\/fr\\\/#website\"},\"primaryImageOfPage\":{\"@id\":\"https:\\\/\\\/shop.bantam.ch\\\/fr\\\/produit\\\/tapis-egouttoir-extensible\\\/#primaryimage\"},\"image\":{\"@id\":\"https:\\\/\\\/shop.bantam.ch\\\/fr\\\/produit\\\/tapis-egouttoir-extensible\\\/#primaryimage\"},\"thumbnailUrl\":\"https:\\\/\\\/shop.bantam.ch\\\/wp-content\\\/uploads\\\/2023\\\/02\\\/995670011.jpg\",\"datePublished\":\"2023-02-28T05:16:58+00:00\",\"dateModified\":\"2026-05-01T19:32:09+00:00\",\"breadcrumb\":{\"@id\":\"https:\\\/\\\/shop.bantam.ch\\\/fr\\\/produit\\\/tapis-egouttoir-extensible\\\/#breadcrumb\"},\"inLanguage\":\"fr-FR\",\"potentialAction\":[{\"@type\":\"ReadAction\",\"target\":[\"https:\\\/\\\/shop.bantam.ch\\\/fr\\\/produit\\\/tapis-egouttoir-extensible\\\/\"]}]},{\"@type\":\"ImageObject\",\"inLanguage\":\"fr-FR\",\"@id\":\"https:\\\/\\\/shop.bantam.ch\\\/fr\\\/produit\\\/tapis-egouttoir-extensible\\\/#primaryimage\",\"url\":\"https:\\\/\\\/shop.bantam.ch\\\/wp-content\\\/uploads\\\/2023\\\/02\\\/995670011.jpg\",\"contentUrl\":\"https:\\\/\\\/shop.bantam.ch\\\/wp-content\\\/uploads\\\/2023\\\/02\\\/995670011.jpg\",\"width\":1000,\"height\":714},{\"@type\":\"BreadcrumbList\",\"@id\":\"https:\\\/\\\/shop.bantam.ch\\\/fr\\\/produit\\\/tapis-egouttoir-extensible\\\/#breadcrumb\",\"itemListElement\":[{\"@type\":\"ListItem\",\"position\":1,\"name\":\"Accueil\",\"item\":\"https:\\\/\\\/shop.bantam.ch\\\/fr\\\/\"},{\"@type\":\"ListItem\",\"position\":2,\"name\":\"Boutique\",\"item\":\"https:\\\/\\\/shop.bantam.ch\\\/fr\\\/boutique\\\/\"},{\"@type\":\"ListItem\",\"position\":3,\"name\":\"Tapis \u00e9gouttoir extensible Joseph Joseph\"}]},{\"@type\":\"WebSite\",\"@id\":\"https:\\\/\\\/shop.bantam.ch\\\/fr\\\/#website\",\"url\":\"https:\\\/\\\/shop.bantam.ch\\\/fr\\\/\",\"name\":\"Bantam\",\"description\":\"\",\"publisher\":{\"@id\":\"https:\\\/\\\/shop.bantam.ch\\\/fr\\\/#organization\"},\"inLanguage\":\"fr-FR\"},{\"@type\":\"Organization\",\"@id\":\"https:\\\/\\\/shop.bantam.ch\\\/fr\\\/#organization\",\"name\":\"Bantam\",\"url\":\"https:\\\/\\\/shop.bantam.ch\\\/fr\\\/\",\"logo\":{\"@type\":\"ImageObject\",\"inLanguage\":\"fr-FR\",\"@id\":\"https:\\\/\\\/shop.bantam.ch\\\/fr\\\/#\\\/schema\\\/logo\\\/image\\\/\",\"url\":\"https:\\\/\\\/shop.bantam.ch\\\/wp-content\\\/uploads\\\/2022\\\/12\\\/bantam-logo.png\",\"contentUrl\":\"https:\\\/\\\/shop.bantam.ch\\\/wp-content\\\/uploads\\\/2022\\\/12\\\/bantam-logo.png\",\"width\":320,\"height\":71,\"caption\":\"Bantam\"},\"image\":{\"@id\":\"https:\\\/\\\/shop.bantam.ch\\\/fr\\\/#\\\/schema\\\/logo\\\/image\\\/\"}}]}<\/script>\n<!-- \/ Yoast SEO plugin. -->","yoast_head_json":{"title":"Tapis \u00e9gouttoir extensible Joseph Joseph - Bantam","robots":{"index":"index","follow":"follow","max-snippet":"max-snippet:-1","max-image-preview":"max-image-preview:large","max-video-preview":"max-video-preview:-1"},"canonical":"https:\/\/shop.bantam.ch\/fr\/produit\/tapis-egouttoir-extensible\/","og_locale":"fr_FR","og_type":"article","og_title":"Tapis \u00e9gouttoir extensible Joseph Joseph - Bantam","og_description":"Conception de plateau coulissant en 3 pi\u00e8ces avec un espace g\u00e9n\u00e9reux L\u2019eau est collect\u00e9e et peut \u00eatre \u00e9vacu\u00e9e ult\u00e9rieurement Bec de vidange int\u00e9gr\u00e9 La surface nervur\u00e9e \u00e9vacue l\u2019eau de la vaisselle Les plateaux peuvent \u00eatre superpos\u00e9s pour \u00e9conomiser de l\u2019espace Lavage et s\u00e9chage \u00e0 la main Attention\u00a0: Avant de tirer, poser sur une surface plane","og_url":"https:\/\/shop.bantam.ch\/fr\/produit\/tapis-egouttoir-extensible\/","og_site_name":"Bantam","article_modified_time":"2026-05-01T19:32:09+00:00","og_image":[{"width":1000,"height":714,"url":"https:\/\/shop.bantam.ch\/wp-content\/uploads\/2023\/02\/995670011.jpg","type":"image\/jpeg"}],"twitter_card":"summary_large_image","schema":{"@context":"https:\/\/schema.org","@graph":[{"@type":"WebPage","@id":"https:\/\/shop.bantam.ch\/fr\/produit\/tapis-egouttoir-extensible\/","url":"https:\/\/shop.bantam.ch\/fr\/produit\/tapis-egouttoir-extensible\/","name":"Tapis \u00e9gouttoir extensible Joseph Joseph - Bantam","isPartOf":{"@id":"https:\/\/shop.bantam.ch\/fr\/#website"},"primaryImageOfPage":{"@id":"https:\/\/shop.bantam.ch\/fr\/produit\/tapis-egouttoir-extensible\/#primaryimage"},"image":{"@id":"https:\/\/shop.bantam.ch\/fr\/produit\/tapis-egouttoir-extensible\/#primaryimage"},"thumbnailUrl":"https:\/\/shop.bantam.ch\/wp-content\/uploads\/2023\/02\/995670011.jpg","datePublished":"2023-02-28T05:16:58+00:00","dateModified":"2026-05-01T19:32:09+00:00","breadcrumb":{"@id":"https:\/\/shop.bantam.ch\/fr\/produit\/tapis-egouttoir-extensible\/#breadcrumb"},"inLanguage":"fr-FR","potentialAction":[{"@type":"ReadAction","target":["https:\/\/shop.bantam.ch\/fr\/produit\/tapis-egouttoir-extensible\/"]}]},{"@type":"ImageObject","inLanguage":"fr-FR","@id":"https:\/\/shop.bantam.ch\/fr\/produit\/tapis-egouttoir-extensible\/#primaryimage","url":"https:\/\/shop.bantam.ch\/wp-content\/uploads\/2023\/02\/995670011.jpg","contentUrl":"https:\/\/shop.bantam.ch\/wp-content\/uploads\/2023\/02\/995670011.jpg","width":1000,"height":714},{"@type":"BreadcrumbList","@id":"https:\/\/shop.bantam.ch\/fr\/produit\/tapis-egouttoir-extensible\/#breadcrumb","itemListElement":[{"@type":"ListItem","position":1,"name":"Accueil","item":"https:\/\/shop.bantam.ch\/fr\/"},{"@type":"ListItem","position":2,"name":"Boutique","item":"https:\/\/shop.bantam.ch\/fr\/boutique\/"},{"@type":"ListItem","position":3,"name":"Tapis \u00e9gouttoir extensible Joseph Joseph"}]},{"@type":"WebSite","@id":"https:\/\/shop.bantam.ch\/fr\/#website","url":"https:\/\/shop.bantam.ch\/fr\/","name":"Bantam","description":"","publisher":{"@id":"https:\/\/shop.bantam.ch\/fr\/#organization"},"inLanguage":"fr-FR"},{"@type":"Organization","@id":"https:\/\/shop.bantam.ch\/fr\/#organization","name":"Bantam","url":"https:\/\/shop.bantam.ch\/fr\/","logo":{"@type":"ImageObject","inLanguage":"fr-FR","@id":"https:\/\/shop.bantam.ch\/fr\/#\/schema\/logo\/image\/","url":"https:\/\/shop.bantam.ch\/wp-content\/uploads\/2022\/12\/bantam-logo.png","contentUrl":"https:\/\/shop.bantam.ch\/wp-content\/uploads\/2022\/12\/bantam-logo.png","width":320,"height":71,"caption":"Bantam"},"image":{"@id":"https:\/\/shop.bantam.ch\/fr\/#\/schema\/logo\/image\/"}}]}},"_links":{"self":[{"href":"https:\/\/shop.bantam.ch\/fr\/wp-json\/wp\/v2\/product\/100025","targetHints":{"allow":["GET"]}}],"collection":[{"href":"https:\/\/shop.bantam.ch\/fr\/wp-json\/wp\/v2\/product"}],"about":[{"href":"https:\/\/shop.bantam.ch\/fr\/wp-json\/wp\/v2\/types\/product"}],"wp:featuredmedia":[{"embeddable":true,"href":"https:\/\/shop.bantam.ch\/fr\/wp-json\/wp\/v2\/media\/100013"}],"wp:attachment":[{"href":"https:\/\/shop.bantam.ch\/fr\/wp-json\/wp\/v2\/media?parent=100025"}],"wp:term":[{"taxonomy":"product_featured_cat","embeddable":true,"href":"https:\/\/shop.bantam.ch\/fr\/wp-json\/wp\/v2\/product_featured_cat?post=100025"},{"taxonomy":"product_brand","embeddable":true,"href":"https:\/\/shop.bantam.ch\/fr\/wp-json\/wp\/v2\/product_brand?post=100025"},{"taxonomy":"product_cat","embeddable":true,"href":"https:\/\/shop.bantam.ch\/fr\/wp-json\/wp\/v2\/product_cat?post=100025"},{"taxonomy":"product_tag","embeddable":true,"href":"https:\/\/shop.bantam.ch\/fr\/wp-json\/wp\/v2\/product_tag?post=100025"}],"curies":[{"name":"wp","href":"https:\/\/api.w.org\/{rel}","templated":true}]}}