{"id":520,"date":"2023-01-25T23:13:29","date_gmt":"2023-01-25T22:13:29","guid":{"rendered":"https:\/\/front-test.dev-bantam.ch\/?page_id=520"},"modified":"2025-03-25T08:59:17","modified_gmt":"2025-03-25T07:59:17","slug":"conditions-generales-de-vente","status":"publish","type":"page","link":"https:\/\/shop.bantam.ch\/fr\/conditions-generales-de-vente\/","title":{"rendered":"Conditions g\u00e9n\u00e9rales de vente"},"content":{"rendered":"\n<p><\/p>\n\n\n\n<h4 class=\"wp-block-heading\"><strong>Domaine d\u2019application&nbsp;<\/strong><\/h4>\n\n\n\n<p>Seules nos conditions sont applicables.<\/p>\n\n\n\n<h4 class=\"wp-block-heading\"><strong>Livraison&nbsp;<\/strong><\/h4>\n\n\n\n<p>Les risques li\u00e9s \u00e0 la livraison sont \u00e0 la charge du client. Les frais de port sont factur\u00e9s selon les tarifs en vigueur (voir livraisons et retours).<\/p>\n\n\n\n<p>Pour un envoi standard nous ne pouvons envoyer les marchandises suivantes&nbsp;:<\/p>\n\n\n\n<ul class=\"wp-block-list\"><li>poids exc\u00e9dant 30 kg<\/li><li>substances dangereuses classe de toxicit\u00e9 3 (m\u00e9thanol)<\/li><li>les bouteilles de gaz&nbsp;<\/li><\/ul>\n\n\n\n<p>Pour un envoi encombrant ou sup\u00e9rieur \u00e0 30 kg, nous faisons appel \u00e0 un transporteur sp\u00e9cial avec des co\u00fbts suppl\u00e9mentaires qui seront factur\u00e9s et payables \u00e0 l\u2019avance. Offre \u00e9tablie au cas par cas.<\/p>\n\n\n\n<h4 class=\"wp-block-heading\"><strong>D\u00e9g\u00e2ts constat\u00e9s \u00e0 la livraison&nbsp;<\/strong><\/h4>\n\n\n\n<p>La marchandise devra \u00eatre examin\u00e9e en pr\u00e9sence du livreur. Tout dommage doit \u00eatre signal\u00e9 par \u00e9crit, avec signature du livreur. Le client doit \u00e9galement nous signaler les d\u00e9fauts par \u00e9crit 24 heures apr\u00e8s r\u00e9ception de sa commande. En cas de d\u00e9fauts mat\u00e9riels, la r\u00e9paration ou le remplacement sera effectu\u00e9 gratuitement. Si cela n&rsquo;est pas possible un remboursement peut \u00eatre demand\u00e9.<\/p>\n\n\n\n<p>Nous d\u00e9clinons toute responsabilit\u00e9 pour les dommages indirects de quelque nature que ce soit.<\/p>\n\n\n\n<h4 class=\"wp-block-heading\"><strong>Retour de marchandise&nbsp;<\/strong><\/h4>\n\n\n\n<p>Les produits avec l\u2019emballage d\u2019origine et qui n&rsquo;ont pas encore \u00e9t\u00e9 utilis\u00e9s peuvent \u00eatre retourn\u00e9s dans les 5 jours ouvrables suivant la date de r\u00e9ception. <strong>Les produits sur mesure ou commandes sp\u00e9ciales sont exclus de cette r\u00e8gle<\/strong>. L&rsquo;acheteur supporte les frais de transport pour l&rsquo;exp\u00e9dition de retour. Si la marchandise est correctement exp\u00e9di\u00e9e par l\u2019acheteur dans les d\u00e9lais impos\u00e9s et r\u00e9ceptionn\u00e9e par nos soins, l\u2019int\u00e9gralit\u00e9 de sa valeur d\u2019achat sera rembours\u00e9e imm\u00e9diatement.<\/p>\n\n\n\n<h4 class=\"wp-block-heading\"><strong>Annulation de la commande<\/strong><\/h4>\n\n\n\n<p>Lors d\u2019une annulation de commande, nous nous r\u00e9servons le droit de facturer tous les frais occasionn\u00e9s.&nbsp;Pour les commandes d\u00e9j\u00e0 exp\u00e9di\u00e9es, les frais de port ne sont pas rembours\u00e9s.<\/p>\n\n\n\n<h4 class=\"wp-block-heading\"><strong>Paiement<\/strong><\/h4>\n\n\n\n<p>Les moyens de paiements suivants sont accept\u00e9s&nbsp;:<\/p>\n\n\n\n<p>&#8211; Mastercard<\/p>\n\n\n\n<p>&#8211; Visa<\/p>\n\n\n\n<p>&#8211; Postcard<\/p>\n\n\n\n<p>&#8211; TWINT<\/p>\n\n\n\n<p>&#8211; Swissbilling<\/p>\n\n\n\n<p>Vos donn\u00e9es cod\u00e9es seront transmises conform\u00e9ment aux normes de transfert en toute s\u00e9curit\u00e9 et confidentialit\u00e9.&nbsp;<\/p>\n\n\n\n<h4 class=\"wp-block-heading\"><strong>Prix&nbsp;<\/strong><\/h4>\n\n\n\n<p>Tous les prix sont TVA incluse, sous r\u00e9serve de modifications. Les prix valables au jour de la commande sont appliqu\u00e9s. Si ces prix ont chang\u00e9, cela sera annonc\u00e9 dans une confirmation de commande \u00e9crite.<\/p>\n\n\n\n<h4 class=\"wp-block-heading\"><strong>Protection des donn\u00e9es&nbsp;<\/strong><\/h4>\n\n\n\n<p>Conform\u00e9ment \u00e0 la loi sur la protection des donn\u00e9es, nous certifions ne pas utiliser les coordonn\u00e9es \u00e0 d\u2019autres fins que la relation commerciale directe entre le client et la soci\u00e9t\u00e9 Bantam-Wankm\u00fcller S.A.&nbsp;<\/p>\n\n\n\n<h4 class=\"wp-block-heading\"><strong>For judiciaire<\/strong><\/h4>\n\n\n\n<p>Pour tout litige, le for judiciaire se trouve au si\u00e8ge social du vendeur. L\u2019acheteur d\u00e9clare express\u00e9ment qu\u2019il se soumettra aux d\u00e9cisions du for judiciaire pr\u00e9cit\u00e9, en renon\u00e7ant \u00e0 celui de son domicile.<\/p>\n","protected":false},"excerpt":{"rendered":"<p>Domaine d\u2019application&nbsp; Seules nos conditions sont applicables. Livraison&nbsp; Les risques li\u00e9s \u00e0 la livraison sont \u00e0 la charge du client. Les frais de port sont factur\u00e9s selon les tarifs en vigueur (voir livraisons et retours). Pour un envoi standard nous ne pouvons envoyer les marchandises suivantes&nbsp;: poids exc\u00e9dant 30 kg substances dangereuses classe de toxicit\u00e9 [&hellip;]<\/p>\n","protected":false},"author":6,"featured_media":0,"parent":0,"menu_order":0,"comment_status":"closed","ping_status":"closed","template":"template-contact.php","meta":{"_acf_changed":false,"footnotes":""},"class_list":["post-520","page","type-page","status-publish","hentry"],"acf":[],"yoast_head":"<!-- This site is optimized with the Yoast SEO plugin v27.4 - https:\/\/yoast.com\/product\/yoast-seo-wordpress\/ -->\n<title>Conditions g\u00e9n\u00e9rales de vente - Bantam Wankm\u00fcller SA<\/title>\n<meta name=\"robots\" content=\"index, follow, max-snippet:-1, max-image-preview:large, max-video-preview:-1\" \/>\n<link rel=\"canonical\" href=\"https:\/\/shop.bantam.ch\/fr\/conditions-generales-de-vente\/\" \/>\n<meta property=\"og:locale\" content=\"fr_FR\" \/>\n<meta property=\"og:type\" content=\"article\" \/>\n<meta property=\"og:title\" content=\"Conditions g\u00e9n\u00e9rales de vente - Bantam Wankm\u00fcller SA\" \/>\n<meta property=\"og:description\" content=\"Domaine d\u2019application&nbsp; Seules nos conditions sont applicables. Livraison&nbsp; Les risques li\u00e9s \u00e0 la livraison sont \u00e0 la charge du client. Les frais de port sont factur\u00e9s selon les tarifs en vigueur (voir livraisons et retours). Pour un envoi standard nous ne pouvons envoyer les marchandises suivantes&nbsp;: poids exc\u00e9dant 30 kg substances dangereuses classe de toxicit\u00e9 [&hellip;]\" \/>\n<meta property=\"og:url\" content=\"https:\/\/shop.bantam.ch\/fr\/conditions-generales-de-vente\/\" \/>\n<meta property=\"og:site_name\" content=\"Bantam Wankm\u00fcller SA\" \/>\n<meta property=\"article:modified_time\" content=\"2025-03-25T07:59:17+00:00\" \/>\n<meta name=\"twitter:card\" content=\"summary_large_image\" \/>\n<meta name=\"twitter:label1\" content=\"Dur\u00e9e de lecture estim\u00e9e\" \/>\n\t<meta name=\"twitter:data1\" content=\"3 minutes\" \/>\n<script type=\"application\/ld+json\" class=\"yoast-schema-graph\">{\"@context\":\"https:\\\/\\\/schema.org\",\"@graph\":[{\"@type\":\"WebPage\",\"@id\":\"https:\\\/\\\/shop.bantam.ch\\\/fr\\\/conditions-generales-de-vente\\\/\",\"url\":\"https:\\\/\\\/shop.bantam.ch\\\/fr\\\/conditions-generales-de-vente\\\/\",\"name\":\"Conditions g\u00e9n\u00e9rales de vente - Bantam Wankm\u00fcller SA\",\"isPartOf\":{\"@id\":\"https:\\\/\\\/shop.bantam.ch\\\/fr\\\/#website\"},\"datePublished\":\"2023-01-25T22:13:29+00:00\",\"dateModified\":\"2025-03-25T07:59:17+00:00\",\"breadcrumb\":{\"@id\":\"https:\\\/\\\/shop.bantam.ch\\\/fr\\\/conditions-generales-de-vente\\\/#breadcrumb\"},\"inLanguage\":\"fr-FR\",\"potentialAction\":[{\"@type\":\"ReadAction\",\"target\":[\"https:\\\/\\\/shop.bantam.ch\\\/fr\\\/conditions-generales-de-vente\\\/\"]}]},{\"@type\":\"BreadcrumbList\",\"@id\":\"https:\\\/\\\/shop.bantam.ch\\\/fr\\\/conditions-generales-de-vente\\\/#breadcrumb\",\"itemListElement\":[{\"@type\":\"ListItem\",\"position\":1,\"name\":\"Accueil\",\"item\":\"https:\\\/\\\/shop.bantam.ch\\\/fr\\\/\"},{\"@type\":\"ListItem\",\"position\":2,\"name\":\"Conditions g\u00e9n\u00e9rales de vente\"}]},{\"@type\":\"WebSite\",\"@id\":\"https:\\\/\\\/shop.bantam.ch\\\/fr\\\/#website\",\"url\":\"https:\\\/\\\/shop.bantam.ch\\\/fr\\\/\",\"name\":\"Bantam Wankm\u00fcller SA\",\"description\":\"\",\"publisher\":{\"@id\":\"https:\\\/\\\/shop.bantam.ch\\\/fr\\\/#organization\"},\"inLanguage\":\"fr-FR\"},{\"@type\":\"Organization\",\"@id\":\"https:\\\/\\\/shop.bantam.ch\\\/fr\\\/#organization\",\"name\":\"Bantam Wankm\u00fcller SA\",\"url\":\"https:\\\/\\\/shop.bantam.ch\\\/fr\\\/\",\"logo\":{\"@type\":\"ImageObject\",\"inLanguage\":\"fr-FR\",\"@id\":\"https:\\\/\\\/shop.bantam.ch\\\/fr\\\/#\\\/schema\\\/logo\\\/image\\\/\",\"url\":\"https:\\\/\\\/shop.bantam.ch\\\/wp-content\\\/uploads\\\/2022\\\/12\\\/bantam-logo.png\",\"contentUrl\":\"https:\\\/\\\/shop.bantam.ch\\\/wp-content\\\/uploads\\\/2022\\\/12\\\/bantam-logo.png\",\"width\":320,\"height\":71,\"caption\":\"Bantam Wankm\u00fcller SA\"},\"image\":{\"@id\":\"https:\\\/\\\/shop.bantam.ch\\\/fr\\\/#\\\/schema\\\/logo\\\/image\\\/\"}}]}<\/script>\n<!-- \/ Yoast SEO plugin. -->","yoast_head_json":{"title":"Conditions g\u00e9n\u00e9rales de vente - Bantam Wankm\u00fcller SA","robots":{"index":"index","follow":"follow","max-snippet":"max-snippet:-1","max-image-preview":"max-image-preview:large","max-video-preview":"max-video-preview:-1"},"canonical":"https:\/\/shop.bantam.ch\/fr\/conditions-generales-de-vente\/","og_locale":"fr_FR","og_type":"article","og_title":"Conditions g\u00e9n\u00e9rales de vente - Bantam Wankm\u00fcller SA","og_description":"Domaine d\u2019application&nbsp; Seules nos conditions sont applicables. Livraison&nbsp; Les risques li\u00e9s \u00e0 la livraison sont \u00e0 la charge du client. Les frais de port sont factur\u00e9s selon les tarifs en vigueur (voir livraisons et retours). Pour un envoi standard nous ne pouvons envoyer les marchandises suivantes&nbsp;: poids exc\u00e9dant 30 kg substances dangereuses classe de toxicit\u00e9 [&hellip;]","og_url":"https:\/\/shop.bantam.ch\/fr\/conditions-generales-de-vente\/","og_site_name":"Bantam Wankm\u00fcller SA","article_modified_time":"2025-03-25T07:59:17+00:00","twitter_card":"summary_large_image","twitter_misc":{"Dur\u00e9e de lecture estim\u00e9e":"3 minutes"},"schema":{"@context":"https:\/\/schema.org","@graph":[{"@type":"WebPage","@id":"https:\/\/shop.bantam.ch\/fr\/conditions-generales-de-vente\/","url":"https:\/\/shop.bantam.ch\/fr\/conditions-generales-de-vente\/","name":"Conditions g\u00e9n\u00e9rales de vente - Bantam Wankm\u00fcller SA","isPartOf":{"@id":"https:\/\/shop.bantam.ch\/fr\/#website"},"datePublished":"2023-01-25T22:13:29+00:00","dateModified":"2025-03-25T07:59:17+00:00","breadcrumb":{"@id":"https:\/\/shop.bantam.ch\/fr\/conditions-generales-de-vente\/#breadcrumb"},"inLanguage":"fr-FR","potentialAction":[{"@type":"ReadAction","target":["https:\/\/shop.bantam.ch\/fr\/conditions-generales-de-vente\/"]}]},{"@type":"BreadcrumbList","@id":"https:\/\/shop.bantam.ch\/fr\/conditions-generales-de-vente\/#breadcrumb","itemListElement":[{"@type":"ListItem","position":1,"name":"Accueil","item":"https:\/\/shop.bantam.ch\/fr\/"},{"@type":"ListItem","position":2,"name":"Conditions g\u00e9n\u00e9rales de vente"}]},{"@type":"WebSite","@id":"https:\/\/shop.bantam.ch\/fr\/#website","url":"https:\/\/shop.bantam.ch\/fr\/","name":"Bantam Wankm\u00fcller SA","description":"","publisher":{"@id":"https:\/\/shop.bantam.ch\/fr\/#organization"},"inLanguage":"fr-FR"},{"@type":"Organization","@id":"https:\/\/shop.bantam.ch\/fr\/#organization","name":"Bantam Wankm\u00fcller SA","url":"https:\/\/shop.bantam.ch\/fr\/","logo":{"@type":"ImageObject","inLanguage":"fr-FR","@id":"https:\/\/shop.bantam.ch\/fr\/#\/schema\/logo\/image\/","url":"https:\/\/shop.bantam.ch\/wp-content\/uploads\/2022\/12\/bantam-logo.png","contentUrl":"https:\/\/shop.bantam.ch\/wp-content\/uploads\/2022\/12\/bantam-logo.png","width":320,"height":71,"caption":"Bantam Wankm\u00fcller SA"},"image":{"@id":"https:\/\/shop.bantam.ch\/fr\/#\/schema\/logo\/image\/"}}]}},"_links":{"self":[{"href":"https:\/\/shop.bantam.ch\/fr\/wp-json\/wp\/v2\/pages\/520","targetHints":{"allow":["GET"]}}],"collection":[{"href":"https:\/\/shop.bantam.ch\/fr\/wp-json\/wp\/v2\/pages"}],"about":[{"href":"https:\/\/shop.bantam.ch\/fr\/wp-json\/wp\/v2\/types\/page"}],"author":[{"embeddable":true,"href":"https:\/\/shop.bantam.ch\/fr\/wp-json\/wp\/v2\/users\/6"}],"replies":[{"embeddable":true,"href":"https:\/\/shop.bantam.ch\/fr\/wp-json\/wp\/v2\/comments?post=520"}],"version-history":[{"count":1,"href":"https:\/\/shop.bantam.ch\/fr\/wp-json\/wp\/v2\/pages\/520\/revisions"}],"predecessor-version":[{"id":217413,"href":"https:\/\/shop.bantam.ch\/fr\/wp-json\/wp\/v2\/pages\/520\/revisions\/217413"}],"wp:attachment":[{"href":"https:\/\/shop.bantam.ch\/fr\/wp-json\/wp\/v2\/media?parent=520"}],"curies":[{"name":"wp","href":"https:\/\/api.w.org\/{rel}","templated":true}]}}