{"id":99568,"date":"2023-02-28T06:11:41","date_gmt":"2023-02-28T05:11:41","guid":{"rendered":"http:\/\/shop.bantam.ch\/produit\/besteckkasten-drawerstore-kompakt-fb-grau\/"},"modified":"2026-05-02T21:31:42","modified_gmt":"2026-05-02T19:31:42","slug":"besteckkasten-drawerstore-kompakt-fb-grau","status":"publish","type":"product","link":"https:\/\/shop.bantam.ch\/de\/produkt\/besteckkasten-drawerstore-kompakt-fb-grau\/","title":{"rendered":"Besteckkasten Joseph Joseph DrawerStore kompakt Fb grau"},"content":{"rendered":"<p>Das einzigartige Design dieses Besteckeinsatzes weist abgewinkelte F\u00e4cher auf, die \u00fcbereinander geschichtet sind, so dass mehr Besteck auf weniger Raum gelagert werden kann. Einzigartiges Design schafft mehr Platz in Ihrer Schublade Einzelne, gestapelte F\u00e4cher f\u00fcr unterschiedliches Besteck Besteck-Symbole zur einfachen Identifizierung. Rutschfeste F\u00fc\u00dfe Geeignet f\u00fcr Schubladen mit einer Mindesth\u00f6he von 8 cm (3\u00bc inches)<\/p>\n","protected":false},"excerpt":{"rendered":"<p>Das einzigartige Design dieses Besteckeinsatzes weist abgewinkelte F\u00e4cher auf, die \u00fcbereinander geschichtet sind, so dass mehr Besteck auf weniger Raum gelagert werden kann. Einzigartiges Design schafft mehr Platz in Ihrer Schublade Einzelne, gestapelte F\u00e4cher f\u00fcr unterschiedliches Besteck Besteck-Symbole zur einfachen Identifizierung. Rutschfeste F\u00fc\u00dfe Geeignet f\u00fcr Schubladen mit einer Mindesth\u00f6he von 8 cm (3\u00bc inches)<\/p>\n","protected":false},"featured_media":99558,"template":"","meta":{"_acf_changed":false},"product_featured_cat":[],"product_brand":[3413],"product_cat":[5150],"product_tag":[],"class_list":{"0":"post-99568","1":"product","2":"type-product","3":"status-publish","4":"has-post-thumbnail","6":"product_brand-joseph-joseph-de","7":"product_cat-fixiermodule","9":"first","10":"instock","11":"taxable","12":"shipping-taxable","13":"purchasable","14":"product-type-simple"},"acf":[],"yoast_head":"<!-- This site is optimized with the Yoast SEO plugin v27.5 - https:\/\/yoast.com\/product\/yoast-seo-wordpress\/ -->\n<title>Besteckkasten Joseph Joseph DrawerStore kompakt Fb grau - Bantam<\/title>\n<meta name=\"robots\" content=\"index, follow, max-snippet:-1, max-image-preview:large, max-video-preview:-1\" \/>\n<link rel=\"canonical\" href=\"https:\/\/shop.bantam.ch\/de\/produkt\/besteckkasten-drawerstore-kompakt-fb-grau\/\" \/>\n<meta property=\"og:locale\" content=\"de_DE\" \/>\n<meta property=\"og:type\" content=\"article\" \/>\n<meta property=\"og:title\" content=\"Besteckkasten Joseph Joseph DrawerStore kompakt Fb grau - Bantam\" \/>\n<meta property=\"og:description\" content=\"Das einzigartige Design dieses Besteckeinsatzes weist abgewinkelte F\u00e4cher auf, die \u00fcbereinander geschichtet sind, so dass mehr Besteck auf weniger Raum gelagert werden kann. Einzigartiges Design schafft mehr Platz in Ihrer Schublade Einzelne, gestapelte F\u00e4cher f\u00fcr unterschiedliches Besteck Besteck-Symbole zur einfachen Identifizierung. Rutschfeste F\u00fc\u00dfe Geeignet f\u00fcr Schubladen mit einer Mindesth\u00f6he von 8 cm (3\u00bc inches)\" \/>\n<meta property=\"og:url\" content=\"https:\/\/shop.bantam.ch\/de\/produkt\/besteckkasten-drawerstore-kompakt-fb-grau\/\" \/>\n<meta property=\"og:site_name\" content=\"Bantam\" \/>\n<meta property=\"article:modified_time\" content=\"2026-05-02T19:31:42+00:00\" \/>\n<meta property=\"og:image\" content=\"https:\/\/shop.bantam.ch\/wp-content\/uploads\/2023\/02\/995669311.jpg\" \/>\n\t<meta property=\"og:image:width\" content=\"1000\" \/>\n\t<meta property=\"og:image:height\" content=\"697\" \/>\n\t<meta property=\"og:image:type\" content=\"image\/jpeg\" \/>\n<meta name=\"twitter:card\" content=\"summary_large_image\" \/>\n<script type=\"application\/ld+json\" class=\"yoast-schema-graph\">{\"@context\":\"https:\\\/\\\/schema.org\",\"@graph\":[{\"@type\":\"WebPage\",\"@id\":\"https:\\\/\\\/shop.bantam.ch\\\/de\\\/produkt\\\/besteckkasten-drawerstore-kompakt-fb-grau\\\/\",\"url\":\"https:\\\/\\\/shop.bantam.ch\\\/de\\\/produkt\\\/besteckkasten-drawerstore-kompakt-fb-grau\\\/\",\"name\":\"Besteckkasten Joseph Joseph DrawerStore kompakt Fb grau - Bantam\",\"isPartOf\":{\"@id\":\"https:\\\/\\\/shop.bantam.ch\\\/de\\\/#website\"},\"primaryImageOfPage\":{\"@id\":\"https:\\\/\\\/shop.bantam.ch\\\/de\\\/produkt\\\/besteckkasten-drawerstore-kompakt-fb-grau\\\/#primaryimage\"},\"image\":{\"@id\":\"https:\\\/\\\/shop.bantam.ch\\\/de\\\/produkt\\\/besteckkasten-drawerstore-kompakt-fb-grau\\\/#primaryimage\"},\"thumbnailUrl\":\"https:\\\/\\\/shop.bantam.ch\\\/wp-content\\\/uploads\\\/2023\\\/02\\\/995669311.jpg\",\"datePublished\":\"2023-02-28T05:11:41+00:00\",\"dateModified\":\"2026-05-02T19:31:42+00:00\",\"breadcrumb\":{\"@id\":\"https:\\\/\\\/shop.bantam.ch\\\/de\\\/produkt\\\/besteckkasten-drawerstore-kompakt-fb-grau\\\/#breadcrumb\"},\"inLanguage\":\"de\",\"potentialAction\":[{\"@type\":\"ReadAction\",\"target\":[\"https:\\\/\\\/shop.bantam.ch\\\/de\\\/produkt\\\/besteckkasten-drawerstore-kompakt-fb-grau\\\/\"]}]},{\"@type\":\"ImageObject\",\"inLanguage\":\"de\",\"@id\":\"https:\\\/\\\/shop.bantam.ch\\\/de\\\/produkt\\\/besteckkasten-drawerstore-kompakt-fb-grau\\\/#primaryimage\",\"url\":\"https:\\\/\\\/shop.bantam.ch\\\/wp-content\\\/uploads\\\/2023\\\/02\\\/995669311.jpg\",\"contentUrl\":\"https:\\\/\\\/shop.bantam.ch\\\/wp-content\\\/uploads\\\/2023\\\/02\\\/995669311.jpg\",\"width\":1000,\"height\":697},{\"@type\":\"BreadcrumbList\",\"@id\":\"https:\\\/\\\/shop.bantam.ch\\\/de\\\/produkt\\\/besteckkasten-drawerstore-kompakt-fb-grau\\\/#breadcrumb\",\"itemListElement\":[{\"@type\":\"ListItem\",\"position\":1,\"name\":\"Accueil\",\"item\":\"https:\\\/\\\/shop.bantam.ch\\\/de\\\/\"},{\"@type\":\"ListItem\",\"position\":2,\"name\":\"Shop\",\"item\":\"https:\\\/\\\/shop.bantam.ch\\\/de\\\/shop\\\/\"},{\"@type\":\"ListItem\",\"position\":3,\"name\":\"Besteckkasten Joseph Joseph DrawerStore kompakt Fb grau\"}]},{\"@type\":\"WebSite\",\"@id\":\"https:\\\/\\\/shop.bantam.ch\\\/de\\\/#website\",\"url\":\"https:\\\/\\\/shop.bantam.ch\\\/de\\\/\",\"name\":\"Bantam\",\"description\":\"\",\"publisher\":{\"@id\":\"https:\\\/\\\/shop.bantam.ch\\\/de\\\/#organization\"},\"inLanguage\":\"de\"},{\"@type\":\"Organization\",\"@id\":\"https:\\\/\\\/shop.bantam.ch\\\/de\\\/#organization\",\"name\":\"Bantam\",\"url\":\"https:\\\/\\\/shop.bantam.ch\\\/de\\\/\",\"logo\":{\"@type\":\"ImageObject\",\"inLanguage\":\"de\",\"@id\":\"https:\\\/\\\/shop.bantam.ch\\\/de\\\/#\\\/schema\\\/logo\\\/image\\\/\",\"url\":\"https:\\\/\\\/shop.bantam.ch\\\/wp-content\\\/uploads\\\/2022\\\/12\\\/bantam-logo.png\",\"contentUrl\":\"https:\\\/\\\/shop.bantam.ch\\\/wp-content\\\/uploads\\\/2022\\\/12\\\/bantam-logo.png\",\"width\":320,\"height\":71,\"caption\":\"Bantam\"},\"image\":{\"@id\":\"https:\\\/\\\/shop.bantam.ch\\\/de\\\/#\\\/schema\\\/logo\\\/image\\\/\"}}]}<\/script>\n<!-- \/ Yoast SEO plugin. -->","yoast_head_json":{"title":"Besteckkasten Joseph Joseph DrawerStore kompakt Fb grau - Bantam","robots":{"index":"index","follow":"follow","max-snippet":"max-snippet:-1","max-image-preview":"max-image-preview:large","max-video-preview":"max-video-preview:-1"},"canonical":"https:\/\/shop.bantam.ch\/de\/produkt\/besteckkasten-drawerstore-kompakt-fb-grau\/","og_locale":"de_DE","og_type":"article","og_title":"Besteckkasten Joseph Joseph DrawerStore kompakt Fb grau - Bantam","og_description":"Das einzigartige Design dieses Besteckeinsatzes weist abgewinkelte F\u00e4cher auf, die \u00fcbereinander geschichtet sind, so dass mehr Besteck auf weniger Raum gelagert werden kann. Einzigartiges Design schafft mehr Platz in Ihrer Schublade Einzelne, gestapelte F\u00e4cher f\u00fcr unterschiedliches Besteck Besteck-Symbole zur einfachen Identifizierung. Rutschfeste F\u00fc\u00dfe Geeignet f\u00fcr Schubladen mit einer Mindesth\u00f6he von 8 cm (3\u00bc inches)","og_url":"https:\/\/shop.bantam.ch\/de\/produkt\/besteckkasten-drawerstore-kompakt-fb-grau\/","og_site_name":"Bantam","article_modified_time":"2026-05-02T19:31:42+00:00","og_image":[{"width":1000,"height":697,"url":"https:\/\/shop.bantam.ch\/wp-content\/uploads\/2023\/02\/995669311.jpg","type":"image\/jpeg"}],"twitter_card":"summary_large_image","schema":{"@context":"https:\/\/schema.org","@graph":[{"@type":"WebPage","@id":"https:\/\/shop.bantam.ch\/de\/produkt\/besteckkasten-drawerstore-kompakt-fb-grau\/","url":"https:\/\/shop.bantam.ch\/de\/produkt\/besteckkasten-drawerstore-kompakt-fb-grau\/","name":"Besteckkasten Joseph Joseph DrawerStore kompakt Fb grau - Bantam","isPartOf":{"@id":"https:\/\/shop.bantam.ch\/de\/#website"},"primaryImageOfPage":{"@id":"https:\/\/shop.bantam.ch\/de\/produkt\/besteckkasten-drawerstore-kompakt-fb-grau\/#primaryimage"},"image":{"@id":"https:\/\/shop.bantam.ch\/de\/produkt\/besteckkasten-drawerstore-kompakt-fb-grau\/#primaryimage"},"thumbnailUrl":"https:\/\/shop.bantam.ch\/wp-content\/uploads\/2023\/02\/995669311.jpg","datePublished":"2023-02-28T05:11:41+00:00","dateModified":"2026-05-02T19:31:42+00:00","breadcrumb":{"@id":"https:\/\/shop.bantam.ch\/de\/produkt\/besteckkasten-drawerstore-kompakt-fb-grau\/#breadcrumb"},"inLanguage":"de","potentialAction":[{"@type":"ReadAction","target":["https:\/\/shop.bantam.ch\/de\/produkt\/besteckkasten-drawerstore-kompakt-fb-grau\/"]}]},{"@type":"ImageObject","inLanguage":"de","@id":"https:\/\/shop.bantam.ch\/de\/produkt\/besteckkasten-drawerstore-kompakt-fb-grau\/#primaryimage","url":"https:\/\/shop.bantam.ch\/wp-content\/uploads\/2023\/02\/995669311.jpg","contentUrl":"https:\/\/shop.bantam.ch\/wp-content\/uploads\/2023\/02\/995669311.jpg","width":1000,"height":697},{"@type":"BreadcrumbList","@id":"https:\/\/shop.bantam.ch\/de\/produkt\/besteckkasten-drawerstore-kompakt-fb-grau\/#breadcrumb","itemListElement":[{"@type":"ListItem","position":1,"name":"Accueil","item":"https:\/\/shop.bantam.ch\/de\/"},{"@type":"ListItem","position":2,"name":"Shop","item":"https:\/\/shop.bantam.ch\/de\/shop\/"},{"@type":"ListItem","position":3,"name":"Besteckkasten Joseph Joseph DrawerStore kompakt Fb grau"}]},{"@type":"WebSite","@id":"https:\/\/shop.bantam.ch\/de\/#website","url":"https:\/\/shop.bantam.ch\/de\/","name":"Bantam","description":"","publisher":{"@id":"https:\/\/shop.bantam.ch\/de\/#organization"},"inLanguage":"de"},{"@type":"Organization","@id":"https:\/\/shop.bantam.ch\/de\/#organization","name":"Bantam","url":"https:\/\/shop.bantam.ch\/de\/","logo":{"@type":"ImageObject","inLanguage":"de","@id":"https:\/\/shop.bantam.ch\/de\/#\/schema\/logo\/image\/","url":"https:\/\/shop.bantam.ch\/wp-content\/uploads\/2022\/12\/bantam-logo.png","contentUrl":"https:\/\/shop.bantam.ch\/wp-content\/uploads\/2022\/12\/bantam-logo.png","width":320,"height":71,"caption":"Bantam"},"image":{"@id":"https:\/\/shop.bantam.ch\/de\/#\/schema\/logo\/image\/"}}]}},"_links":{"self":[{"href":"https:\/\/shop.bantam.ch\/de\/wp-json\/wp\/v2\/product\/99568","targetHints":{"allow":["GET"]}}],"collection":[{"href":"https:\/\/shop.bantam.ch\/de\/wp-json\/wp\/v2\/product"}],"about":[{"href":"https:\/\/shop.bantam.ch\/de\/wp-json\/wp\/v2\/types\/product"}],"wp:featuredmedia":[{"embeddable":true,"href":"https:\/\/shop.bantam.ch\/de\/wp-json\/wp\/v2\/media\/99558"}],"wp:attachment":[{"href":"https:\/\/shop.bantam.ch\/de\/wp-json\/wp\/v2\/media?parent=99568"}],"wp:term":[{"taxonomy":"product_featured_cat","embeddable":true,"href":"https:\/\/shop.bantam.ch\/de\/wp-json\/wp\/v2\/product_featured_cat?post=99568"},{"taxonomy":"product_brand","embeddable":true,"href":"https:\/\/shop.bantam.ch\/de\/wp-json\/wp\/v2\/product_brand?post=99568"},{"taxonomy":"product_cat","embeddable":true,"href":"https:\/\/shop.bantam.ch\/de\/wp-json\/wp\/v2\/product_cat?post=99568"},{"taxonomy":"product_tag","embeddable":true,"href":"https:\/\/shop.bantam.ch\/de\/wp-json\/wp\/v2\/product_tag?post=99568"}],"curies":[{"name":"wp","href":"https:\/\/api.w.org\/{rel}","templated":true}]}}