{"id":98164,"date":"2023-02-28T05:49:52","date_gmt":"2023-02-28T04:49:52","guid":{"rendered":"http:\/\/shop.bantam.ch\/produit\/kamera-perfectview-cam44-ohne-nav\/"},"modified":"2026-04-17T21:31:29","modified_gmt":"2026-04-17T19:31:29","slug":"kamera-perfectview-cam44-ohne-nav","status":"publish","type":"product","link":"https:\/\/shop.bantam.ch\/de\/produkt\/kamera-perfectview-cam44-ohne-nav\/","title":{"rendered":"Kamera DOMETIC PerfectView CAM44 ohne NAV"},"content":{"rendered":"<p>Farb-Doppelkamera mit Shutter ist mit zwei Objektiven und einer motorbetriebenen Abdeckung zum Schutz vor Verschmutzungen ausgestattet. Die Farbkamera mit integriertem Mikrofon ist in einem Aluminiumgeh\u00e4use verbaut und \u00fcbertr\u00e4gt \u00fcber Kabel Bild und Ton an einen Monitor. Sie l\u00e4sst sich manuell oder automatisch betreiben. Die CAM44 besitzt ein Nahsichtobjektiv f\u00fcr den Bereich unmittelbar hinter dem Fahrzeug und ein Objektiv f\u00fcr den Fernbereich. F\u00fcr genaueres Man\u00f6vrieren erzeugt die Kamera beim R\u00fcckw\u00e4rtsfahren drei Abstandsmarken, die auf einem angeschlossenen Farbmonitor als farbliche Linien angezeigt werden. Infrarot-LEDs, die auf die Lichtverh\u00e4ltnisse reagieren, sorgen au\u00dferdem f\u00fcr bessere Nachtsicht.<\/p>\n","protected":false},"excerpt":{"rendered":"<p>Farb-Doppelkamera mit Shutter ist mit zwei Objektiven und einer motorbetriebenen Abdeckung zum Schutz vor Verschmutzungen ausgestattet. Die Farbkamera mit integriertem Mikrofon ist in einem Aluminiumgeh\u00e4use verbaut und \u00fcbertr\u00e4gt \u00fcber Kabel Bild und Ton an einen Monitor. Sie l\u00e4sst sich manuell oder automatisch betreiben. Die CAM44 besitzt ein Nahsichtobjektiv f\u00fcr den Bereich unmittelbar hinter dem Fahrzeug [&hellip;]<\/p>\n","protected":false},"featured_media":98162,"template":"","meta":{"_acf_changed":false},"product_featured_cat":[],"product_brand":[3029],"product_cat":[5002],"product_tag":[],"class_list":{"0":"post-98164","1":"product","2":"type-product","3":"status-publish","4":"has-post-thumbnail","6":"product_brand-dometic-de","7":"product_cat-kameras","9":"first","10":"instock","11":"taxable","12":"shipping-taxable","13":"purchasable","14":"product-type-simple"},"acf":[],"yoast_head":"<!-- This site is optimized with the Yoast SEO plugin v27.4 - https:\/\/yoast.com\/product\/yoast-seo-wordpress\/ -->\n<title>Kamera DOMETIC PerfectView CAM44 ohne NAV - Bantam Camping AG<\/title>\n<meta name=\"robots\" content=\"index, follow, max-snippet:-1, max-image-preview:large, max-video-preview:-1\" \/>\n<link rel=\"canonical\" href=\"https:\/\/shop.bantam.ch\/de\/produkt\/kamera-perfectview-cam44-ohne-nav\/\" \/>\n<meta property=\"og:locale\" content=\"de_DE\" \/>\n<meta property=\"og:type\" content=\"article\" \/>\n<meta property=\"og:title\" content=\"Kamera DOMETIC PerfectView CAM44 ohne NAV - Bantam Camping AG\" \/>\n<meta property=\"og:description\" content=\"Farb-Doppelkamera mit Shutter ist mit zwei Objektiven und einer motorbetriebenen Abdeckung zum Schutz vor Verschmutzungen ausgestattet. Die Farbkamera mit integriertem Mikrofon ist in einem Aluminiumgeh\u00e4use verbaut und \u00fcbertr\u00e4gt \u00fcber Kabel Bild und Ton an einen Monitor. Sie l\u00e4sst sich manuell oder automatisch betreiben. Die CAM44 besitzt ein Nahsichtobjektiv f\u00fcr den Bereich unmittelbar hinter dem Fahrzeug [&hellip;]\" \/>\n<meta property=\"og:url\" content=\"https:\/\/shop.bantam.ch\/de\/produkt\/kamera-perfectview-cam44-ohne-nav\/\" \/>\n<meta property=\"og:site_name\" content=\"Bantam Camping AG\" \/>\n<meta property=\"article:modified_time\" content=\"2026-04-17T19:31:29+00:00\" \/>\n<meta property=\"og:image\" content=\"https:\/\/shop.bantam.ch\/wp-content\/uploads\/2023\/02\/993557111.jpg\" \/>\n\t<meta property=\"og:image:width\" content=\"1000\" \/>\n\t<meta property=\"og:image:height\" content=\"737\" \/>\n\t<meta property=\"og:image:type\" content=\"image\/jpeg\" \/>\n<meta name=\"twitter:card\" content=\"summary_large_image\" \/>\n<meta name=\"twitter:label1\" content=\"Gesch\u00e4tzte Lesezeit\" \/>\n\t<meta name=\"twitter:data1\" content=\"1\u00a0Minute\" \/>\n<script type=\"application\/ld+json\" class=\"yoast-schema-graph\">{\"@context\":\"https:\\\/\\\/schema.org\",\"@graph\":[{\"@type\":\"WebPage\",\"@id\":\"https:\\\/\\\/shop.bantam.ch\\\/de\\\/produkt\\\/kamera-perfectview-cam44-ohne-nav\\\/\",\"url\":\"https:\\\/\\\/shop.bantam.ch\\\/de\\\/produkt\\\/kamera-perfectview-cam44-ohne-nav\\\/\",\"name\":\"Kamera DOMETIC PerfectView CAM44 ohne NAV - Bantam Camping AG\",\"isPartOf\":{\"@id\":\"https:\\\/\\\/shop.bantam.ch\\\/de\\\/#website\"},\"primaryImageOfPage\":{\"@id\":\"https:\\\/\\\/shop.bantam.ch\\\/de\\\/produkt\\\/kamera-perfectview-cam44-ohne-nav\\\/#primaryimage\"},\"image\":{\"@id\":\"https:\\\/\\\/shop.bantam.ch\\\/de\\\/produkt\\\/kamera-perfectview-cam44-ohne-nav\\\/#primaryimage\"},\"thumbnailUrl\":\"https:\\\/\\\/shop.bantam.ch\\\/wp-content\\\/uploads\\\/2023\\\/02\\\/993557111.jpg\",\"datePublished\":\"2023-02-28T04:49:52+00:00\",\"dateModified\":\"2026-04-17T19:31:29+00:00\",\"breadcrumb\":{\"@id\":\"https:\\\/\\\/shop.bantam.ch\\\/de\\\/produkt\\\/kamera-perfectview-cam44-ohne-nav\\\/#breadcrumb\"},\"inLanguage\":\"de\",\"potentialAction\":[{\"@type\":\"ReadAction\",\"target\":[\"https:\\\/\\\/shop.bantam.ch\\\/de\\\/produkt\\\/kamera-perfectview-cam44-ohne-nav\\\/\"]}]},{\"@type\":\"ImageObject\",\"inLanguage\":\"de\",\"@id\":\"https:\\\/\\\/shop.bantam.ch\\\/de\\\/produkt\\\/kamera-perfectview-cam44-ohne-nav\\\/#primaryimage\",\"url\":\"https:\\\/\\\/shop.bantam.ch\\\/wp-content\\\/uploads\\\/2023\\\/02\\\/993557111.jpg\",\"contentUrl\":\"https:\\\/\\\/shop.bantam.ch\\\/wp-content\\\/uploads\\\/2023\\\/02\\\/993557111.jpg\",\"width\":1000,\"height\":737},{\"@type\":\"BreadcrumbList\",\"@id\":\"https:\\\/\\\/shop.bantam.ch\\\/de\\\/produkt\\\/kamera-perfectview-cam44-ohne-nav\\\/#breadcrumb\",\"itemListElement\":[{\"@type\":\"ListItem\",\"position\":1,\"name\":\"Accueil\",\"item\":\"https:\\\/\\\/shop.bantam.ch\\\/de\\\/\"},{\"@type\":\"ListItem\",\"position\":2,\"name\":\"Shop\",\"item\":\"https:\\\/\\\/shop.bantam.ch\\\/de\\\/shop\\\/\"},{\"@type\":\"ListItem\",\"position\":3,\"name\":\"Kamera DOMETIC PerfectView CAM44 ohne NAV\"}]},{\"@type\":\"WebSite\",\"@id\":\"https:\\\/\\\/shop.bantam.ch\\\/de\\\/#website\",\"url\":\"https:\\\/\\\/shop.bantam.ch\\\/de\\\/\",\"name\":\"Bantam Camping AG\",\"description\":\"\",\"publisher\":{\"@id\":\"https:\\\/\\\/shop.bantam.ch\\\/de\\\/#organization\"},\"inLanguage\":\"de\"},{\"@type\":\"Organization\",\"@id\":\"https:\\\/\\\/shop.bantam.ch\\\/de\\\/#organization\",\"name\":\"Bantam Camping AG\",\"url\":\"https:\\\/\\\/shop.bantam.ch\\\/de\\\/\",\"logo\":{\"@type\":\"ImageObject\",\"inLanguage\":\"de\",\"@id\":\"https:\\\/\\\/shop.bantam.ch\\\/de\\\/#\\\/schema\\\/logo\\\/image\\\/\",\"url\":\"https:\\\/\\\/shop.bantam.ch\\\/wp-content\\\/uploads\\\/2022\\\/12\\\/bantam-logo.png\",\"contentUrl\":\"https:\\\/\\\/shop.bantam.ch\\\/wp-content\\\/uploads\\\/2022\\\/12\\\/bantam-logo.png\",\"width\":320,\"height\":71,\"caption\":\"Bantam Camping AG\"},\"image\":{\"@id\":\"https:\\\/\\\/shop.bantam.ch\\\/de\\\/#\\\/schema\\\/logo\\\/image\\\/\"}}]}<\/script>\n<!-- \/ Yoast SEO plugin. -->","yoast_head_json":{"title":"Kamera DOMETIC PerfectView CAM44 ohne NAV - Bantam Camping AG","robots":{"index":"index","follow":"follow","max-snippet":"max-snippet:-1","max-image-preview":"max-image-preview:large","max-video-preview":"max-video-preview:-1"},"canonical":"https:\/\/shop.bantam.ch\/de\/produkt\/kamera-perfectview-cam44-ohne-nav\/","og_locale":"de_DE","og_type":"article","og_title":"Kamera DOMETIC PerfectView CAM44 ohne NAV - Bantam Camping AG","og_description":"Farb-Doppelkamera mit Shutter ist mit zwei Objektiven und einer motorbetriebenen Abdeckung zum Schutz vor Verschmutzungen ausgestattet. Die Farbkamera mit integriertem Mikrofon ist in einem Aluminiumgeh\u00e4use verbaut und \u00fcbertr\u00e4gt \u00fcber Kabel Bild und Ton an einen Monitor. Sie l\u00e4sst sich manuell oder automatisch betreiben. Die CAM44 besitzt ein Nahsichtobjektiv f\u00fcr den Bereich unmittelbar hinter dem Fahrzeug [&hellip;]","og_url":"https:\/\/shop.bantam.ch\/de\/produkt\/kamera-perfectview-cam44-ohne-nav\/","og_site_name":"Bantam Camping AG","article_modified_time":"2026-04-17T19:31:29+00:00","og_image":[{"width":1000,"height":737,"url":"https:\/\/shop.bantam.ch\/wp-content\/uploads\/2023\/02\/993557111.jpg","type":"image\/jpeg"}],"twitter_card":"summary_large_image","twitter_misc":{"Gesch\u00e4tzte Lesezeit":"1\u00a0Minute"},"schema":{"@context":"https:\/\/schema.org","@graph":[{"@type":"WebPage","@id":"https:\/\/shop.bantam.ch\/de\/produkt\/kamera-perfectview-cam44-ohne-nav\/","url":"https:\/\/shop.bantam.ch\/de\/produkt\/kamera-perfectview-cam44-ohne-nav\/","name":"Kamera DOMETIC PerfectView CAM44 ohne NAV - Bantam Camping AG","isPartOf":{"@id":"https:\/\/shop.bantam.ch\/de\/#website"},"primaryImageOfPage":{"@id":"https:\/\/shop.bantam.ch\/de\/produkt\/kamera-perfectview-cam44-ohne-nav\/#primaryimage"},"image":{"@id":"https:\/\/shop.bantam.ch\/de\/produkt\/kamera-perfectview-cam44-ohne-nav\/#primaryimage"},"thumbnailUrl":"https:\/\/shop.bantam.ch\/wp-content\/uploads\/2023\/02\/993557111.jpg","datePublished":"2023-02-28T04:49:52+00:00","dateModified":"2026-04-17T19:31:29+00:00","breadcrumb":{"@id":"https:\/\/shop.bantam.ch\/de\/produkt\/kamera-perfectview-cam44-ohne-nav\/#breadcrumb"},"inLanguage":"de","potentialAction":[{"@type":"ReadAction","target":["https:\/\/shop.bantam.ch\/de\/produkt\/kamera-perfectview-cam44-ohne-nav\/"]}]},{"@type":"ImageObject","inLanguage":"de","@id":"https:\/\/shop.bantam.ch\/de\/produkt\/kamera-perfectview-cam44-ohne-nav\/#primaryimage","url":"https:\/\/shop.bantam.ch\/wp-content\/uploads\/2023\/02\/993557111.jpg","contentUrl":"https:\/\/shop.bantam.ch\/wp-content\/uploads\/2023\/02\/993557111.jpg","width":1000,"height":737},{"@type":"BreadcrumbList","@id":"https:\/\/shop.bantam.ch\/de\/produkt\/kamera-perfectview-cam44-ohne-nav\/#breadcrumb","itemListElement":[{"@type":"ListItem","position":1,"name":"Accueil","item":"https:\/\/shop.bantam.ch\/de\/"},{"@type":"ListItem","position":2,"name":"Shop","item":"https:\/\/shop.bantam.ch\/de\/shop\/"},{"@type":"ListItem","position":3,"name":"Kamera DOMETIC PerfectView CAM44 ohne NAV"}]},{"@type":"WebSite","@id":"https:\/\/shop.bantam.ch\/de\/#website","url":"https:\/\/shop.bantam.ch\/de\/","name":"Bantam Camping AG","description":"","publisher":{"@id":"https:\/\/shop.bantam.ch\/de\/#organization"},"inLanguage":"de"},{"@type":"Organization","@id":"https:\/\/shop.bantam.ch\/de\/#organization","name":"Bantam Camping AG","url":"https:\/\/shop.bantam.ch\/de\/","logo":{"@type":"ImageObject","inLanguage":"de","@id":"https:\/\/shop.bantam.ch\/de\/#\/schema\/logo\/image\/","url":"https:\/\/shop.bantam.ch\/wp-content\/uploads\/2022\/12\/bantam-logo.png","contentUrl":"https:\/\/shop.bantam.ch\/wp-content\/uploads\/2022\/12\/bantam-logo.png","width":320,"height":71,"caption":"Bantam Camping AG"},"image":{"@id":"https:\/\/shop.bantam.ch\/de\/#\/schema\/logo\/image\/"}}]}},"_links":{"self":[{"href":"https:\/\/shop.bantam.ch\/de\/wp-json\/wp\/v2\/product\/98164","targetHints":{"allow":["GET"]}}],"collection":[{"href":"https:\/\/shop.bantam.ch\/de\/wp-json\/wp\/v2\/product"}],"about":[{"href":"https:\/\/shop.bantam.ch\/de\/wp-json\/wp\/v2\/types\/product"}],"wp:featuredmedia":[{"embeddable":true,"href":"https:\/\/shop.bantam.ch\/de\/wp-json\/wp\/v2\/media\/98162"}],"wp:attachment":[{"href":"https:\/\/shop.bantam.ch\/de\/wp-json\/wp\/v2\/media?parent=98164"}],"wp:term":[{"taxonomy":"product_featured_cat","embeddable":true,"href":"https:\/\/shop.bantam.ch\/de\/wp-json\/wp\/v2\/product_featured_cat?post=98164"},{"taxonomy":"product_brand","embeddable":true,"href":"https:\/\/shop.bantam.ch\/de\/wp-json\/wp\/v2\/product_brand?post=98164"},{"taxonomy":"product_cat","embeddable":true,"href":"https:\/\/shop.bantam.ch\/de\/wp-json\/wp\/v2\/product_cat?post=98164"},{"taxonomy":"product_tag","embeddable":true,"href":"https:\/\/shop.bantam.ch\/de\/wp-json\/wp\/v2\/product_tag?post=98164"}],"curies":[{"name":"wp","href":"https:\/\/api.w.org\/{rel}","templated":true}]}}