{"id":98156,"date":"2023-02-28T05:49:41","date_gmt":"2023-02-28T04:49:41","guid":{"rendered":"http:\/\/shop.bantam.ch\/produit\/e-switch-schloss-fuer-fenster-und-tueren\/"},"modified":"2026-04-21T21:32:23","modified_gmt":"2026-04-21T19:32:23","slug":"e-switch-schloss-fuer-fenster-und-tueren","status":"publish","type":"product","link":"https:\/\/shop.bantam.ch\/de\/produkt\/e-switch-schloss-fuer-fenster-und-tueren\/","title":{"rendered":"E-Switch E-Trailer Schloss f\u00fcr Fenster und T\u00fcren"},"content":{"rendered":"<p>Vergessen Sie manchmal ein Fenster, ein Dachfenster oder die T\u00fcr Ihres Wohnwagens bzw. Wohnmobils zu schlie\u00dfen? Oder sind Sie sich nicht mehr sicher, ob Sie vor dem Verlassen alles geschlossen haben? Mit dem E-Switch geh\u00f6rt dies der Vergangenheit an!<\/p>\n<p>Erhalten Sie eine Benachrichtigung auf Ihrem Smartphone, wenn noch etwas offen ist.<br \/>Wie schnell vergisst man eine Dachluke zu schlie\u00dfen? Dank dem E-Switch k\u00f6nnen Sie das jederzeit \u00fcberpr\u00fcfen. Sie werden per Smartphone informiert und erhalten eine Benachrichtigung, wenn noch etwas offen ist. Auf Ihrem Smartphone sehen Sie auf einen Blick, ob alle Fenster, T\u00fcren und die Dachfenster ordnungsgem\u00e4\u00df geschlossen sind. Ein offenes Dachfenster kann w\u00e4hrend der Fahrt extrem gef\u00e4hrlich sein. Wird es vom Fahrtwind abgerissen kann es viel Schaden anrichten. Verhindern Sie dies und entschieden Sie sich f\u00fcr den E-Switch.<\/p>\n<p>Befestigen Sie einfach den E-Switch mit dem mitgelieferten Klebeband und fahren Sie nie wieder mit versehentlich ge\u00f6ffneter Dachluke, T\u00fcr oder Fenster.<\/p>\n<ul>\n<li>Der E-Switch kann in jedem Caravan und Wohnmobil eingesetzt werden<\/li>\n<li>Es k\u00f6nnen mehrere E-Switches installiert werden<\/li>\n<li>Sie k\u00f6nnen die Funkboxen einfach mit dem mitgelieferten Klebeband befestigen. Der E-Switch wiegt nur 20 Gramm<\/li>\n<li>W\u00e4hrend der Fahrt wird eine Warnung an Ihr Smartphone gesendet, wenn Ihre T\u00fcr oder Dachluke nicht geschlossen ist<\/li>\n<li>Die Batterie h\u00e4lt mindestens 2 Jahre und ist leicht auszutauschen<\/li>\n<li>Sie erhalten die Updates der E-Trailer App immer kostenlos<\/li>\n<\/ul>\n","protected":false},"excerpt":{"rendered":"<p>Vergessen Sie manchmal ein Fenster, ein Dachfenster oder die T\u00fcr Ihres Wohnwagens bzw. Wohnmobils zu schlie\u00dfen? Oder sind Sie sich nicht mehr sicher, ob Sie vor dem Verlassen alles geschlossen haben? Mit dem E-Switch geh\u00f6rt dies der Vergangenheit an! Erhalten Sie eine Benachrichtigung auf Ihrem Smartphone, wenn noch etwas offen ist.Wie schnell vergisst man eine [&hellip;]<\/p>\n","protected":false},"featured_media":98150,"template":"","meta":{"_acf_changed":false},"product_featured_cat":[],"product_brand":[3523],"product_cat":[4662],"product_tag":[],"class_list":{"0":"post-98156","1":"product","2":"type-product","3":"status-publish","4":"has-post-thumbnail","6":"product_brand-e-trailer-de","7":"product_cat-smart-home","9":"first","10":"instock","11":"taxable","12":"shipping-taxable","13":"purchasable","14":"product-type-simple"},"acf":[],"yoast_head":"<!-- This site is optimized with the Yoast SEO plugin v27.4 - https:\/\/yoast.com\/product\/yoast-seo-wordpress\/ -->\n<title>E-Switch E-Trailer Schloss f\u00fcr Fenster und T\u00fcren - Bantam Camping AG<\/title>\n<meta name=\"robots\" content=\"index, follow, max-snippet:-1, max-image-preview:large, max-video-preview:-1\" \/>\n<link rel=\"canonical\" href=\"https:\/\/shop.bantam.ch\/de\/produkt\/e-switch-schloss-fuer-fenster-und-tueren\/\" \/>\n<meta property=\"og:locale\" content=\"de_DE\" \/>\n<meta property=\"og:type\" content=\"article\" \/>\n<meta property=\"og:title\" content=\"E-Switch E-Trailer Schloss f\u00fcr Fenster und T\u00fcren - Bantam Camping AG\" \/>\n<meta property=\"og:description\" content=\"Vergessen Sie manchmal ein Fenster, ein Dachfenster oder die T\u00fcr Ihres Wohnwagens bzw. Wohnmobils zu schlie\u00dfen? Oder sind Sie sich nicht mehr sicher, ob Sie vor dem Verlassen alles geschlossen haben? Mit dem E-Switch geh\u00f6rt dies der Vergangenheit an! Erhalten Sie eine Benachrichtigung auf Ihrem Smartphone, wenn noch etwas offen ist.Wie schnell vergisst man eine [&hellip;]\" \/>\n<meta property=\"og:url\" content=\"https:\/\/shop.bantam.ch\/de\/produkt\/e-switch-schloss-fuer-fenster-und-tueren\/\" \/>\n<meta property=\"og:site_name\" content=\"Bantam Camping AG\" \/>\n<meta property=\"article:modified_time\" content=\"2026-04-21T19:32:23+00:00\" \/>\n<meta property=\"og:image\" content=\"https:\/\/shop.bantam.ch\/wp-content\/uploads\/2023\/02\/995666911iOFEml8SVc7jw.jpg\" \/>\n\t<meta property=\"og:image:width\" content=\"1000\" \/>\n\t<meta property=\"og:image:height\" content=\"750\" \/>\n\t<meta property=\"og:image:type\" content=\"image\/jpeg\" \/>\n<meta name=\"twitter:card\" content=\"summary_large_image\" \/>\n<meta name=\"twitter:label1\" content=\"Gesch\u00e4tzte Lesezeit\" \/>\n\t<meta name=\"twitter:data1\" content=\"1\u00a0Minute\" \/>\n<script type=\"application\/ld+json\" class=\"yoast-schema-graph\">{\"@context\":\"https:\\\/\\\/schema.org\",\"@graph\":[{\"@type\":\"WebPage\",\"@id\":\"https:\\\/\\\/shop.bantam.ch\\\/de\\\/produkt\\\/e-switch-schloss-fuer-fenster-und-tueren\\\/\",\"url\":\"https:\\\/\\\/shop.bantam.ch\\\/de\\\/produkt\\\/e-switch-schloss-fuer-fenster-und-tueren\\\/\",\"name\":\"E-Switch E-Trailer Schloss f\u00fcr Fenster und T\u00fcren - Bantam Camping AG\",\"isPartOf\":{\"@id\":\"https:\\\/\\\/shop.bantam.ch\\\/de\\\/#website\"},\"primaryImageOfPage\":{\"@id\":\"https:\\\/\\\/shop.bantam.ch\\\/de\\\/produkt\\\/e-switch-schloss-fuer-fenster-und-tueren\\\/#primaryimage\"},\"image\":{\"@id\":\"https:\\\/\\\/shop.bantam.ch\\\/de\\\/produkt\\\/e-switch-schloss-fuer-fenster-und-tueren\\\/#primaryimage\"},\"thumbnailUrl\":\"https:\\\/\\\/shop.bantam.ch\\\/wp-content\\\/uploads\\\/2023\\\/02\\\/995666911iOFEml8SVc7jw.jpg\",\"datePublished\":\"2023-02-28T04:49:41+00:00\",\"dateModified\":\"2026-04-21T19:32:23+00:00\",\"breadcrumb\":{\"@id\":\"https:\\\/\\\/shop.bantam.ch\\\/de\\\/produkt\\\/e-switch-schloss-fuer-fenster-und-tueren\\\/#breadcrumb\"},\"inLanguage\":\"de\",\"potentialAction\":[{\"@type\":\"ReadAction\",\"target\":[\"https:\\\/\\\/shop.bantam.ch\\\/de\\\/produkt\\\/e-switch-schloss-fuer-fenster-und-tueren\\\/\"]}]},{\"@type\":\"ImageObject\",\"inLanguage\":\"de\",\"@id\":\"https:\\\/\\\/shop.bantam.ch\\\/de\\\/produkt\\\/e-switch-schloss-fuer-fenster-und-tueren\\\/#primaryimage\",\"url\":\"https:\\\/\\\/shop.bantam.ch\\\/wp-content\\\/uploads\\\/2023\\\/02\\\/995666911iOFEml8SVc7jw.jpg\",\"contentUrl\":\"https:\\\/\\\/shop.bantam.ch\\\/wp-content\\\/uploads\\\/2023\\\/02\\\/995666911iOFEml8SVc7jw.jpg\",\"width\":1000,\"height\":750},{\"@type\":\"BreadcrumbList\",\"@id\":\"https:\\\/\\\/shop.bantam.ch\\\/de\\\/produkt\\\/e-switch-schloss-fuer-fenster-und-tueren\\\/#breadcrumb\",\"itemListElement\":[{\"@type\":\"ListItem\",\"position\":1,\"name\":\"Accueil\",\"item\":\"https:\\\/\\\/shop.bantam.ch\\\/de\\\/\"},{\"@type\":\"ListItem\",\"position\":2,\"name\":\"Shop\",\"item\":\"https:\\\/\\\/shop.bantam.ch\\\/de\\\/shop\\\/\"},{\"@type\":\"ListItem\",\"position\":3,\"name\":\"E-Switch E-Trailer Schloss f\u00fcr Fenster und T\u00fcren\"}]},{\"@type\":\"WebSite\",\"@id\":\"https:\\\/\\\/shop.bantam.ch\\\/de\\\/#website\",\"url\":\"https:\\\/\\\/shop.bantam.ch\\\/de\\\/\",\"name\":\"Bantam Camping AG\",\"description\":\"\",\"publisher\":{\"@id\":\"https:\\\/\\\/shop.bantam.ch\\\/de\\\/#organization\"},\"inLanguage\":\"de\"},{\"@type\":\"Organization\",\"@id\":\"https:\\\/\\\/shop.bantam.ch\\\/de\\\/#organization\",\"name\":\"Bantam Camping AG\",\"url\":\"https:\\\/\\\/shop.bantam.ch\\\/de\\\/\",\"logo\":{\"@type\":\"ImageObject\",\"inLanguage\":\"de\",\"@id\":\"https:\\\/\\\/shop.bantam.ch\\\/de\\\/#\\\/schema\\\/logo\\\/image\\\/\",\"url\":\"https:\\\/\\\/shop.bantam.ch\\\/wp-content\\\/uploads\\\/2022\\\/12\\\/bantam-logo.png\",\"contentUrl\":\"https:\\\/\\\/shop.bantam.ch\\\/wp-content\\\/uploads\\\/2022\\\/12\\\/bantam-logo.png\",\"width\":320,\"height\":71,\"caption\":\"Bantam Camping AG\"},\"image\":{\"@id\":\"https:\\\/\\\/shop.bantam.ch\\\/de\\\/#\\\/schema\\\/logo\\\/image\\\/\"}}]}<\/script>\n<!-- \/ Yoast SEO plugin. -->","yoast_head_json":{"title":"E-Switch E-Trailer Schloss f\u00fcr Fenster und T\u00fcren - Bantam Camping AG","robots":{"index":"index","follow":"follow","max-snippet":"max-snippet:-1","max-image-preview":"max-image-preview:large","max-video-preview":"max-video-preview:-1"},"canonical":"https:\/\/shop.bantam.ch\/de\/produkt\/e-switch-schloss-fuer-fenster-und-tueren\/","og_locale":"de_DE","og_type":"article","og_title":"E-Switch E-Trailer Schloss f\u00fcr Fenster und T\u00fcren - Bantam Camping AG","og_description":"Vergessen Sie manchmal ein Fenster, ein Dachfenster oder die T\u00fcr Ihres Wohnwagens bzw. Wohnmobils zu schlie\u00dfen? Oder sind Sie sich nicht mehr sicher, ob Sie vor dem Verlassen alles geschlossen haben? Mit dem E-Switch geh\u00f6rt dies der Vergangenheit an! Erhalten Sie eine Benachrichtigung auf Ihrem Smartphone, wenn noch etwas offen ist.Wie schnell vergisst man eine [&hellip;]","og_url":"https:\/\/shop.bantam.ch\/de\/produkt\/e-switch-schloss-fuer-fenster-und-tueren\/","og_site_name":"Bantam Camping AG","article_modified_time":"2026-04-21T19:32:23+00:00","og_image":[{"width":1000,"height":750,"url":"https:\/\/shop.bantam.ch\/wp-content\/uploads\/2023\/02\/995666911iOFEml8SVc7jw.jpg","type":"image\/jpeg"}],"twitter_card":"summary_large_image","twitter_misc":{"Gesch\u00e4tzte Lesezeit":"1\u00a0Minute"},"schema":{"@context":"https:\/\/schema.org","@graph":[{"@type":"WebPage","@id":"https:\/\/shop.bantam.ch\/de\/produkt\/e-switch-schloss-fuer-fenster-und-tueren\/","url":"https:\/\/shop.bantam.ch\/de\/produkt\/e-switch-schloss-fuer-fenster-und-tueren\/","name":"E-Switch E-Trailer Schloss f\u00fcr Fenster und T\u00fcren - Bantam Camping AG","isPartOf":{"@id":"https:\/\/shop.bantam.ch\/de\/#website"},"primaryImageOfPage":{"@id":"https:\/\/shop.bantam.ch\/de\/produkt\/e-switch-schloss-fuer-fenster-und-tueren\/#primaryimage"},"image":{"@id":"https:\/\/shop.bantam.ch\/de\/produkt\/e-switch-schloss-fuer-fenster-und-tueren\/#primaryimage"},"thumbnailUrl":"https:\/\/shop.bantam.ch\/wp-content\/uploads\/2023\/02\/995666911iOFEml8SVc7jw.jpg","datePublished":"2023-02-28T04:49:41+00:00","dateModified":"2026-04-21T19:32:23+00:00","breadcrumb":{"@id":"https:\/\/shop.bantam.ch\/de\/produkt\/e-switch-schloss-fuer-fenster-und-tueren\/#breadcrumb"},"inLanguage":"de","potentialAction":[{"@type":"ReadAction","target":["https:\/\/shop.bantam.ch\/de\/produkt\/e-switch-schloss-fuer-fenster-und-tueren\/"]}]},{"@type":"ImageObject","inLanguage":"de","@id":"https:\/\/shop.bantam.ch\/de\/produkt\/e-switch-schloss-fuer-fenster-und-tueren\/#primaryimage","url":"https:\/\/shop.bantam.ch\/wp-content\/uploads\/2023\/02\/995666911iOFEml8SVc7jw.jpg","contentUrl":"https:\/\/shop.bantam.ch\/wp-content\/uploads\/2023\/02\/995666911iOFEml8SVc7jw.jpg","width":1000,"height":750},{"@type":"BreadcrumbList","@id":"https:\/\/shop.bantam.ch\/de\/produkt\/e-switch-schloss-fuer-fenster-und-tueren\/#breadcrumb","itemListElement":[{"@type":"ListItem","position":1,"name":"Accueil","item":"https:\/\/shop.bantam.ch\/de\/"},{"@type":"ListItem","position":2,"name":"Shop","item":"https:\/\/shop.bantam.ch\/de\/shop\/"},{"@type":"ListItem","position":3,"name":"E-Switch E-Trailer Schloss f\u00fcr Fenster und T\u00fcren"}]},{"@type":"WebSite","@id":"https:\/\/shop.bantam.ch\/de\/#website","url":"https:\/\/shop.bantam.ch\/de\/","name":"Bantam Camping AG","description":"","publisher":{"@id":"https:\/\/shop.bantam.ch\/de\/#organization"},"inLanguage":"de"},{"@type":"Organization","@id":"https:\/\/shop.bantam.ch\/de\/#organization","name":"Bantam Camping AG","url":"https:\/\/shop.bantam.ch\/de\/","logo":{"@type":"ImageObject","inLanguage":"de","@id":"https:\/\/shop.bantam.ch\/de\/#\/schema\/logo\/image\/","url":"https:\/\/shop.bantam.ch\/wp-content\/uploads\/2022\/12\/bantam-logo.png","contentUrl":"https:\/\/shop.bantam.ch\/wp-content\/uploads\/2022\/12\/bantam-logo.png","width":320,"height":71,"caption":"Bantam Camping AG"},"image":{"@id":"https:\/\/shop.bantam.ch\/de\/#\/schema\/logo\/image\/"}}]}},"_links":{"self":[{"href":"https:\/\/shop.bantam.ch\/de\/wp-json\/wp\/v2\/product\/98156","targetHints":{"allow":["GET"]}}],"collection":[{"href":"https:\/\/shop.bantam.ch\/de\/wp-json\/wp\/v2\/product"}],"about":[{"href":"https:\/\/shop.bantam.ch\/de\/wp-json\/wp\/v2\/types\/product"}],"wp:featuredmedia":[{"embeddable":true,"href":"https:\/\/shop.bantam.ch\/de\/wp-json\/wp\/v2\/media\/98150"}],"wp:attachment":[{"href":"https:\/\/shop.bantam.ch\/de\/wp-json\/wp\/v2\/media?parent=98156"}],"wp:term":[{"taxonomy":"product_featured_cat","embeddable":true,"href":"https:\/\/shop.bantam.ch\/de\/wp-json\/wp\/v2\/product_featured_cat?post=98156"},{"taxonomy":"product_brand","embeddable":true,"href":"https:\/\/shop.bantam.ch\/de\/wp-json\/wp\/v2\/product_brand?post=98156"},{"taxonomy":"product_cat","embeddable":true,"href":"https:\/\/shop.bantam.ch\/de\/wp-json\/wp\/v2\/product_cat?post=98156"},{"taxonomy":"product_tag","embeddable":true,"href":"https:\/\/shop.bantam.ch\/de\/wp-json\/wp\/v2\/product_tag?post=98156"}],"curies":[{"name":"wp","href":"https:\/\/api.w.org\/{rel}","templated":true}]}}