{"id":98090,"date":"2023-02-28T05:48:33","date_gmt":"2023-02-28T04:48:33","guid":{"rendered":"http:\/\/shop.bantam.ch\/produit\/besteckeinsatz-kontura-on-top-messereinsatz\/"},"modified":"2026-04-19T21:33:30","modified_gmt":"2026-04-19T19:33:30","slug":"besteckeinsatz-kontura-on-top-messereinsatz","status":"publish","type":"product","link":"https:\/\/shop.bantam.ch\/de\/produkt\/besteckeinsatz-kontura-on-top-messereinsatz\/","title":{"rendered":"Besteckeinsatz purvario Kontura On-Top Messereinsatz"},"content":{"rendered":"<p>Der Besteckeinsatz ist stapelbar und extrem platzsparend &#8211; somit nutzbar auch f\u00fcr schmale Schubladen!<\/p>\n<ul>\n<li>Konturgenaue F\u00fchrung des Bestecks und somit ger\u00e4uscharm bei der Fahrt<\/li>\n<li>Passgenau f\u00fcr viele Besteckarten<\/li>\n<li>Formstabil<\/li>\n<li>Platzsparend &amp; flexibel einsetzbar<\/li>\n<li>Modulare Verwendung<\/li>\n<li>Kombinierbar mit den Stecksystemen von purvario<\/li>\n<li>Geringes Gewicht<\/li>\n<li>Abwaschbar<\/li>\n<\/ul>\n","protected":false},"excerpt":{"rendered":"<p>Der Besteckeinsatz ist stapelbar und extrem platzsparend &#8211; somit nutzbar auch f\u00fcr schmale Schubladen! Konturgenaue F\u00fchrung des Bestecks und somit ger\u00e4uscharm bei der Fahrt Passgenau f\u00fcr viele Besteckarten Formstabil Platzsparend &amp; flexibel einsetzbar Modulare Verwendung Kombinierbar mit den Stecksystemen von purvario Geringes Gewicht Abwaschbar<\/p>\n","protected":false},"featured_media":98088,"template":"","meta":{"_acf_changed":false},"product_featured_cat":[],"product_brand":[3329],"product_cat":[5150],"product_tag":[],"class_list":{"0":"post-98090","1":"product","2":"type-product","3":"status-publish","4":"has-post-thumbnail","6":"product_brand-purvario-de","7":"product_cat-fixiermodule","9":"first","10":"instock","11":"taxable","12":"shipping-taxable","13":"purchasable","14":"product-type-simple"},"acf":[],"yoast_head":"<!-- This site is optimized with the Yoast SEO plugin v27.4 - https:\/\/yoast.com\/product\/yoast-seo-wordpress\/ -->\n<title>Besteckeinsatz purvario Kontura On-Top Messereinsatz - Bantam Camping AG<\/title>\n<meta name=\"robots\" content=\"index, follow, max-snippet:-1, max-image-preview:large, max-video-preview:-1\" \/>\n<link rel=\"canonical\" href=\"https:\/\/shop.bantam.ch\/de\/produkt\/besteckeinsatz-kontura-on-top-messereinsatz\/\" \/>\n<meta property=\"og:locale\" content=\"de_DE\" \/>\n<meta property=\"og:type\" content=\"article\" \/>\n<meta property=\"og:title\" content=\"Besteckeinsatz purvario Kontura On-Top Messereinsatz - Bantam Camping AG\" \/>\n<meta property=\"og:description\" content=\"Der Besteckeinsatz ist stapelbar und extrem platzsparend &#8211; somit nutzbar auch f\u00fcr schmale Schubladen! Konturgenaue F\u00fchrung des Bestecks und somit ger\u00e4uscharm bei der Fahrt Passgenau f\u00fcr viele Besteckarten Formstabil Platzsparend &amp; flexibel einsetzbar Modulare Verwendung Kombinierbar mit den Stecksystemen von purvario Geringes Gewicht Abwaschbar\" \/>\n<meta property=\"og:url\" content=\"https:\/\/shop.bantam.ch\/de\/produkt\/besteckeinsatz-kontura-on-top-messereinsatz\/\" \/>\n<meta property=\"og:site_name\" content=\"Bantam Camping AG\" \/>\n<meta property=\"article:modified_time\" content=\"2026-04-19T19:33:30+00:00\" \/>\n<meta property=\"og:image\" content=\"https:\/\/shop.bantam.ch\/wp-content\/uploads\/2023\/02\/995661511-scaled.jpg\" \/>\n\t<meta property=\"og:image:width\" content=\"3888\" \/>\n\t<meta property=\"og:image:height\" content=\"1472\" \/>\n\t<meta property=\"og:image:type\" content=\"image\/jpeg\" \/>\n<meta name=\"twitter:card\" content=\"summary_large_image\" \/>\n<script type=\"application\/ld+json\" class=\"yoast-schema-graph\">{\"@context\":\"https:\\\/\\\/schema.org\",\"@graph\":[{\"@type\":\"WebPage\",\"@id\":\"https:\\\/\\\/shop.bantam.ch\\\/de\\\/produkt\\\/besteckeinsatz-kontura-on-top-messereinsatz\\\/\",\"url\":\"https:\\\/\\\/shop.bantam.ch\\\/de\\\/produkt\\\/besteckeinsatz-kontura-on-top-messereinsatz\\\/\",\"name\":\"Besteckeinsatz purvario Kontura On-Top Messereinsatz - Bantam Camping AG\",\"isPartOf\":{\"@id\":\"https:\\\/\\\/shop.bantam.ch\\\/de\\\/#website\"},\"primaryImageOfPage\":{\"@id\":\"https:\\\/\\\/shop.bantam.ch\\\/de\\\/produkt\\\/besteckeinsatz-kontura-on-top-messereinsatz\\\/#primaryimage\"},\"image\":{\"@id\":\"https:\\\/\\\/shop.bantam.ch\\\/de\\\/produkt\\\/besteckeinsatz-kontura-on-top-messereinsatz\\\/#primaryimage\"},\"thumbnailUrl\":\"https:\\\/\\\/shop.bantam.ch\\\/wp-content\\\/uploads\\\/2023\\\/02\\\/995661511-scaled.jpg\",\"datePublished\":\"2023-02-28T04:48:33+00:00\",\"dateModified\":\"2026-04-19T19:33:30+00:00\",\"breadcrumb\":{\"@id\":\"https:\\\/\\\/shop.bantam.ch\\\/de\\\/produkt\\\/besteckeinsatz-kontura-on-top-messereinsatz\\\/#breadcrumb\"},\"inLanguage\":\"de\",\"potentialAction\":[{\"@type\":\"ReadAction\",\"target\":[\"https:\\\/\\\/shop.bantam.ch\\\/de\\\/produkt\\\/besteckeinsatz-kontura-on-top-messereinsatz\\\/\"]}]},{\"@type\":\"ImageObject\",\"inLanguage\":\"de\",\"@id\":\"https:\\\/\\\/shop.bantam.ch\\\/de\\\/produkt\\\/besteckeinsatz-kontura-on-top-messereinsatz\\\/#primaryimage\",\"url\":\"https:\\\/\\\/shop.bantam.ch\\\/wp-content\\\/uploads\\\/2023\\\/02\\\/995661511-scaled.jpg\",\"contentUrl\":\"https:\\\/\\\/shop.bantam.ch\\\/wp-content\\\/uploads\\\/2023\\\/02\\\/995661511-scaled.jpg\",\"width\":2048,\"height\":775},{\"@type\":\"BreadcrumbList\",\"@id\":\"https:\\\/\\\/shop.bantam.ch\\\/de\\\/produkt\\\/besteckeinsatz-kontura-on-top-messereinsatz\\\/#breadcrumb\",\"itemListElement\":[{\"@type\":\"ListItem\",\"position\":1,\"name\":\"Accueil\",\"item\":\"https:\\\/\\\/shop.bantam.ch\\\/de\\\/\"},{\"@type\":\"ListItem\",\"position\":2,\"name\":\"Shop\",\"item\":\"https:\\\/\\\/shop.bantam.ch\\\/de\\\/shop\\\/\"},{\"@type\":\"ListItem\",\"position\":3,\"name\":\"Besteckeinsatz purvario Kontura On-Top Messereinsatz\"}]},{\"@type\":\"WebSite\",\"@id\":\"https:\\\/\\\/shop.bantam.ch\\\/de\\\/#website\",\"url\":\"https:\\\/\\\/shop.bantam.ch\\\/de\\\/\",\"name\":\"Bantam Camping AG\",\"description\":\"\",\"publisher\":{\"@id\":\"https:\\\/\\\/shop.bantam.ch\\\/de\\\/#organization\"},\"inLanguage\":\"de\"},{\"@type\":\"Organization\",\"@id\":\"https:\\\/\\\/shop.bantam.ch\\\/de\\\/#organization\",\"name\":\"Bantam Camping AG\",\"url\":\"https:\\\/\\\/shop.bantam.ch\\\/de\\\/\",\"logo\":{\"@type\":\"ImageObject\",\"inLanguage\":\"de\",\"@id\":\"https:\\\/\\\/shop.bantam.ch\\\/de\\\/#\\\/schema\\\/logo\\\/image\\\/\",\"url\":\"https:\\\/\\\/shop.bantam.ch\\\/wp-content\\\/uploads\\\/2022\\\/12\\\/bantam-logo.png\",\"contentUrl\":\"https:\\\/\\\/shop.bantam.ch\\\/wp-content\\\/uploads\\\/2022\\\/12\\\/bantam-logo.png\",\"width\":320,\"height\":71,\"caption\":\"Bantam Camping AG\"},\"image\":{\"@id\":\"https:\\\/\\\/shop.bantam.ch\\\/de\\\/#\\\/schema\\\/logo\\\/image\\\/\"}}]}<\/script>\n<!-- \/ Yoast SEO plugin. -->","yoast_head_json":{"title":"Besteckeinsatz purvario Kontura On-Top Messereinsatz - Bantam Camping AG","robots":{"index":"index","follow":"follow","max-snippet":"max-snippet:-1","max-image-preview":"max-image-preview:large","max-video-preview":"max-video-preview:-1"},"canonical":"https:\/\/shop.bantam.ch\/de\/produkt\/besteckeinsatz-kontura-on-top-messereinsatz\/","og_locale":"de_DE","og_type":"article","og_title":"Besteckeinsatz purvario Kontura On-Top Messereinsatz - Bantam Camping AG","og_description":"Der Besteckeinsatz ist stapelbar und extrem platzsparend &#8211; somit nutzbar auch f\u00fcr schmale Schubladen! Konturgenaue F\u00fchrung des Bestecks und somit ger\u00e4uscharm bei der Fahrt Passgenau f\u00fcr viele Besteckarten Formstabil Platzsparend &amp; flexibel einsetzbar Modulare Verwendung Kombinierbar mit den Stecksystemen von purvario Geringes Gewicht Abwaschbar","og_url":"https:\/\/shop.bantam.ch\/de\/produkt\/besteckeinsatz-kontura-on-top-messereinsatz\/","og_site_name":"Bantam Camping AG","article_modified_time":"2026-04-19T19:33:30+00:00","og_image":[{"width":3888,"height":1472,"url":"https:\/\/shop.bantam.ch\/wp-content\/uploads\/2023\/02\/995661511-scaled.jpg","type":"image\/jpeg"}],"twitter_card":"summary_large_image","schema":{"@context":"https:\/\/schema.org","@graph":[{"@type":"WebPage","@id":"https:\/\/shop.bantam.ch\/de\/produkt\/besteckeinsatz-kontura-on-top-messereinsatz\/","url":"https:\/\/shop.bantam.ch\/de\/produkt\/besteckeinsatz-kontura-on-top-messereinsatz\/","name":"Besteckeinsatz purvario Kontura On-Top Messereinsatz - Bantam Camping AG","isPartOf":{"@id":"https:\/\/shop.bantam.ch\/de\/#website"},"primaryImageOfPage":{"@id":"https:\/\/shop.bantam.ch\/de\/produkt\/besteckeinsatz-kontura-on-top-messereinsatz\/#primaryimage"},"image":{"@id":"https:\/\/shop.bantam.ch\/de\/produkt\/besteckeinsatz-kontura-on-top-messereinsatz\/#primaryimage"},"thumbnailUrl":"https:\/\/shop.bantam.ch\/wp-content\/uploads\/2023\/02\/995661511-scaled.jpg","datePublished":"2023-02-28T04:48:33+00:00","dateModified":"2026-04-19T19:33:30+00:00","breadcrumb":{"@id":"https:\/\/shop.bantam.ch\/de\/produkt\/besteckeinsatz-kontura-on-top-messereinsatz\/#breadcrumb"},"inLanguage":"de","potentialAction":[{"@type":"ReadAction","target":["https:\/\/shop.bantam.ch\/de\/produkt\/besteckeinsatz-kontura-on-top-messereinsatz\/"]}]},{"@type":"ImageObject","inLanguage":"de","@id":"https:\/\/shop.bantam.ch\/de\/produkt\/besteckeinsatz-kontura-on-top-messereinsatz\/#primaryimage","url":"https:\/\/shop.bantam.ch\/wp-content\/uploads\/2023\/02\/995661511-scaled.jpg","contentUrl":"https:\/\/shop.bantam.ch\/wp-content\/uploads\/2023\/02\/995661511-scaled.jpg","width":2048,"height":775},{"@type":"BreadcrumbList","@id":"https:\/\/shop.bantam.ch\/de\/produkt\/besteckeinsatz-kontura-on-top-messereinsatz\/#breadcrumb","itemListElement":[{"@type":"ListItem","position":1,"name":"Accueil","item":"https:\/\/shop.bantam.ch\/de\/"},{"@type":"ListItem","position":2,"name":"Shop","item":"https:\/\/shop.bantam.ch\/de\/shop\/"},{"@type":"ListItem","position":3,"name":"Besteckeinsatz purvario Kontura On-Top Messereinsatz"}]},{"@type":"WebSite","@id":"https:\/\/shop.bantam.ch\/de\/#website","url":"https:\/\/shop.bantam.ch\/de\/","name":"Bantam Camping AG","description":"","publisher":{"@id":"https:\/\/shop.bantam.ch\/de\/#organization"},"inLanguage":"de"},{"@type":"Organization","@id":"https:\/\/shop.bantam.ch\/de\/#organization","name":"Bantam Camping AG","url":"https:\/\/shop.bantam.ch\/de\/","logo":{"@type":"ImageObject","inLanguage":"de","@id":"https:\/\/shop.bantam.ch\/de\/#\/schema\/logo\/image\/","url":"https:\/\/shop.bantam.ch\/wp-content\/uploads\/2022\/12\/bantam-logo.png","contentUrl":"https:\/\/shop.bantam.ch\/wp-content\/uploads\/2022\/12\/bantam-logo.png","width":320,"height":71,"caption":"Bantam Camping AG"},"image":{"@id":"https:\/\/shop.bantam.ch\/de\/#\/schema\/logo\/image\/"}}]}},"_links":{"self":[{"href":"https:\/\/shop.bantam.ch\/de\/wp-json\/wp\/v2\/product\/98090","targetHints":{"allow":["GET"]}}],"collection":[{"href":"https:\/\/shop.bantam.ch\/de\/wp-json\/wp\/v2\/product"}],"about":[{"href":"https:\/\/shop.bantam.ch\/de\/wp-json\/wp\/v2\/types\/product"}],"wp:featuredmedia":[{"embeddable":true,"href":"https:\/\/shop.bantam.ch\/de\/wp-json\/wp\/v2\/media\/98088"}],"wp:attachment":[{"href":"https:\/\/shop.bantam.ch\/de\/wp-json\/wp\/v2\/media?parent=98090"}],"wp:term":[{"taxonomy":"product_featured_cat","embeddable":true,"href":"https:\/\/shop.bantam.ch\/de\/wp-json\/wp\/v2\/product_featured_cat?post=98090"},{"taxonomy":"product_brand","embeddable":true,"href":"https:\/\/shop.bantam.ch\/de\/wp-json\/wp\/v2\/product_brand?post=98090"},{"taxonomy":"product_cat","embeddable":true,"href":"https:\/\/shop.bantam.ch\/de\/wp-json\/wp\/v2\/product_cat?post=98090"},{"taxonomy":"product_tag","embeddable":true,"href":"https:\/\/shop.bantam.ch\/de\/wp-json\/wp\/v2\/product_tag?post=98090"}],"curies":[{"name":"wp","href":"https:\/\/api.w.org\/{rel}","templated":true}]}}