{"id":98082,"date":"2023-02-28T05:48:22","date_gmt":"2023-02-28T04:48:22","guid":{"rendered":"http:\/\/shop.bantam.ch\/produit\/tellerhalter-ekkoo\/"},"modified":"2026-05-09T21:31:11","modified_gmt":"2026-05-09T19:31:11","slug":"tellerhalter-ekkoo","status":"publish","type":"product","link":"https:\/\/shop.bantam.ch\/de\/produkt\/tellerhalter-ekkoo\/","title":{"rendered":"Tellerhalter purvario EKKOO"},"content":{"rendered":"<p>Passende Formf\u00fchrung der Teller an 2 Seiten. Die abfallende Auflagefl\u00e4che sichert zus\u00e4tzlich die Teller. Optimaler Zugriff auf die Teller durch den frontalen Einschub. Teller werden \u00fcbereinandergestapelt transportiert. 2-fach Einteilung f\u00fcr die Ablage der Teller. Die Rillenerh\u00f6hung und Au\u00dfenkante an den beiden Auflagefl\u00e4chen sowie die Verst\u00e4rkung an den Au\u00dfenseiten sorgen f\u00fcr bessere Standsicherheit. F\u00fcr mehr Platz im Schrank und bruchsicheres Transportieren. Einfaches Zusammenstecken der Einzelbestandteile. Der Tellerhalter EKKOO wird mit Bohrungsl\u00f6cher an den Seitenw\u00e4nden angeboten, so dass die M\u00f6glichkeit der Befestigung an den Schrankw\u00e4nden besteht.<\/p>\n","protected":false},"excerpt":{"rendered":"<p>Passende Formf\u00fchrung der Teller an 2 Seiten. Die abfallende Auflagefl\u00e4che sichert zus\u00e4tzlich die Teller. Optimaler Zugriff auf die Teller durch den frontalen Einschub. Teller werden \u00fcbereinandergestapelt transportiert. 2-fach Einteilung f\u00fcr die Ablage der Teller. Die Rillenerh\u00f6hung und Au\u00dfenkante an den beiden Auflagefl\u00e4chen sowie die Verst\u00e4rkung an den Au\u00dfenseiten sorgen f\u00fcr bessere Standsicherheit. F\u00fcr mehr Platz [&hellip;]<\/p>\n","protected":false},"featured_media":98070,"template":"","meta":{"_acf_changed":false},"product_featured_cat":[],"product_brand":[3329],"product_cat":[5150],"product_tag":[],"class_list":{"0":"post-98082","1":"product","2":"type-product","3":"status-publish","4":"has-post-thumbnail","6":"product_brand-purvario-de","7":"product_cat-fixiermodule","9":"first","10":"instock","11":"taxable","12":"shipping-taxable","13":"purchasable","14":"product-type-simple"},"acf":[],"yoast_head":"<!-- This site is optimized with the Yoast SEO plugin v27.5 - https:\/\/yoast.com\/product\/yoast-seo-wordpress\/ -->\n<title>Tellerhalter purvario EKKOO - Bantam<\/title>\n<meta name=\"robots\" content=\"index, follow, max-snippet:-1, max-image-preview:large, max-video-preview:-1\" \/>\n<link rel=\"canonical\" href=\"https:\/\/shop.bantam.ch\/de\/produkt\/tellerhalter-ekkoo\/\" \/>\n<meta property=\"og:locale\" content=\"de_DE\" \/>\n<meta property=\"og:type\" content=\"article\" \/>\n<meta property=\"og:title\" content=\"Tellerhalter purvario EKKOO - Bantam\" \/>\n<meta property=\"og:description\" content=\"Passende Formf\u00fchrung der Teller an 2 Seiten. Die abfallende Auflagefl\u00e4che sichert zus\u00e4tzlich die Teller. Optimaler Zugriff auf die Teller durch den frontalen Einschub. Teller werden \u00fcbereinandergestapelt transportiert. 2-fach Einteilung f\u00fcr die Ablage der Teller. Die Rillenerh\u00f6hung und Au\u00dfenkante an den beiden Auflagefl\u00e4chen sowie die Verst\u00e4rkung an den Au\u00dfenseiten sorgen f\u00fcr bessere Standsicherheit. F\u00fcr mehr Platz [&hellip;]\" \/>\n<meta property=\"og:url\" content=\"https:\/\/shop.bantam.ch\/de\/produkt\/tellerhalter-ekkoo\/\" \/>\n<meta property=\"og:site_name\" content=\"Bantam\" \/>\n<meta property=\"article:modified_time\" content=\"2026-05-09T19:31:11+00:00\" \/>\n<meta property=\"og:image\" content=\"https:\/\/shop.bantam.ch\/wp-content\/uploads\/2023\/02\/995661213-scaled.jpg\" \/>\n\t<meta property=\"og:image:width\" content=\"3277\" \/>\n\t<meta property=\"og:image:height\" content=\"2592\" \/>\n\t<meta property=\"og:image:type\" content=\"image\/jpeg\" \/>\n<meta name=\"twitter:card\" content=\"summary_large_image\" \/>\n<script type=\"application\/ld+json\" class=\"yoast-schema-graph\">{\"@context\":\"https:\\\/\\\/schema.org\",\"@graph\":[{\"@type\":\"WebPage\",\"@id\":\"https:\\\/\\\/shop.bantam.ch\\\/de\\\/produkt\\\/tellerhalter-ekkoo\\\/\",\"url\":\"https:\\\/\\\/shop.bantam.ch\\\/de\\\/produkt\\\/tellerhalter-ekkoo\\\/\",\"name\":\"Tellerhalter purvario EKKOO - Bantam\",\"isPartOf\":{\"@id\":\"https:\\\/\\\/shop.bantam.ch\\\/de\\\/#website\"},\"primaryImageOfPage\":{\"@id\":\"https:\\\/\\\/shop.bantam.ch\\\/de\\\/produkt\\\/tellerhalter-ekkoo\\\/#primaryimage\"},\"image\":{\"@id\":\"https:\\\/\\\/shop.bantam.ch\\\/de\\\/produkt\\\/tellerhalter-ekkoo\\\/#primaryimage\"},\"thumbnailUrl\":\"https:\\\/\\\/shop.bantam.ch\\\/wp-content\\\/uploads\\\/2023\\\/02\\\/995661213-scaled.jpg\",\"datePublished\":\"2023-02-28T04:48:22+00:00\",\"dateModified\":\"2026-05-09T19:31:11+00:00\",\"breadcrumb\":{\"@id\":\"https:\\\/\\\/shop.bantam.ch\\\/de\\\/produkt\\\/tellerhalter-ekkoo\\\/#breadcrumb\"},\"inLanguage\":\"de\",\"potentialAction\":[{\"@type\":\"ReadAction\",\"target\":[\"https:\\\/\\\/shop.bantam.ch\\\/de\\\/produkt\\\/tellerhalter-ekkoo\\\/\"]}]},{\"@type\":\"ImageObject\",\"inLanguage\":\"de\",\"@id\":\"https:\\\/\\\/shop.bantam.ch\\\/de\\\/produkt\\\/tellerhalter-ekkoo\\\/#primaryimage\",\"url\":\"https:\\\/\\\/shop.bantam.ch\\\/wp-content\\\/uploads\\\/2023\\\/02\\\/995661213-scaled.jpg\",\"contentUrl\":\"https:\\\/\\\/shop.bantam.ch\\\/wp-content\\\/uploads\\\/2023\\\/02\\\/995661213-scaled.jpg\",\"width\":2048,\"height\":1620},{\"@type\":\"BreadcrumbList\",\"@id\":\"https:\\\/\\\/shop.bantam.ch\\\/de\\\/produkt\\\/tellerhalter-ekkoo\\\/#breadcrumb\",\"itemListElement\":[{\"@type\":\"ListItem\",\"position\":1,\"name\":\"Accueil\",\"item\":\"https:\\\/\\\/shop.bantam.ch\\\/de\\\/\"},{\"@type\":\"ListItem\",\"position\":2,\"name\":\"Shop\",\"item\":\"https:\\\/\\\/shop.bantam.ch\\\/de\\\/shop\\\/\"},{\"@type\":\"ListItem\",\"position\":3,\"name\":\"Tellerhalter purvario EKKOO\"}]},{\"@type\":\"WebSite\",\"@id\":\"https:\\\/\\\/shop.bantam.ch\\\/de\\\/#website\",\"url\":\"https:\\\/\\\/shop.bantam.ch\\\/de\\\/\",\"name\":\"Bantam\",\"description\":\"\",\"publisher\":{\"@id\":\"https:\\\/\\\/shop.bantam.ch\\\/de\\\/#organization\"},\"inLanguage\":\"de\"},{\"@type\":\"Organization\",\"@id\":\"https:\\\/\\\/shop.bantam.ch\\\/de\\\/#organization\",\"name\":\"Bantam\",\"url\":\"https:\\\/\\\/shop.bantam.ch\\\/de\\\/\",\"logo\":{\"@type\":\"ImageObject\",\"inLanguage\":\"de\",\"@id\":\"https:\\\/\\\/shop.bantam.ch\\\/de\\\/#\\\/schema\\\/logo\\\/image\\\/\",\"url\":\"https:\\\/\\\/shop.bantam.ch\\\/wp-content\\\/uploads\\\/2022\\\/12\\\/bantam-logo.png\",\"contentUrl\":\"https:\\\/\\\/shop.bantam.ch\\\/wp-content\\\/uploads\\\/2022\\\/12\\\/bantam-logo.png\",\"width\":320,\"height\":71,\"caption\":\"Bantam\"},\"image\":{\"@id\":\"https:\\\/\\\/shop.bantam.ch\\\/de\\\/#\\\/schema\\\/logo\\\/image\\\/\"}}]}<\/script>\n<!-- \/ Yoast SEO plugin. -->","yoast_head_json":{"title":"Tellerhalter purvario EKKOO - Bantam","robots":{"index":"index","follow":"follow","max-snippet":"max-snippet:-1","max-image-preview":"max-image-preview:large","max-video-preview":"max-video-preview:-1"},"canonical":"https:\/\/shop.bantam.ch\/de\/produkt\/tellerhalter-ekkoo\/","og_locale":"de_DE","og_type":"article","og_title":"Tellerhalter purvario EKKOO - Bantam","og_description":"Passende Formf\u00fchrung der Teller an 2 Seiten. Die abfallende Auflagefl\u00e4che sichert zus\u00e4tzlich die Teller. Optimaler Zugriff auf die Teller durch den frontalen Einschub. Teller werden \u00fcbereinandergestapelt transportiert. 2-fach Einteilung f\u00fcr die Ablage der Teller. Die Rillenerh\u00f6hung und Au\u00dfenkante an den beiden Auflagefl\u00e4chen sowie die Verst\u00e4rkung an den Au\u00dfenseiten sorgen f\u00fcr bessere Standsicherheit. F\u00fcr mehr Platz [&hellip;]","og_url":"https:\/\/shop.bantam.ch\/de\/produkt\/tellerhalter-ekkoo\/","og_site_name":"Bantam","article_modified_time":"2026-05-09T19:31:11+00:00","og_image":[{"width":3277,"height":2592,"url":"https:\/\/shop.bantam.ch\/wp-content\/uploads\/2023\/02\/995661213-scaled.jpg","type":"image\/jpeg"}],"twitter_card":"summary_large_image","schema":{"@context":"https:\/\/schema.org","@graph":[{"@type":"WebPage","@id":"https:\/\/shop.bantam.ch\/de\/produkt\/tellerhalter-ekkoo\/","url":"https:\/\/shop.bantam.ch\/de\/produkt\/tellerhalter-ekkoo\/","name":"Tellerhalter purvario EKKOO - Bantam","isPartOf":{"@id":"https:\/\/shop.bantam.ch\/de\/#website"},"primaryImageOfPage":{"@id":"https:\/\/shop.bantam.ch\/de\/produkt\/tellerhalter-ekkoo\/#primaryimage"},"image":{"@id":"https:\/\/shop.bantam.ch\/de\/produkt\/tellerhalter-ekkoo\/#primaryimage"},"thumbnailUrl":"https:\/\/shop.bantam.ch\/wp-content\/uploads\/2023\/02\/995661213-scaled.jpg","datePublished":"2023-02-28T04:48:22+00:00","dateModified":"2026-05-09T19:31:11+00:00","breadcrumb":{"@id":"https:\/\/shop.bantam.ch\/de\/produkt\/tellerhalter-ekkoo\/#breadcrumb"},"inLanguage":"de","potentialAction":[{"@type":"ReadAction","target":["https:\/\/shop.bantam.ch\/de\/produkt\/tellerhalter-ekkoo\/"]}]},{"@type":"ImageObject","inLanguage":"de","@id":"https:\/\/shop.bantam.ch\/de\/produkt\/tellerhalter-ekkoo\/#primaryimage","url":"https:\/\/shop.bantam.ch\/wp-content\/uploads\/2023\/02\/995661213-scaled.jpg","contentUrl":"https:\/\/shop.bantam.ch\/wp-content\/uploads\/2023\/02\/995661213-scaled.jpg","width":2048,"height":1620},{"@type":"BreadcrumbList","@id":"https:\/\/shop.bantam.ch\/de\/produkt\/tellerhalter-ekkoo\/#breadcrumb","itemListElement":[{"@type":"ListItem","position":1,"name":"Accueil","item":"https:\/\/shop.bantam.ch\/de\/"},{"@type":"ListItem","position":2,"name":"Shop","item":"https:\/\/shop.bantam.ch\/de\/shop\/"},{"@type":"ListItem","position":3,"name":"Tellerhalter purvario EKKOO"}]},{"@type":"WebSite","@id":"https:\/\/shop.bantam.ch\/de\/#website","url":"https:\/\/shop.bantam.ch\/de\/","name":"Bantam","description":"","publisher":{"@id":"https:\/\/shop.bantam.ch\/de\/#organization"},"inLanguage":"de"},{"@type":"Organization","@id":"https:\/\/shop.bantam.ch\/de\/#organization","name":"Bantam","url":"https:\/\/shop.bantam.ch\/de\/","logo":{"@type":"ImageObject","inLanguage":"de","@id":"https:\/\/shop.bantam.ch\/de\/#\/schema\/logo\/image\/","url":"https:\/\/shop.bantam.ch\/wp-content\/uploads\/2022\/12\/bantam-logo.png","contentUrl":"https:\/\/shop.bantam.ch\/wp-content\/uploads\/2022\/12\/bantam-logo.png","width":320,"height":71,"caption":"Bantam"},"image":{"@id":"https:\/\/shop.bantam.ch\/de\/#\/schema\/logo\/image\/"}}]}},"_links":{"self":[{"href":"https:\/\/shop.bantam.ch\/de\/wp-json\/wp\/v2\/product\/98082","targetHints":{"allow":["GET"]}}],"collection":[{"href":"https:\/\/shop.bantam.ch\/de\/wp-json\/wp\/v2\/product"}],"about":[{"href":"https:\/\/shop.bantam.ch\/de\/wp-json\/wp\/v2\/types\/product"}],"wp:featuredmedia":[{"embeddable":true,"href":"https:\/\/shop.bantam.ch\/de\/wp-json\/wp\/v2\/media\/98070"}],"wp:attachment":[{"href":"https:\/\/shop.bantam.ch\/de\/wp-json\/wp\/v2\/media?parent=98082"}],"wp:term":[{"taxonomy":"product_featured_cat","embeddable":true,"href":"https:\/\/shop.bantam.ch\/de\/wp-json\/wp\/v2\/product_featured_cat?post=98082"},{"taxonomy":"product_brand","embeddable":true,"href":"https:\/\/shop.bantam.ch\/de\/wp-json\/wp\/v2\/product_brand?post=98082"},{"taxonomy":"product_cat","embeddable":true,"href":"https:\/\/shop.bantam.ch\/de\/wp-json\/wp\/v2\/product_cat?post=98082"},{"taxonomy":"product_tag","embeddable":true,"href":"https:\/\/shop.bantam.ch\/de\/wp-json\/wp\/v2\/product_tag?post=98082"}],"curies":[{"name":"wp","href":"https:\/\/api.w.org\/{rel}","templated":true}]}}