{"id":98046,"date":"2023-02-28T05:47:50","date_gmt":"2023-02-28T04:47:50","guid":{"rendered":"http:\/\/shop.bantam.ch\/produit\/silikonform-muffin-tab-6-er\/"},"modified":"2026-04-19T21:33:29","modified_gmt":"2026-04-19T19:33:29","slug":"silikonform-muffin-tab-6-er","status":"publish","type":"product","link":"https:\/\/shop.bantam.ch\/de\/produkt\/silikonform-muffin-tab-6-er\/","title":{"rendered":"Silikonform OMNIA Muffin Tab 6-er"},"content":{"rendered":"<p>Die faltbare, flexible Muffinform ist platzsparend und gew\u00e4hrleistet ein leichtes Bef\u00fcllen und optimales Herausl\u00f6sen des Backguts. Mit Beispielrezepten.<br \/>\u00a0 <br \/><strong>Muffins erfreuen sich immer gr\u00f6\u00dferer Beliebtheit<\/strong><br \/>Mit dem neuen flexiblen Silikon Muffin-Tab lassen sich bis zu 6 Muffins jeglicher Art gleichzeitig backen. Ob s\u00fc\u00df oder pikant &#8211; in K\u00fcrze l\u00e4sst sich feines Fingerfood zaubern und obendrein leicht und formsch\u00f6n, mit dem pop-out Effekt, aus der Form dr\u00fccken. Die anschlie\u00dfende Reinigung geht spielend einfach, dank der glatten Oberfl\u00e4che, keine Rillen. Nach Gebrauch die Form einfach und vollst\u00e4ndig zusammenfalten, somit ist sie besonders platzsparend.<br \/>Jeder Packung sind einige Beispielrezepte beigef\u00fcgt.<\/p>\n<p>Die Silikon-Backform braucht in der Regel nicht eingefettet zu werden. Das Material ist lebensmittelecht, geschmacksneutral und fruchts\u00e4urebest\u00e4ndig. Die Oberfl\u00e4che ist leicht zu reinigen &#8211; die Form ist sp\u00fclmaschinenfest. <\/p>\n<p>Zusammen mit dem OMNIA Backofen kann die Silikonform auf fast allen Herden verwendet werden, sogar \u00fcber offenem Feuer. Es gibt nichts, was sie in den Formen nicht zubereiten k\u00f6nnen, um ihrer Familie oder ihren Freunden eine Freude zu bereiten.<\/p>\n<p>Temperaturbest\u00e4ndig von -60\u00b0C bis +260\u00b0C<\/p>\n","protected":false},"excerpt":{"rendered":"<p>Die faltbare, flexible Muffinform ist platzsparend und gew\u00e4hrleistet ein leichtes Bef\u00fcllen und optimales Herausl\u00f6sen des Backguts. Mit Beispielrezepten.\u00a0 Muffins erfreuen sich immer gr\u00f6\u00dferer BeliebtheitMit dem neuen flexiblen Silikon Muffin-Tab lassen sich bis zu 6 Muffins jeglicher Art gleichzeitig backen. Ob s\u00fc\u00df oder pikant &#8211; in K\u00fcrze l\u00e4sst sich feines Fingerfood zaubern und obendrein leicht und [&hellip;]<\/p>\n","protected":false},"featured_media":98040,"template":"","meta":{"_acf_changed":false},"product_featured_cat":[],"product_brand":[3293],"product_cat":[4340,4338,4342],"product_tag":[],"class_list":{"0":"post-98046","1":"product","2":"type-product","3":"status-publish","4":"has-post-thumbnail","6":"product_brand-omnia-de","7":"product_cat-grillzubehoer","8":"product_cat-zubehoer-fuer-kochgeschirr","9":"product_cat-zubehoer-kocher","11":"first","12":"instock","13":"taxable","14":"shipping-taxable","15":"purchasable","16":"product-type-simple"},"acf":[],"yoast_head":"<!-- This site is optimized with the Yoast SEO plugin v27.4 - https:\/\/yoast.com\/product\/yoast-seo-wordpress\/ -->\n<title>Silikonform OMNIA Muffin Tab 6-er - Bantam Camping AG<\/title>\n<meta name=\"robots\" content=\"index, follow, max-snippet:-1, max-image-preview:large, max-video-preview:-1\" \/>\n<link rel=\"canonical\" href=\"https:\/\/shop.bantam.ch\/de\/produkt\/silikonform-muffin-tab-6-er\/\" \/>\n<meta property=\"og:locale\" content=\"de_DE\" \/>\n<meta property=\"og:type\" content=\"article\" \/>\n<meta property=\"og:title\" content=\"Silikonform OMNIA Muffin Tab 6-er - Bantam Camping AG\" \/>\n<meta property=\"og:description\" content=\"Die faltbare, flexible Muffinform ist platzsparend und gew\u00e4hrleistet ein leichtes Bef\u00fcllen und optimales Herausl\u00f6sen des Backguts. Mit Beispielrezepten.\u00a0 Muffins erfreuen sich immer gr\u00f6\u00dferer BeliebtheitMit dem neuen flexiblen Silikon Muffin-Tab lassen sich bis zu 6 Muffins jeglicher Art gleichzeitig backen. Ob s\u00fc\u00df oder pikant &#8211; in K\u00fcrze l\u00e4sst sich feines Fingerfood zaubern und obendrein leicht und [&hellip;]\" \/>\n<meta property=\"og:url\" content=\"https:\/\/shop.bantam.ch\/de\/produkt\/silikonform-muffin-tab-6-er\/\" \/>\n<meta property=\"og:site_name\" content=\"Bantam Camping AG\" \/>\n<meta property=\"article:modified_time\" content=\"2026-04-19T19:33:29+00:00\" \/>\n<meta property=\"og:image\" content=\"https:\/\/shop.bantam.ch\/wp-content\/uploads\/2023\/02\/994346371-scaled.jpg\" \/>\n\t<meta property=\"og:image:width\" content=\"2362\" \/>\n\t<meta property=\"og:image:height\" content=\"1919\" \/>\n\t<meta property=\"og:image:type\" content=\"image\/jpeg\" \/>\n<meta name=\"twitter:card\" content=\"summary_large_image\" \/>\n<meta name=\"twitter:label1\" content=\"Gesch\u00e4tzte Lesezeit\" \/>\n\t<meta name=\"twitter:data1\" content=\"1\u00a0Minute\" \/>\n<script type=\"application\/ld+json\" class=\"yoast-schema-graph\">{\"@context\":\"https:\\\/\\\/schema.org\",\"@graph\":[{\"@type\":\"WebPage\",\"@id\":\"https:\\\/\\\/shop.bantam.ch\\\/de\\\/produkt\\\/silikonform-muffin-tab-6-er\\\/\",\"url\":\"https:\\\/\\\/shop.bantam.ch\\\/de\\\/produkt\\\/silikonform-muffin-tab-6-er\\\/\",\"name\":\"Silikonform OMNIA Muffin Tab 6-er - Bantam Camping AG\",\"isPartOf\":{\"@id\":\"https:\\\/\\\/shop.bantam.ch\\\/de\\\/#website\"},\"primaryImageOfPage\":{\"@id\":\"https:\\\/\\\/shop.bantam.ch\\\/de\\\/produkt\\\/silikonform-muffin-tab-6-er\\\/#primaryimage\"},\"image\":{\"@id\":\"https:\\\/\\\/shop.bantam.ch\\\/de\\\/produkt\\\/silikonform-muffin-tab-6-er\\\/#primaryimage\"},\"thumbnailUrl\":\"https:\\\/\\\/shop.bantam.ch\\\/wp-content\\\/uploads\\\/2023\\\/02\\\/994346371-scaled.jpg\",\"datePublished\":\"2023-02-28T04:47:50+00:00\",\"dateModified\":\"2026-04-19T19:33:29+00:00\",\"breadcrumb\":{\"@id\":\"https:\\\/\\\/shop.bantam.ch\\\/de\\\/produkt\\\/silikonform-muffin-tab-6-er\\\/#breadcrumb\"},\"inLanguage\":\"de\",\"potentialAction\":[{\"@type\":\"ReadAction\",\"target\":[\"https:\\\/\\\/shop.bantam.ch\\\/de\\\/produkt\\\/silikonform-muffin-tab-6-er\\\/\"]}]},{\"@type\":\"ImageObject\",\"inLanguage\":\"de\",\"@id\":\"https:\\\/\\\/shop.bantam.ch\\\/de\\\/produkt\\\/silikonform-muffin-tab-6-er\\\/#primaryimage\",\"url\":\"https:\\\/\\\/shop.bantam.ch\\\/wp-content\\\/uploads\\\/2023\\\/02\\\/994346371-scaled.jpg\",\"contentUrl\":\"https:\\\/\\\/shop.bantam.ch\\\/wp-content\\\/uploads\\\/2023\\\/02\\\/994346371-scaled.jpg\",\"width\":2048,\"height\":1664},{\"@type\":\"BreadcrumbList\",\"@id\":\"https:\\\/\\\/shop.bantam.ch\\\/de\\\/produkt\\\/silikonform-muffin-tab-6-er\\\/#breadcrumb\",\"itemListElement\":[{\"@type\":\"ListItem\",\"position\":1,\"name\":\"Accueil\",\"item\":\"https:\\\/\\\/shop.bantam.ch\\\/de\\\/\"},{\"@type\":\"ListItem\",\"position\":2,\"name\":\"Shop\",\"item\":\"https:\\\/\\\/shop.bantam.ch\\\/de\\\/shop\\\/\"},{\"@type\":\"ListItem\",\"position\":3,\"name\":\"Silikonform OMNIA Muffin Tab 6-er\"}]},{\"@type\":\"WebSite\",\"@id\":\"https:\\\/\\\/shop.bantam.ch\\\/de\\\/#website\",\"url\":\"https:\\\/\\\/shop.bantam.ch\\\/de\\\/\",\"name\":\"Bantam Camping AG\",\"description\":\"\",\"publisher\":{\"@id\":\"https:\\\/\\\/shop.bantam.ch\\\/de\\\/#organization\"},\"inLanguage\":\"de\"},{\"@type\":\"Organization\",\"@id\":\"https:\\\/\\\/shop.bantam.ch\\\/de\\\/#organization\",\"name\":\"Bantam Camping AG\",\"url\":\"https:\\\/\\\/shop.bantam.ch\\\/de\\\/\",\"logo\":{\"@type\":\"ImageObject\",\"inLanguage\":\"de\",\"@id\":\"https:\\\/\\\/shop.bantam.ch\\\/de\\\/#\\\/schema\\\/logo\\\/image\\\/\",\"url\":\"https:\\\/\\\/shop.bantam.ch\\\/wp-content\\\/uploads\\\/2022\\\/12\\\/bantam-logo.png\",\"contentUrl\":\"https:\\\/\\\/shop.bantam.ch\\\/wp-content\\\/uploads\\\/2022\\\/12\\\/bantam-logo.png\",\"width\":320,\"height\":71,\"caption\":\"Bantam Camping AG\"},\"image\":{\"@id\":\"https:\\\/\\\/shop.bantam.ch\\\/de\\\/#\\\/schema\\\/logo\\\/image\\\/\"}}]}<\/script>\n<!-- \/ Yoast SEO plugin. -->","yoast_head_json":{"title":"Silikonform OMNIA Muffin Tab 6-er - Bantam Camping AG","robots":{"index":"index","follow":"follow","max-snippet":"max-snippet:-1","max-image-preview":"max-image-preview:large","max-video-preview":"max-video-preview:-1"},"canonical":"https:\/\/shop.bantam.ch\/de\/produkt\/silikonform-muffin-tab-6-er\/","og_locale":"de_DE","og_type":"article","og_title":"Silikonform OMNIA Muffin Tab 6-er - Bantam Camping AG","og_description":"Die faltbare, flexible Muffinform ist platzsparend und gew\u00e4hrleistet ein leichtes Bef\u00fcllen und optimales Herausl\u00f6sen des Backguts. Mit Beispielrezepten.\u00a0 Muffins erfreuen sich immer gr\u00f6\u00dferer BeliebtheitMit dem neuen flexiblen Silikon Muffin-Tab lassen sich bis zu 6 Muffins jeglicher Art gleichzeitig backen. Ob s\u00fc\u00df oder pikant &#8211; in K\u00fcrze l\u00e4sst sich feines Fingerfood zaubern und obendrein leicht und [&hellip;]","og_url":"https:\/\/shop.bantam.ch\/de\/produkt\/silikonform-muffin-tab-6-er\/","og_site_name":"Bantam Camping AG","article_modified_time":"2026-04-19T19:33:29+00:00","og_image":[{"width":2362,"height":1919,"url":"https:\/\/shop.bantam.ch\/wp-content\/uploads\/2023\/02\/994346371-scaled.jpg","type":"image\/jpeg"}],"twitter_card":"summary_large_image","twitter_misc":{"Gesch\u00e4tzte Lesezeit":"1\u00a0Minute"},"schema":{"@context":"https:\/\/schema.org","@graph":[{"@type":"WebPage","@id":"https:\/\/shop.bantam.ch\/de\/produkt\/silikonform-muffin-tab-6-er\/","url":"https:\/\/shop.bantam.ch\/de\/produkt\/silikonform-muffin-tab-6-er\/","name":"Silikonform OMNIA Muffin Tab 6-er - Bantam Camping AG","isPartOf":{"@id":"https:\/\/shop.bantam.ch\/de\/#website"},"primaryImageOfPage":{"@id":"https:\/\/shop.bantam.ch\/de\/produkt\/silikonform-muffin-tab-6-er\/#primaryimage"},"image":{"@id":"https:\/\/shop.bantam.ch\/de\/produkt\/silikonform-muffin-tab-6-er\/#primaryimage"},"thumbnailUrl":"https:\/\/shop.bantam.ch\/wp-content\/uploads\/2023\/02\/994346371-scaled.jpg","datePublished":"2023-02-28T04:47:50+00:00","dateModified":"2026-04-19T19:33:29+00:00","breadcrumb":{"@id":"https:\/\/shop.bantam.ch\/de\/produkt\/silikonform-muffin-tab-6-er\/#breadcrumb"},"inLanguage":"de","potentialAction":[{"@type":"ReadAction","target":["https:\/\/shop.bantam.ch\/de\/produkt\/silikonform-muffin-tab-6-er\/"]}]},{"@type":"ImageObject","inLanguage":"de","@id":"https:\/\/shop.bantam.ch\/de\/produkt\/silikonform-muffin-tab-6-er\/#primaryimage","url":"https:\/\/shop.bantam.ch\/wp-content\/uploads\/2023\/02\/994346371-scaled.jpg","contentUrl":"https:\/\/shop.bantam.ch\/wp-content\/uploads\/2023\/02\/994346371-scaled.jpg","width":2048,"height":1664},{"@type":"BreadcrumbList","@id":"https:\/\/shop.bantam.ch\/de\/produkt\/silikonform-muffin-tab-6-er\/#breadcrumb","itemListElement":[{"@type":"ListItem","position":1,"name":"Accueil","item":"https:\/\/shop.bantam.ch\/de\/"},{"@type":"ListItem","position":2,"name":"Shop","item":"https:\/\/shop.bantam.ch\/de\/shop\/"},{"@type":"ListItem","position":3,"name":"Silikonform OMNIA Muffin Tab 6-er"}]},{"@type":"WebSite","@id":"https:\/\/shop.bantam.ch\/de\/#website","url":"https:\/\/shop.bantam.ch\/de\/","name":"Bantam Camping AG","description":"","publisher":{"@id":"https:\/\/shop.bantam.ch\/de\/#organization"},"inLanguage":"de"},{"@type":"Organization","@id":"https:\/\/shop.bantam.ch\/de\/#organization","name":"Bantam Camping AG","url":"https:\/\/shop.bantam.ch\/de\/","logo":{"@type":"ImageObject","inLanguage":"de","@id":"https:\/\/shop.bantam.ch\/de\/#\/schema\/logo\/image\/","url":"https:\/\/shop.bantam.ch\/wp-content\/uploads\/2022\/12\/bantam-logo.png","contentUrl":"https:\/\/shop.bantam.ch\/wp-content\/uploads\/2022\/12\/bantam-logo.png","width":320,"height":71,"caption":"Bantam Camping AG"},"image":{"@id":"https:\/\/shop.bantam.ch\/de\/#\/schema\/logo\/image\/"}}]}},"_links":{"self":[{"href":"https:\/\/shop.bantam.ch\/de\/wp-json\/wp\/v2\/product\/98046","targetHints":{"allow":["GET"]}}],"collection":[{"href":"https:\/\/shop.bantam.ch\/de\/wp-json\/wp\/v2\/product"}],"about":[{"href":"https:\/\/shop.bantam.ch\/de\/wp-json\/wp\/v2\/types\/product"}],"wp:featuredmedia":[{"embeddable":true,"href":"https:\/\/shop.bantam.ch\/de\/wp-json\/wp\/v2\/media\/98040"}],"wp:attachment":[{"href":"https:\/\/shop.bantam.ch\/de\/wp-json\/wp\/v2\/media?parent=98046"}],"wp:term":[{"taxonomy":"product_featured_cat","embeddable":true,"href":"https:\/\/shop.bantam.ch\/de\/wp-json\/wp\/v2\/product_featured_cat?post=98046"},{"taxonomy":"product_brand","embeddable":true,"href":"https:\/\/shop.bantam.ch\/de\/wp-json\/wp\/v2\/product_brand?post=98046"},{"taxonomy":"product_cat","embeddable":true,"href":"https:\/\/shop.bantam.ch\/de\/wp-json\/wp\/v2\/product_cat?post=98046"},{"taxonomy":"product_tag","embeddable":true,"href":"https:\/\/shop.bantam.ch\/de\/wp-json\/wp\/v2\/product_tag?post=98046"}],"curies":[{"name":"wp","href":"https:\/\/api.w.org\/{rel}","templated":true}]}}