{"id":98038,"date":"2023-02-28T05:47:43","date_gmt":"2023-02-28T04:47:43","guid":{"rendered":"http:\/\/shop.bantam.ch\/produit\/silikonbackform-duo-pack\/"},"modified":"2026-05-01T21:30:51","modified_gmt":"2026-05-01T19:30:51","slug":"silikonbackform-duo-pack","status":"publish","type":"product","link":"https:\/\/shop.bantam.ch\/de\/produkt\/silikonbackform-duo-pack\/","title":{"rendered":"Silikon-Backform OMNIA Duo-Pack"},"content":{"rendered":"<p>Das OMNIA Duo-Pack 2.0, mit zwei Silikonformen, in unterschiedlichen Farben, f\u00fcr eine sichere Trennung von herzhaften und s\u00fc\u00dfen Speisen.<\/p>\n<p>Die OMNIA Silikonform als Einsatz f\u00fcr die Backform &#8211; f\u00fcr noch einfacheres Kochen und Backen. Das Formdesign sowie das verst\u00e4rkte Formmaterial mit einem stabilisierenden Rand erleichtern das Zubereiten von Speisen im OMNIA Campingbackofen. Die Silikonform l\u00e4sst sich besonders einfach reinigen und Geb\u00e4ck l\u00f6st sich kinderleicht aus der Form. Dank des hochwertigen und biegbaren Silikons k\u00f6nnen, zum Beispiel, fertige Kuchen einfach aus der Form gedr\u00fcckt werden.<\/p>\n<p>Temperaturbest\u00e4ndig von -60\u00b0C bis +260\u00b0C<\/p>\n","protected":false},"excerpt":{"rendered":"<p>Das OMNIA Duo-Pack 2.0, mit zwei Silikonformen, in unterschiedlichen Farben, f\u00fcr eine sichere Trennung von herzhaften und s\u00fc\u00dfen Speisen. Die OMNIA Silikonform als Einsatz f\u00fcr die Backform &#8211; f\u00fcr noch einfacheres Kochen und Backen. Das Formdesign sowie das verst\u00e4rkte Formmaterial mit einem stabilisierenden Rand erleichtern das Zubereiten von Speisen im OMNIA Campingbackofen. Die Silikonform l\u00e4sst [&hellip;]<\/p>\n","protected":false},"featured_media":98032,"template":"","meta":{"_acf_changed":false},"product_featured_cat":[],"product_brand":[3293],"product_cat":[4340,4338,4342],"product_tag":[],"class_list":{"0":"post-98038","1":"product","2":"type-product","3":"status-publish","4":"has-post-thumbnail","6":"product_brand-omnia-de","7":"product_cat-grillzubehoer","8":"product_cat-zubehoer-fuer-kochgeschirr","9":"product_cat-zubehoer-kocher","11":"first","12":"instock","13":"taxable","14":"shipping-taxable","15":"purchasable","16":"product-type-simple"},"acf":[],"yoast_head":"<!-- This site is optimized with the Yoast SEO plugin v27.5 - https:\/\/yoast.com\/product\/yoast-seo-wordpress\/ -->\n<title>Silikon-Backform OMNIA Duo-Pack - Bantam<\/title>\n<meta name=\"robots\" content=\"index, follow, max-snippet:-1, max-image-preview:large, max-video-preview:-1\" \/>\n<link rel=\"canonical\" href=\"https:\/\/shop.bantam.ch\/de\/produkt\/silikonbackform-duo-pack\/\" \/>\n<meta property=\"og:locale\" content=\"de_DE\" \/>\n<meta property=\"og:type\" content=\"article\" \/>\n<meta property=\"og:title\" content=\"Silikon-Backform OMNIA Duo-Pack - Bantam\" \/>\n<meta property=\"og:description\" content=\"Das OMNIA Duo-Pack 2.0, mit zwei Silikonformen, in unterschiedlichen Farben, f\u00fcr eine sichere Trennung von herzhaften und s\u00fc\u00dfen Speisen. Die OMNIA Silikonform als Einsatz f\u00fcr die Backform &#8211; f\u00fcr noch einfacheres Kochen und Backen. Das Formdesign sowie das verst\u00e4rkte Formmaterial mit einem stabilisierenden Rand erleichtern das Zubereiten von Speisen im OMNIA Campingbackofen. Die Silikonform l\u00e4sst [&hellip;]\" \/>\n<meta property=\"og:url\" content=\"https:\/\/shop.bantam.ch\/de\/produkt\/silikonbackform-duo-pack\/\" \/>\n<meta property=\"og:site_name\" content=\"Bantam\" \/>\n<meta property=\"article:modified_time\" content=\"2026-05-01T19:30:51+00:00\" \/>\n<meta property=\"og:image\" content=\"https:\/\/shop.bantam.ch\/wp-content\/uploads\/2023\/02\/994346212.jpg\" \/>\n\t<meta property=\"og:image:width\" content=\"1772\" \/>\n\t<meta property=\"og:image:height\" content=\"989\" \/>\n\t<meta property=\"og:image:type\" content=\"image\/jpeg\" \/>\n<meta name=\"twitter:card\" content=\"summary_large_image\" \/>\n<meta name=\"twitter:label1\" content=\"Gesch\u00e4tzte Lesezeit\" \/>\n\t<meta name=\"twitter:data1\" content=\"1\u00a0Minute\" \/>\n<script type=\"application\/ld+json\" class=\"yoast-schema-graph\">{\"@context\":\"https:\\\/\\\/schema.org\",\"@graph\":[{\"@type\":\"WebPage\",\"@id\":\"https:\\\/\\\/shop.bantam.ch\\\/de\\\/produkt\\\/silikonbackform-duo-pack\\\/\",\"url\":\"https:\\\/\\\/shop.bantam.ch\\\/de\\\/produkt\\\/silikonbackform-duo-pack\\\/\",\"name\":\"Silikon-Backform OMNIA Duo-Pack - Bantam\",\"isPartOf\":{\"@id\":\"https:\\\/\\\/shop.bantam.ch\\\/de\\\/#website\"},\"primaryImageOfPage\":{\"@id\":\"https:\\\/\\\/shop.bantam.ch\\\/de\\\/produkt\\\/silikonbackform-duo-pack\\\/#primaryimage\"},\"image\":{\"@id\":\"https:\\\/\\\/shop.bantam.ch\\\/de\\\/produkt\\\/silikonbackform-duo-pack\\\/#primaryimage\"},\"thumbnailUrl\":\"https:\\\/\\\/shop.bantam.ch\\\/wp-content\\\/uploads\\\/2023\\\/02\\\/994346212.jpg\",\"datePublished\":\"2023-02-28T04:47:43+00:00\",\"dateModified\":\"2026-05-01T19:30:51+00:00\",\"breadcrumb\":{\"@id\":\"https:\\\/\\\/shop.bantam.ch\\\/de\\\/produkt\\\/silikonbackform-duo-pack\\\/#breadcrumb\"},\"inLanguage\":\"de\",\"potentialAction\":[{\"@type\":\"ReadAction\",\"target\":[\"https:\\\/\\\/shop.bantam.ch\\\/de\\\/produkt\\\/silikonbackform-duo-pack\\\/\"]}]},{\"@type\":\"ImageObject\",\"inLanguage\":\"de\",\"@id\":\"https:\\\/\\\/shop.bantam.ch\\\/de\\\/produkt\\\/silikonbackform-duo-pack\\\/#primaryimage\",\"url\":\"https:\\\/\\\/shop.bantam.ch\\\/wp-content\\\/uploads\\\/2023\\\/02\\\/994346212.jpg\",\"contentUrl\":\"https:\\\/\\\/shop.bantam.ch\\\/wp-content\\\/uploads\\\/2023\\\/02\\\/994346212.jpg\",\"width\":1772,\"height\":989},{\"@type\":\"BreadcrumbList\",\"@id\":\"https:\\\/\\\/shop.bantam.ch\\\/de\\\/produkt\\\/silikonbackform-duo-pack\\\/#breadcrumb\",\"itemListElement\":[{\"@type\":\"ListItem\",\"position\":1,\"name\":\"Accueil\",\"item\":\"https:\\\/\\\/shop.bantam.ch\\\/de\\\/\"},{\"@type\":\"ListItem\",\"position\":2,\"name\":\"Shop\",\"item\":\"https:\\\/\\\/shop.bantam.ch\\\/de\\\/shop\\\/\"},{\"@type\":\"ListItem\",\"position\":3,\"name\":\"Silikon-Backform OMNIA Duo-Pack\"}]},{\"@type\":\"WebSite\",\"@id\":\"https:\\\/\\\/shop.bantam.ch\\\/de\\\/#website\",\"url\":\"https:\\\/\\\/shop.bantam.ch\\\/de\\\/\",\"name\":\"Bantam\",\"description\":\"\",\"publisher\":{\"@id\":\"https:\\\/\\\/shop.bantam.ch\\\/de\\\/#organization\"},\"inLanguage\":\"de\"},{\"@type\":\"Organization\",\"@id\":\"https:\\\/\\\/shop.bantam.ch\\\/de\\\/#organization\",\"name\":\"Bantam\",\"url\":\"https:\\\/\\\/shop.bantam.ch\\\/de\\\/\",\"logo\":{\"@type\":\"ImageObject\",\"inLanguage\":\"de\",\"@id\":\"https:\\\/\\\/shop.bantam.ch\\\/de\\\/#\\\/schema\\\/logo\\\/image\\\/\",\"url\":\"https:\\\/\\\/shop.bantam.ch\\\/wp-content\\\/uploads\\\/2022\\\/12\\\/bantam-logo.png\",\"contentUrl\":\"https:\\\/\\\/shop.bantam.ch\\\/wp-content\\\/uploads\\\/2022\\\/12\\\/bantam-logo.png\",\"width\":320,\"height\":71,\"caption\":\"Bantam\"},\"image\":{\"@id\":\"https:\\\/\\\/shop.bantam.ch\\\/de\\\/#\\\/schema\\\/logo\\\/image\\\/\"}}]}<\/script>\n<!-- \/ Yoast SEO plugin. -->","yoast_head_json":{"title":"Silikon-Backform OMNIA Duo-Pack - Bantam","robots":{"index":"index","follow":"follow","max-snippet":"max-snippet:-1","max-image-preview":"max-image-preview:large","max-video-preview":"max-video-preview:-1"},"canonical":"https:\/\/shop.bantam.ch\/de\/produkt\/silikonbackform-duo-pack\/","og_locale":"de_DE","og_type":"article","og_title":"Silikon-Backform OMNIA Duo-Pack - Bantam","og_description":"Das OMNIA Duo-Pack 2.0, mit zwei Silikonformen, in unterschiedlichen Farben, f\u00fcr eine sichere Trennung von herzhaften und s\u00fc\u00dfen Speisen. Die OMNIA Silikonform als Einsatz f\u00fcr die Backform &#8211; f\u00fcr noch einfacheres Kochen und Backen. Das Formdesign sowie das verst\u00e4rkte Formmaterial mit einem stabilisierenden Rand erleichtern das Zubereiten von Speisen im OMNIA Campingbackofen. Die Silikonform l\u00e4sst [&hellip;]","og_url":"https:\/\/shop.bantam.ch\/de\/produkt\/silikonbackform-duo-pack\/","og_site_name":"Bantam","article_modified_time":"2026-05-01T19:30:51+00:00","og_image":[{"width":1772,"height":989,"url":"https:\/\/shop.bantam.ch\/wp-content\/uploads\/2023\/02\/994346212.jpg","type":"image\/jpeg"}],"twitter_card":"summary_large_image","twitter_misc":{"Gesch\u00e4tzte Lesezeit":"1\u00a0Minute"},"schema":{"@context":"https:\/\/schema.org","@graph":[{"@type":"WebPage","@id":"https:\/\/shop.bantam.ch\/de\/produkt\/silikonbackform-duo-pack\/","url":"https:\/\/shop.bantam.ch\/de\/produkt\/silikonbackform-duo-pack\/","name":"Silikon-Backform OMNIA Duo-Pack - Bantam","isPartOf":{"@id":"https:\/\/shop.bantam.ch\/de\/#website"},"primaryImageOfPage":{"@id":"https:\/\/shop.bantam.ch\/de\/produkt\/silikonbackform-duo-pack\/#primaryimage"},"image":{"@id":"https:\/\/shop.bantam.ch\/de\/produkt\/silikonbackform-duo-pack\/#primaryimage"},"thumbnailUrl":"https:\/\/shop.bantam.ch\/wp-content\/uploads\/2023\/02\/994346212.jpg","datePublished":"2023-02-28T04:47:43+00:00","dateModified":"2026-05-01T19:30:51+00:00","breadcrumb":{"@id":"https:\/\/shop.bantam.ch\/de\/produkt\/silikonbackform-duo-pack\/#breadcrumb"},"inLanguage":"de","potentialAction":[{"@type":"ReadAction","target":["https:\/\/shop.bantam.ch\/de\/produkt\/silikonbackform-duo-pack\/"]}]},{"@type":"ImageObject","inLanguage":"de","@id":"https:\/\/shop.bantam.ch\/de\/produkt\/silikonbackform-duo-pack\/#primaryimage","url":"https:\/\/shop.bantam.ch\/wp-content\/uploads\/2023\/02\/994346212.jpg","contentUrl":"https:\/\/shop.bantam.ch\/wp-content\/uploads\/2023\/02\/994346212.jpg","width":1772,"height":989},{"@type":"BreadcrumbList","@id":"https:\/\/shop.bantam.ch\/de\/produkt\/silikonbackform-duo-pack\/#breadcrumb","itemListElement":[{"@type":"ListItem","position":1,"name":"Accueil","item":"https:\/\/shop.bantam.ch\/de\/"},{"@type":"ListItem","position":2,"name":"Shop","item":"https:\/\/shop.bantam.ch\/de\/shop\/"},{"@type":"ListItem","position":3,"name":"Silikon-Backform OMNIA Duo-Pack"}]},{"@type":"WebSite","@id":"https:\/\/shop.bantam.ch\/de\/#website","url":"https:\/\/shop.bantam.ch\/de\/","name":"Bantam","description":"","publisher":{"@id":"https:\/\/shop.bantam.ch\/de\/#organization"},"inLanguage":"de"},{"@type":"Organization","@id":"https:\/\/shop.bantam.ch\/de\/#organization","name":"Bantam","url":"https:\/\/shop.bantam.ch\/de\/","logo":{"@type":"ImageObject","inLanguage":"de","@id":"https:\/\/shop.bantam.ch\/de\/#\/schema\/logo\/image\/","url":"https:\/\/shop.bantam.ch\/wp-content\/uploads\/2022\/12\/bantam-logo.png","contentUrl":"https:\/\/shop.bantam.ch\/wp-content\/uploads\/2022\/12\/bantam-logo.png","width":320,"height":71,"caption":"Bantam"},"image":{"@id":"https:\/\/shop.bantam.ch\/de\/#\/schema\/logo\/image\/"}}]}},"_links":{"self":[{"href":"https:\/\/shop.bantam.ch\/de\/wp-json\/wp\/v2\/product\/98038","targetHints":{"allow":["GET"]}}],"collection":[{"href":"https:\/\/shop.bantam.ch\/de\/wp-json\/wp\/v2\/product"}],"about":[{"href":"https:\/\/shop.bantam.ch\/de\/wp-json\/wp\/v2\/types\/product"}],"wp:featuredmedia":[{"embeddable":true,"href":"https:\/\/shop.bantam.ch\/de\/wp-json\/wp\/v2\/media\/98032"}],"wp:attachment":[{"href":"https:\/\/shop.bantam.ch\/de\/wp-json\/wp\/v2\/media?parent=98038"}],"wp:term":[{"taxonomy":"product_featured_cat","embeddable":true,"href":"https:\/\/shop.bantam.ch\/de\/wp-json\/wp\/v2\/product_featured_cat?post=98038"},{"taxonomy":"product_brand","embeddable":true,"href":"https:\/\/shop.bantam.ch\/de\/wp-json\/wp\/v2\/product_brand?post=98038"},{"taxonomy":"product_cat","embeddable":true,"href":"https:\/\/shop.bantam.ch\/de\/wp-json\/wp\/v2\/product_cat?post=98038"},{"taxonomy":"product_tag","embeddable":true,"href":"https:\/\/shop.bantam.ch\/de\/wp-json\/wp\/v2\/product_tag?post=98038"}],"curies":[{"name":"wp","href":"https:\/\/api.w.org\/{rel}","templated":true}]}}