{"id":98026,"date":"2023-02-28T05:47:31","date_gmt":"2023-02-28T04:47:31","guid":{"rendered":"http:\/\/shop.bantam.ch\/produit\/dosierhilfe-fuer-1-l-rundflaschen\/"},"modified":"2026-04-20T21:32:00","modified_gmt":"2026-04-20T19:32:00","slug":"dosierhilfe-fuer-1-l-rundflaschen","status":"publish","type":"product","link":"https:\/\/shop.bantam.ch\/de\/produkt\/dosierhilfe-fuer-1-l-rundflaschen\/","title":{"rendered":"Dosierhilfe awiwa f\u00fcr 1 l Rundflaschen"},"content":{"rendered":"<p>Der awiwa-Dosieraufsatz passt auf alle awiwa 1 Liter Rundflaschen und erm\u00f6glicht ein genaues und unkompliziertes Dosieren von awiwa Reinigungsmitteln. Der praktische Dosierer ist einfach aufschraubbar und hat eine Skala von 5 bis 20 ml.<\/p>\n<ul>\n<li>Dosierhilfe<\/li>\n<li>Aufschraubbarer Dosierbecher<\/li>\n<li>Steigrohr Dosierkopf aus transparentem Kunststoff<\/li>\n<li>F\u00fcr 1000 ml Rundflaschen<\/li>\n<li>Skala von 5 ml bis 20 ml in 5 ml Schritten<\/li>\n<li>Empfehlung f\u00fcr die Dosierung von wc mobil &#8211; mikrobiologischer Toilettenaufsatz und flush &#8211; Sp\u00fclwasserzusatz<\/li>\n<\/ul>\n<p>Bei tragbaren Toiletten (bis 20L) sollte 50 ml awiwa wc mobil in den F\u00e4kalientank gegeben werden. F\u00fcr eine komfortable und schnelle Dosierung, bef\u00fcllen Sie den Dosierkopf 2x bis zum Rand (25 ml). Die gleiche Dosierung wird auch f\u00fcr den Sp\u00fclwasserzusatz benutzt.<\/p>\n","protected":false},"excerpt":{"rendered":"<p>Der awiwa-Dosieraufsatz passt auf alle awiwa 1 Liter Rundflaschen und erm\u00f6glicht ein genaues und unkompliziertes Dosieren von awiwa Reinigungsmitteln. Der praktische Dosierer ist einfach aufschraubbar und hat eine Skala von 5 bis 20 ml. Dosierhilfe Aufschraubbarer Dosierbecher Steigrohr Dosierkopf aus transparentem Kunststoff F\u00fcr 1000 ml Rundflaschen Skala von 5 ml bis 20 ml in 5 [&hellip;]<\/p>\n","protected":false},"featured_media":98018,"template":"","meta":{"_acf_changed":false},"product_featured_cat":[],"product_brand":[3517],"product_cat":[4600],"product_tag":[],"class_list":{"0":"post-98026","1":"product","2":"type-product","3":"status-publish","4":"has-post-thumbnail","6":"product_brand-awiwa-de","7":"product_cat-pflegemittel","9":"first","10":"instock","11":"taxable","12":"shipping-taxable","13":"purchasable","14":"product-type-simple"},"acf":[],"yoast_head":"<!-- This site is optimized with the Yoast SEO plugin v27.4 - https:\/\/yoast.com\/product\/yoast-seo-wordpress\/ -->\n<title>Dosierhilfe awiwa f\u00fcr 1 l Rundflaschen - Bantam Camping AG<\/title>\n<meta name=\"robots\" content=\"index, follow, max-snippet:-1, max-image-preview:large, max-video-preview:-1\" \/>\n<link rel=\"canonical\" href=\"https:\/\/shop.bantam.ch\/de\/produkt\/dosierhilfe-fuer-1-l-rundflaschen\/\" \/>\n<meta property=\"og:locale\" content=\"de_DE\" \/>\n<meta property=\"og:type\" content=\"article\" \/>\n<meta property=\"og:title\" content=\"Dosierhilfe awiwa f\u00fcr 1 l Rundflaschen - Bantam Camping AG\" \/>\n<meta property=\"og:description\" content=\"Der awiwa-Dosieraufsatz passt auf alle awiwa 1 Liter Rundflaschen und erm\u00f6glicht ein genaues und unkompliziertes Dosieren von awiwa Reinigungsmitteln. Der praktische Dosierer ist einfach aufschraubbar und hat eine Skala von 5 bis 20 ml. Dosierhilfe Aufschraubbarer Dosierbecher Steigrohr Dosierkopf aus transparentem Kunststoff F\u00fcr 1000 ml Rundflaschen Skala von 5 ml bis 20 ml in 5 [&hellip;]\" \/>\n<meta property=\"og:url\" content=\"https:\/\/shop.bantam.ch\/de\/produkt\/dosierhilfe-fuer-1-l-rundflaschen\/\" \/>\n<meta property=\"og:site_name\" content=\"Bantam Camping AG\" \/>\n<meta property=\"article:modified_time\" content=\"2026-04-20T19:32:00+00:00\" \/>\n<meta property=\"og:image\" content=\"https:\/\/shop.bantam.ch\/wp-content\/uploads\/2023\/02\/996033911.jpg\" \/>\n\t<meta property=\"og:image:width\" content=\"985\" \/>\n\t<meta property=\"og:image:height\" content=\"1000\" \/>\n\t<meta property=\"og:image:type\" content=\"image\/jpeg\" \/>\n<meta name=\"twitter:card\" content=\"summary_large_image\" \/>\n<meta name=\"twitter:label1\" content=\"Gesch\u00e4tzte Lesezeit\" \/>\n\t<meta name=\"twitter:data1\" content=\"1\u00a0Minute\" \/>\n<script type=\"application\/ld+json\" class=\"yoast-schema-graph\">{\"@context\":\"https:\\\/\\\/schema.org\",\"@graph\":[{\"@type\":\"WebPage\",\"@id\":\"https:\\\/\\\/shop.bantam.ch\\\/de\\\/produkt\\\/dosierhilfe-fuer-1-l-rundflaschen\\\/\",\"url\":\"https:\\\/\\\/shop.bantam.ch\\\/de\\\/produkt\\\/dosierhilfe-fuer-1-l-rundflaschen\\\/\",\"name\":\"Dosierhilfe awiwa f\u00fcr 1 l Rundflaschen - Bantam Camping AG\",\"isPartOf\":{\"@id\":\"https:\\\/\\\/shop.bantam.ch\\\/de\\\/#website\"},\"primaryImageOfPage\":{\"@id\":\"https:\\\/\\\/shop.bantam.ch\\\/de\\\/produkt\\\/dosierhilfe-fuer-1-l-rundflaschen\\\/#primaryimage\"},\"image\":{\"@id\":\"https:\\\/\\\/shop.bantam.ch\\\/de\\\/produkt\\\/dosierhilfe-fuer-1-l-rundflaschen\\\/#primaryimage\"},\"thumbnailUrl\":\"https:\\\/\\\/shop.bantam.ch\\\/wp-content\\\/uploads\\\/2023\\\/02\\\/996033911.jpg\",\"datePublished\":\"2023-02-28T04:47:31+00:00\",\"dateModified\":\"2026-04-20T19:32:00+00:00\",\"breadcrumb\":{\"@id\":\"https:\\\/\\\/shop.bantam.ch\\\/de\\\/produkt\\\/dosierhilfe-fuer-1-l-rundflaschen\\\/#breadcrumb\"},\"inLanguage\":\"de\",\"potentialAction\":[{\"@type\":\"ReadAction\",\"target\":[\"https:\\\/\\\/shop.bantam.ch\\\/de\\\/produkt\\\/dosierhilfe-fuer-1-l-rundflaschen\\\/\"]}]},{\"@type\":\"ImageObject\",\"inLanguage\":\"de\",\"@id\":\"https:\\\/\\\/shop.bantam.ch\\\/de\\\/produkt\\\/dosierhilfe-fuer-1-l-rundflaschen\\\/#primaryimage\",\"url\":\"https:\\\/\\\/shop.bantam.ch\\\/wp-content\\\/uploads\\\/2023\\\/02\\\/996033911.jpg\",\"contentUrl\":\"https:\\\/\\\/shop.bantam.ch\\\/wp-content\\\/uploads\\\/2023\\\/02\\\/996033911.jpg\",\"width\":985,\"height\":1000},{\"@type\":\"BreadcrumbList\",\"@id\":\"https:\\\/\\\/shop.bantam.ch\\\/de\\\/produkt\\\/dosierhilfe-fuer-1-l-rundflaschen\\\/#breadcrumb\",\"itemListElement\":[{\"@type\":\"ListItem\",\"position\":1,\"name\":\"Accueil\",\"item\":\"https:\\\/\\\/shop.bantam.ch\\\/de\\\/\"},{\"@type\":\"ListItem\",\"position\":2,\"name\":\"Shop\",\"item\":\"https:\\\/\\\/shop.bantam.ch\\\/de\\\/shop\\\/\"},{\"@type\":\"ListItem\",\"position\":3,\"name\":\"Dosierhilfe awiwa f\u00fcr 1 l Rundflaschen\"}]},{\"@type\":\"WebSite\",\"@id\":\"https:\\\/\\\/shop.bantam.ch\\\/de\\\/#website\",\"url\":\"https:\\\/\\\/shop.bantam.ch\\\/de\\\/\",\"name\":\"Bantam Camping AG\",\"description\":\"\",\"publisher\":{\"@id\":\"https:\\\/\\\/shop.bantam.ch\\\/de\\\/#organization\"},\"inLanguage\":\"de\"},{\"@type\":\"Organization\",\"@id\":\"https:\\\/\\\/shop.bantam.ch\\\/de\\\/#organization\",\"name\":\"Bantam Camping AG\",\"url\":\"https:\\\/\\\/shop.bantam.ch\\\/de\\\/\",\"logo\":{\"@type\":\"ImageObject\",\"inLanguage\":\"de\",\"@id\":\"https:\\\/\\\/shop.bantam.ch\\\/de\\\/#\\\/schema\\\/logo\\\/image\\\/\",\"url\":\"https:\\\/\\\/shop.bantam.ch\\\/wp-content\\\/uploads\\\/2022\\\/12\\\/bantam-logo.png\",\"contentUrl\":\"https:\\\/\\\/shop.bantam.ch\\\/wp-content\\\/uploads\\\/2022\\\/12\\\/bantam-logo.png\",\"width\":320,\"height\":71,\"caption\":\"Bantam Camping AG\"},\"image\":{\"@id\":\"https:\\\/\\\/shop.bantam.ch\\\/de\\\/#\\\/schema\\\/logo\\\/image\\\/\"}}]}<\/script>\n<!-- \/ Yoast SEO plugin. -->","yoast_head_json":{"title":"Dosierhilfe awiwa f\u00fcr 1 l Rundflaschen - Bantam Camping AG","robots":{"index":"index","follow":"follow","max-snippet":"max-snippet:-1","max-image-preview":"max-image-preview:large","max-video-preview":"max-video-preview:-1"},"canonical":"https:\/\/shop.bantam.ch\/de\/produkt\/dosierhilfe-fuer-1-l-rundflaschen\/","og_locale":"de_DE","og_type":"article","og_title":"Dosierhilfe awiwa f\u00fcr 1 l Rundflaschen - Bantam Camping AG","og_description":"Der awiwa-Dosieraufsatz passt auf alle awiwa 1 Liter Rundflaschen und erm\u00f6glicht ein genaues und unkompliziertes Dosieren von awiwa Reinigungsmitteln. Der praktische Dosierer ist einfach aufschraubbar und hat eine Skala von 5 bis 20 ml. Dosierhilfe Aufschraubbarer Dosierbecher Steigrohr Dosierkopf aus transparentem Kunststoff F\u00fcr 1000 ml Rundflaschen Skala von 5 ml bis 20 ml in 5 [&hellip;]","og_url":"https:\/\/shop.bantam.ch\/de\/produkt\/dosierhilfe-fuer-1-l-rundflaschen\/","og_site_name":"Bantam Camping AG","article_modified_time":"2026-04-20T19:32:00+00:00","og_image":[{"width":985,"height":1000,"url":"https:\/\/shop.bantam.ch\/wp-content\/uploads\/2023\/02\/996033911.jpg","type":"image\/jpeg"}],"twitter_card":"summary_large_image","twitter_misc":{"Gesch\u00e4tzte Lesezeit":"1\u00a0Minute"},"schema":{"@context":"https:\/\/schema.org","@graph":[{"@type":"WebPage","@id":"https:\/\/shop.bantam.ch\/de\/produkt\/dosierhilfe-fuer-1-l-rundflaschen\/","url":"https:\/\/shop.bantam.ch\/de\/produkt\/dosierhilfe-fuer-1-l-rundflaschen\/","name":"Dosierhilfe awiwa f\u00fcr 1 l Rundflaschen - Bantam Camping AG","isPartOf":{"@id":"https:\/\/shop.bantam.ch\/de\/#website"},"primaryImageOfPage":{"@id":"https:\/\/shop.bantam.ch\/de\/produkt\/dosierhilfe-fuer-1-l-rundflaschen\/#primaryimage"},"image":{"@id":"https:\/\/shop.bantam.ch\/de\/produkt\/dosierhilfe-fuer-1-l-rundflaschen\/#primaryimage"},"thumbnailUrl":"https:\/\/shop.bantam.ch\/wp-content\/uploads\/2023\/02\/996033911.jpg","datePublished":"2023-02-28T04:47:31+00:00","dateModified":"2026-04-20T19:32:00+00:00","breadcrumb":{"@id":"https:\/\/shop.bantam.ch\/de\/produkt\/dosierhilfe-fuer-1-l-rundflaschen\/#breadcrumb"},"inLanguage":"de","potentialAction":[{"@type":"ReadAction","target":["https:\/\/shop.bantam.ch\/de\/produkt\/dosierhilfe-fuer-1-l-rundflaschen\/"]}]},{"@type":"ImageObject","inLanguage":"de","@id":"https:\/\/shop.bantam.ch\/de\/produkt\/dosierhilfe-fuer-1-l-rundflaschen\/#primaryimage","url":"https:\/\/shop.bantam.ch\/wp-content\/uploads\/2023\/02\/996033911.jpg","contentUrl":"https:\/\/shop.bantam.ch\/wp-content\/uploads\/2023\/02\/996033911.jpg","width":985,"height":1000},{"@type":"BreadcrumbList","@id":"https:\/\/shop.bantam.ch\/de\/produkt\/dosierhilfe-fuer-1-l-rundflaschen\/#breadcrumb","itemListElement":[{"@type":"ListItem","position":1,"name":"Accueil","item":"https:\/\/shop.bantam.ch\/de\/"},{"@type":"ListItem","position":2,"name":"Shop","item":"https:\/\/shop.bantam.ch\/de\/shop\/"},{"@type":"ListItem","position":3,"name":"Dosierhilfe awiwa f\u00fcr 1 l Rundflaschen"}]},{"@type":"WebSite","@id":"https:\/\/shop.bantam.ch\/de\/#website","url":"https:\/\/shop.bantam.ch\/de\/","name":"Bantam Camping AG","description":"","publisher":{"@id":"https:\/\/shop.bantam.ch\/de\/#organization"},"inLanguage":"de"},{"@type":"Organization","@id":"https:\/\/shop.bantam.ch\/de\/#organization","name":"Bantam Camping AG","url":"https:\/\/shop.bantam.ch\/de\/","logo":{"@type":"ImageObject","inLanguage":"de","@id":"https:\/\/shop.bantam.ch\/de\/#\/schema\/logo\/image\/","url":"https:\/\/shop.bantam.ch\/wp-content\/uploads\/2022\/12\/bantam-logo.png","contentUrl":"https:\/\/shop.bantam.ch\/wp-content\/uploads\/2022\/12\/bantam-logo.png","width":320,"height":71,"caption":"Bantam Camping AG"},"image":{"@id":"https:\/\/shop.bantam.ch\/de\/#\/schema\/logo\/image\/"}}]}},"_links":{"self":[{"href":"https:\/\/shop.bantam.ch\/de\/wp-json\/wp\/v2\/product\/98026","targetHints":{"allow":["GET"]}}],"collection":[{"href":"https:\/\/shop.bantam.ch\/de\/wp-json\/wp\/v2\/product"}],"about":[{"href":"https:\/\/shop.bantam.ch\/de\/wp-json\/wp\/v2\/types\/product"}],"wp:featuredmedia":[{"embeddable":true,"href":"https:\/\/shop.bantam.ch\/de\/wp-json\/wp\/v2\/media\/98018"}],"wp:attachment":[{"href":"https:\/\/shop.bantam.ch\/de\/wp-json\/wp\/v2\/media?parent=98026"}],"wp:term":[{"taxonomy":"product_featured_cat","embeddable":true,"href":"https:\/\/shop.bantam.ch\/de\/wp-json\/wp\/v2\/product_featured_cat?post=98026"},{"taxonomy":"product_brand","embeddable":true,"href":"https:\/\/shop.bantam.ch\/de\/wp-json\/wp\/v2\/product_brand?post=98026"},{"taxonomy":"product_cat","embeddable":true,"href":"https:\/\/shop.bantam.ch\/de\/wp-json\/wp\/v2\/product_cat?post=98026"},{"taxonomy":"product_tag","embeddable":true,"href":"https:\/\/shop.bantam.ch\/de\/wp-json\/wp\/v2\/product_tag?post=98026"}],"curies":[{"name":"wp","href":"https:\/\/api.w.org\/{rel}","templated":true}]}}