{"id":97600,"date":"2023-02-28T05:38:11","date_gmt":"2023-02-28T04:38:11","guid":{"rendered":"http:\/\/shop.bantam.ch\/produit\/compo-4-eimer-fuer-essensreste-stone\/"},"modified":"2026-05-02T21:30:01","modified_gmt":"2026-05-02T19:30:01","slug":"compo-4-eimer-fuer-essensreste-stone","status":"publish","type":"product","link":"https:\/\/shop.bantam.ch\/de\/produkt\/compo-4-eimer-fuer-essensreste-stone\/","title":{"rendered":"Compo 4 Joseph Joseph Eimer f\u00fcr Essensreste Stone"},"content":{"rendered":"<p>Dieser schlanke Beh\u00e4lter f\u00fcr Lebensmittelabf\u00e4lle wurde entwickelt, um das Sammeln von Lebensmittelresten zu erleichtern, da er \u00fcber einen praktischen Klappdeckel und eine extra breite \u00d6ffnung verf\u00fcgt. Breite \u00d6ffnung erleichtert das Abkratzen von Speisen vom Teller Einstellbare Bel\u00fcftungs\u00f6ffnung: offen &#8211; hilft Feuchtigkeits- und Geruchsbildung zu reduzieren; geschlossen &#8211; bietet Insektenschutz Schlankes Design, perfekt f\u00fcr die Aufbewahrung auf der Arbeitsfl\u00e4che oder in Schr\u00e4nken.<\/p>\n<p>Lieferumfang<br \/>Inkl. T\u00fcr-Montageb\u00fcgel<\/p>\n","protected":false},"excerpt":{"rendered":"<p>Dieser schlanke Beh\u00e4lter f\u00fcr Lebensmittelabf\u00e4lle wurde entwickelt, um das Sammeln von Lebensmittelresten zu erleichtern, da er \u00fcber einen praktischen Klappdeckel und eine extra breite \u00d6ffnung verf\u00fcgt. Breite \u00d6ffnung erleichtert das Abkratzen von Speisen vom Teller Einstellbare Bel\u00fcftungs\u00f6ffnung: offen &#8211; hilft Feuchtigkeits- und Geruchsbildung zu reduzieren; geschlossen &#8211; bietet Insektenschutz Schlankes Design, perfekt f\u00fcr die Aufbewahrung [&hellip;]<\/p>\n","protected":false},"featured_media":97586,"template":"","meta":{"_acf_changed":false},"product_featured_cat":[],"product_brand":[3413],"product_cat":[4288],"product_tag":[],"class_list":{"0":"post-97600","1":"product","2":"type-product","3":"status-publish","4":"has-post-thumbnail","6":"product_brand-joseph-joseph-de","7":"product_cat-muellentsorgung","9":"first","10":"instock","11":"taxable","12":"shipping-taxable","13":"purchasable","14":"product-type-simple"},"acf":[],"yoast_head":"<!-- This site is optimized with the Yoast SEO plugin v27.5 - https:\/\/yoast.com\/product\/yoast-seo-wordpress\/ -->\n<title>Compo 4 Joseph Joseph Eimer f\u00fcr Essensreste Stone - Bantam<\/title>\n<meta name=\"robots\" content=\"index, follow, max-snippet:-1, max-image-preview:large, max-video-preview:-1\" \/>\n<link rel=\"canonical\" href=\"https:\/\/shop.bantam.ch\/de\/produkt\/compo-4-eimer-fuer-essensreste-stone\/\" \/>\n<meta property=\"og:locale\" content=\"de_DE\" \/>\n<meta property=\"og:type\" content=\"article\" \/>\n<meta property=\"og:title\" content=\"Compo 4 Joseph Joseph Eimer f\u00fcr Essensreste Stone - Bantam\" \/>\n<meta property=\"og:description\" content=\"Dieser schlanke Beh\u00e4lter f\u00fcr Lebensmittelabf\u00e4lle wurde entwickelt, um das Sammeln von Lebensmittelresten zu erleichtern, da er \u00fcber einen praktischen Klappdeckel und eine extra breite \u00d6ffnung verf\u00fcgt. Breite \u00d6ffnung erleichtert das Abkratzen von Speisen vom Teller Einstellbare Bel\u00fcftungs\u00f6ffnung: offen &#8211; hilft Feuchtigkeits- und Geruchsbildung zu reduzieren; geschlossen &#8211; bietet Insektenschutz Schlankes Design, perfekt f\u00fcr die Aufbewahrung [&hellip;]\" \/>\n<meta property=\"og:url\" content=\"https:\/\/shop.bantam.ch\/de\/produkt\/compo-4-eimer-fuer-essensreste-stone\/\" \/>\n<meta property=\"og:site_name\" content=\"Bantam\" \/>\n<meta property=\"article:modified_time\" content=\"2026-05-02T19:30:01+00:00\" \/>\n<meta property=\"og:image\" content=\"https:\/\/shop.bantam.ch\/wp-content\/uploads\/2023\/02\/993495811.jpg\" \/>\n\t<meta property=\"og:image:width\" content=\"1000\" \/>\n\t<meta property=\"og:image:height\" content=\"869\" \/>\n\t<meta property=\"og:image:type\" content=\"image\/jpeg\" \/>\n<meta name=\"twitter:card\" content=\"summary_large_image\" \/>\n<script type=\"application\/ld+json\" class=\"yoast-schema-graph\">{\"@context\":\"https:\\\/\\\/schema.org\",\"@graph\":[{\"@type\":\"WebPage\",\"@id\":\"https:\\\/\\\/shop.bantam.ch\\\/de\\\/produkt\\\/compo-4-eimer-fuer-essensreste-stone\\\/\",\"url\":\"https:\\\/\\\/shop.bantam.ch\\\/de\\\/produkt\\\/compo-4-eimer-fuer-essensreste-stone\\\/\",\"name\":\"Compo 4 Joseph Joseph Eimer f\u00fcr Essensreste Stone - Bantam\",\"isPartOf\":{\"@id\":\"https:\\\/\\\/shop.bantam.ch\\\/de\\\/#website\"},\"primaryImageOfPage\":{\"@id\":\"https:\\\/\\\/shop.bantam.ch\\\/de\\\/produkt\\\/compo-4-eimer-fuer-essensreste-stone\\\/#primaryimage\"},\"image\":{\"@id\":\"https:\\\/\\\/shop.bantam.ch\\\/de\\\/produkt\\\/compo-4-eimer-fuer-essensreste-stone\\\/#primaryimage\"},\"thumbnailUrl\":\"https:\\\/\\\/shop.bantam.ch\\\/wp-content\\\/uploads\\\/2023\\\/02\\\/993495811.jpg\",\"datePublished\":\"2023-02-28T04:38:11+00:00\",\"dateModified\":\"2026-05-02T19:30:01+00:00\",\"breadcrumb\":{\"@id\":\"https:\\\/\\\/shop.bantam.ch\\\/de\\\/produkt\\\/compo-4-eimer-fuer-essensreste-stone\\\/#breadcrumb\"},\"inLanguage\":\"de\",\"potentialAction\":[{\"@type\":\"ReadAction\",\"target\":[\"https:\\\/\\\/shop.bantam.ch\\\/de\\\/produkt\\\/compo-4-eimer-fuer-essensreste-stone\\\/\"]}]},{\"@type\":\"ImageObject\",\"inLanguage\":\"de\",\"@id\":\"https:\\\/\\\/shop.bantam.ch\\\/de\\\/produkt\\\/compo-4-eimer-fuer-essensreste-stone\\\/#primaryimage\",\"url\":\"https:\\\/\\\/shop.bantam.ch\\\/wp-content\\\/uploads\\\/2023\\\/02\\\/993495811.jpg\",\"contentUrl\":\"https:\\\/\\\/shop.bantam.ch\\\/wp-content\\\/uploads\\\/2023\\\/02\\\/993495811.jpg\",\"width\":1000,\"height\":869},{\"@type\":\"BreadcrumbList\",\"@id\":\"https:\\\/\\\/shop.bantam.ch\\\/de\\\/produkt\\\/compo-4-eimer-fuer-essensreste-stone\\\/#breadcrumb\",\"itemListElement\":[{\"@type\":\"ListItem\",\"position\":1,\"name\":\"Accueil\",\"item\":\"https:\\\/\\\/shop.bantam.ch\\\/de\\\/\"},{\"@type\":\"ListItem\",\"position\":2,\"name\":\"Shop\",\"item\":\"https:\\\/\\\/shop.bantam.ch\\\/de\\\/shop\\\/\"},{\"@type\":\"ListItem\",\"position\":3,\"name\":\"Compo 4 Joseph Joseph Eimer f\u00fcr Essensreste Stone\"}]},{\"@type\":\"WebSite\",\"@id\":\"https:\\\/\\\/shop.bantam.ch\\\/de\\\/#website\",\"url\":\"https:\\\/\\\/shop.bantam.ch\\\/de\\\/\",\"name\":\"Bantam\",\"description\":\"\",\"publisher\":{\"@id\":\"https:\\\/\\\/shop.bantam.ch\\\/de\\\/#organization\"},\"inLanguage\":\"de\"},{\"@type\":\"Organization\",\"@id\":\"https:\\\/\\\/shop.bantam.ch\\\/de\\\/#organization\",\"name\":\"Bantam\",\"url\":\"https:\\\/\\\/shop.bantam.ch\\\/de\\\/\",\"logo\":{\"@type\":\"ImageObject\",\"inLanguage\":\"de\",\"@id\":\"https:\\\/\\\/shop.bantam.ch\\\/de\\\/#\\\/schema\\\/logo\\\/image\\\/\",\"url\":\"https:\\\/\\\/shop.bantam.ch\\\/wp-content\\\/uploads\\\/2022\\\/12\\\/bantam-logo.png\",\"contentUrl\":\"https:\\\/\\\/shop.bantam.ch\\\/wp-content\\\/uploads\\\/2022\\\/12\\\/bantam-logo.png\",\"width\":320,\"height\":71,\"caption\":\"Bantam\"},\"image\":{\"@id\":\"https:\\\/\\\/shop.bantam.ch\\\/de\\\/#\\\/schema\\\/logo\\\/image\\\/\"}}]}<\/script>\n<!-- \/ Yoast SEO plugin. -->","yoast_head_json":{"title":"Compo 4 Joseph Joseph Eimer f\u00fcr Essensreste Stone - Bantam","robots":{"index":"index","follow":"follow","max-snippet":"max-snippet:-1","max-image-preview":"max-image-preview:large","max-video-preview":"max-video-preview:-1"},"canonical":"https:\/\/shop.bantam.ch\/de\/produkt\/compo-4-eimer-fuer-essensreste-stone\/","og_locale":"de_DE","og_type":"article","og_title":"Compo 4 Joseph Joseph Eimer f\u00fcr Essensreste Stone - Bantam","og_description":"Dieser schlanke Beh\u00e4lter f\u00fcr Lebensmittelabf\u00e4lle wurde entwickelt, um das Sammeln von Lebensmittelresten zu erleichtern, da er \u00fcber einen praktischen Klappdeckel und eine extra breite \u00d6ffnung verf\u00fcgt. Breite \u00d6ffnung erleichtert das Abkratzen von Speisen vom Teller Einstellbare Bel\u00fcftungs\u00f6ffnung: offen &#8211; hilft Feuchtigkeits- und Geruchsbildung zu reduzieren; geschlossen &#8211; bietet Insektenschutz Schlankes Design, perfekt f\u00fcr die Aufbewahrung [&hellip;]","og_url":"https:\/\/shop.bantam.ch\/de\/produkt\/compo-4-eimer-fuer-essensreste-stone\/","og_site_name":"Bantam","article_modified_time":"2026-05-02T19:30:01+00:00","og_image":[{"width":1000,"height":869,"url":"https:\/\/shop.bantam.ch\/wp-content\/uploads\/2023\/02\/993495811.jpg","type":"image\/jpeg"}],"twitter_card":"summary_large_image","schema":{"@context":"https:\/\/schema.org","@graph":[{"@type":"WebPage","@id":"https:\/\/shop.bantam.ch\/de\/produkt\/compo-4-eimer-fuer-essensreste-stone\/","url":"https:\/\/shop.bantam.ch\/de\/produkt\/compo-4-eimer-fuer-essensreste-stone\/","name":"Compo 4 Joseph Joseph Eimer f\u00fcr Essensreste Stone - Bantam","isPartOf":{"@id":"https:\/\/shop.bantam.ch\/de\/#website"},"primaryImageOfPage":{"@id":"https:\/\/shop.bantam.ch\/de\/produkt\/compo-4-eimer-fuer-essensreste-stone\/#primaryimage"},"image":{"@id":"https:\/\/shop.bantam.ch\/de\/produkt\/compo-4-eimer-fuer-essensreste-stone\/#primaryimage"},"thumbnailUrl":"https:\/\/shop.bantam.ch\/wp-content\/uploads\/2023\/02\/993495811.jpg","datePublished":"2023-02-28T04:38:11+00:00","dateModified":"2026-05-02T19:30:01+00:00","breadcrumb":{"@id":"https:\/\/shop.bantam.ch\/de\/produkt\/compo-4-eimer-fuer-essensreste-stone\/#breadcrumb"},"inLanguage":"de","potentialAction":[{"@type":"ReadAction","target":["https:\/\/shop.bantam.ch\/de\/produkt\/compo-4-eimer-fuer-essensreste-stone\/"]}]},{"@type":"ImageObject","inLanguage":"de","@id":"https:\/\/shop.bantam.ch\/de\/produkt\/compo-4-eimer-fuer-essensreste-stone\/#primaryimage","url":"https:\/\/shop.bantam.ch\/wp-content\/uploads\/2023\/02\/993495811.jpg","contentUrl":"https:\/\/shop.bantam.ch\/wp-content\/uploads\/2023\/02\/993495811.jpg","width":1000,"height":869},{"@type":"BreadcrumbList","@id":"https:\/\/shop.bantam.ch\/de\/produkt\/compo-4-eimer-fuer-essensreste-stone\/#breadcrumb","itemListElement":[{"@type":"ListItem","position":1,"name":"Accueil","item":"https:\/\/shop.bantam.ch\/de\/"},{"@type":"ListItem","position":2,"name":"Shop","item":"https:\/\/shop.bantam.ch\/de\/shop\/"},{"@type":"ListItem","position":3,"name":"Compo 4 Joseph Joseph Eimer f\u00fcr Essensreste Stone"}]},{"@type":"WebSite","@id":"https:\/\/shop.bantam.ch\/de\/#website","url":"https:\/\/shop.bantam.ch\/de\/","name":"Bantam","description":"","publisher":{"@id":"https:\/\/shop.bantam.ch\/de\/#organization"},"inLanguage":"de"},{"@type":"Organization","@id":"https:\/\/shop.bantam.ch\/de\/#organization","name":"Bantam","url":"https:\/\/shop.bantam.ch\/de\/","logo":{"@type":"ImageObject","inLanguage":"de","@id":"https:\/\/shop.bantam.ch\/de\/#\/schema\/logo\/image\/","url":"https:\/\/shop.bantam.ch\/wp-content\/uploads\/2022\/12\/bantam-logo.png","contentUrl":"https:\/\/shop.bantam.ch\/wp-content\/uploads\/2022\/12\/bantam-logo.png","width":320,"height":71,"caption":"Bantam"},"image":{"@id":"https:\/\/shop.bantam.ch\/de\/#\/schema\/logo\/image\/"}}]}},"_links":{"self":[{"href":"https:\/\/shop.bantam.ch\/de\/wp-json\/wp\/v2\/product\/97600","targetHints":{"allow":["GET"]}}],"collection":[{"href":"https:\/\/shop.bantam.ch\/de\/wp-json\/wp\/v2\/product"}],"about":[{"href":"https:\/\/shop.bantam.ch\/de\/wp-json\/wp\/v2\/types\/product"}],"wp:featuredmedia":[{"embeddable":true,"href":"https:\/\/shop.bantam.ch\/de\/wp-json\/wp\/v2\/media\/97586"}],"wp:attachment":[{"href":"https:\/\/shop.bantam.ch\/de\/wp-json\/wp\/v2\/media?parent=97600"}],"wp:term":[{"taxonomy":"product_featured_cat","embeddable":true,"href":"https:\/\/shop.bantam.ch\/de\/wp-json\/wp\/v2\/product_featured_cat?post=97600"},{"taxonomy":"product_brand","embeddable":true,"href":"https:\/\/shop.bantam.ch\/de\/wp-json\/wp\/v2\/product_brand?post=97600"},{"taxonomy":"product_cat","embeddable":true,"href":"https:\/\/shop.bantam.ch\/de\/wp-json\/wp\/v2\/product_cat?post=97600"},{"taxonomy":"product_tag","embeddable":true,"href":"https:\/\/shop.bantam.ch\/de\/wp-json\/wp\/v2\/product_tag?post=97600"}],"curies":[{"name":"wp","href":"https:\/\/api.w.org\/{rel}","templated":true}]}}