{"id":97516,"date":"2023-02-28T05:35:37","date_gmt":"2023-02-28T04:35:37","guid":{"rendered":"http:\/\/shop.bantam.ch\/produit\/satanlage-easysat-astra-192-grad-ost-version-fuer-kastenwagen\/"},"modified":"2026-04-17T22:56:05","modified_gmt":"2026-04-17T20:56:05","slug":"satanlage-easysat-astra-192-grad-ost-version-fuer-kastenwagen","status":"publish","type":"product","link":"https:\/\/shop.bantam.ch\/de\/produkt\/satanlage-easysat-astra-192-grad-ost-version-fuer-kastenwagen\/","title":{"rendered":"Satanlage EasySat Astra 19,2 Grad Ost, Version f\u00fcr Kastenwagen"},"content":{"rendered":"<p>Easysat<\/p>\n<p>Unsere Neue hei\u00dft nicht nur Easy, ihr Name ist &#8211; wie man so sch\u00f6n sagt &#8211; Programm. Einmal montiert, beginnt mit Easy-Sat das Fernsehvergn\u00fcgen buchst\u00e4blich mit einem Knopfdruck. L\u00e4stiges Ausrichten geh\u00f6rt der Vergangenheit an. Lehnen Sie sich zur\u00fcck, diese Anlage erledigt alles vollautomatisch, schnell und zuverl\u00e4ssig f\u00fcr Sie. Selbst um das Einfahren der Anlage bevor Sie sich auf den Weg machen, brauchen Sie sich nicht zu k\u00fcmmern. So k\u00f6nnen Sie jederzeit Ihre Reise fortsetzen, ohne an die Anlage denken zu m\u00fcssen.<\/p>\n<p>Ausf\u00fchrung EasySat<\/p>\n<p>Easy-Sat ist speziell f\u00fcr den Einsatz mit einem Satelliten konzipiert. Der 45 cm Offset-Spiegel bietet hervorragenden Empfang nahezu in ganz Europa. Dabei m\u00fcssen Sie an Ihrer technischen Ausstattung nichts \u00e4ndern. Behalten Sie Ihren alten Receiver oder kaufen Sie sich den, der Ihnen gef\u00e4llt, EasySat arbeitet mit jedem Receiver, egal ob nur digital oder in HDTV. Easy-Sat ist durch die Einknopfbedienung nicht nur einfach zu bedienen, sondern auch ihre kompakte Bauweise, und ihre damit auf ein Minimum reduzierten Abmessungen und ihr Gewicht, zeichnen sie aus. Auch bei der Qualit\u00e4t brauchen Sie keine Kompromisse eingehen. Easy-Sat ist Made in Germany und bietet die Qualit\u00e4t, f\u00fcr die Crystop bekannt ist. Das Steuerger\u00e4t selbst besitzt jetzt das schon seit Jahren bew\u00e4hrte und hochwertige Metallgeh\u00e4use der AutoSat2 Control Baureihe mit den ausklappbaren Befestigungswinkeln. Damit kann es einfach und sicher im Fahrzeug verbaut werden.<\/p>\n<p>Kastenwagenprofil<\/p>\n<p>NEU: Mit dem Kastenwagenprofil passt sich die EasySat einfach den Trapezblechd\u00e4chern der weit verbreiteten Kastenwagend\u00e4chern an. Damit wird die Montage auf ein profiliertes Kastenwagendach zum Kinderspiel. Vorbei die Zeiten in denen m\u00fchsam eine Adapterplatte hergestellt werden musste. Unterseite der Profile mit dem geeigneten Klebstoff versehen und passgenau in die Sicken auf dem Dach montieren. Selbst die Dachdurchf\u00fchrung ist f\u00fcr das Trapezdach eines Kastenwagens optimiert. Damit sind die Zeiten in denen die Dachdurchf\u00fchrung mit mehreren Lagen Dichtmasse versehen werden musste endlich vorbei.<\/p>\n","protected":false},"excerpt":{"rendered":"<p>Easysat Unsere Neue hei\u00dft nicht nur Easy, ihr Name ist &#8211; wie man so sch\u00f6n sagt &#8211; Programm. Einmal montiert, beginnt mit Easy-Sat das Fernsehvergn\u00fcgen buchst\u00e4blich mit einem Knopfdruck. L\u00e4stiges Ausrichten geh\u00f6rt der Vergangenheit an. Lehnen Sie sich zur\u00fcck, diese Anlage erledigt alles vollautomatisch, schnell und zuverl\u00e4ssig f\u00fcr Sie. Selbst um das Einfahren der Anlage [&hellip;]<\/p>\n","protected":false},"featured_media":97502,"template":"","meta":{"_acf_changed":false},"product_featured_cat":[],"product_brand":[3421],"product_cat":[4524],"product_tag":[],"class_list":{"0":"post-97516","1":"product","2":"type-product","3":"status-publish","4":"has-post-thumbnail","6":"product_brand-crystop-de","7":"product_cat-sat-anlagen","9":"first","10":"instock","11":"taxable","12":"shipping-taxable","13":"purchasable","14":"product-type-variable"},"acf":[],"yoast_head":"<!-- This site is optimized with the Yoast SEO plugin v27.4 - https:\/\/yoast.com\/product\/yoast-seo-wordpress\/ -->\n<title>Satanlage EasySat Astra 19,2 Grad Ost, Version f\u00fcr Kastenwagen - Bantam Camping AG<\/title>\n<meta name=\"robots\" content=\"index, follow, max-snippet:-1, max-image-preview:large, max-video-preview:-1\" \/>\n<link rel=\"canonical\" href=\"https:\/\/shop.bantam.ch\/de\/produkt\/satanlage-easysat-astra-192-grad-ost-version-fuer-kastenwagen\/\" \/>\n<meta property=\"og:locale\" content=\"de_DE\" \/>\n<meta property=\"og:type\" content=\"article\" \/>\n<meta property=\"og:title\" content=\"Satanlage EasySat Astra 19,2 Grad Ost, Version f\u00fcr Kastenwagen - Bantam Camping AG\" \/>\n<meta property=\"og:description\" content=\"Easysat Unsere Neue hei\u00dft nicht nur Easy, ihr Name ist &#8211; wie man so sch\u00f6n sagt &#8211; Programm. Einmal montiert, beginnt mit Easy-Sat das Fernsehvergn\u00fcgen buchst\u00e4blich mit einem Knopfdruck. L\u00e4stiges Ausrichten geh\u00f6rt der Vergangenheit an. Lehnen Sie sich zur\u00fcck, diese Anlage erledigt alles vollautomatisch, schnell und zuverl\u00e4ssig f\u00fcr Sie. Selbst um das Einfahren der Anlage [&hellip;]\" \/>\n<meta property=\"og:url\" content=\"https:\/\/shop.bantam.ch\/de\/produkt\/satanlage-easysat-astra-192-grad-ost-version-fuer-kastenwagen\/\" \/>\n<meta property=\"og:site_name\" content=\"Bantam Camping AG\" \/>\n<meta property=\"article:modified_time\" content=\"2026-04-17T20:56:05+00:00\" \/>\n<meta property=\"og:image\" content=\"https:\/\/shop.bantam.ch\/wp-content\/uploads\/2023\/02\/9954537119N26zL6lIDtdk.jpg\" \/>\n\t<meta property=\"og:image:width\" content=\"667\" \/>\n\t<meta property=\"og:image:height\" content=\"1000\" \/>\n\t<meta property=\"og:image:type\" content=\"image\/jpeg\" \/>\n<meta name=\"twitter:card\" content=\"summary_large_image\" \/>\n<meta name=\"twitter:label1\" content=\"Gesch\u00e4tzte Lesezeit\" \/>\n\t<meta name=\"twitter:data1\" content=\"2\u00a0Minuten\" \/>\n<script type=\"application\/ld+json\" class=\"yoast-schema-graph\">{\"@context\":\"https:\\\/\\\/schema.org\",\"@graph\":[{\"@type\":\"WebPage\",\"@id\":\"https:\\\/\\\/shop.bantam.ch\\\/de\\\/produkt\\\/satanlage-easysat-astra-192-grad-ost-version-fuer-kastenwagen\\\/\",\"url\":\"https:\\\/\\\/shop.bantam.ch\\\/de\\\/produkt\\\/satanlage-easysat-astra-192-grad-ost-version-fuer-kastenwagen\\\/\",\"name\":\"Satanlage EasySat Astra 19,2 Grad Ost, Version f\u00fcr Kastenwagen - Bantam Camping AG\",\"isPartOf\":{\"@id\":\"https:\\\/\\\/shop.bantam.ch\\\/de\\\/#website\"},\"primaryImageOfPage\":{\"@id\":\"https:\\\/\\\/shop.bantam.ch\\\/de\\\/produkt\\\/satanlage-easysat-astra-192-grad-ost-version-fuer-kastenwagen\\\/#primaryimage\"},\"image\":{\"@id\":\"https:\\\/\\\/shop.bantam.ch\\\/de\\\/produkt\\\/satanlage-easysat-astra-192-grad-ost-version-fuer-kastenwagen\\\/#primaryimage\"},\"thumbnailUrl\":\"https:\\\/\\\/shop.bantam.ch\\\/wp-content\\\/uploads\\\/2023\\\/02\\\/9954537119N26zL6lIDtdk.jpg\",\"datePublished\":\"2023-02-28T04:35:37+00:00\",\"dateModified\":\"2026-04-17T20:56:05+00:00\",\"breadcrumb\":{\"@id\":\"https:\\\/\\\/shop.bantam.ch\\\/de\\\/produkt\\\/satanlage-easysat-astra-192-grad-ost-version-fuer-kastenwagen\\\/#breadcrumb\"},\"inLanguage\":\"de\",\"potentialAction\":[{\"@type\":\"ReadAction\",\"target\":[\"https:\\\/\\\/shop.bantam.ch\\\/de\\\/produkt\\\/satanlage-easysat-astra-192-grad-ost-version-fuer-kastenwagen\\\/\"]}]},{\"@type\":\"ImageObject\",\"inLanguage\":\"de\",\"@id\":\"https:\\\/\\\/shop.bantam.ch\\\/de\\\/produkt\\\/satanlage-easysat-astra-192-grad-ost-version-fuer-kastenwagen\\\/#primaryimage\",\"url\":\"https:\\\/\\\/shop.bantam.ch\\\/wp-content\\\/uploads\\\/2023\\\/02\\\/9954537119N26zL6lIDtdk.jpg\",\"contentUrl\":\"https:\\\/\\\/shop.bantam.ch\\\/wp-content\\\/uploads\\\/2023\\\/02\\\/9954537119N26zL6lIDtdk.jpg\",\"width\":667,\"height\":1000},{\"@type\":\"BreadcrumbList\",\"@id\":\"https:\\\/\\\/shop.bantam.ch\\\/de\\\/produkt\\\/satanlage-easysat-astra-192-grad-ost-version-fuer-kastenwagen\\\/#breadcrumb\",\"itemListElement\":[{\"@type\":\"ListItem\",\"position\":1,\"name\":\"Accueil\",\"item\":\"https:\\\/\\\/shop.bantam.ch\\\/de\\\/\"},{\"@type\":\"ListItem\",\"position\":2,\"name\":\"Shop\",\"item\":\"https:\\\/\\\/shop.bantam.ch\\\/de\\\/shop\\\/\"},{\"@type\":\"ListItem\",\"position\":3,\"name\":\"Satanlage EasySat Astra 19,2 Grad Ost, Version f\u00fcr Kastenwagen\"}]},{\"@type\":\"WebSite\",\"@id\":\"https:\\\/\\\/shop.bantam.ch\\\/de\\\/#website\",\"url\":\"https:\\\/\\\/shop.bantam.ch\\\/de\\\/\",\"name\":\"Bantam Camping AG\",\"description\":\"\",\"publisher\":{\"@id\":\"https:\\\/\\\/shop.bantam.ch\\\/de\\\/#organization\"},\"inLanguage\":\"de\"},{\"@type\":\"Organization\",\"@id\":\"https:\\\/\\\/shop.bantam.ch\\\/de\\\/#organization\",\"name\":\"Bantam Camping AG\",\"url\":\"https:\\\/\\\/shop.bantam.ch\\\/de\\\/\",\"logo\":{\"@type\":\"ImageObject\",\"inLanguage\":\"de\",\"@id\":\"https:\\\/\\\/shop.bantam.ch\\\/de\\\/#\\\/schema\\\/logo\\\/image\\\/\",\"url\":\"https:\\\/\\\/shop.bantam.ch\\\/wp-content\\\/uploads\\\/2022\\\/12\\\/bantam-logo.png\",\"contentUrl\":\"https:\\\/\\\/shop.bantam.ch\\\/wp-content\\\/uploads\\\/2022\\\/12\\\/bantam-logo.png\",\"width\":320,\"height\":71,\"caption\":\"Bantam Camping AG\"},\"image\":{\"@id\":\"https:\\\/\\\/shop.bantam.ch\\\/de\\\/#\\\/schema\\\/logo\\\/image\\\/\"}}]}<\/script>\n<!-- \/ Yoast SEO plugin. -->","yoast_head_json":{"title":"Satanlage EasySat Astra 19,2 Grad Ost, Version f\u00fcr Kastenwagen - Bantam Camping AG","robots":{"index":"index","follow":"follow","max-snippet":"max-snippet:-1","max-image-preview":"max-image-preview:large","max-video-preview":"max-video-preview:-1"},"canonical":"https:\/\/shop.bantam.ch\/de\/produkt\/satanlage-easysat-astra-192-grad-ost-version-fuer-kastenwagen\/","og_locale":"de_DE","og_type":"article","og_title":"Satanlage EasySat Astra 19,2 Grad Ost, Version f\u00fcr Kastenwagen - Bantam Camping AG","og_description":"Easysat Unsere Neue hei\u00dft nicht nur Easy, ihr Name ist &#8211; wie man so sch\u00f6n sagt &#8211; Programm. Einmal montiert, beginnt mit Easy-Sat das Fernsehvergn\u00fcgen buchst\u00e4blich mit einem Knopfdruck. L\u00e4stiges Ausrichten geh\u00f6rt der Vergangenheit an. Lehnen Sie sich zur\u00fcck, diese Anlage erledigt alles vollautomatisch, schnell und zuverl\u00e4ssig f\u00fcr Sie. Selbst um das Einfahren der Anlage [&hellip;]","og_url":"https:\/\/shop.bantam.ch\/de\/produkt\/satanlage-easysat-astra-192-grad-ost-version-fuer-kastenwagen\/","og_site_name":"Bantam Camping AG","article_modified_time":"2026-04-17T20:56:05+00:00","og_image":[{"width":667,"height":1000,"url":"https:\/\/shop.bantam.ch\/wp-content\/uploads\/2023\/02\/9954537119N26zL6lIDtdk.jpg","type":"image\/jpeg"}],"twitter_card":"summary_large_image","twitter_misc":{"Gesch\u00e4tzte Lesezeit":"2\u00a0Minuten"},"schema":{"@context":"https:\/\/schema.org","@graph":[{"@type":"WebPage","@id":"https:\/\/shop.bantam.ch\/de\/produkt\/satanlage-easysat-astra-192-grad-ost-version-fuer-kastenwagen\/","url":"https:\/\/shop.bantam.ch\/de\/produkt\/satanlage-easysat-astra-192-grad-ost-version-fuer-kastenwagen\/","name":"Satanlage EasySat Astra 19,2 Grad Ost, Version f\u00fcr Kastenwagen - Bantam Camping AG","isPartOf":{"@id":"https:\/\/shop.bantam.ch\/de\/#website"},"primaryImageOfPage":{"@id":"https:\/\/shop.bantam.ch\/de\/produkt\/satanlage-easysat-astra-192-grad-ost-version-fuer-kastenwagen\/#primaryimage"},"image":{"@id":"https:\/\/shop.bantam.ch\/de\/produkt\/satanlage-easysat-astra-192-grad-ost-version-fuer-kastenwagen\/#primaryimage"},"thumbnailUrl":"https:\/\/shop.bantam.ch\/wp-content\/uploads\/2023\/02\/9954537119N26zL6lIDtdk.jpg","datePublished":"2023-02-28T04:35:37+00:00","dateModified":"2026-04-17T20:56:05+00:00","breadcrumb":{"@id":"https:\/\/shop.bantam.ch\/de\/produkt\/satanlage-easysat-astra-192-grad-ost-version-fuer-kastenwagen\/#breadcrumb"},"inLanguage":"de","potentialAction":[{"@type":"ReadAction","target":["https:\/\/shop.bantam.ch\/de\/produkt\/satanlage-easysat-astra-192-grad-ost-version-fuer-kastenwagen\/"]}]},{"@type":"ImageObject","inLanguage":"de","@id":"https:\/\/shop.bantam.ch\/de\/produkt\/satanlage-easysat-astra-192-grad-ost-version-fuer-kastenwagen\/#primaryimage","url":"https:\/\/shop.bantam.ch\/wp-content\/uploads\/2023\/02\/9954537119N26zL6lIDtdk.jpg","contentUrl":"https:\/\/shop.bantam.ch\/wp-content\/uploads\/2023\/02\/9954537119N26zL6lIDtdk.jpg","width":667,"height":1000},{"@type":"BreadcrumbList","@id":"https:\/\/shop.bantam.ch\/de\/produkt\/satanlage-easysat-astra-192-grad-ost-version-fuer-kastenwagen\/#breadcrumb","itemListElement":[{"@type":"ListItem","position":1,"name":"Accueil","item":"https:\/\/shop.bantam.ch\/de\/"},{"@type":"ListItem","position":2,"name":"Shop","item":"https:\/\/shop.bantam.ch\/de\/shop\/"},{"@type":"ListItem","position":3,"name":"Satanlage EasySat Astra 19,2 Grad Ost, Version f\u00fcr Kastenwagen"}]},{"@type":"WebSite","@id":"https:\/\/shop.bantam.ch\/de\/#website","url":"https:\/\/shop.bantam.ch\/de\/","name":"Bantam Camping AG","description":"","publisher":{"@id":"https:\/\/shop.bantam.ch\/de\/#organization"},"inLanguage":"de"},{"@type":"Organization","@id":"https:\/\/shop.bantam.ch\/de\/#organization","name":"Bantam Camping AG","url":"https:\/\/shop.bantam.ch\/de\/","logo":{"@type":"ImageObject","inLanguage":"de","@id":"https:\/\/shop.bantam.ch\/de\/#\/schema\/logo\/image\/","url":"https:\/\/shop.bantam.ch\/wp-content\/uploads\/2022\/12\/bantam-logo.png","contentUrl":"https:\/\/shop.bantam.ch\/wp-content\/uploads\/2022\/12\/bantam-logo.png","width":320,"height":71,"caption":"Bantam Camping AG"},"image":{"@id":"https:\/\/shop.bantam.ch\/de\/#\/schema\/logo\/image\/"}}]}},"_links":{"self":[{"href":"https:\/\/shop.bantam.ch\/de\/wp-json\/wp\/v2\/product\/97516","targetHints":{"allow":["GET"]}}],"collection":[{"href":"https:\/\/shop.bantam.ch\/de\/wp-json\/wp\/v2\/product"}],"about":[{"href":"https:\/\/shop.bantam.ch\/de\/wp-json\/wp\/v2\/types\/product"}],"wp:featuredmedia":[{"embeddable":true,"href":"https:\/\/shop.bantam.ch\/de\/wp-json\/wp\/v2\/media\/97502"}],"wp:attachment":[{"href":"https:\/\/shop.bantam.ch\/de\/wp-json\/wp\/v2\/media?parent=97516"}],"wp:term":[{"taxonomy":"product_featured_cat","embeddable":true,"href":"https:\/\/shop.bantam.ch\/de\/wp-json\/wp\/v2\/product_featured_cat?post=97516"},{"taxonomy":"product_brand","embeddable":true,"href":"https:\/\/shop.bantam.ch\/de\/wp-json\/wp\/v2\/product_brand?post=97516"},{"taxonomy":"product_cat","embeddable":true,"href":"https:\/\/shop.bantam.ch\/de\/wp-json\/wp\/v2\/product_cat?post=97516"},{"taxonomy":"product_tag","embeddable":true,"href":"https:\/\/shop.bantam.ch\/de\/wp-json\/wp\/v2\/product_tag?post=97516"}],"curies":[{"name":"wp","href":"https:\/\/api.w.org\/{rel}","templated":true}]}}