{"id":97496,"date":"2023-02-28T05:35:26","date_gmt":"2023-02-28T04:35:26","guid":{"rendered":"http:\/\/shop.bantam.ch\/produit\/fahrradtraeger-eurocarry-scharnierbefestigung-fuer-fiat-ducato-ab-07-2006-2-fahrraeder-_e-bike-geeignet\/"},"modified":"2026-04-17T21:30:44","modified_gmt":"2026-04-17T19:30:44","slug":"fahrradtraeger-eurocarry-scharnierbefestigung-fuer-fiat-ducato-ab-07-2006-2-fahrraeder-_e-bike-geeignet","status":"publish","type":"product","link":"https:\/\/shop.bantam.ch\/de\/produkt\/fahrradtraeger-eurocarry-scharnierbefestigung-fuer-fiat-ducato-ab-07-2006-2-fahrraeder-_e-bike-geeignet\/","title":{"rendered":"Fahrradtr\u00e4ger Eurocarry Scharnierbefestigung f\u00fcr Fiat Ducato ab 07\/2006 2 Fahrr\u00e4der _E-Bike geeignet_"},"content":{"rendered":"<p>Die Montage erfolgt, ohne Bohren oder Kleben, an den Befestigungsschrauben der T\u00fcrscharniere. Dadurch kann der Tr\u00e4ger innerhalb k\u00fcrzester Zeit montiert werden. Zum \u00d6ffnen der Heckt\u00fcren kann der Fahrradtr\u00e4ger seitlich nach rechts weggeschwenkt werden (Max. T\u00fcr\u00f6ffnung 90\u00b0). Die Beladeh\u00f6he in der Grundvariante manuell betr\u00e4gt 1,3 m. F\u00fcr den tiefergelegten Schienentr\u00e4ger wird zus\u00e4tzlich die Beleuchtungsleiste ben\u00f6tigt (Auf Anfrage). Nicht f\u00fcr 270\u00b0-T\u00fcren geeignet.<\/p>\n<p>\u00a0<\/p>\n<ul>\n<li>Beladung max. 2 Fahrr\u00e4der<\/li>\n<li>E-Bike geeignet<\/li>\n<\/ul>\n<ul>\n<li>177 x 116 x 25 cm (B x H x T) hochgeklappt<\/li>\n<li>177 x 116 x 60 cm (B x H x T) aufgeklappt<\/li>\n<\/ul>\n<p>Lieferumfang:<br \/>Pulverbeschichtetes Aluminium Rohr in schwarz matt, \u00d8 42 mm, 2 Aluminium Fahrradschienen 137 cm lang mit je 2 Radschalen inkl. 2 Ratschenb\u00e4nder, 2 Befestigungskrallen<\/p>\n","protected":false},"excerpt":{"rendered":"<p>Die Montage erfolgt, ohne Bohren oder Kleben, an den Befestigungsschrauben der T\u00fcrscharniere. Dadurch kann der Tr\u00e4ger innerhalb k\u00fcrzester Zeit montiert werden. Zum \u00d6ffnen der Heckt\u00fcren kann der Fahrradtr\u00e4ger seitlich nach rechts weggeschwenkt werden (Max. T\u00fcr\u00f6ffnung 90\u00b0). Die Beladeh\u00f6he in der Grundvariante manuell betr\u00e4gt 1,3 m. F\u00fcr den tiefergelegten Schienentr\u00e4ger wird zus\u00e4tzlich die Beleuchtungsleiste ben\u00f6tigt (Auf [&hellip;]<\/p>\n","protected":false},"featured_media":97494,"template":"","meta":{"_acf_changed":false},"product_featured_cat":[],"product_brand":[3227],"product_cat":[5138],"product_tag":[],"class_list":{"0":"post-97496","1":"product","2":"type-product","3":"status-publish","4":"has-post-thumbnail","6":"product_brand-eurocarry-de","7":"product_cat-heck-fahrradtraeger","9":"first","10":"instock","11":"taxable","12":"shipping-taxable","13":"purchasable","14":"product-type-simple"},"acf":[],"yoast_head":"<!-- This site is optimized with the Yoast SEO plugin v27.4 - https:\/\/yoast.com\/product\/yoast-seo-wordpress\/ -->\n<title>Fahrradtr\u00e4ger Eurocarry Scharnierbefestigung f\u00fcr Fiat Ducato ab 07\/2006 2 Fahrr\u00e4der _E-Bike geeignet_ - Bantam Camping AG<\/title>\n<meta name=\"robots\" content=\"index, follow, max-snippet:-1, max-image-preview:large, max-video-preview:-1\" \/>\n<link rel=\"canonical\" href=\"https:\/\/shop.bantam.ch\/de\/produkt\/fahrradtraeger-eurocarry-scharnierbefestigung-fuer-fiat-ducato-ab-07-2006-2-fahrraeder-_e-bike-geeignet\/\" \/>\n<meta property=\"og:locale\" content=\"de_DE\" \/>\n<meta property=\"og:type\" content=\"article\" \/>\n<meta property=\"og:title\" content=\"Fahrradtr\u00e4ger Eurocarry Scharnierbefestigung f\u00fcr Fiat Ducato ab 07\/2006 2 Fahrr\u00e4der _E-Bike geeignet_ - Bantam Camping AG\" \/>\n<meta property=\"og:description\" content=\"Die Montage erfolgt, ohne Bohren oder Kleben, an den Befestigungsschrauben der T\u00fcrscharniere. Dadurch kann der Tr\u00e4ger innerhalb k\u00fcrzester Zeit montiert werden. Zum \u00d6ffnen der Heckt\u00fcren kann der Fahrradtr\u00e4ger seitlich nach rechts weggeschwenkt werden (Max. T\u00fcr\u00f6ffnung 90\u00b0). Die Beladeh\u00f6he in der Grundvariante manuell betr\u00e4gt 1,3 m. F\u00fcr den tiefergelegten Schienentr\u00e4ger wird zus\u00e4tzlich die Beleuchtungsleiste ben\u00f6tigt (Auf [&hellip;]\" \/>\n<meta property=\"og:url\" content=\"https:\/\/shop.bantam.ch\/de\/produkt\/fahrradtraeger-eurocarry-scharnierbefestigung-fuer-fiat-ducato-ab-07-2006-2-fahrraeder-_e-bike-geeignet\/\" \/>\n<meta property=\"og:site_name\" content=\"Bantam Camping AG\" \/>\n<meta property=\"article:modified_time\" content=\"2026-04-17T19:30:44+00:00\" \/>\n<meta property=\"og:image\" content=\"https:\/\/shop.bantam.ch\/wp-content\/uploads\/2023\/02\/993476511axTwRzBqXlxS1.jpg\" \/>\n\t<meta property=\"og:image:width\" content=\"1000\" \/>\n\t<meta property=\"og:image:height\" content=\"547\" \/>\n\t<meta property=\"og:image:type\" content=\"image\/jpeg\" \/>\n<meta name=\"twitter:card\" content=\"summary_large_image\" \/>\n<meta name=\"twitter:label1\" content=\"Gesch\u00e4tzte Lesezeit\" \/>\n\t<meta name=\"twitter:data1\" content=\"1\u00a0Minute\" \/>\n<script type=\"application\/ld+json\" class=\"yoast-schema-graph\">{\"@context\":\"https:\\\/\\\/schema.org\",\"@graph\":[{\"@type\":\"WebPage\",\"@id\":\"https:\\\/\\\/shop.bantam.ch\\\/de\\\/produkt\\\/fahrradtraeger-eurocarry-scharnierbefestigung-fuer-fiat-ducato-ab-07-2006-2-fahrraeder-_e-bike-geeignet\\\/\",\"url\":\"https:\\\/\\\/shop.bantam.ch\\\/de\\\/produkt\\\/fahrradtraeger-eurocarry-scharnierbefestigung-fuer-fiat-ducato-ab-07-2006-2-fahrraeder-_e-bike-geeignet\\\/\",\"name\":\"Fahrradtr\u00e4ger Eurocarry Scharnierbefestigung f\u00fcr Fiat Ducato ab 07\\\/2006 2 Fahrr\u00e4der _E-Bike geeignet_ - Bantam Camping AG\",\"isPartOf\":{\"@id\":\"https:\\\/\\\/shop.bantam.ch\\\/de\\\/#website\"},\"primaryImageOfPage\":{\"@id\":\"https:\\\/\\\/shop.bantam.ch\\\/de\\\/produkt\\\/fahrradtraeger-eurocarry-scharnierbefestigung-fuer-fiat-ducato-ab-07-2006-2-fahrraeder-_e-bike-geeignet\\\/#primaryimage\"},\"image\":{\"@id\":\"https:\\\/\\\/shop.bantam.ch\\\/de\\\/produkt\\\/fahrradtraeger-eurocarry-scharnierbefestigung-fuer-fiat-ducato-ab-07-2006-2-fahrraeder-_e-bike-geeignet\\\/#primaryimage\"},\"thumbnailUrl\":\"https:\\\/\\\/shop.bantam.ch\\\/wp-content\\\/uploads\\\/2023\\\/02\\\/993476511axTwRzBqXlxS1.jpg\",\"datePublished\":\"2023-02-28T04:35:26+00:00\",\"dateModified\":\"2026-04-17T19:30:44+00:00\",\"breadcrumb\":{\"@id\":\"https:\\\/\\\/shop.bantam.ch\\\/de\\\/produkt\\\/fahrradtraeger-eurocarry-scharnierbefestigung-fuer-fiat-ducato-ab-07-2006-2-fahrraeder-_e-bike-geeignet\\\/#breadcrumb\"},\"inLanguage\":\"de\",\"potentialAction\":[{\"@type\":\"ReadAction\",\"target\":[\"https:\\\/\\\/shop.bantam.ch\\\/de\\\/produkt\\\/fahrradtraeger-eurocarry-scharnierbefestigung-fuer-fiat-ducato-ab-07-2006-2-fahrraeder-_e-bike-geeignet\\\/\"]}]},{\"@type\":\"ImageObject\",\"inLanguage\":\"de\",\"@id\":\"https:\\\/\\\/shop.bantam.ch\\\/de\\\/produkt\\\/fahrradtraeger-eurocarry-scharnierbefestigung-fuer-fiat-ducato-ab-07-2006-2-fahrraeder-_e-bike-geeignet\\\/#primaryimage\",\"url\":\"https:\\\/\\\/shop.bantam.ch\\\/wp-content\\\/uploads\\\/2023\\\/02\\\/993476511axTwRzBqXlxS1.jpg\",\"contentUrl\":\"https:\\\/\\\/shop.bantam.ch\\\/wp-content\\\/uploads\\\/2023\\\/02\\\/993476511axTwRzBqXlxS1.jpg\",\"width\":1000,\"height\":547},{\"@type\":\"BreadcrumbList\",\"@id\":\"https:\\\/\\\/shop.bantam.ch\\\/de\\\/produkt\\\/fahrradtraeger-eurocarry-scharnierbefestigung-fuer-fiat-ducato-ab-07-2006-2-fahrraeder-_e-bike-geeignet\\\/#breadcrumb\",\"itemListElement\":[{\"@type\":\"ListItem\",\"position\":1,\"name\":\"Accueil\",\"item\":\"https:\\\/\\\/shop.bantam.ch\\\/de\\\/\"},{\"@type\":\"ListItem\",\"position\":2,\"name\":\"Shop\",\"item\":\"https:\\\/\\\/shop.bantam.ch\\\/de\\\/shop\\\/\"},{\"@type\":\"ListItem\",\"position\":3,\"name\":\"Fahrradtr\u00e4ger Eurocarry Scharnierbefestigung f\u00fcr Fiat Ducato ab 07\\\/2006 2 Fahrr\u00e4der _E-Bike geeignet_\"}]},{\"@type\":\"WebSite\",\"@id\":\"https:\\\/\\\/shop.bantam.ch\\\/de\\\/#website\",\"url\":\"https:\\\/\\\/shop.bantam.ch\\\/de\\\/\",\"name\":\"Bantam Camping AG\",\"description\":\"\",\"publisher\":{\"@id\":\"https:\\\/\\\/shop.bantam.ch\\\/de\\\/#organization\"},\"inLanguage\":\"de\"},{\"@type\":\"Organization\",\"@id\":\"https:\\\/\\\/shop.bantam.ch\\\/de\\\/#organization\",\"name\":\"Bantam Camping AG\",\"url\":\"https:\\\/\\\/shop.bantam.ch\\\/de\\\/\",\"logo\":{\"@type\":\"ImageObject\",\"inLanguage\":\"de\",\"@id\":\"https:\\\/\\\/shop.bantam.ch\\\/de\\\/#\\\/schema\\\/logo\\\/image\\\/\",\"url\":\"https:\\\/\\\/shop.bantam.ch\\\/wp-content\\\/uploads\\\/2022\\\/12\\\/bantam-logo.png\",\"contentUrl\":\"https:\\\/\\\/shop.bantam.ch\\\/wp-content\\\/uploads\\\/2022\\\/12\\\/bantam-logo.png\",\"width\":320,\"height\":71,\"caption\":\"Bantam Camping AG\"},\"image\":{\"@id\":\"https:\\\/\\\/shop.bantam.ch\\\/de\\\/#\\\/schema\\\/logo\\\/image\\\/\"}}]}<\/script>\n<!-- \/ Yoast SEO plugin. -->","yoast_head_json":{"title":"Fahrradtr\u00e4ger Eurocarry Scharnierbefestigung f\u00fcr Fiat Ducato ab 07\/2006 2 Fahrr\u00e4der _E-Bike geeignet_ - Bantam Camping AG","robots":{"index":"index","follow":"follow","max-snippet":"max-snippet:-1","max-image-preview":"max-image-preview:large","max-video-preview":"max-video-preview:-1"},"canonical":"https:\/\/shop.bantam.ch\/de\/produkt\/fahrradtraeger-eurocarry-scharnierbefestigung-fuer-fiat-ducato-ab-07-2006-2-fahrraeder-_e-bike-geeignet\/","og_locale":"de_DE","og_type":"article","og_title":"Fahrradtr\u00e4ger Eurocarry Scharnierbefestigung f\u00fcr Fiat Ducato ab 07\/2006 2 Fahrr\u00e4der _E-Bike geeignet_ - Bantam Camping AG","og_description":"Die Montage erfolgt, ohne Bohren oder Kleben, an den Befestigungsschrauben der T\u00fcrscharniere. Dadurch kann der Tr\u00e4ger innerhalb k\u00fcrzester Zeit montiert werden. Zum \u00d6ffnen der Heckt\u00fcren kann der Fahrradtr\u00e4ger seitlich nach rechts weggeschwenkt werden (Max. T\u00fcr\u00f6ffnung 90\u00b0). Die Beladeh\u00f6he in der Grundvariante manuell betr\u00e4gt 1,3 m. F\u00fcr den tiefergelegten Schienentr\u00e4ger wird zus\u00e4tzlich die Beleuchtungsleiste ben\u00f6tigt (Auf [&hellip;]","og_url":"https:\/\/shop.bantam.ch\/de\/produkt\/fahrradtraeger-eurocarry-scharnierbefestigung-fuer-fiat-ducato-ab-07-2006-2-fahrraeder-_e-bike-geeignet\/","og_site_name":"Bantam Camping AG","article_modified_time":"2026-04-17T19:30:44+00:00","og_image":[{"width":1000,"height":547,"url":"https:\/\/shop.bantam.ch\/wp-content\/uploads\/2023\/02\/993476511axTwRzBqXlxS1.jpg","type":"image\/jpeg"}],"twitter_card":"summary_large_image","twitter_misc":{"Gesch\u00e4tzte Lesezeit":"1\u00a0Minute"},"schema":{"@context":"https:\/\/schema.org","@graph":[{"@type":"WebPage","@id":"https:\/\/shop.bantam.ch\/de\/produkt\/fahrradtraeger-eurocarry-scharnierbefestigung-fuer-fiat-ducato-ab-07-2006-2-fahrraeder-_e-bike-geeignet\/","url":"https:\/\/shop.bantam.ch\/de\/produkt\/fahrradtraeger-eurocarry-scharnierbefestigung-fuer-fiat-ducato-ab-07-2006-2-fahrraeder-_e-bike-geeignet\/","name":"Fahrradtr\u00e4ger Eurocarry Scharnierbefestigung f\u00fcr Fiat Ducato ab 07\/2006 2 Fahrr\u00e4der _E-Bike geeignet_ - Bantam Camping AG","isPartOf":{"@id":"https:\/\/shop.bantam.ch\/de\/#website"},"primaryImageOfPage":{"@id":"https:\/\/shop.bantam.ch\/de\/produkt\/fahrradtraeger-eurocarry-scharnierbefestigung-fuer-fiat-ducato-ab-07-2006-2-fahrraeder-_e-bike-geeignet\/#primaryimage"},"image":{"@id":"https:\/\/shop.bantam.ch\/de\/produkt\/fahrradtraeger-eurocarry-scharnierbefestigung-fuer-fiat-ducato-ab-07-2006-2-fahrraeder-_e-bike-geeignet\/#primaryimage"},"thumbnailUrl":"https:\/\/shop.bantam.ch\/wp-content\/uploads\/2023\/02\/993476511axTwRzBqXlxS1.jpg","datePublished":"2023-02-28T04:35:26+00:00","dateModified":"2026-04-17T19:30:44+00:00","breadcrumb":{"@id":"https:\/\/shop.bantam.ch\/de\/produkt\/fahrradtraeger-eurocarry-scharnierbefestigung-fuer-fiat-ducato-ab-07-2006-2-fahrraeder-_e-bike-geeignet\/#breadcrumb"},"inLanguage":"de","potentialAction":[{"@type":"ReadAction","target":["https:\/\/shop.bantam.ch\/de\/produkt\/fahrradtraeger-eurocarry-scharnierbefestigung-fuer-fiat-ducato-ab-07-2006-2-fahrraeder-_e-bike-geeignet\/"]}]},{"@type":"ImageObject","inLanguage":"de","@id":"https:\/\/shop.bantam.ch\/de\/produkt\/fahrradtraeger-eurocarry-scharnierbefestigung-fuer-fiat-ducato-ab-07-2006-2-fahrraeder-_e-bike-geeignet\/#primaryimage","url":"https:\/\/shop.bantam.ch\/wp-content\/uploads\/2023\/02\/993476511axTwRzBqXlxS1.jpg","contentUrl":"https:\/\/shop.bantam.ch\/wp-content\/uploads\/2023\/02\/993476511axTwRzBqXlxS1.jpg","width":1000,"height":547},{"@type":"BreadcrumbList","@id":"https:\/\/shop.bantam.ch\/de\/produkt\/fahrradtraeger-eurocarry-scharnierbefestigung-fuer-fiat-ducato-ab-07-2006-2-fahrraeder-_e-bike-geeignet\/#breadcrumb","itemListElement":[{"@type":"ListItem","position":1,"name":"Accueil","item":"https:\/\/shop.bantam.ch\/de\/"},{"@type":"ListItem","position":2,"name":"Shop","item":"https:\/\/shop.bantam.ch\/de\/shop\/"},{"@type":"ListItem","position":3,"name":"Fahrradtr\u00e4ger Eurocarry Scharnierbefestigung f\u00fcr Fiat Ducato ab 07\/2006 2 Fahrr\u00e4der _E-Bike geeignet_"}]},{"@type":"WebSite","@id":"https:\/\/shop.bantam.ch\/de\/#website","url":"https:\/\/shop.bantam.ch\/de\/","name":"Bantam Camping AG","description":"","publisher":{"@id":"https:\/\/shop.bantam.ch\/de\/#organization"},"inLanguage":"de"},{"@type":"Organization","@id":"https:\/\/shop.bantam.ch\/de\/#organization","name":"Bantam Camping AG","url":"https:\/\/shop.bantam.ch\/de\/","logo":{"@type":"ImageObject","inLanguage":"de","@id":"https:\/\/shop.bantam.ch\/de\/#\/schema\/logo\/image\/","url":"https:\/\/shop.bantam.ch\/wp-content\/uploads\/2022\/12\/bantam-logo.png","contentUrl":"https:\/\/shop.bantam.ch\/wp-content\/uploads\/2022\/12\/bantam-logo.png","width":320,"height":71,"caption":"Bantam Camping AG"},"image":{"@id":"https:\/\/shop.bantam.ch\/de\/#\/schema\/logo\/image\/"}}]}},"_links":{"self":[{"href":"https:\/\/shop.bantam.ch\/de\/wp-json\/wp\/v2\/product\/97496","targetHints":{"allow":["GET"]}}],"collection":[{"href":"https:\/\/shop.bantam.ch\/de\/wp-json\/wp\/v2\/product"}],"about":[{"href":"https:\/\/shop.bantam.ch\/de\/wp-json\/wp\/v2\/types\/product"}],"wp:featuredmedia":[{"embeddable":true,"href":"https:\/\/shop.bantam.ch\/de\/wp-json\/wp\/v2\/media\/97494"}],"wp:attachment":[{"href":"https:\/\/shop.bantam.ch\/de\/wp-json\/wp\/v2\/media?parent=97496"}],"wp:term":[{"taxonomy":"product_featured_cat","embeddable":true,"href":"https:\/\/shop.bantam.ch\/de\/wp-json\/wp\/v2\/product_featured_cat?post=97496"},{"taxonomy":"product_brand","embeddable":true,"href":"https:\/\/shop.bantam.ch\/de\/wp-json\/wp\/v2\/product_brand?post=97496"},{"taxonomy":"product_cat","embeddable":true,"href":"https:\/\/shop.bantam.ch\/de\/wp-json\/wp\/v2\/product_cat?post=97496"},{"taxonomy":"product_tag","embeddable":true,"href":"https:\/\/shop.bantam.ch\/de\/wp-json\/wp\/v2\/product_tag?post=97496"}],"curies":[{"name":"wp","href":"https:\/\/api.w.org\/{rel}","templated":true}]}}