{"id":97412,"date":"2023-02-28T05:33:50","date_gmt":"2023-02-28T04:33:50","guid":{"rendered":"http:\/\/shop.bantam.ch\/produit\/stauraumtasche-gepolstert-ausfuehrung-mit-netz-ohne-unterteilung\/"},"modified":"2026-04-17T21:30:30","modified_gmt":"2026-04-17T19:30:30","slug":"stauraumtasche-gepolstert-ausfuehrung-mit-netz-ohne-unterteilung","status":"publish","type":"product","link":"https:\/\/shop.bantam.ch\/de\/produkt\/stauraumtasche-gepolstert-ausfuehrung-mit-netz-ohne-unterteilung\/","title":{"rendered":"Stauraumtasche HINDERMANN gepolstert mit Netz ohne Unterteilung"},"content":{"rendered":"<p>Stauraumtasche mit Netz\/ ohne Unterteilung<\/p>\n<p>Mit diesem transportablen Stau- und Lagerraum sind Ihre Campingm\u00f6bel immer griffbereit und sicher in Ihrem Fahrzeug untergebracht. Die Tasche verf\u00fcgt \u00fcber 5 seitlich angebrachte Laschen mit lose beigelegten LOXX-Druckkn\u00f6pfen, die der an der Seitenwand des Stauraumes befestigten Tasche einen sicheren Halt geben. Die Tasche muss hierbei auf dem Boden aufstehen und darf nicht schwebend montiert sein. Die Tasche ist so konzipiert, dass sie nach ihrer Wahl auf der rechten oder linken Fahrzeugseite montiert und bequem genutzt werden kann. F\u00fcr ein bequemes Handling sind die Rei\u00dfverschl\u00fcsse so angeordnet, dass die M\u00f6bel nur hineingeschoben bzw. herausgezogen werden. So sind sie \u00fcber Nacht oder f\u00fcr die Weiterreise im Fahrzeug schnell und sicher an ihrem Stammplatz untergebracht. Mit dem Tragegriff lassen sich alle Campingm\u00f6bel gemeinsam transportieren und einlagern.<\/p>\n","protected":false},"excerpt":{"rendered":"<p>Stauraumtasche mit Netz\/ ohne Unterteilung Mit diesem transportablen Stau- und Lagerraum sind Ihre Campingm\u00f6bel immer griffbereit und sicher in Ihrem Fahrzeug untergebracht. Die Tasche verf\u00fcgt \u00fcber 5 seitlich angebrachte Laschen mit lose beigelegten LOXX-Druckkn\u00f6pfen, die der an der Seitenwand des Stauraumes befestigten Tasche einen sicheren Halt geben. Die Tasche muss hierbei auf dem Boden aufstehen [&hellip;]<\/p>\n","protected":false},"featured_media":97408,"template":"","meta":{"_acf_changed":false},"product_featured_cat":[],"product_brand":[3041],"product_cat":[4480],"product_tag":[],"class_list":{"0":"post-97412","1":"product","2":"type-product","3":"status-publish","4":"has-post-thumbnail","6":"product_brand-hindermann-de","7":"product_cat-campingstuhl-zubehoer","9":"first","10":"instock","11":"taxable","12":"shipping-taxable","13":"purchasable","14":"product-type-simple"},"acf":[],"yoast_head":"<!-- This site is optimized with the Yoast SEO plugin v27.4 - https:\/\/yoast.com\/product\/yoast-seo-wordpress\/ -->\n<title>Stauraumtasche HINDERMANN gepolstert mit Netz ohne Unterteilung - Bantam Camping AG<\/title>\n<meta name=\"robots\" content=\"index, follow, max-snippet:-1, max-image-preview:large, max-video-preview:-1\" \/>\n<link rel=\"canonical\" href=\"https:\/\/shop.bantam.ch\/de\/produkt\/stauraumtasche-gepolstert-ausfuehrung-mit-netz-ohne-unterteilung\/\" \/>\n<meta property=\"og:locale\" content=\"de_DE\" \/>\n<meta property=\"og:type\" content=\"article\" \/>\n<meta property=\"og:title\" content=\"Stauraumtasche HINDERMANN gepolstert mit Netz ohne Unterteilung - Bantam Camping AG\" \/>\n<meta property=\"og:description\" content=\"Stauraumtasche mit Netz\/ ohne Unterteilung Mit diesem transportablen Stau- und Lagerraum sind Ihre Campingm\u00f6bel immer griffbereit und sicher in Ihrem Fahrzeug untergebracht. Die Tasche verf\u00fcgt \u00fcber 5 seitlich angebrachte Laschen mit lose beigelegten LOXX-Druckkn\u00f6pfen, die der an der Seitenwand des Stauraumes befestigten Tasche einen sicheren Halt geben. Die Tasche muss hierbei auf dem Boden aufstehen [&hellip;]\" \/>\n<meta property=\"og:url\" content=\"https:\/\/shop.bantam.ch\/de\/produkt\/stauraumtasche-gepolstert-ausfuehrung-mit-netz-ohne-unterteilung\/\" \/>\n<meta property=\"og:site_name\" content=\"Bantam Camping AG\" \/>\n<meta property=\"article:modified_time\" content=\"2026-04-17T19:30:30+00:00\" \/>\n<meta property=\"og:image\" content=\"https:\/\/shop.bantam.ch\/wp-content\/uploads\/2023\/02\/993477911.jpg\" \/>\n\t<meta property=\"og:image:width\" content=\"667\" \/>\n\t<meta property=\"og:image:height\" content=\"1000\" \/>\n\t<meta property=\"og:image:type\" content=\"image\/jpeg\" \/>\n<meta name=\"twitter:card\" content=\"summary_large_image\" \/>\n<meta name=\"twitter:label1\" content=\"Gesch\u00e4tzte Lesezeit\" \/>\n\t<meta name=\"twitter:data1\" content=\"1\u00a0Minute\" \/>\n<script type=\"application\/ld+json\" class=\"yoast-schema-graph\">{\"@context\":\"https:\\\/\\\/schema.org\",\"@graph\":[{\"@type\":\"WebPage\",\"@id\":\"https:\\\/\\\/shop.bantam.ch\\\/de\\\/produkt\\\/stauraumtasche-gepolstert-ausfuehrung-mit-netz-ohne-unterteilung\\\/\",\"url\":\"https:\\\/\\\/shop.bantam.ch\\\/de\\\/produkt\\\/stauraumtasche-gepolstert-ausfuehrung-mit-netz-ohne-unterteilung\\\/\",\"name\":\"Stauraumtasche HINDERMANN gepolstert mit Netz ohne Unterteilung - Bantam Camping AG\",\"isPartOf\":{\"@id\":\"https:\\\/\\\/shop.bantam.ch\\\/de\\\/#website\"},\"primaryImageOfPage\":{\"@id\":\"https:\\\/\\\/shop.bantam.ch\\\/de\\\/produkt\\\/stauraumtasche-gepolstert-ausfuehrung-mit-netz-ohne-unterteilung\\\/#primaryimage\"},\"image\":{\"@id\":\"https:\\\/\\\/shop.bantam.ch\\\/de\\\/produkt\\\/stauraumtasche-gepolstert-ausfuehrung-mit-netz-ohne-unterteilung\\\/#primaryimage\"},\"thumbnailUrl\":\"https:\\\/\\\/shop.bantam.ch\\\/wp-content\\\/uploads\\\/2023\\\/02\\\/993477911.jpg\",\"datePublished\":\"2023-02-28T04:33:50+00:00\",\"dateModified\":\"2026-04-17T19:30:30+00:00\",\"breadcrumb\":{\"@id\":\"https:\\\/\\\/shop.bantam.ch\\\/de\\\/produkt\\\/stauraumtasche-gepolstert-ausfuehrung-mit-netz-ohne-unterteilung\\\/#breadcrumb\"},\"inLanguage\":\"de\",\"potentialAction\":[{\"@type\":\"ReadAction\",\"target\":[\"https:\\\/\\\/shop.bantam.ch\\\/de\\\/produkt\\\/stauraumtasche-gepolstert-ausfuehrung-mit-netz-ohne-unterteilung\\\/\"]}]},{\"@type\":\"ImageObject\",\"inLanguage\":\"de\",\"@id\":\"https:\\\/\\\/shop.bantam.ch\\\/de\\\/produkt\\\/stauraumtasche-gepolstert-ausfuehrung-mit-netz-ohne-unterteilung\\\/#primaryimage\",\"url\":\"https:\\\/\\\/shop.bantam.ch\\\/wp-content\\\/uploads\\\/2023\\\/02\\\/993477911.jpg\",\"contentUrl\":\"https:\\\/\\\/shop.bantam.ch\\\/wp-content\\\/uploads\\\/2023\\\/02\\\/993477911.jpg\",\"width\":667,\"height\":1000},{\"@type\":\"BreadcrumbList\",\"@id\":\"https:\\\/\\\/shop.bantam.ch\\\/de\\\/produkt\\\/stauraumtasche-gepolstert-ausfuehrung-mit-netz-ohne-unterteilung\\\/#breadcrumb\",\"itemListElement\":[{\"@type\":\"ListItem\",\"position\":1,\"name\":\"Accueil\",\"item\":\"https:\\\/\\\/shop.bantam.ch\\\/de\\\/\"},{\"@type\":\"ListItem\",\"position\":2,\"name\":\"Shop\",\"item\":\"https:\\\/\\\/shop.bantam.ch\\\/de\\\/shop\\\/\"},{\"@type\":\"ListItem\",\"position\":3,\"name\":\"Stauraumtasche HINDERMANN gepolstert mit Netz ohne Unterteilung\"}]},{\"@type\":\"WebSite\",\"@id\":\"https:\\\/\\\/shop.bantam.ch\\\/de\\\/#website\",\"url\":\"https:\\\/\\\/shop.bantam.ch\\\/de\\\/\",\"name\":\"Bantam Camping AG\",\"description\":\"\",\"publisher\":{\"@id\":\"https:\\\/\\\/shop.bantam.ch\\\/de\\\/#organization\"},\"inLanguage\":\"de\"},{\"@type\":\"Organization\",\"@id\":\"https:\\\/\\\/shop.bantam.ch\\\/de\\\/#organization\",\"name\":\"Bantam Camping AG\",\"url\":\"https:\\\/\\\/shop.bantam.ch\\\/de\\\/\",\"logo\":{\"@type\":\"ImageObject\",\"inLanguage\":\"de\",\"@id\":\"https:\\\/\\\/shop.bantam.ch\\\/de\\\/#\\\/schema\\\/logo\\\/image\\\/\",\"url\":\"https:\\\/\\\/shop.bantam.ch\\\/wp-content\\\/uploads\\\/2022\\\/12\\\/bantam-logo.png\",\"contentUrl\":\"https:\\\/\\\/shop.bantam.ch\\\/wp-content\\\/uploads\\\/2022\\\/12\\\/bantam-logo.png\",\"width\":320,\"height\":71,\"caption\":\"Bantam Camping AG\"},\"image\":{\"@id\":\"https:\\\/\\\/shop.bantam.ch\\\/de\\\/#\\\/schema\\\/logo\\\/image\\\/\"}}]}<\/script>\n<!-- \/ Yoast SEO plugin. -->","yoast_head_json":{"title":"Stauraumtasche HINDERMANN gepolstert mit Netz ohne Unterteilung - Bantam Camping AG","robots":{"index":"index","follow":"follow","max-snippet":"max-snippet:-1","max-image-preview":"max-image-preview:large","max-video-preview":"max-video-preview:-1"},"canonical":"https:\/\/shop.bantam.ch\/de\/produkt\/stauraumtasche-gepolstert-ausfuehrung-mit-netz-ohne-unterteilung\/","og_locale":"de_DE","og_type":"article","og_title":"Stauraumtasche HINDERMANN gepolstert mit Netz ohne Unterteilung - Bantam Camping AG","og_description":"Stauraumtasche mit Netz\/ ohne Unterteilung Mit diesem transportablen Stau- und Lagerraum sind Ihre Campingm\u00f6bel immer griffbereit und sicher in Ihrem Fahrzeug untergebracht. Die Tasche verf\u00fcgt \u00fcber 5 seitlich angebrachte Laschen mit lose beigelegten LOXX-Druckkn\u00f6pfen, die der an der Seitenwand des Stauraumes befestigten Tasche einen sicheren Halt geben. Die Tasche muss hierbei auf dem Boden aufstehen [&hellip;]","og_url":"https:\/\/shop.bantam.ch\/de\/produkt\/stauraumtasche-gepolstert-ausfuehrung-mit-netz-ohne-unterteilung\/","og_site_name":"Bantam Camping AG","article_modified_time":"2026-04-17T19:30:30+00:00","og_image":[{"width":667,"height":1000,"url":"https:\/\/shop.bantam.ch\/wp-content\/uploads\/2023\/02\/993477911.jpg","type":"image\/jpeg"}],"twitter_card":"summary_large_image","twitter_misc":{"Gesch\u00e4tzte Lesezeit":"1\u00a0Minute"},"schema":{"@context":"https:\/\/schema.org","@graph":[{"@type":"WebPage","@id":"https:\/\/shop.bantam.ch\/de\/produkt\/stauraumtasche-gepolstert-ausfuehrung-mit-netz-ohne-unterteilung\/","url":"https:\/\/shop.bantam.ch\/de\/produkt\/stauraumtasche-gepolstert-ausfuehrung-mit-netz-ohne-unterteilung\/","name":"Stauraumtasche HINDERMANN gepolstert mit Netz ohne Unterteilung - Bantam Camping AG","isPartOf":{"@id":"https:\/\/shop.bantam.ch\/de\/#website"},"primaryImageOfPage":{"@id":"https:\/\/shop.bantam.ch\/de\/produkt\/stauraumtasche-gepolstert-ausfuehrung-mit-netz-ohne-unterteilung\/#primaryimage"},"image":{"@id":"https:\/\/shop.bantam.ch\/de\/produkt\/stauraumtasche-gepolstert-ausfuehrung-mit-netz-ohne-unterteilung\/#primaryimage"},"thumbnailUrl":"https:\/\/shop.bantam.ch\/wp-content\/uploads\/2023\/02\/993477911.jpg","datePublished":"2023-02-28T04:33:50+00:00","dateModified":"2026-04-17T19:30:30+00:00","breadcrumb":{"@id":"https:\/\/shop.bantam.ch\/de\/produkt\/stauraumtasche-gepolstert-ausfuehrung-mit-netz-ohne-unterteilung\/#breadcrumb"},"inLanguage":"de","potentialAction":[{"@type":"ReadAction","target":["https:\/\/shop.bantam.ch\/de\/produkt\/stauraumtasche-gepolstert-ausfuehrung-mit-netz-ohne-unterteilung\/"]}]},{"@type":"ImageObject","inLanguage":"de","@id":"https:\/\/shop.bantam.ch\/de\/produkt\/stauraumtasche-gepolstert-ausfuehrung-mit-netz-ohne-unterteilung\/#primaryimage","url":"https:\/\/shop.bantam.ch\/wp-content\/uploads\/2023\/02\/993477911.jpg","contentUrl":"https:\/\/shop.bantam.ch\/wp-content\/uploads\/2023\/02\/993477911.jpg","width":667,"height":1000},{"@type":"BreadcrumbList","@id":"https:\/\/shop.bantam.ch\/de\/produkt\/stauraumtasche-gepolstert-ausfuehrung-mit-netz-ohne-unterteilung\/#breadcrumb","itemListElement":[{"@type":"ListItem","position":1,"name":"Accueil","item":"https:\/\/shop.bantam.ch\/de\/"},{"@type":"ListItem","position":2,"name":"Shop","item":"https:\/\/shop.bantam.ch\/de\/shop\/"},{"@type":"ListItem","position":3,"name":"Stauraumtasche HINDERMANN gepolstert mit Netz ohne Unterteilung"}]},{"@type":"WebSite","@id":"https:\/\/shop.bantam.ch\/de\/#website","url":"https:\/\/shop.bantam.ch\/de\/","name":"Bantam Camping AG","description":"","publisher":{"@id":"https:\/\/shop.bantam.ch\/de\/#organization"},"inLanguage":"de"},{"@type":"Organization","@id":"https:\/\/shop.bantam.ch\/de\/#organization","name":"Bantam Camping AG","url":"https:\/\/shop.bantam.ch\/de\/","logo":{"@type":"ImageObject","inLanguage":"de","@id":"https:\/\/shop.bantam.ch\/de\/#\/schema\/logo\/image\/","url":"https:\/\/shop.bantam.ch\/wp-content\/uploads\/2022\/12\/bantam-logo.png","contentUrl":"https:\/\/shop.bantam.ch\/wp-content\/uploads\/2022\/12\/bantam-logo.png","width":320,"height":71,"caption":"Bantam Camping AG"},"image":{"@id":"https:\/\/shop.bantam.ch\/de\/#\/schema\/logo\/image\/"}}]}},"_links":{"self":[{"href":"https:\/\/shop.bantam.ch\/de\/wp-json\/wp\/v2\/product\/97412","targetHints":{"allow":["GET"]}}],"collection":[{"href":"https:\/\/shop.bantam.ch\/de\/wp-json\/wp\/v2\/product"}],"about":[{"href":"https:\/\/shop.bantam.ch\/de\/wp-json\/wp\/v2\/types\/product"}],"wp:featuredmedia":[{"embeddable":true,"href":"https:\/\/shop.bantam.ch\/de\/wp-json\/wp\/v2\/media\/97408"}],"wp:attachment":[{"href":"https:\/\/shop.bantam.ch\/de\/wp-json\/wp\/v2\/media?parent=97412"}],"wp:term":[{"taxonomy":"product_featured_cat","embeddable":true,"href":"https:\/\/shop.bantam.ch\/de\/wp-json\/wp\/v2\/product_featured_cat?post=97412"},{"taxonomy":"product_brand","embeddable":true,"href":"https:\/\/shop.bantam.ch\/de\/wp-json\/wp\/v2\/product_brand?post=97412"},{"taxonomy":"product_cat","embeddable":true,"href":"https:\/\/shop.bantam.ch\/de\/wp-json\/wp\/v2\/product_cat?post=97412"},{"taxonomy":"product_tag","embeddable":true,"href":"https:\/\/shop.bantam.ch\/de\/wp-json\/wp\/v2\/product_tag?post=97412"}],"curies":[{"name":"wp","href":"https:\/\/api.w.org\/{rel}","templated":true}]}}