{"id":97390,"date":"2023-02-28T05:33:32","date_gmt":"2023-02-28T04:33:32","guid":{"rendered":"http:\/\/shop.bantam.ch\/produit\/topfset-pirate-71-durchmesser-22-cm\/"},"modified":"2026-04-20T21:31:13","modified_gmt":"2026-04-20T19:31:13","slug":"topfset-pirate-71-durchmesser-22-cm","status":"publish","type":"product","link":"https:\/\/shop.bantam.ch\/de\/produkt\/topfset-pirate-71-durchmesser-22-cm\/","title":{"rendered":"Topfset BRUNNER Pirate 7 + 1 Durchm. 22 cm"},"content":{"rendered":"<p>Das neue Vacublock-System sichert Ihre T\u00f6pfe und Pfannen w\u00e4hrend der Fahrt.<\/p>\n<ul>\n<li>Einfache und intuitive Bedienung<\/li>\n<li>Blockiert T\u00f6pfe und Pfannen, w\u00e4hrend sich das Fahrzeug bewegt<\/li>\n<li>Reduziert die M\u00f6glichkeit von Kratzern auf der Antihaftbeschichtung<\/li>\n<li>Beseitigt l\u00e4stige Ger\u00e4usche beim Fahren<\/li>\n<\/ul>\n<p>Universal Glasdeckel mit abgestuftem Silikonrand passend f\u00fcr T\u00f6pfe und Pfannen mit verschiedenen Durchmessern. Eigenschaften:<\/p>\n<ul>\n<li>Sp\u00fclmaschinengeeignet<\/li>\n<li>Dampfloch zum Druckausgleich<\/li>\n<li>Platzsparender Klappgriff<\/li>\n<li>VacuBlock System kompatibel<\/li>\n<\/ul>\n<p>Glasdeckel mit Silikon-L\u00e4rmschutzrand mit Sieb\u00f6ffnung und Schlitz zur Befestigung der Griffzangen.<\/p>\n<p>Eigenschaften:<\/p>\n<ul>\n<li>Silikon-Kante<\/li>\n<li>Sp\u00fclmaschinenfest<\/li>\n<li>Entl\u00fcftungsventil<\/li>\n<li>Platzsparender Klappgriff<\/li>\n<\/ul>\n<p>Lieferumfang:<\/p>\n<ul>\n<li>Topf \u00e0\u00b8 22 cm<\/li>\n<li>Topf \u00e0\u00b8 18 cm<\/li>\n<li>Pfanne \u00e0\u00b8 22 cm<\/li>\n<li>Pfanne \u00e0\u00b8 20 cm<\/li>\n<li>Siebdeckel \u00e0\u00b8 22 cm<\/li>\n<li>Deckel \u00e0\u00b8 22\/20\/18 cm<\/li>\n<li>Griffzange<\/li>\n<li>Topfhalteband<\/li>\n<\/ul>\n<p>Herdarten: Gas, Elektro, Keramik, Induktion, Radiant Ring<\/p>\n","protected":false},"excerpt":{"rendered":"<p>Das neue Vacublock-System sichert Ihre T\u00f6pfe und Pfannen w\u00e4hrend der Fahrt. Einfache und intuitive Bedienung Blockiert T\u00f6pfe und Pfannen, w\u00e4hrend sich das Fahrzeug bewegt Reduziert die M\u00f6glichkeit von Kratzern auf der Antihaftbeschichtung Beseitigt l\u00e4stige Ger\u00e4usche beim Fahren Universal Glasdeckel mit abgestuftem Silikonrand passend f\u00fcr T\u00f6pfe und Pfannen mit verschiedenen Durchmessern. Eigenschaften: Sp\u00fclmaschinengeeignet Dampfloch zum Druckausgleich [&hellip;]<\/p>\n","protected":false},"featured_media":97378,"template":"","meta":{"_acf_changed":false},"product_featured_cat":[1859],"product_brand":[3081],"product_cat":[4266],"product_tag":[],"class_list":{"0":"post-97390","1":"product","2":"type-product","3":"status-publish","4":"has-post-thumbnail","6":"product_featured_cat-erstausstattung-fuer-camper","7":"product_brand-brunner-de","8":"product_cat-kochtoepfe-pfannen-sets","10":"first","11":"instock","12":"taxable","13":"shipping-taxable","14":"purchasable","15":"product-type-simple"},"acf":[],"yoast_head":"<!-- This site is optimized with the Yoast SEO plugin v27.4 - https:\/\/yoast.com\/product\/yoast-seo-wordpress\/ -->\n<title>Topfset BRUNNER Pirate 7 + 1 Durchm. 22 cm - Bantam Camping AG<\/title>\n<meta name=\"robots\" content=\"index, follow, max-snippet:-1, max-image-preview:large, max-video-preview:-1\" \/>\n<link rel=\"canonical\" href=\"https:\/\/shop.bantam.ch\/de\/produkt\/topfset-pirate-71-durchmesser-22-cm\/\" \/>\n<meta property=\"og:locale\" content=\"de_DE\" \/>\n<meta property=\"og:type\" content=\"article\" \/>\n<meta property=\"og:title\" content=\"Topfset BRUNNER Pirate 7 + 1 Durchm. 22 cm - Bantam Camping AG\" \/>\n<meta property=\"og:description\" content=\"Das neue Vacublock-System sichert Ihre T\u00f6pfe und Pfannen w\u00e4hrend der Fahrt. Einfache und intuitive Bedienung Blockiert T\u00f6pfe und Pfannen, w\u00e4hrend sich das Fahrzeug bewegt Reduziert die M\u00f6glichkeit von Kratzern auf der Antihaftbeschichtung Beseitigt l\u00e4stige Ger\u00e4usche beim Fahren Universal Glasdeckel mit abgestuftem Silikonrand passend f\u00fcr T\u00f6pfe und Pfannen mit verschiedenen Durchmessern. Eigenschaften: Sp\u00fclmaschinengeeignet Dampfloch zum Druckausgleich [&hellip;]\" \/>\n<meta property=\"og:url\" content=\"https:\/\/shop.bantam.ch\/de\/produkt\/topfset-pirate-71-durchmesser-22-cm\/\" \/>\n<meta property=\"og:site_name\" content=\"Bantam Camping AG\" \/>\n<meta property=\"article:modified_time\" content=\"2026-04-20T19:31:13+00:00\" \/>\n<meta property=\"og:image\" content=\"https:\/\/shop.bantam.ch\/wp-content\/uploads\/2023\/02\/993474711.jpg\" \/>\n\t<meta property=\"og:image:width\" content=\"1000\" \/>\n\t<meta property=\"og:image:height\" content=\"623\" \/>\n\t<meta property=\"og:image:type\" content=\"image\/jpeg\" \/>\n<meta name=\"twitter:card\" content=\"summary_large_image\" \/>\n<meta name=\"twitter:label1\" content=\"Gesch\u00e4tzte Lesezeit\" \/>\n\t<meta name=\"twitter:data1\" content=\"1\u00a0Minute\" \/>\n<script type=\"application\/ld+json\" class=\"yoast-schema-graph\">{\"@context\":\"https:\\\/\\\/schema.org\",\"@graph\":[{\"@type\":\"WebPage\",\"@id\":\"https:\\\/\\\/shop.bantam.ch\\\/de\\\/produkt\\\/topfset-pirate-71-durchmesser-22-cm\\\/\",\"url\":\"https:\\\/\\\/shop.bantam.ch\\\/de\\\/produkt\\\/topfset-pirate-71-durchmesser-22-cm\\\/\",\"name\":\"Topfset BRUNNER Pirate 7 + 1 Durchm. 22 cm - Bantam Camping AG\",\"isPartOf\":{\"@id\":\"https:\\\/\\\/shop.bantam.ch\\\/de\\\/#website\"},\"primaryImageOfPage\":{\"@id\":\"https:\\\/\\\/shop.bantam.ch\\\/de\\\/produkt\\\/topfset-pirate-71-durchmesser-22-cm\\\/#primaryimage\"},\"image\":{\"@id\":\"https:\\\/\\\/shop.bantam.ch\\\/de\\\/produkt\\\/topfset-pirate-71-durchmesser-22-cm\\\/#primaryimage\"},\"thumbnailUrl\":\"https:\\\/\\\/shop.bantam.ch\\\/wp-content\\\/uploads\\\/2023\\\/02\\\/993474711.jpg\",\"datePublished\":\"2023-02-28T04:33:32+00:00\",\"dateModified\":\"2026-04-20T19:31:13+00:00\",\"breadcrumb\":{\"@id\":\"https:\\\/\\\/shop.bantam.ch\\\/de\\\/produkt\\\/topfset-pirate-71-durchmesser-22-cm\\\/#breadcrumb\"},\"inLanguage\":\"de\",\"potentialAction\":[{\"@type\":\"ReadAction\",\"target\":[\"https:\\\/\\\/shop.bantam.ch\\\/de\\\/produkt\\\/topfset-pirate-71-durchmesser-22-cm\\\/\"]}]},{\"@type\":\"ImageObject\",\"inLanguage\":\"de\",\"@id\":\"https:\\\/\\\/shop.bantam.ch\\\/de\\\/produkt\\\/topfset-pirate-71-durchmesser-22-cm\\\/#primaryimage\",\"url\":\"https:\\\/\\\/shop.bantam.ch\\\/wp-content\\\/uploads\\\/2023\\\/02\\\/993474711.jpg\",\"contentUrl\":\"https:\\\/\\\/shop.bantam.ch\\\/wp-content\\\/uploads\\\/2023\\\/02\\\/993474711.jpg\",\"width\":1000,\"height\":623},{\"@type\":\"BreadcrumbList\",\"@id\":\"https:\\\/\\\/shop.bantam.ch\\\/de\\\/produkt\\\/topfset-pirate-71-durchmesser-22-cm\\\/#breadcrumb\",\"itemListElement\":[{\"@type\":\"ListItem\",\"position\":1,\"name\":\"Accueil\",\"item\":\"https:\\\/\\\/shop.bantam.ch\\\/de\\\/\"},{\"@type\":\"ListItem\",\"position\":2,\"name\":\"Shop\",\"item\":\"https:\\\/\\\/shop.bantam.ch\\\/de\\\/shop\\\/\"},{\"@type\":\"ListItem\",\"position\":3,\"name\":\"Topfset BRUNNER Pirate 7 + 1 Durchm. 22 cm\"}]},{\"@type\":\"WebSite\",\"@id\":\"https:\\\/\\\/shop.bantam.ch\\\/de\\\/#website\",\"url\":\"https:\\\/\\\/shop.bantam.ch\\\/de\\\/\",\"name\":\"Bantam Camping AG\",\"description\":\"\",\"publisher\":{\"@id\":\"https:\\\/\\\/shop.bantam.ch\\\/de\\\/#organization\"},\"inLanguage\":\"de\"},{\"@type\":\"Organization\",\"@id\":\"https:\\\/\\\/shop.bantam.ch\\\/de\\\/#organization\",\"name\":\"Bantam Camping AG\",\"url\":\"https:\\\/\\\/shop.bantam.ch\\\/de\\\/\",\"logo\":{\"@type\":\"ImageObject\",\"inLanguage\":\"de\",\"@id\":\"https:\\\/\\\/shop.bantam.ch\\\/de\\\/#\\\/schema\\\/logo\\\/image\\\/\",\"url\":\"https:\\\/\\\/shop.bantam.ch\\\/wp-content\\\/uploads\\\/2022\\\/12\\\/bantam-logo.png\",\"contentUrl\":\"https:\\\/\\\/shop.bantam.ch\\\/wp-content\\\/uploads\\\/2022\\\/12\\\/bantam-logo.png\",\"width\":320,\"height\":71,\"caption\":\"Bantam Camping AG\"},\"image\":{\"@id\":\"https:\\\/\\\/shop.bantam.ch\\\/de\\\/#\\\/schema\\\/logo\\\/image\\\/\"}}]}<\/script>\n<!-- \/ Yoast SEO plugin. -->","yoast_head_json":{"title":"Topfset BRUNNER Pirate 7 + 1 Durchm. 22 cm - Bantam Camping AG","robots":{"index":"index","follow":"follow","max-snippet":"max-snippet:-1","max-image-preview":"max-image-preview:large","max-video-preview":"max-video-preview:-1"},"canonical":"https:\/\/shop.bantam.ch\/de\/produkt\/topfset-pirate-71-durchmesser-22-cm\/","og_locale":"de_DE","og_type":"article","og_title":"Topfset BRUNNER Pirate 7 + 1 Durchm. 22 cm - Bantam Camping AG","og_description":"Das neue Vacublock-System sichert Ihre T\u00f6pfe und Pfannen w\u00e4hrend der Fahrt. Einfache und intuitive Bedienung Blockiert T\u00f6pfe und Pfannen, w\u00e4hrend sich das Fahrzeug bewegt Reduziert die M\u00f6glichkeit von Kratzern auf der Antihaftbeschichtung Beseitigt l\u00e4stige Ger\u00e4usche beim Fahren Universal Glasdeckel mit abgestuftem Silikonrand passend f\u00fcr T\u00f6pfe und Pfannen mit verschiedenen Durchmessern. Eigenschaften: Sp\u00fclmaschinengeeignet Dampfloch zum Druckausgleich [&hellip;]","og_url":"https:\/\/shop.bantam.ch\/de\/produkt\/topfset-pirate-71-durchmesser-22-cm\/","og_site_name":"Bantam Camping AG","article_modified_time":"2026-04-20T19:31:13+00:00","og_image":[{"width":1000,"height":623,"url":"https:\/\/shop.bantam.ch\/wp-content\/uploads\/2023\/02\/993474711.jpg","type":"image\/jpeg"}],"twitter_card":"summary_large_image","twitter_misc":{"Gesch\u00e4tzte Lesezeit":"1\u00a0Minute"},"schema":{"@context":"https:\/\/schema.org","@graph":[{"@type":"WebPage","@id":"https:\/\/shop.bantam.ch\/de\/produkt\/topfset-pirate-71-durchmesser-22-cm\/","url":"https:\/\/shop.bantam.ch\/de\/produkt\/topfset-pirate-71-durchmesser-22-cm\/","name":"Topfset BRUNNER Pirate 7 + 1 Durchm. 22 cm - Bantam Camping AG","isPartOf":{"@id":"https:\/\/shop.bantam.ch\/de\/#website"},"primaryImageOfPage":{"@id":"https:\/\/shop.bantam.ch\/de\/produkt\/topfset-pirate-71-durchmesser-22-cm\/#primaryimage"},"image":{"@id":"https:\/\/shop.bantam.ch\/de\/produkt\/topfset-pirate-71-durchmesser-22-cm\/#primaryimage"},"thumbnailUrl":"https:\/\/shop.bantam.ch\/wp-content\/uploads\/2023\/02\/993474711.jpg","datePublished":"2023-02-28T04:33:32+00:00","dateModified":"2026-04-20T19:31:13+00:00","breadcrumb":{"@id":"https:\/\/shop.bantam.ch\/de\/produkt\/topfset-pirate-71-durchmesser-22-cm\/#breadcrumb"},"inLanguage":"de","potentialAction":[{"@type":"ReadAction","target":["https:\/\/shop.bantam.ch\/de\/produkt\/topfset-pirate-71-durchmesser-22-cm\/"]}]},{"@type":"ImageObject","inLanguage":"de","@id":"https:\/\/shop.bantam.ch\/de\/produkt\/topfset-pirate-71-durchmesser-22-cm\/#primaryimage","url":"https:\/\/shop.bantam.ch\/wp-content\/uploads\/2023\/02\/993474711.jpg","contentUrl":"https:\/\/shop.bantam.ch\/wp-content\/uploads\/2023\/02\/993474711.jpg","width":1000,"height":623},{"@type":"BreadcrumbList","@id":"https:\/\/shop.bantam.ch\/de\/produkt\/topfset-pirate-71-durchmesser-22-cm\/#breadcrumb","itemListElement":[{"@type":"ListItem","position":1,"name":"Accueil","item":"https:\/\/shop.bantam.ch\/de\/"},{"@type":"ListItem","position":2,"name":"Shop","item":"https:\/\/shop.bantam.ch\/de\/shop\/"},{"@type":"ListItem","position":3,"name":"Topfset BRUNNER Pirate 7 + 1 Durchm. 22 cm"}]},{"@type":"WebSite","@id":"https:\/\/shop.bantam.ch\/de\/#website","url":"https:\/\/shop.bantam.ch\/de\/","name":"Bantam Camping AG","description":"","publisher":{"@id":"https:\/\/shop.bantam.ch\/de\/#organization"},"inLanguage":"de"},{"@type":"Organization","@id":"https:\/\/shop.bantam.ch\/de\/#organization","name":"Bantam Camping AG","url":"https:\/\/shop.bantam.ch\/de\/","logo":{"@type":"ImageObject","inLanguage":"de","@id":"https:\/\/shop.bantam.ch\/de\/#\/schema\/logo\/image\/","url":"https:\/\/shop.bantam.ch\/wp-content\/uploads\/2022\/12\/bantam-logo.png","contentUrl":"https:\/\/shop.bantam.ch\/wp-content\/uploads\/2022\/12\/bantam-logo.png","width":320,"height":71,"caption":"Bantam Camping AG"},"image":{"@id":"https:\/\/shop.bantam.ch\/de\/#\/schema\/logo\/image\/"}}]}},"_links":{"self":[{"href":"https:\/\/shop.bantam.ch\/de\/wp-json\/wp\/v2\/product\/97390","targetHints":{"allow":["GET"]}}],"collection":[{"href":"https:\/\/shop.bantam.ch\/de\/wp-json\/wp\/v2\/product"}],"about":[{"href":"https:\/\/shop.bantam.ch\/de\/wp-json\/wp\/v2\/types\/product"}],"wp:featuredmedia":[{"embeddable":true,"href":"https:\/\/shop.bantam.ch\/de\/wp-json\/wp\/v2\/media\/97378"}],"wp:attachment":[{"href":"https:\/\/shop.bantam.ch\/de\/wp-json\/wp\/v2\/media?parent=97390"}],"wp:term":[{"taxonomy":"product_featured_cat","embeddable":true,"href":"https:\/\/shop.bantam.ch\/de\/wp-json\/wp\/v2\/product_featured_cat?post=97390"},{"taxonomy":"product_brand","embeddable":true,"href":"https:\/\/shop.bantam.ch\/de\/wp-json\/wp\/v2\/product_brand?post=97390"},{"taxonomy":"product_cat","embeddable":true,"href":"https:\/\/shop.bantam.ch\/de\/wp-json\/wp\/v2\/product_cat?post=97390"},{"taxonomy":"product_tag","embeddable":true,"href":"https:\/\/shop.bantam.ch\/de\/wp-json\/wp\/v2\/product_tag?post=97390"}],"curies":[{"name":"wp","href":"https:\/\/api.w.org\/{rel}","templated":true}]}}