{"id":97168,"date":"2023-02-28T05:28:46","date_gmt":"2023-02-28T04:28:46","guid":{"rendered":"http:\/\/shop.bantam.ch\/produit\/fahrradtraeger-bike-rack-2er-e-bike\/"},"modified":"2026-04-17T22:55:14","modified_gmt":"2026-04-17T20:55:14","slug":"fahrradtraeger-bike-rack-2er-e-bike","status":"publish","type":"product","link":"https:\/\/shop.bantam.ch\/de\/produkt\/fahrradtraeger-bike-rack-2er-e-bike\/","title":{"rendered":"Fahrradtr\u00e4ger Bike Rack 2er E-Bike"},"content":{"rendered":"<p>Die sch\u00f6nsten Urlaubsorte wirken noch sch\u00f6ner, wenn du sie mit dem Fahrrad entdecken kannst. Vorausgesetzt, du hast dein Fahrrad dabei. Kein Problem, mit dem Quipon Bike Rack. Hergestellt aus hochwertigem Aluminium &#8211; Made in Germany. Die Aufnahmeschienen k\u00f6nnen seitlich verstellt werden, das erm\u00f6glicht die optimale Position Ihres Fahrrades. Witterungsbest\u00e4ndige Materialien, sowie die leichte Handhabung sprechen ebenso f\u00fcr den hohen Qualit\u00e4tsstandard, wie das T\u00dcV\/GS-Pr\u00fcfzeichen. Aufgrund der verl\u00e4ngerten Schienen und dem gr\u00f6\u00dferen Abstand zwischen den Schienen besteht hier verbesserte Flexibilit\u00e4t bei der Anbringung Ihrer Fahrr\u00e4der \/ Pedelecs oder E-Bikes.<\/p>\n<ul>\n<li>Familientauglich: f\u00fcr Fahrr\u00e4der, E-Bikes oder Kinderr\u00e4der<\/li>\n<li>Made in Germany<\/li>\n<li>Hergestellt aus hochwertigem Aluminium<\/li>\n<li>Aufnahmeschienen seitlich verschiebbar<\/li>\n<li>Optimale Positionierung der R\u00e4der<\/li>\n<li>Witterungsbest\u00e4ndig<\/li>\n<li>Leichte Bedienung<\/li>\n<li>Montagebreite: 60 cm<\/li>\n<\/ul>\n<p>Lieferumfang:<br \/>2 Abstandshalter mit 2 unterschiedlichen L\u00e4ngen zur optimalen Positionierung der Fahrr\u00e4der<br \/>Ausf\u00fchrliche Montage- und Bedienungsanleitung<\/p>\n<p>Erg\u00e4nzend zum Fahrradtr\u00e4ger ist ein oberer Befestigungssatz notwendig. Dieser ist separat erh\u00e4ltlich:<\/p>\n<ul>\n<li>Universalsatz: Art.Nr. 9981106 (wei\u00df) \/ 9948458 (silber)<\/li>\n<li>F\u00fcr Dethleffs, Sunlight, Carado: Art.Nr. 9981137<\/li>\n<li>F\u00fcr Hymer: Art.Nr. 9981106<\/li>\n<\/ul>\n","protected":false},"excerpt":{"rendered":"<p>Die sch\u00f6nsten Urlaubsorte wirken noch sch\u00f6ner, wenn du sie mit dem Fahrrad entdecken kannst. Vorausgesetzt, du hast dein Fahrrad dabei. Kein Problem, mit dem Quipon Bike Rack. Hergestellt aus hochwertigem Aluminium &#8211; Made in Germany. Die Aufnahmeschienen k\u00f6nnen seitlich verstellt werden, das erm\u00f6glicht die optimale Position Ihres Fahrrades. Witterungsbest\u00e4ndige Materialien, sowie die leichte Handhabung sprechen [&hellip;]<\/p>\n","protected":false},"featured_media":97142,"template":"","meta":{"_acf_changed":false},"product_featured_cat":[],"product_brand":[3351],"product_cat":[5138],"product_tag":[],"class_list":{"0":"post-97168","1":"product","2":"type-product","3":"status-publish","4":"has-post-thumbnail","6":"product_brand-quipon-de","7":"product_cat-heck-fahrradtraeger","9":"first","10":"instock","11":"taxable","12":"shipping-taxable","13":"purchasable","14":"product-type-variable"},"acf":[],"yoast_head":"<!-- This site is optimized with the Yoast SEO plugin v27.4 - https:\/\/yoast.com\/product\/yoast-seo-wordpress\/ -->\n<title>Fahrradtr\u00e4ger Bike Rack 2er E-Bike - Bantam Camping AG<\/title>\n<meta name=\"robots\" content=\"index, follow, max-snippet:-1, max-image-preview:large, max-video-preview:-1\" \/>\n<link rel=\"canonical\" href=\"https:\/\/shop.bantam.ch\/de\/produkt\/fahrradtraeger-bike-rack-2er-e-bike\/\" \/>\n<meta property=\"og:locale\" content=\"de_DE\" \/>\n<meta property=\"og:type\" content=\"article\" \/>\n<meta property=\"og:title\" content=\"Fahrradtr\u00e4ger Bike Rack 2er E-Bike - Bantam Camping AG\" \/>\n<meta property=\"og:description\" content=\"Die sch\u00f6nsten Urlaubsorte wirken noch sch\u00f6ner, wenn du sie mit dem Fahrrad entdecken kannst. Vorausgesetzt, du hast dein Fahrrad dabei. Kein Problem, mit dem Quipon Bike Rack. Hergestellt aus hochwertigem Aluminium &#8211; Made in Germany. Die Aufnahmeschienen k\u00f6nnen seitlich verstellt werden, das erm\u00f6glicht die optimale Position Ihres Fahrrades. Witterungsbest\u00e4ndige Materialien, sowie die leichte Handhabung sprechen [&hellip;]\" \/>\n<meta property=\"og:url\" content=\"https:\/\/shop.bantam.ch\/de\/produkt\/fahrradtraeger-bike-rack-2er-e-bike\/\" \/>\n<meta property=\"og:site_name\" content=\"Bantam Camping AG\" \/>\n<meta property=\"article:modified_time\" content=\"2026-04-17T20:55:14+00:00\" \/>\n<meta property=\"og:image\" content=\"https:\/\/shop.bantam.ch\/wp-content\/uploads\/2023\/02\/994338911.jpg\" \/>\n\t<meta property=\"og:image:width\" content=\"777\" \/>\n\t<meta property=\"og:image:height\" content=\"1000\" \/>\n\t<meta property=\"og:image:type\" content=\"image\/jpeg\" \/>\n<meta name=\"twitter:card\" content=\"summary_large_image\" \/>\n<meta name=\"twitter:label1\" content=\"Gesch\u00e4tzte Lesezeit\" \/>\n\t<meta name=\"twitter:data1\" content=\"1\u00a0Minute\" \/>\n<script type=\"application\/ld+json\" class=\"yoast-schema-graph\">{\"@context\":\"https:\\\/\\\/schema.org\",\"@graph\":[{\"@type\":\"WebPage\",\"@id\":\"https:\\\/\\\/shop.bantam.ch\\\/de\\\/produkt\\\/fahrradtraeger-bike-rack-2er-e-bike\\\/\",\"url\":\"https:\\\/\\\/shop.bantam.ch\\\/de\\\/produkt\\\/fahrradtraeger-bike-rack-2er-e-bike\\\/\",\"name\":\"Fahrradtr\u00e4ger Bike Rack 2er E-Bike - Bantam Camping AG\",\"isPartOf\":{\"@id\":\"https:\\\/\\\/shop.bantam.ch\\\/de\\\/#website\"},\"primaryImageOfPage\":{\"@id\":\"https:\\\/\\\/shop.bantam.ch\\\/de\\\/produkt\\\/fahrradtraeger-bike-rack-2er-e-bike\\\/#primaryimage\"},\"image\":{\"@id\":\"https:\\\/\\\/shop.bantam.ch\\\/de\\\/produkt\\\/fahrradtraeger-bike-rack-2er-e-bike\\\/#primaryimage\"},\"thumbnailUrl\":\"https:\\\/\\\/shop.bantam.ch\\\/wp-content\\\/uploads\\\/2023\\\/02\\\/994338911.jpg\",\"datePublished\":\"2023-02-28T04:28:46+00:00\",\"dateModified\":\"2026-04-17T20:55:14+00:00\",\"breadcrumb\":{\"@id\":\"https:\\\/\\\/shop.bantam.ch\\\/de\\\/produkt\\\/fahrradtraeger-bike-rack-2er-e-bike\\\/#breadcrumb\"},\"inLanguage\":\"de\",\"potentialAction\":[{\"@type\":\"ReadAction\",\"target\":[\"https:\\\/\\\/shop.bantam.ch\\\/de\\\/produkt\\\/fahrradtraeger-bike-rack-2er-e-bike\\\/\"]}]},{\"@type\":\"ImageObject\",\"inLanguage\":\"de\",\"@id\":\"https:\\\/\\\/shop.bantam.ch\\\/de\\\/produkt\\\/fahrradtraeger-bike-rack-2er-e-bike\\\/#primaryimage\",\"url\":\"https:\\\/\\\/shop.bantam.ch\\\/wp-content\\\/uploads\\\/2023\\\/02\\\/994338911.jpg\",\"contentUrl\":\"https:\\\/\\\/shop.bantam.ch\\\/wp-content\\\/uploads\\\/2023\\\/02\\\/994338911.jpg\",\"width\":777,\"height\":1000},{\"@type\":\"BreadcrumbList\",\"@id\":\"https:\\\/\\\/shop.bantam.ch\\\/de\\\/produkt\\\/fahrradtraeger-bike-rack-2er-e-bike\\\/#breadcrumb\",\"itemListElement\":[{\"@type\":\"ListItem\",\"position\":1,\"name\":\"Accueil\",\"item\":\"https:\\\/\\\/shop.bantam.ch\\\/de\\\/\"},{\"@type\":\"ListItem\",\"position\":2,\"name\":\"Shop\",\"item\":\"https:\\\/\\\/shop.bantam.ch\\\/de\\\/shop\\\/\"},{\"@type\":\"ListItem\",\"position\":3,\"name\":\"Fahrradtr\u00e4ger Bike Rack 2er E-Bike\"}]},{\"@type\":\"WebSite\",\"@id\":\"https:\\\/\\\/shop.bantam.ch\\\/de\\\/#website\",\"url\":\"https:\\\/\\\/shop.bantam.ch\\\/de\\\/\",\"name\":\"Bantam Camping AG\",\"description\":\"\",\"publisher\":{\"@id\":\"https:\\\/\\\/shop.bantam.ch\\\/de\\\/#organization\"},\"inLanguage\":\"de\"},{\"@type\":\"Organization\",\"@id\":\"https:\\\/\\\/shop.bantam.ch\\\/de\\\/#organization\",\"name\":\"Bantam Camping AG\",\"url\":\"https:\\\/\\\/shop.bantam.ch\\\/de\\\/\",\"logo\":{\"@type\":\"ImageObject\",\"inLanguage\":\"de\",\"@id\":\"https:\\\/\\\/shop.bantam.ch\\\/de\\\/#\\\/schema\\\/logo\\\/image\\\/\",\"url\":\"https:\\\/\\\/shop.bantam.ch\\\/wp-content\\\/uploads\\\/2022\\\/12\\\/bantam-logo.png\",\"contentUrl\":\"https:\\\/\\\/shop.bantam.ch\\\/wp-content\\\/uploads\\\/2022\\\/12\\\/bantam-logo.png\",\"width\":320,\"height\":71,\"caption\":\"Bantam Camping AG\"},\"image\":{\"@id\":\"https:\\\/\\\/shop.bantam.ch\\\/de\\\/#\\\/schema\\\/logo\\\/image\\\/\"}}]}<\/script>\n<!-- \/ Yoast SEO plugin. -->","yoast_head_json":{"title":"Fahrradtr\u00e4ger Bike Rack 2er E-Bike - Bantam Camping AG","robots":{"index":"index","follow":"follow","max-snippet":"max-snippet:-1","max-image-preview":"max-image-preview:large","max-video-preview":"max-video-preview:-1"},"canonical":"https:\/\/shop.bantam.ch\/de\/produkt\/fahrradtraeger-bike-rack-2er-e-bike\/","og_locale":"de_DE","og_type":"article","og_title":"Fahrradtr\u00e4ger Bike Rack 2er E-Bike - Bantam Camping AG","og_description":"Die sch\u00f6nsten Urlaubsorte wirken noch sch\u00f6ner, wenn du sie mit dem Fahrrad entdecken kannst. Vorausgesetzt, du hast dein Fahrrad dabei. Kein Problem, mit dem Quipon Bike Rack. Hergestellt aus hochwertigem Aluminium &#8211; Made in Germany. Die Aufnahmeschienen k\u00f6nnen seitlich verstellt werden, das erm\u00f6glicht die optimale Position Ihres Fahrrades. Witterungsbest\u00e4ndige Materialien, sowie die leichte Handhabung sprechen [&hellip;]","og_url":"https:\/\/shop.bantam.ch\/de\/produkt\/fahrradtraeger-bike-rack-2er-e-bike\/","og_site_name":"Bantam Camping AG","article_modified_time":"2026-04-17T20:55:14+00:00","og_image":[{"width":777,"height":1000,"url":"https:\/\/shop.bantam.ch\/wp-content\/uploads\/2023\/02\/994338911.jpg","type":"image\/jpeg"}],"twitter_card":"summary_large_image","twitter_misc":{"Gesch\u00e4tzte Lesezeit":"1\u00a0Minute"},"schema":{"@context":"https:\/\/schema.org","@graph":[{"@type":"WebPage","@id":"https:\/\/shop.bantam.ch\/de\/produkt\/fahrradtraeger-bike-rack-2er-e-bike\/","url":"https:\/\/shop.bantam.ch\/de\/produkt\/fahrradtraeger-bike-rack-2er-e-bike\/","name":"Fahrradtr\u00e4ger Bike Rack 2er E-Bike - Bantam Camping AG","isPartOf":{"@id":"https:\/\/shop.bantam.ch\/de\/#website"},"primaryImageOfPage":{"@id":"https:\/\/shop.bantam.ch\/de\/produkt\/fahrradtraeger-bike-rack-2er-e-bike\/#primaryimage"},"image":{"@id":"https:\/\/shop.bantam.ch\/de\/produkt\/fahrradtraeger-bike-rack-2er-e-bike\/#primaryimage"},"thumbnailUrl":"https:\/\/shop.bantam.ch\/wp-content\/uploads\/2023\/02\/994338911.jpg","datePublished":"2023-02-28T04:28:46+00:00","dateModified":"2026-04-17T20:55:14+00:00","breadcrumb":{"@id":"https:\/\/shop.bantam.ch\/de\/produkt\/fahrradtraeger-bike-rack-2er-e-bike\/#breadcrumb"},"inLanguage":"de","potentialAction":[{"@type":"ReadAction","target":["https:\/\/shop.bantam.ch\/de\/produkt\/fahrradtraeger-bike-rack-2er-e-bike\/"]}]},{"@type":"ImageObject","inLanguage":"de","@id":"https:\/\/shop.bantam.ch\/de\/produkt\/fahrradtraeger-bike-rack-2er-e-bike\/#primaryimage","url":"https:\/\/shop.bantam.ch\/wp-content\/uploads\/2023\/02\/994338911.jpg","contentUrl":"https:\/\/shop.bantam.ch\/wp-content\/uploads\/2023\/02\/994338911.jpg","width":777,"height":1000},{"@type":"BreadcrumbList","@id":"https:\/\/shop.bantam.ch\/de\/produkt\/fahrradtraeger-bike-rack-2er-e-bike\/#breadcrumb","itemListElement":[{"@type":"ListItem","position":1,"name":"Accueil","item":"https:\/\/shop.bantam.ch\/de\/"},{"@type":"ListItem","position":2,"name":"Shop","item":"https:\/\/shop.bantam.ch\/de\/shop\/"},{"@type":"ListItem","position":3,"name":"Fahrradtr\u00e4ger Bike Rack 2er E-Bike"}]},{"@type":"WebSite","@id":"https:\/\/shop.bantam.ch\/de\/#website","url":"https:\/\/shop.bantam.ch\/de\/","name":"Bantam Camping AG","description":"","publisher":{"@id":"https:\/\/shop.bantam.ch\/de\/#organization"},"inLanguage":"de"},{"@type":"Organization","@id":"https:\/\/shop.bantam.ch\/de\/#organization","name":"Bantam Camping AG","url":"https:\/\/shop.bantam.ch\/de\/","logo":{"@type":"ImageObject","inLanguage":"de","@id":"https:\/\/shop.bantam.ch\/de\/#\/schema\/logo\/image\/","url":"https:\/\/shop.bantam.ch\/wp-content\/uploads\/2022\/12\/bantam-logo.png","contentUrl":"https:\/\/shop.bantam.ch\/wp-content\/uploads\/2022\/12\/bantam-logo.png","width":320,"height":71,"caption":"Bantam Camping AG"},"image":{"@id":"https:\/\/shop.bantam.ch\/de\/#\/schema\/logo\/image\/"}}]}},"_links":{"self":[{"href":"https:\/\/shop.bantam.ch\/de\/wp-json\/wp\/v2\/product\/97168","targetHints":{"allow":["GET"]}}],"collection":[{"href":"https:\/\/shop.bantam.ch\/de\/wp-json\/wp\/v2\/product"}],"about":[{"href":"https:\/\/shop.bantam.ch\/de\/wp-json\/wp\/v2\/types\/product"}],"wp:featuredmedia":[{"embeddable":true,"href":"https:\/\/shop.bantam.ch\/de\/wp-json\/wp\/v2\/media\/97142"}],"wp:attachment":[{"href":"https:\/\/shop.bantam.ch\/de\/wp-json\/wp\/v2\/media?parent=97168"}],"wp:term":[{"taxonomy":"product_featured_cat","embeddable":true,"href":"https:\/\/shop.bantam.ch\/de\/wp-json\/wp\/v2\/product_featured_cat?post=97168"},{"taxonomy":"product_brand","embeddable":true,"href":"https:\/\/shop.bantam.ch\/de\/wp-json\/wp\/v2\/product_brand?post=97168"},{"taxonomy":"product_cat","embeddable":true,"href":"https:\/\/shop.bantam.ch\/de\/wp-json\/wp\/v2\/product_cat?post=97168"},{"taxonomy":"product_tag","embeddable":true,"href":"https:\/\/shop.bantam.ch\/de\/wp-json\/wp\/v2\/product_tag?post=97168"}],"curies":[{"name":"wp","href":"https:\/\/api.w.org\/{rel}","templated":true}]}}