{"id":97138,"date":"2023-02-28T05:28:25","date_gmt":"2023-02-28T04:28:25","guid":{"rendered":"http:\/\/shop.bantam.ch\/produit\/fahrradtraeger-bike-rack-4er\/"},"modified":"2026-04-17T22:55:06","modified_gmt":"2026-04-17T20:55:06","slug":"fahrradtraeger-bike-rack-4er","status":"publish","type":"product","link":"https:\/\/shop.bantam.ch\/de\/produkt\/fahrradtraeger-bike-rack-4er\/","title":{"rendered":"Fahrradtr\u00e4ger Bike Rack 4er"},"content":{"rendered":"<p>Die sch\u00f6nsten Urlaubsorte wirken noch sch\u00f6ner, wenn du sie mit dem Fahrrad entdecken kannst. Vorausgesetzt, du hast dein Fahrrad dabei. Kein Problem, mit dem Quipon Bike Rack. <br \/>Hergestellt aus hochwertigem Aluminium &#8211; Made in Germany.Die Aufnahmeschienen k\u00f6nnen seitlich verstellt werden, das erm\u00f6glicht die optimale Position Ihres Fahrrades. Witterungsbest\u00e4ndige Materialien, sowie die leichte Handhabung sprechen ebenso f\u00fcr den hohen Qualit\u00e4tsstandard, wie das T\u00dcV\/GS-Pr\u00fcfzeichen.<\/p>\n<ul>\n<li>Familientauglich: f\u00fcr bis zu 4 Fahrr\u00e4der, E-Bikes oder Kinderr\u00e4der<\/li>\n<li>Made in Germany<\/li>\n<li>Hergestellt aus hochwertigem Aluminium<\/li>\n<li>Aufnahmeschienen seitlich verschiebbar<\/li>\n<li>Optimale Positionierung der R\u00e4der<\/li>\n<li>Witterungsbest\u00e4ndig<\/li>\n<li>Leichte Bedienung<\/li>\n<\/ul>\n<p>Lieferumfang:<br \/>3 Abstandshalter mit 3 unterschiedlichen L\u00e4ngen zur optimalen Positionierung der Fahrr\u00e4der<br \/>Ausf\u00fchrliche Montage- und Bedienungsanleitung<\/p>\n<p>Erg\u00e4nzend zum Fahrradtr\u00e4ger ist ein oberer Befestigungssatz notwendig. Dieser ist separat erh\u00e4ltlich:<\/p>\n<ul>\n<li>Universalsatz: Art.Nr. 9981106 (wei\u00df) \/ 9948458 (silber) <\/li>\n<li>F\u00fcr Dethleffs, Sunlight, Carado: Art.Nr. 9981137 <\/li>\n<li>F\u00fcr Hymer: Art.Nr. 9981106<\/li>\n<\/ul>\n","protected":false},"excerpt":{"rendered":"<p>Die sch\u00f6nsten Urlaubsorte wirken noch sch\u00f6ner, wenn du sie mit dem Fahrrad entdecken kannst. Vorausgesetzt, du hast dein Fahrrad dabei. Kein Problem, mit dem Quipon Bike Rack. Hergestellt aus hochwertigem Aluminium &#8211; Made in Germany.Die Aufnahmeschienen k\u00f6nnen seitlich verstellt werden, das erm\u00f6glicht die optimale Position Ihres Fahrrades. Witterungsbest\u00e4ndige Materialien, sowie die leichte Handhabung sprechen ebenso [&hellip;]<\/p>\n","protected":false},"featured_media":97112,"template":"","meta":{"_acf_changed":false},"product_featured_cat":[],"product_brand":[3351],"product_cat":[5138],"product_tag":[],"class_list":{"0":"post-97138","1":"product","2":"type-product","3":"status-publish","4":"has-post-thumbnail","6":"product_brand-quipon-de","7":"product_cat-heck-fahrradtraeger","9":"first","10":"instock","11":"taxable","12":"shipping-taxable","13":"purchasable","14":"product-type-variable"},"acf":[],"yoast_head":"<!-- This site is optimized with the Yoast SEO plugin v27.4 - https:\/\/yoast.com\/product\/yoast-seo-wordpress\/ -->\n<title>Fahrradtr\u00e4ger Bike Rack 4er - Bantam Camping AG<\/title>\n<meta name=\"robots\" content=\"index, follow, max-snippet:-1, max-image-preview:large, max-video-preview:-1\" \/>\n<link rel=\"canonical\" href=\"https:\/\/shop.bantam.ch\/de\/produkt\/fahrradtraeger-bike-rack-4er\/\" \/>\n<meta property=\"og:locale\" content=\"de_DE\" \/>\n<meta property=\"og:type\" content=\"article\" \/>\n<meta property=\"og:title\" content=\"Fahrradtr\u00e4ger Bike Rack 4er - Bantam Camping AG\" \/>\n<meta property=\"og:description\" content=\"Die sch\u00f6nsten Urlaubsorte wirken noch sch\u00f6ner, wenn du sie mit dem Fahrrad entdecken kannst. Vorausgesetzt, du hast dein Fahrrad dabei. Kein Problem, mit dem Quipon Bike Rack. Hergestellt aus hochwertigem Aluminium &#8211; Made in Germany.Die Aufnahmeschienen k\u00f6nnen seitlich verstellt werden, das erm\u00f6glicht die optimale Position Ihres Fahrrades. Witterungsbest\u00e4ndige Materialien, sowie die leichte Handhabung sprechen ebenso [&hellip;]\" \/>\n<meta property=\"og:url\" content=\"https:\/\/shop.bantam.ch\/de\/produkt\/fahrradtraeger-bike-rack-4er\/\" \/>\n<meta property=\"og:site_name\" content=\"Bantam Camping AG\" \/>\n<meta property=\"article:modified_time\" content=\"2026-04-17T20:55:06+00:00\" \/>\n<meta property=\"og:image\" content=\"https:\/\/shop.bantam.ch\/wp-content\/uploads\/2023\/02\/994339411.jpg\" \/>\n\t<meta property=\"og:image:width\" content=\"777\" \/>\n\t<meta property=\"og:image:height\" content=\"1000\" \/>\n\t<meta property=\"og:image:type\" content=\"image\/jpeg\" \/>\n<meta name=\"twitter:card\" content=\"summary_large_image\" \/>\n<meta name=\"twitter:label1\" content=\"Gesch\u00e4tzte Lesezeit\" \/>\n\t<meta name=\"twitter:data1\" content=\"1\u00a0Minute\" \/>\n<script type=\"application\/ld+json\" class=\"yoast-schema-graph\">{\"@context\":\"https:\\\/\\\/schema.org\",\"@graph\":[{\"@type\":\"WebPage\",\"@id\":\"https:\\\/\\\/shop.bantam.ch\\\/de\\\/produkt\\\/fahrradtraeger-bike-rack-4er\\\/\",\"url\":\"https:\\\/\\\/shop.bantam.ch\\\/de\\\/produkt\\\/fahrradtraeger-bike-rack-4er\\\/\",\"name\":\"Fahrradtr\u00e4ger Bike Rack 4er - Bantam Camping AG\",\"isPartOf\":{\"@id\":\"https:\\\/\\\/shop.bantam.ch\\\/de\\\/#website\"},\"primaryImageOfPage\":{\"@id\":\"https:\\\/\\\/shop.bantam.ch\\\/de\\\/produkt\\\/fahrradtraeger-bike-rack-4er\\\/#primaryimage\"},\"image\":{\"@id\":\"https:\\\/\\\/shop.bantam.ch\\\/de\\\/produkt\\\/fahrradtraeger-bike-rack-4er\\\/#primaryimage\"},\"thumbnailUrl\":\"https:\\\/\\\/shop.bantam.ch\\\/wp-content\\\/uploads\\\/2023\\\/02\\\/994339411.jpg\",\"datePublished\":\"2023-02-28T04:28:25+00:00\",\"dateModified\":\"2026-04-17T20:55:06+00:00\",\"breadcrumb\":{\"@id\":\"https:\\\/\\\/shop.bantam.ch\\\/de\\\/produkt\\\/fahrradtraeger-bike-rack-4er\\\/#breadcrumb\"},\"inLanguage\":\"de\",\"potentialAction\":[{\"@type\":\"ReadAction\",\"target\":[\"https:\\\/\\\/shop.bantam.ch\\\/de\\\/produkt\\\/fahrradtraeger-bike-rack-4er\\\/\"]}]},{\"@type\":\"ImageObject\",\"inLanguage\":\"de\",\"@id\":\"https:\\\/\\\/shop.bantam.ch\\\/de\\\/produkt\\\/fahrradtraeger-bike-rack-4er\\\/#primaryimage\",\"url\":\"https:\\\/\\\/shop.bantam.ch\\\/wp-content\\\/uploads\\\/2023\\\/02\\\/994339411.jpg\",\"contentUrl\":\"https:\\\/\\\/shop.bantam.ch\\\/wp-content\\\/uploads\\\/2023\\\/02\\\/994339411.jpg\",\"width\":777,\"height\":1000},{\"@type\":\"BreadcrumbList\",\"@id\":\"https:\\\/\\\/shop.bantam.ch\\\/de\\\/produkt\\\/fahrradtraeger-bike-rack-4er\\\/#breadcrumb\",\"itemListElement\":[{\"@type\":\"ListItem\",\"position\":1,\"name\":\"Accueil\",\"item\":\"https:\\\/\\\/shop.bantam.ch\\\/de\\\/\"},{\"@type\":\"ListItem\",\"position\":2,\"name\":\"Shop\",\"item\":\"https:\\\/\\\/shop.bantam.ch\\\/de\\\/shop\\\/\"},{\"@type\":\"ListItem\",\"position\":3,\"name\":\"Fahrradtr\u00e4ger Bike Rack 4er\"}]},{\"@type\":\"WebSite\",\"@id\":\"https:\\\/\\\/shop.bantam.ch\\\/de\\\/#website\",\"url\":\"https:\\\/\\\/shop.bantam.ch\\\/de\\\/\",\"name\":\"Bantam Camping AG\",\"description\":\"\",\"publisher\":{\"@id\":\"https:\\\/\\\/shop.bantam.ch\\\/de\\\/#organization\"},\"inLanguage\":\"de\"},{\"@type\":\"Organization\",\"@id\":\"https:\\\/\\\/shop.bantam.ch\\\/de\\\/#organization\",\"name\":\"Bantam Camping AG\",\"url\":\"https:\\\/\\\/shop.bantam.ch\\\/de\\\/\",\"logo\":{\"@type\":\"ImageObject\",\"inLanguage\":\"de\",\"@id\":\"https:\\\/\\\/shop.bantam.ch\\\/de\\\/#\\\/schema\\\/logo\\\/image\\\/\",\"url\":\"https:\\\/\\\/shop.bantam.ch\\\/wp-content\\\/uploads\\\/2022\\\/12\\\/bantam-logo.png\",\"contentUrl\":\"https:\\\/\\\/shop.bantam.ch\\\/wp-content\\\/uploads\\\/2022\\\/12\\\/bantam-logo.png\",\"width\":320,\"height\":71,\"caption\":\"Bantam Camping AG\"},\"image\":{\"@id\":\"https:\\\/\\\/shop.bantam.ch\\\/de\\\/#\\\/schema\\\/logo\\\/image\\\/\"}}]}<\/script>\n<!-- \/ Yoast SEO plugin. -->","yoast_head_json":{"title":"Fahrradtr\u00e4ger Bike Rack 4er - Bantam Camping AG","robots":{"index":"index","follow":"follow","max-snippet":"max-snippet:-1","max-image-preview":"max-image-preview:large","max-video-preview":"max-video-preview:-1"},"canonical":"https:\/\/shop.bantam.ch\/de\/produkt\/fahrradtraeger-bike-rack-4er\/","og_locale":"de_DE","og_type":"article","og_title":"Fahrradtr\u00e4ger Bike Rack 4er - Bantam Camping AG","og_description":"Die sch\u00f6nsten Urlaubsorte wirken noch sch\u00f6ner, wenn du sie mit dem Fahrrad entdecken kannst. Vorausgesetzt, du hast dein Fahrrad dabei. Kein Problem, mit dem Quipon Bike Rack. Hergestellt aus hochwertigem Aluminium &#8211; Made in Germany.Die Aufnahmeschienen k\u00f6nnen seitlich verstellt werden, das erm\u00f6glicht die optimale Position Ihres Fahrrades. Witterungsbest\u00e4ndige Materialien, sowie die leichte Handhabung sprechen ebenso [&hellip;]","og_url":"https:\/\/shop.bantam.ch\/de\/produkt\/fahrradtraeger-bike-rack-4er\/","og_site_name":"Bantam Camping AG","article_modified_time":"2026-04-17T20:55:06+00:00","og_image":[{"width":777,"height":1000,"url":"https:\/\/shop.bantam.ch\/wp-content\/uploads\/2023\/02\/994339411.jpg","type":"image\/jpeg"}],"twitter_card":"summary_large_image","twitter_misc":{"Gesch\u00e4tzte Lesezeit":"1\u00a0Minute"},"schema":{"@context":"https:\/\/schema.org","@graph":[{"@type":"WebPage","@id":"https:\/\/shop.bantam.ch\/de\/produkt\/fahrradtraeger-bike-rack-4er\/","url":"https:\/\/shop.bantam.ch\/de\/produkt\/fahrradtraeger-bike-rack-4er\/","name":"Fahrradtr\u00e4ger Bike Rack 4er - Bantam Camping AG","isPartOf":{"@id":"https:\/\/shop.bantam.ch\/de\/#website"},"primaryImageOfPage":{"@id":"https:\/\/shop.bantam.ch\/de\/produkt\/fahrradtraeger-bike-rack-4er\/#primaryimage"},"image":{"@id":"https:\/\/shop.bantam.ch\/de\/produkt\/fahrradtraeger-bike-rack-4er\/#primaryimage"},"thumbnailUrl":"https:\/\/shop.bantam.ch\/wp-content\/uploads\/2023\/02\/994339411.jpg","datePublished":"2023-02-28T04:28:25+00:00","dateModified":"2026-04-17T20:55:06+00:00","breadcrumb":{"@id":"https:\/\/shop.bantam.ch\/de\/produkt\/fahrradtraeger-bike-rack-4er\/#breadcrumb"},"inLanguage":"de","potentialAction":[{"@type":"ReadAction","target":["https:\/\/shop.bantam.ch\/de\/produkt\/fahrradtraeger-bike-rack-4er\/"]}]},{"@type":"ImageObject","inLanguage":"de","@id":"https:\/\/shop.bantam.ch\/de\/produkt\/fahrradtraeger-bike-rack-4er\/#primaryimage","url":"https:\/\/shop.bantam.ch\/wp-content\/uploads\/2023\/02\/994339411.jpg","contentUrl":"https:\/\/shop.bantam.ch\/wp-content\/uploads\/2023\/02\/994339411.jpg","width":777,"height":1000},{"@type":"BreadcrumbList","@id":"https:\/\/shop.bantam.ch\/de\/produkt\/fahrradtraeger-bike-rack-4er\/#breadcrumb","itemListElement":[{"@type":"ListItem","position":1,"name":"Accueil","item":"https:\/\/shop.bantam.ch\/de\/"},{"@type":"ListItem","position":2,"name":"Shop","item":"https:\/\/shop.bantam.ch\/de\/shop\/"},{"@type":"ListItem","position":3,"name":"Fahrradtr\u00e4ger Bike Rack 4er"}]},{"@type":"WebSite","@id":"https:\/\/shop.bantam.ch\/de\/#website","url":"https:\/\/shop.bantam.ch\/de\/","name":"Bantam Camping AG","description":"","publisher":{"@id":"https:\/\/shop.bantam.ch\/de\/#organization"},"inLanguage":"de"},{"@type":"Organization","@id":"https:\/\/shop.bantam.ch\/de\/#organization","name":"Bantam Camping AG","url":"https:\/\/shop.bantam.ch\/de\/","logo":{"@type":"ImageObject","inLanguage":"de","@id":"https:\/\/shop.bantam.ch\/de\/#\/schema\/logo\/image\/","url":"https:\/\/shop.bantam.ch\/wp-content\/uploads\/2022\/12\/bantam-logo.png","contentUrl":"https:\/\/shop.bantam.ch\/wp-content\/uploads\/2022\/12\/bantam-logo.png","width":320,"height":71,"caption":"Bantam Camping AG"},"image":{"@id":"https:\/\/shop.bantam.ch\/de\/#\/schema\/logo\/image\/"}}]}},"_links":{"self":[{"href":"https:\/\/shop.bantam.ch\/de\/wp-json\/wp\/v2\/product\/97138","targetHints":{"allow":["GET"]}}],"collection":[{"href":"https:\/\/shop.bantam.ch\/de\/wp-json\/wp\/v2\/product"}],"about":[{"href":"https:\/\/shop.bantam.ch\/de\/wp-json\/wp\/v2\/types\/product"}],"wp:featuredmedia":[{"embeddable":true,"href":"https:\/\/shop.bantam.ch\/de\/wp-json\/wp\/v2\/media\/97112"}],"wp:attachment":[{"href":"https:\/\/shop.bantam.ch\/de\/wp-json\/wp\/v2\/media?parent=97138"}],"wp:term":[{"taxonomy":"product_featured_cat","embeddable":true,"href":"https:\/\/shop.bantam.ch\/de\/wp-json\/wp\/v2\/product_featured_cat?post=97138"},{"taxonomy":"product_brand","embeddable":true,"href":"https:\/\/shop.bantam.ch\/de\/wp-json\/wp\/v2\/product_brand?post=97138"},{"taxonomy":"product_cat","embeddable":true,"href":"https:\/\/shop.bantam.ch\/de\/wp-json\/wp\/v2\/product_cat?post=97138"},{"taxonomy":"product_tag","embeddable":true,"href":"https:\/\/shop.bantam.ch\/de\/wp-json\/wp\/v2\/product_tag?post=97138"}],"curies":[{"name":"wp","href":"https:\/\/api.w.org\/{rel}","templated":true}]}}