{"id":97038,"date":"2023-02-28T05:27:24","date_gmt":"2023-02-28T04:27:24","guid":{"rendered":"http:\/\/shop.bantam.ch\/produit\/taschenmesser-picknicker\/"},"modified":"2026-04-22T21:30:54","modified_gmt":"2026-04-22T19:30:54","slug":"taschenmesser-picknicker","status":"publish","type":"product","link":"https:\/\/shop.bantam.ch\/de\/produkt\/taschenmesser-picknicker\/","title":{"rendered":"Taschenmesser Victorinox Picknicker"},"content":{"rendered":"<p>Das Picknicker Taschenmesser verf\u00fcgt \u00fcber die ideale Kombination von Funktionen f\u00fcr Stadtbesessene wie auch f\u00fcr Naturliebhaber. Es ist leicht und l\u00e4sst sich einfach \u00fcberallhin mitnehmen. Es ist robust und hart im Nehmen, was immer Sie ihm auch zumuten. Und die Feststellklinge ist ebenso stark wie scharf. Ganz gleich, wo Sie gerade unterwegs sind, halten Sie Ihr Picknicker immer griffbereit.<\/p>\n<p>Werkzeuge:<\/p>\n<ul>\n<li>Gro\u00dfe Klinge<\/li>\n<li>Kapselheber<\/li>\n<li>Schraubendreher 5 mm, feststellend<\/li>\n<li>Drahtabisolierer<\/li>\n<li>Dosen\u00f6ffner<\/li>\n<li>Schraubendreher 3mm<\/li>\n<li>Stech- Reib- Ahle<\/li>\n<li>Korkenzieher<\/li>\n<li>Pinzette<\/li>\n<li>Zahnstocher<\/li>\n<li>Ring<\/li>\n<\/ul>\n<p>\u00a0<\/p>\n","protected":false},"excerpt":{"rendered":"<p>Das Picknicker Taschenmesser verf\u00fcgt \u00fcber die ideale Kombination von Funktionen f\u00fcr Stadtbesessene wie auch f\u00fcr Naturliebhaber. Es ist leicht und l\u00e4sst sich einfach \u00fcberallhin mitnehmen. Es ist robust und hart im Nehmen, was immer Sie ihm auch zumuten. Und die Feststellklinge ist ebenso stark wie scharf. Ganz gleich, wo Sie gerade unterwegs sind, halten Sie [&hellip;]<\/p>\n","protected":false},"featured_media":97036,"template":"","meta":{"_acf_changed":false},"product_featured_cat":[],"product_brand":[3525],"product_cat":[4414],"product_tag":[],"class_list":{"0":"post-97038","1":"product","2":"type-product","3":"status-publish","4":"has-post-thumbnail","6":"product_brand-victorinox-de","7":"product_cat-klappmesser","9":"first","10":"instock","11":"taxable","12":"shipping-taxable","13":"purchasable","14":"product-type-simple"},"acf":[],"yoast_head":"<!-- This site is optimized with the Yoast SEO plugin v27.4 - https:\/\/yoast.com\/product\/yoast-seo-wordpress\/ -->\n<title>Taschenmesser Victorinox Picknicker - Bantam Camping AG<\/title>\n<meta name=\"robots\" content=\"index, follow, max-snippet:-1, max-image-preview:large, max-video-preview:-1\" \/>\n<link rel=\"canonical\" href=\"https:\/\/shop.bantam.ch\/de\/produkt\/taschenmesser-picknicker\/\" \/>\n<meta property=\"og:locale\" content=\"de_DE\" \/>\n<meta property=\"og:type\" content=\"article\" \/>\n<meta property=\"og:title\" content=\"Taschenmesser Victorinox Picknicker - Bantam Camping AG\" \/>\n<meta property=\"og:description\" content=\"Das Picknicker Taschenmesser verf\u00fcgt \u00fcber die ideale Kombination von Funktionen f\u00fcr Stadtbesessene wie auch f\u00fcr Naturliebhaber. Es ist leicht und l\u00e4sst sich einfach \u00fcberallhin mitnehmen. Es ist robust und hart im Nehmen, was immer Sie ihm auch zumuten. Und die Feststellklinge ist ebenso stark wie scharf. Ganz gleich, wo Sie gerade unterwegs sind, halten Sie [&hellip;]\" \/>\n<meta property=\"og:url\" content=\"https:\/\/shop.bantam.ch\/de\/produkt\/taschenmesser-picknicker\/\" \/>\n<meta property=\"og:site_name\" content=\"Bantam Camping AG\" \/>\n<meta property=\"article:modified_time\" content=\"2026-04-22T19:30:54+00:00\" \/>\n<meta property=\"og:image\" content=\"https:\/\/shop.bantam.ch\/wp-content\/uploads\/2023\/02\/994338511.jpg\" \/>\n\t<meta property=\"og:image:width\" content=\"1000\" \/>\n\t<meta property=\"og:image:height\" content=\"989\" \/>\n\t<meta property=\"og:image:type\" content=\"image\/jpeg\" \/>\n<meta name=\"twitter:card\" content=\"summary_large_image\" \/>\n<script type=\"application\/ld+json\" class=\"yoast-schema-graph\">{\"@context\":\"https:\\\/\\\/schema.org\",\"@graph\":[{\"@type\":\"WebPage\",\"@id\":\"https:\\\/\\\/shop.bantam.ch\\\/de\\\/produkt\\\/taschenmesser-picknicker\\\/\",\"url\":\"https:\\\/\\\/shop.bantam.ch\\\/de\\\/produkt\\\/taschenmesser-picknicker\\\/\",\"name\":\"Taschenmesser Victorinox Picknicker - Bantam Camping AG\",\"isPartOf\":{\"@id\":\"https:\\\/\\\/shop.bantam.ch\\\/de\\\/#website\"},\"primaryImageOfPage\":{\"@id\":\"https:\\\/\\\/shop.bantam.ch\\\/de\\\/produkt\\\/taschenmesser-picknicker\\\/#primaryimage\"},\"image\":{\"@id\":\"https:\\\/\\\/shop.bantam.ch\\\/de\\\/produkt\\\/taschenmesser-picknicker\\\/#primaryimage\"},\"thumbnailUrl\":\"https:\\\/\\\/shop.bantam.ch\\\/wp-content\\\/uploads\\\/2023\\\/02\\\/994338511.jpg\",\"datePublished\":\"2023-02-28T04:27:24+00:00\",\"dateModified\":\"2026-04-22T19:30:54+00:00\",\"breadcrumb\":{\"@id\":\"https:\\\/\\\/shop.bantam.ch\\\/de\\\/produkt\\\/taschenmesser-picknicker\\\/#breadcrumb\"},\"inLanguage\":\"de\",\"potentialAction\":[{\"@type\":\"ReadAction\",\"target\":[\"https:\\\/\\\/shop.bantam.ch\\\/de\\\/produkt\\\/taschenmesser-picknicker\\\/\"]}]},{\"@type\":\"ImageObject\",\"inLanguage\":\"de\",\"@id\":\"https:\\\/\\\/shop.bantam.ch\\\/de\\\/produkt\\\/taschenmesser-picknicker\\\/#primaryimage\",\"url\":\"https:\\\/\\\/shop.bantam.ch\\\/wp-content\\\/uploads\\\/2023\\\/02\\\/994338511.jpg\",\"contentUrl\":\"https:\\\/\\\/shop.bantam.ch\\\/wp-content\\\/uploads\\\/2023\\\/02\\\/994338511.jpg\",\"width\":1000,\"height\":989},{\"@type\":\"BreadcrumbList\",\"@id\":\"https:\\\/\\\/shop.bantam.ch\\\/de\\\/produkt\\\/taschenmesser-picknicker\\\/#breadcrumb\",\"itemListElement\":[{\"@type\":\"ListItem\",\"position\":1,\"name\":\"Accueil\",\"item\":\"https:\\\/\\\/shop.bantam.ch\\\/de\\\/\"},{\"@type\":\"ListItem\",\"position\":2,\"name\":\"Shop\",\"item\":\"https:\\\/\\\/shop.bantam.ch\\\/de\\\/shop\\\/\"},{\"@type\":\"ListItem\",\"position\":3,\"name\":\"Taschenmesser Victorinox Picknicker\"}]},{\"@type\":\"WebSite\",\"@id\":\"https:\\\/\\\/shop.bantam.ch\\\/de\\\/#website\",\"url\":\"https:\\\/\\\/shop.bantam.ch\\\/de\\\/\",\"name\":\"Bantam Camping AG\",\"description\":\"\",\"publisher\":{\"@id\":\"https:\\\/\\\/shop.bantam.ch\\\/de\\\/#organization\"},\"inLanguage\":\"de\"},{\"@type\":\"Organization\",\"@id\":\"https:\\\/\\\/shop.bantam.ch\\\/de\\\/#organization\",\"name\":\"Bantam Camping AG\",\"url\":\"https:\\\/\\\/shop.bantam.ch\\\/de\\\/\",\"logo\":{\"@type\":\"ImageObject\",\"inLanguage\":\"de\",\"@id\":\"https:\\\/\\\/shop.bantam.ch\\\/de\\\/#\\\/schema\\\/logo\\\/image\\\/\",\"url\":\"https:\\\/\\\/shop.bantam.ch\\\/wp-content\\\/uploads\\\/2022\\\/12\\\/bantam-logo.png\",\"contentUrl\":\"https:\\\/\\\/shop.bantam.ch\\\/wp-content\\\/uploads\\\/2022\\\/12\\\/bantam-logo.png\",\"width\":320,\"height\":71,\"caption\":\"Bantam Camping AG\"},\"image\":{\"@id\":\"https:\\\/\\\/shop.bantam.ch\\\/de\\\/#\\\/schema\\\/logo\\\/image\\\/\"}}]}<\/script>\n<!-- \/ Yoast SEO plugin. -->","yoast_head_json":{"title":"Taschenmesser Victorinox Picknicker - Bantam Camping AG","robots":{"index":"index","follow":"follow","max-snippet":"max-snippet:-1","max-image-preview":"max-image-preview:large","max-video-preview":"max-video-preview:-1"},"canonical":"https:\/\/shop.bantam.ch\/de\/produkt\/taschenmesser-picknicker\/","og_locale":"de_DE","og_type":"article","og_title":"Taschenmesser Victorinox Picknicker - Bantam Camping AG","og_description":"Das Picknicker Taschenmesser verf\u00fcgt \u00fcber die ideale Kombination von Funktionen f\u00fcr Stadtbesessene wie auch f\u00fcr Naturliebhaber. Es ist leicht und l\u00e4sst sich einfach \u00fcberallhin mitnehmen. Es ist robust und hart im Nehmen, was immer Sie ihm auch zumuten. Und die Feststellklinge ist ebenso stark wie scharf. Ganz gleich, wo Sie gerade unterwegs sind, halten Sie [&hellip;]","og_url":"https:\/\/shop.bantam.ch\/de\/produkt\/taschenmesser-picknicker\/","og_site_name":"Bantam Camping AG","article_modified_time":"2026-04-22T19:30:54+00:00","og_image":[{"width":1000,"height":989,"url":"https:\/\/shop.bantam.ch\/wp-content\/uploads\/2023\/02\/994338511.jpg","type":"image\/jpeg"}],"twitter_card":"summary_large_image","schema":{"@context":"https:\/\/schema.org","@graph":[{"@type":"WebPage","@id":"https:\/\/shop.bantam.ch\/de\/produkt\/taschenmesser-picknicker\/","url":"https:\/\/shop.bantam.ch\/de\/produkt\/taschenmesser-picknicker\/","name":"Taschenmesser Victorinox Picknicker - Bantam Camping AG","isPartOf":{"@id":"https:\/\/shop.bantam.ch\/de\/#website"},"primaryImageOfPage":{"@id":"https:\/\/shop.bantam.ch\/de\/produkt\/taschenmesser-picknicker\/#primaryimage"},"image":{"@id":"https:\/\/shop.bantam.ch\/de\/produkt\/taschenmesser-picknicker\/#primaryimage"},"thumbnailUrl":"https:\/\/shop.bantam.ch\/wp-content\/uploads\/2023\/02\/994338511.jpg","datePublished":"2023-02-28T04:27:24+00:00","dateModified":"2026-04-22T19:30:54+00:00","breadcrumb":{"@id":"https:\/\/shop.bantam.ch\/de\/produkt\/taschenmesser-picknicker\/#breadcrumb"},"inLanguage":"de","potentialAction":[{"@type":"ReadAction","target":["https:\/\/shop.bantam.ch\/de\/produkt\/taschenmesser-picknicker\/"]}]},{"@type":"ImageObject","inLanguage":"de","@id":"https:\/\/shop.bantam.ch\/de\/produkt\/taschenmesser-picknicker\/#primaryimage","url":"https:\/\/shop.bantam.ch\/wp-content\/uploads\/2023\/02\/994338511.jpg","contentUrl":"https:\/\/shop.bantam.ch\/wp-content\/uploads\/2023\/02\/994338511.jpg","width":1000,"height":989},{"@type":"BreadcrumbList","@id":"https:\/\/shop.bantam.ch\/de\/produkt\/taschenmesser-picknicker\/#breadcrumb","itemListElement":[{"@type":"ListItem","position":1,"name":"Accueil","item":"https:\/\/shop.bantam.ch\/de\/"},{"@type":"ListItem","position":2,"name":"Shop","item":"https:\/\/shop.bantam.ch\/de\/shop\/"},{"@type":"ListItem","position":3,"name":"Taschenmesser Victorinox Picknicker"}]},{"@type":"WebSite","@id":"https:\/\/shop.bantam.ch\/de\/#website","url":"https:\/\/shop.bantam.ch\/de\/","name":"Bantam Camping AG","description":"","publisher":{"@id":"https:\/\/shop.bantam.ch\/de\/#organization"},"inLanguage":"de"},{"@type":"Organization","@id":"https:\/\/shop.bantam.ch\/de\/#organization","name":"Bantam Camping AG","url":"https:\/\/shop.bantam.ch\/de\/","logo":{"@type":"ImageObject","inLanguage":"de","@id":"https:\/\/shop.bantam.ch\/de\/#\/schema\/logo\/image\/","url":"https:\/\/shop.bantam.ch\/wp-content\/uploads\/2022\/12\/bantam-logo.png","contentUrl":"https:\/\/shop.bantam.ch\/wp-content\/uploads\/2022\/12\/bantam-logo.png","width":320,"height":71,"caption":"Bantam Camping AG"},"image":{"@id":"https:\/\/shop.bantam.ch\/de\/#\/schema\/logo\/image\/"}}]}},"_links":{"self":[{"href":"https:\/\/shop.bantam.ch\/de\/wp-json\/wp\/v2\/product\/97038","targetHints":{"allow":["GET"]}}],"collection":[{"href":"https:\/\/shop.bantam.ch\/de\/wp-json\/wp\/v2\/product"}],"about":[{"href":"https:\/\/shop.bantam.ch\/de\/wp-json\/wp\/v2\/types\/product"}],"wp:featuredmedia":[{"embeddable":true,"href":"https:\/\/shop.bantam.ch\/de\/wp-json\/wp\/v2\/media\/97036"}],"wp:attachment":[{"href":"https:\/\/shop.bantam.ch\/de\/wp-json\/wp\/v2\/media?parent=97038"}],"wp:term":[{"taxonomy":"product_featured_cat","embeddable":true,"href":"https:\/\/shop.bantam.ch\/de\/wp-json\/wp\/v2\/product_featured_cat?post=97038"},{"taxonomy":"product_brand","embeddable":true,"href":"https:\/\/shop.bantam.ch\/de\/wp-json\/wp\/v2\/product_brand?post=97038"},{"taxonomy":"product_cat","embeddable":true,"href":"https:\/\/shop.bantam.ch\/de\/wp-json\/wp\/v2\/product_cat?post=97038"},{"taxonomy":"product_tag","embeddable":true,"href":"https:\/\/shop.bantam.ch\/de\/wp-json\/wp\/v2\/product_tag?post=97038"}],"curies":[{"name":"wp","href":"https:\/\/api.w.org\/{rel}","templated":true}]}}