{"id":97034,"date":"2023-02-28T05:27:18","date_gmt":"2023-02-28T04:27:18","guid":{"rendered":"http:\/\/shop.bantam.ch\/produit\/taschenmesser-classic\/"},"modified":"2026-04-22T21:30:54","modified_gmt":"2026-04-22T19:30:54","slug":"taschenmesser-classic","status":"publish","type":"product","link":"https:\/\/shop.bantam.ch\/de\/produkt\/taschenmesser-classic\/","title":{"rendered":"Taschenmesser Victorinox Classic"},"content":{"rendered":"<p>Alles begann mit dem Schweizer Offiziersmesser. Und heute, mehr als ein Jahrhundert sp\u00e4ter, ist das Schweizer Taschenmesser immer noch ein Symbol f\u00fcr perfekte Funktionalit\u00e4t und ikonisches Design. Jedes unserer Produkte h\u00e4lt ein Leben lang. Bei der Classic-Version finden Sie die ganze Funktionspalette, die Sie f\u00fcr Ihre allt\u00e4glichen Abenteuer ben\u00f6tigen. Ein Allrounder, den Sie auf immer und ewig bei sich haben wollen. So leicht werden Sie nie wieder eine lebenslange Verpflichtung eingehen.<\/p>\n<p>Werkzeuge:<\/p>\n<ul>\n<li>Kleine Klinge<\/li>\n<li>Schere<\/li>\n<li>Nagelfeile<\/li>\n<li>Schraubenzieher 2,5 mm<\/li>\n<li>Ring<\/li>\n<li>Zahnstocher<\/li>\n<li>Pinzette<\/li>\n<\/ul>\n","protected":false},"excerpt":{"rendered":"<p>Alles begann mit dem Schweizer Offiziersmesser. Und heute, mehr als ein Jahrhundert sp\u00e4ter, ist das Schweizer Taschenmesser immer noch ein Symbol f\u00fcr perfekte Funktionalit\u00e4t und ikonisches Design. Jedes unserer Produkte h\u00e4lt ein Leben lang. Bei der Classic-Version finden Sie die ganze Funktionspalette, die Sie f\u00fcr Ihre allt\u00e4glichen Abenteuer ben\u00f6tigen. Ein Allrounder, den Sie auf immer [&hellip;]<\/p>\n","protected":false},"featured_media":97032,"template":"","meta":{"_acf_changed":false},"product_featured_cat":[],"product_brand":[3525],"product_cat":[4414],"product_tag":[],"class_list":{"0":"post-97034","1":"product","2":"type-product","3":"status-publish","4":"has-post-thumbnail","6":"product_brand-victorinox-de","7":"product_cat-klappmesser","9":"first","10":"instock","11":"taxable","12":"shipping-taxable","13":"purchasable","14":"product-type-simple"},"acf":[],"yoast_head":"<!-- This site is optimized with the Yoast SEO plugin v27.4 - https:\/\/yoast.com\/product\/yoast-seo-wordpress\/ -->\n<title>Taschenmesser Victorinox Classic - Bantam Camping AG<\/title>\n<meta name=\"robots\" content=\"index, follow, max-snippet:-1, max-image-preview:large, max-video-preview:-1\" \/>\n<link rel=\"canonical\" href=\"https:\/\/shop.bantam.ch\/de\/produkt\/taschenmesser-classic\/\" \/>\n<meta property=\"og:locale\" content=\"de_DE\" \/>\n<meta property=\"og:type\" content=\"article\" \/>\n<meta property=\"og:title\" content=\"Taschenmesser Victorinox Classic - Bantam Camping AG\" \/>\n<meta property=\"og:description\" content=\"Alles begann mit dem Schweizer Offiziersmesser. Und heute, mehr als ein Jahrhundert sp\u00e4ter, ist das Schweizer Taschenmesser immer noch ein Symbol f\u00fcr perfekte Funktionalit\u00e4t und ikonisches Design. Jedes unserer Produkte h\u00e4lt ein Leben lang. Bei der Classic-Version finden Sie die ganze Funktionspalette, die Sie f\u00fcr Ihre allt\u00e4glichen Abenteuer ben\u00f6tigen. Ein Allrounder, den Sie auf immer [&hellip;]\" \/>\n<meta property=\"og:url\" content=\"https:\/\/shop.bantam.ch\/de\/produkt\/taschenmesser-classic\/\" \/>\n<meta property=\"og:site_name\" content=\"Bantam Camping AG\" \/>\n<meta property=\"article:modified_time\" content=\"2026-04-22T19:30:54+00:00\" \/>\n<meta property=\"og:image\" content=\"https:\/\/shop.bantam.ch\/wp-content\/uploads\/2023\/02\/994338411.jpg\" \/>\n\t<meta property=\"og:image:width\" content=\"1000\" \/>\n\t<meta property=\"og:image:height\" content=\"715\" \/>\n\t<meta property=\"og:image:type\" content=\"image\/jpeg\" \/>\n<meta name=\"twitter:card\" content=\"summary_large_image\" \/>\n<script type=\"application\/ld+json\" class=\"yoast-schema-graph\">{\"@context\":\"https:\\\/\\\/schema.org\",\"@graph\":[{\"@type\":\"WebPage\",\"@id\":\"https:\\\/\\\/shop.bantam.ch\\\/de\\\/produkt\\\/taschenmesser-classic\\\/\",\"url\":\"https:\\\/\\\/shop.bantam.ch\\\/de\\\/produkt\\\/taschenmesser-classic\\\/\",\"name\":\"Taschenmesser Victorinox Classic - Bantam Camping AG\",\"isPartOf\":{\"@id\":\"https:\\\/\\\/shop.bantam.ch\\\/de\\\/#website\"},\"primaryImageOfPage\":{\"@id\":\"https:\\\/\\\/shop.bantam.ch\\\/de\\\/produkt\\\/taschenmesser-classic\\\/#primaryimage\"},\"image\":{\"@id\":\"https:\\\/\\\/shop.bantam.ch\\\/de\\\/produkt\\\/taschenmesser-classic\\\/#primaryimage\"},\"thumbnailUrl\":\"https:\\\/\\\/shop.bantam.ch\\\/wp-content\\\/uploads\\\/2023\\\/02\\\/994338411.jpg\",\"datePublished\":\"2023-02-28T04:27:18+00:00\",\"dateModified\":\"2026-04-22T19:30:54+00:00\",\"breadcrumb\":{\"@id\":\"https:\\\/\\\/shop.bantam.ch\\\/de\\\/produkt\\\/taschenmesser-classic\\\/#breadcrumb\"},\"inLanguage\":\"de\",\"potentialAction\":[{\"@type\":\"ReadAction\",\"target\":[\"https:\\\/\\\/shop.bantam.ch\\\/de\\\/produkt\\\/taschenmesser-classic\\\/\"]}]},{\"@type\":\"ImageObject\",\"inLanguage\":\"de\",\"@id\":\"https:\\\/\\\/shop.bantam.ch\\\/de\\\/produkt\\\/taschenmesser-classic\\\/#primaryimage\",\"url\":\"https:\\\/\\\/shop.bantam.ch\\\/wp-content\\\/uploads\\\/2023\\\/02\\\/994338411.jpg\",\"contentUrl\":\"https:\\\/\\\/shop.bantam.ch\\\/wp-content\\\/uploads\\\/2023\\\/02\\\/994338411.jpg\",\"width\":1000,\"height\":715},{\"@type\":\"BreadcrumbList\",\"@id\":\"https:\\\/\\\/shop.bantam.ch\\\/de\\\/produkt\\\/taschenmesser-classic\\\/#breadcrumb\",\"itemListElement\":[{\"@type\":\"ListItem\",\"position\":1,\"name\":\"Accueil\",\"item\":\"https:\\\/\\\/shop.bantam.ch\\\/de\\\/\"},{\"@type\":\"ListItem\",\"position\":2,\"name\":\"Shop\",\"item\":\"https:\\\/\\\/shop.bantam.ch\\\/de\\\/shop\\\/\"},{\"@type\":\"ListItem\",\"position\":3,\"name\":\"Taschenmesser Victorinox Classic\"}]},{\"@type\":\"WebSite\",\"@id\":\"https:\\\/\\\/shop.bantam.ch\\\/de\\\/#website\",\"url\":\"https:\\\/\\\/shop.bantam.ch\\\/de\\\/\",\"name\":\"Bantam Camping AG\",\"description\":\"\",\"publisher\":{\"@id\":\"https:\\\/\\\/shop.bantam.ch\\\/de\\\/#organization\"},\"inLanguage\":\"de\"},{\"@type\":\"Organization\",\"@id\":\"https:\\\/\\\/shop.bantam.ch\\\/de\\\/#organization\",\"name\":\"Bantam Camping AG\",\"url\":\"https:\\\/\\\/shop.bantam.ch\\\/de\\\/\",\"logo\":{\"@type\":\"ImageObject\",\"inLanguage\":\"de\",\"@id\":\"https:\\\/\\\/shop.bantam.ch\\\/de\\\/#\\\/schema\\\/logo\\\/image\\\/\",\"url\":\"https:\\\/\\\/shop.bantam.ch\\\/wp-content\\\/uploads\\\/2022\\\/12\\\/bantam-logo.png\",\"contentUrl\":\"https:\\\/\\\/shop.bantam.ch\\\/wp-content\\\/uploads\\\/2022\\\/12\\\/bantam-logo.png\",\"width\":320,\"height\":71,\"caption\":\"Bantam Camping AG\"},\"image\":{\"@id\":\"https:\\\/\\\/shop.bantam.ch\\\/de\\\/#\\\/schema\\\/logo\\\/image\\\/\"}}]}<\/script>\n<!-- \/ Yoast SEO plugin. -->","yoast_head_json":{"title":"Taschenmesser Victorinox Classic - Bantam Camping AG","robots":{"index":"index","follow":"follow","max-snippet":"max-snippet:-1","max-image-preview":"max-image-preview:large","max-video-preview":"max-video-preview:-1"},"canonical":"https:\/\/shop.bantam.ch\/de\/produkt\/taschenmesser-classic\/","og_locale":"de_DE","og_type":"article","og_title":"Taschenmesser Victorinox Classic - Bantam Camping AG","og_description":"Alles begann mit dem Schweizer Offiziersmesser. Und heute, mehr als ein Jahrhundert sp\u00e4ter, ist das Schweizer Taschenmesser immer noch ein Symbol f\u00fcr perfekte Funktionalit\u00e4t und ikonisches Design. Jedes unserer Produkte h\u00e4lt ein Leben lang. Bei der Classic-Version finden Sie die ganze Funktionspalette, die Sie f\u00fcr Ihre allt\u00e4glichen Abenteuer ben\u00f6tigen. Ein Allrounder, den Sie auf immer [&hellip;]","og_url":"https:\/\/shop.bantam.ch\/de\/produkt\/taschenmesser-classic\/","og_site_name":"Bantam Camping AG","article_modified_time":"2026-04-22T19:30:54+00:00","og_image":[{"width":1000,"height":715,"url":"https:\/\/shop.bantam.ch\/wp-content\/uploads\/2023\/02\/994338411.jpg","type":"image\/jpeg"}],"twitter_card":"summary_large_image","schema":{"@context":"https:\/\/schema.org","@graph":[{"@type":"WebPage","@id":"https:\/\/shop.bantam.ch\/de\/produkt\/taschenmesser-classic\/","url":"https:\/\/shop.bantam.ch\/de\/produkt\/taschenmesser-classic\/","name":"Taschenmesser Victorinox Classic - Bantam Camping AG","isPartOf":{"@id":"https:\/\/shop.bantam.ch\/de\/#website"},"primaryImageOfPage":{"@id":"https:\/\/shop.bantam.ch\/de\/produkt\/taschenmesser-classic\/#primaryimage"},"image":{"@id":"https:\/\/shop.bantam.ch\/de\/produkt\/taschenmesser-classic\/#primaryimage"},"thumbnailUrl":"https:\/\/shop.bantam.ch\/wp-content\/uploads\/2023\/02\/994338411.jpg","datePublished":"2023-02-28T04:27:18+00:00","dateModified":"2026-04-22T19:30:54+00:00","breadcrumb":{"@id":"https:\/\/shop.bantam.ch\/de\/produkt\/taschenmesser-classic\/#breadcrumb"},"inLanguage":"de","potentialAction":[{"@type":"ReadAction","target":["https:\/\/shop.bantam.ch\/de\/produkt\/taschenmesser-classic\/"]}]},{"@type":"ImageObject","inLanguage":"de","@id":"https:\/\/shop.bantam.ch\/de\/produkt\/taschenmesser-classic\/#primaryimage","url":"https:\/\/shop.bantam.ch\/wp-content\/uploads\/2023\/02\/994338411.jpg","contentUrl":"https:\/\/shop.bantam.ch\/wp-content\/uploads\/2023\/02\/994338411.jpg","width":1000,"height":715},{"@type":"BreadcrumbList","@id":"https:\/\/shop.bantam.ch\/de\/produkt\/taschenmesser-classic\/#breadcrumb","itemListElement":[{"@type":"ListItem","position":1,"name":"Accueil","item":"https:\/\/shop.bantam.ch\/de\/"},{"@type":"ListItem","position":2,"name":"Shop","item":"https:\/\/shop.bantam.ch\/de\/shop\/"},{"@type":"ListItem","position":3,"name":"Taschenmesser Victorinox Classic"}]},{"@type":"WebSite","@id":"https:\/\/shop.bantam.ch\/de\/#website","url":"https:\/\/shop.bantam.ch\/de\/","name":"Bantam Camping AG","description":"","publisher":{"@id":"https:\/\/shop.bantam.ch\/de\/#organization"},"inLanguage":"de"},{"@type":"Organization","@id":"https:\/\/shop.bantam.ch\/de\/#organization","name":"Bantam Camping AG","url":"https:\/\/shop.bantam.ch\/de\/","logo":{"@type":"ImageObject","inLanguage":"de","@id":"https:\/\/shop.bantam.ch\/de\/#\/schema\/logo\/image\/","url":"https:\/\/shop.bantam.ch\/wp-content\/uploads\/2022\/12\/bantam-logo.png","contentUrl":"https:\/\/shop.bantam.ch\/wp-content\/uploads\/2022\/12\/bantam-logo.png","width":320,"height":71,"caption":"Bantam Camping AG"},"image":{"@id":"https:\/\/shop.bantam.ch\/de\/#\/schema\/logo\/image\/"}}]}},"_links":{"self":[{"href":"https:\/\/shop.bantam.ch\/de\/wp-json\/wp\/v2\/product\/97034","targetHints":{"allow":["GET"]}}],"collection":[{"href":"https:\/\/shop.bantam.ch\/de\/wp-json\/wp\/v2\/product"}],"about":[{"href":"https:\/\/shop.bantam.ch\/de\/wp-json\/wp\/v2\/types\/product"}],"wp:featuredmedia":[{"embeddable":true,"href":"https:\/\/shop.bantam.ch\/de\/wp-json\/wp\/v2\/media\/97032"}],"wp:attachment":[{"href":"https:\/\/shop.bantam.ch\/de\/wp-json\/wp\/v2\/media?parent=97034"}],"wp:term":[{"taxonomy":"product_featured_cat","embeddable":true,"href":"https:\/\/shop.bantam.ch\/de\/wp-json\/wp\/v2\/product_featured_cat?post=97034"},{"taxonomy":"product_brand","embeddable":true,"href":"https:\/\/shop.bantam.ch\/de\/wp-json\/wp\/v2\/product_brand?post=97034"},{"taxonomy":"product_cat","embeddable":true,"href":"https:\/\/shop.bantam.ch\/de\/wp-json\/wp\/v2\/product_cat?post=97034"},{"taxonomy":"product_tag","embeddable":true,"href":"https:\/\/shop.bantam.ch\/de\/wp-json\/wp\/v2\/product_tag?post=97034"}],"curies":[{"name":"wp","href":"https:\/\/api.w.org\/{rel}","templated":true}]}}