{"id":97012,"date":"2023-02-28T05:26:35","date_gmt":"2023-02-28T04:26:35","guid":{"rendered":"http:\/\/shop.bantam.ch\/produit\/starter-paket-e-connect-e-level-e-volt\/"},"modified":"2026-04-18T21:30:55","modified_gmt":"2026-04-18T19:30:55","slug":"starter-paket-e-connect-e-level-e-volt","status":"publish","type":"product","link":"https:\/\/shop.bantam.ch\/de\/produkt\/starter-paket-e-connect-e-level-e-volt\/","title":{"rendered":"Starter Paket E-Trailer Basic E-Connect, E-Level, E-Volt"},"content":{"rendered":"<p><strong>E-Connect:<br \/><\/strong>Der E-Connect ist das zentrale Gehirn des SMART-Trailer-Systems. Es steuert die Sensoren und versorgt diese mit Strom. Verbinden Sie Ihr Smartphone oder Tablett \u00fcber Bluetooth mit dem E-Connect. Ohne den E-Connect funktioniert das System nicht. Alle anderen Module k\u00f6nnen an den E-Connect angeschlossen werden und erscheinen \u00fcbersichtlich in Ihrer App.<\/p>\n<ul>\n<li>Geringes Gewicht (120 g)<\/li>\n<li>Einfach anzuschlie\u00dfen<\/li>\n<li>Leistungsstarke Bluetooth-Verbindung<\/li>\n<li>Die Basis von Smart Trailer<\/li>\n<\/ul>\n<p>\u00a0<\/p>\n<p><strong>E-Level:<\/strong><br \/>Findest du das Hin- und Hergehen, um deinen Wohnwagen unangenehm und l\u00e4stig zu nivellieren? Mit dem E-Level k\u00f6nnen Sie immer und \u00fcberall in der App sehen, ob Ihr Wohnwagen eben steht, egal ob Sie am Bugrad oder im Auto sind.<\/p>\n<ul>\n<li>Kein Hin- und Hergehen mehr n\u00f6tig<\/li>\n<li>Pr\u00e4zise<\/li>\n<li>Einfach zu bedienen<\/li>\n<\/ul>\n<p>\u00a0<\/p>\n<p><strong>E-Volt:<\/strong><br \/>Sind Sie sich des Zustands Ihrer Batterie bewusst? Mit dem E-Volt k\u00f6nnen Sie leicht erkennen, wie voll die Batterie ist und wie hoch die aktuelle Batteriespannung ist. Sie k\u00f6nnen auch eine Warnmeldung einrichten, die Sie auf Ihrem Telefon erhalten, wenn der Akku fast leer ist. Wie die anderen Module ist auch das E-Volt drahtlos und f\u00fcr jede Art von Batterie geeignet.<\/p>\n<ul>\n<li>Man erkennt sofort, wie voll der Akku ist<\/li>\n<li>Warnt, wenn der Akku schwach ist<\/li>\n<li>Einfach zu installieren<\/li>\n<li>Funktioniert mit jeder Art von Batterie<\/li>\n<\/ul>\n<p>\u00a0<\/p>\n<p>Lieferumfang:<br \/>E-Connect<br \/>E-Level<br \/>E-Volt<\/p>\n","protected":false},"excerpt":{"rendered":"<p>E-Connect:Der E-Connect ist das zentrale Gehirn des SMART-Trailer-Systems. Es steuert die Sensoren und versorgt diese mit Strom. Verbinden Sie Ihr Smartphone oder Tablett \u00fcber Bluetooth mit dem E-Connect. Ohne den E-Connect funktioniert das System nicht. Alle anderen Module k\u00f6nnen an den E-Connect angeschlossen werden und erscheinen \u00fcbersichtlich in Ihrer App. Geringes Gewicht (120 g) Einfach [&hellip;]<\/p>\n","protected":false},"featured_media":97006,"template":"","meta":{"_acf_changed":false},"product_featured_cat":[],"product_brand":[3523],"product_cat":[4662],"product_tag":[],"class_list":{"0":"post-97012","1":"product","2":"type-product","3":"status-publish","4":"has-post-thumbnail","6":"product_brand-e-trailer-de","7":"product_cat-smart-home","9":"first","10":"instock","11":"taxable","12":"shipping-taxable","13":"purchasable","14":"product-type-simple"},"acf":[],"yoast_head":"<!-- This site is optimized with the Yoast SEO plugin v27.4 - https:\/\/yoast.com\/product\/yoast-seo-wordpress\/ -->\n<title>Starter Paket E-Trailer Basic E-Connect, E-Level, E-Volt - Bantam Camping AG<\/title>\n<meta name=\"robots\" content=\"index, follow, max-snippet:-1, max-image-preview:large, max-video-preview:-1\" \/>\n<link rel=\"canonical\" href=\"https:\/\/shop.bantam.ch\/de\/produkt\/starter-paket-e-connect-e-level-e-volt\/\" \/>\n<meta property=\"og:locale\" content=\"de_DE\" \/>\n<meta property=\"og:type\" content=\"article\" \/>\n<meta property=\"og:title\" content=\"Starter Paket E-Trailer Basic E-Connect, E-Level, E-Volt - Bantam Camping AG\" \/>\n<meta property=\"og:description\" content=\"E-Connect:Der E-Connect ist das zentrale Gehirn des SMART-Trailer-Systems. Es steuert die Sensoren und versorgt diese mit Strom. Verbinden Sie Ihr Smartphone oder Tablett \u00fcber Bluetooth mit dem E-Connect. Ohne den E-Connect funktioniert das System nicht. Alle anderen Module k\u00f6nnen an den E-Connect angeschlossen werden und erscheinen \u00fcbersichtlich in Ihrer App. Geringes Gewicht (120 g) Einfach [&hellip;]\" \/>\n<meta property=\"og:url\" content=\"https:\/\/shop.bantam.ch\/de\/produkt\/starter-paket-e-connect-e-level-e-volt\/\" \/>\n<meta property=\"og:site_name\" content=\"Bantam Camping AG\" \/>\n<meta property=\"article:modified_time\" content=\"2026-04-18T19:30:55+00:00\" \/>\n<meta property=\"og:image\" content=\"https:\/\/shop.bantam.ch\/wp-content\/uploads\/2023\/02\/995660111.jpg\" \/>\n\t<meta property=\"og:image:width\" content=\"1000\" \/>\n\t<meta property=\"og:image:height\" content=\"701\" \/>\n\t<meta property=\"og:image:type\" content=\"image\/jpeg\" \/>\n<meta name=\"twitter:card\" content=\"summary_large_image\" \/>\n<meta name=\"twitter:label1\" content=\"Gesch\u00e4tzte Lesezeit\" \/>\n\t<meta name=\"twitter:data1\" content=\"1\u00a0Minute\" \/>\n<script type=\"application\/ld+json\" class=\"yoast-schema-graph\">{\"@context\":\"https:\\\/\\\/schema.org\",\"@graph\":[{\"@type\":\"WebPage\",\"@id\":\"https:\\\/\\\/shop.bantam.ch\\\/de\\\/produkt\\\/starter-paket-e-connect-e-level-e-volt\\\/\",\"url\":\"https:\\\/\\\/shop.bantam.ch\\\/de\\\/produkt\\\/starter-paket-e-connect-e-level-e-volt\\\/\",\"name\":\"Starter Paket E-Trailer Basic E-Connect, E-Level, E-Volt - Bantam Camping AG\",\"isPartOf\":{\"@id\":\"https:\\\/\\\/shop.bantam.ch\\\/de\\\/#website\"},\"primaryImageOfPage\":{\"@id\":\"https:\\\/\\\/shop.bantam.ch\\\/de\\\/produkt\\\/starter-paket-e-connect-e-level-e-volt\\\/#primaryimage\"},\"image\":{\"@id\":\"https:\\\/\\\/shop.bantam.ch\\\/de\\\/produkt\\\/starter-paket-e-connect-e-level-e-volt\\\/#primaryimage\"},\"thumbnailUrl\":\"https:\\\/\\\/shop.bantam.ch\\\/wp-content\\\/uploads\\\/2023\\\/02\\\/995660111.jpg\",\"datePublished\":\"2023-02-28T04:26:35+00:00\",\"dateModified\":\"2026-04-18T19:30:55+00:00\",\"breadcrumb\":{\"@id\":\"https:\\\/\\\/shop.bantam.ch\\\/de\\\/produkt\\\/starter-paket-e-connect-e-level-e-volt\\\/#breadcrumb\"},\"inLanguage\":\"de\",\"potentialAction\":[{\"@type\":\"ReadAction\",\"target\":[\"https:\\\/\\\/shop.bantam.ch\\\/de\\\/produkt\\\/starter-paket-e-connect-e-level-e-volt\\\/\"]}]},{\"@type\":\"ImageObject\",\"inLanguage\":\"de\",\"@id\":\"https:\\\/\\\/shop.bantam.ch\\\/de\\\/produkt\\\/starter-paket-e-connect-e-level-e-volt\\\/#primaryimage\",\"url\":\"https:\\\/\\\/shop.bantam.ch\\\/wp-content\\\/uploads\\\/2023\\\/02\\\/995660111.jpg\",\"contentUrl\":\"https:\\\/\\\/shop.bantam.ch\\\/wp-content\\\/uploads\\\/2023\\\/02\\\/995660111.jpg\",\"width\":1000,\"height\":701},{\"@type\":\"BreadcrumbList\",\"@id\":\"https:\\\/\\\/shop.bantam.ch\\\/de\\\/produkt\\\/starter-paket-e-connect-e-level-e-volt\\\/#breadcrumb\",\"itemListElement\":[{\"@type\":\"ListItem\",\"position\":1,\"name\":\"Accueil\",\"item\":\"https:\\\/\\\/shop.bantam.ch\\\/de\\\/\"},{\"@type\":\"ListItem\",\"position\":2,\"name\":\"Shop\",\"item\":\"https:\\\/\\\/shop.bantam.ch\\\/de\\\/shop\\\/\"},{\"@type\":\"ListItem\",\"position\":3,\"name\":\"Starter Paket E-Trailer Basic E-Connect, E-Level, E-Volt\"}]},{\"@type\":\"WebSite\",\"@id\":\"https:\\\/\\\/shop.bantam.ch\\\/de\\\/#website\",\"url\":\"https:\\\/\\\/shop.bantam.ch\\\/de\\\/\",\"name\":\"Bantam Camping AG\",\"description\":\"\",\"publisher\":{\"@id\":\"https:\\\/\\\/shop.bantam.ch\\\/de\\\/#organization\"},\"inLanguage\":\"de\"},{\"@type\":\"Organization\",\"@id\":\"https:\\\/\\\/shop.bantam.ch\\\/de\\\/#organization\",\"name\":\"Bantam Camping AG\",\"url\":\"https:\\\/\\\/shop.bantam.ch\\\/de\\\/\",\"logo\":{\"@type\":\"ImageObject\",\"inLanguage\":\"de\",\"@id\":\"https:\\\/\\\/shop.bantam.ch\\\/de\\\/#\\\/schema\\\/logo\\\/image\\\/\",\"url\":\"https:\\\/\\\/shop.bantam.ch\\\/wp-content\\\/uploads\\\/2022\\\/12\\\/bantam-logo.png\",\"contentUrl\":\"https:\\\/\\\/shop.bantam.ch\\\/wp-content\\\/uploads\\\/2022\\\/12\\\/bantam-logo.png\",\"width\":320,\"height\":71,\"caption\":\"Bantam Camping AG\"},\"image\":{\"@id\":\"https:\\\/\\\/shop.bantam.ch\\\/de\\\/#\\\/schema\\\/logo\\\/image\\\/\"}}]}<\/script>\n<!-- \/ Yoast SEO plugin. -->","yoast_head_json":{"title":"Starter Paket E-Trailer Basic E-Connect, E-Level, E-Volt - Bantam Camping AG","robots":{"index":"index","follow":"follow","max-snippet":"max-snippet:-1","max-image-preview":"max-image-preview:large","max-video-preview":"max-video-preview:-1"},"canonical":"https:\/\/shop.bantam.ch\/de\/produkt\/starter-paket-e-connect-e-level-e-volt\/","og_locale":"de_DE","og_type":"article","og_title":"Starter Paket E-Trailer Basic E-Connect, E-Level, E-Volt - Bantam Camping AG","og_description":"E-Connect:Der E-Connect ist das zentrale Gehirn des SMART-Trailer-Systems. Es steuert die Sensoren und versorgt diese mit Strom. Verbinden Sie Ihr Smartphone oder Tablett \u00fcber Bluetooth mit dem E-Connect. Ohne den E-Connect funktioniert das System nicht. Alle anderen Module k\u00f6nnen an den E-Connect angeschlossen werden und erscheinen \u00fcbersichtlich in Ihrer App. Geringes Gewicht (120 g) Einfach [&hellip;]","og_url":"https:\/\/shop.bantam.ch\/de\/produkt\/starter-paket-e-connect-e-level-e-volt\/","og_site_name":"Bantam Camping AG","article_modified_time":"2026-04-18T19:30:55+00:00","og_image":[{"width":1000,"height":701,"url":"https:\/\/shop.bantam.ch\/wp-content\/uploads\/2023\/02\/995660111.jpg","type":"image\/jpeg"}],"twitter_card":"summary_large_image","twitter_misc":{"Gesch\u00e4tzte Lesezeit":"1\u00a0Minute"},"schema":{"@context":"https:\/\/schema.org","@graph":[{"@type":"WebPage","@id":"https:\/\/shop.bantam.ch\/de\/produkt\/starter-paket-e-connect-e-level-e-volt\/","url":"https:\/\/shop.bantam.ch\/de\/produkt\/starter-paket-e-connect-e-level-e-volt\/","name":"Starter Paket E-Trailer Basic E-Connect, E-Level, E-Volt - Bantam Camping AG","isPartOf":{"@id":"https:\/\/shop.bantam.ch\/de\/#website"},"primaryImageOfPage":{"@id":"https:\/\/shop.bantam.ch\/de\/produkt\/starter-paket-e-connect-e-level-e-volt\/#primaryimage"},"image":{"@id":"https:\/\/shop.bantam.ch\/de\/produkt\/starter-paket-e-connect-e-level-e-volt\/#primaryimage"},"thumbnailUrl":"https:\/\/shop.bantam.ch\/wp-content\/uploads\/2023\/02\/995660111.jpg","datePublished":"2023-02-28T04:26:35+00:00","dateModified":"2026-04-18T19:30:55+00:00","breadcrumb":{"@id":"https:\/\/shop.bantam.ch\/de\/produkt\/starter-paket-e-connect-e-level-e-volt\/#breadcrumb"},"inLanguage":"de","potentialAction":[{"@type":"ReadAction","target":["https:\/\/shop.bantam.ch\/de\/produkt\/starter-paket-e-connect-e-level-e-volt\/"]}]},{"@type":"ImageObject","inLanguage":"de","@id":"https:\/\/shop.bantam.ch\/de\/produkt\/starter-paket-e-connect-e-level-e-volt\/#primaryimage","url":"https:\/\/shop.bantam.ch\/wp-content\/uploads\/2023\/02\/995660111.jpg","contentUrl":"https:\/\/shop.bantam.ch\/wp-content\/uploads\/2023\/02\/995660111.jpg","width":1000,"height":701},{"@type":"BreadcrumbList","@id":"https:\/\/shop.bantam.ch\/de\/produkt\/starter-paket-e-connect-e-level-e-volt\/#breadcrumb","itemListElement":[{"@type":"ListItem","position":1,"name":"Accueil","item":"https:\/\/shop.bantam.ch\/de\/"},{"@type":"ListItem","position":2,"name":"Shop","item":"https:\/\/shop.bantam.ch\/de\/shop\/"},{"@type":"ListItem","position":3,"name":"Starter Paket E-Trailer Basic E-Connect, E-Level, E-Volt"}]},{"@type":"WebSite","@id":"https:\/\/shop.bantam.ch\/de\/#website","url":"https:\/\/shop.bantam.ch\/de\/","name":"Bantam Camping AG","description":"","publisher":{"@id":"https:\/\/shop.bantam.ch\/de\/#organization"},"inLanguage":"de"},{"@type":"Organization","@id":"https:\/\/shop.bantam.ch\/de\/#organization","name":"Bantam Camping AG","url":"https:\/\/shop.bantam.ch\/de\/","logo":{"@type":"ImageObject","inLanguage":"de","@id":"https:\/\/shop.bantam.ch\/de\/#\/schema\/logo\/image\/","url":"https:\/\/shop.bantam.ch\/wp-content\/uploads\/2022\/12\/bantam-logo.png","contentUrl":"https:\/\/shop.bantam.ch\/wp-content\/uploads\/2022\/12\/bantam-logo.png","width":320,"height":71,"caption":"Bantam Camping AG"},"image":{"@id":"https:\/\/shop.bantam.ch\/de\/#\/schema\/logo\/image\/"}}]}},"_links":{"self":[{"href":"https:\/\/shop.bantam.ch\/de\/wp-json\/wp\/v2\/product\/97012","targetHints":{"allow":["GET"]}}],"collection":[{"href":"https:\/\/shop.bantam.ch\/de\/wp-json\/wp\/v2\/product"}],"about":[{"href":"https:\/\/shop.bantam.ch\/de\/wp-json\/wp\/v2\/types\/product"}],"wp:featuredmedia":[{"embeddable":true,"href":"https:\/\/shop.bantam.ch\/de\/wp-json\/wp\/v2\/media\/97006"}],"wp:attachment":[{"href":"https:\/\/shop.bantam.ch\/de\/wp-json\/wp\/v2\/media?parent=97012"}],"wp:term":[{"taxonomy":"product_featured_cat","embeddable":true,"href":"https:\/\/shop.bantam.ch\/de\/wp-json\/wp\/v2\/product_featured_cat?post=97012"},{"taxonomy":"product_brand","embeddable":true,"href":"https:\/\/shop.bantam.ch\/de\/wp-json\/wp\/v2\/product_brand?post=97012"},{"taxonomy":"product_cat","embeddable":true,"href":"https:\/\/shop.bantam.ch\/de\/wp-json\/wp\/v2\/product_cat?post=97012"},{"taxonomy":"product_tag","embeddable":true,"href":"https:\/\/shop.bantam.ch\/de\/wp-json\/wp\/v2\/product_tag?post=97012"}],"curies":[{"name":"wp","href":"https:\/\/api.w.org\/{rel}","templated":true}]}}