{"id":96992,"date":"2023-02-28T05:26:16","date_gmt":"2023-02-28T04:26:16","guid":{"rendered":"http:\/\/shop.bantam.ch\/produit\/e-temperature-fuer-kuehlschraenke\/"},"modified":"2026-04-21T21:31:00","modified_gmt":"2026-04-21T19:31:00","slug":"e-temperature-fuer-kuehlschraenke","status":"publish","type":"product","link":"https:\/\/shop.bantam.ch\/de\/produkt\/e-temperature-fuer-kuehlschraenke\/","title":{"rendered":"E-Temperature E-Trailer f\u00fcr K\u00fchlschr\u00e4nke"},"content":{"rendered":"<p>Mit E-Temperature k\u00f6nnen Sie die Temperatur und Luftfeuchtigkeit innerhalb oder au\u00dferhalb Ihres Caravans auf Ihrem Smartphone messen. Da die E-Temperatur drahtlos ist, k\u00f6nnen Sie sie an jedem beliebigen Ort platzieren. W\u00e4hlen Sie beispielsweise den K\u00fchlschrank, um sicherzustellen, dass Ihre Speisen nicht verderben. Die Alarmfunktion warnt Sie auf Ihrem Telefon, wenn die Temperatur \u00fcber oder unter der eingestellten Temperatur liegt.<\/p>\n<ul>\n<li>Witterungsbest\u00e4ndig<\/li>\n<li>Mehrere E-Temperaturen k\u00f6nnen hinzugef\u00fcgt werden<\/li>\n<li>Komplettes Funkmodul<\/li>\n<li>Wiegt nur 20 g<\/li>\n<\/ul>\n<p>\u00a0<\/p>\n","protected":false},"excerpt":{"rendered":"<p>Mit E-Temperature k\u00f6nnen Sie die Temperatur und Luftfeuchtigkeit innerhalb oder au\u00dferhalb Ihres Caravans auf Ihrem Smartphone messen. Da die E-Temperatur drahtlos ist, k\u00f6nnen Sie sie an jedem beliebigen Ort platzieren. W\u00e4hlen Sie beispielsweise den K\u00fchlschrank, um sicherzustellen, dass Ihre Speisen nicht verderben. Die Alarmfunktion warnt Sie auf Ihrem Telefon, wenn die Temperatur \u00fcber oder unter [&hellip;]<\/p>\n","protected":false},"featured_media":96988,"template":"","meta":{"_acf_changed":false},"product_featured_cat":[],"product_brand":[3523],"product_cat":[4662],"product_tag":[],"class_list":{"0":"post-96992","1":"product","2":"type-product","3":"status-publish","4":"has-post-thumbnail","6":"product_brand-e-trailer-de","7":"product_cat-smart-home","9":"first","10":"instock","11":"taxable","12":"shipping-taxable","13":"purchasable","14":"product-type-simple"},"acf":[],"yoast_head":"<!-- This site is optimized with the Yoast SEO plugin v27.4 - https:\/\/yoast.com\/product\/yoast-seo-wordpress\/ -->\n<title>E-Temperature E-Trailer f\u00fcr K\u00fchlschr\u00e4nke - Bantam Camping AG<\/title>\n<meta name=\"robots\" content=\"index, follow, max-snippet:-1, max-image-preview:large, max-video-preview:-1\" \/>\n<link rel=\"canonical\" href=\"https:\/\/shop.bantam.ch\/de\/produkt\/e-temperature-fuer-kuehlschraenke\/\" \/>\n<meta property=\"og:locale\" content=\"de_DE\" \/>\n<meta property=\"og:type\" content=\"article\" \/>\n<meta property=\"og:title\" content=\"E-Temperature E-Trailer f\u00fcr K\u00fchlschr\u00e4nke - Bantam Camping AG\" \/>\n<meta property=\"og:description\" content=\"Mit E-Temperature k\u00f6nnen Sie die Temperatur und Luftfeuchtigkeit innerhalb oder au\u00dferhalb Ihres Caravans auf Ihrem Smartphone messen. Da die E-Temperatur drahtlos ist, k\u00f6nnen Sie sie an jedem beliebigen Ort platzieren. W\u00e4hlen Sie beispielsweise den K\u00fchlschrank, um sicherzustellen, dass Ihre Speisen nicht verderben. Die Alarmfunktion warnt Sie auf Ihrem Telefon, wenn die Temperatur \u00fcber oder unter [&hellip;]\" \/>\n<meta property=\"og:url\" content=\"https:\/\/shop.bantam.ch\/de\/produkt\/e-temperature-fuer-kuehlschraenke\/\" \/>\n<meta property=\"og:site_name\" content=\"Bantam Camping AG\" \/>\n<meta property=\"article:modified_time\" content=\"2026-04-21T19:31:00+00:00\" \/>\n<meta property=\"og:image\" content=\"https:\/\/shop.bantam.ch\/wp-content\/uploads\/2023\/02\/995659711.jpg\" \/>\n\t<meta property=\"og:image:width\" content=\"1000\" \/>\n\t<meta property=\"og:image:height\" content=\"665\" \/>\n\t<meta property=\"og:image:type\" content=\"image\/jpeg\" \/>\n<meta name=\"twitter:card\" content=\"summary_large_image\" \/>\n<script type=\"application\/ld+json\" class=\"yoast-schema-graph\">{\"@context\":\"https:\\\/\\\/schema.org\",\"@graph\":[{\"@type\":\"WebPage\",\"@id\":\"https:\\\/\\\/shop.bantam.ch\\\/de\\\/produkt\\\/e-temperature-fuer-kuehlschraenke\\\/\",\"url\":\"https:\\\/\\\/shop.bantam.ch\\\/de\\\/produkt\\\/e-temperature-fuer-kuehlschraenke\\\/\",\"name\":\"E-Temperature E-Trailer f\u00fcr K\u00fchlschr\u00e4nke - Bantam Camping AG\",\"isPartOf\":{\"@id\":\"https:\\\/\\\/shop.bantam.ch\\\/de\\\/#website\"},\"primaryImageOfPage\":{\"@id\":\"https:\\\/\\\/shop.bantam.ch\\\/de\\\/produkt\\\/e-temperature-fuer-kuehlschraenke\\\/#primaryimage\"},\"image\":{\"@id\":\"https:\\\/\\\/shop.bantam.ch\\\/de\\\/produkt\\\/e-temperature-fuer-kuehlschraenke\\\/#primaryimage\"},\"thumbnailUrl\":\"https:\\\/\\\/shop.bantam.ch\\\/wp-content\\\/uploads\\\/2023\\\/02\\\/995659711.jpg\",\"datePublished\":\"2023-02-28T04:26:16+00:00\",\"dateModified\":\"2026-04-21T19:31:00+00:00\",\"breadcrumb\":{\"@id\":\"https:\\\/\\\/shop.bantam.ch\\\/de\\\/produkt\\\/e-temperature-fuer-kuehlschraenke\\\/#breadcrumb\"},\"inLanguage\":\"de\",\"potentialAction\":[{\"@type\":\"ReadAction\",\"target\":[\"https:\\\/\\\/shop.bantam.ch\\\/de\\\/produkt\\\/e-temperature-fuer-kuehlschraenke\\\/\"]}]},{\"@type\":\"ImageObject\",\"inLanguage\":\"de\",\"@id\":\"https:\\\/\\\/shop.bantam.ch\\\/de\\\/produkt\\\/e-temperature-fuer-kuehlschraenke\\\/#primaryimage\",\"url\":\"https:\\\/\\\/shop.bantam.ch\\\/wp-content\\\/uploads\\\/2023\\\/02\\\/995659711.jpg\",\"contentUrl\":\"https:\\\/\\\/shop.bantam.ch\\\/wp-content\\\/uploads\\\/2023\\\/02\\\/995659711.jpg\",\"width\":1000,\"height\":665},{\"@type\":\"BreadcrumbList\",\"@id\":\"https:\\\/\\\/shop.bantam.ch\\\/de\\\/produkt\\\/e-temperature-fuer-kuehlschraenke\\\/#breadcrumb\",\"itemListElement\":[{\"@type\":\"ListItem\",\"position\":1,\"name\":\"Accueil\",\"item\":\"https:\\\/\\\/shop.bantam.ch\\\/de\\\/\"},{\"@type\":\"ListItem\",\"position\":2,\"name\":\"Shop\",\"item\":\"https:\\\/\\\/shop.bantam.ch\\\/de\\\/shop\\\/\"},{\"@type\":\"ListItem\",\"position\":3,\"name\":\"E-Temperature E-Trailer f\u00fcr K\u00fchlschr\u00e4nke\"}]},{\"@type\":\"WebSite\",\"@id\":\"https:\\\/\\\/shop.bantam.ch\\\/de\\\/#website\",\"url\":\"https:\\\/\\\/shop.bantam.ch\\\/de\\\/\",\"name\":\"Bantam Camping AG\",\"description\":\"\",\"publisher\":{\"@id\":\"https:\\\/\\\/shop.bantam.ch\\\/de\\\/#organization\"},\"inLanguage\":\"de\"},{\"@type\":\"Organization\",\"@id\":\"https:\\\/\\\/shop.bantam.ch\\\/de\\\/#organization\",\"name\":\"Bantam Camping AG\",\"url\":\"https:\\\/\\\/shop.bantam.ch\\\/de\\\/\",\"logo\":{\"@type\":\"ImageObject\",\"inLanguage\":\"de\",\"@id\":\"https:\\\/\\\/shop.bantam.ch\\\/de\\\/#\\\/schema\\\/logo\\\/image\\\/\",\"url\":\"https:\\\/\\\/shop.bantam.ch\\\/wp-content\\\/uploads\\\/2022\\\/12\\\/bantam-logo.png\",\"contentUrl\":\"https:\\\/\\\/shop.bantam.ch\\\/wp-content\\\/uploads\\\/2022\\\/12\\\/bantam-logo.png\",\"width\":320,\"height\":71,\"caption\":\"Bantam Camping AG\"},\"image\":{\"@id\":\"https:\\\/\\\/shop.bantam.ch\\\/de\\\/#\\\/schema\\\/logo\\\/image\\\/\"}}]}<\/script>\n<!-- \/ Yoast SEO plugin. -->","yoast_head_json":{"title":"E-Temperature E-Trailer f\u00fcr K\u00fchlschr\u00e4nke - Bantam Camping AG","robots":{"index":"index","follow":"follow","max-snippet":"max-snippet:-1","max-image-preview":"max-image-preview:large","max-video-preview":"max-video-preview:-1"},"canonical":"https:\/\/shop.bantam.ch\/de\/produkt\/e-temperature-fuer-kuehlschraenke\/","og_locale":"de_DE","og_type":"article","og_title":"E-Temperature E-Trailer f\u00fcr K\u00fchlschr\u00e4nke - Bantam Camping AG","og_description":"Mit E-Temperature k\u00f6nnen Sie die Temperatur und Luftfeuchtigkeit innerhalb oder au\u00dferhalb Ihres Caravans auf Ihrem Smartphone messen. Da die E-Temperatur drahtlos ist, k\u00f6nnen Sie sie an jedem beliebigen Ort platzieren. W\u00e4hlen Sie beispielsweise den K\u00fchlschrank, um sicherzustellen, dass Ihre Speisen nicht verderben. Die Alarmfunktion warnt Sie auf Ihrem Telefon, wenn die Temperatur \u00fcber oder unter [&hellip;]","og_url":"https:\/\/shop.bantam.ch\/de\/produkt\/e-temperature-fuer-kuehlschraenke\/","og_site_name":"Bantam Camping AG","article_modified_time":"2026-04-21T19:31:00+00:00","og_image":[{"width":1000,"height":665,"url":"https:\/\/shop.bantam.ch\/wp-content\/uploads\/2023\/02\/995659711.jpg","type":"image\/jpeg"}],"twitter_card":"summary_large_image","schema":{"@context":"https:\/\/schema.org","@graph":[{"@type":"WebPage","@id":"https:\/\/shop.bantam.ch\/de\/produkt\/e-temperature-fuer-kuehlschraenke\/","url":"https:\/\/shop.bantam.ch\/de\/produkt\/e-temperature-fuer-kuehlschraenke\/","name":"E-Temperature E-Trailer f\u00fcr K\u00fchlschr\u00e4nke - Bantam Camping AG","isPartOf":{"@id":"https:\/\/shop.bantam.ch\/de\/#website"},"primaryImageOfPage":{"@id":"https:\/\/shop.bantam.ch\/de\/produkt\/e-temperature-fuer-kuehlschraenke\/#primaryimage"},"image":{"@id":"https:\/\/shop.bantam.ch\/de\/produkt\/e-temperature-fuer-kuehlschraenke\/#primaryimage"},"thumbnailUrl":"https:\/\/shop.bantam.ch\/wp-content\/uploads\/2023\/02\/995659711.jpg","datePublished":"2023-02-28T04:26:16+00:00","dateModified":"2026-04-21T19:31:00+00:00","breadcrumb":{"@id":"https:\/\/shop.bantam.ch\/de\/produkt\/e-temperature-fuer-kuehlschraenke\/#breadcrumb"},"inLanguage":"de","potentialAction":[{"@type":"ReadAction","target":["https:\/\/shop.bantam.ch\/de\/produkt\/e-temperature-fuer-kuehlschraenke\/"]}]},{"@type":"ImageObject","inLanguage":"de","@id":"https:\/\/shop.bantam.ch\/de\/produkt\/e-temperature-fuer-kuehlschraenke\/#primaryimage","url":"https:\/\/shop.bantam.ch\/wp-content\/uploads\/2023\/02\/995659711.jpg","contentUrl":"https:\/\/shop.bantam.ch\/wp-content\/uploads\/2023\/02\/995659711.jpg","width":1000,"height":665},{"@type":"BreadcrumbList","@id":"https:\/\/shop.bantam.ch\/de\/produkt\/e-temperature-fuer-kuehlschraenke\/#breadcrumb","itemListElement":[{"@type":"ListItem","position":1,"name":"Accueil","item":"https:\/\/shop.bantam.ch\/de\/"},{"@type":"ListItem","position":2,"name":"Shop","item":"https:\/\/shop.bantam.ch\/de\/shop\/"},{"@type":"ListItem","position":3,"name":"E-Temperature E-Trailer f\u00fcr K\u00fchlschr\u00e4nke"}]},{"@type":"WebSite","@id":"https:\/\/shop.bantam.ch\/de\/#website","url":"https:\/\/shop.bantam.ch\/de\/","name":"Bantam Camping AG","description":"","publisher":{"@id":"https:\/\/shop.bantam.ch\/de\/#organization"},"inLanguage":"de"},{"@type":"Organization","@id":"https:\/\/shop.bantam.ch\/de\/#organization","name":"Bantam Camping AG","url":"https:\/\/shop.bantam.ch\/de\/","logo":{"@type":"ImageObject","inLanguage":"de","@id":"https:\/\/shop.bantam.ch\/de\/#\/schema\/logo\/image\/","url":"https:\/\/shop.bantam.ch\/wp-content\/uploads\/2022\/12\/bantam-logo.png","contentUrl":"https:\/\/shop.bantam.ch\/wp-content\/uploads\/2022\/12\/bantam-logo.png","width":320,"height":71,"caption":"Bantam Camping AG"},"image":{"@id":"https:\/\/shop.bantam.ch\/de\/#\/schema\/logo\/image\/"}}]}},"_links":{"self":[{"href":"https:\/\/shop.bantam.ch\/de\/wp-json\/wp\/v2\/product\/96992","targetHints":{"allow":["GET"]}}],"collection":[{"href":"https:\/\/shop.bantam.ch\/de\/wp-json\/wp\/v2\/product"}],"about":[{"href":"https:\/\/shop.bantam.ch\/de\/wp-json\/wp\/v2\/types\/product"}],"wp:featuredmedia":[{"embeddable":true,"href":"https:\/\/shop.bantam.ch\/de\/wp-json\/wp\/v2\/media\/96988"}],"wp:attachment":[{"href":"https:\/\/shop.bantam.ch\/de\/wp-json\/wp\/v2\/media?parent=96992"}],"wp:term":[{"taxonomy":"product_featured_cat","embeddable":true,"href":"https:\/\/shop.bantam.ch\/de\/wp-json\/wp\/v2\/product_featured_cat?post=96992"},{"taxonomy":"product_brand","embeddable":true,"href":"https:\/\/shop.bantam.ch\/de\/wp-json\/wp\/v2\/product_brand?post=96992"},{"taxonomy":"product_cat","embeddable":true,"href":"https:\/\/shop.bantam.ch\/de\/wp-json\/wp\/v2\/product_cat?post=96992"},{"taxonomy":"product_tag","embeddable":true,"href":"https:\/\/shop.bantam.ch\/de\/wp-json\/wp\/v2\/product_tag?post=96992"}],"curies":[{"name":"wp","href":"https:\/\/api.w.org\/{rel}","templated":true}]}}