{"id":96952,"date":"2023-02-28T05:25:24","date_gmt":"2023-02-28T04:25:24","guid":{"rendered":"http:\/\/shop.bantam.ch\/produit\/druckwasserpumpe-classic-trinkwassersystem-weissgelb-10-l-31-bar\/"},"modified":"2026-04-19T21:32:12","modified_gmt":"2026-04-19T19:32:12","slug":"druckwasserpumpe-classic-trinkwassersystem-weissgelb-10-l-31-bar","status":"publish","type":"product","link":"https:\/\/shop.bantam.ch\/de\/produkt\/druckwasserpumpe-classic-trinkwassersystem-weissgelb-10-l-31-bar\/","title":{"rendered":"Druckwasserpumpe LILIE Classic Serie Trinkwassersystem Wei\u00dfGELB 10 l 3,1 bar"},"content":{"rendered":"<p>Zur automatischen und zuverl\u00e4ssigen Versorgung von Trinkwasser in Wohnmobilen. Unsere einzigartige Membrantechnologie garantiert eine pr\u00e4zise und kontrollierte Dosierung. Jeder Pumpkopf hat eine R\u00fcckflusssperre f\u00fcr \u00fcber 13 bar und eine Druckschalterregelung. Diese gew\u00e4hrleistet, dass bei \u00d6ffnen der Zapfstelle sofort Wasser flie\u00dft. S\u00e4mtliche LILIE Membran-Pumpen sind trocken selbstansaugend und d\u00fcrfen auch trocken-laufen.<br \/>2 Jahre Gew\u00e4hrleistung<\/p>\n<p>Lieferumfang:<br \/>Inklusive je eine 10 mm T\u00fclle gerade und gewinkelt<\/p>\n<ul>\n<li>Einstellbar von 1,75 &#8211; 3,2 bar<\/li>\n<li>Verbrauch 5,9 A<\/li>\n<li>5 Zapfstellen maximal<\/li>\n<li>Selbstansaugend bis 3,1 m H\u00f6he<\/li>\n<li>Wiedereinschaltdruck 2,3 bar<\/li>\n<\/ul>\n","protected":false},"excerpt":{"rendered":"<p>Zur automatischen und zuverl\u00e4ssigen Versorgung von Trinkwasser in Wohnmobilen. Unsere einzigartige Membrantechnologie garantiert eine pr\u00e4zise und kontrollierte Dosierung. Jeder Pumpkopf hat eine R\u00fcckflusssperre f\u00fcr \u00fcber 13 bar und eine Druckschalterregelung. Diese gew\u00e4hrleistet, dass bei \u00d6ffnen der Zapfstelle sofort Wasser flie\u00dft. S\u00e4mtliche LILIE Membran-Pumpen sind trocken selbstansaugend und d\u00fcrfen auch trocken-laufen.2 Jahre Gew\u00e4hrleistung Lieferumfang:Inklusive je eine [&hellip;]<\/p>\n","protected":false},"featured_media":96950,"template":"","meta":{"_acf_changed":false},"product_featured_cat":[],"product_brand":[3109],"product_cat":[4630],"product_tag":[],"class_list":{"0":"post-96952","1":"product","2":"type-product","3":"status-publish","4":"has-post-thumbnail","6":"product_brand-lilie-de","7":"product_cat-druckwasserpumpen","9":"first","10":"instock","11":"taxable","12":"shipping-taxable","13":"purchasable","14":"product-type-simple"},"acf":[],"yoast_head":"<!-- This site is optimized with the Yoast SEO plugin v27.4 - https:\/\/yoast.com\/product\/yoast-seo-wordpress\/ -->\n<title>Druckwasserpumpe LILIE Classic Serie Trinkwassersystem Wei\u00dfGELB 10 l 3,1 bar - Bantam Camping AG<\/title>\n<meta name=\"robots\" content=\"index, follow, max-snippet:-1, max-image-preview:large, max-video-preview:-1\" \/>\n<link rel=\"canonical\" href=\"https:\/\/shop.bantam.ch\/de\/produkt\/druckwasserpumpe-classic-trinkwassersystem-weissgelb-10-l-31-bar\/\" \/>\n<meta property=\"og:locale\" content=\"de_DE\" \/>\n<meta property=\"og:type\" content=\"article\" \/>\n<meta property=\"og:title\" content=\"Druckwasserpumpe LILIE Classic Serie Trinkwassersystem Wei\u00dfGELB 10 l 3,1 bar - Bantam Camping AG\" \/>\n<meta property=\"og:description\" content=\"Zur automatischen und zuverl\u00e4ssigen Versorgung von Trinkwasser in Wohnmobilen. Unsere einzigartige Membrantechnologie garantiert eine pr\u00e4zise und kontrollierte Dosierung. Jeder Pumpkopf hat eine R\u00fcckflusssperre f\u00fcr \u00fcber 13 bar und eine Druckschalterregelung. Diese gew\u00e4hrleistet, dass bei \u00d6ffnen der Zapfstelle sofort Wasser flie\u00dft. S\u00e4mtliche LILIE Membran-Pumpen sind trocken selbstansaugend und d\u00fcrfen auch trocken-laufen.2 Jahre Gew\u00e4hrleistung Lieferumfang:Inklusive je eine [&hellip;]\" \/>\n<meta property=\"og:url\" content=\"https:\/\/shop.bantam.ch\/de\/produkt\/druckwasserpumpe-classic-trinkwassersystem-weissgelb-10-l-31-bar\/\" \/>\n<meta property=\"og:site_name\" content=\"Bantam Camping AG\" \/>\n<meta property=\"article:modified_time\" content=\"2026-04-19T19:32:12+00:00\" \/>\n<meta property=\"og:image\" content=\"https:\/\/shop.bantam.ch\/wp-content\/uploads\/2023\/02\/995659211.jpg\" \/>\n\t<meta property=\"og:image:width\" content=\"1000\" \/>\n\t<meta property=\"og:image:height\" content=\"727\" \/>\n\t<meta property=\"og:image:type\" content=\"image\/jpeg\" \/>\n<meta name=\"twitter:card\" content=\"summary_large_image\" \/>\n<script type=\"application\/ld+json\" class=\"yoast-schema-graph\">{\"@context\":\"https:\\\/\\\/schema.org\",\"@graph\":[{\"@type\":\"WebPage\",\"@id\":\"https:\\\/\\\/shop.bantam.ch\\\/de\\\/produkt\\\/druckwasserpumpe-classic-trinkwassersystem-weissgelb-10-l-31-bar\\\/\",\"url\":\"https:\\\/\\\/shop.bantam.ch\\\/de\\\/produkt\\\/druckwasserpumpe-classic-trinkwassersystem-weissgelb-10-l-31-bar\\\/\",\"name\":\"Druckwasserpumpe LILIE Classic Serie Trinkwassersystem Wei\u00dfGELB 10 l 3,1 bar - Bantam Camping AG\",\"isPartOf\":{\"@id\":\"https:\\\/\\\/shop.bantam.ch\\\/de\\\/#website\"},\"primaryImageOfPage\":{\"@id\":\"https:\\\/\\\/shop.bantam.ch\\\/de\\\/produkt\\\/druckwasserpumpe-classic-trinkwassersystem-weissgelb-10-l-31-bar\\\/#primaryimage\"},\"image\":{\"@id\":\"https:\\\/\\\/shop.bantam.ch\\\/de\\\/produkt\\\/druckwasserpumpe-classic-trinkwassersystem-weissgelb-10-l-31-bar\\\/#primaryimage\"},\"thumbnailUrl\":\"https:\\\/\\\/shop.bantam.ch\\\/wp-content\\\/uploads\\\/2023\\\/02\\\/995659211.jpg\",\"datePublished\":\"2023-02-28T04:25:24+00:00\",\"dateModified\":\"2026-04-19T19:32:12+00:00\",\"breadcrumb\":{\"@id\":\"https:\\\/\\\/shop.bantam.ch\\\/de\\\/produkt\\\/druckwasserpumpe-classic-trinkwassersystem-weissgelb-10-l-31-bar\\\/#breadcrumb\"},\"inLanguage\":\"de\",\"potentialAction\":[{\"@type\":\"ReadAction\",\"target\":[\"https:\\\/\\\/shop.bantam.ch\\\/de\\\/produkt\\\/druckwasserpumpe-classic-trinkwassersystem-weissgelb-10-l-31-bar\\\/\"]}]},{\"@type\":\"ImageObject\",\"inLanguage\":\"de\",\"@id\":\"https:\\\/\\\/shop.bantam.ch\\\/de\\\/produkt\\\/druckwasserpumpe-classic-trinkwassersystem-weissgelb-10-l-31-bar\\\/#primaryimage\",\"url\":\"https:\\\/\\\/shop.bantam.ch\\\/wp-content\\\/uploads\\\/2023\\\/02\\\/995659211.jpg\",\"contentUrl\":\"https:\\\/\\\/shop.bantam.ch\\\/wp-content\\\/uploads\\\/2023\\\/02\\\/995659211.jpg\",\"width\":1000,\"height\":727},{\"@type\":\"BreadcrumbList\",\"@id\":\"https:\\\/\\\/shop.bantam.ch\\\/de\\\/produkt\\\/druckwasserpumpe-classic-trinkwassersystem-weissgelb-10-l-31-bar\\\/#breadcrumb\",\"itemListElement\":[{\"@type\":\"ListItem\",\"position\":1,\"name\":\"Accueil\",\"item\":\"https:\\\/\\\/shop.bantam.ch\\\/de\\\/\"},{\"@type\":\"ListItem\",\"position\":2,\"name\":\"Shop\",\"item\":\"https:\\\/\\\/shop.bantam.ch\\\/de\\\/shop\\\/\"},{\"@type\":\"ListItem\",\"position\":3,\"name\":\"Druckwasserpumpe LILIE Classic Serie Trinkwassersystem Wei\u00dfGELB 10 l 3,1 bar\"}]},{\"@type\":\"WebSite\",\"@id\":\"https:\\\/\\\/shop.bantam.ch\\\/de\\\/#website\",\"url\":\"https:\\\/\\\/shop.bantam.ch\\\/de\\\/\",\"name\":\"Bantam Camping AG\",\"description\":\"\",\"publisher\":{\"@id\":\"https:\\\/\\\/shop.bantam.ch\\\/de\\\/#organization\"},\"inLanguage\":\"de\"},{\"@type\":\"Organization\",\"@id\":\"https:\\\/\\\/shop.bantam.ch\\\/de\\\/#organization\",\"name\":\"Bantam Camping AG\",\"url\":\"https:\\\/\\\/shop.bantam.ch\\\/de\\\/\",\"logo\":{\"@type\":\"ImageObject\",\"inLanguage\":\"de\",\"@id\":\"https:\\\/\\\/shop.bantam.ch\\\/de\\\/#\\\/schema\\\/logo\\\/image\\\/\",\"url\":\"https:\\\/\\\/shop.bantam.ch\\\/wp-content\\\/uploads\\\/2022\\\/12\\\/bantam-logo.png\",\"contentUrl\":\"https:\\\/\\\/shop.bantam.ch\\\/wp-content\\\/uploads\\\/2022\\\/12\\\/bantam-logo.png\",\"width\":320,\"height\":71,\"caption\":\"Bantam Camping AG\"},\"image\":{\"@id\":\"https:\\\/\\\/shop.bantam.ch\\\/de\\\/#\\\/schema\\\/logo\\\/image\\\/\"}}]}<\/script>\n<!-- \/ Yoast SEO plugin. -->","yoast_head_json":{"title":"Druckwasserpumpe LILIE Classic Serie Trinkwassersystem Wei\u00dfGELB 10 l 3,1 bar - Bantam Camping AG","robots":{"index":"index","follow":"follow","max-snippet":"max-snippet:-1","max-image-preview":"max-image-preview:large","max-video-preview":"max-video-preview:-1"},"canonical":"https:\/\/shop.bantam.ch\/de\/produkt\/druckwasserpumpe-classic-trinkwassersystem-weissgelb-10-l-31-bar\/","og_locale":"de_DE","og_type":"article","og_title":"Druckwasserpumpe LILIE Classic Serie Trinkwassersystem Wei\u00dfGELB 10 l 3,1 bar - Bantam Camping AG","og_description":"Zur automatischen und zuverl\u00e4ssigen Versorgung von Trinkwasser in Wohnmobilen. Unsere einzigartige Membrantechnologie garantiert eine pr\u00e4zise und kontrollierte Dosierung. Jeder Pumpkopf hat eine R\u00fcckflusssperre f\u00fcr \u00fcber 13 bar und eine Druckschalterregelung. Diese gew\u00e4hrleistet, dass bei \u00d6ffnen der Zapfstelle sofort Wasser flie\u00dft. S\u00e4mtliche LILIE Membran-Pumpen sind trocken selbstansaugend und d\u00fcrfen auch trocken-laufen.2 Jahre Gew\u00e4hrleistung Lieferumfang:Inklusive je eine [&hellip;]","og_url":"https:\/\/shop.bantam.ch\/de\/produkt\/druckwasserpumpe-classic-trinkwassersystem-weissgelb-10-l-31-bar\/","og_site_name":"Bantam Camping AG","article_modified_time":"2026-04-19T19:32:12+00:00","og_image":[{"width":1000,"height":727,"url":"https:\/\/shop.bantam.ch\/wp-content\/uploads\/2023\/02\/995659211.jpg","type":"image\/jpeg"}],"twitter_card":"summary_large_image","schema":{"@context":"https:\/\/schema.org","@graph":[{"@type":"WebPage","@id":"https:\/\/shop.bantam.ch\/de\/produkt\/druckwasserpumpe-classic-trinkwassersystem-weissgelb-10-l-31-bar\/","url":"https:\/\/shop.bantam.ch\/de\/produkt\/druckwasserpumpe-classic-trinkwassersystem-weissgelb-10-l-31-bar\/","name":"Druckwasserpumpe LILIE Classic Serie Trinkwassersystem Wei\u00dfGELB 10 l 3,1 bar - Bantam Camping AG","isPartOf":{"@id":"https:\/\/shop.bantam.ch\/de\/#website"},"primaryImageOfPage":{"@id":"https:\/\/shop.bantam.ch\/de\/produkt\/druckwasserpumpe-classic-trinkwassersystem-weissgelb-10-l-31-bar\/#primaryimage"},"image":{"@id":"https:\/\/shop.bantam.ch\/de\/produkt\/druckwasserpumpe-classic-trinkwassersystem-weissgelb-10-l-31-bar\/#primaryimage"},"thumbnailUrl":"https:\/\/shop.bantam.ch\/wp-content\/uploads\/2023\/02\/995659211.jpg","datePublished":"2023-02-28T04:25:24+00:00","dateModified":"2026-04-19T19:32:12+00:00","breadcrumb":{"@id":"https:\/\/shop.bantam.ch\/de\/produkt\/druckwasserpumpe-classic-trinkwassersystem-weissgelb-10-l-31-bar\/#breadcrumb"},"inLanguage":"de","potentialAction":[{"@type":"ReadAction","target":["https:\/\/shop.bantam.ch\/de\/produkt\/druckwasserpumpe-classic-trinkwassersystem-weissgelb-10-l-31-bar\/"]}]},{"@type":"ImageObject","inLanguage":"de","@id":"https:\/\/shop.bantam.ch\/de\/produkt\/druckwasserpumpe-classic-trinkwassersystem-weissgelb-10-l-31-bar\/#primaryimage","url":"https:\/\/shop.bantam.ch\/wp-content\/uploads\/2023\/02\/995659211.jpg","contentUrl":"https:\/\/shop.bantam.ch\/wp-content\/uploads\/2023\/02\/995659211.jpg","width":1000,"height":727},{"@type":"BreadcrumbList","@id":"https:\/\/shop.bantam.ch\/de\/produkt\/druckwasserpumpe-classic-trinkwassersystem-weissgelb-10-l-31-bar\/#breadcrumb","itemListElement":[{"@type":"ListItem","position":1,"name":"Accueil","item":"https:\/\/shop.bantam.ch\/de\/"},{"@type":"ListItem","position":2,"name":"Shop","item":"https:\/\/shop.bantam.ch\/de\/shop\/"},{"@type":"ListItem","position":3,"name":"Druckwasserpumpe LILIE Classic Serie Trinkwassersystem Wei\u00dfGELB 10 l 3,1 bar"}]},{"@type":"WebSite","@id":"https:\/\/shop.bantam.ch\/de\/#website","url":"https:\/\/shop.bantam.ch\/de\/","name":"Bantam Camping AG","description":"","publisher":{"@id":"https:\/\/shop.bantam.ch\/de\/#organization"},"inLanguage":"de"},{"@type":"Organization","@id":"https:\/\/shop.bantam.ch\/de\/#organization","name":"Bantam Camping AG","url":"https:\/\/shop.bantam.ch\/de\/","logo":{"@type":"ImageObject","inLanguage":"de","@id":"https:\/\/shop.bantam.ch\/de\/#\/schema\/logo\/image\/","url":"https:\/\/shop.bantam.ch\/wp-content\/uploads\/2022\/12\/bantam-logo.png","contentUrl":"https:\/\/shop.bantam.ch\/wp-content\/uploads\/2022\/12\/bantam-logo.png","width":320,"height":71,"caption":"Bantam Camping AG"},"image":{"@id":"https:\/\/shop.bantam.ch\/de\/#\/schema\/logo\/image\/"}}]}},"_links":{"self":[{"href":"https:\/\/shop.bantam.ch\/de\/wp-json\/wp\/v2\/product\/96952","targetHints":{"allow":["GET"]}}],"collection":[{"href":"https:\/\/shop.bantam.ch\/de\/wp-json\/wp\/v2\/product"}],"about":[{"href":"https:\/\/shop.bantam.ch\/de\/wp-json\/wp\/v2\/types\/product"}],"wp:featuredmedia":[{"embeddable":true,"href":"https:\/\/shop.bantam.ch\/de\/wp-json\/wp\/v2\/media\/96950"}],"wp:attachment":[{"href":"https:\/\/shop.bantam.ch\/de\/wp-json\/wp\/v2\/media?parent=96952"}],"wp:term":[{"taxonomy":"product_featured_cat","embeddable":true,"href":"https:\/\/shop.bantam.ch\/de\/wp-json\/wp\/v2\/product_featured_cat?post=96952"},{"taxonomy":"product_brand","embeddable":true,"href":"https:\/\/shop.bantam.ch\/de\/wp-json\/wp\/v2\/product_brand?post=96952"},{"taxonomy":"product_cat","embeddable":true,"href":"https:\/\/shop.bantam.ch\/de\/wp-json\/wp\/v2\/product_cat?post=96952"},{"taxonomy":"product_tag","embeddable":true,"href":"https:\/\/shop.bantam.ch\/de\/wp-json\/wp\/v2\/product_tag?post=96952"}],"curies":[{"name":"wp","href":"https:\/\/api.w.org\/{rel}","templated":true}]}}