{"id":96946,"date":"2023-02-28T05:25:06","date_gmt":"2023-02-28T04:25:06","guid":{"rendered":"http:\/\/shop.bantam.ch\/produit\/druckwasserpumpe-classic-trinkwassersystem-weissgelb\/"},"modified":"2026-04-17T22:54:33","modified_gmt":"2026-04-17T20:54:33","slug":"druckwasserpumpe-classic-trinkwassersystem-weissgelb","status":"publish","type":"product","link":"https:\/\/shop.bantam.ch\/de\/produkt\/druckwasserpumpe-classic-trinkwassersystem-weissgelb\/","title":{"rendered":"Druckwasserpumpe Classic Trinkwassersystem-Wei\u00dfGELB"},"content":{"rendered":"<p>Zur automatischen und zuverl\u00e4ssigen Versorgung von Trinkwasser in Wohnmobilen. Unsere einzigartige Membrantechnologie garantiert eine pr\u00e4zise und kontrollierte Dosierung. Jeder Pumpkopf hat eine R\u00fcckflusssperre f\u00fcr \u00fcber 13 bar und eine Druckschalterregelung. Diese gew\u00e4hrleistet, dass bei \u00d6ffnen der Zapfstelle sofort Wasser flie\u00dft. S\u00e4mtliche LILIE Membran-Pumpen sind trocken selbstansaugend und d\u00fcrfen auch trocken-laufen.<br \/>2 Jahre Gew\u00e4hrleistung<\/p>\n<p>Lieferumfang:<br \/>Inklusive je eine 10 mm T\u00fclle gerade und gewinkelt<\/p>\n","protected":false},"excerpt":{"rendered":"<p>Zur automatischen und zuverl\u00e4ssigen Versorgung von Trinkwasser in Wohnmobilen. Unsere einzigartige Membrantechnologie garantiert eine pr\u00e4zise und kontrollierte Dosierung. Jeder Pumpkopf hat eine R\u00fcckflusssperre f\u00fcr \u00fcber 13 bar und eine Druckschalterregelung. Diese gew\u00e4hrleistet, dass bei \u00d6ffnen der Zapfstelle sofort Wasser flie\u00dft. S\u00e4mtliche LILIE Membran-Pumpen sind trocken selbstansaugend und d\u00fcrfen auch trocken-laufen.2 Jahre Gew\u00e4hrleistung Lieferumfang:Inklusive je eine [&hellip;]<\/p>\n","protected":false},"featured_media":96936,"template":"","meta":{"_acf_changed":false},"product_featured_cat":[],"product_brand":[3109],"product_cat":[4630],"product_tag":[],"class_list":{"0":"post-96946","1":"product","2":"type-product","3":"status-publish","4":"has-post-thumbnail","6":"product_brand-lilie-de","7":"product_cat-druckwasserpumpen","9":"first","10":"instock","11":"taxable","12":"shipping-taxable","13":"purchasable","14":"product-type-variable"},"acf":[],"yoast_head":"<!-- This site is optimized with the Yoast SEO plugin v27.4 - https:\/\/yoast.com\/product\/yoast-seo-wordpress\/ -->\n<title>Druckwasserpumpe Classic Trinkwassersystem-Wei\u00dfGELB - Bantam Camping AG<\/title>\n<meta name=\"robots\" content=\"index, follow, max-snippet:-1, max-image-preview:large, max-video-preview:-1\" \/>\n<link rel=\"canonical\" href=\"https:\/\/shop.bantam.ch\/de\/produkt\/druckwasserpumpe-classic-trinkwassersystem-weissgelb\/\" \/>\n<meta property=\"og:locale\" content=\"de_DE\" \/>\n<meta property=\"og:type\" content=\"article\" \/>\n<meta property=\"og:title\" content=\"Druckwasserpumpe Classic Trinkwassersystem-Wei\u00dfGELB - Bantam Camping AG\" \/>\n<meta property=\"og:description\" content=\"Zur automatischen und zuverl\u00e4ssigen Versorgung von Trinkwasser in Wohnmobilen. Unsere einzigartige Membrantechnologie garantiert eine pr\u00e4zise und kontrollierte Dosierung. Jeder Pumpkopf hat eine R\u00fcckflusssperre f\u00fcr \u00fcber 13 bar und eine Druckschalterregelung. Diese gew\u00e4hrleistet, dass bei \u00d6ffnen der Zapfstelle sofort Wasser flie\u00dft. S\u00e4mtliche LILIE Membran-Pumpen sind trocken selbstansaugend und d\u00fcrfen auch trocken-laufen.2 Jahre Gew\u00e4hrleistung Lieferumfang:Inklusive je eine [&hellip;]\" \/>\n<meta property=\"og:url\" content=\"https:\/\/shop.bantam.ch\/de\/produkt\/druckwasserpumpe-classic-trinkwassersystem-weissgelb\/\" \/>\n<meta property=\"og:site_name\" content=\"Bantam Camping AG\" \/>\n<meta property=\"article:modified_time\" content=\"2026-04-17T20:54:33+00:00\" \/>\n<meta property=\"og:image\" content=\"https:\/\/shop.bantam.ch\/wp-content\/uploads\/2023\/02\/995659011.jpg\" \/>\n\t<meta property=\"og:image:width\" content=\"1000\" \/>\n\t<meta property=\"og:image:height\" content=\"599\" \/>\n\t<meta property=\"og:image:type\" content=\"image\/jpeg\" \/>\n<meta name=\"twitter:card\" content=\"summary_large_image\" \/>\n<script type=\"application\/ld+json\" class=\"yoast-schema-graph\">{\"@context\":\"https:\\\/\\\/schema.org\",\"@graph\":[{\"@type\":\"WebPage\",\"@id\":\"https:\\\/\\\/shop.bantam.ch\\\/de\\\/produkt\\\/druckwasserpumpe-classic-trinkwassersystem-weissgelb\\\/\",\"url\":\"https:\\\/\\\/shop.bantam.ch\\\/de\\\/produkt\\\/druckwasserpumpe-classic-trinkwassersystem-weissgelb\\\/\",\"name\":\"Druckwasserpumpe Classic Trinkwassersystem-Wei\u00dfGELB - Bantam Camping AG\",\"isPartOf\":{\"@id\":\"https:\\\/\\\/shop.bantam.ch\\\/de\\\/#website\"},\"primaryImageOfPage\":{\"@id\":\"https:\\\/\\\/shop.bantam.ch\\\/de\\\/produkt\\\/druckwasserpumpe-classic-trinkwassersystem-weissgelb\\\/#primaryimage\"},\"image\":{\"@id\":\"https:\\\/\\\/shop.bantam.ch\\\/de\\\/produkt\\\/druckwasserpumpe-classic-trinkwassersystem-weissgelb\\\/#primaryimage\"},\"thumbnailUrl\":\"https:\\\/\\\/shop.bantam.ch\\\/wp-content\\\/uploads\\\/2023\\\/02\\\/995659011.jpg\",\"datePublished\":\"2023-02-28T04:25:06+00:00\",\"dateModified\":\"2026-04-17T20:54:33+00:00\",\"breadcrumb\":{\"@id\":\"https:\\\/\\\/shop.bantam.ch\\\/de\\\/produkt\\\/druckwasserpumpe-classic-trinkwassersystem-weissgelb\\\/#breadcrumb\"},\"inLanguage\":\"de\",\"potentialAction\":[{\"@type\":\"ReadAction\",\"target\":[\"https:\\\/\\\/shop.bantam.ch\\\/de\\\/produkt\\\/druckwasserpumpe-classic-trinkwassersystem-weissgelb\\\/\"]}]},{\"@type\":\"ImageObject\",\"inLanguage\":\"de\",\"@id\":\"https:\\\/\\\/shop.bantam.ch\\\/de\\\/produkt\\\/druckwasserpumpe-classic-trinkwassersystem-weissgelb\\\/#primaryimage\",\"url\":\"https:\\\/\\\/shop.bantam.ch\\\/wp-content\\\/uploads\\\/2023\\\/02\\\/995659011.jpg\",\"contentUrl\":\"https:\\\/\\\/shop.bantam.ch\\\/wp-content\\\/uploads\\\/2023\\\/02\\\/995659011.jpg\",\"width\":1000,\"height\":599},{\"@type\":\"BreadcrumbList\",\"@id\":\"https:\\\/\\\/shop.bantam.ch\\\/de\\\/produkt\\\/druckwasserpumpe-classic-trinkwassersystem-weissgelb\\\/#breadcrumb\",\"itemListElement\":[{\"@type\":\"ListItem\",\"position\":1,\"name\":\"Accueil\",\"item\":\"https:\\\/\\\/shop.bantam.ch\\\/de\\\/\"},{\"@type\":\"ListItem\",\"position\":2,\"name\":\"Shop\",\"item\":\"https:\\\/\\\/shop.bantam.ch\\\/de\\\/shop\\\/\"},{\"@type\":\"ListItem\",\"position\":3,\"name\":\"Druckwasserpumpe Classic Trinkwassersystem-Wei\u00dfGELB\"}]},{\"@type\":\"WebSite\",\"@id\":\"https:\\\/\\\/shop.bantam.ch\\\/de\\\/#website\",\"url\":\"https:\\\/\\\/shop.bantam.ch\\\/de\\\/\",\"name\":\"Bantam Camping AG\",\"description\":\"\",\"publisher\":{\"@id\":\"https:\\\/\\\/shop.bantam.ch\\\/de\\\/#organization\"},\"inLanguage\":\"de\"},{\"@type\":\"Organization\",\"@id\":\"https:\\\/\\\/shop.bantam.ch\\\/de\\\/#organization\",\"name\":\"Bantam Camping AG\",\"url\":\"https:\\\/\\\/shop.bantam.ch\\\/de\\\/\",\"logo\":{\"@type\":\"ImageObject\",\"inLanguage\":\"de\",\"@id\":\"https:\\\/\\\/shop.bantam.ch\\\/de\\\/#\\\/schema\\\/logo\\\/image\\\/\",\"url\":\"https:\\\/\\\/shop.bantam.ch\\\/wp-content\\\/uploads\\\/2022\\\/12\\\/bantam-logo.png\",\"contentUrl\":\"https:\\\/\\\/shop.bantam.ch\\\/wp-content\\\/uploads\\\/2022\\\/12\\\/bantam-logo.png\",\"width\":320,\"height\":71,\"caption\":\"Bantam Camping AG\"},\"image\":{\"@id\":\"https:\\\/\\\/shop.bantam.ch\\\/de\\\/#\\\/schema\\\/logo\\\/image\\\/\"}}]}<\/script>\n<!-- \/ Yoast SEO plugin. -->","yoast_head_json":{"title":"Druckwasserpumpe Classic Trinkwassersystem-Wei\u00dfGELB - Bantam Camping AG","robots":{"index":"index","follow":"follow","max-snippet":"max-snippet:-1","max-image-preview":"max-image-preview:large","max-video-preview":"max-video-preview:-1"},"canonical":"https:\/\/shop.bantam.ch\/de\/produkt\/druckwasserpumpe-classic-trinkwassersystem-weissgelb\/","og_locale":"de_DE","og_type":"article","og_title":"Druckwasserpumpe Classic Trinkwassersystem-Wei\u00dfGELB - Bantam Camping AG","og_description":"Zur automatischen und zuverl\u00e4ssigen Versorgung von Trinkwasser in Wohnmobilen. Unsere einzigartige Membrantechnologie garantiert eine pr\u00e4zise und kontrollierte Dosierung. Jeder Pumpkopf hat eine R\u00fcckflusssperre f\u00fcr \u00fcber 13 bar und eine Druckschalterregelung. Diese gew\u00e4hrleistet, dass bei \u00d6ffnen der Zapfstelle sofort Wasser flie\u00dft. S\u00e4mtliche LILIE Membran-Pumpen sind trocken selbstansaugend und d\u00fcrfen auch trocken-laufen.2 Jahre Gew\u00e4hrleistung Lieferumfang:Inklusive je eine [&hellip;]","og_url":"https:\/\/shop.bantam.ch\/de\/produkt\/druckwasserpumpe-classic-trinkwassersystem-weissgelb\/","og_site_name":"Bantam Camping AG","article_modified_time":"2026-04-17T20:54:33+00:00","og_image":[{"width":1000,"height":599,"url":"https:\/\/shop.bantam.ch\/wp-content\/uploads\/2023\/02\/995659011.jpg","type":"image\/jpeg"}],"twitter_card":"summary_large_image","schema":{"@context":"https:\/\/schema.org","@graph":[{"@type":"WebPage","@id":"https:\/\/shop.bantam.ch\/de\/produkt\/druckwasserpumpe-classic-trinkwassersystem-weissgelb\/","url":"https:\/\/shop.bantam.ch\/de\/produkt\/druckwasserpumpe-classic-trinkwassersystem-weissgelb\/","name":"Druckwasserpumpe Classic Trinkwassersystem-Wei\u00dfGELB - Bantam Camping AG","isPartOf":{"@id":"https:\/\/shop.bantam.ch\/de\/#website"},"primaryImageOfPage":{"@id":"https:\/\/shop.bantam.ch\/de\/produkt\/druckwasserpumpe-classic-trinkwassersystem-weissgelb\/#primaryimage"},"image":{"@id":"https:\/\/shop.bantam.ch\/de\/produkt\/druckwasserpumpe-classic-trinkwassersystem-weissgelb\/#primaryimage"},"thumbnailUrl":"https:\/\/shop.bantam.ch\/wp-content\/uploads\/2023\/02\/995659011.jpg","datePublished":"2023-02-28T04:25:06+00:00","dateModified":"2026-04-17T20:54:33+00:00","breadcrumb":{"@id":"https:\/\/shop.bantam.ch\/de\/produkt\/druckwasserpumpe-classic-trinkwassersystem-weissgelb\/#breadcrumb"},"inLanguage":"de","potentialAction":[{"@type":"ReadAction","target":["https:\/\/shop.bantam.ch\/de\/produkt\/druckwasserpumpe-classic-trinkwassersystem-weissgelb\/"]}]},{"@type":"ImageObject","inLanguage":"de","@id":"https:\/\/shop.bantam.ch\/de\/produkt\/druckwasserpumpe-classic-trinkwassersystem-weissgelb\/#primaryimage","url":"https:\/\/shop.bantam.ch\/wp-content\/uploads\/2023\/02\/995659011.jpg","contentUrl":"https:\/\/shop.bantam.ch\/wp-content\/uploads\/2023\/02\/995659011.jpg","width":1000,"height":599},{"@type":"BreadcrumbList","@id":"https:\/\/shop.bantam.ch\/de\/produkt\/druckwasserpumpe-classic-trinkwassersystem-weissgelb\/#breadcrumb","itemListElement":[{"@type":"ListItem","position":1,"name":"Accueil","item":"https:\/\/shop.bantam.ch\/de\/"},{"@type":"ListItem","position":2,"name":"Shop","item":"https:\/\/shop.bantam.ch\/de\/shop\/"},{"@type":"ListItem","position":3,"name":"Druckwasserpumpe Classic Trinkwassersystem-Wei\u00dfGELB"}]},{"@type":"WebSite","@id":"https:\/\/shop.bantam.ch\/de\/#website","url":"https:\/\/shop.bantam.ch\/de\/","name":"Bantam Camping AG","description":"","publisher":{"@id":"https:\/\/shop.bantam.ch\/de\/#organization"},"inLanguage":"de"},{"@type":"Organization","@id":"https:\/\/shop.bantam.ch\/de\/#organization","name":"Bantam Camping AG","url":"https:\/\/shop.bantam.ch\/de\/","logo":{"@type":"ImageObject","inLanguage":"de","@id":"https:\/\/shop.bantam.ch\/de\/#\/schema\/logo\/image\/","url":"https:\/\/shop.bantam.ch\/wp-content\/uploads\/2022\/12\/bantam-logo.png","contentUrl":"https:\/\/shop.bantam.ch\/wp-content\/uploads\/2022\/12\/bantam-logo.png","width":320,"height":71,"caption":"Bantam Camping AG"},"image":{"@id":"https:\/\/shop.bantam.ch\/de\/#\/schema\/logo\/image\/"}}]}},"_links":{"self":[{"href":"https:\/\/shop.bantam.ch\/de\/wp-json\/wp\/v2\/product\/96946","targetHints":{"allow":["GET"]}}],"collection":[{"href":"https:\/\/shop.bantam.ch\/de\/wp-json\/wp\/v2\/product"}],"about":[{"href":"https:\/\/shop.bantam.ch\/de\/wp-json\/wp\/v2\/types\/product"}],"wp:featuredmedia":[{"embeddable":true,"href":"https:\/\/shop.bantam.ch\/de\/wp-json\/wp\/v2\/media\/96936"}],"wp:attachment":[{"href":"https:\/\/shop.bantam.ch\/de\/wp-json\/wp\/v2\/media?parent=96946"}],"wp:term":[{"taxonomy":"product_featured_cat","embeddable":true,"href":"https:\/\/shop.bantam.ch\/de\/wp-json\/wp\/v2\/product_featured_cat?post=96946"},{"taxonomy":"product_brand","embeddable":true,"href":"https:\/\/shop.bantam.ch\/de\/wp-json\/wp\/v2\/product_brand?post=96946"},{"taxonomy":"product_cat","embeddable":true,"href":"https:\/\/shop.bantam.ch\/de\/wp-json\/wp\/v2\/product_cat?post=96946"},{"taxonomy":"product_tag","embeddable":true,"href":"https:\/\/shop.bantam.ch\/de\/wp-json\/wp\/v2\/product_tag?post=96946"}],"curies":[{"name":"wp","href":"https:\/\/api.w.org\/{rel}","templated":true}]}}