{"id":96454,"date":"2023-02-28T05:18:46","date_gmt":"2023-02-28T04:18:46","guid":{"rendered":"http:\/\/shop.bantam.ch\/produit\/kuehlbox-ck-40d-hybrid\/"},"modified":"2026-04-19T21:32:05","modified_gmt":"2026-04-19T19:32:05","slug":"kuehlbox-ck-40d-hybrid","status":"publish","type":"product","link":"https:\/\/shop.bantam.ch\/de\/produkt\/kuehlbox-ck-40d-hybrid\/","title":{"rendered":"K\u00fchlbox CK 40D Hybrid"},"content":{"rendered":"<p>Ausgestattet mit zwei K\u00fchlsystemen &#8211; der Kompressor (230 Volt) wird durch ein thermoelektrisches Aggregat erg\u00e4nzt, so dass die Box zus\u00e4tzlich \u00fcber die 12-Volt-Fahrzeugbatterie betrieben werden kann. So bleibt die K\u00fchlkette auch w\u00e4hrend eines Transportes erhalten. Stehh\u00f6he f\u00fcr 2-Liter-Flaschen, robustes Geh\u00e4use, Tiefk\u00fchlleistungen bis -15 \u00b0C. Ein Top-Ger\u00e4t f\u00fcr Camping, Haus und Garten.<\/p>\n<p>Eigenschaften und Funktionen:<\/p>\n<ul>\n<li>Modell: CK 40 D Hybrid Thermoelektrik 230V\/12V Kompressor<\/li>\n<li>Luftschallemission: 46 dB<\/li>\n<li>Leistungsaufnahme DC: 47 Watt, AC: 75 Watt<\/li>\n<li>F\u00fcr 230 Volt (Kompressor) und 12 Volt (Thermoelektrik)<\/li>\n<li>Verbrauch bei 12 V Betrieb: 47 W<\/li>\n<li>K\u00fchlleistungen bis zu &#8211; 15\u00b0 C (Kompressorbetrieb)<\/li>\n<li>K\u00fchlleistung unter Umgebungstemperatur ca.: 20\u00b0C<\/li>\n<\/ul>\n<p>\u00a0<\/p>\n","protected":false},"excerpt":{"rendered":"<p>Ausgestattet mit zwei K\u00fchlsystemen &#8211; der Kompressor (230 Volt) wird durch ein thermoelektrisches Aggregat erg\u00e4nzt, so dass die Box zus\u00e4tzlich \u00fcber die 12-Volt-Fahrzeugbatterie betrieben werden kann. So bleibt die K\u00fchlkette auch w\u00e4hrend eines Transportes erhalten. Stehh\u00f6he f\u00fcr 2-Liter-Flaschen, robustes Geh\u00e4use, Tiefk\u00fchlleistungen bis -15 \u00b0C. Ein Top-Ger\u00e4t f\u00fcr Camping, Haus und Garten. Eigenschaften und Funktionen: Modell: [&hellip;]<\/p>\n","protected":false},"featured_media":96452,"template":"","meta":{"_acf_changed":false},"product_featured_cat":[1889],"product_brand":[3029],"product_cat":[4546,4544],"product_tag":[],"class_list":{"0":"post-96454","1":"product","2":"type-product","3":"status-publish","4":"has-post-thumbnail","6":"product_featured_cat-dometic-kuehlboxen","7":"product_brand-dometic-de","8":"product_cat-kompressor-kuehlboxen-kuehlboxen","9":"product_cat-thermoelektrische-kuehlboxen","11":"first","12":"instock","13":"taxable","14":"shipping-taxable","15":"purchasable","16":"product-type-simple"},"acf":[],"yoast_head":"<!-- This site is optimized with the Yoast SEO plugin v27.4 - https:\/\/yoast.com\/product\/yoast-seo-wordpress\/ -->\n<title>K\u00fchlbox CK 40D Hybrid - Bantam Camping AG<\/title>\n<meta name=\"robots\" content=\"index, follow, max-snippet:-1, max-image-preview:large, max-video-preview:-1\" \/>\n<link rel=\"canonical\" href=\"https:\/\/shop.bantam.ch\/de\/produkt\/kuehlbox-ck-40d-hybrid\/\" \/>\n<meta property=\"og:locale\" content=\"de_DE\" \/>\n<meta property=\"og:type\" content=\"article\" \/>\n<meta property=\"og:title\" content=\"K\u00fchlbox CK 40D Hybrid - Bantam Camping AG\" \/>\n<meta property=\"og:description\" content=\"Ausgestattet mit zwei K\u00fchlsystemen &#8211; der Kompressor (230 Volt) wird durch ein thermoelektrisches Aggregat erg\u00e4nzt, so dass die Box zus\u00e4tzlich \u00fcber die 12-Volt-Fahrzeugbatterie betrieben werden kann. So bleibt die K\u00fchlkette auch w\u00e4hrend eines Transportes erhalten. Stehh\u00f6he f\u00fcr 2-Liter-Flaschen, robustes Geh\u00e4use, Tiefk\u00fchlleistungen bis -15 \u00b0C. Ein Top-Ger\u00e4t f\u00fcr Camping, Haus und Garten. Eigenschaften und Funktionen: Modell: [&hellip;]\" \/>\n<meta property=\"og:url\" content=\"https:\/\/shop.bantam.ch\/de\/produkt\/kuehlbox-ck-40d-hybrid\/\" \/>\n<meta property=\"og:site_name\" content=\"Bantam Camping AG\" \/>\n<meta property=\"article:modified_time\" content=\"2026-04-19T19:32:05+00:00\" \/>\n<meta property=\"og:image\" content=\"https:\/\/shop.bantam.ch\/wp-content\/uploads\/2023\/02\/993041311.jpg\" \/>\n\t<meta property=\"og:image:width\" content=\"1000\" \/>\n\t<meta property=\"og:image:height\" content=\"1000\" \/>\n\t<meta property=\"og:image:type\" content=\"image\/jpeg\" \/>\n<meta name=\"twitter:card\" content=\"summary_large_image\" \/>\n<meta name=\"twitter:label1\" content=\"Gesch\u00e4tzte Lesezeit\" \/>\n\t<meta name=\"twitter:data1\" content=\"1\u00a0Minute\" \/>\n<script type=\"application\/ld+json\" class=\"yoast-schema-graph\">{\"@context\":\"https:\\\/\\\/schema.org\",\"@graph\":[{\"@type\":\"WebPage\",\"@id\":\"https:\\\/\\\/shop.bantam.ch\\\/de\\\/produkt\\\/kuehlbox-ck-40d-hybrid\\\/\",\"url\":\"https:\\\/\\\/shop.bantam.ch\\\/de\\\/produkt\\\/kuehlbox-ck-40d-hybrid\\\/\",\"name\":\"K\u00fchlbox CK 40D Hybrid - Bantam Camping AG\",\"isPartOf\":{\"@id\":\"https:\\\/\\\/shop.bantam.ch\\\/de\\\/#website\"},\"primaryImageOfPage\":{\"@id\":\"https:\\\/\\\/shop.bantam.ch\\\/de\\\/produkt\\\/kuehlbox-ck-40d-hybrid\\\/#primaryimage\"},\"image\":{\"@id\":\"https:\\\/\\\/shop.bantam.ch\\\/de\\\/produkt\\\/kuehlbox-ck-40d-hybrid\\\/#primaryimage\"},\"thumbnailUrl\":\"https:\\\/\\\/shop.bantam.ch\\\/wp-content\\\/uploads\\\/2023\\\/02\\\/993041311.jpg\",\"datePublished\":\"2023-02-28T04:18:46+00:00\",\"dateModified\":\"2026-04-19T19:32:05+00:00\",\"breadcrumb\":{\"@id\":\"https:\\\/\\\/shop.bantam.ch\\\/de\\\/produkt\\\/kuehlbox-ck-40d-hybrid\\\/#breadcrumb\"},\"inLanguage\":\"de\",\"potentialAction\":[{\"@type\":\"ReadAction\",\"target\":[\"https:\\\/\\\/shop.bantam.ch\\\/de\\\/produkt\\\/kuehlbox-ck-40d-hybrid\\\/\"]}]},{\"@type\":\"ImageObject\",\"inLanguage\":\"de\",\"@id\":\"https:\\\/\\\/shop.bantam.ch\\\/de\\\/produkt\\\/kuehlbox-ck-40d-hybrid\\\/#primaryimage\",\"url\":\"https:\\\/\\\/shop.bantam.ch\\\/wp-content\\\/uploads\\\/2023\\\/02\\\/993041311.jpg\",\"contentUrl\":\"https:\\\/\\\/shop.bantam.ch\\\/wp-content\\\/uploads\\\/2023\\\/02\\\/993041311.jpg\",\"width\":1000,\"height\":1000},{\"@type\":\"BreadcrumbList\",\"@id\":\"https:\\\/\\\/shop.bantam.ch\\\/de\\\/produkt\\\/kuehlbox-ck-40d-hybrid\\\/#breadcrumb\",\"itemListElement\":[{\"@type\":\"ListItem\",\"position\":1,\"name\":\"Accueil\",\"item\":\"https:\\\/\\\/shop.bantam.ch\\\/de\\\/\"},{\"@type\":\"ListItem\",\"position\":2,\"name\":\"Shop\",\"item\":\"https:\\\/\\\/shop.bantam.ch\\\/de\\\/shop\\\/\"},{\"@type\":\"ListItem\",\"position\":3,\"name\":\"K\u00fchlbox CK 40D Hybrid\"}]},{\"@type\":\"WebSite\",\"@id\":\"https:\\\/\\\/shop.bantam.ch\\\/de\\\/#website\",\"url\":\"https:\\\/\\\/shop.bantam.ch\\\/de\\\/\",\"name\":\"Bantam Camping AG\",\"description\":\"\",\"publisher\":{\"@id\":\"https:\\\/\\\/shop.bantam.ch\\\/de\\\/#organization\"},\"inLanguage\":\"de\"},{\"@type\":\"Organization\",\"@id\":\"https:\\\/\\\/shop.bantam.ch\\\/de\\\/#organization\",\"name\":\"Bantam Camping AG\",\"url\":\"https:\\\/\\\/shop.bantam.ch\\\/de\\\/\",\"logo\":{\"@type\":\"ImageObject\",\"inLanguage\":\"de\",\"@id\":\"https:\\\/\\\/shop.bantam.ch\\\/de\\\/#\\\/schema\\\/logo\\\/image\\\/\",\"url\":\"https:\\\/\\\/shop.bantam.ch\\\/wp-content\\\/uploads\\\/2022\\\/12\\\/bantam-logo.png\",\"contentUrl\":\"https:\\\/\\\/shop.bantam.ch\\\/wp-content\\\/uploads\\\/2022\\\/12\\\/bantam-logo.png\",\"width\":320,\"height\":71,\"caption\":\"Bantam Camping AG\"},\"image\":{\"@id\":\"https:\\\/\\\/shop.bantam.ch\\\/de\\\/#\\\/schema\\\/logo\\\/image\\\/\"}}]}<\/script>\n<!-- \/ Yoast SEO plugin. -->","yoast_head_json":{"title":"K\u00fchlbox CK 40D Hybrid - Bantam Camping AG","robots":{"index":"index","follow":"follow","max-snippet":"max-snippet:-1","max-image-preview":"max-image-preview:large","max-video-preview":"max-video-preview:-1"},"canonical":"https:\/\/shop.bantam.ch\/de\/produkt\/kuehlbox-ck-40d-hybrid\/","og_locale":"de_DE","og_type":"article","og_title":"K\u00fchlbox CK 40D Hybrid - Bantam Camping AG","og_description":"Ausgestattet mit zwei K\u00fchlsystemen &#8211; der Kompressor (230 Volt) wird durch ein thermoelektrisches Aggregat erg\u00e4nzt, so dass die Box zus\u00e4tzlich \u00fcber die 12-Volt-Fahrzeugbatterie betrieben werden kann. So bleibt die K\u00fchlkette auch w\u00e4hrend eines Transportes erhalten. Stehh\u00f6he f\u00fcr 2-Liter-Flaschen, robustes Geh\u00e4use, Tiefk\u00fchlleistungen bis -15 \u00b0C. Ein Top-Ger\u00e4t f\u00fcr Camping, Haus und Garten. Eigenschaften und Funktionen: Modell: [&hellip;]","og_url":"https:\/\/shop.bantam.ch\/de\/produkt\/kuehlbox-ck-40d-hybrid\/","og_site_name":"Bantam Camping AG","article_modified_time":"2026-04-19T19:32:05+00:00","og_image":[{"width":1000,"height":1000,"url":"https:\/\/shop.bantam.ch\/wp-content\/uploads\/2023\/02\/993041311.jpg","type":"image\/jpeg"}],"twitter_card":"summary_large_image","twitter_misc":{"Gesch\u00e4tzte Lesezeit":"1\u00a0Minute"},"schema":{"@context":"https:\/\/schema.org","@graph":[{"@type":"WebPage","@id":"https:\/\/shop.bantam.ch\/de\/produkt\/kuehlbox-ck-40d-hybrid\/","url":"https:\/\/shop.bantam.ch\/de\/produkt\/kuehlbox-ck-40d-hybrid\/","name":"K\u00fchlbox CK 40D Hybrid - Bantam Camping AG","isPartOf":{"@id":"https:\/\/shop.bantam.ch\/de\/#website"},"primaryImageOfPage":{"@id":"https:\/\/shop.bantam.ch\/de\/produkt\/kuehlbox-ck-40d-hybrid\/#primaryimage"},"image":{"@id":"https:\/\/shop.bantam.ch\/de\/produkt\/kuehlbox-ck-40d-hybrid\/#primaryimage"},"thumbnailUrl":"https:\/\/shop.bantam.ch\/wp-content\/uploads\/2023\/02\/993041311.jpg","datePublished":"2023-02-28T04:18:46+00:00","dateModified":"2026-04-19T19:32:05+00:00","breadcrumb":{"@id":"https:\/\/shop.bantam.ch\/de\/produkt\/kuehlbox-ck-40d-hybrid\/#breadcrumb"},"inLanguage":"de","potentialAction":[{"@type":"ReadAction","target":["https:\/\/shop.bantam.ch\/de\/produkt\/kuehlbox-ck-40d-hybrid\/"]}]},{"@type":"ImageObject","inLanguage":"de","@id":"https:\/\/shop.bantam.ch\/de\/produkt\/kuehlbox-ck-40d-hybrid\/#primaryimage","url":"https:\/\/shop.bantam.ch\/wp-content\/uploads\/2023\/02\/993041311.jpg","contentUrl":"https:\/\/shop.bantam.ch\/wp-content\/uploads\/2023\/02\/993041311.jpg","width":1000,"height":1000},{"@type":"BreadcrumbList","@id":"https:\/\/shop.bantam.ch\/de\/produkt\/kuehlbox-ck-40d-hybrid\/#breadcrumb","itemListElement":[{"@type":"ListItem","position":1,"name":"Accueil","item":"https:\/\/shop.bantam.ch\/de\/"},{"@type":"ListItem","position":2,"name":"Shop","item":"https:\/\/shop.bantam.ch\/de\/shop\/"},{"@type":"ListItem","position":3,"name":"K\u00fchlbox CK 40D Hybrid"}]},{"@type":"WebSite","@id":"https:\/\/shop.bantam.ch\/de\/#website","url":"https:\/\/shop.bantam.ch\/de\/","name":"Bantam Camping AG","description":"","publisher":{"@id":"https:\/\/shop.bantam.ch\/de\/#organization"},"inLanguage":"de"},{"@type":"Organization","@id":"https:\/\/shop.bantam.ch\/de\/#organization","name":"Bantam Camping AG","url":"https:\/\/shop.bantam.ch\/de\/","logo":{"@type":"ImageObject","inLanguage":"de","@id":"https:\/\/shop.bantam.ch\/de\/#\/schema\/logo\/image\/","url":"https:\/\/shop.bantam.ch\/wp-content\/uploads\/2022\/12\/bantam-logo.png","contentUrl":"https:\/\/shop.bantam.ch\/wp-content\/uploads\/2022\/12\/bantam-logo.png","width":320,"height":71,"caption":"Bantam Camping AG"},"image":{"@id":"https:\/\/shop.bantam.ch\/de\/#\/schema\/logo\/image\/"}}]}},"_links":{"self":[{"href":"https:\/\/shop.bantam.ch\/de\/wp-json\/wp\/v2\/product\/96454","targetHints":{"allow":["GET"]}}],"collection":[{"href":"https:\/\/shop.bantam.ch\/de\/wp-json\/wp\/v2\/product"}],"about":[{"href":"https:\/\/shop.bantam.ch\/de\/wp-json\/wp\/v2\/types\/product"}],"wp:featuredmedia":[{"embeddable":true,"href":"https:\/\/shop.bantam.ch\/de\/wp-json\/wp\/v2\/media\/96452"}],"wp:attachment":[{"href":"https:\/\/shop.bantam.ch\/de\/wp-json\/wp\/v2\/media?parent=96454"}],"wp:term":[{"taxonomy":"product_featured_cat","embeddable":true,"href":"https:\/\/shop.bantam.ch\/de\/wp-json\/wp\/v2\/product_featured_cat?post=96454"},{"taxonomy":"product_brand","embeddable":true,"href":"https:\/\/shop.bantam.ch\/de\/wp-json\/wp\/v2\/product_brand?post=96454"},{"taxonomy":"product_cat","embeddable":true,"href":"https:\/\/shop.bantam.ch\/de\/wp-json\/wp\/v2\/product_cat?post=96454"},{"taxonomy":"product_tag","embeddable":true,"href":"https:\/\/shop.bantam.ch\/de\/wp-json\/wp\/v2\/product_tag?post=96454"}],"curies":[{"name":"wp","href":"https:\/\/api.w.org\/{rel}","templated":true}]}}