{"id":96328,"date":"2023-02-28T05:17:18","date_gmt":"2023-02-28T04:17:18","guid":{"rendered":"http:\/\/shop.bantam.ch\/produit\/level-control\/"},"modified":"2026-05-02T21:29:16","modified_gmt":"2026-05-02T19:29:16","slug":"level-control","status":"publish","type":"product","link":"https:\/\/shop.bantam.ch\/de\/produkt\/level-control\/","title":{"rendered":"F\u00fcllstandsmesser Truma LevelControl"},"content":{"rendered":"<p>Der Truma LevelControl ermittelt schnell und pr\u00e4zise den Gasf\u00fcllstand. Mit der neuen LevelControl App geht das jetzt noch einfacher: Sie k\u00f6nnen ihren Gasvorrat direkt via Bluetooth auf Ihrem Smartphone abfragen. Wenn sie nur im Nahbereich messen m\u00f6chten und kein iNet System nutzen, geht das jetzt auch ohne iNet Box!<br \/>Das funktioniert bequem und zuverl\u00e4ssig im Fahrzeug und in der n\u00e4heren Umgebung. Die Truma App LevelControl eignet sich damit perfekt, wenn Sie kein iNet System im Reisemobil oder Wohnwagen haben.<\/p>\n<p>Verwenden Sie eine der beiden kostenlosen Apps um Ihren Gasf\u00fcllstand pr\u00e4zise und bequem abzufragen:<\/p>\n<ul>\n<li>F\u00fcllstand in %<\/li>\n<li>Gasmenge in kg<\/li>\n<li>Batteriezustand des Truma LevelControl<\/li>\n<li>Restlaufzeit in Tagen (nur \u00fcber die Truma App)<\/li>\n<li>SMS-Alarm, wenn sich nur noch wenig Gas in der Flasche befindet (nur \u00fcber die Truma App)<\/li>\n<li>Sind zwei Gasflaschen im Fahrzeug, k\u00f6nnen sie zwei Truma LevelControl parallel verwenden. Die Truma App zeigt dann den F\u00fcllstand von Flasche 1 und 2 an. \u00dcber die Truma LevelControl App k\u00f6nnen sogar bis zu vier Truma LevelControl angezeigt werden.<\/li>\n<\/ul>\n<p>Eigenschaften und Funktionen:<\/li>\n<li>Spannungsversorgung: 3 V DC \/ 2 x 1,5 V Batterien<\/li>\n<li>Stromaufnahme max.: 70 mA<\/li>\n<li>Ruhestromaufnahme: 0,001 mA<\/li>\n<li>Betriebstemperatur: -20 \u00b0C bis +50 \u00b0C<\/li>\n<li>Bluetooth Klasse 2<\/li>\n<li>Gasart: Propan \/ Butan<\/li>\n<\/ul>\n<p>\u00a0<\/p>\n","protected":false},"excerpt":{"rendered":"<p>Der Truma LevelControl ermittelt schnell und pr\u00e4zise den Gasf\u00fcllstand. Mit der neuen LevelControl App geht das jetzt noch einfacher: Sie k\u00f6nnen ihren Gasvorrat direkt via Bluetooth auf Ihrem Smartphone abfragen. Wenn sie nur im Nahbereich messen m\u00f6chten und kein iNet System nutzen, geht das jetzt auch ohne iNet Box!Das funktioniert bequem und zuverl\u00e4ssig im Fahrzeug [&hellip;]<\/p>\n","protected":false},"featured_media":96318,"template":"","meta":{"_acf_changed":false},"product_featured_cat":[],"product_brand":[3027],"product_cat":[4496],"product_tag":[],"class_list":{"0":"post-96328","1":"product","2":"type-product","3":"status-publish","4":"has-post-thumbnail","6":"product_brand-truma-de","7":"product_cat-fuellstandsanzeiger","9":"first","10":"instock","11":"taxable","12":"shipping-taxable","13":"purchasable","14":"product-type-simple"},"acf":[],"yoast_head":"<!-- This site is optimized with the Yoast SEO plugin v27.5 - https:\/\/yoast.com\/product\/yoast-seo-wordpress\/ -->\n<title>F\u00fcllstandsmesser Truma LevelControl - Bantam<\/title>\n<meta name=\"robots\" content=\"index, follow, max-snippet:-1, max-image-preview:large, max-video-preview:-1\" \/>\n<link rel=\"canonical\" href=\"https:\/\/shop.bantam.ch\/de\/produkt\/level-control\/\" \/>\n<meta property=\"og:locale\" content=\"de_DE\" \/>\n<meta property=\"og:type\" content=\"article\" \/>\n<meta property=\"og:title\" content=\"F\u00fcllstandsmesser Truma LevelControl - Bantam\" \/>\n<meta property=\"og:description\" content=\"Der Truma LevelControl ermittelt schnell und pr\u00e4zise den Gasf\u00fcllstand. Mit der neuen LevelControl App geht das jetzt noch einfacher: Sie k\u00f6nnen ihren Gasvorrat direkt via Bluetooth auf Ihrem Smartphone abfragen. Wenn sie nur im Nahbereich messen m\u00f6chten und kein iNet System nutzen, geht das jetzt auch ohne iNet Box!Das funktioniert bequem und zuverl\u00e4ssig im Fahrzeug [&hellip;]\" \/>\n<meta property=\"og:url\" content=\"https:\/\/shop.bantam.ch\/de\/produkt\/level-control\/\" \/>\n<meta property=\"og:site_name\" content=\"Bantam\" \/>\n<meta property=\"article:modified_time\" content=\"2026-05-02T19:29:16+00:00\" \/>\n<meta property=\"og:image\" content=\"https:\/\/shop.bantam.ch\/wp-content\/uploads\/2023\/02\/993199811RraBGxPpMUc22.jpg\" \/>\n\t<meta property=\"og:image:width\" content=\"1000\" \/>\n\t<meta property=\"og:image:height\" content=\"707\" \/>\n\t<meta property=\"og:image:type\" content=\"image\/jpeg\" \/>\n<meta name=\"twitter:card\" content=\"summary_large_image\" \/>\n<meta name=\"twitter:label1\" content=\"Gesch\u00e4tzte Lesezeit\" \/>\n\t<meta name=\"twitter:data1\" content=\"1\u00a0Minute\" \/>\n<script type=\"application\/ld+json\" class=\"yoast-schema-graph\">{\"@context\":\"https:\\\/\\\/schema.org\",\"@graph\":[{\"@type\":\"WebPage\",\"@id\":\"https:\\\/\\\/shop.bantam.ch\\\/de\\\/produkt\\\/level-control\\\/\",\"url\":\"https:\\\/\\\/shop.bantam.ch\\\/de\\\/produkt\\\/level-control\\\/\",\"name\":\"F\u00fcllstandsmesser Truma LevelControl - Bantam\",\"isPartOf\":{\"@id\":\"https:\\\/\\\/shop.bantam.ch\\\/de\\\/#website\"},\"primaryImageOfPage\":{\"@id\":\"https:\\\/\\\/shop.bantam.ch\\\/de\\\/produkt\\\/level-control\\\/#primaryimage\"},\"image\":{\"@id\":\"https:\\\/\\\/shop.bantam.ch\\\/de\\\/produkt\\\/level-control\\\/#primaryimage\"},\"thumbnailUrl\":\"https:\\\/\\\/shop.bantam.ch\\\/wp-content\\\/uploads\\\/2023\\\/02\\\/993199811RraBGxPpMUc22.jpg\",\"datePublished\":\"2023-02-28T04:17:18+00:00\",\"dateModified\":\"2026-05-02T19:29:16+00:00\",\"breadcrumb\":{\"@id\":\"https:\\\/\\\/shop.bantam.ch\\\/de\\\/produkt\\\/level-control\\\/#breadcrumb\"},\"inLanguage\":\"de\",\"potentialAction\":[{\"@type\":\"ReadAction\",\"target\":[\"https:\\\/\\\/shop.bantam.ch\\\/de\\\/produkt\\\/level-control\\\/\"]}]},{\"@type\":\"ImageObject\",\"inLanguage\":\"de\",\"@id\":\"https:\\\/\\\/shop.bantam.ch\\\/de\\\/produkt\\\/level-control\\\/#primaryimage\",\"url\":\"https:\\\/\\\/shop.bantam.ch\\\/wp-content\\\/uploads\\\/2023\\\/02\\\/993199811RraBGxPpMUc22.jpg\",\"contentUrl\":\"https:\\\/\\\/shop.bantam.ch\\\/wp-content\\\/uploads\\\/2023\\\/02\\\/993199811RraBGxPpMUc22.jpg\",\"width\":1000,\"height\":707},{\"@type\":\"BreadcrumbList\",\"@id\":\"https:\\\/\\\/shop.bantam.ch\\\/de\\\/produkt\\\/level-control\\\/#breadcrumb\",\"itemListElement\":[{\"@type\":\"ListItem\",\"position\":1,\"name\":\"Accueil\",\"item\":\"https:\\\/\\\/shop.bantam.ch\\\/de\\\/\"},{\"@type\":\"ListItem\",\"position\":2,\"name\":\"Shop\",\"item\":\"https:\\\/\\\/shop.bantam.ch\\\/de\\\/shop\\\/\"},{\"@type\":\"ListItem\",\"position\":3,\"name\":\"F\u00fcllstandsmesser Truma LevelControl\"}]},{\"@type\":\"WebSite\",\"@id\":\"https:\\\/\\\/shop.bantam.ch\\\/de\\\/#website\",\"url\":\"https:\\\/\\\/shop.bantam.ch\\\/de\\\/\",\"name\":\"Bantam\",\"description\":\"\",\"publisher\":{\"@id\":\"https:\\\/\\\/shop.bantam.ch\\\/de\\\/#organization\"},\"inLanguage\":\"de\"},{\"@type\":\"Organization\",\"@id\":\"https:\\\/\\\/shop.bantam.ch\\\/de\\\/#organization\",\"name\":\"Bantam\",\"url\":\"https:\\\/\\\/shop.bantam.ch\\\/de\\\/\",\"logo\":{\"@type\":\"ImageObject\",\"inLanguage\":\"de\",\"@id\":\"https:\\\/\\\/shop.bantam.ch\\\/de\\\/#\\\/schema\\\/logo\\\/image\\\/\",\"url\":\"https:\\\/\\\/shop.bantam.ch\\\/wp-content\\\/uploads\\\/2022\\\/12\\\/bantam-logo.png\",\"contentUrl\":\"https:\\\/\\\/shop.bantam.ch\\\/wp-content\\\/uploads\\\/2022\\\/12\\\/bantam-logo.png\",\"width\":320,\"height\":71,\"caption\":\"Bantam\"},\"image\":{\"@id\":\"https:\\\/\\\/shop.bantam.ch\\\/de\\\/#\\\/schema\\\/logo\\\/image\\\/\"}}]}<\/script>\n<!-- \/ Yoast SEO plugin. -->","yoast_head_json":{"title":"F\u00fcllstandsmesser Truma LevelControl - Bantam","robots":{"index":"index","follow":"follow","max-snippet":"max-snippet:-1","max-image-preview":"max-image-preview:large","max-video-preview":"max-video-preview:-1"},"canonical":"https:\/\/shop.bantam.ch\/de\/produkt\/level-control\/","og_locale":"de_DE","og_type":"article","og_title":"F\u00fcllstandsmesser Truma LevelControl - Bantam","og_description":"Der Truma LevelControl ermittelt schnell und pr\u00e4zise den Gasf\u00fcllstand. Mit der neuen LevelControl App geht das jetzt noch einfacher: Sie k\u00f6nnen ihren Gasvorrat direkt via Bluetooth auf Ihrem Smartphone abfragen. Wenn sie nur im Nahbereich messen m\u00f6chten und kein iNet System nutzen, geht das jetzt auch ohne iNet Box!Das funktioniert bequem und zuverl\u00e4ssig im Fahrzeug [&hellip;]","og_url":"https:\/\/shop.bantam.ch\/de\/produkt\/level-control\/","og_site_name":"Bantam","article_modified_time":"2026-05-02T19:29:16+00:00","og_image":[{"width":1000,"height":707,"url":"https:\/\/shop.bantam.ch\/wp-content\/uploads\/2023\/02\/993199811RraBGxPpMUc22.jpg","type":"image\/jpeg"}],"twitter_card":"summary_large_image","twitter_misc":{"Gesch\u00e4tzte Lesezeit":"1\u00a0Minute"},"schema":{"@context":"https:\/\/schema.org","@graph":[{"@type":"WebPage","@id":"https:\/\/shop.bantam.ch\/de\/produkt\/level-control\/","url":"https:\/\/shop.bantam.ch\/de\/produkt\/level-control\/","name":"F\u00fcllstandsmesser Truma LevelControl - Bantam","isPartOf":{"@id":"https:\/\/shop.bantam.ch\/de\/#website"},"primaryImageOfPage":{"@id":"https:\/\/shop.bantam.ch\/de\/produkt\/level-control\/#primaryimage"},"image":{"@id":"https:\/\/shop.bantam.ch\/de\/produkt\/level-control\/#primaryimage"},"thumbnailUrl":"https:\/\/shop.bantam.ch\/wp-content\/uploads\/2023\/02\/993199811RraBGxPpMUc22.jpg","datePublished":"2023-02-28T04:17:18+00:00","dateModified":"2026-05-02T19:29:16+00:00","breadcrumb":{"@id":"https:\/\/shop.bantam.ch\/de\/produkt\/level-control\/#breadcrumb"},"inLanguage":"de","potentialAction":[{"@type":"ReadAction","target":["https:\/\/shop.bantam.ch\/de\/produkt\/level-control\/"]}]},{"@type":"ImageObject","inLanguage":"de","@id":"https:\/\/shop.bantam.ch\/de\/produkt\/level-control\/#primaryimage","url":"https:\/\/shop.bantam.ch\/wp-content\/uploads\/2023\/02\/993199811RraBGxPpMUc22.jpg","contentUrl":"https:\/\/shop.bantam.ch\/wp-content\/uploads\/2023\/02\/993199811RraBGxPpMUc22.jpg","width":1000,"height":707},{"@type":"BreadcrumbList","@id":"https:\/\/shop.bantam.ch\/de\/produkt\/level-control\/#breadcrumb","itemListElement":[{"@type":"ListItem","position":1,"name":"Accueil","item":"https:\/\/shop.bantam.ch\/de\/"},{"@type":"ListItem","position":2,"name":"Shop","item":"https:\/\/shop.bantam.ch\/de\/shop\/"},{"@type":"ListItem","position":3,"name":"F\u00fcllstandsmesser Truma LevelControl"}]},{"@type":"WebSite","@id":"https:\/\/shop.bantam.ch\/de\/#website","url":"https:\/\/shop.bantam.ch\/de\/","name":"Bantam","description":"","publisher":{"@id":"https:\/\/shop.bantam.ch\/de\/#organization"},"inLanguage":"de"},{"@type":"Organization","@id":"https:\/\/shop.bantam.ch\/de\/#organization","name":"Bantam","url":"https:\/\/shop.bantam.ch\/de\/","logo":{"@type":"ImageObject","inLanguage":"de","@id":"https:\/\/shop.bantam.ch\/de\/#\/schema\/logo\/image\/","url":"https:\/\/shop.bantam.ch\/wp-content\/uploads\/2022\/12\/bantam-logo.png","contentUrl":"https:\/\/shop.bantam.ch\/wp-content\/uploads\/2022\/12\/bantam-logo.png","width":320,"height":71,"caption":"Bantam"},"image":{"@id":"https:\/\/shop.bantam.ch\/de\/#\/schema\/logo\/image\/"}}]}},"_links":{"self":[{"href":"https:\/\/shop.bantam.ch\/de\/wp-json\/wp\/v2\/product\/96328","targetHints":{"allow":["GET"]}}],"collection":[{"href":"https:\/\/shop.bantam.ch\/de\/wp-json\/wp\/v2\/product"}],"about":[{"href":"https:\/\/shop.bantam.ch\/de\/wp-json\/wp\/v2\/types\/product"}],"wp:featuredmedia":[{"embeddable":true,"href":"https:\/\/shop.bantam.ch\/de\/wp-json\/wp\/v2\/media\/96318"}],"wp:attachment":[{"href":"https:\/\/shop.bantam.ch\/de\/wp-json\/wp\/v2\/media?parent=96328"}],"wp:term":[{"taxonomy":"product_featured_cat","embeddable":true,"href":"https:\/\/shop.bantam.ch\/de\/wp-json\/wp\/v2\/product_featured_cat?post=96328"},{"taxonomy":"product_brand","embeddable":true,"href":"https:\/\/shop.bantam.ch\/de\/wp-json\/wp\/v2\/product_brand?post=96328"},{"taxonomy":"product_cat","embeddable":true,"href":"https:\/\/shop.bantam.ch\/de\/wp-json\/wp\/v2\/product_cat?post=96328"},{"taxonomy":"product_tag","embeddable":true,"href":"https:\/\/shop.bantam.ch\/de\/wp-json\/wp\/v2\/product_tag?post=96328"}],"curies":[{"name":"wp","href":"https:\/\/api.w.org\/{rel}","templated":true}]}}