{"id":96220,"date":"2023-02-28T05:15:11","date_gmt":"2023-02-28T04:15:11","guid":{"rendered":"http:\/\/shop.bantam.ch\/produit\/rueckfahrkamera-cam360-ahd\/"},"modified":"2026-04-19T21:31:50","modified_gmt":"2026-04-19T19:31:50","slug":"rueckfahrkamera-cam360-ahd","status":"publish","type":"product","link":"https:\/\/shop.bantam.ch\/de\/produkt\/rueckfahrkamera-cam360-ahd\/","title":{"rendered":"R\u00fcckfahrkamera Dometic CAM360 AHD"},"content":{"rendered":"<p>Das neue Dometic System CAM 360 bietet Ihnen eine perfekte Rundumsicht. Sie k\u00f6nnen die Position des Fahrzeugs und die umliegenden Objekte einsehen, schwierige Einparkman\u00f6ver mit Leichtigkeit meistern und das Risiko von Beulen, Kratzern und Unf\u00e4llen minimieren. Vier Weitwinkel-Kameras &#8211; vorne, hinten, links und rechts installiert &#8211; erfassen Bilder vom Geschehen rund um Ihr Fahrzeug und \u00fcbertragen sie auf den Monitor in Ihrem Cockpit. Die Schaltbox als Kernkomponente dieser intelligenten L\u00f6sung managt alle Funktionen. Dank integriertem Videosplitter sind unterschiedliche Ansichten m\u00f6glich &#8211; Frontbereich, Seitenbereich, Heckbereich oder 360\u00b0 Rundumsicht. Mit der handlichen Fernbedienung k\u00f6nnen Sie ganz einfach die jeweils gew\u00fcnschte Ansicht aufrufen. Die entsprechende Kamera l\u00e4sst sich auch \u00fcber die Blinker oder \u00fcber den R\u00fcckw\u00e4rtsgang ansteuern.<\/p>\n<p>Eigenschaften und Funktionen:<\/p>\n<ul>\n<li>Frontkamera mit 180\u00b0 Weitwinkelobjektiv<\/li>\n<li>R\u00fcckfahrkamera mit 180\u00b0 Weitwinkelobjektiv<\/li>\n<li>Seitenkamera (rechts) mit 180\u00b0 Weitwinkelobjektiv<\/li>\n<li>Seitenkamera (links) mit 180\u00b0 Weitwinkelobjektiv<\/li>\n<li>Schaltbox mit Videosplitter<\/li>\n<li>einfaches Rangieren<\/li>\n<\/ul>\n<p>Lieferumfang:<br \/>inklusive Fernbedienung<\/p>\n","protected":false},"excerpt":{"rendered":"<p>Das neue Dometic System CAM 360 bietet Ihnen eine perfekte Rundumsicht. Sie k\u00f6nnen die Position des Fahrzeugs und die umliegenden Objekte einsehen, schwierige Einparkman\u00f6ver mit Leichtigkeit meistern und das Risiko von Beulen, Kratzern und Unf\u00e4llen minimieren. Vier Weitwinkel-Kameras &#8211; vorne, hinten, links und rechts installiert &#8211; erfassen Bilder vom Geschehen rund um Ihr Fahrzeug und [&hellip;]<\/p>\n","protected":false},"featured_media":96218,"template":"","meta":{"_acf_changed":false},"product_featured_cat":[],"product_brand":[3029],"product_cat":[5002],"product_tag":[],"class_list":{"0":"post-96220","1":"product","2":"type-product","3":"status-publish","4":"has-post-thumbnail","6":"product_brand-dometic-de","7":"product_cat-kameras","9":"first","10":"instock","11":"taxable","12":"shipping-taxable","13":"purchasable","14":"product-type-simple"},"acf":[],"yoast_head":"<!-- This site is optimized with the Yoast SEO plugin v27.4 - https:\/\/yoast.com\/product\/yoast-seo-wordpress\/ -->\n<title>R\u00fcckfahrkamera Dometic CAM360 AHD - Bantam Camping AG<\/title>\n<meta name=\"robots\" content=\"index, follow, max-snippet:-1, max-image-preview:large, max-video-preview:-1\" \/>\n<link rel=\"canonical\" href=\"https:\/\/shop.bantam.ch\/de\/produkt\/rueckfahrkamera-cam360-ahd\/\" \/>\n<meta property=\"og:locale\" content=\"de_DE\" \/>\n<meta property=\"og:type\" content=\"article\" \/>\n<meta property=\"og:title\" content=\"R\u00fcckfahrkamera Dometic CAM360 AHD - Bantam Camping AG\" \/>\n<meta property=\"og:description\" content=\"Das neue Dometic System CAM 360 bietet Ihnen eine perfekte Rundumsicht. Sie k\u00f6nnen die Position des Fahrzeugs und die umliegenden Objekte einsehen, schwierige Einparkman\u00f6ver mit Leichtigkeit meistern und das Risiko von Beulen, Kratzern und Unf\u00e4llen minimieren. Vier Weitwinkel-Kameras &#8211; vorne, hinten, links und rechts installiert &#8211; erfassen Bilder vom Geschehen rund um Ihr Fahrzeug und [&hellip;]\" \/>\n<meta property=\"og:url\" content=\"https:\/\/shop.bantam.ch\/de\/produkt\/rueckfahrkamera-cam360-ahd\/\" \/>\n<meta property=\"og:site_name\" content=\"Bantam Camping AG\" \/>\n<meta property=\"article:modified_time\" content=\"2026-04-19T19:31:50+00:00\" \/>\n<meta property=\"og:image\" content=\"https:\/\/shop.bantam.ch\/wp-content\/uploads\/2023\/02\/995353611.jpg\" \/>\n\t<meta property=\"og:image:width\" content=\"1000\" \/>\n\t<meta property=\"og:image:height\" content=\"1000\" \/>\n\t<meta property=\"og:image:type\" content=\"image\/jpeg\" \/>\n<meta name=\"twitter:card\" content=\"summary_large_image\" \/>\n<meta name=\"twitter:label1\" content=\"Gesch\u00e4tzte Lesezeit\" \/>\n\t<meta name=\"twitter:data1\" content=\"1\u00a0Minute\" \/>\n<script type=\"application\/ld+json\" class=\"yoast-schema-graph\">{\"@context\":\"https:\\\/\\\/schema.org\",\"@graph\":[{\"@type\":\"WebPage\",\"@id\":\"https:\\\/\\\/shop.bantam.ch\\\/de\\\/produkt\\\/rueckfahrkamera-cam360-ahd\\\/\",\"url\":\"https:\\\/\\\/shop.bantam.ch\\\/de\\\/produkt\\\/rueckfahrkamera-cam360-ahd\\\/\",\"name\":\"R\u00fcckfahrkamera Dometic CAM360 AHD - Bantam Camping AG\",\"isPartOf\":{\"@id\":\"https:\\\/\\\/shop.bantam.ch\\\/de\\\/#website\"},\"primaryImageOfPage\":{\"@id\":\"https:\\\/\\\/shop.bantam.ch\\\/de\\\/produkt\\\/rueckfahrkamera-cam360-ahd\\\/#primaryimage\"},\"image\":{\"@id\":\"https:\\\/\\\/shop.bantam.ch\\\/de\\\/produkt\\\/rueckfahrkamera-cam360-ahd\\\/#primaryimage\"},\"thumbnailUrl\":\"https:\\\/\\\/shop.bantam.ch\\\/wp-content\\\/uploads\\\/2023\\\/02\\\/995353611.jpg\",\"datePublished\":\"2023-02-28T04:15:11+00:00\",\"dateModified\":\"2026-04-19T19:31:50+00:00\",\"breadcrumb\":{\"@id\":\"https:\\\/\\\/shop.bantam.ch\\\/de\\\/produkt\\\/rueckfahrkamera-cam360-ahd\\\/#breadcrumb\"},\"inLanguage\":\"de\",\"potentialAction\":[{\"@type\":\"ReadAction\",\"target\":[\"https:\\\/\\\/shop.bantam.ch\\\/de\\\/produkt\\\/rueckfahrkamera-cam360-ahd\\\/\"]}]},{\"@type\":\"ImageObject\",\"inLanguage\":\"de\",\"@id\":\"https:\\\/\\\/shop.bantam.ch\\\/de\\\/produkt\\\/rueckfahrkamera-cam360-ahd\\\/#primaryimage\",\"url\":\"https:\\\/\\\/shop.bantam.ch\\\/wp-content\\\/uploads\\\/2023\\\/02\\\/995353611.jpg\",\"contentUrl\":\"https:\\\/\\\/shop.bantam.ch\\\/wp-content\\\/uploads\\\/2023\\\/02\\\/995353611.jpg\",\"width\":1000,\"height\":1000},{\"@type\":\"BreadcrumbList\",\"@id\":\"https:\\\/\\\/shop.bantam.ch\\\/de\\\/produkt\\\/rueckfahrkamera-cam360-ahd\\\/#breadcrumb\",\"itemListElement\":[{\"@type\":\"ListItem\",\"position\":1,\"name\":\"Accueil\",\"item\":\"https:\\\/\\\/shop.bantam.ch\\\/de\\\/\"},{\"@type\":\"ListItem\",\"position\":2,\"name\":\"Shop\",\"item\":\"https:\\\/\\\/shop.bantam.ch\\\/de\\\/shop\\\/\"},{\"@type\":\"ListItem\",\"position\":3,\"name\":\"R\u00fcckfahrkamera Dometic CAM360 AHD\"}]},{\"@type\":\"WebSite\",\"@id\":\"https:\\\/\\\/shop.bantam.ch\\\/de\\\/#website\",\"url\":\"https:\\\/\\\/shop.bantam.ch\\\/de\\\/\",\"name\":\"Bantam Camping AG\",\"description\":\"\",\"publisher\":{\"@id\":\"https:\\\/\\\/shop.bantam.ch\\\/de\\\/#organization\"},\"inLanguage\":\"de\"},{\"@type\":\"Organization\",\"@id\":\"https:\\\/\\\/shop.bantam.ch\\\/de\\\/#organization\",\"name\":\"Bantam Camping AG\",\"url\":\"https:\\\/\\\/shop.bantam.ch\\\/de\\\/\",\"logo\":{\"@type\":\"ImageObject\",\"inLanguage\":\"de\",\"@id\":\"https:\\\/\\\/shop.bantam.ch\\\/de\\\/#\\\/schema\\\/logo\\\/image\\\/\",\"url\":\"https:\\\/\\\/shop.bantam.ch\\\/wp-content\\\/uploads\\\/2022\\\/12\\\/bantam-logo.png\",\"contentUrl\":\"https:\\\/\\\/shop.bantam.ch\\\/wp-content\\\/uploads\\\/2022\\\/12\\\/bantam-logo.png\",\"width\":320,\"height\":71,\"caption\":\"Bantam Camping AG\"},\"image\":{\"@id\":\"https:\\\/\\\/shop.bantam.ch\\\/de\\\/#\\\/schema\\\/logo\\\/image\\\/\"}}]}<\/script>\n<!-- \/ Yoast SEO plugin. -->","yoast_head_json":{"title":"R\u00fcckfahrkamera Dometic CAM360 AHD - Bantam Camping AG","robots":{"index":"index","follow":"follow","max-snippet":"max-snippet:-1","max-image-preview":"max-image-preview:large","max-video-preview":"max-video-preview:-1"},"canonical":"https:\/\/shop.bantam.ch\/de\/produkt\/rueckfahrkamera-cam360-ahd\/","og_locale":"de_DE","og_type":"article","og_title":"R\u00fcckfahrkamera Dometic CAM360 AHD - Bantam Camping AG","og_description":"Das neue Dometic System CAM 360 bietet Ihnen eine perfekte Rundumsicht. Sie k\u00f6nnen die Position des Fahrzeugs und die umliegenden Objekte einsehen, schwierige Einparkman\u00f6ver mit Leichtigkeit meistern und das Risiko von Beulen, Kratzern und Unf\u00e4llen minimieren. Vier Weitwinkel-Kameras &#8211; vorne, hinten, links und rechts installiert &#8211; erfassen Bilder vom Geschehen rund um Ihr Fahrzeug und [&hellip;]","og_url":"https:\/\/shop.bantam.ch\/de\/produkt\/rueckfahrkamera-cam360-ahd\/","og_site_name":"Bantam Camping AG","article_modified_time":"2026-04-19T19:31:50+00:00","og_image":[{"width":1000,"height":1000,"url":"https:\/\/shop.bantam.ch\/wp-content\/uploads\/2023\/02\/995353611.jpg","type":"image\/jpeg"}],"twitter_card":"summary_large_image","twitter_misc":{"Gesch\u00e4tzte Lesezeit":"1\u00a0Minute"},"schema":{"@context":"https:\/\/schema.org","@graph":[{"@type":"WebPage","@id":"https:\/\/shop.bantam.ch\/de\/produkt\/rueckfahrkamera-cam360-ahd\/","url":"https:\/\/shop.bantam.ch\/de\/produkt\/rueckfahrkamera-cam360-ahd\/","name":"R\u00fcckfahrkamera Dometic CAM360 AHD - Bantam Camping AG","isPartOf":{"@id":"https:\/\/shop.bantam.ch\/de\/#website"},"primaryImageOfPage":{"@id":"https:\/\/shop.bantam.ch\/de\/produkt\/rueckfahrkamera-cam360-ahd\/#primaryimage"},"image":{"@id":"https:\/\/shop.bantam.ch\/de\/produkt\/rueckfahrkamera-cam360-ahd\/#primaryimage"},"thumbnailUrl":"https:\/\/shop.bantam.ch\/wp-content\/uploads\/2023\/02\/995353611.jpg","datePublished":"2023-02-28T04:15:11+00:00","dateModified":"2026-04-19T19:31:50+00:00","breadcrumb":{"@id":"https:\/\/shop.bantam.ch\/de\/produkt\/rueckfahrkamera-cam360-ahd\/#breadcrumb"},"inLanguage":"de","potentialAction":[{"@type":"ReadAction","target":["https:\/\/shop.bantam.ch\/de\/produkt\/rueckfahrkamera-cam360-ahd\/"]}]},{"@type":"ImageObject","inLanguage":"de","@id":"https:\/\/shop.bantam.ch\/de\/produkt\/rueckfahrkamera-cam360-ahd\/#primaryimage","url":"https:\/\/shop.bantam.ch\/wp-content\/uploads\/2023\/02\/995353611.jpg","contentUrl":"https:\/\/shop.bantam.ch\/wp-content\/uploads\/2023\/02\/995353611.jpg","width":1000,"height":1000},{"@type":"BreadcrumbList","@id":"https:\/\/shop.bantam.ch\/de\/produkt\/rueckfahrkamera-cam360-ahd\/#breadcrumb","itemListElement":[{"@type":"ListItem","position":1,"name":"Accueil","item":"https:\/\/shop.bantam.ch\/de\/"},{"@type":"ListItem","position":2,"name":"Shop","item":"https:\/\/shop.bantam.ch\/de\/shop\/"},{"@type":"ListItem","position":3,"name":"R\u00fcckfahrkamera Dometic CAM360 AHD"}]},{"@type":"WebSite","@id":"https:\/\/shop.bantam.ch\/de\/#website","url":"https:\/\/shop.bantam.ch\/de\/","name":"Bantam Camping AG","description":"","publisher":{"@id":"https:\/\/shop.bantam.ch\/de\/#organization"},"inLanguage":"de"},{"@type":"Organization","@id":"https:\/\/shop.bantam.ch\/de\/#organization","name":"Bantam Camping AG","url":"https:\/\/shop.bantam.ch\/de\/","logo":{"@type":"ImageObject","inLanguage":"de","@id":"https:\/\/shop.bantam.ch\/de\/#\/schema\/logo\/image\/","url":"https:\/\/shop.bantam.ch\/wp-content\/uploads\/2022\/12\/bantam-logo.png","contentUrl":"https:\/\/shop.bantam.ch\/wp-content\/uploads\/2022\/12\/bantam-logo.png","width":320,"height":71,"caption":"Bantam Camping AG"},"image":{"@id":"https:\/\/shop.bantam.ch\/de\/#\/schema\/logo\/image\/"}}]}},"_links":{"self":[{"href":"https:\/\/shop.bantam.ch\/de\/wp-json\/wp\/v2\/product\/96220","targetHints":{"allow":["GET"]}}],"collection":[{"href":"https:\/\/shop.bantam.ch\/de\/wp-json\/wp\/v2\/product"}],"about":[{"href":"https:\/\/shop.bantam.ch\/de\/wp-json\/wp\/v2\/types\/product"}],"wp:featuredmedia":[{"embeddable":true,"href":"https:\/\/shop.bantam.ch\/de\/wp-json\/wp\/v2\/media\/96218"}],"wp:attachment":[{"href":"https:\/\/shop.bantam.ch\/de\/wp-json\/wp\/v2\/media?parent=96220"}],"wp:term":[{"taxonomy":"product_featured_cat","embeddable":true,"href":"https:\/\/shop.bantam.ch\/de\/wp-json\/wp\/v2\/product_featured_cat?post=96220"},{"taxonomy":"product_brand","embeddable":true,"href":"https:\/\/shop.bantam.ch\/de\/wp-json\/wp\/v2\/product_brand?post=96220"},{"taxonomy":"product_cat","embeddable":true,"href":"https:\/\/shop.bantam.ch\/de\/wp-json\/wp\/v2\/product_cat?post=96220"},{"taxonomy":"product_tag","embeddable":true,"href":"https:\/\/shop.bantam.ch\/de\/wp-json\/wp\/v2\/product_tag?post=96220"}],"curies":[{"name":"wp","href":"https:\/\/api.w.org\/{rel}","templated":true}]}}