{"id":96216,"date":"2023-02-28T05:15:05","date_gmt":"2023-02-28T04:15:05","guid":{"rendered":"http:\/\/shop.bantam.ch\/produit\/fahrradtraeger-rueckfahrkamera-cam200\/"},"modified":"2026-04-18T21:30:27","modified_gmt":"2026-04-18T19:30:27","slug":"fahrradtraeger-rueckfahrkamera-cam200","status":"publish","type":"product","link":"https:\/\/shop.bantam.ch\/de\/produkt\/fahrradtraeger-rueckfahrkamera-cam200\/","title":{"rendered":"Fahrradtr\u00e4ger-R\u00fcckfahrkamera CAM200"},"content":{"rendered":"<p>Ab sofort genie\u00dfen Sie eine ungehinderte Sicht nach hinten, selbst wenn Ihre Fahrr\u00e4der auf der R\u00fcckseite Ihres Wohnmobil mit an Bord sind. Unsere Fahrradtr\u00e4gerkamera schenkt Ihnen ein zus\u00e4tzliches Augenpaar f\u00fcr routiniertes und sicheres R\u00fcckw\u00e4rtsfahren.<\/p>\n<p>Eigenschaften und Funktionen:<\/p>\n<ul>\n<li>Ungehinderte Sicht nach hinten &#8211; vermeidet Unf\u00e4lle und sch\u00fctzt obendrein Ihre Fahrr\u00e4der<\/li>\n<li>Zwei Kameramodule &#8211; separat auf den bestm\u00f6glichen Blickwinkel einstellbar <\/li>\n<li>Abnehmbares Systemkabel erm\u00f6glicht einen einfachen Abbau des Fahrradtr\u00e4gers<\/li>\n<li>Automatisches Hin und Herschalten zwischen den beiden Kameras<\/li>\n<li>Staub- und wasserdicht nach IP69K<\/li>\n<li>Betriebstemperatur: &#8211; 30 \u00b0C bis + 70 \u00b0C<\/li>\n<li>Lichtempfindlichkeit: 0,1 Lux<\/li>\n<li>Bildsensor: 1\/4 &#8220; CMOS<\/li>\n<\/ul>\n","protected":false},"excerpt":{"rendered":"<p>Ab sofort genie\u00dfen Sie eine ungehinderte Sicht nach hinten, selbst wenn Ihre Fahrr\u00e4der auf der R\u00fcckseite Ihres Wohnmobil mit an Bord sind. Unsere Fahrradtr\u00e4gerkamera schenkt Ihnen ein zus\u00e4tzliches Augenpaar f\u00fcr routiniertes und sicheres R\u00fcckw\u00e4rtsfahren. Eigenschaften und Funktionen: Ungehinderte Sicht nach hinten &#8211; vermeidet Unf\u00e4lle und sch\u00fctzt obendrein Ihre Fahrr\u00e4der Zwei Kameramodule &#8211; separat auf den [&hellip;]<\/p>\n","protected":false},"featured_media":96214,"template":"","meta":{"_acf_changed":false},"product_featured_cat":[],"product_brand":[3029],"product_cat":[4516],"product_tag":[],"class_list":{"0":"post-96216","1":"product","2":"type-product","3":"status-publish","4":"has-post-thumbnail","6":"product_brand-dometic-de","7":"product_cat-rueckfahrkameras","9":"first","10":"instock","11":"taxable","12":"shipping-taxable","13":"purchasable","14":"product-type-simple"},"acf":[],"yoast_head":"<!-- This site is optimized with the Yoast SEO plugin v27.4 - https:\/\/yoast.com\/product\/yoast-seo-wordpress\/ -->\n<title>Fahrradtr\u00e4ger-R\u00fcckfahrkamera CAM200 - Bantam Camping AG<\/title>\n<meta name=\"robots\" content=\"index, follow, max-snippet:-1, max-image-preview:large, max-video-preview:-1\" \/>\n<link rel=\"canonical\" href=\"https:\/\/shop.bantam.ch\/de\/produkt\/fahrradtraeger-rueckfahrkamera-cam200\/\" \/>\n<meta property=\"og:locale\" content=\"de_DE\" \/>\n<meta property=\"og:type\" content=\"article\" \/>\n<meta property=\"og:title\" content=\"Fahrradtr\u00e4ger-R\u00fcckfahrkamera CAM200 - Bantam Camping AG\" \/>\n<meta property=\"og:description\" content=\"Ab sofort genie\u00dfen Sie eine ungehinderte Sicht nach hinten, selbst wenn Ihre Fahrr\u00e4der auf der R\u00fcckseite Ihres Wohnmobil mit an Bord sind. Unsere Fahrradtr\u00e4gerkamera schenkt Ihnen ein zus\u00e4tzliches Augenpaar f\u00fcr routiniertes und sicheres R\u00fcckw\u00e4rtsfahren. Eigenschaften und Funktionen: Ungehinderte Sicht nach hinten &#8211; vermeidet Unf\u00e4lle und sch\u00fctzt obendrein Ihre Fahrr\u00e4der Zwei Kameramodule &#8211; separat auf den [&hellip;]\" \/>\n<meta property=\"og:url\" content=\"https:\/\/shop.bantam.ch\/de\/produkt\/fahrradtraeger-rueckfahrkamera-cam200\/\" \/>\n<meta property=\"og:site_name\" content=\"Bantam Camping AG\" \/>\n<meta property=\"article:modified_time\" content=\"2026-04-18T19:30:27+00:00\" \/>\n<meta property=\"og:image\" content=\"https:\/\/shop.bantam.ch\/wp-content\/uploads\/2023\/02\/995651011EhJx92Xy2g92A.jpg\" \/>\n\t<meta property=\"og:image:width\" content=\"1000\" \/>\n\t<meta property=\"og:image:height\" content=\"1000\" \/>\n\t<meta property=\"og:image:type\" content=\"image\/jpeg\" \/>\n<meta name=\"twitter:card\" content=\"summary_large_image\" \/>\n<script type=\"application\/ld+json\" class=\"yoast-schema-graph\">{\"@context\":\"https:\\\/\\\/schema.org\",\"@graph\":[{\"@type\":\"WebPage\",\"@id\":\"https:\\\/\\\/shop.bantam.ch\\\/de\\\/produkt\\\/fahrradtraeger-rueckfahrkamera-cam200\\\/\",\"url\":\"https:\\\/\\\/shop.bantam.ch\\\/de\\\/produkt\\\/fahrradtraeger-rueckfahrkamera-cam200\\\/\",\"name\":\"Fahrradtr\u00e4ger-R\u00fcckfahrkamera CAM200 - Bantam Camping AG\",\"isPartOf\":{\"@id\":\"https:\\\/\\\/shop.bantam.ch\\\/de\\\/#website\"},\"primaryImageOfPage\":{\"@id\":\"https:\\\/\\\/shop.bantam.ch\\\/de\\\/produkt\\\/fahrradtraeger-rueckfahrkamera-cam200\\\/#primaryimage\"},\"image\":{\"@id\":\"https:\\\/\\\/shop.bantam.ch\\\/de\\\/produkt\\\/fahrradtraeger-rueckfahrkamera-cam200\\\/#primaryimage\"},\"thumbnailUrl\":\"https:\\\/\\\/shop.bantam.ch\\\/wp-content\\\/uploads\\\/2023\\\/02\\\/995651011EhJx92Xy2g92A.jpg\",\"datePublished\":\"2023-02-28T04:15:05+00:00\",\"dateModified\":\"2026-04-18T19:30:27+00:00\",\"breadcrumb\":{\"@id\":\"https:\\\/\\\/shop.bantam.ch\\\/de\\\/produkt\\\/fahrradtraeger-rueckfahrkamera-cam200\\\/#breadcrumb\"},\"inLanguage\":\"de\",\"potentialAction\":[{\"@type\":\"ReadAction\",\"target\":[\"https:\\\/\\\/shop.bantam.ch\\\/de\\\/produkt\\\/fahrradtraeger-rueckfahrkamera-cam200\\\/\"]}]},{\"@type\":\"ImageObject\",\"inLanguage\":\"de\",\"@id\":\"https:\\\/\\\/shop.bantam.ch\\\/de\\\/produkt\\\/fahrradtraeger-rueckfahrkamera-cam200\\\/#primaryimage\",\"url\":\"https:\\\/\\\/shop.bantam.ch\\\/wp-content\\\/uploads\\\/2023\\\/02\\\/995651011EhJx92Xy2g92A.jpg\",\"contentUrl\":\"https:\\\/\\\/shop.bantam.ch\\\/wp-content\\\/uploads\\\/2023\\\/02\\\/995651011EhJx92Xy2g92A.jpg\",\"width\":1000,\"height\":1000},{\"@type\":\"BreadcrumbList\",\"@id\":\"https:\\\/\\\/shop.bantam.ch\\\/de\\\/produkt\\\/fahrradtraeger-rueckfahrkamera-cam200\\\/#breadcrumb\",\"itemListElement\":[{\"@type\":\"ListItem\",\"position\":1,\"name\":\"Accueil\",\"item\":\"https:\\\/\\\/shop.bantam.ch\\\/de\\\/\"},{\"@type\":\"ListItem\",\"position\":2,\"name\":\"Shop\",\"item\":\"https:\\\/\\\/shop.bantam.ch\\\/de\\\/shop\\\/\"},{\"@type\":\"ListItem\",\"position\":3,\"name\":\"Fahrradtr\u00e4ger-R\u00fcckfahrkamera CAM200\"}]},{\"@type\":\"WebSite\",\"@id\":\"https:\\\/\\\/shop.bantam.ch\\\/de\\\/#website\",\"url\":\"https:\\\/\\\/shop.bantam.ch\\\/de\\\/\",\"name\":\"Bantam Camping AG\",\"description\":\"\",\"publisher\":{\"@id\":\"https:\\\/\\\/shop.bantam.ch\\\/de\\\/#organization\"},\"inLanguage\":\"de\"},{\"@type\":\"Organization\",\"@id\":\"https:\\\/\\\/shop.bantam.ch\\\/de\\\/#organization\",\"name\":\"Bantam Camping AG\",\"url\":\"https:\\\/\\\/shop.bantam.ch\\\/de\\\/\",\"logo\":{\"@type\":\"ImageObject\",\"inLanguage\":\"de\",\"@id\":\"https:\\\/\\\/shop.bantam.ch\\\/de\\\/#\\\/schema\\\/logo\\\/image\\\/\",\"url\":\"https:\\\/\\\/shop.bantam.ch\\\/wp-content\\\/uploads\\\/2022\\\/12\\\/bantam-logo.png\",\"contentUrl\":\"https:\\\/\\\/shop.bantam.ch\\\/wp-content\\\/uploads\\\/2022\\\/12\\\/bantam-logo.png\",\"width\":320,\"height\":71,\"caption\":\"Bantam Camping AG\"},\"image\":{\"@id\":\"https:\\\/\\\/shop.bantam.ch\\\/de\\\/#\\\/schema\\\/logo\\\/image\\\/\"}}]}<\/script>\n<!-- \/ Yoast SEO plugin. -->","yoast_head_json":{"title":"Fahrradtr\u00e4ger-R\u00fcckfahrkamera CAM200 - Bantam Camping AG","robots":{"index":"index","follow":"follow","max-snippet":"max-snippet:-1","max-image-preview":"max-image-preview:large","max-video-preview":"max-video-preview:-1"},"canonical":"https:\/\/shop.bantam.ch\/de\/produkt\/fahrradtraeger-rueckfahrkamera-cam200\/","og_locale":"de_DE","og_type":"article","og_title":"Fahrradtr\u00e4ger-R\u00fcckfahrkamera CAM200 - Bantam Camping AG","og_description":"Ab sofort genie\u00dfen Sie eine ungehinderte Sicht nach hinten, selbst wenn Ihre Fahrr\u00e4der auf der R\u00fcckseite Ihres Wohnmobil mit an Bord sind. Unsere Fahrradtr\u00e4gerkamera schenkt Ihnen ein zus\u00e4tzliches Augenpaar f\u00fcr routiniertes und sicheres R\u00fcckw\u00e4rtsfahren. Eigenschaften und Funktionen: Ungehinderte Sicht nach hinten &#8211; vermeidet Unf\u00e4lle und sch\u00fctzt obendrein Ihre Fahrr\u00e4der Zwei Kameramodule &#8211; separat auf den [&hellip;]","og_url":"https:\/\/shop.bantam.ch\/de\/produkt\/fahrradtraeger-rueckfahrkamera-cam200\/","og_site_name":"Bantam Camping AG","article_modified_time":"2026-04-18T19:30:27+00:00","og_image":[{"width":1000,"height":1000,"url":"https:\/\/shop.bantam.ch\/wp-content\/uploads\/2023\/02\/995651011EhJx92Xy2g92A.jpg","type":"image\/jpeg"}],"twitter_card":"summary_large_image","schema":{"@context":"https:\/\/schema.org","@graph":[{"@type":"WebPage","@id":"https:\/\/shop.bantam.ch\/de\/produkt\/fahrradtraeger-rueckfahrkamera-cam200\/","url":"https:\/\/shop.bantam.ch\/de\/produkt\/fahrradtraeger-rueckfahrkamera-cam200\/","name":"Fahrradtr\u00e4ger-R\u00fcckfahrkamera CAM200 - Bantam Camping AG","isPartOf":{"@id":"https:\/\/shop.bantam.ch\/de\/#website"},"primaryImageOfPage":{"@id":"https:\/\/shop.bantam.ch\/de\/produkt\/fahrradtraeger-rueckfahrkamera-cam200\/#primaryimage"},"image":{"@id":"https:\/\/shop.bantam.ch\/de\/produkt\/fahrradtraeger-rueckfahrkamera-cam200\/#primaryimage"},"thumbnailUrl":"https:\/\/shop.bantam.ch\/wp-content\/uploads\/2023\/02\/995651011EhJx92Xy2g92A.jpg","datePublished":"2023-02-28T04:15:05+00:00","dateModified":"2026-04-18T19:30:27+00:00","breadcrumb":{"@id":"https:\/\/shop.bantam.ch\/de\/produkt\/fahrradtraeger-rueckfahrkamera-cam200\/#breadcrumb"},"inLanguage":"de","potentialAction":[{"@type":"ReadAction","target":["https:\/\/shop.bantam.ch\/de\/produkt\/fahrradtraeger-rueckfahrkamera-cam200\/"]}]},{"@type":"ImageObject","inLanguage":"de","@id":"https:\/\/shop.bantam.ch\/de\/produkt\/fahrradtraeger-rueckfahrkamera-cam200\/#primaryimage","url":"https:\/\/shop.bantam.ch\/wp-content\/uploads\/2023\/02\/995651011EhJx92Xy2g92A.jpg","contentUrl":"https:\/\/shop.bantam.ch\/wp-content\/uploads\/2023\/02\/995651011EhJx92Xy2g92A.jpg","width":1000,"height":1000},{"@type":"BreadcrumbList","@id":"https:\/\/shop.bantam.ch\/de\/produkt\/fahrradtraeger-rueckfahrkamera-cam200\/#breadcrumb","itemListElement":[{"@type":"ListItem","position":1,"name":"Accueil","item":"https:\/\/shop.bantam.ch\/de\/"},{"@type":"ListItem","position":2,"name":"Shop","item":"https:\/\/shop.bantam.ch\/de\/shop\/"},{"@type":"ListItem","position":3,"name":"Fahrradtr\u00e4ger-R\u00fcckfahrkamera CAM200"}]},{"@type":"WebSite","@id":"https:\/\/shop.bantam.ch\/de\/#website","url":"https:\/\/shop.bantam.ch\/de\/","name":"Bantam Camping AG","description":"","publisher":{"@id":"https:\/\/shop.bantam.ch\/de\/#organization"},"inLanguage":"de"},{"@type":"Organization","@id":"https:\/\/shop.bantam.ch\/de\/#organization","name":"Bantam Camping AG","url":"https:\/\/shop.bantam.ch\/de\/","logo":{"@type":"ImageObject","inLanguage":"de","@id":"https:\/\/shop.bantam.ch\/de\/#\/schema\/logo\/image\/","url":"https:\/\/shop.bantam.ch\/wp-content\/uploads\/2022\/12\/bantam-logo.png","contentUrl":"https:\/\/shop.bantam.ch\/wp-content\/uploads\/2022\/12\/bantam-logo.png","width":320,"height":71,"caption":"Bantam Camping AG"},"image":{"@id":"https:\/\/shop.bantam.ch\/de\/#\/schema\/logo\/image\/"}}]}},"_links":{"self":[{"href":"https:\/\/shop.bantam.ch\/de\/wp-json\/wp\/v2\/product\/96216","targetHints":{"allow":["GET"]}}],"collection":[{"href":"https:\/\/shop.bantam.ch\/de\/wp-json\/wp\/v2\/product"}],"about":[{"href":"https:\/\/shop.bantam.ch\/de\/wp-json\/wp\/v2\/types\/product"}],"wp:featuredmedia":[{"embeddable":true,"href":"https:\/\/shop.bantam.ch\/de\/wp-json\/wp\/v2\/media\/96214"}],"wp:attachment":[{"href":"https:\/\/shop.bantam.ch\/de\/wp-json\/wp\/v2\/media?parent=96216"}],"wp:term":[{"taxonomy":"product_featured_cat","embeddable":true,"href":"https:\/\/shop.bantam.ch\/de\/wp-json\/wp\/v2\/product_featured_cat?post=96216"},{"taxonomy":"product_brand","embeddable":true,"href":"https:\/\/shop.bantam.ch\/de\/wp-json\/wp\/v2\/product_brand?post=96216"},{"taxonomy":"product_cat","embeddable":true,"href":"https:\/\/shop.bantam.ch\/de\/wp-json\/wp\/v2\/product_cat?post=96216"},{"taxonomy":"product_tag","embeddable":true,"href":"https:\/\/shop.bantam.ch\/de\/wp-json\/wp\/v2\/product_tag?post=96216"}],"curies":[{"name":"wp","href":"https:\/\/api.w.org\/{rel}","templated":true}]}}